{"id":251367,"date":"2021-11-05T17:56:14","date_gmt":"2021-11-05T16:56:14","guid":{"rendered":"https:\/\/www.vetorino.com\/boutique\/product\/canine-i-d-low-fat-mijotes-poulet-le-boite\/"},"modified":"2026-03-02T02:42:09","modified_gmt":"2026-03-02T01:42:09","slug":"canine-i-d-low-fat-mijotes-poulet-le-boite","status":"publish","type":"product","link":"https:\/\/www.vetorino.com\/veterinaire\/saintebazeille-47180\/boutique\/product\/canine-i-d-low-fat-mijotes-poulet-le-boite\/","title":{"rendered":"Chien i\/d Low Fat Activ Biome+ Mijot\u00e9s Poulet &amp; L\u00e9gumes"},"content":{"rendered":"<p><strong>Aliment v\u00e9t\u00e9rinaire mijot\u00e9\u00a0au go\u00fbt de poulet et de l\u00e9gumes pour chiens ayant des troubles digestifs.<\/strong><\/p>\n<p>Prescription Diet\u2122 Canine i\/d\u2122 Low Fat Activ Biome + Mijot\u00e9s est un aliment di\u00e9t\u00e9tique complet destin\u00e9 \u00e0 r\u00e9duire les troubles aigus d&#8217;absorption intestinale et \u00e0 compenser la maldigestion et l\u2019insuffisance pancr\u00e9atique exocrine chez le chien adulte. Cet aliment di\u00e9t\u00e9tique pr\u00e9sente un niveau \u00e9lev\u00e9 d&#8217;\u00e9lectrolytes, des ingr\u00e9dients hautement digestibles et une faible teneur en graisses.<\/p>\n<p><strong>Utilisation :<\/strong><\/p>\n<ul>\n<li>Affections gastro-intestinales n\u00e9cessitant un aliment \u00e0 faible teneur en mati\u00e8res grasses<\/li>\n<\/ul>\n<p><strong>Bienfaits essentiels :<\/strong><\/p>\n<ul>\n<li>Aide \u00e0 prendre en charge les affections chroniques li\u00e9es aux graisses ; Choix optimal pour les chiens tirant b\u00e9n\u00e9fice d\u2019une\u00a0<strong>alimentation \u00e0 teneur r\u00e9duite en mati\u00e8res grasses<\/strong>\u00a0; Minimise la stimulation du pancr\u00e9as ; R\u00e9duit les risques de r\u00e9cidive de pancr\u00e9atite<\/li>\n<li>Aide \u00e0 briser le\u00a0<strong>cycle de l&#8217;inflammation<\/strong><\/li>\n<li>Nourrit rapidement le\u00a0<strong>microbiome intestinal<\/strong>\u00a0pour soutenir la sant\u00e9 digestive et le bien-\u00eatre en g\u00e9n\u00e9ral<\/li>\n<li>Aide \u00e0 soutenir une\u00a0<strong>digestion saine<\/strong>\u00a0et une\u00a0<strong>assimilation facilit\u00e9e des nutriments<\/strong><\/li>\n<li>Aide \u00e0 prot\u00e9ger les cellules contre l&#8217;oxydation des radicaux libres pour favoriser un syst\u00e8me immunitaire sain<\/li>\n<li>R\u00e9duit le risque de formation de calculs urinaires<\/li>\n<\/ul>\n<p><strong>Contre-indications :<\/strong><\/p>\n<ul>\n<li>Chiots, femelles en gestation ou lactation<\/li>\n<\/ul>\n<p><strong>Cet aliment est\u00a0destin\u00e9 \u00e0 la prise en charge d&#8217;une maladie, il est conseill\u00e9 de consulter votre v\u00e9t\u00e9rinaire avant\u00a0de le donner \u00e0 votre animal.<\/strong><\/p>\n","protected":false},"excerpt":{"rendered":"<p><strong>Aliment v\u00e9t\u00e9rinaire mijot\u00e9\u00a0au go\u00fbt de poulet et de l\u00e9gumes pour chiens ayant des troubles digestifs.<\/strong><\/p>\n<p><strong>Utilisation :<\/strong><\/p>\n<ul>\n<li>Affections gastro-intestinales n\u00e9cessitant un aliment \u00e0 faible teneur en mati\u00e8res grasses<\/li>\n<\/ul>\n<p><strong>Cet aliment est\u00a0destin\u00e9 \u00e0 la prise en charge d&#8217;une maladie, il est conseill\u00e9 de consulter votre v\u00e9t\u00e9rinaire avant\u00a0de le donner \u00e0 votre animal.<\/strong><\/p>\n","protected":false},"featured_media":294776,"template":"","meta":[],"product_cat":[12552,12582,12636],"product_tag":[],"class_list":{"0":"post-251367","1":"product","2":"type-product","3":"status-publish","4":"has-post-thumbnail","6":"product_cat-alimentation-du-chien","7":"product_cat-alimentation-medicalisee-pour-chien","8":"product_cat-systeme-digestif-du-chien","9":"pa_marque-hills-pet-nutrition","11":"first","12":"instock","13":"taxable","14":"shipping-taxable","15":"purchasable","16":"product-type-simple"},"yoast_head":"<!-- This site is optimized with the Yoast SEO plugin v27.3 - https:\/\/yoast.com\/product\/yoast-seo-wordpress\/ -->\n<title>Prescription Diet (Hill&#039;s) Chien i\/d Low Fat Activ Biome+ Mijot\u00e9s Poulet &amp; L\u00e9gumes Hill&#039;s - V\u00e9torino<\/title>\n<meta name=\"description\" content=\"Aliment v\u00e9t\u00e9rinaire mijot\u00e9\u00a0au go\u00fbt de poulet et de l\u00e9gumes pour chiens ayant des troubles digestifs.  Utilisation :   Affections gastro-intestinales n\u00e9cessitant un aliment \u00e0 faible teneur en mati\u00e8res grasses  Cet aliment est\u00a0destin\u00e9 \u00e0 la prise en charge d&#039;une maladie, il est conseill\u00e9 de consulter votre v\u00e9t\u00e9rinaire avant\u00a0de le donner \u00e0 votre animal.\" \/>\n<meta name=\"robots\" content=\"noindex, nofollow\" \/>\n<meta property=\"og:locale\" content=\"fr_FR\" \/>\n<meta property=\"og:type\" content=\"article\" \/>\n<meta property=\"og:title\" content=\"Prescription Diet (Hill&#039;s) Chien i\/d Low Fat Activ Biome+ Mijot\u00e9s Poulet &amp; L\u00e9gumes Hill&#039;s - V\u00e9torino\" \/>\n<meta property=\"og:description\" content=\"Aliment v\u00e9t\u00e9rinaire mijot\u00e9\u00a0au go\u00fbt de poulet et de l\u00e9gumes pour chiens ayant des troubles digestifs.  Utilisation :   Affections gastro-intestinales n\u00e9cessitant un aliment \u00e0 faible teneur en mati\u00e8res grasses  Cet aliment est\u00a0destin\u00e9 \u00e0 la prise en charge d&#039;une maladie, il est conseill\u00e9 de consulter votre v\u00e9t\u00e9rinaire avant\u00a0de le donner \u00e0 votre animal.\" \/>\n<meta property=\"og:url\" content=\"https:\/\/www.vetorino.com\/veterinaire\/saintebazeille-47180\/boutique\/product\/canine-i-d-low-fat-mijotes-poulet-le-boite\/\" \/>\n<meta property=\"og:site_name\" content=\"V\u00e9torino\" \/>\n<meta property=\"article:publisher\" content=\"https:\/\/www.facebook.com\/Vetorino\/\" \/>\n<meta property=\"article:modified_time\" content=\"2026-03-02T01:42:09+00:00\" \/>\n<meta property=\"og:image\" content=\"https:\/\/www.vetorino.com\/boutique\/wp-content\/uploads\/2021\/11\/52742039268_1-prescription-diet-chien-adulte-id-lowfat-boite-poulet.jpg\" \/>\n\t<meta property=\"og:image:width\" content=\"2000\" \/>\n\t<meta property=\"og:image:height\" content=\"2000\" \/>\n\t<meta property=\"og:image:type\" content=\"image\/jpeg\" \/>\n<meta name=\"twitter:card\" content=\"summary_large_image\" \/>\n<meta name=\"twitter:label1\" content=\"Prix\" \/>\n\t<meta name=\"twitter:data1\" content=\"78,06&euro;\" \/>\n\t<meta name=\"twitter:label2\" content=\"Disponibilit\u00e9\" \/>\n\t<meta name=\"twitter:data2\" content=\"En stock\" \/>\n<script type=\"application\/ld+json\" class=\"yoast-schema-graph\">{\"@context\":\"https:\\\/\\\/schema.org\",\"@graph\":[{\"@type\":\"WebPage\",\"@id\":\"https:\\\/\\\/www.vetorino.com\\\/veterinaire\\\/briancon-05100\\\/boutique\\\/product\\\/canine-i-d-low-fat-mijotes-poulet-le-boite\\\/\",\"url\":\"https:\\\/\\\/www.vetorino.com\\\/veterinaire\\\/briancon-05100\\\/boutique\\\/product\\\/canine-i-d-low-fat-mijotes-poulet-le-boite\\\/\",\"name\":\"Prescription Diet (Hill's) Chien i\\\/d Low Fat Activ Biome+ Mijot\u00e9s Poulet &amp; L\u00e9gumes Hill's - V\u00e9torino\",\"isPartOf\":{\"@id\":\"https:\\\/\\\/www.vetorino.com\\\/boutique\\\/#website\"},\"primaryImageOfPage\":{\"@id\":\"https:\\\/\\\/www.vetorino.com\\\/veterinaire\\\/briancon-05100\\\/boutique\\\/product\\\/canine-i-d-low-fat-mijotes-poulet-le-boite\\\/#primaryimage\"},\"image\":{\"@id\":\"https:\\\/\\\/www.vetorino.com\\\/veterinaire\\\/briancon-05100\\\/boutique\\\/product\\\/canine-i-d-low-fat-mijotes-poulet-le-boite\\\/#primaryimage\"},\"thumbnailUrl\":\"https:\\\/\\\/www.vetorino.com\\\/boutique\\\/wp-content\\\/uploads\\\/2021\\\/11\\\/52742039268_1-prescription-diet-chien-adulte-id-lowfat-boite-poulet.jpg\",\"datePublished\":\"2021-11-05T16:56:14+00:00\",\"dateModified\":\"2026-03-02T01:42:09+00:00\",\"description\":\"Aliment v\u00e9t\u00e9rinaire mijot\u00e9\u00a0au go\u00fbt de poulet et de l\u00e9gumes pour chiens ayant des troubles digestifs. Utilisation : Affections gastro-intestinales n\u00e9cessitant un aliment \u00e0 faible teneur en mati\u00e8res grasses Cet aliment est\u00a0destin\u00e9 \u00e0 la prise en charge d'une maladie, il est conseill\u00e9 de consulter votre v\u00e9t\u00e9rinaire avant\u00a0de le donner \u00e0 votre animal.\",\"breadcrumb\":{\"@id\":\"https:\\\/\\\/www.vetorino.com\\\/veterinaire\\\/briancon-05100\\\/boutique\\\/product\\\/canine-i-d-low-fat-mijotes-poulet-le-boite\\\/#breadcrumb\"},\"inLanguage\":\"fr-FR\",\"potentialAction\":[{\"@type\":\"ReadAction\",\"target\":[\"https:\\\/\\\/www.vetorino.com\\\/veterinaire\\\/briancon-05100\\\/boutique\\\/product\\\/canine-i-d-low-fat-mijotes-poulet-le-boite\\\/\"]}]},{\"@type\":\"ImageObject\",\"inLanguage\":\"fr-FR\",\"@id\":\"https:\\\/\\\/www.vetorino.com\\\/veterinaire\\\/briancon-05100\\\/boutique\\\/product\\\/canine-i-d-low-fat-mijotes-poulet-le-boite\\\/#primaryimage\",\"url\":\"https:\\\/\\\/www.vetorino.com\\\/boutique\\\/wp-content\\\/uploads\\\/2021\\\/11\\\/52742039268_1-prescription-diet-chien-adulte-id-lowfat-boite-poulet.jpg\",\"contentUrl\":\"https:\\\/\\\/www.vetorino.com\\\/boutique\\\/wp-content\\\/uploads\\\/2021\\\/11\\\/52742039268_1-prescription-diet-chien-adulte-id-lowfat-boite-poulet.jpg\",\"width\":2000,\"height\":2000,\"caption\":\"i\\\/d Low Fat Digestive Mijot\u00e9s pour Chien Poulet et L\u00e9gumes\"},{\"@type\":\"BreadcrumbList\",\"@id\":\"https:\\\/\\\/www.vetorino.com\\\/veterinaire\\\/briancon-05100\\\/boutique\\\/product\\\/canine-i-d-low-fat-mijotes-poulet-le-boite\\\/#breadcrumb\",\"itemListElement\":[{\"@type\":\"ListItem\",\"position\":1,\"name\":\"Accueil\",\"item\":\"https:\\\/\\\/www.vetorino.com\\\/boutique\\\/\"},{\"@type\":\"ListItem\",\"position\":2,\"name\":\"Produits\",\"item\":\"https:\\\/\\\/www.vetorino.com\\\/boutique\\\/\"},{\"@type\":\"ListItem\",\"position\":3,\"name\":\"Chien i\\\/d Low Fat Activ Biome+ Mijot\u00e9s Poulet &amp; L\u00e9gumes\"}]},{\"@type\":\"WebSite\",\"@id\":\"https:\\\/\\\/www.vetorino.com\\\/boutique\\\/#website\",\"url\":\"https:\\\/\\\/www.vetorino.com\\\/boutique\\\/\",\"name\":\"V\u00e9torino\",\"description\":\"\",\"publisher\":{\"@id\":\"https:\\\/\\\/www.vetorino.com\\\/boutique\\\/#organization\"},\"potentialAction\":[{\"@type\":\"SearchAction\",\"target\":{\"@type\":\"EntryPoint\",\"urlTemplate\":\"https:\\\/\\\/www.vetorino.com\\\/boutique\\\/?s={search_term_string}\"},\"query-input\":{\"@type\":\"PropertyValueSpecification\",\"valueRequired\":true,\"valueName\":\"search_term_string\"}}],\"inLanguage\":\"fr-FR\"},{\"@type\":\"Organization\",\"@id\":\"https:\\\/\\\/www.vetorino.com\\\/boutique\\\/#organization\",\"name\":\"V\u00e9torino\",\"url\":\"https:\\\/\\\/www.vetorino.com\\\/boutique\\\/\",\"logo\":{\"@type\":\"ImageObject\",\"inLanguage\":\"fr-FR\",\"@id\":\"https:\\\/\\\/www.vetorino.com\\\/boutique\\\/#\\\/schema\\\/logo\\\/image\\\/\",\"url\":\"https:\\\/\\\/www.vetorino.com\\\/boutique\\\/wp-content\\\/uploads\\\/2024\\\/10\\\/logo.jpg\",\"contentUrl\":\"https:\\\/\\\/www.vetorino.com\\\/boutique\\\/wp-content\\\/uploads\\\/2024\\\/10\\\/logo.jpg\",\"width\":1200,\"height\":610,\"caption\":\"V\u00e9torino\"},\"image\":{\"@id\":\"https:\\\/\\\/www.vetorino.com\\\/boutique\\\/#\\\/schema\\\/logo\\\/image\\\/\"},\"sameAs\":[\"https:\\\/\\\/www.facebook.com\\\/Vetorino\\\/\",\"https:\\\/\\\/www.instagram.com\\\/vetorino_off\\\/\",\"https:\\\/\\\/www.linkedin.com\\\/company\\\/vtorino\\\/\"]}]}<\/script>\n<meta property=\"product:brand\" content=\"Hill&#039;s\" \/>\n<meta property=\"product:price:amount\" content=\"78.06\" \/>\n<meta property=\"product:price:currency\" content=\"EUR\" \/>\n<meta property=\"og:availability\" content=\"instock\" \/>\n<meta property=\"product:availability\" content=\"instock\" \/>\n<meta property=\"product:retailer_item_id\" content=\"C-CHI237\" \/>\n<meta property=\"product:condition\" content=\"new\" \/>\n<!-- \/ Yoast SEO plugin. -->","yoast_head_json":{"title":"Prescription Diet (Hill's) Chien i\/d Low Fat Activ Biome+ Mijot\u00e9s Poulet &amp; L\u00e9gumes Hill's - V\u00e9torino","description":"Aliment v\u00e9t\u00e9rinaire mijot\u00e9\u00a0au go\u00fbt de poulet et de l\u00e9gumes pour chiens ayant des troubles digestifs.  Utilisation :   Affections gastro-intestinales n\u00e9cessitant un aliment \u00e0 faible teneur en mati\u00e8res grasses  Cet aliment est\u00a0destin\u00e9 \u00e0 la prise en charge d'une maladie, il est conseill\u00e9 de consulter votre v\u00e9t\u00e9rinaire avant\u00a0de le donner \u00e0 votre animal.","robots":{"index":"noindex","follow":"nofollow"},"og_locale":"fr_FR","og_type":"article","og_title":"Prescription Diet (Hill's) Chien i\/d Low Fat Activ Biome+ Mijot\u00e9s Poulet &amp; L\u00e9gumes Hill's - V\u00e9torino","og_description":"Aliment v\u00e9t\u00e9rinaire mijot\u00e9\u00a0au go\u00fbt de poulet et de l\u00e9gumes pour chiens ayant des troubles digestifs.  Utilisation :   Affections gastro-intestinales n\u00e9cessitant un aliment \u00e0 faible teneur en mati\u00e8res grasses  Cet aliment est\u00a0destin\u00e9 \u00e0 la prise en charge d'une maladie, il est conseill\u00e9 de consulter votre v\u00e9t\u00e9rinaire avant\u00a0de le donner \u00e0 votre animal.","og_url":"https:\/\/www.vetorino.com\/veterinaire\/saintebazeille-47180\/boutique\/product\/canine-i-d-low-fat-mijotes-poulet-le-boite\/","og_site_name":"V\u00e9torino","article_publisher":"https:\/\/www.facebook.com\/Vetorino\/","article_modified_time":"2026-03-02T01:42:09+00:00","og_image":[{"width":2000,"height":2000,"url":"https:\/\/www.vetorino.com\/boutique\/wp-content\/uploads\/2021\/11\/52742039268_1-prescription-diet-chien-adulte-id-lowfat-boite-poulet.jpg","type":"image\/jpeg"}],"twitter_card":"summary_large_image","twitter_misc":{"Prix":"78,06&euro;","Disponibilit\u00e9":"En stock"},"schema":{"@context":"https:\/\/schema.org","@graph":[{"@type":"WebPage","@id":"https:\/\/www.vetorino.com\/veterinaire\/briancon-05100\/boutique\/product\/canine-i-d-low-fat-mijotes-poulet-le-boite\/","url":"https:\/\/www.vetorino.com\/veterinaire\/briancon-05100\/boutique\/product\/canine-i-d-low-fat-mijotes-poulet-le-boite\/","name":"Prescription Diet (Hill's) Chien i\/d Low Fat Activ Biome+ Mijot\u00e9s Poulet &amp; L\u00e9gumes Hill's - V\u00e9torino","isPartOf":{"@id":"https:\/\/www.vetorino.com\/boutique\/#website"},"primaryImageOfPage":{"@id":"https:\/\/www.vetorino.com\/veterinaire\/briancon-05100\/boutique\/product\/canine-i-d-low-fat-mijotes-poulet-le-boite\/#primaryimage"},"image":{"@id":"https:\/\/www.vetorino.com\/veterinaire\/briancon-05100\/boutique\/product\/canine-i-d-low-fat-mijotes-poulet-le-boite\/#primaryimage"},"thumbnailUrl":"https:\/\/www.vetorino.com\/boutique\/wp-content\/uploads\/2021\/11\/52742039268_1-prescription-diet-chien-adulte-id-lowfat-boite-poulet.jpg","datePublished":"2021-11-05T16:56:14+00:00","dateModified":"2026-03-02T01:42:09+00:00","description":"Aliment v\u00e9t\u00e9rinaire mijot\u00e9\u00a0au go\u00fbt de poulet et de l\u00e9gumes pour chiens ayant des troubles digestifs. Utilisation : Affections gastro-intestinales n\u00e9cessitant un aliment \u00e0 faible teneur en mati\u00e8res grasses Cet aliment est\u00a0destin\u00e9 \u00e0 la prise en charge d'une maladie, il est conseill\u00e9 de consulter votre v\u00e9t\u00e9rinaire avant\u00a0de le donner \u00e0 votre animal.","breadcrumb":{"@id":"https:\/\/www.vetorino.com\/veterinaire\/briancon-05100\/boutique\/product\/canine-i-d-low-fat-mijotes-poulet-le-boite\/#breadcrumb"},"inLanguage":"fr-FR","potentialAction":[{"@type":"ReadAction","target":["https:\/\/www.vetorino.com\/veterinaire\/briancon-05100\/boutique\/product\/canine-i-d-low-fat-mijotes-poulet-le-boite\/"]}]},{"@type":"ImageObject","inLanguage":"fr-FR","@id":"https:\/\/www.vetorino.com\/veterinaire\/briancon-05100\/boutique\/product\/canine-i-d-low-fat-mijotes-poulet-le-boite\/#primaryimage","url":"https:\/\/www.vetorino.com\/boutique\/wp-content\/uploads\/2021\/11\/52742039268_1-prescription-diet-chien-adulte-id-lowfat-boite-poulet.jpg","contentUrl":"https:\/\/www.vetorino.com\/boutique\/wp-content\/uploads\/2021\/11\/52742039268_1-prescription-diet-chien-adulte-id-lowfat-boite-poulet.jpg","width":2000,"height":2000,"caption":"i\/d Low Fat Digestive Mijot\u00e9s pour Chien Poulet et L\u00e9gumes"},{"@type":"BreadcrumbList","@id":"https:\/\/www.vetorino.com\/veterinaire\/briancon-05100\/boutique\/product\/canine-i-d-low-fat-mijotes-poulet-le-boite\/#breadcrumb","itemListElement":[{"@type":"ListItem","position":1,"name":"Accueil","item":"https:\/\/www.vetorino.com\/boutique\/"},{"@type":"ListItem","position":2,"name":"Produits","item":"https:\/\/www.vetorino.com\/boutique\/"},{"@type":"ListItem","position":3,"name":"Chien i\/d Low Fat Activ Biome+ Mijot\u00e9s Poulet &amp; L\u00e9gumes"}]},{"@type":"WebSite","@id":"https:\/\/www.vetorino.com\/boutique\/#website","url":"https:\/\/www.vetorino.com\/boutique\/","name":"V\u00e9torino","description":"","publisher":{"@id":"https:\/\/www.vetorino.com\/boutique\/#organization"},"potentialAction":[{"@type":"SearchAction","target":{"@type":"EntryPoint","urlTemplate":"https:\/\/www.vetorino.com\/boutique\/?s={search_term_string}"},"query-input":{"@type":"PropertyValueSpecification","valueRequired":true,"valueName":"search_term_string"}}],"inLanguage":"fr-FR"},{"@type":"Organization","@id":"https:\/\/www.vetorino.com\/boutique\/#organization","name":"V\u00e9torino","url":"https:\/\/www.vetorino.com\/boutique\/","logo":{"@type":"ImageObject","inLanguage":"fr-FR","@id":"https:\/\/www.vetorino.com\/boutique\/#\/schema\/logo\/image\/","url":"https:\/\/www.vetorino.com\/boutique\/wp-content\/uploads\/2024\/10\/logo.jpg","contentUrl":"https:\/\/www.vetorino.com\/boutique\/wp-content\/uploads\/2024\/10\/logo.jpg","width":1200,"height":610,"caption":"V\u00e9torino"},"image":{"@id":"https:\/\/www.vetorino.com\/boutique\/#\/schema\/logo\/image\/"},"sameAs":["https:\/\/www.facebook.com\/Vetorino\/","https:\/\/www.instagram.com\/vetorino_off\/","https:\/\/www.linkedin.com\/company\/vtorino\/"]}]},"product_brand":"Hill's","product_price_amount":"78.06","product_price_currency":"EUR","og_availability":"instock","product_availability":"instock","product_retailer_item_id":"C-CHI237","product_condition":"new"},"_links":{"self":[{"href":"https:\/\/www.vetorino.com\/veterinaire\/saintebazeille-47180\/boutique\/wp-json\/wp\/v2\/product\/251367","targetHints":{"allow":["GET"]}}],"collection":[{"href":"https:\/\/www.vetorino.com\/veterinaire\/saintebazeille-47180\/boutique\/wp-json\/wp\/v2\/product"}],"about":[{"href":"https:\/\/www.vetorino.com\/veterinaire\/saintebazeille-47180\/boutique\/wp-json\/wp\/v2\/types\/product"}],"wp:featuredmedia":[{"embeddable":true,"href":"https:\/\/www.vetorino.com\/veterinaire\/saintebazeille-47180\/boutique\/wp-json\/wp\/v2\/media\/294776"}],"wp:attachment":[{"href":"https:\/\/www.vetorino.com\/veterinaire\/saintebazeille-47180\/boutique\/wp-json\/wp\/v2\/media?parent=251367"}],"wp:term":[{"taxonomy":"product_cat","embeddable":true,"href":"https:\/\/www.vetorino.com\/veterinaire\/saintebazeille-47180\/boutique\/wp-json\/wp\/v2\/product_cat?post=251367"},{"taxonomy":"product_tag","embeddable":true,"href":"https:\/\/www.vetorino.com\/veterinaire\/saintebazeille-47180\/boutique\/wp-json\/wp\/v2\/product_tag?post=251367"}],"curies":[{"name":"wp","href":"https:\/\/api.w.org\/{rel}","templated":true}]}}