{"id":312578,"date":"2022-04-11T11:28:32","date_gmt":"2022-04-11T09:28:32","guid":{"rendered":"https:\/\/www.vetorino.com\/boutique\/product\/gps-tractive-dog-4-pour-chien\/"},"modified":"2026-02-19T09:41:26","modified_gmt":"2026-02-19T08:41:26","slug":"gps-tractive-dog-4-pour-chien","status":"publish","type":"product","link":"https:\/\/www.vetorino.com\/veterinaire\/saintebazeille-47180\/boutique\/product\/gps-tractive-dog-4-pour-chien\/","title":{"rendered":"Traceur GPS pour chien"},"content":{"rendered":"<p>Surveillez votre chien en temps r\u00e9el 24 h sur 24 et gardez-le en forme avec ce traceur GPS chien. Suivi d&#8217;activit\u00e9, cl\u00f4ture virtuelle pour vous alerter en cas de fugue, connectivit\u00e9 am\u00e9lior\u00e9e pour un suivi encore plus pr\u00e9cis &#8211; tout est inclus. L&#8217;abonnement couvre tous les frais et vous permet de localiser votre chien sans limite avec cette balise GPS. 100 % \u00e9tanche, l\u00e9ger et r\u00e9sistant aux chocs, ce GPS pour chien est pr\u00eat \u00e0 l&#8217;aventure.<br \/>\n<strong>Fonctions :<\/strong><\/p>\n<ul>\n<li><strong>Mode LIVE<\/strong> : Obtenez des mises \u00e0 jour toutes les 2 \u00e0 3 secondes lorsque vous en avez le plus besoin &#8211; si votre chien a fugu\u00e9, par exemple.<\/li>\n<li><strong>Historique de localisation<\/strong> : Voyez o\u00f9 s&#8217;est rendu votre boule de poils et d\u00e9couvrez ses coins pr\u00e9f\u00e9r\u00e9s.<\/li>\n<li><strong>Cl\u00f4ture virtuelle<\/strong> : D\u00e9finissez des zones s\u00fbres &#8211; telles que votre jardin ou quartier &#8211; sur l&#8217;application Tractive GPS. Vous serez averti d\u00e8s que votre chien en sort &#8211; ou quand il rentre sain et sauf.<\/li>\n<li><strong>Suivi d&#8217;activit\u00e9<\/strong> : Gardez votre chien heureux et en bonne forme. Voyez combien de temps il passe \u00e0 dormir ou \u00e0 bouger. Surveillez les calories, d\u00e9finissez des objectifs et obtenez des r\u00e9compenses.<\/li>\n<li><strong>Partage du traceur<\/strong> : Mettez-vous \u00e0 plusieurs pour veiller sur votre chien. Cr\u00e9ez un lien public si vous avez besoin d&#8217;aide pour retrouver votre chien.<\/li>\n<\/ul>\n<p><strong>Caract\u00e9ristiques :\u00a0<\/strong><\/p>\n<ul>\n<li>100 % \u00e9tanche, r\u00e9sistant aux chocs et facile \u00e0 charger, le compagnon parfait pour les aventures de votre chien.<\/li>\n<li>Autonomie jusqu&#8217;\u00e0 5 jours, chargement complet en 2 heures.<\/li>\n<li>Port\u00e9e illimit\u00e9e dans plus de 150 pays.<\/li>\n<li>L\u00e9ger (environ 35 g) et con\u00e7u pour les chiens.<\/li>\n<li>Dimensions : 71,4 x 28 x 17,5 mm.<\/li>\n<li>Garantie : 2 ans.<\/li>\n<\/ul>\n<p><strong>Tranquillit\u00e9 d&#8217;esprit avec l\u2019abonnement : p<\/strong>as de frais mobiles, pas de co\u00fbts suppl\u00e9mentaires. Un suivi illimit\u00e9 24 h sur 24 avec un abonnement mensuel, d&#8217;un ou deux ans. Infos abonnements : <a href=\"https:\/\/tractive.com\/fr\/c\/plans\">https:\/\/tractive.com\/fr\/c\/plans<\/a>.<br \/>\nApplication gratuite pour Android, iPhone et web. Activation traceur : <a href=\"https:\/\/my.tractive.com\/\">https:\/\/my.tractive.com<\/a>.<br \/>\nPlus d\u2019informations : <a href=\"https:\/\/m365.eu.vadesecure.com\/safeproxy\/v4?f=8wFu7lGHb8wEelfbn6iYX6zqe0UIzR-HLi7EifQ8oLbd3r_oVonY0u-7_gkVzLs_&amp;i=9dw3-tqAxedzcJWVG-ju1V79Y2RBqpOf_JzLgceubuJ_Gdo07rdXKMq0jrgZ0rK5uQpu61Xbr1teLALT20TeuA&amp;k=yykX&amp;r=tEkFjNRtaB-rqg4av-t84P_moooX2MbyDVj2V1OSg2oR1y6Ja92vckGmCy8ox21o&amp;s=5750afaf52c763cc26c722c63030e04afe2155504b2c857c3b5383dd6e779ebe&amp;u=https%3A%2F%2Fhelp.tractive.com%2Fhc%2Ffr\" target=\"_blank\" rel=\"noopener\">https:\/\/help.tractive.com<\/a>.<br \/>\nLe pack comprend : la balise GPS, un c\u00e2ble USB et un clip en caoutchouc pour fixation.<\/p>\n","protected":false},"excerpt":{"rendered":"<div id=\"product-description-short-5033\">\n<p>Traceur GPS permettant de suivre en temps r\u00e9el avec une port\u00e9e illimit\u00e9e votre chien. Le tout avec un abonnement d\u00e8s 4 \u20ac par mois.\u00a0\u00c9tanche, jusqu&#8217;\u00e0 7 jours d&#8217;autonomie, pr\u00eat pour l&#8217;aventure.<\/p>\n<ul>\n<li>Chiens<\/li>\n<li>Se fixe au collier de votre compagnon<\/li>\n<li>Suivi d&#8217;activit\u00e9 via l&#8217;application mobile d\u00e9di\u00e9e<\/li>\n<li>Abonnement \u00e0 partir de 4 \u20ac \/ mois<\/li>\n<\/ul>\n<\/div>\n","protected":false},"featured_media":312773,"template":"","meta":[],"product_cat":[12550,2698,2777],"product_tag":[],"class_list":{"0":"post-312578","1":"product","2":"type-product","3":"status-publish","4":"has-post-thumbnail","6":"product_cat-accessoires-du-chien","7":"product_cat-chien","8":"product_cat-colliers-laisses-et-harnais-pour-chien","9":"pa_marque-tractive","11":"first","12":"outofstock","13":"taxable","14":"shipping-taxable","15":"purchasable","16":"product-type-simple"},"yoast_head":"<!-- This site is optimized with the Yoast SEO plugin v27.3 - https:\/\/yoast.com\/product\/yoast-seo-wordpress\/ -->\n<title>Traceur GPS pour chien Tractive - V\u00e9torino<\/title>\n<meta name=\"description\" content=\"Traceur GPS permettant de suivre en temps r\u00e9el avec une port\u00e9e illimit\u00e9e votre chien. Le tout avec un abonnement d\u00e8s 4 \u20ac par mois.\u00a0\u00c9tanche, jusqu&#039;\u00e0 7 jours d&#039;autonomie, pr\u00eat pour l&#039;aventure.   Chiens  Se fixe au collier de votre compagnon  Suivi d&#039;activit\u00e9 via l&#039;application mobile d\u00e9di\u00e9e  Abonnement \u00e0 partir de 4 \u20ac \/ mois\" \/>\n<meta name=\"robots\" content=\"noindex, nofollow\" \/>\n<meta property=\"og:locale\" content=\"fr_FR\" \/>\n<meta property=\"og:type\" content=\"article\" \/>\n<meta property=\"og:title\" content=\"Traceur GPS pour chien Tractive - V\u00e9torino\" \/>\n<meta property=\"og:description\" content=\"Traceur GPS permettant de suivre en temps r\u00e9el avec une port\u00e9e illimit\u00e9e votre chien. Le tout avec un abonnement d\u00e8s 4 \u20ac par mois.\u00a0\u00c9tanche, jusqu&#039;\u00e0 7 jours d&#039;autonomie, pr\u00eat pour l&#039;aventure.   Chiens  Se fixe au collier de votre compagnon  Suivi d&#039;activit\u00e9 via l&#039;application mobile d\u00e9di\u00e9e  Abonnement \u00e0 partir de 4 \u20ac \/ mois\" \/>\n<meta property=\"og:url\" content=\"https:\/\/www.vetorino.com\/veterinaire\/saintebazeille-47180\/boutique\/product\/gps-tractive-dog-4-pour-chien\/\" \/>\n<meta property=\"og:site_name\" content=\"V\u00e9torino\" \/>\n<meta property=\"article:publisher\" content=\"https:\/\/www.facebook.com\/Vetorino\/\" \/>\n<meta property=\"article:modified_time\" content=\"2026-02-19T08:41:26+00:00\" \/>\n<meta property=\"og:image\" content=\"https:\/\/www.vetorino.com\/boutique\/wp-content\/uploads\/2022\/04\/collier-gps-pour-chien-tractive-gps-dog-43.jpeg\" \/>\n\t<meta property=\"og:image:width\" content=\"540\" \/>\n\t<meta property=\"og:image:height\" content=\"540\" \/>\n\t<meta property=\"og:image:type\" content=\"image\/jpeg\" \/>\n<meta name=\"twitter:card\" content=\"summary_large_image\" \/>\n<meta name=\"twitter:label1\" content=\"Prix\" \/>\n\t<meta name=\"twitter:data1\" content=\"41,91&euro;\" \/>\n\t<meta name=\"twitter:label2\" content=\"Disponibilit\u00e9\" \/>\n\t<meta name=\"twitter:data2\" content=\"Rupture de stock\" \/>\n<script type=\"application\/ld+json\" class=\"yoast-schema-graph\">{\"@context\":\"https:\\\/\\\/schema.org\",\"@graph\":[{\"@type\":\"WebPage\",\"@id\":\"https:\\\/\\\/www.vetorino.com\\\/boutique\\\/product\\\/gps-tractive-dog-4-pour-chien\\\/\",\"url\":\"https:\\\/\\\/www.vetorino.com\\\/boutique\\\/product\\\/gps-tractive-dog-4-pour-chien\\\/\",\"name\":\"Traceur GPS pour chien Tractive - V\u00e9torino\",\"isPartOf\":{\"@id\":\"https:\\\/\\\/www.vetorino.com\\\/boutique\\\/#website\"},\"primaryImageOfPage\":{\"@id\":\"https:\\\/\\\/www.vetorino.com\\\/boutique\\\/product\\\/gps-tractive-dog-4-pour-chien\\\/#primaryimage\"},\"image\":{\"@id\":\"https:\\\/\\\/www.vetorino.com\\\/boutique\\\/product\\\/gps-tractive-dog-4-pour-chien\\\/#primaryimage\"},\"thumbnailUrl\":\"https:\\\/\\\/www.vetorino.com\\\/boutique\\\/wp-content\\\/uploads\\\/2022\\\/04\\\/collier-gps-pour-chien-tractive-gps-dog-43.jpeg\",\"datePublished\":\"2022-04-11T09:28:32+00:00\",\"dateModified\":\"2026-02-19T08:41:26+00:00\",\"description\":\"Traceur GPS permettant de suivre en temps r\u00e9el avec une port\u00e9e illimit\u00e9e votre chien. Le tout avec un abonnement d\u00e8s 4 \u20ac par mois.\u00a0\u00c9tanche, jusqu'\u00e0 7 jours d'autonomie, pr\u00eat pour l'aventure. Chiens Se fixe au collier de votre compagnon Suivi d'activit\u00e9 via l'application mobile d\u00e9di\u00e9e Abonnement \u00e0 partir de 4 \u20ac \\\/ mois\",\"breadcrumb\":{\"@id\":\"https:\\\/\\\/www.vetorino.com\\\/boutique\\\/product\\\/gps-tractive-dog-4-pour-chien\\\/#breadcrumb\"},\"inLanguage\":\"fr-FR\",\"potentialAction\":[{\"@type\":\"ReadAction\",\"target\":[\"https:\\\/\\\/www.vetorino.com\\\/boutique\\\/product\\\/gps-tractive-dog-4-pour-chien\\\/\"]}]},{\"@type\":\"ImageObject\",\"inLanguage\":\"fr-FR\",\"@id\":\"https:\\\/\\\/www.vetorino.com\\\/boutique\\\/product\\\/gps-tractive-dog-4-pour-chien\\\/#primaryimage\",\"url\":\"https:\\\/\\\/www.vetorino.com\\\/boutique\\\/wp-content\\\/uploads\\\/2022\\\/04\\\/collier-gps-pour-chien-tractive-gps-dog-43.jpeg\",\"contentUrl\":\"https:\\\/\\\/www.vetorino.com\\\/boutique\\\/wp-content\\\/uploads\\\/2022\\\/04\\\/collier-gps-pour-chien-tractive-gps-dog-43.jpeg\",\"width\":540,\"height\":540},{\"@type\":\"BreadcrumbList\",\"@id\":\"https:\\\/\\\/www.vetorino.com\\\/boutique\\\/product\\\/gps-tractive-dog-4-pour-chien\\\/#breadcrumb\",\"itemListElement\":[{\"@type\":\"ListItem\",\"position\":1,\"name\":\"Accueil\",\"item\":\"https:\\\/\\\/www.vetorino.com\\\/boutique\\\/\"},{\"@type\":\"ListItem\",\"position\":2,\"name\":\"Produits\",\"item\":\"https:\\\/\\\/www.vetorino.com\\\/boutique\\\/\"},{\"@type\":\"ListItem\",\"position\":3,\"name\":\"Traceur GPS pour chien\"}]},{\"@type\":\"WebSite\",\"@id\":\"https:\\\/\\\/www.vetorino.com\\\/boutique\\\/#website\",\"url\":\"https:\\\/\\\/www.vetorino.com\\\/boutique\\\/\",\"name\":\"V\u00e9torino\",\"description\":\"\",\"publisher\":{\"@id\":\"https:\\\/\\\/www.vetorino.com\\\/boutique\\\/#organization\"},\"potentialAction\":[{\"@type\":\"SearchAction\",\"target\":{\"@type\":\"EntryPoint\",\"urlTemplate\":\"https:\\\/\\\/www.vetorino.com\\\/boutique\\\/?s={search_term_string}\"},\"query-input\":{\"@type\":\"PropertyValueSpecification\",\"valueRequired\":true,\"valueName\":\"search_term_string\"}}],\"inLanguage\":\"fr-FR\"},{\"@type\":\"Organization\",\"@id\":\"https:\\\/\\\/www.vetorino.com\\\/boutique\\\/#organization\",\"name\":\"V\u00e9torino\",\"url\":\"https:\\\/\\\/www.vetorino.com\\\/boutique\\\/\",\"logo\":{\"@type\":\"ImageObject\",\"inLanguage\":\"fr-FR\",\"@id\":\"https:\\\/\\\/www.vetorino.com\\\/boutique\\\/#\\\/schema\\\/logo\\\/image\\\/\",\"url\":\"https:\\\/\\\/www.vetorino.com\\\/boutique\\\/wp-content\\\/uploads\\\/2024\\\/10\\\/logo.jpg\",\"contentUrl\":\"https:\\\/\\\/www.vetorino.com\\\/boutique\\\/wp-content\\\/uploads\\\/2024\\\/10\\\/logo.jpg\",\"width\":1200,\"height\":610,\"caption\":\"V\u00e9torino\"},\"image\":{\"@id\":\"https:\\\/\\\/www.vetorino.com\\\/boutique\\\/#\\\/schema\\\/logo\\\/image\\\/\"},\"sameAs\":[\"https:\\\/\\\/www.facebook.com\\\/Vetorino\\\/\",\"https:\\\/\\\/www.instagram.com\\\/vetorino_off\\\/\",\"https:\\\/\\\/www.linkedin.com\\\/company\\\/vtorino\\\/\"]}]}<\/script>\n<meta property=\"product:brand\" content=\"Tractive\" \/>\n<meta property=\"product:price:amount\" content=\"41.91\" \/>\n<meta property=\"product:price:currency\" content=\"EUR\" \/>\n<meta property=\"og:availability\" content=\"out of stock\" \/>\n<meta property=\"product:availability\" content=\"out of stock\" \/>\n<meta property=\"product:retailer_item_id\" content=\"C-GPS702\" \/>\n<meta property=\"product:condition\" content=\"new\" \/>\n<!-- \/ Yoast SEO plugin. -->","yoast_head_json":{"title":"Traceur GPS pour chien Tractive - V\u00e9torino","description":"Traceur GPS permettant de suivre en temps r\u00e9el avec une port\u00e9e illimit\u00e9e votre chien. Le tout avec un abonnement d\u00e8s 4 \u20ac par mois.\u00a0\u00c9tanche, jusqu'\u00e0 7 jours d'autonomie, pr\u00eat pour l'aventure.   Chiens  Se fixe au collier de votre compagnon  Suivi d'activit\u00e9 via l'application mobile d\u00e9di\u00e9e  Abonnement \u00e0 partir de 4 \u20ac \/ mois","robots":{"index":"noindex","follow":"nofollow"},"og_locale":"fr_FR","og_type":"article","og_title":"Traceur GPS pour chien Tractive - V\u00e9torino","og_description":"Traceur GPS permettant de suivre en temps r\u00e9el avec une port\u00e9e illimit\u00e9e votre chien. Le tout avec un abonnement d\u00e8s 4 \u20ac par mois.\u00a0\u00c9tanche, jusqu'\u00e0 7 jours d'autonomie, pr\u00eat pour l'aventure.   Chiens  Se fixe au collier de votre compagnon  Suivi d'activit\u00e9 via l'application mobile d\u00e9di\u00e9e  Abonnement \u00e0 partir de 4 \u20ac \/ mois","og_url":"https:\/\/www.vetorino.com\/veterinaire\/saintebazeille-47180\/boutique\/product\/gps-tractive-dog-4-pour-chien\/","og_site_name":"V\u00e9torino","article_publisher":"https:\/\/www.facebook.com\/Vetorino\/","article_modified_time":"2026-02-19T08:41:26+00:00","og_image":[{"width":540,"height":540,"url":"https:\/\/www.vetorino.com\/boutique\/wp-content\/uploads\/2022\/04\/collier-gps-pour-chien-tractive-gps-dog-43.jpeg","type":"image\/jpeg"}],"twitter_card":"summary_large_image","twitter_misc":{"Prix":"41,91&euro;","Disponibilit\u00e9":"Rupture de stock"},"schema":{"@context":"https:\/\/schema.org","@graph":[{"@type":"WebPage","@id":"https:\/\/www.vetorino.com\/boutique\/product\/gps-tractive-dog-4-pour-chien\/","url":"https:\/\/www.vetorino.com\/boutique\/product\/gps-tractive-dog-4-pour-chien\/","name":"Traceur GPS pour chien Tractive - V\u00e9torino","isPartOf":{"@id":"https:\/\/www.vetorino.com\/boutique\/#website"},"primaryImageOfPage":{"@id":"https:\/\/www.vetorino.com\/boutique\/product\/gps-tractive-dog-4-pour-chien\/#primaryimage"},"image":{"@id":"https:\/\/www.vetorino.com\/boutique\/product\/gps-tractive-dog-4-pour-chien\/#primaryimage"},"thumbnailUrl":"https:\/\/www.vetorino.com\/boutique\/wp-content\/uploads\/2022\/04\/collier-gps-pour-chien-tractive-gps-dog-43.jpeg","datePublished":"2022-04-11T09:28:32+00:00","dateModified":"2026-02-19T08:41:26+00:00","description":"Traceur GPS permettant de suivre en temps r\u00e9el avec une port\u00e9e illimit\u00e9e votre chien. Le tout avec un abonnement d\u00e8s 4 \u20ac par mois.\u00a0\u00c9tanche, jusqu'\u00e0 7 jours d'autonomie, pr\u00eat pour l'aventure. Chiens Se fixe au collier de votre compagnon Suivi d'activit\u00e9 via l'application mobile d\u00e9di\u00e9e Abonnement \u00e0 partir de 4 \u20ac \/ mois","breadcrumb":{"@id":"https:\/\/www.vetorino.com\/boutique\/product\/gps-tractive-dog-4-pour-chien\/#breadcrumb"},"inLanguage":"fr-FR","potentialAction":[{"@type":"ReadAction","target":["https:\/\/www.vetorino.com\/boutique\/product\/gps-tractive-dog-4-pour-chien\/"]}]},{"@type":"ImageObject","inLanguage":"fr-FR","@id":"https:\/\/www.vetorino.com\/boutique\/product\/gps-tractive-dog-4-pour-chien\/#primaryimage","url":"https:\/\/www.vetorino.com\/boutique\/wp-content\/uploads\/2022\/04\/collier-gps-pour-chien-tractive-gps-dog-43.jpeg","contentUrl":"https:\/\/www.vetorino.com\/boutique\/wp-content\/uploads\/2022\/04\/collier-gps-pour-chien-tractive-gps-dog-43.jpeg","width":540,"height":540},{"@type":"BreadcrumbList","@id":"https:\/\/www.vetorino.com\/boutique\/product\/gps-tractive-dog-4-pour-chien\/#breadcrumb","itemListElement":[{"@type":"ListItem","position":1,"name":"Accueil","item":"https:\/\/www.vetorino.com\/boutique\/"},{"@type":"ListItem","position":2,"name":"Produits","item":"https:\/\/www.vetorino.com\/boutique\/"},{"@type":"ListItem","position":3,"name":"Traceur GPS pour chien"}]},{"@type":"WebSite","@id":"https:\/\/www.vetorino.com\/boutique\/#website","url":"https:\/\/www.vetorino.com\/boutique\/","name":"V\u00e9torino","description":"","publisher":{"@id":"https:\/\/www.vetorino.com\/boutique\/#organization"},"potentialAction":[{"@type":"SearchAction","target":{"@type":"EntryPoint","urlTemplate":"https:\/\/www.vetorino.com\/boutique\/?s={search_term_string}"},"query-input":{"@type":"PropertyValueSpecification","valueRequired":true,"valueName":"search_term_string"}}],"inLanguage":"fr-FR"},{"@type":"Organization","@id":"https:\/\/www.vetorino.com\/boutique\/#organization","name":"V\u00e9torino","url":"https:\/\/www.vetorino.com\/boutique\/","logo":{"@type":"ImageObject","inLanguage":"fr-FR","@id":"https:\/\/www.vetorino.com\/boutique\/#\/schema\/logo\/image\/","url":"https:\/\/www.vetorino.com\/boutique\/wp-content\/uploads\/2024\/10\/logo.jpg","contentUrl":"https:\/\/www.vetorino.com\/boutique\/wp-content\/uploads\/2024\/10\/logo.jpg","width":1200,"height":610,"caption":"V\u00e9torino"},"image":{"@id":"https:\/\/www.vetorino.com\/boutique\/#\/schema\/logo\/image\/"},"sameAs":["https:\/\/www.facebook.com\/Vetorino\/","https:\/\/www.instagram.com\/vetorino_off\/","https:\/\/www.linkedin.com\/company\/vtorino\/"]}]},"product_brand":"Tractive","product_price_amount":"41.91","product_price_currency":"EUR","og_availability":"out of stock","product_availability":"out of stock","product_retailer_item_id":"C-GPS702","product_condition":"new"},"_links":{"self":[{"href":"https:\/\/www.vetorino.com\/veterinaire\/saintebazeille-47180\/boutique\/wp-json\/wp\/v2\/product\/312578","targetHints":{"allow":["GET"]}}],"collection":[{"href":"https:\/\/www.vetorino.com\/veterinaire\/saintebazeille-47180\/boutique\/wp-json\/wp\/v2\/product"}],"about":[{"href":"https:\/\/www.vetorino.com\/veterinaire\/saintebazeille-47180\/boutique\/wp-json\/wp\/v2\/types\/product"}],"wp:featuredmedia":[{"embeddable":true,"href":"https:\/\/www.vetorino.com\/veterinaire\/saintebazeille-47180\/boutique\/wp-json\/wp\/v2\/media\/312773"}],"wp:attachment":[{"href":"https:\/\/www.vetorino.com\/veterinaire\/saintebazeille-47180\/boutique\/wp-json\/wp\/v2\/media?parent=312578"}],"wp:term":[{"taxonomy":"product_cat","embeddable":true,"href":"https:\/\/www.vetorino.com\/veterinaire\/saintebazeille-47180\/boutique\/wp-json\/wp\/v2\/product_cat?post=312578"},{"taxonomy":"product_tag","embeddable":true,"href":"https:\/\/www.vetorino.com\/veterinaire\/saintebazeille-47180\/boutique\/wp-json\/wp\/v2\/product_tag?post=312578"}],"curies":[{"name":"wp","href":"https:\/\/api.w.org\/{rel}","templated":true}]}}