{"id":685659,"date":"2023-08-31T11:35:50","date_gmt":"2023-08-31T09:35:50","guid":{"rendered":"https:\/\/www.vetorino.com\/boutique\/product\/gps-tractive-cat-mini-pour-chat\/"},"modified":"2026-03-05T02:42:36","modified_gmt":"2026-03-05T01:42:36","slug":"gps-tractive-cat-mini-pour-chat","status":"publish","type":"product","link":"https:\/\/www.vetorino.com\/veterinaire\/saintebazeille-47180\/boutique\/product\/gps-tractive-cat-mini-pour-chat\/","title":{"rendered":"GPS Tractive Cat Mini pour chat"},"content":{"rendered":"<p>\u00c9quipez votre aventurier f\u00e9lin d&#8217;un GPS chat Tractive et vous pourrez le suivre \u00e0 la trace et passer toutes ses sorties en revue. Surveillez son sommeil et son niveau d&#8217;activit\u00e9 avec le moniteur de bien-\u00eatre.<br \/>\nVous voulez d\u00e9couvrir la vie secr\u00e8te de votre chat ? C&#8217;est tout simple : commandez votre traceur GPS chat, choisissez un abonnement (d\u00e8s 5 \u20ac\/mois) et t\u00e9l\u00e9chargez l&#8217;application Tractive gratuite.<br \/>\nC&#8217;est parti ! Le GPS pour chat est livr\u00e9 avec un collier de s\u00e9curit\u00e9 Rogz gratuit, ainsi que 2 attaches diff\u00e9rentes.<\/p>\n<p><strong>Abonnement requis \u2013 d\u00e8s 5 \u20ac\/mois.<\/strong><br \/>\nPas de co\u00fbts suppl\u00e9mentaires. La carte SIM est int\u00e9gr\u00e9e et peut \u00eatre activ\u00e9e en choisissant simplement un abonnement Tractive pour votre GPS (mensuel ou de 1, 2 ou 5 ans) couvrant tous les frais d&#8217;utilisation partout au monde.<br \/>\nPrix correspondant \u00e0 un abonnement biennal, payable \u00e0 l\u2019avance pour la dur\u00e9e enti\u00e8re et sujet \u00e0 changements. Consultez nos tarifs actuels sur tractive.com\/plans.<\/p>\n<p><strong>Suivi en direct<\/strong><br \/>\nEn mode LIVE, la localisation est mise \u00e0 jour toutes les 2 \u00e0 3 secondes. Gr\u00e2ce \u00e0 la connexion au r\u00e9seau mobile, le collier GPS pour chat Tractive vous permet de suivre votre chat o\u00f9 qu&#8217;il soit, sans limite de distance.<\/p>\n<p><strong>Historique et partage<\/strong><br \/>\nD\u00e9couvrez la vie secr\u00e8te de votre chat et ses cachettes pr\u00e9f\u00e9r\u00e9es. Donnez acc\u00e8s au suivi de la puce GPS chat \u00e0 vos proches ou au pet-sitter sans frais suppl\u00e9mentaires.<\/p>\n<p><strong>Cl\u00f4tures virtuelles<\/strong><br \/>\nD\u00e9finissez des zones s\u00fbres, comme votre jardin, et de zones interdites, comme celui du voisin. Vous recevrez une alerte d\u00e8s que le traceur traverse la cl\u00f4ture.<\/p>\n<p><strong>Moniteur de bien-\u00eatre<\/strong><br \/>\nGardez votre chat en pleine forme. Surveillez ses temps de sommeil et d&#8217;activit\u00e9. Suivez son d\u00e9veloppement, fixez des objectifs et comparez-le \u00e0 ses cong\u00e9n\u00e8res.<\/p>\n<p><strong>L\u00e9ger, r\u00e9sistant aux chocs et 100 % \u00e9tanche<\/strong><br \/>\nUn GPS chat l\u00e9ger, mais costaud. Port confortable pour les chats d\u00e8s 3 kg.<\/p>\n<ul>\n<li>Application gratuite Android, iOS et web.<\/li>\n<li>48 h d&#8217;autonomie (jusqu&#8217;\u00e0 7 jours avec une zone d&#8217;\u00e9conomie d&#8217;\u00e9nergie), charge compl\u00e8te en 2 h.<\/li>\n<li>Collier Rogz gratuit inclus.<\/li>\n<li>\u00c9tanche, l\u00e9ger, r\u00e9sistant aux chocs.<\/li>\n<\/ul>\n","protected":false},"excerpt":{"rendered":"<p>\u00c9quipez votre aventurier f\u00e9lin d\u2019un GPS chat Tractive et vous pourrez le suivre \u00e0 la trace et passer toutes ses sorties en revue. Surveillez son sommeil et son niveau d\u2019activit\u00e9 avec le moniteur de bien-\u00eatre.<\/p>\n<p>Vous voulez d\u00e9couvrir la vie secr\u00e8te de votre chat ? C\u2019est tout simple : commandez votre traceur GPS chat, choisissez un abonnement (d\u00e8s 5 \u20ac\/mois) et t\u00e9l\u00e9chargez l\u2019application Tractive gratuite.<br \/>\nC\u2019est parti ! Le GPS pour chat est livr\u00e9 avec un collier de s\u00e9curit\u00e9 Rogz gratuit, ainsi que 2 attaches diff\u00e9rentes.<\/p>\n","protected":false},"featured_media":685667,"template":"","meta":[],"product_cat":[12548,2697,12631],"product_tag":[],"class_list":{"0":"post-685659","1":"product","2":"type-product","3":"status-publish","4":"has-post-thumbnail","6":"product_cat-accessoire-du-chat","7":"product_cat-chat","8":"product_cat-sortie-du-chat","9":"pa_marque-tractive","11":"first","12":"instock","13":"taxable","14":"shipping-taxable","15":"purchasable","16":"product-type-simple"},"yoast_head":"<!-- This site is optimized with the Yoast SEO plugin v27.3 - https:\/\/yoast.com\/product\/yoast-seo-wordpress\/ -->\n<title>GPS Tractive Cat Mini pour chat Tractive - V\u00e9torino<\/title>\n<meta name=\"description\" content=\"\u00c9quipez votre aventurier f\u00e9lin d\u2019un GPS chat Tractive et vous pourrez le suivre \u00e0 la trace et passer toutes ses sorties en revue. Surveillez son sommeil et son niveau d\u2019activit\u00e9 avec le moniteur de bien-\u00eatre.  Vous voulez d\u00e9couvrir la vie secr\u00e8te de votre chat ? C\u2019est tout simple : commandez votre traceur GPS chat, choisissez un abonnement (d\u00e8s 5 \u20ac\/mois) et t\u00e9l\u00e9chargez l\u2019application Tractive gratuite. C\u2019est parti ! Le GPS pour chat est livr\u00e9 avec un collier de s\u00e9curit\u00e9 Rogz gratuit, ainsi que 2 attaches diff\u00e9rentes.\" \/>\n<meta name=\"robots\" content=\"noindex, nofollow\" \/>\n<meta property=\"og:locale\" content=\"fr_FR\" \/>\n<meta property=\"og:type\" content=\"article\" \/>\n<meta property=\"og:title\" content=\"GPS Tractive Cat Mini pour chat Tractive - V\u00e9torino\" \/>\n<meta property=\"og:description\" content=\"\u00c9quipez votre aventurier f\u00e9lin d\u2019un GPS chat Tractive et vous pourrez le suivre \u00e0 la trace et passer toutes ses sorties en revue. Surveillez son sommeil et son niveau d\u2019activit\u00e9 avec le moniteur de bien-\u00eatre.  Vous voulez d\u00e9couvrir la vie secr\u00e8te de votre chat ? C\u2019est tout simple : commandez votre traceur GPS chat, choisissez un abonnement (d\u00e8s 5 \u20ac\/mois) et t\u00e9l\u00e9chargez l\u2019application Tractive gratuite. C\u2019est parti ! Le GPS pour chat est livr\u00e9 avec un collier de s\u00e9curit\u00e9 Rogz gratuit, ainsi que 2 attaches diff\u00e9rentes.\" \/>\n<meta property=\"og:url\" content=\"https:\/\/www.vetorino.com\/veterinaire\/saintebazeille-47180\/boutique\/product\/gps-tractive-cat-mini-pour-chat\/\" \/>\n<meta property=\"og:site_name\" content=\"V\u00e9torino\" \/>\n<meta property=\"article:publisher\" content=\"https:\/\/www.facebook.com\/Vetorino\/\" \/>\n<meta property=\"article:modified_time\" content=\"2026-03-05T01:42:36+00:00\" \/>\n<meta property=\"og:image\" content=\"https:\/\/www.vetorino.com\/boutique\/wp-content\/uploads\/2023\/08\/Publications-instagram-3.png\" \/>\n\t<meta property=\"og:image:width\" content=\"1080\" \/>\n\t<meta property=\"og:image:height\" content=\"1080\" \/>\n\t<meta property=\"og:image:type\" content=\"image\/png\" \/>\n<meta name=\"twitter:card\" content=\"summary_large_image\" \/>\n<meta name=\"twitter:label1\" content=\"Prix\" \/>\n\t<meta name=\"twitter:data1\" content=\"41,91&euro;\" \/>\n\t<meta name=\"twitter:label2\" content=\"Disponibilit\u00e9\" \/>\n\t<meta name=\"twitter:data2\" content=\"En stock\" \/>\n<script type=\"application\/ld+json\" class=\"yoast-schema-graph\">{\"@context\":\"https:\\\/\\\/schema.org\",\"@graph\":[{\"@type\":\"WebPage\",\"@id\":\"https:\\\/\\\/www.vetorino.com\\\/boutique\\\/product\\\/gps-tractive-cat-mini-pour-chat\\\/\",\"url\":\"https:\\\/\\\/www.vetorino.com\\\/boutique\\\/product\\\/gps-tractive-cat-mini-pour-chat\\\/\",\"name\":\"GPS Tractive Cat Mini pour chat Tractive - V\u00e9torino\",\"isPartOf\":{\"@id\":\"https:\\\/\\\/www.vetorino.com\\\/boutique\\\/#website\"},\"primaryImageOfPage\":{\"@id\":\"https:\\\/\\\/www.vetorino.com\\\/boutique\\\/product\\\/gps-tractive-cat-mini-pour-chat\\\/#primaryimage\"},\"image\":{\"@id\":\"https:\\\/\\\/www.vetorino.com\\\/boutique\\\/product\\\/gps-tractive-cat-mini-pour-chat\\\/#primaryimage\"},\"thumbnailUrl\":\"https:\\\/\\\/www.vetorino.com\\\/boutique\\\/wp-content\\\/uploads\\\/2023\\\/08\\\/Publications-instagram-3.png\",\"datePublished\":\"2023-08-31T09:35:50+00:00\",\"dateModified\":\"2026-03-05T01:42:36+00:00\",\"description\":\"\u00c9quipez votre aventurier f\u00e9lin d\u2019un GPS chat Tractive et vous pourrez le suivre \u00e0 la trace et passer toutes ses sorties en revue. Surveillez son sommeil et son niveau d\u2019activit\u00e9 avec le moniteur de bien-\u00eatre. Vous voulez d\u00e9couvrir la vie secr\u00e8te de votre chat ? C\u2019est tout simple : commandez votre traceur GPS chat, choisissez un abonnement (d\u00e8s 5 \u20ac\\\/mois) et t\u00e9l\u00e9chargez l\u2019application Tractive gratuite. C\u2019est parti ! Le GPS pour chat est livr\u00e9 avec un collier de s\u00e9curit\u00e9 Rogz gratuit, ainsi que 2 attaches diff\u00e9rentes.\",\"breadcrumb\":{\"@id\":\"https:\\\/\\\/www.vetorino.com\\\/boutique\\\/product\\\/gps-tractive-cat-mini-pour-chat\\\/#breadcrumb\"},\"inLanguage\":\"fr-FR\",\"potentialAction\":[{\"@type\":\"ReadAction\",\"target\":[\"https:\\\/\\\/www.vetorino.com\\\/boutique\\\/product\\\/gps-tractive-cat-mini-pour-chat\\\/\"]}]},{\"@type\":\"ImageObject\",\"inLanguage\":\"fr-FR\",\"@id\":\"https:\\\/\\\/www.vetorino.com\\\/boutique\\\/product\\\/gps-tractive-cat-mini-pour-chat\\\/#primaryimage\",\"url\":\"https:\\\/\\\/www.vetorino.com\\\/boutique\\\/wp-content\\\/uploads\\\/2023\\\/08\\\/Publications-instagram-3.png\",\"contentUrl\":\"https:\\\/\\\/www.vetorino.com\\\/boutique\\\/wp-content\\\/uploads\\\/2023\\\/08\\\/Publications-instagram-3.png\",\"width\":1080,\"height\":1080},{\"@type\":\"BreadcrumbList\",\"@id\":\"https:\\\/\\\/www.vetorino.com\\\/boutique\\\/product\\\/gps-tractive-cat-mini-pour-chat\\\/#breadcrumb\",\"itemListElement\":[{\"@type\":\"ListItem\",\"position\":1,\"name\":\"Accueil\",\"item\":\"https:\\\/\\\/www.vetorino.com\\\/boutique\\\/\"},{\"@type\":\"ListItem\",\"position\":2,\"name\":\"Produits\",\"item\":\"https:\\\/\\\/www.vetorino.com\\\/boutique\\\/\"},{\"@type\":\"ListItem\",\"position\":3,\"name\":\"GPS Tractive Cat Mini pour chat\"}]},{\"@type\":\"WebSite\",\"@id\":\"https:\\\/\\\/www.vetorino.com\\\/boutique\\\/#website\",\"url\":\"https:\\\/\\\/www.vetorino.com\\\/boutique\\\/\",\"name\":\"V\u00e9torino\",\"description\":\"\",\"publisher\":{\"@id\":\"https:\\\/\\\/www.vetorino.com\\\/boutique\\\/#organization\"},\"potentialAction\":[{\"@type\":\"SearchAction\",\"target\":{\"@type\":\"EntryPoint\",\"urlTemplate\":\"https:\\\/\\\/www.vetorino.com\\\/boutique\\\/?s={search_term_string}\"},\"query-input\":{\"@type\":\"PropertyValueSpecification\",\"valueRequired\":true,\"valueName\":\"search_term_string\"}}],\"inLanguage\":\"fr-FR\"},{\"@type\":\"Organization\",\"@id\":\"https:\\\/\\\/www.vetorino.com\\\/boutique\\\/#organization\",\"name\":\"V\u00e9torino\",\"url\":\"https:\\\/\\\/www.vetorino.com\\\/boutique\\\/\",\"logo\":{\"@type\":\"ImageObject\",\"inLanguage\":\"fr-FR\",\"@id\":\"https:\\\/\\\/www.vetorino.com\\\/boutique\\\/#\\\/schema\\\/logo\\\/image\\\/\",\"url\":\"https:\\\/\\\/www.vetorino.com\\\/boutique\\\/wp-content\\\/uploads\\\/2024\\\/10\\\/logo.jpg\",\"contentUrl\":\"https:\\\/\\\/www.vetorino.com\\\/boutique\\\/wp-content\\\/uploads\\\/2024\\\/10\\\/logo.jpg\",\"width\":1200,\"height\":610,\"caption\":\"V\u00e9torino\"},\"image\":{\"@id\":\"https:\\\/\\\/www.vetorino.com\\\/boutique\\\/#\\\/schema\\\/logo\\\/image\\\/\"},\"sameAs\":[\"https:\\\/\\\/www.facebook.com\\\/Vetorino\\\/\",\"https:\\\/\\\/www.instagram.com\\\/vetorino_off\\\/\",\"https:\\\/\\\/www.linkedin.com\\\/company\\\/vtorino\\\/\"]}]}<\/script>\n<meta property=\"product:brand\" content=\"Tractive\" \/>\n<meta property=\"product:price:amount\" content=\"41.91\" \/>\n<meta property=\"product:price:currency\" content=\"EUR\" \/>\n<meta property=\"og:availability\" content=\"instock\" \/>\n<meta property=\"product:availability\" content=\"instock\" \/>\n<meta property=\"product:retailer_item_id\" content=\"C-GPS709\" \/>\n<meta property=\"product:condition\" content=\"new\" \/>\n<!-- \/ Yoast SEO plugin. -->","yoast_head_json":{"title":"GPS Tractive Cat Mini pour chat Tractive - V\u00e9torino","description":"\u00c9quipez votre aventurier f\u00e9lin d\u2019un GPS chat Tractive et vous pourrez le suivre \u00e0 la trace et passer toutes ses sorties en revue. Surveillez son sommeil et son niveau d\u2019activit\u00e9 avec le moniteur de bien-\u00eatre.  Vous voulez d\u00e9couvrir la vie secr\u00e8te de votre chat ? C\u2019est tout simple : commandez votre traceur GPS chat, choisissez un abonnement (d\u00e8s 5 \u20ac\/mois) et t\u00e9l\u00e9chargez l\u2019application Tractive gratuite. C\u2019est parti ! Le GPS pour chat est livr\u00e9 avec un collier de s\u00e9curit\u00e9 Rogz gratuit, ainsi que 2 attaches diff\u00e9rentes.","robots":{"index":"noindex","follow":"nofollow"},"og_locale":"fr_FR","og_type":"article","og_title":"GPS Tractive Cat Mini pour chat Tractive - V\u00e9torino","og_description":"\u00c9quipez votre aventurier f\u00e9lin d\u2019un GPS chat Tractive et vous pourrez le suivre \u00e0 la trace et passer toutes ses sorties en revue. Surveillez son sommeil et son niveau d\u2019activit\u00e9 avec le moniteur de bien-\u00eatre.  Vous voulez d\u00e9couvrir la vie secr\u00e8te de votre chat ? C\u2019est tout simple : commandez votre traceur GPS chat, choisissez un abonnement (d\u00e8s 5 \u20ac\/mois) et t\u00e9l\u00e9chargez l\u2019application Tractive gratuite. C\u2019est parti ! Le GPS pour chat est livr\u00e9 avec un collier de s\u00e9curit\u00e9 Rogz gratuit, ainsi que 2 attaches diff\u00e9rentes.","og_url":"https:\/\/www.vetorino.com\/veterinaire\/saintebazeille-47180\/boutique\/product\/gps-tractive-cat-mini-pour-chat\/","og_site_name":"V\u00e9torino","article_publisher":"https:\/\/www.facebook.com\/Vetorino\/","article_modified_time":"2026-03-05T01:42:36+00:00","og_image":[{"width":1080,"height":1080,"url":"https:\/\/www.vetorino.com\/boutique\/wp-content\/uploads\/2023\/08\/Publications-instagram-3.png","type":"image\/png"}],"twitter_card":"summary_large_image","twitter_misc":{"Prix":"41,91&euro;","Disponibilit\u00e9":"En stock"},"schema":{"@context":"https:\/\/schema.org","@graph":[{"@type":"WebPage","@id":"https:\/\/www.vetorino.com\/boutique\/product\/gps-tractive-cat-mini-pour-chat\/","url":"https:\/\/www.vetorino.com\/boutique\/product\/gps-tractive-cat-mini-pour-chat\/","name":"GPS Tractive Cat Mini pour chat Tractive - V\u00e9torino","isPartOf":{"@id":"https:\/\/www.vetorino.com\/boutique\/#website"},"primaryImageOfPage":{"@id":"https:\/\/www.vetorino.com\/boutique\/product\/gps-tractive-cat-mini-pour-chat\/#primaryimage"},"image":{"@id":"https:\/\/www.vetorino.com\/boutique\/product\/gps-tractive-cat-mini-pour-chat\/#primaryimage"},"thumbnailUrl":"https:\/\/www.vetorino.com\/boutique\/wp-content\/uploads\/2023\/08\/Publications-instagram-3.png","datePublished":"2023-08-31T09:35:50+00:00","dateModified":"2026-03-05T01:42:36+00:00","description":"\u00c9quipez votre aventurier f\u00e9lin d\u2019un GPS chat Tractive et vous pourrez le suivre \u00e0 la trace et passer toutes ses sorties en revue. Surveillez son sommeil et son niveau d\u2019activit\u00e9 avec le moniteur de bien-\u00eatre. Vous voulez d\u00e9couvrir la vie secr\u00e8te de votre chat ? C\u2019est tout simple : commandez votre traceur GPS chat, choisissez un abonnement (d\u00e8s 5 \u20ac\/mois) et t\u00e9l\u00e9chargez l\u2019application Tractive gratuite. C\u2019est parti ! Le GPS pour chat est livr\u00e9 avec un collier de s\u00e9curit\u00e9 Rogz gratuit, ainsi que 2 attaches diff\u00e9rentes.","breadcrumb":{"@id":"https:\/\/www.vetorino.com\/boutique\/product\/gps-tractive-cat-mini-pour-chat\/#breadcrumb"},"inLanguage":"fr-FR","potentialAction":[{"@type":"ReadAction","target":["https:\/\/www.vetorino.com\/boutique\/product\/gps-tractive-cat-mini-pour-chat\/"]}]},{"@type":"ImageObject","inLanguage":"fr-FR","@id":"https:\/\/www.vetorino.com\/boutique\/product\/gps-tractive-cat-mini-pour-chat\/#primaryimage","url":"https:\/\/www.vetorino.com\/boutique\/wp-content\/uploads\/2023\/08\/Publications-instagram-3.png","contentUrl":"https:\/\/www.vetorino.com\/boutique\/wp-content\/uploads\/2023\/08\/Publications-instagram-3.png","width":1080,"height":1080},{"@type":"BreadcrumbList","@id":"https:\/\/www.vetorino.com\/boutique\/product\/gps-tractive-cat-mini-pour-chat\/#breadcrumb","itemListElement":[{"@type":"ListItem","position":1,"name":"Accueil","item":"https:\/\/www.vetorino.com\/boutique\/"},{"@type":"ListItem","position":2,"name":"Produits","item":"https:\/\/www.vetorino.com\/boutique\/"},{"@type":"ListItem","position":3,"name":"GPS Tractive Cat Mini pour chat"}]},{"@type":"WebSite","@id":"https:\/\/www.vetorino.com\/boutique\/#website","url":"https:\/\/www.vetorino.com\/boutique\/","name":"V\u00e9torino","description":"","publisher":{"@id":"https:\/\/www.vetorino.com\/boutique\/#organization"},"potentialAction":[{"@type":"SearchAction","target":{"@type":"EntryPoint","urlTemplate":"https:\/\/www.vetorino.com\/boutique\/?s={search_term_string}"},"query-input":{"@type":"PropertyValueSpecification","valueRequired":true,"valueName":"search_term_string"}}],"inLanguage":"fr-FR"},{"@type":"Organization","@id":"https:\/\/www.vetorino.com\/boutique\/#organization","name":"V\u00e9torino","url":"https:\/\/www.vetorino.com\/boutique\/","logo":{"@type":"ImageObject","inLanguage":"fr-FR","@id":"https:\/\/www.vetorino.com\/boutique\/#\/schema\/logo\/image\/","url":"https:\/\/www.vetorino.com\/boutique\/wp-content\/uploads\/2024\/10\/logo.jpg","contentUrl":"https:\/\/www.vetorino.com\/boutique\/wp-content\/uploads\/2024\/10\/logo.jpg","width":1200,"height":610,"caption":"V\u00e9torino"},"image":{"@id":"https:\/\/www.vetorino.com\/boutique\/#\/schema\/logo\/image\/"},"sameAs":["https:\/\/www.facebook.com\/Vetorino\/","https:\/\/www.instagram.com\/vetorino_off\/","https:\/\/www.linkedin.com\/company\/vtorino\/"]}]},"product_brand":"Tractive","product_price_amount":"41.91","product_price_currency":"EUR","og_availability":"instock","product_availability":"instock","product_retailer_item_id":"C-GPS709","product_condition":"new"},"_links":{"self":[{"href":"https:\/\/www.vetorino.com\/veterinaire\/saintebazeille-47180\/boutique\/wp-json\/wp\/v2\/product\/685659","targetHints":{"allow":["GET"]}}],"collection":[{"href":"https:\/\/www.vetorino.com\/veterinaire\/saintebazeille-47180\/boutique\/wp-json\/wp\/v2\/product"}],"about":[{"href":"https:\/\/www.vetorino.com\/veterinaire\/saintebazeille-47180\/boutique\/wp-json\/wp\/v2\/types\/product"}],"wp:featuredmedia":[{"embeddable":true,"href":"https:\/\/www.vetorino.com\/veterinaire\/saintebazeille-47180\/boutique\/wp-json\/wp\/v2\/media\/685667"}],"wp:attachment":[{"href":"https:\/\/www.vetorino.com\/veterinaire\/saintebazeille-47180\/boutique\/wp-json\/wp\/v2\/media?parent=685659"}],"wp:term":[{"taxonomy":"product_cat","embeddable":true,"href":"https:\/\/www.vetorino.com\/veterinaire\/saintebazeille-47180\/boutique\/wp-json\/wp\/v2\/product_cat?post=685659"},{"taxonomy":"product_tag","embeddable":true,"href":"https:\/\/www.vetorino.com\/veterinaire\/saintebazeille-47180\/boutique\/wp-json\/wp\/v2\/product_tag?post=685659"}],"curies":[{"name":"wp","href":"https:\/\/api.w.org\/{rel}","templated":true}]}}