{"id":794799,"date":"2024-01-04T10:20:29","date_gmt":"2024-01-04T09:20:29","guid":{"rendered":"https:\/\/www.vetorino.com\/boutique\/product\/gps-tractive-dog-xl-pour-chien\/"},"modified":"2026-03-31T09:41:11","modified_gmt":"2026-03-31T07:41:11","slug":"gps-tractive-dog-xl-pour-chien","status":"publish","type":"product","link":"https:\/\/www.vetorino.com\/veterinaire\/saintebazeille-47180\/boutique\/product\/gps-tractive-dog-xl-pour-chien\/","title":{"rendered":"GPS Tractive Dog XL pour chien"},"content":{"rendered":"<p><strong>Mode LIVE<\/strong><br \/>\nSuivez-le \u00e0 la trace avec une localisation mise \u00e0 jour toutes les 2 \u00e0 3 secondes. Retrouvez votre chien o\u00f9 qu&#8217;il aille, sans limite de distance.<\/p>\n<p><strong>Historique et partage<\/strong><br \/>\nSurveillez les activit\u00e9s de votre chien. D\u00e9couvrez le trac\u00e9 de vos promenades. Donnez acc\u00e8s \u00e0 vos proches ou au dog-sitter sans frais suppl\u00e9mentaires.<\/p>\n<p><strong>Alertes anti-fugue<\/strong><br \/>\nCr\u00e9ez des cl\u00f4tures virtuelles autour de zones s\u00fbres (comme votre jardin) et de zones interdites (comme celui du voisin). Vous recevrez une alerte d\u00e8s qu&#8217;il traverse l&#8217;une d&#8217;elles.<\/p>\n<p><strong>Moniteur de bien-\u00eatre<\/strong><br \/>\nVoyez directement comment il se porte. D\u00e9finissez des objectifs et comparez-le \u00e0 d&#8217;autres chiens. D\u00e9couvrez ses habitudes de sommeil pour d\u00e9tecter tout probl\u00e8me potentiel.<\/p>\n<p><strong>Jusqu&#8217;\u00e0 21 jours d&#8217;autonomie<\/strong><br \/>\nMaximisez l&#8217;autonomie en cr\u00e9ant une zone d&#8217;\u00e9conomie d&#8217;\u00e9nergie. Traceur 100 % \u00e9tanche et pr\u00eat pour l&#8217;aventure. Id\u00e9al pour les chiens de 18 kg et plus.<\/p>\n<ul>\n<li>Application gratuite pour iOS et Android.<\/li>\n<li>Jusqu&#8217;\u00e0 21 jours d&#8217;autonomie, charge compl\u00e8te en moins de 5 heures.<\/li>\n<li>Costaud, compatible avec les colliers jusqu&#8217;\u00e0 4 cm de largeur.<\/li>\n<li>Etanche, r\u00e9siste aux chocs.<\/li>\n<\/ul>\n<p><strong>Abonnement requis \u2013 d\u00e8s 5 \u20ac\/mois<\/strong><br \/>\nPas de frais suppl\u00e9mentaires, carte SIM int\u00e9gr\u00e9e. Choisissez simplement un abonnement (mensuel ou sur 1, 2, ou 5 ans) et utilisez votre traceur partout au monde. Essai sans risque gr\u00e2ce \u00e0 la garantie Satisfait ou Rembours\u00e9.<br \/>\nCorrespond \u00e0 un abonnement de 2 ans payable en une fois \u00e0 l&#8217;avance. Les prix peuvent \u00eatre modifi\u00e9s. Trouvez les infos actuelles sur tractive.com\/plans.<\/p>\n","protected":false},"excerpt":{"rendered":"<p>Le GPS p\u00e8se 90 g et convient \u00e0 tous les chiens de 22 kg et plus, des Bergers australiens aux Saint-Bernards. C&#8217;est le compagnon d&#8217;aventure id\u00e9al !<\/p>\n","protected":false},"featured_media":794810,"template":"","meta":[],"product_cat":[2698],"product_tag":[],"class_list":{"0":"post-794799","1":"product","2":"type-product","3":"status-publish","4":"has-post-thumbnail","6":"product_cat-chien","7":"pa_marque-tractive","9":"first","10":"instock","11":"taxable","12":"shipping-taxable","13":"purchasable","14":"product-type-simple"},"yoast_head":"<!-- This site is optimized with the Yoast SEO plugin v27.3 - https:\/\/yoast.com\/product\/yoast-seo-wordpress\/ -->\n<title>GPS Tractive Dog XL pour chien Tractive - V\u00e9torino<\/title>\n<meta name=\"description\" content=\"Le GPS p\u00e8se 90 g et convient \u00e0 tous les chiens de 22 kg et plus, des Bergers australiens aux Saint-Bernards. C&#039;est le compagnon d&#039;aventure id\u00e9al !\" \/>\n<meta name=\"robots\" content=\"noindex, nofollow\" \/>\n<meta property=\"og:locale\" content=\"fr_FR\" \/>\n<meta property=\"og:type\" content=\"article\" \/>\n<meta property=\"og:title\" content=\"GPS Tractive Dog XL pour chien Tractive - V\u00e9torino\" \/>\n<meta property=\"og:description\" content=\"Le GPS p\u00e8se 90 g et convient \u00e0 tous les chiens de 22 kg et plus, des Bergers australiens aux Saint-Bernards. C&#039;est le compagnon d&#039;aventure id\u00e9al !\" \/>\n<meta property=\"og:url\" content=\"https:\/\/www.vetorino.com\/veterinaire\/saintebazeille-47180\/boutique\/product\/gps-tractive-dog-xl-pour-chien\/\" \/>\n<meta property=\"og:site_name\" content=\"V\u00e9torino\" \/>\n<meta property=\"article:publisher\" content=\"https:\/\/www.facebook.com\/Vetorino\/\" \/>\n<meta property=\"article:modified_time\" content=\"2026-03-31T07:41:11+00:00\" \/>\n<meta property=\"og:image\" content=\"https:\/\/www.vetorino.com\/boutique\/wp-content\/uploads\/2024\/01\/tractive-dog-xl-packaging.png\" \/>\n\t<meta property=\"og:image:width\" content=\"2350\" \/>\n\t<meta property=\"og:image:height\" content=\"2350\" \/>\n\t<meta property=\"og:image:type\" content=\"image\/png\" \/>\n<meta name=\"twitter:card\" content=\"summary_large_image\" \/>\n<meta name=\"twitter:label1\" content=\"Prix\" \/>\n\t<meta name=\"twitter:data1\" content=\"58,54&euro;\" \/>\n\t<meta name=\"twitter:label2\" content=\"Disponibilit\u00e9\" \/>\n\t<meta name=\"twitter:data2\" content=\"En stock\" \/>\n<script type=\"application\/ld+json\" class=\"yoast-schema-graph\">{\"@context\":\"https:\\\/\\\/schema.org\",\"@graph\":[{\"@type\":\"WebPage\",\"@id\":\"https:\\\/\\\/www.vetorino.com\\\/boutique\\\/product\\\/gps-tractive-dog-xl-pour-chien\\\/\",\"url\":\"https:\\\/\\\/www.vetorino.com\\\/boutique\\\/product\\\/gps-tractive-dog-xl-pour-chien\\\/\",\"name\":\"GPS Tractive Dog XL pour chien Tractive - V\u00e9torino\",\"isPartOf\":{\"@id\":\"https:\\\/\\\/www.vetorino.com\\\/boutique\\\/#website\"},\"primaryImageOfPage\":{\"@id\":\"https:\\\/\\\/www.vetorino.com\\\/boutique\\\/product\\\/gps-tractive-dog-xl-pour-chien\\\/#primaryimage\"},\"image\":{\"@id\":\"https:\\\/\\\/www.vetorino.com\\\/boutique\\\/product\\\/gps-tractive-dog-xl-pour-chien\\\/#primaryimage\"},\"thumbnailUrl\":\"https:\\\/\\\/www.vetorino.com\\\/boutique\\\/wp-content\\\/uploads\\\/2024\\\/01\\\/tractive-dog-xl-packaging.png\",\"datePublished\":\"2024-01-04T09:20:29+00:00\",\"dateModified\":\"2026-03-31T07:41:11+00:00\",\"description\":\"Le GPS p\u00e8se 90 g et convient \u00e0 tous les chiens de 22 kg et plus, des Bergers australiens aux Saint-Bernards. C'est le compagnon d'aventure id\u00e9al !\",\"breadcrumb\":{\"@id\":\"https:\\\/\\\/www.vetorino.com\\\/boutique\\\/product\\\/gps-tractive-dog-xl-pour-chien\\\/#breadcrumb\"},\"inLanguage\":\"fr-FR\",\"potentialAction\":[{\"@type\":\"ReadAction\",\"target\":[\"https:\\\/\\\/www.vetorino.com\\\/boutique\\\/product\\\/gps-tractive-dog-xl-pour-chien\\\/\"]}]},{\"@type\":\"ImageObject\",\"inLanguage\":\"fr-FR\",\"@id\":\"https:\\\/\\\/www.vetorino.com\\\/boutique\\\/product\\\/gps-tractive-dog-xl-pour-chien\\\/#primaryimage\",\"url\":\"https:\\\/\\\/www.vetorino.com\\\/boutique\\\/wp-content\\\/uploads\\\/2024\\\/01\\\/tractive-dog-xl-packaging.png\",\"contentUrl\":\"https:\\\/\\\/www.vetorino.com\\\/boutique\\\/wp-content\\\/uploads\\\/2024\\\/01\\\/tractive-dog-xl-packaging.png\",\"width\":2350,\"height\":2350},{\"@type\":\"BreadcrumbList\",\"@id\":\"https:\\\/\\\/www.vetorino.com\\\/boutique\\\/product\\\/gps-tractive-dog-xl-pour-chien\\\/#breadcrumb\",\"itemListElement\":[{\"@type\":\"ListItem\",\"position\":1,\"name\":\"Accueil\",\"item\":\"https:\\\/\\\/www.vetorino.com\\\/boutique\\\/\"},{\"@type\":\"ListItem\",\"position\":2,\"name\":\"Produits\",\"item\":\"https:\\\/\\\/www.vetorino.com\\\/boutique\\\/\"},{\"@type\":\"ListItem\",\"position\":3,\"name\":\"GPS Tractive Dog XL pour chien\"}]},{\"@type\":\"WebSite\",\"@id\":\"https:\\\/\\\/www.vetorino.com\\\/boutique\\\/#website\",\"url\":\"https:\\\/\\\/www.vetorino.com\\\/boutique\\\/\",\"name\":\"V\u00e9torino\",\"description\":\"\",\"publisher\":{\"@id\":\"https:\\\/\\\/www.vetorino.com\\\/boutique\\\/#organization\"},\"potentialAction\":[{\"@type\":\"SearchAction\",\"target\":{\"@type\":\"EntryPoint\",\"urlTemplate\":\"https:\\\/\\\/www.vetorino.com\\\/boutique\\\/?s={search_term_string}\"},\"query-input\":{\"@type\":\"PropertyValueSpecification\",\"valueRequired\":true,\"valueName\":\"search_term_string\"}}],\"inLanguage\":\"fr-FR\"},{\"@type\":\"Organization\",\"@id\":\"https:\\\/\\\/www.vetorino.com\\\/boutique\\\/#organization\",\"name\":\"V\u00e9torino\",\"url\":\"https:\\\/\\\/www.vetorino.com\\\/boutique\\\/\",\"logo\":{\"@type\":\"ImageObject\",\"inLanguage\":\"fr-FR\",\"@id\":\"https:\\\/\\\/www.vetorino.com\\\/boutique\\\/#\\\/schema\\\/logo\\\/image\\\/\",\"url\":\"https:\\\/\\\/www.vetorino.com\\\/boutique\\\/wp-content\\\/uploads\\\/2024\\\/10\\\/logo.jpg\",\"contentUrl\":\"https:\\\/\\\/www.vetorino.com\\\/boutique\\\/wp-content\\\/uploads\\\/2024\\\/10\\\/logo.jpg\",\"width\":1200,\"height\":610,\"caption\":\"V\u00e9torino\"},\"image\":{\"@id\":\"https:\\\/\\\/www.vetorino.com\\\/boutique\\\/#\\\/schema\\\/logo\\\/image\\\/\"},\"sameAs\":[\"https:\\\/\\\/www.facebook.com\\\/Vetorino\\\/\",\"https:\\\/\\\/www.instagram.com\\\/vetorino_off\\\/\",\"https:\\\/\\\/www.linkedin.com\\\/company\\\/vtorino\\\/\"]}]}<\/script>\n<meta property=\"product:brand\" content=\"Tractive\" \/>\n<meta property=\"product:price:amount\" content=\"58.54\" \/>\n<meta property=\"product:price:currency\" content=\"EUR\" \/>\n<meta property=\"og:availability\" content=\"instock\" \/>\n<meta property=\"product:availability\" content=\"instock\" \/>\n<meta property=\"product:retailer_item_id\" content=\"C-GPS710\" \/>\n<meta property=\"product:condition\" content=\"new\" \/>\n<!-- \/ Yoast SEO plugin. -->","yoast_head_json":{"title":"GPS Tractive Dog XL pour chien Tractive - V\u00e9torino","description":"Le GPS p\u00e8se 90 g et convient \u00e0 tous les chiens de 22 kg et plus, des Bergers australiens aux Saint-Bernards. C'est le compagnon d'aventure id\u00e9al !","robots":{"index":"noindex","follow":"nofollow"},"og_locale":"fr_FR","og_type":"article","og_title":"GPS Tractive Dog XL pour chien Tractive - V\u00e9torino","og_description":"Le GPS p\u00e8se 90 g et convient \u00e0 tous les chiens de 22 kg et plus, des Bergers australiens aux Saint-Bernards. C'est le compagnon d'aventure id\u00e9al !","og_url":"https:\/\/www.vetorino.com\/veterinaire\/saintebazeille-47180\/boutique\/product\/gps-tractive-dog-xl-pour-chien\/","og_site_name":"V\u00e9torino","article_publisher":"https:\/\/www.facebook.com\/Vetorino\/","article_modified_time":"2026-03-31T07:41:11+00:00","og_image":[{"width":2350,"height":2350,"url":"https:\/\/www.vetorino.com\/boutique\/wp-content\/uploads\/2024\/01\/tractive-dog-xl-packaging.png","type":"image\/png"}],"twitter_card":"summary_large_image","twitter_misc":{"Prix":"58,54&euro;","Disponibilit\u00e9":"En stock"},"schema":{"@context":"https:\/\/schema.org","@graph":[{"@type":"WebPage","@id":"https:\/\/www.vetorino.com\/boutique\/product\/gps-tractive-dog-xl-pour-chien\/","url":"https:\/\/www.vetorino.com\/boutique\/product\/gps-tractive-dog-xl-pour-chien\/","name":"GPS Tractive Dog XL pour chien Tractive - V\u00e9torino","isPartOf":{"@id":"https:\/\/www.vetorino.com\/boutique\/#website"},"primaryImageOfPage":{"@id":"https:\/\/www.vetorino.com\/boutique\/product\/gps-tractive-dog-xl-pour-chien\/#primaryimage"},"image":{"@id":"https:\/\/www.vetorino.com\/boutique\/product\/gps-tractive-dog-xl-pour-chien\/#primaryimage"},"thumbnailUrl":"https:\/\/www.vetorino.com\/boutique\/wp-content\/uploads\/2024\/01\/tractive-dog-xl-packaging.png","datePublished":"2024-01-04T09:20:29+00:00","dateModified":"2026-03-31T07:41:11+00:00","description":"Le GPS p\u00e8se 90 g et convient \u00e0 tous les chiens de 22 kg et plus, des Bergers australiens aux Saint-Bernards. C'est le compagnon d'aventure id\u00e9al !","breadcrumb":{"@id":"https:\/\/www.vetorino.com\/boutique\/product\/gps-tractive-dog-xl-pour-chien\/#breadcrumb"},"inLanguage":"fr-FR","potentialAction":[{"@type":"ReadAction","target":["https:\/\/www.vetorino.com\/boutique\/product\/gps-tractive-dog-xl-pour-chien\/"]}]},{"@type":"ImageObject","inLanguage":"fr-FR","@id":"https:\/\/www.vetorino.com\/boutique\/product\/gps-tractive-dog-xl-pour-chien\/#primaryimage","url":"https:\/\/www.vetorino.com\/boutique\/wp-content\/uploads\/2024\/01\/tractive-dog-xl-packaging.png","contentUrl":"https:\/\/www.vetorino.com\/boutique\/wp-content\/uploads\/2024\/01\/tractive-dog-xl-packaging.png","width":2350,"height":2350},{"@type":"BreadcrumbList","@id":"https:\/\/www.vetorino.com\/boutique\/product\/gps-tractive-dog-xl-pour-chien\/#breadcrumb","itemListElement":[{"@type":"ListItem","position":1,"name":"Accueil","item":"https:\/\/www.vetorino.com\/boutique\/"},{"@type":"ListItem","position":2,"name":"Produits","item":"https:\/\/www.vetorino.com\/boutique\/"},{"@type":"ListItem","position":3,"name":"GPS Tractive Dog XL pour chien"}]},{"@type":"WebSite","@id":"https:\/\/www.vetorino.com\/boutique\/#website","url":"https:\/\/www.vetorino.com\/boutique\/","name":"V\u00e9torino","description":"","publisher":{"@id":"https:\/\/www.vetorino.com\/boutique\/#organization"},"potentialAction":[{"@type":"SearchAction","target":{"@type":"EntryPoint","urlTemplate":"https:\/\/www.vetorino.com\/boutique\/?s={search_term_string}"},"query-input":{"@type":"PropertyValueSpecification","valueRequired":true,"valueName":"search_term_string"}}],"inLanguage":"fr-FR"},{"@type":"Organization","@id":"https:\/\/www.vetorino.com\/boutique\/#organization","name":"V\u00e9torino","url":"https:\/\/www.vetorino.com\/boutique\/","logo":{"@type":"ImageObject","inLanguage":"fr-FR","@id":"https:\/\/www.vetorino.com\/boutique\/#\/schema\/logo\/image\/","url":"https:\/\/www.vetorino.com\/boutique\/wp-content\/uploads\/2024\/10\/logo.jpg","contentUrl":"https:\/\/www.vetorino.com\/boutique\/wp-content\/uploads\/2024\/10\/logo.jpg","width":1200,"height":610,"caption":"V\u00e9torino"},"image":{"@id":"https:\/\/www.vetorino.com\/boutique\/#\/schema\/logo\/image\/"},"sameAs":["https:\/\/www.facebook.com\/Vetorino\/","https:\/\/www.instagram.com\/vetorino_off\/","https:\/\/www.linkedin.com\/company\/vtorino\/"]}]},"product_brand":"Tractive","product_price_amount":"58.54","product_price_currency":"EUR","og_availability":"instock","product_availability":"instock","product_retailer_item_id":"C-GPS710","product_condition":"new"},"_links":{"self":[{"href":"https:\/\/www.vetorino.com\/veterinaire\/saintebazeille-47180\/boutique\/wp-json\/wp\/v2\/product\/794799","targetHints":{"allow":["GET"]}}],"collection":[{"href":"https:\/\/www.vetorino.com\/veterinaire\/saintebazeille-47180\/boutique\/wp-json\/wp\/v2\/product"}],"about":[{"href":"https:\/\/www.vetorino.com\/veterinaire\/saintebazeille-47180\/boutique\/wp-json\/wp\/v2\/types\/product"}],"wp:featuredmedia":[{"embeddable":true,"href":"https:\/\/www.vetorino.com\/veterinaire\/saintebazeille-47180\/boutique\/wp-json\/wp\/v2\/media\/794810"}],"wp:attachment":[{"href":"https:\/\/www.vetorino.com\/veterinaire\/saintebazeille-47180\/boutique\/wp-json\/wp\/v2\/media?parent=794799"}],"wp:term":[{"taxonomy":"product_cat","embeddable":true,"href":"https:\/\/www.vetorino.com\/veterinaire\/saintebazeille-47180\/boutique\/wp-json\/wp\/v2\/product_cat?post=794799"},{"taxonomy":"product_tag","embeddable":true,"href":"https:\/\/www.vetorino.com\/veterinaire\/saintebazeille-47180\/boutique\/wp-json\/wp\/v2\/product_tag?post=794799"}],"curies":[{"name":"wp","href":"https:\/\/api.w.org\/{rel}","templated":true}]}}