{"id":906398,"date":"2024-04-26T17:38:58","date_gmt":"2024-04-26T15:38:58","guid":{"rendered":"https:\/\/www.vetorino.com\/boutique\/product\/jouet-chien-wouapy-corde-de-jeu\/"},"modified":"2026-02-21T02:42:21","modified_gmt":"2026-02-21T01:42:21","slug":"jouet-chien-wouapy-corde-de-jeu","status":"publish","type":"product","link":"https:\/\/www.vetorino.com\/veterinaire\/saintebazeille-47180\/boutique\/product\/jouet-chien-wouapy-corde-de-jeu\/","title":{"rendered":"Jouet corde noeud pour chiens et chiots"},"content":{"rendered":"<p>Les jouets corde <strong>pour chiens et chiots<\/strong> par <strong>Wouapy<\/strong> offre couleur et r\u00e9sistance qui occuperont votre chien lors de vos absences.<\/p>\n<p>Ces jouets code stimulent l&#8217;interactivit\u00e9 entre vous et votre fid\u00e8le compagnon, avec ce jouet vous pourrez vous amuser \u00e0 le lancer, le tirer ou encore votre chien pourra le m\u00e2cher. Ces jouets sont tr\u00e8s r\u00e9sistants et sont constitu\u00e9s de fibres int\u00e9rieures en coton recycl\u00e9.<\/p>\n<p>Gamme de jouets en corde pour chien.<\/p>\n<ul>\n<li>Lorsque le chien m\u00e2che, la corde aide \u00e0 enlever le tartre mou et \u00e0 entretenir sa sant\u00e9 dentaire.<\/li>\n<li>Ce sont \u00e9galement des jouets qui permettent une int\u00e9ractivit\u00e9 entre le ma\u00eetre et son animal.<\/li>\n<li>Id\u00e9al pour maintenir sa vitalit\u00e9 et d\u00e9penser de l\u2019\u00e9nergie.<\/li>\n<li>Fibres int\u00e9rieures en coton recycl\u00e9.<\/li>\n<\/ul>\n","protected":false},"excerpt":{"rendered":"<p>Les jouets corde pour chiens et chiots par Wouapy offre couleur et r\u00e9sistance qui occuperont votre chien lors de vos absences.<\/p>\n","protected":false},"featured_media":908824,"template":"","meta":[],"product_cat":[12550,2698,2802],"product_tag":[],"class_list":{"0":"post-906398","1":"product","2":"type-product","3":"status-publish","4":"has-post-thumbnail","6":"product_cat-accessoires-du-chien","7":"product_cat-chien","8":"product_cat-jouets-a-macher-pour-chien","9":"pa_marque-wouapy","11":"first","12":"instock","13":"taxable","14":"shipping-taxable","15":"purchasable","16":"product-type-variable"},"yoast_head":"<!-- This site is optimized with the Yoast SEO plugin v27.3 - https:\/\/yoast.com\/product\/yoast-seo-wordpress\/ -->\n<title>Jouet corde noeud pour chiens et chiots Wouapy - V\u00e9torino<\/title>\n<meta name=\"description\" content=\"Les jouets corde pour chiens et chiots par Wouapy offre couleur et r\u00e9sistance qui occuperont votre chien lors de vos absences.\" \/>\n<meta name=\"robots\" content=\"noindex, nofollow\" \/>\n<meta property=\"og:locale\" content=\"fr_FR\" \/>\n<meta property=\"og:type\" content=\"article\" \/>\n<meta property=\"og:title\" content=\"Jouet corde noeud pour chiens et chiots Wouapy - V\u00e9torino\" \/>\n<meta property=\"og:description\" content=\"Les jouets corde pour chiens et chiots par Wouapy offre couleur et r\u00e9sistance qui occuperont votre chien lors de vos absences.\" \/>\n<meta property=\"og:url\" content=\"https:\/\/www.vetorino.com\/veterinaire\/saintebazeille-47180\/boutique\/product\/jouet-chien-wouapy-corde-de-jeu\/\" \/>\n<meta property=\"og:site_name\" content=\"V\u00e9torino\" \/>\n<meta property=\"article:publisher\" content=\"https:\/\/www.facebook.com\/Vetorino\/\" \/>\n<meta property=\"article:modified_time\" content=\"2026-02-21T01:42:21+00:00\" \/>\n<meta property=\"og:image\" content=\"https:\/\/www.vetorino.com\/boutique\/wp-content\/uploads\/2024\/04\/73458.jpg\" \/>\n\t<meta property=\"og:image:width\" content=\"780\" \/>\n\t<meta property=\"og:image:height\" content=\"654\" \/>\n\t<meta property=\"og:image:type\" content=\"image\/jpeg\" \/>\n<meta name=\"twitter:card\" content=\"summary_large_image\" \/>\n<meta name=\"twitter:label1\" content=\"Disponibilit\u00e9\" \/>\n\t<meta name=\"twitter:data1\" content=\"En stock\" \/>\n<script type=\"application\/ld+json\" class=\"yoast-schema-graph\">{\"@context\":\"https:\\\/\\\/schema.org\",\"@graph\":[{\"@type\":\"WebPage\",\"@id\":\"https:\\\/\\\/www.vetorino.com\\\/boutique\\\/product\\\/jouet-chien-wouapy-corde-de-jeu\\\/\",\"url\":\"https:\\\/\\\/www.vetorino.com\\\/boutique\\\/product\\\/jouet-chien-wouapy-corde-de-jeu\\\/\",\"name\":\"Jouet corde noeud pour chiens et chiots Wouapy - V\u00e9torino\",\"isPartOf\":{\"@id\":\"https:\\\/\\\/www.vetorino.com\\\/boutique\\\/#website\"},\"primaryImageOfPage\":{\"@id\":\"https:\\\/\\\/www.vetorino.com\\\/boutique\\\/product\\\/jouet-chien-wouapy-corde-de-jeu\\\/#primaryimage\"},\"image\":{\"@id\":\"https:\\\/\\\/www.vetorino.com\\\/boutique\\\/product\\\/jouet-chien-wouapy-corde-de-jeu\\\/#primaryimage\"},\"thumbnailUrl\":\"https:\\\/\\\/www.vetorino.com\\\/boutique\\\/wp-content\\\/uploads\\\/2024\\\/04\\\/73458.jpg\",\"datePublished\":\"2024-04-26T15:38:58+00:00\",\"dateModified\":\"2026-02-21T01:42:21+00:00\",\"description\":\"Les jouets corde pour chiens et chiots par Wouapy offre couleur et r\u00e9sistance qui occuperont votre chien lors de vos absences.\",\"breadcrumb\":{\"@id\":\"https:\\\/\\\/www.vetorino.com\\\/boutique\\\/product\\\/jouet-chien-wouapy-corde-de-jeu\\\/#breadcrumb\"},\"inLanguage\":\"fr-FR\",\"potentialAction\":[{\"@type\":\"ReadAction\",\"target\":[\"https:\\\/\\\/www.vetorino.com\\\/boutique\\\/product\\\/jouet-chien-wouapy-corde-de-jeu\\\/\"]}]},{\"@type\":\"ImageObject\",\"inLanguage\":\"fr-FR\",\"@id\":\"https:\\\/\\\/www.vetorino.com\\\/boutique\\\/product\\\/jouet-chien-wouapy-corde-de-jeu\\\/#primaryimage\",\"url\":\"https:\\\/\\\/www.vetorino.com\\\/boutique\\\/wp-content\\\/uploads\\\/2024\\\/04\\\/73458.jpg\",\"contentUrl\":\"https:\\\/\\\/www.vetorino.com\\\/boutique\\\/wp-content\\\/uploads\\\/2024\\\/04\\\/73458.jpg\",\"width\":780,\"height\":654},{\"@type\":\"BreadcrumbList\",\"@id\":\"https:\\\/\\\/www.vetorino.com\\\/boutique\\\/product\\\/jouet-chien-wouapy-corde-de-jeu\\\/#breadcrumb\",\"itemListElement\":[{\"@type\":\"ListItem\",\"position\":1,\"name\":\"Accueil\",\"item\":\"https:\\\/\\\/www.vetorino.com\\\/boutique\\\/\"},{\"@type\":\"ListItem\",\"position\":2,\"name\":\"Produits\",\"item\":\"https:\\\/\\\/www.vetorino.com\\\/boutique\\\/\"},{\"@type\":\"ListItem\",\"position\":3,\"name\":\"Jouet corde noeud pour chiens et chiots\"}]},{\"@type\":\"WebSite\",\"@id\":\"https:\\\/\\\/www.vetorino.com\\\/boutique\\\/#website\",\"url\":\"https:\\\/\\\/www.vetorino.com\\\/boutique\\\/\",\"name\":\"V\u00e9torino\",\"description\":\"\",\"publisher\":{\"@id\":\"https:\\\/\\\/www.vetorino.com\\\/boutique\\\/#organization\"},\"potentialAction\":[{\"@type\":\"SearchAction\",\"target\":{\"@type\":\"EntryPoint\",\"urlTemplate\":\"https:\\\/\\\/www.vetorino.com\\\/boutique\\\/?s={search_term_string}\"},\"query-input\":{\"@type\":\"PropertyValueSpecification\",\"valueRequired\":true,\"valueName\":\"search_term_string\"}}],\"inLanguage\":\"fr-FR\"},{\"@type\":\"Organization\",\"@id\":\"https:\\\/\\\/www.vetorino.com\\\/boutique\\\/#organization\",\"name\":\"V\u00e9torino\",\"url\":\"https:\\\/\\\/www.vetorino.com\\\/boutique\\\/\",\"logo\":{\"@type\":\"ImageObject\",\"inLanguage\":\"fr-FR\",\"@id\":\"https:\\\/\\\/www.vetorino.com\\\/boutique\\\/#\\\/schema\\\/logo\\\/image\\\/\",\"url\":\"https:\\\/\\\/www.vetorino.com\\\/boutique\\\/wp-content\\\/uploads\\\/2024\\\/10\\\/logo.jpg\",\"contentUrl\":\"https:\\\/\\\/www.vetorino.com\\\/boutique\\\/wp-content\\\/uploads\\\/2024\\\/10\\\/logo.jpg\",\"width\":1200,\"height\":610,\"caption\":\"V\u00e9torino\"},\"image\":{\"@id\":\"https:\\\/\\\/www.vetorino.com\\\/boutique\\\/#\\\/schema\\\/logo\\\/image\\\/\"},\"sameAs\":[\"https:\\\/\\\/www.facebook.com\\\/Vetorino\\\/\",\"https:\\\/\\\/www.instagram.com\\\/vetorino_off\\\/\",\"https:\\\/\\\/www.linkedin.com\\\/company\\\/vtorino\\\/\"]}]}<\/script>\n<meta property=\"product:brand\" content=\"Wouapy\" \/>\n<meta property=\"og:availability\" content=\"instock\" \/>\n<meta property=\"product:availability\" content=\"instock\" \/>\n<meta property=\"product:condition\" content=\"new\" \/>\n<!-- \/ Yoast SEO plugin. -->","yoast_head_json":{"title":"Jouet corde noeud pour chiens et chiots Wouapy - V\u00e9torino","description":"Les jouets corde pour chiens et chiots par Wouapy offre couleur et r\u00e9sistance qui occuperont votre chien lors de vos absences.","robots":{"index":"noindex","follow":"nofollow"},"og_locale":"fr_FR","og_type":"article","og_title":"Jouet corde noeud pour chiens et chiots Wouapy - V\u00e9torino","og_description":"Les jouets corde pour chiens et chiots par Wouapy offre couleur et r\u00e9sistance qui occuperont votre chien lors de vos absences.","og_url":"https:\/\/www.vetorino.com\/veterinaire\/saintebazeille-47180\/boutique\/product\/jouet-chien-wouapy-corde-de-jeu\/","og_site_name":"V\u00e9torino","article_publisher":"https:\/\/www.facebook.com\/Vetorino\/","article_modified_time":"2026-02-21T01:42:21+00:00","og_image":[{"width":780,"height":654,"url":"https:\/\/www.vetorino.com\/boutique\/wp-content\/uploads\/2024\/04\/73458.jpg","type":"image\/jpeg"}],"twitter_card":"summary_large_image","twitter_misc":{"Disponibilit\u00e9":"En stock"},"schema":{"@context":"https:\/\/schema.org","@graph":[{"@type":"WebPage","@id":"https:\/\/www.vetorino.com\/boutique\/product\/jouet-chien-wouapy-corde-de-jeu\/","url":"https:\/\/www.vetorino.com\/boutique\/product\/jouet-chien-wouapy-corde-de-jeu\/","name":"Jouet corde noeud pour chiens et chiots Wouapy - V\u00e9torino","isPartOf":{"@id":"https:\/\/www.vetorino.com\/boutique\/#website"},"primaryImageOfPage":{"@id":"https:\/\/www.vetorino.com\/boutique\/product\/jouet-chien-wouapy-corde-de-jeu\/#primaryimage"},"image":{"@id":"https:\/\/www.vetorino.com\/boutique\/product\/jouet-chien-wouapy-corde-de-jeu\/#primaryimage"},"thumbnailUrl":"https:\/\/www.vetorino.com\/boutique\/wp-content\/uploads\/2024\/04\/73458.jpg","datePublished":"2024-04-26T15:38:58+00:00","dateModified":"2026-02-21T01:42:21+00:00","description":"Les jouets corde pour chiens et chiots par Wouapy offre couleur et r\u00e9sistance qui occuperont votre chien lors de vos absences.","breadcrumb":{"@id":"https:\/\/www.vetorino.com\/boutique\/product\/jouet-chien-wouapy-corde-de-jeu\/#breadcrumb"},"inLanguage":"fr-FR","potentialAction":[{"@type":"ReadAction","target":["https:\/\/www.vetorino.com\/boutique\/product\/jouet-chien-wouapy-corde-de-jeu\/"]}]},{"@type":"ImageObject","inLanguage":"fr-FR","@id":"https:\/\/www.vetorino.com\/boutique\/product\/jouet-chien-wouapy-corde-de-jeu\/#primaryimage","url":"https:\/\/www.vetorino.com\/boutique\/wp-content\/uploads\/2024\/04\/73458.jpg","contentUrl":"https:\/\/www.vetorino.com\/boutique\/wp-content\/uploads\/2024\/04\/73458.jpg","width":780,"height":654},{"@type":"BreadcrumbList","@id":"https:\/\/www.vetorino.com\/boutique\/product\/jouet-chien-wouapy-corde-de-jeu\/#breadcrumb","itemListElement":[{"@type":"ListItem","position":1,"name":"Accueil","item":"https:\/\/www.vetorino.com\/boutique\/"},{"@type":"ListItem","position":2,"name":"Produits","item":"https:\/\/www.vetorino.com\/boutique\/"},{"@type":"ListItem","position":3,"name":"Jouet corde noeud pour chiens et chiots"}]},{"@type":"WebSite","@id":"https:\/\/www.vetorino.com\/boutique\/#website","url":"https:\/\/www.vetorino.com\/boutique\/","name":"V\u00e9torino","description":"","publisher":{"@id":"https:\/\/www.vetorino.com\/boutique\/#organization"},"potentialAction":[{"@type":"SearchAction","target":{"@type":"EntryPoint","urlTemplate":"https:\/\/www.vetorino.com\/boutique\/?s={search_term_string}"},"query-input":{"@type":"PropertyValueSpecification","valueRequired":true,"valueName":"search_term_string"}}],"inLanguage":"fr-FR"},{"@type":"Organization","@id":"https:\/\/www.vetorino.com\/boutique\/#organization","name":"V\u00e9torino","url":"https:\/\/www.vetorino.com\/boutique\/","logo":{"@type":"ImageObject","inLanguage":"fr-FR","@id":"https:\/\/www.vetorino.com\/boutique\/#\/schema\/logo\/image\/","url":"https:\/\/www.vetorino.com\/boutique\/wp-content\/uploads\/2024\/10\/logo.jpg","contentUrl":"https:\/\/www.vetorino.com\/boutique\/wp-content\/uploads\/2024\/10\/logo.jpg","width":1200,"height":610,"caption":"V\u00e9torino"},"image":{"@id":"https:\/\/www.vetorino.com\/boutique\/#\/schema\/logo\/image\/"},"sameAs":["https:\/\/www.facebook.com\/Vetorino\/","https:\/\/www.instagram.com\/vetorino_off\/","https:\/\/www.linkedin.com\/company\/vtorino\/"]}]},"product_brand":"Wouapy","og_availability":"instock","product_availability":"instock","product_condition":"new"},"_links":{"self":[{"href":"https:\/\/www.vetorino.com\/veterinaire\/saintebazeille-47180\/boutique\/wp-json\/wp\/v2\/product\/906398","targetHints":{"allow":["GET"]}}],"collection":[{"href":"https:\/\/www.vetorino.com\/veterinaire\/saintebazeille-47180\/boutique\/wp-json\/wp\/v2\/product"}],"about":[{"href":"https:\/\/www.vetorino.com\/veterinaire\/saintebazeille-47180\/boutique\/wp-json\/wp\/v2\/types\/product"}],"wp:featuredmedia":[{"embeddable":true,"href":"https:\/\/www.vetorino.com\/veterinaire\/saintebazeille-47180\/boutique\/wp-json\/wp\/v2\/media\/908824"}],"wp:attachment":[{"href":"https:\/\/www.vetorino.com\/veterinaire\/saintebazeille-47180\/boutique\/wp-json\/wp\/v2\/media?parent=906398"}],"wp:term":[{"taxonomy":"product_cat","embeddable":true,"href":"https:\/\/www.vetorino.com\/veterinaire\/saintebazeille-47180\/boutique\/wp-json\/wp\/v2\/product_cat?post=906398"},{"taxonomy":"product_tag","embeddable":true,"href":"https:\/\/www.vetorino.com\/veterinaire\/saintebazeille-47180\/boutique\/wp-json\/wp\/v2\/product_tag?post=906398"}],"curies":[{"name":"wp","href":"https:\/\/api.w.org\/{rel}","templated":true}]}}