{"id":98100,"date":"2020-06-29T22:58:53","date_gmt":"2020-06-29T20:58:53","guid":{"rendered":"https:\/\/www.vetorino.com\/boutique\/product\/jouet-chien-zolux-theo-vache\/"},"modified":"2023-05-24T15:37:32","modified_gmt":"2023-05-24T13:37:32","slug":"jouet-chien-zolux-theo-vache","status":"publish","type":"product","link":"https:\/\/www.vetorino.com\/veterinaire\/saintebazeille-47180\/boutique\/product\/jouet-chien-zolux-theo-vache\/","title":{"rendered":"Jouet chien Zolux : Th\u00e9o Vache"},"content":{"rendered":"<p>Tendrement amusante !<br \/>\nCette peluche apportera des moments d\u2019amusement et de tendresse \u00e0 votre animal.<br \/>\nSonore, color\u00e9e et m\u00e9langeant diff\u00e9rentes mati\u00e8res, elle favorise la d\u00e9couverte et l&#8217;\u00e9veil du chiot.<\/p>\n","protected":false},"excerpt":{"rendered":"<p>Pour votre animal de compagnie, avoir un jouet est synonyme de bien-\u00eatre et de d\u00e9couverte. C\u2019est aussi un excellent moyen pour lui de passer le temps et d\u2019oublier votre absence. La\u00a0<strong>peluche pour chiot Toudoux Th\u00e9o<\/strong>\u00a0en forme de vache sign\u00e9 Zolux saura plaire \u00e0 votre animal domestique. D\u00e8s la premi\u00e8re pr\u00e9sentation, il sera saisi par le m\u00e9lange de couleurs vives et chaleureuses, du jouet.<\/p>\n","protected":false},"featured_media":620929,"template":"","meta":[],"product_cat":[12550,2698,12621],"product_tag":[],"class_list":{"0":"post-98100","1":"product","2":"type-product","3":"status-publish","4":"has-post-thumbnail","6":"product_cat-accessoires-du-chien","7":"product_cat-chien","8":"product_cat-jeux-educatifs-pour-chien","9":"pa_marque-zolux","11":"first","12":"outofstock","13":"taxable","14":"shipping-taxable","15":"purchasable","16":"product-type-simple"},"yoast_head":"<!-- This site is optimized with the Yoast SEO plugin v27.3 - https:\/\/yoast.com\/product\/yoast-seo-wordpress\/ -->\n<title>Jouet chien Zolux : Th\u00e9o Vache Zolux - V\u00e9torino<\/title>\n<meta name=\"description\" content=\"Pour votre animal de compagnie, avoir un jouet est synonyme de bien-\u00eatre et de d\u00e9couverte. C\u2019est aussi un excellent moyen pour lui de passer le temps et d\u2019oublier votre absence. La\u00a0peluche pour chiot Toudoux Th\u00e9o\u00a0en forme de vache sign\u00e9 Zolux saura plaire \u00e0 votre animal domestique. D\u00e8s la premi\u00e8re pr\u00e9sentation, il sera saisi par le m\u00e9lange de couleurs vives et chaleureuses, du jouet.\" \/>\n<meta name=\"robots\" content=\"noindex, nofollow\" \/>\n<meta property=\"og:locale\" content=\"fr_FR\" \/>\n<meta property=\"og:type\" content=\"article\" \/>\n<meta property=\"og:title\" content=\"Jouet chien Zolux : Th\u00e9o Vache Zolux - V\u00e9torino\" \/>\n<meta property=\"og:description\" content=\"Pour votre animal de compagnie, avoir un jouet est synonyme de bien-\u00eatre et de d\u00e9couverte. C\u2019est aussi un excellent moyen pour lui de passer le temps et d\u2019oublier votre absence. La\u00a0peluche pour chiot Toudoux Th\u00e9o\u00a0en forme de vache sign\u00e9 Zolux saura plaire \u00e0 votre animal domestique. D\u00e8s la premi\u00e8re pr\u00e9sentation, il sera saisi par le m\u00e9lange de couleurs vives et chaleureuses, du jouet.\" \/>\n<meta property=\"og:url\" content=\"https:\/\/www.vetorino.com\/veterinaire\/saintebazeille-47180\/boutique\/product\/jouet-chien-zolux-theo-vache\/\" \/>\n<meta property=\"og:site_name\" content=\"V\u00e9torino\" \/>\n<meta property=\"article:publisher\" content=\"https:\/\/www.facebook.com\/Vetorino\/\" \/>\n<meta property=\"article:modified_time\" content=\"2023-05-24T13:37:32+00:00\" \/>\n<meta property=\"og:image\" content=\"https:\/\/www.vetorino.com\/boutique\/wp-content\/uploads\/2020\/06\/610795.jpg\" \/>\n\t<meta property=\"og:image:width\" content=\"1980\" \/>\n\t<meta property=\"og:image:height\" content=\"1980\" \/>\n\t<meta property=\"og:image:type\" content=\"image\/jpeg\" \/>\n<meta name=\"twitter:card\" content=\"summary_large_image\" \/>\n<meta name=\"twitter:label1\" content=\"Prix\" \/>\n\t<meta name=\"twitter:data1\" content=\"4,97&euro;\" \/>\n\t<meta name=\"twitter:label2\" content=\"Disponibilit\u00e9\" \/>\n\t<meta name=\"twitter:data2\" content=\"Rupture de stock\" \/>\n<script type=\"application\/ld+json\" class=\"yoast-schema-graph\">{\"@context\":\"https:\\\/\\\/schema.org\",\"@graph\":[{\"@type\":\"WebPage\",\"@id\":\"https:\\\/\\\/www.vetorino.com\\\/boutique\\\/product\\\/jouet-chien-zolux-theo-vache\\\/\",\"url\":\"https:\\\/\\\/www.vetorino.com\\\/boutique\\\/product\\\/jouet-chien-zolux-theo-vache\\\/\",\"name\":\"Jouet chien Zolux : Th\u00e9o Vache Zolux - V\u00e9torino\",\"isPartOf\":{\"@id\":\"https:\\\/\\\/www.vetorino.com\\\/boutique\\\/#website\"},\"primaryImageOfPage\":{\"@id\":\"https:\\\/\\\/www.vetorino.com\\\/boutique\\\/product\\\/jouet-chien-zolux-theo-vache\\\/#primaryimage\"},\"image\":{\"@id\":\"https:\\\/\\\/www.vetorino.com\\\/boutique\\\/product\\\/jouet-chien-zolux-theo-vache\\\/#primaryimage\"},\"thumbnailUrl\":\"https:\\\/\\\/www.vetorino.com\\\/boutique\\\/wp-content\\\/uploads\\\/2020\\\/06\\\/610795.jpg\",\"datePublished\":\"2020-06-29T20:58:53+00:00\",\"dateModified\":\"2023-05-24T13:37:32+00:00\",\"description\":\"Pour votre animal de compagnie, avoir un jouet est synonyme de bien-\u00eatre et de d\u00e9couverte. C\u2019est aussi un excellent moyen pour lui de passer le temps et d\u2019oublier votre absence. La\u00a0peluche pour chiot Toudoux Th\u00e9o\u00a0en forme de vache sign\u00e9 Zolux saura plaire \u00e0 votre animal domestique. D\u00e8s la premi\u00e8re pr\u00e9sentation, il sera saisi par le m\u00e9lange de couleurs vives et chaleureuses, du jouet.\",\"breadcrumb\":{\"@id\":\"https:\\\/\\\/www.vetorino.com\\\/boutique\\\/product\\\/jouet-chien-zolux-theo-vache\\\/#breadcrumb\"},\"inLanguage\":\"fr-FR\",\"potentialAction\":[{\"@type\":\"ReadAction\",\"target\":[\"https:\\\/\\\/www.vetorino.com\\\/boutique\\\/product\\\/jouet-chien-zolux-theo-vache\\\/\"]}]},{\"@type\":\"ImageObject\",\"inLanguage\":\"fr-FR\",\"@id\":\"https:\\\/\\\/www.vetorino.com\\\/boutique\\\/product\\\/jouet-chien-zolux-theo-vache\\\/#primaryimage\",\"url\":\"https:\\\/\\\/www.vetorino.com\\\/boutique\\\/wp-content\\\/uploads\\\/2020\\\/06\\\/610795.jpg\",\"contentUrl\":\"https:\\\/\\\/www.vetorino.com\\\/boutique\\\/wp-content\\\/uploads\\\/2020\\\/06\\\/610795.jpg\",\"width\":1980,\"height\":1980},{\"@type\":\"BreadcrumbList\",\"@id\":\"https:\\\/\\\/www.vetorino.com\\\/boutique\\\/product\\\/jouet-chien-zolux-theo-vache\\\/#breadcrumb\",\"itemListElement\":[{\"@type\":\"ListItem\",\"position\":1,\"name\":\"Accueil\",\"item\":\"https:\\\/\\\/www.vetorino.com\\\/boutique\\\/\"},{\"@type\":\"ListItem\",\"position\":2,\"name\":\"Produits\",\"item\":\"https:\\\/\\\/www.vetorino.com\\\/boutique\\\/\"},{\"@type\":\"ListItem\",\"position\":3,\"name\":\"Jouet chien Zolux : Th\u00e9o Vache\"}]},{\"@type\":\"WebSite\",\"@id\":\"https:\\\/\\\/www.vetorino.com\\\/boutique\\\/#website\",\"url\":\"https:\\\/\\\/www.vetorino.com\\\/boutique\\\/\",\"name\":\"V\u00e9torino\",\"description\":\"\",\"publisher\":{\"@id\":\"https:\\\/\\\/www.vetorino.com\\\/boutique\\\/#organization\"},\"potentialAction\":[{\"@type\":\"SearchAction\",\"target\":{\"@type\":\"EntryPoint\",\"urlTemplate\":\"https:\\\/\\\/www.vetorino.com\\\/boutique\\\/?s={search_term_string}\"},\"query-input\":{\"@type\":\"PropertyValueSpecification\",\"valueRequired\":true,\"valueName\":\"search_term_string\"}}],\"inLanguage\":\"fr-FR\"},{\"@type\":\"Organization\",\"@id\":\"https:\\\/\\\/www.vetorino.com\\\/boutique\\\/#organization\",\"name\":\"V\u00e9torino\",\"url\":\"https:\\\/\\\/www.vetorino.com\\\/boutique\\\/\",\"logo\":{\"@type\":\"ImageObject\",\"inLanguage\":\"fr-FR\",\"@id\":\"https:\\\/\\\/www.vetorino.com\\\/boutique\\\/#\\\/schema\\\/logo\\\/image\\\/\",\"url\":\"https:\\\/\\\/www.vetorino.com\\\/boutique\\\/wp-content\\\/uploads\\\/2024\\\/10\\\/logo.jpg\",\"contentUrl\":\"https:\\\/\\\/www.vetorino.com\\\/boutique\\\/wp-content\\\/uploads\\\/2024\\\/10\\\/logo.jpg\",\"width\":1200,\"height\":610,\"caption\":\"V\u00e9torino\"},\"image\":{\"@id\":\"https:\\\/\\\/www.vetorino.com\\\/boutique\\\/#\\\/schema\\\/logo\\\/image\\\/\"},\"sameAs\":[\"https:\\\/\\\/www.facebook.com\\\/Vetorino\\\/\",\"https:\\\/\\\/www.instagram.com\\\/vetorino_off\\\/\",\"https:\\\/\\\/www.linkedin.com\\\/company\\\/vtorino\\\/\"]}]}<\/script>\n<meta property=\"product:brand\" content=\"Zolux\" \/>\n<meta property=\"product:price:amount\" content=\"4.97\" \/>\n<meta property=\"product:price:currency\" content=\"EUR\" \/>\n<meta property=\"og:availability\" content=\"out of stock\" \/>\n<meta property=\"product:availability\" content=\"out of stock\" \/>\n<meta property=\"product:retailer_item_id\" content=\"C-JOU856\" \/>\n<meta property=\"product:condition\" content=\"new\" \/>\n<!-- \/ Yoast SEO plugin. -->","yoast_head_json":{"title":"Jouet chien Zolux : Th\u00e9o Vache Zolux - V\u00e9torino","description":"Pour votre animal de compagnie, avoir un jouet est synonyme de bien-\u00eatre et de d\u00e9couverte. C\u2019est aussi un excellent moyen pour lui de passer le temps et d\u2019oublier votre absence. La\u00a0peluche pour chiot Toudoux Th\u00e9o\u00a0en forme de vache sign\u00e9 Zolux saura plaire \u00e0 votre animal domestique. D\u00e8s la premi\u00e8re pr\u00e9sentation, il sera saisi par le m\u00e9lange de couleurs vives et chaleureuses, du jouet.","robots":{"index":"noindex","follow":"nofollow"},"og_locale":"fr_FR","og_type":"article","og_title":"Jouet chien Zolux : Th\u00e9o Vache Zolux - V\u00e9torino","og_description":"Pour votre animal de compagnie, avoir un jouet est synonyme de bien-\u00eatre et de d\u00e9couverte. C\u2019est aussi un excellent moyen pour lui de passer le temps et d\u2019oublier votre absence. La\u00a0peluche pour chiot Toudoux Th\u00e9o\u00a0en forme de vache sign\u00e9 Zolux saura plaire \u00e0 votre animal domestique. D\u00e8s la premi\u00e8re pr\u00e9sentation, il sera saisi par le m\u00e9lange de couleurs vives et chaleureuses, du jouet.","og_url":"https:\/\/www.vetorino.com\/veterinaire\/saintebazeille-47180\/boutique\/product\/jouet-chien-zolux-theo-vache\/","og_site_name":"V\u00e9torino","article_publisher":"https:\/\/www.facebook.com\/Vetorino\/","article_modified_time":"2023-05-24T13:37:32+00:00","og_image":[{"width":1980,"height":1980,"url":"https:\/\/www.vetorino.com\/boutique\/wp-content\/uploads\/2020\/06\/610795.jpg","type":"image\/jpeg"}],"twitter_card":"summary_large_image","twitter_misc":{"Prix":"4,97&euro;","Disponibilit\u00e9":"Rupture de stock"},"schema":{"@context":"https:\/\/schema.org","@graph":[{"@type":"WebPage","@id":"https:\/\/www.vetorino.com\/boutique\/product\/jouet-chien-zolux-theo-vache\/","url":"https:\/\/www.vetorino.com\/boutique\/product\/jouet-chien-zolux-theo-vache\/","name":"Jouet chien Zolux : Th\u00e9o Vache Zolux - V\u00e9torino","isPartOf":{"@id":"https:\/\/www.vetorino.com\/boutique\/#website"},"primaryImageOfPage":{"@id":"https:\/\/www.vetorino.com\/boutique\/product\/jouet-chien-zolux-theo-vache\/#primaryimage"},"image":{"@id":"https:\/\/www.vetorino.com\/boutique\/product\/jouet-chien-zolux-theo-vache\/#primaryimage"},"thumbnailUrl":"https:\/\/www.vetorino.com\/boutique\/wp-content\/uploads\/2020\/06\/610795.jpg","datePublished":"2020-06-29T20:58:53+00:00","dateModified":"2023-05-24T13:37:32+00:00","description":"Pour votre animal de compagnie, avoir un jouet est synonyme de bien-\u00eatre et de d\u00e9couverte. C\u2019est aussi un excellent moyen pour lui de passer le temps et d\u2019oublier votre absence. La\u00a0peluche pour chiot Toudoux Th\u00e9o\u00a0en forme de vache sign\u00e9 Zolux saura plaire \u00e0 votre animal domestique. D\u00e8s la premi\u00e8re pr\u00e9sentation, il sera saisi par le m\u00e9lange de couleurs vives et chaleureuses, du jouet.","breadcrumb":{"@id":"https:\/\/www.vetorino.com\/boutique\/product\/jouet-chien-zolux-theo-vache\/#breadcrumb"},"inLanguage":"fr-FR","potentialAction":[{"@type":"ReadAction","target":["https:\/\/www.vetorino.com\/boutique\/product\/jouet-chien-zolux-theo-vache\/"]}]},{"@type":"ImageObject","inLanguage":"fr-FR","@id":"https:\/\/www.vetorino.com\/boutique\/product\/jouet-chien-zolux-theo-vache\/#primaryimage","url":"https:\/\/www.vetorino.com\/boutique\/wp-content\/uploads\/2020\/06\/610795.jpg","contentUrl":"https:\/\/www.vetorino.com\/boutique\/wp-content\/uploads\/2020\/06\/610795.jpg","width":1980,"height":1980},{"@type":"BreadcrumbList","@id":"https:\/\/www.vetorino.com\/boutique\/product\/jouet-chien-zolux-theo-vache\/#breadcrumb","itemListElement":[{"@type":"ListItem","position":1,"name":"Accueil","item":"https:\/\/www.vetorino.com\/boutique\/"},{"@type":"ListItem","position":2,"name":"Produits","item":"https:\/\/www.vetorino.com\/boutique\/"},{"@type":"ListItem","position":3,"name":"Jouet chien Zolux : Th\u00e9o Vache"}]},{"@type":"WebSite","@id":"https:\/\/www.vetorino.com\/boutique\/#website","url":"https:\/\/www.vetorino.com\/boutique\/","name":"V\u00e9torino","description":"","publisher":{"@id":"https:\/\/www.vetorino.com\/boutique\/#organization"},"potentialAction":[{"@type":"SearchAction","target":{"@type":"EntryPoint","urlTemplate":"https:\/\/www.vetorino.com\/boutique\/?s={search_term_string}"},"query-input":{"@type":"PropertyValueSpecification","valueRequired":true,"valueName":"search_term_string"}}],"inLanguage":"fr-FR"},{"@type":"Organization","@id":"https:\/\/www.vetorino.com\/boutique\/#organization","name":"V\u00e9torino","url":"https:\/\/www.vetorino.com\/boutique\/","logo":{"@type":"ImageObject","inLanguage":"fr-FR","@id":"https:\/\/www.vetorino.com\/boutique\/#\/schema\/logo\/image\/","url":"https:\/\/www.vetorino.com\/boutique\/wp-content\/uploads\/2024\/10\/logo.jpg","contentUrl":"https:\/\/www.vetorino.com\/boutique\/wp-content\/uploads\/2024\/10\/logo.jpg","width":1200,"height":610,"caption":"V\u00e9torino"},"image":{"@id":"https:\/\/www.vetorino.com\/boutique\/#\/schema\/logo\/image\/"},"sameAs":["https:\/\/www.facebook.com\/Vetorino\/","https:\/\/www.instagram.com\/vetorino_off\/","https:\/\/www.linkedin.com\/company\/vtorino\/"]}]},"product_brand":"Zolux","product_price_amount":"4.97","product_price_currency":"EUR","og_availability":"out of stock","product_availability":"out of stock","product_retailer_item_id":"C-JOU856","product_condition":"new"},"_links":{"self":[{"href":"https:\/\/www.vetorino.com\/veterinaire\/saintebazeille-47180\/boutique\/wp-json\/wp\/v2\/product\/98100","targetHints":{"allow":["GET"]}}],"collection":[{"href":"https:\/\/www.vetorino.com\/veterinaire\/saintebazeille-47180\/boutique\/wp-json\/wp\/v2\/product"}],"about":[{"href":"https:\/\/www.vetorino.com\/veterinaire\/saintebazeille-47180\/boutique\/wp-json\/wp\/v2\/types\/product"}],"wp:featuredmedia":[{"embeddable":true,"href":"https:\/\/www.vetorino.com\/veterinaire\/saintebazeille-47180\/boutique\/wp-json\/wp\/v2\/media\/620929"}],"wp:attachment":[{"href":"https:\/\/www.vetorino.com\/veterinaire\/saintebazeille-47180\/boutique\/wp-json\/wp\/v2\/media?parent=98100"}],"wp:term":[{"taxonomy":"product_cat","embeddable":true,"href":"https:\/\/www.vetorino.com\/veterinaire\/saintebazeille-47180\/boutique\/wp-json\/wp\/v2\/product_cat?post=98100"},{"taxonomy":"product_tag","embeddable":true,"href":"https:\/\/www.vetorino.com\/veterinaire\/saintebazeille-47180\/boutique\/wp-json\/wp\/v2\/product_tag?post=98100"}],"curies":[{"name":"wp","href":"https:\/\/api.w.org\/{rel}","templated":true}]}}