{"id":986711,"date":"2024-07-31T10:25:07","date_gmt":"2024-07-31T08:25:07","guid":{"rendered":"https:\/\/www.vetorino.com\/boutique\/product\/demeloir-furminator-16-lames-courbees-ajustables\/"},"modified":"2026-03-16T02:42:57","modified_gmt":"2026-03-16T01:42:57","slug":"demeloir-furminator-16-lames-courbees-ajustables","status":"publish","type":"product","link":"https:\/\/www.vetorino.com\/veterinaire\/saintebazeille-47180\/boutique\/product\/demeloir-furminator-16-lames-courbees-ajustables\/","title":{"rendered":"D\u00e9m\u00ealoir Furminator 16 lames courb\u00e9es ajustables"},"content":{"rendered":"<p>L&#8217;outil d\u00e9m\u00ealant r\u00e9glable FURminator\u00ae Adjustable deMatter Tool \u00e9limine les n\u0153uds facilement et en toute s\u00e9curit\u00e9 gr\u00e2ce \u00e0 ses lames incurv\u00e9es. Les lames se r\u00e8glent gr\u00e2ce au bouton FureXtender pour s&#8217;adapter \u00e0 tous les types et \u00e0 toutes les longueurs de pelage. L\u2019ergot coulissant maintient en place les lames en acier inoxydable durable et r\u00e9sistant aux rayures. L&#8217;outil convient \u00e0 tous les chiens et chats. Le manche ergonomique antid\u00e9rapant du FURminator\u00ae Adjustable deMatter Tool permet un contr\u00f4le maximal lors de l&#8217;utilisation.<br \/>\nLe toilettage quotidien permet de garder facilement le pelage et la peau de votre animal en bon \u00e9tat.<\/p>\n<h4 class=\"headline-sm mb-8\">B\u00e9n\u00e9fices cl\u00e9s<\/h4>\n<ul class=\"features list-check\">\n<li>\u00c9limine les n\u0153uds facilement et en toute s\u00e9curit\u00e9<\/li>\n<li>Lames incurv\u00e9es<\/li>\n<li>Le bouton FURextender permet de r\u00e9gler les lames en fonction du type de pelage et de la longueur des poils.<\/li>\n<li>L\u2019ergot coulissant maintient les lames en place<\/li>\n<li>Lame en acier inoxydable durable et r\u00e9sistant aux rayures<\/li>\n<li>Poign\u00e9e ergonomique antid\u00e9rapante assurant une ma\u00eetrise parfaite<\/li>\n<\/ul>\n","protected":false},"excerpt":{"rendered":"<p>L&#8217;outil d\u00e9m\u00ealant r\u00e9glable FURminator\u00ae Adjustable deMatter Tool \u00e9limine les n\u0153uds facilement et en toute s\u00e9curit\u00e9 gr\u00e2ce \u00e0 ses lames incurv\u00e9es. Les lames se r\u00e8glent gr\u00e2ce au bouton FureXtender pour s&#8217;adapter \u00e0 tous les types et \u00e0 toutes les longueurs de pelage.<\/p>\n","protected":false},"featured_media":986715,"template":"","meta":[],"product_cat":[12548,12573,12550,12590,2697,2698],"product_tag":[],"class_list":{"0":"post-986711","1":"product","2":"type-product","3":"status-publish","4":"has-post-thumbnail","6":"product_cat-accessoire-du-chat","7":"product_cat-accessoire-pour-lhygiene-du-chien","8":"product_cat-accessoires-du-chien","9":"product_cat-brosses-pour-chat","10":"product_cat-chat","11":"product_cat-chien","12":"pa_marque-spectrum-brands","14":"first","15":"instock","16":"taxable","17":"shipping-taxable","18":"purchasable","19":"product-type-simple"},"yoast_head":"<!-- This site is optimized with the Yoast SEO plugin v27.3 - https:\/\/yoast.com\/product\/yoast-seo-wordpress\/ -->\n<title>D\u00e9m\u00ealoir Furminator 16 lames courb\u00e9es ajustables Spectrum Brands - V\u00e9torino<\/title>\n<meta name=\"description\" content=\"L&#039;outil d\u00e9m\u00ealant r\u00e9glable FURminator\u00ae Adjustable deMatter Tool \u00e9limine les n\u0153uds facilement et en toute s\u00e9curit\u00e9 gr\u00e2ce \u00e0 ses lames incurv\u00e9es. Les lames se r\u00e8glent gr\u00e2ce au bouton FureXtender pour s&#039;adapter \u00e0 tous les types et \u00e0 toutes les longueurs de pelage.\" \/>\n<meta name=\"robots\" content=\"noindex, nofollow\" \/>\n<meta property=\"og:locale\" content=\"fr_FR\" \/>\n<meta property=\"og:type\" content=\"article\" \/>\n<meta property=\"og:title\" content=\"D\u00e9m\u00ealoir Furminator 16 lames courb\u00e9es ajustables Spectrum Brands - V\u00e9torino\" \/>\n<meta property=\"og:description\" content=\"L&#039;outil d\u00e9m\u00ealant r\u00e9glable FURminator\u00ae Adjustable deMatter Tool \u00e9limine les n\u0153uds facilement et en toute s\u00e9curit\u00e9 gr\u00e2ce \u00e0 ses lames incurv\u00e9es. Les lames se r\u00e8glent gr\u00e2ce au bouton FureXtender pour s&#039;adapter \u00e0 tous les types et \u00e0 toutes les longueurs de pelage.\" \/>\n<meta property=\"og:url\" content=\"https:\/\/www.vetorino.com\/veterinaire\/saintebazeille-47180\/boutique\/product\/demeloir-furminator-16-lames-courbees-ajustables\/\" \/>\n<meta property=\"og:site_name\" content=\"V\u00e9torino\" \/>\n<meta property=\"article:publisher\" content=\"https:\/\/www.facebook.com\/Vetorino\/\" \/>\n<meta property=\"article:modified_time\" content=\"2026-03-16T01:42:57+00:00\" \/>\n<meta property=\"og:image\" content=\"https:\/\/www.vetorino.com\/boutique\/wp-content\/uploads\/2024\/07\/csm_TH32189_9650_7a92db58d3.webp\" \/>\n\t<meta property=\"og:image:width\" content=\"800\" \/>\n\t<meta property=\"og:image:height\" content=\"800\" \/>\n\t<meta property=\"og:image:type\" content=\"image\/webp\" \/>\n<meta name=\"twitter:card\" content=\"summary_large_image\" \/>\n<meta name=\"twitter:label1\" content=\"Prix\" \/>\n\t<meta name=\"twitter:data1\" content=\"16,35&euro;\" \/>\n\t<meta name=\"twitter:label2\" content=\"Disponibilit\u00e9\" \/>\n\t<meta name=\"twitter:data2\" content=\"En stock\" \/>\n<script type=\"application\/ld+json\" class=\"yoast-schema-graph\">{\"@context\":\"https:\\\/\\\/schema.org\",\"@graph\":[{\"@type\":\"WebPage\",\"@id\":\"https:\\\/\\\/www.vetorino.com\\\/boutique\\\/product\\\/demeloir-furminator-16-lames-courbees-ajustables\\\/\",\"url\":\"https:\\\/\\\/www.vetorino.com\\\/boutique\\\/product\\\/demeloir-furminator-16-lames-courbees-ajustables\\\/\",\"name\":\"D\u00e9m\u00ealoir Furminator 16 lames courb\u00e9es ajustables Spectrum Brands - V\u00e9torino\",\"isPartOf\":{\"@id\":\"https:\\\/\\\/www.vetorino.com\\\/boutique\\\/#website\"},\"primaryImageOfPage\":{\"@id\":\"https:\\\/\\\/www.vetorino.com\\\/boutique\\\/product\\\/demeloir-furminator-16-lames-courbees-ajustables\\\/#primaryimage\"},\"image\":{\"@id\":\"https:\\\/\\\/www.vetorino.com\\\/boutique\\\/product\\\/demeloir-furminator-16-lames-courbees-ajustables\\\/#primaryimage\"},\"thumbnailUrl\":\"https:\\\/\\\/www.vetorino.com\\\/boutique\\\/wp-content\\\/uploads\\\/2024\\\/07\\\/csm_TH32189_9650_7a92db58d3.webp\",\"datePublished\":\"2024-07-31T08:25:07+00:00\",\"dateModified\":\"2026-03-16T01:42:57+00:00\",\"description\":\"L'outil d\u00e9m\u00ealant r\u00e9glable FURminator\u00ae Adjustable deMatter Tool \u00e9limine les n\u0153uds facilement et en toute s\u00e9curit\u00e9 gr\u00e2ce \u00e0 ses lames incurv\u00e9es. Les lames se r\u00e8glent gr\u00e2ce au bouton FureXtender pour s'adapter \u00e0 tous les types et \u00e0 toutes les longueurs de pelage.\",\"breadcrumb\":{\"@id\":\"https:\\\/\\\/www.vetorino.com\\\/boutique\\\/product\\\/demeloir-furminator-16-lames-courbees-ajustables\\\/#breadcrumb\"},\"inLanguage\":\"fr-FR\",\"potentialAction\":[{\"@type\":\"ReadAction\",\"target\":[\"https:\\\/\\\/www.vetorino.com\\\/boutique\\\/product\\\/demeloir-furminator-16-lames-courbees-ajustables\\\/\"]}]},{\"@type\":\"ImageObject\",\"inLanguage\":\"fr-FR\",\"@id\":\"https:\\\/\\\/www.vetorino.com\\\/boutique\\\/product\\\/demeloir-furminator-16-lames-courbees-ajustables\\\/#primaryimage\",\"url\":\"https:\\\/\\\/www.vetorino.com\\\/boutique\\\/wp-content\\\/uploads\\\/2024\\\/07\\\/csm_TH32189_9650_7a92db58d3.webp\",\"contentUrl\":\"https:\\\/\\\/www.vetorino.com\\\/boutique\\\/wp-content\\\/uploads\\\/2024\\\/07\\\/csm_TH32189_9650_7a92db58d3.webp\",\"width\":800,\"height\":800},{\"@type\":\"BreadcrumbList\",\"@id\":\"https:\\\/\\\/www.vetorino.com\\\/boutique\\\/product\\\/demeloir-furminator-16-lames-courbees-ajustables\\\/#breadcrumb\",\"itemListElement\":[{\"@type\":\"ListItem\",\"position\":1,\"name\":\"Accueil\",\"item\":\"https:\\\/\\\/www.vetorino.com\\\/boutique\\\/\"},{\"@type\":\"ListItem\",\"position\":2,\"name\":\"Produits\",\"item\":\"https:\\\/\\\/www.vetorino.com\\\/boutique\\\/\"},{\"@type\":\"ListItem\",\"position\":3,\"name\":\"D\u00e9m\u00ealoir Furminator 16 lames courb\u00e9es ajustables\"}]},{\"@type\":\"WebSite\",\"@id\":\"https:\\\/\\\/www.vetorino.com\\\/boutique\\\/#website\",\"url\":\"https:\\\/\\\/www.vetorino.com\\\/boutique\\\/\",\"name\":\"V\u00e9torino\",\"description\":\"\",\"publisher\":{\"@id\":\"https:\\\/\\\/www.vetorino.com\\\/boutique\\\/#organization\"},\"potentialAction\":[{\"@type\":\"SearchAction\",\"target\":{\"@type\":\"EntryPoint\",\"urlTemplate\":\"https:\\\/\\\/www.vetorino.com\\\/boutique\\\/?s={search_term_string}\"},\"query-input\":{\"@type\":\"PropertyValueSpecification\",\"valueRequired\":true,\"valueName\":\"search_term_string\"}}],\"inLanguage\":\"fr-FR\"},{\"@type\":\"Organization\",\"@id\":\"https:\\\/\\\/www.vetorino.com\\\/boutique\\\/#organization\",\"name\":\"V\u00e9torino\",\"url\":\"https:\\\/\\\/www.vetorino.com\\\/boutique\\\/\",\"logo\":{\"@type\":\"ImageObject\",\"inLanguage\":\"fr-FR\",\"@id\":\"https:\\\/\\\/www.vetorino.com\\\/boutique\\\/#\\\/schema\\\/logo\\\/image\\\/\",\"url\":\"https:\\\/\\\/www.vetorino.com\\\/boutique\\\/wp-content\\\/uploads\\\/2024\\\/10\\\/logo.jpg\",\"contentUrl\":\"https:\\\/\\\/www.vetorino.com\\\/boutique\\\/wp-content\\\/uploads\\\/2024\\\/10\\\/logo.jpg\",\"width\":1200,\"height\":610,\"caption\":\"V\u00e9torino\"},\"image\":{\"@id\":\"https:\\\/\\\/www.vetorino.com\\\/boutique\\\/#\\\/schema\\\/logo\\\/image\\\/\"},\"sameAs\":[\"https:\\\/\\\/www.facebook.com\\\/Vetorino\\\/\",\"https:\\\/\\\/www.instagram.com\\\/vetorino_off\\\/\",\"https:\\\/\\\/www.linkedin.com\\\/company\\\/vtorino\\\/\"]}]}<\/script>\n<meta property=\"product:brand\" content=\"Spectrum Brands\" \/>\n<meta property=\"product:price:amount\" content=\"16.35\" \/>\n<meta property=\"product:price:currency\" content=\"EUR\" \/>\n<meta property=\"og:availability\" content=\"instock\" \/>\n<meta property=\"product:availability\" content=\"instock\" \/>\n<meta property=\"product:retailer_item_id\" content=\"C-DEM716\" \/>\n<meta property=\"product:condition\" content=\"new\" \/>\n<!-- \/ Yoast SEO plugin. -->","yoast_head_json":{"title":"D\u00e9m\u00ealoir Furminator 16 lames courb\u00e9es ajustables Spectrum Brands - V\u00e9torino","description":"L'outil d\u00e9m\u00ealant r\u00e9glable FURminator\u00ae Adjustable deMatter Tool \u00e9limine les n\u0153uds facilement et en toute s\u00e9curit\u00e9 gr\u00e2ce \u00e0 ses lames incurv\u00e9es. Les lames se r\u00e8glent gr\u00e2ce au bouton FureXtender pour s'adapter \u00e0 tous les types et \u00e0 toutes les longueurs de pelage.","robots":{"index":"noindex","follow":"nofollow"},"og_locale":"fr_FR","og_type":"article","og_title":"D\u00e9m\u00ealoir Furminator 16 lames courb\u00e9es ajustables Spectrum Brands - V\u00e9torino","og_description":"L'outil d\u00e9m\u00ealant r\u00e9glable FURminator\u00ae Adjustable deMatter Tool \u00e9limine les n\u0153uds facilement et en toute s\u00e9curit\u00e9 gr\u00e2ce \u00e0 ses lames incurv\u00e9es. Les lames se r\u00e8glent gr\u00e2ce au bouton FureXtender pour s'adapter \u00e0 tous les types et \u00e0 toutes les longueurs de pelage.","og_url":"https:\/\/www.vetorino.com\/veterinaire\/saintebazeille-47180\/boutique\/product\/demeloir-furminator-16-lames-courbees-ajustables\/","og_site_name":"V\u00e9torino","article_publisher":"https:\/\/www.facebook.com\/Vetorino\/","article_modified_time":"2026-03-16T01:42:57+00:00","og_image":[{"width":800,"height":800,"url":"https:\/\/www.vetorino.com\/boutique\/wp-content\/uploads\/2024\/07\/csm_TH32189_9650_7a92db58d3.webp","type":"image\/webp"}],"twitter_card":"summary_large_image","twitter_misc":{"Prix":"16,35&euro;","Disponibilit\u00e9":"En stock"},"schema":{"@context":"https:\/\/schema.org","@graph":[{"@type":"WebPage","@id":"https:\/\/www.vetorino.com\/boutique\/product\/demeloir-furminator-16-lames-courbees-ajustables\/","url":"https:\/\/www.vetorino.com\/boutique\/product\/demeloir-furminator-16-lames-courbees-ajustables\/","name":"D\u00e9m\u00ealoir Furminator 16 lames courb\u00e9es ajustables Spectrum Brands - V\u00e9torino","isPartOf":{"@id":"https:\/\/www.vetorino.com\/boutique\/#website"},"primaryImageOfPage":{"@id":"https:\/\/www.vetorino.com\/boutique\/product\/demeloir-furminator-16-lames-courbees-ajustables\/#primaryimage"},"image":{"@id":"https:\/\/www.vetorino.com\/boutique\/product\/demeloir-furminator-16-lames-courbees-ajustables\/#primaryimage"},"thumbnailUrl":"https:\/\/www.vetorino.com\/boutique\/wp-content\/uploads\/2024\/07\/csm_TH32189_9650_7a92db58d3.webp","datePublished":"2024-07-31T08:25:07+00:00","dateModified":"2026-03-16T01:42:57+00:00","description":"L'outil d\u00e9m\u00ealant r\u00e9glable FURminator\u00ae Adjustable deMatter Tool \u00e9limine les n\u0153uds facilement et en toute s\u00e9curit\u00e9 gr\u00e2ce \u00e0 ses lames incurv\u00e9es. Les lames se r\u00e8glent gr\u00e2ce au bouton FureXtender pour s'adapter \u00e0 tous les types et \u00e0 toutes les longueurs de pelage.","breadcrumb":{"@id":"https:\/\/www.vetorino.com\/boutique\/product\/demeloir-furminator-16-lames-courbees-ajustables\/#breadcrumb"},"inLanguage":"fr-FR","potentialAction":[{"@type":"ReadAction","target":["https:\/\/www.vetorino.com\/boutique\/product\/demeloir-furminator-16-lames-courbees-ajustables\/"]}]},{"@type":"ImageObject","inLanguage":"fr-FR","@id":"https:\/\/www.vetorino.com\/boutique\/product\/demeloir-furminator-16-lames-courbees-ajustables\/#primaryimage","url":"https:\/\/www.vetorino.com\/boutique\/wp-content\/uploads\/2024\/07\/csm_TH32189_9650_7a92db58d3.webp","contentUrl":"https:\/\/www.vetorino.com\/boutique\/wp-content\/uploads\/2024\/07\/csm_TH32189_9650_7a92db58d3.webp","width":800,"height":800},{"@type":"BreadcrumbList","@id":"https:\/\/www.vetorino.com\/boutique\/product\/demeloir-furminator-16-lames-courbees-ajustables\/#breadcrumb","itemListElement":[{"@type":"ListItem","position":1,"name":"Accueil","item":"https:\/\/www.vetorino.com\/boutique\/"},{"@type":"ListItem","position":2,"name":"Produits","item":"https:\/\/www.vetorino.com\/boutique\/"},{"@type":"ListItem","position":3,"name":"D\u00e9m\u00ealoir Furminator 16 lames courb\u00e9es ajustables"}]},{"@type":"WebSite","@id":"https:\/\/www.vetorino.com\/boutique\/#website","url":"https:\/\/www.vetorino.com\/boutique\/","name":"V\u00e9torino","description":"","publisher":{"@id":"https:\/\/www.vetorino.com\/boutique\/#organization"},"potentialAction":[{"@type":"SearchAction","target":{"@type":"EntryPoint","urlTemplate":"https:\/\/www.vetorino.com\/boutique\/?s={search_term_string}"},"query-input":{"@type":"PropertyValueSpecification","valueRequired":true,"valueName":"search_term_string"}}],"inLanguage":"fr-FR"},{"@type":"Organization","@id":"https:\/\/www.vetorino.com\/boutique\/#organization","name":"V\u00e9torino","url":"https:\/\/www.vetorino.com\/boutique\/","logo":{"@type":"ImageObject","inLanguage":"fr-FR","@id":"https:\/\/www.vetorino.com\/boutique\/#\/schema\/logo\/image\/","url":"https:\/\/www.vetorino.com\/boutique\/wp-content\/uploads\/2024\/10\/logo.jpg","contentUrl":"https:\/\/www.vetorino.com\/boutique\/wp-content\/uploads\/2024\/10\/logo.jpg","width":1200,"height":610,"caption":"V\u00e9torino"},"image":{"@id":"https:\/\/www.vetorino.com\/boutique\/#\/schema\/logo\/image\/"},"sameAs":["https:\/\/www.facebook.com\/Vetorino\/","https:\/\/www.instagram.com\/vetorino_off\/","https:\/\/www.linkedin.com\/company\/vtorino\/"]}]},"product_brand":"Spectrum Brands","product_price_amount":"16.35","product_price_currency":"EUR","og_availability":"instock","product_availability":"instock","product_retailer_item_id":"C-DEM716","product_condition":"new"},"_links":{"self":[{"href":"https:\/\/www.vetorino.com\/veterinaire\/saintebazeille-47180\/boutique\/wp-json\/wp\/v2\/product\/986711","targetHints":{"allow":["GET"]}}],"collection":[{"href":"https:\/\/www.vetorino.com\/veterinaire\/saintebazeille-47180\/boutique\/wp-json\/wp\/v2\/product"}],"about":[{"href":"https:\/\/www.vetorino.com\/veterinaire\/saintebazeille-47180\/boutique\/wp-json\/wp\/v2\/types\/product"}],"wp:featuredmedia":[{"embeddable":true,"href":"https:\/\/www.vetorino.com\/veterinaire\/saintebazeille-47180\/boutique\/wp-json\/wp\/v2\/media\/986715"}],"wp:attachment":[{"href":"https:\/\/www.vetorino.com\/veterinaire\/saintebazeille-47180\/boutique\/wp-json\/wp\/v2\/media?parent=986711"}],"wp:term":[{"taxonomy":"product_cat","embeddable":true,"href":"https:\/\/www.vetorino.com\/veterinaire\/saintebazeille-47180\/boutique\/wp-json\/wp\/v2\/product_cat?post=986711"},{"taxonomy":"product_tag","embeddable":true,"href":"https:\/\/www.vetorino.com\/veterinaire\/saintebazeille-47180\/boutique\/wp-json\/wp\/v2\/product_tag?post=986711"}],"curies":[{"name":"wp","href":"https:\/\/api.w.org\/{rel}","templated":true}]}}