{"id":99626,"date":"2020-06-30T01:33:52","date_gmt":"2020-06-29T23:33:52","guid":{"rendered":"https:\/\/www.vetorino.com\/boutique\/product\/matelas-a-memoire-de-forme-beonebreed\/"},"modified":"2023-05-31T17:23:08","modified_gmt":"2023-05-31T15:23:08","slug":"matelas-a-memoire-de-forme-beonebreed","status":"publish","type":"product","link":"https:\/\/www.vetorino.com\/veterinaire\/saintebazeille-47180\/boutique\/product\/matelas-a-memoire-de-forme-beonebreed\/","title":{"rendered":"Matelas \u00e0 m\u00e9moire de forme BeOneBreed"},"content":{"rendered":"<div class=\"hidden\">MATERIEL<\/div>\n<div class=\"hidden\">Chiens<\/div>\n<p>Les couchages \u00e0 m\u00e9moire de forme se moulent parfaitement au corps de l&#8217;animal, offrant ainsi une r\u00e9partition optimale de la pression et permettant de soulager les zones douloureuses. C&#8217;est donc le couchage id\u00e9al pour les animaux \u00e2g\u00e9s ou ayant des troubles articulaires, mais \u00e9galement pour tous ceux qui recherchent un maximum de confort.<\/p>\n<p>En tissu microfibre ultra-doux, tr\u00e8s absorbant et r\u00e9sistant. Base antid\u00e9rapante. D\u00e9houssable, lavable en machine, s\u00e9chage \u00e0 basse temp\u00e9rature.<\/p>\n<p>NB : \u00e0 r\u00e9ception,\u00a0les\u00a0matelas\u00a0peuvent para\u00eetre un peu moins \u00e9pais qu&#8217;annonc\u00e9s. En effet, afin de gagner en place lors du transport et du stockage, ils sont emball\u00e9s sous vide d&#8217;air par le fabricant.<br \/>\nIl leur faut donc plusieurs heures une fois d\u00e9ball\u00e9s afin de retrouver leur gonflant, de plus ils retrouveront un \u00e9tat optimal apr\u00e8s un premier lavage.<\/p>\n","protected":false},"excerpt":{"rendered":"<p>Ce matelas orthop\u00e9dique offrira un grand confort \u00e0 votre chien gr\u00e2ce \u00e0 sa m\u00e9moire de forme int\u00e9gr\u00e9e, offrant un soutien \u00e0 ses articulations. Il est id\u00e9al pour les chiots en pleine croissance et les animaux \u00e2g\u00e9s et sa housse matelass\u00e9e est amovible et peut \u00eatre lav\u00e9e en machine.<\/p>\n","protected":false},"featured_media":99623,"template":"","meta":[],"product_cat":[2698],"product_tag":[],"class_list":{"0":"post-99626","1":"product","2":"type-product","3":"status-publish","4":"has-post-thumbnail","6":"product_cat-chien","7":"pa_marque-beonebreed","9":"first","10":"outofstock","11":"taxable","12":"shipping-taxable","13":"product-type-variable"},"yoast_head":"<!-- This site is optimized with the Yoast SEO plugin v27.3 - https:\/\/yoast.com\/product\/yoast-seo-wordpress\/ -->\n<title>Matelas \u00e0 m\u00e9moire de forme BeOneBreed BeOneBreed - V\u00e9torino<\/title>\n<meta name=\"description\" content=\"Ce matelas orthop\u00e9dique offrira un grand confort \u00e0 votre chien gr\u00e2ce \u00e0 sa m\u00e9moire de forme int\u00e9gr\u00e9e, offrant un soutien \u00e0 ses articulations. Il est id\u00e9al pour les chiots en pleine croissance et les animaux \u00e2g\u00e9s et sa housse matelass\u00e9e est amovible et peut \u00eatre lav\u00e9e en machine.\" \/>\n<meta name=\"robots\" content=\"noindex, nofollow\" \/>\n<meta property=\"og:locale\" content=\"fr_FR\" \/>\n<meta property=\"og:type\" content=\"article\" \/>\n<meta property=\"og:title\" content=\"Matelas \u00e0 m\u00e9moire de forme BeOneBreed BeOneBreed - V\u00e9torino\" \/>\n<meta property=\"og:description\" content=\"Ce matelas orthop\u00e9dique offrira un grand confort \u00e0 votre chien gr\u00e2ce \u00e0 sa m\u00e9moire de forme int\u00e9gr\u00e9e, offrant un soutien \u00e0 ses articulations. Il est id\u00e9al pour les chiots en pleine croissance et les animaux \u00e2g\u00e9s et sa housse matelass\u00e9e est amovible et peut \u00eatre lav\u00e9e en machine.\" \/>\n<meta property=\"og:url\" content=\"https:\/\/www.vetorino.com\/veterinaire\/saintebazeille-47180\/boutique\/product\/matelas-a-memoire-de-forme-beonebreed\/\" \/>\n<meta property=\"og:site_name\" content=\"V\u00e9torino\" \/>\n<meta property=\"article:publisher\" content=\"https:\/\/www.facebook.com\/Vetorino\/\" \/>\n<meta property=\"article:modified_time\" content=\"2023-05-31T15:23:08+00:00\" \/>\n<meta property=\"og:image\" content=\"https:\/\/www.vetorino.com\/boutique\/wp-content\/uploads\/2020\/06\/FilsMAT724FormatMediumTypeIM.png\" \/>\n\t<meta property=\"og:image:width\" content=\"400\" \/>\n\t<meta property=\"og:image:height\" content=\"400\" \/>\n\t<meta property=\"og:image:type\" content=\"image\/png\" \/>\n<meta name=\"twitter:card\" content=\"summary_large_image\" \/>\n<meta name=\"twitter:label1\" content=\"Disponibilit\u00e9\" \/>\n\t<meta name=\"twitter:data1\" content=\"Rupture de stock\" \/>\n<script type=\"application\/ld+json\" class=\"yoast-schema-graph\">{\"@context\":\"https:\\\/\\\/schema.org\",\"@graph\":[{\"@type\":\"WebPage\",\"@id\":\"https:\\\/\\\/www.vetorino.com\\\/veterinaire\\\/champs-sur-marne-77420\\\/boutique\\\/product\\\/matelas-a-memoire-de-forme-beonebreed\\\/\",\"url\":\"https:\\\/\\\/www.vetorino.com\\\/veterinaire\\\/champs-sur-marne-77420\\\/boutique\\\/product\\\/matelas-a-memoire-de-forme-beonebreed\\\/\",\"name\":\"Matelas \u00e0 m\u00e9moire de forme BeOneBreed BeOneBreed - V\u00e9torino\",\"isPartOf\":{\"@id\":\"https:\\\/\\\/www.vetorino.com\\\/boutique\\\/#website\"},\"primaryImageOfPage\":{\"@id\":\"https:\\\/\\\/www.vetorino.com\\\/veterinaire\\\/champs-sur-marne-77420\\\/boutique\\\/product\\\/matelas-a-memoire-de-forme-beonebreed\\\/#primaryimage\"},\"image\":{\"@id\":\"https:\\\/\\\/www.vetorino.com\\\/veterinaire\\\/champs-sur-marne-77420\\\/boutique\\\/product\\\/matelas-a-memoire-de-forme-beonebreed\\\/#primaryimage\"},\"thumbnailUrl\":\"https:\\\/\\\/www.vetorino.com\\\/boutique\\\/wp-content\\\/uploads\\\/2020\\\/06\\\/FilsMAT724FormatMediumTypeIM.png\",\"datePublished\":\"2020-06-29T23:33:52+00:00\",\"dateModified\":\"2023-05-31T15:23:08+00:00\",\"description\":\"Ce matelas orthop\u00e9dique offrira un grand confort \u00e0 votre chien gr\u00e2ce \u00e0 sa m\u00e9moire de forme int\u00e9gr\u00e9e, offrant un soutien \u00e0 ses articulations. Il est id\u00e9al pour les chiots en pleine croissance et les animaux \u00e2g\u00e9s et sa housse matelass\u00e9e est amovible et peut \u00eatre lav\u00e9e en machine.\",\"breadcrumb\":{\"@id\":\"https:\\\/\\\/www.vetorino.com\\\/veterinaire\\\/champs-sur-marne-77420\\\/boutique\\\/product\\\/matelas-a-memoire-de-forme-beonebreed\\\/#breadcrumb\"},\"inLanguage\":\"fr-FR\",\"potentialAction\":[{\"@type\":\"ReadAction\",\"target\":[\"https:\\\/\\\/www.vetorino.com\\\/veterinaire\\\/champs-sur-marne-77420\\\/boutique\\\/product\\\/matelas-a-memoire-de-forme-beonebreed\\\/\"]}]},{\"@type\":\"ImageObject\",\"inLanguage\":\"fr-FR\",\"@id\":\"https:\\\/\\\/www.vetorino.com\\\/veterinaire\\\/champs-sur-marne-77420\\\/boutique\\\/product\\\/matelas-a-memoire-de-forme-beonebreed\\\/#primaryimage\",\"url\":\"https:\\\/\\\/www.vetorino.com\\\/boutique\\\/wp-content\\\/uploads\\\/2020\\\/06\\\/FilsMAT724FormatMediumTypeIM.png\",\"contentUrl\":\"https:\\\/\\\/www.vetorino.com\\\/boutique\\\/wp-content\\\/uploads\\\/2020\\\/06\\\/FilsMAT724FormatMediumTypeIM.png\",\"width\":400,\"height\":400},{\"@type\":\"BreadcrumbList\",\"@id\":\"https:\\\/\\\/www.vetorino.com\\\/veterinaire\\\/champs-sur-marne-77420\\\/boutique\\\/product\\\/matelas-a-memoire-de-forme-beonebreed\\\/#breadcrumb\",\"itemListElement\":[{\"@type\":\"ListItem\",\"position\":1,\"name\":\"Accueil\",\"item\":\"https:\\\/\\\/www.vetorino.com\\\/boutique\\\/\"},{\"@type\":\"ListItem\",\"position\":2,\"name\":\"Produits\",\"item\":\"https:\\\/\\\/www.vetorino.com\\\/boutique\\\/\"},{\"@type\":\"ListItem\",\"position\":3,\"name\":\"Matelas \u00e0 m\u00e9moire de forme BeOneBreed\"}]},{\"@type\":\"WebSite\",\"@id\":\"https:\\\/\\\/www.vetorino.com\\\/boutique\\\/#website\",\"url\":\"https:\\\/\\\/www.vetorino.com\\\/boutique\\\/\",\"name\":\"V\u00e9torino\",\"description\":\"\",\"publisher\":{\"@id\":\"https:\\\/\\\/www.vetorino.com\\\/boutique\\\/#organization\"},\"potentialAction\":[{\"@type\":\"SearchAction\",\"target\":{\"@type\":\"EntryPoint\",\"urlTemplate\":\"https:\\\/\\\/www.vetorino.com\\\/boutique\\\/?s={search_term_string}\"},\"query-input\":{\"@type\":\"PropertyValueSpecification\",\"valueRequired\":true,\"valueName\":\"search_term_string\"}}],\"inLanguage\":\"fr-FR\"},{\"@type\":\"Organization\",\"@id\":\"https:\\\/\\\/www.vetorino.com\\\/boutique\\\/#organization\",\"name\":\"V\u00e9torino\",\"url\":\"https:\\\/\\\/www.vetorino.com\\\/boutique\\\/\",\"logo\":{\"@type\":\"ImageObject\",\"inLanguage\":\"fr-FR\",\"@id\":\"https:\\\/\\\/www.vetorino.com\\\/boutique\\\/#\\\/schema\\\/logo\\\/image\\\/\",\"url\":\"https:\\\/\\\/www.vetorino.com\\\/boutique\\\/wp-content\\\/uploads\\\/2024\\\/10\\\/logo.jpg\",\"contentUrl\":\"https:\\\/\\\/www.vetorino.com\\\/boutique\\\/wp-content\\\/uploads\\\/2024\\\/10\\\/logo.jpg\",\"width\":1200,\"height\":610,\"caption\":\"V\u00e9torino\"},\"image\":{\"@id\":\"https:\\\/\\\/www.vetorino.com\\\/boutique\\\/#\\\/schema\\\/logo\\\/image\\\/\"},\"sameAs\":[\"https:\\\/\\\/www.facebook.com\\\/Vetorino\\\/\",\"https:\\\/\\\/www.instagram.com\\\/vetorino_off\\\/\",\"https:\\\/\\\/www.linkedin.com\\\/company\\\/vtorino\\\/\"]}]}<\/script>\n<meta property=\"product:brand\" content=\"BeOneBreed\" \/>\n<meta property=\"og:availability\" content=\"out of stock\" \/>\n<meta property=\"product:availability\" content=\"out of stock\" \/>\n<meta property=\"product:condition\" content=\"new\" \/>\n<!-- \/ Yoast SEO plugin. -->","yoast_head_json":{"title":"Matelas \u00e0 m\u00e9moire de forme BeOneBreed BeOneBreed - V\u00e9torino","description":"Ce matelas orthop\u00e9dique offrira un grand confort \u00e0 votre chien gr\u00e2ce \u00e0 sa m\u00e9moire de forme int\u00e9gr\u00e9e, offrant un soutien \u00e0 ses articulations. Il est id\u00e9al pour les chiots en pleine croissance et les animaux \u00e2g\u00e9s et sa housse matelass\u00e9e est amovible et peut \u00eatre lav\u00e9e en machine.","robots":{"index":"noindex","follow":"nofollow"},"og_locale":"fr_FR","og_type":"article","og_title":"Matelas \u00e0 m\u00e9moire de forme BeOneBreed BeOneBreed - V\u00e9torino","og_description":"Ce matelas orthop\u00e9dique offrira un grand confort \u00e0 votre chien gr\u00e2ce \u00e0 sa m\u00e9moire de forme int\u00e9gr\u00e9e, offrant un soutien \u00e0 ses articulations. Il est id\u00e9al pour les chiots en pleine croissance et les animaux \u00e2g\u00e9s et sa housse matelass\u00e9e est amovible et peut \u00eatre lav\u00e9e en machine.","og_url":"https:\/\/www.vetorino.com\/veterinaire\/saintebazeille-47180\/boutique\/product\/matelas-a-memoire-de-forme-beonebreed\/","og_site_name":"V\u00e9torino","article_publisher":"https:\/\/www.facebook.com\/Vetorino\/","article_modified_time":"2023-05-31T15:23:08+00:00","og_image":[{"width":400,"height":400,"url":"https:\/\/www.vetorino.com\/boutique\/wp-content\/uploads\/2020\/06\/FilsMAT724FormatMediumTypeIM.png","type":"image\/png"}],"twitter_card":"summary_large_image","twitter_misc":{"Disponibilit\u00e9":"Rupture de stock"},"schema":{"@context":"https:\/\/schema.org","@graph":[{"@type":"WebPage","@id":"https:\/\/www.vetorino.com\/veterinaire\/champs-sur-marne-77420\/boutique\/product\/matelas-a-memoire-de-forme-beonebreed\/","url":"https:\/\/www.vetorino.com\/veterinaire\/champs-sur-marne-77420\/boutique\/product\/matelas-a-memoire-de-forme-beonebreed\/","name":"Matelas \u00e0 m\u00e9moire de forme BeOneBreed BeOneBreed - V\u00e9torino","isPartOf":{"@id":"https:\/\/www.vetorino.com\/boutique\/#website"},"primaryImageOfPage":{"@id":"https:\/\/www.vetorino.com\/veterinaire\/champs-sur-marne-77420\/boutique\/product\/matelas-a-memoire-de-forme-beonebreed\/#primaryimage"},"image":{"@id":"https:\/\/www.vetorino.com\/veterinaire\/champs-sur-marne-77420\/boutique\/product\/matelas-a-memoire-de-forme-beonebreed\/#primaryimage"},"thumbnailUrl":"https:\/\/www.vetorino.com\/boutique\/wp-content\/uploads\/2020\/06\/FilsMAT724FormatMediumTypeIM.png","datePublished":"2020-06-29T23:33:52+00:00","dateModified":"2023-05-31T15:23:08+00:00","description":"Ce matelas orthop\u00e9dique offrira un grand confort \u00e0 votre chien gr\u00e2ce \u00e0 sa m\u00e9moire de forme int\u00e9gr\u00e9e, offrant un soutien \u00e0 ses articulations. Il est id\u00e9al pour les chiots en pleine croissance et les animaux \u00e2g\u00e9s et sa housse matelass\u00e9e est amovible et peut \u00eatre lav\u00e9e en machine.","breadcrumb":{"@id":"https:\/\/www.vetorino.com\/veterinaire\/champs-sur-marne-77420\/boutique\/product\/matelas-a-memoire-de-forme-beonebreed\/#breadcrumb"},"inLanguage":"fr-FR","potentialAction":[{"@type":"ReadAction","target":["https:\/\/www.vetorino.com\/veterinaire\/champs-sur-marne-77420\/boutique\/product\/matelas-a-memoire-de-forme-beonebreed\/"]}]},{"@type":"ImageObject","inLanguage":"fr-FR","@id":"https:\/\/www.vetorino.com\/veterinaire\/champs-sur-marne-77420\/boutique\/product\/matelas-a-memoire-de-forme-beonebreed\/#primaryimage","url":"https:\/\/www.vetorino.com\/boutique\/wp-content\/uploads\/2020\/06\/FilsMAT724FormatMediumTypeIM.png","contentUrl":"https:\/\/www.vetorino.com\/boutique\/wp-content\/uploads\/2020\/06\/FilsMAT724FormatMediumTypeIM.png","width":400,"height":400},{"@type":"BreadcrumbList","@id":"https:\/\/www.vetorino.com\/veterinaire\/champs-sur-marne-77420\/boutique\/product\/matelas-a-memoire-de-forme-beonebreed\/#breadcrumb","itemListElement":[{"@type":"ListItem","position":1,"name":"Accueil","item":"https:\/\/www.vetorino.com\/boutique\/"},{"@type":"ListItem","position":2,"name":"Produits","item":"https:\/\/www.vetorino.com\/boutique\/"},{"@type":"ListItem","position":3,"name":"Matelas \u00e0 m\u00e9moire de forme BeOneBreed"}]},{"@type":"WebSite","@id":"https:\/\/www.vetorino.com\/boutique\/#website","url":"https:\/\/www.vetorino.com\/boutique\/","name":"V\u00e9torino","description":"","publisher":{"@id":"https:\/\/www.vetorino.com\/boutique\/#organization"},"potentialAction":[{"@type":"SearchAction","target":{"@type":"EntryPoint","urlTemplate":"https:\/\/www.vetorino.com\/boutique\/?s={search_term_string}"},"query-input":{"@type":"PropertyValueSpecification","valueRequired":true,"valueName":"search_term_string"}}],"inLanguage":"fr-FR"},{"@type":"Organization","@id":"https:\/\/www.vetorino.com\/boutique\/#organization","name":"V\u00e9torino","url":"https:\/\/www.vetorino.com\/boutique\/","logo":{"@type":"ImageObject","inLanguage":"fr-FR","@id":"https:\/\/www.vetorino.com\/boutique\/#\/schema\/logo\/image\/","url":"https:\/\/www.vetorino.com\/boutique\/wp-content\/uploads\/2024\/10\/logo.jpg","contentUrl":"https:\/\/www.vetorino.com\/boutique\/wp-content\/uploads\/2024\/10\/logo.jpg","width":1200,"height":610,"caption":"V\u00e9torino"},"image":{"@id":"https:\/\/www.vetorino.com\/boutique\/#\/schema\/logo\/image\/"},"sameAs":["https:\/\/www.facebook.com\/Vetorino\/","https:\/\/www.instagram.com\/vetorino_off\/","https:\/\/www.linkedin.com\/company\/vtorino\/"]}]},"product_brand":"BeOneBreed","og_availability":"out of stock","product_availability":"out of stock","product_condition":"new"},"_links":{"self":[{"href":"https:\/\/www.vetorino.com\/veterinaire\/saintebazeille-47180\/boutique\/wp-json\/wp\/v2\/product\/99626","targetHints":{"allow":["GET"]}}],"collection":[{"href":"https:\/\/www.vetorino.com\/veterinaire\/saintebazeille-47180\/boutique\/wp-json\/wp\/v2\/product"}],"about":[{"href":"https:\/\/www.vetorino.com\/veterinaire\/saintebazeille-47180\/boutique\/wp-json\/wp\/v2\/types\/product"}],"wp:featuredmedia":[{"embeddable":true,"href":"https:\/\/www.vetorino.com\/veterinaire\/saintebazeille-47180\/boutique\/wp-json\/wp\/v2\/media\/99623"}],"wp:attachment":[{"href":"https:\/\/www.vetorino.com\/veterinaire\/saintebazeille-47180\/boutique\/wp-json\/wp\/v2\/media?parent=99626"}],"wp:term":[{"taxonomy":"product_cat","embeddable":true,"href":"https:\/\/www.vetorino.com\/veterinaire\/saintebazeille-47180\/boutique\/wp-json\/wp\/v2\/product_cat?post=99626"},{"taxonomy":"product_tag","embeddable":true,"href":"https:\/\/www.vetorino.com\/veterinaire\/saintebazeille-47180\/boutique\/wp-json\/wp\/v2\/product_tag?post=99626"}],"curies":[{"name":"wp","href":"https:\/\/api.w.org\/{rel}","templated":true}]}}