{"id":101651,"date":"2020-06-30T11:50:02","date_gmt":"2020-06-30T09:50:02","guid":{"rendered":"https:\/\/www.vetorino.com\/boutique\/product\/rumi-gs\/"},"modified":"2025-08-01T17:01:57","modified_gmt":"2025-08-01T15:01:57","slug":"rumi-gs","status":"publish","type":"product","link":"https:\/\/www.vetorino.com\/veterinaire\/saintefoylargentiere-69610\/boutique\/product\/rumi-gs\/","title":{"rendered":"Rumi Gs"},"content":{"rendered":"<div class=\"hidden\">\n<div class=\"modal-dialog modal-fp\" role=\"document\">\n<div class=\"modal-content\">\n<div class=\"fiche\">\n<div class=\"content selectedContent\">\n<div class=\"contentInfos\">\n<div class=\"ps\">\n<div class=\"ps-content\">\n<div>\n<div class=\"content\">\n<div class=\"droite\">\n<div class=\"details\">\n<div class=\"plDet\"><strong>Aliment compl\u00e9mentaire<\/strong> di\u00e9t\u00e9tique pour bovins <strong>pour l&#8217;att\u00e9nuation des r\u00e9actions au stress.<\/strong><\/div>\n<div><\/div>\n<div class=\"plDet\"><strong>Caract\u00e9ristiques :<\/strong><\/div>\n<ul>\n<li class=\"plDet\">S&#8217;utilise d\u00e8s les premiers signes.<\/li>\n<li class=\"plDet\">Se distribue \u00e0 tous les ruminants et sans d\u00e9lai d&#8217;attente.<\/li>\n<li class=\"plDet\">Att\u00e9nuation des r\u00e9actions aux stress des animaux et meilleure r\u00e9cup\u00e9ration : les pertes de lait sont ainsi r\u00e9duites.<\/li>\n<li class=\"plDet\">Egalement utilisable lors des phrases critiques de l&#8217;\u00e9levage (mises en lots, sevrages, regroupements de troupeaux, etc.<\/li>\n<\/ul>\n<p><strong>Mode d&#8217;emploi :<\/strong><br \/>\n<em>\u00c0 distribuer 5 \u00e0 6 jours de suite \u00e0 raison de 40 g ou 10 ml \/ bovin adulte \/ jour, 8 g ou 2 ml \/ ch\u00e8vre ou mouton \/ jour<\/em><br \/>\n<em>RUMI GS : \u00e0 base d&#8217;extraits de plantes, de vitamine C, de magn\u00e9sium, d&#8217;argile et d&#8217;isolat prot\u00e9ique de pois.<\/em><\/p>\n<\/div>\n<\/div>\n<\/div>\n<\/div>\n<\/div>\n<\/div>\n<\/div>\n<\/div>\n<\/div>\n<\/div>\n<\/div>\n<\/div>\n","protected":false},"excerpt":{"rendered":"<div class=\"plDet\"><strong>Aliment compl\u00e9mentaire<\/strong> di\u00e9t\u00e9tique pour bovins <strong>pour l&#8217;att\u00e9nuation des r\u00e9actions au stress.<\/strong><\/div>\n<div><\/div>\n<div class=\"plDet\"><strong>Caract\u00e9ristiques :<\/strong><\/div>\n<ul>\n<li class=\"plDet\">S&#8217;utilise d\u00e8s les premiers signes.<\/li>\n<li class=\"plDet\">Se distribue \u00e0 tous les ruminants et sans d\u00e9lai d&#8217;attente.<\/li>\n<li class=\"plDet\">Att\u00e9nuation des r\u00e9actions aux stress des animaux et meilleure r\u00e9cup\u00e9ration : les pertes de lait sont ainsi r\u00e9duites.<\/li>\n<li class=\"plDet\">Egalement utilisable lors des phrases critiques de l&#8217;\u00e9levage (mises en lots, sevrages, regroupements de troupeaux, etc.<\/li>\n<\/ul>\n","protected":false},"featured_media":1436533,"template":"","meta":[],"product_cat":[6864,6870,6871,6873],"product_tag":[],"class_list":{"0":"post-101651","1":"product","2":"type-product","3":"status-publish","4":"has-post-thumbnail","6":"product_cat-animaux-delevage","7":"product_cat-bovins","8":"product_cat-caprins","9":"product_cat-ovins","10":"pa_marque-bio-armor","12":"first","13":"outofstock","14":"taxable","15":"shipping-taxable","16":"purchasable","17":"product-type-simple"},"yoast_head":"<!-- This site is optimized with the Yoast SEO plugin v27.3 - https:\/\/yoast.com\/product\/yoast-seo-wordpress\/ -->\n<title>Rumi Gs BIO ARMOR - V\u00e9torino<\/title>\n<meta name=\"description\" content=\"Aliment compl\u00e9mentaire di\u00e9t\u00e9tique pour bovins pour l&#039;att\u00e9nuation des r\u00e9actions au stress.  Caract\u00e9ristiques :   S&#039;utilise d\u00e8s les premiers signes.  Se distribue \u00e0 tous les ruminants et sans d\u00e9lai d&#039;attente.  Att\u00e9nuation des r\u00e9actions aux stress des animaux et meilleure r\u00e9cup\u00e9ration : les pertes de lait sont ainsi r\u00e9duites.  Egalement utilisable lors des phrases critiques de l&#039;\u00e9levage (mises en lots, sevrages, regroupements de troupeaux, etc.\" \/>\n<meta name=\"robots\" content=\"noindex, nofollow\" \/>\n<meta property=\"og:locale\" content=\"fr_FR\" \/>\n<meta property=\"og:type\" content=\"article\" \/>\n<meta property=\"og:title\" content=\"Rumi Gs BIO ARMOR - V\u00e9torino\" \/>\n<meta property=\"og:description\" content=\"Aliment compl\u00e9mentaire di\u00e9t\u00e9tique pour bovins pour l&#039;att\u00e9nuation des r\u00e9actions au stress.  Caract\u00e9ristiques :   S&#039;utilise d\u00e8s les premiers signes.  Se distribue \u00e0 tous les ruminants et sans d\u00e9lai d&#039;attente.  Att\u00e9nuation des r\u00e9actions aux stress des animaux et meilleure r\u00e9cup\u00e9ration : les pertes de lait sont ainsi r\u00e9duites.  Egalement utilisable lors des phrases critiques de l&#039;\u00e9levage (mises en lots, sevrages, regroupements de troupeaux, etc.\" \/>\n<meta property=\"og:url\" content=\"https:\/\/www.vetorino.com\/veterinaire\/saintefoylargentiere-69610\/boutique\/product\/rumi-gs\/\" \/>\n<meta property=\"og:site_name\" content=\"V\u00e9torino\" \/>\n<meta property=\"article:publisher\" content=\"https:\/\/www.facebook.com\/Vetorino\/\" \/>\n<meta property=\"article:modified_time\" content=\"2025-08-01T15:01:57+00:00\" \/>\n<meta property=\"og:image\" content=\"https:\/\/www.vetorino.com\/boutique\/wp-content\/uploads\/2020\/06\/rumi-gs-bovin-seau-5.png\" \/>\n\t<meta property=\"og:image:width\" content=\"1000\" \/>\n\t<meta property=\"og:image:height\" content=\"798\" \/>\n\t<meta property=\"og:image:type\" content=\"image\/png\" \/>\n<meta name=\"twitter:card\" content=\"summary_large_image\" \/>\n<meta name=\"twitter:label1\" content=\"Prix\" \/>\n\t<meta name=\"twitter:data1\" content=\"42,82&euro;\" \/>\n\t<meta name=\"twitter:label2\" content=\"Disponibilit\u00e9\" \/>\n\t<meta name=\"twitter:data2\" content=\"Rupture de stock\" \/>\n<script type=\"application\/ld+json\" class=\"yoast-schema-graph\">{\"@context\":\"https:\\\/\\\/schema.org\",\"@graph\":[{\"@type\":\"WebPage\",\"@id\":\"https:\\\/\\\/www.vetorino.com\\\/boutique\\\/product\\\/rumi-gs\\\/\",\"url\":\"https:\\\/\\\/www.vetorino.com\\\/boutique\\\/product\\\/rumi-gs\\\/\",\"name\":\"Rumi Gs BIO ARMOR - V\u00e9torino\",\"isPartOf\":{\"@id\":\"https:\\\/\\\/www.vetorino.com\\\/boutique\\\/#website\"},\"primaryImageOfPage\":{\"@id\":\"https:\\\/\\\/www.vetorino.com\\\/boutique\\\/product\\\/rumi-gs\\\/#primaryimage\"},\"image\":{\"@id\":\"https:\\\/\\\/www.vetorino.com\\\/boutique\\\/product\\\/rumi-gs\\\/#primaryimage\"},\"thumbnailUrl\":\"https:\\\/\\\/www.vetorino.com\\\/boutique\\\/wp-content\\\/uploads\\\/2020\\\/06\\\/rumi-gs-bovin-seau-5.png\",\"datePublished\":\"2020-06-30T09:50:02+00:00\",\"dateModified\":\"2025-08-01T15:01:57+00:00\",\"description\":\"Aliment compl\u00e9mentaire di\u00e9t\u00e9tique pour bovins pour l'att\u00e9nuation des r\u00e9actions au stress. Caract\u00e9ristiques : S'utilise d\u00e8s les premiers signes. Se distribue \u00e0 tous les ruminants et sans d\u00e9lai d'attente. Att\u00e9nuation des r\u00e9actions aux stress des animaux et meilleure r\u00e9cup\u00e9ration : les pertes de lait sont ainsi r\u00e9duites. Egalement utilisable lors des phrases critiques de l'\u00e9levage (mises en lots, sevrages, regroupements de troupeaux, etc.\",\"breadcrumb\":{\"@id\":\"https:\\\/\\\/www.vetorino.com\\\/boutique\\\/product\\\/rumi-gs\\\/#breadcrumb\"},\"inLanguage\":\"fr-FR\",\"potentialAction\":[{\"@type\":\"ReadAction\",\"target\":[\"https:\\\/\\\/www.vetorino.com\\\/boutique\\\/product\\\/rumi-gs\\\/\"]}]},{\"@type\":\"ImageObject\",\"inLanguage\":\"fr-FR\",\"@id\":\"https:\\\/\\\/www.vetorino.com\\\/boutique\\\/product\\\/rumi-gs\\\/#primaryimage\",\"url\":\"https:\\\/\\\/www.vetorino.com\\\/boutique\\\/wp-content\\\/uploads\\\/2020\\\/06\\\/rumi-gs-bovin-seau-5.png\",\"contentUrl\":\"https:\\\/\\\/www.vetorino.com\\\/boutique\\\/wp-content\\\/uploads\\\/2020\\\/06\\\/rumi-gs-bovin-seau-5.png\",\"width\":1000,\"height\":798},{\"@type\":\"BreadcrumbList\",\"@id\":\"https:\\\/\\\/www.vetorino.com\\\/boutique\\\/product\\\/rumi-gs\\\/#breadcrumb\",\"itemListElement\":[{\"@type\":\"ListItem\",\"position\":1,\"name\":\"Accueil\",\"item\":\"https:\\\/\\\/www.vetorino.com\\\/boutique\\\/\"},{\"@type\":\"ListItem\",\"position\":2,\"name\":\"Produits\",\"item\":\"https:\\\/\\\/www.vetorino.com\\\/boutique\\\/\"},{\"@type\":\"ListItem\",\"position\":3,\"name\":\"Rumi Gs\"}]},{\"@type\":\"WebSite\",\"@id\":\"https:\\\/\\\/www.vetorino.com\\\/boutique\\\/#website\",\"url\":\"https:\\\/\\\/www.vetorino.com\\\/boutique\\\/\",\"name\":\"V\u00e9torino\",\"description\":\"\",\"publisher\":{\"@id\":\"https:\\\/\\\/www.vetorino.com\\\/boutique\\\/#organization\"},\"potentialAction\":[{\"@type\":\"SearchAction\",\"target\":{\"@type\":\"EntryPoint\",\"urlTemplate\":\"https:\\\/\\\/www.vetorino.com\\\/boutique\\\/?s={search_term_string}\"},\"query-input\":{\"@type\":\"PropertyValueSpecification\",\"valueRequired\":true,\"valueName\":\"search_term_string\"}}],\"inLanguage\":\"fr-FR\"},{\"@type\":\"Organization\",\"@id\":\"https:\\\/\\\/www.vetorino.com\\\/boutique\\\/#organization\",\"name\":\"V\u00e9torino\",\"url\":\"https:\\\/\\\/www.vetorino.com\\\/boutique\\\/\",\"logo\":{\"@type\":\"ImageObject\",\"inLanguage\":\"fr-FR\",\"@id\":\"https:\\\/\\\/www.vetorino.com\\\/boutique\\\/#\\\/schema\\\/logo\\\/image\\\/\",\"url\":\"https:\\\/\\\/www.vetorino.com\\\/boutique\\\/wp-content\\\/uploads\\\/2024\\\/10\\\/logo.jpg\",\"contentUrl\":\"https:\\\/\\\/www.vetorino.com\\\/boutique\\\/wp-content\\\/uploads\\\/2024\\\/10\\\/logo.jpg\",\"width\":1200,\"height\":610,\"caption\":\"V\u00e9torino\"},\"image\":{\"@id\":\"https:\\\/\\\/www.vetorino.com\\\/boutique\\\/#\\\/schema\\\/logo\\\/image\\\/\"},\"sameAs\":[\"https:\\\/\\\/www.facebook.com\\\/Vetorino\\\/\",\"https:\\\/\\\/www.instagram.com\\\/vetorino_off\\\/\",\"https:\\\/\\\/www.linkedin.com\\\/company\\\/vtorino\\\/\"]}]}<\/script>\n<meta property=\"product:brand\" content=\"BIO ARMOR\" \/>\n<meta property=\"product:price:amount\" content=\"42.82\" \/>\n<meta property=\"product:price:currency\" content=\"EUR\" \/>\n<meta property=\"og:availability\" content=\"out of stock\" \/>\n<meta property=\"product:availability\" content=\"out of stock\" \/>\n<meta property=\"product:retailer_item_id\" content=\"C-RUM015\" \/>\n<meta property=\"product:condition\" content=\"new\" \/>\n<!-- \/ Yoast SEO plugin. -->","yoast_head_json":{"title":"Rumi Gs BIO ARMOR - V\u00e9torino","description":"Aliment compl\u00e9mentaire di\u00e9t\u00e9tique pour bovins pour l'att\u00e9nuation des r\u00e9actions au stress.  Caract\u00e9ristiques :   S'utilise d\u00e8s les premiers signes.  Se distribue \u00e0 tous les ruminants et sans d\u00e9lai d'attente.  Att\u00e9nuation des r\u00e9actions aux stress des animaux et meilleure r\u00e9cup\u00e9ration : les pertes de lait sont ainsi r\u00e9duites.  Egalement utilisable lors des phrases critiques de l'\u00e9levage (mises en lots, sevrages, regroupements de troupeaux, etc.","robots":{"index":"noindex","follow":"nofollow"},"og_locale":"fr_FR","og_type":"article","og_title":"Rumi Gs BIO ARMOR - V\u00e9torino","og_description":"Aliment compl\u00e9mentaire di\u00e9t\u00e9tique pour bovins pour l'att\u00e9nuation des r\u00e9actions au stress.  Caract\u00e9ristiques :   S'utilise d\u00e8s les premiers signes.  Se distribue \u00e0 tous les ruminants et sans d\u00e9lai d'attente.  Att\u00e9nuation des r\u00e9actions aux stress des animaux et meilleure r\u00e9cup\u00e9ration : les pertes de lait sont ainsi r\u00e9duites.  Egalement utilisable lors des phrases critiques de l'\u00e9levage (mises en lots, sevrages, regroupements de troupeaux, etc.","og_url":"https:\/\/www.vetorino.com\/veterinaire\/saintefoylargentiere-69610\/boutique\/product\/rumi-gs\/","og_site_name":"V\u00e9torino","article_publisher":"https:\/\/www.facebook.com\/Vetorino\/","article_modified_time":"2025-08-01T15:01:57+00:00","og_image":[{"width":1000,"height":798,"url":"https:\/\/www.vetorino.com\/boutique\/wp-content\/uploads\/2020\/06\/rumi-gs-bovin-seau-5.png","type":"image\/png"}],"twitter_card":"summary_large_image","twitter_misc":{"Prix":"42,82&euro;","Disponibilit\u00e9":"Rupture de stock"},"schema":{"@context":"https:\/\/schema.org","@graph":[{"@type":"WebPage","@id":"https:\/\/www.vetorino.com\/boutique\/product\/rumi-gs\/","url":"https:\/\/www.vetorino.com\/boutique\/product\/rumi-gs\/","name":"Rumi Gs BIO ARMOR - V\u00e9torino","isPartOf":{"@id":"https:\/\/www.vetorino.com\/boutique\/#website"},"primaryImageOfPage":{"@id":"https:\/\/www.vetorino.com\/boutique\/product\/rumi-gs\/#primaryimage"},"image":{"@id":"https:\/\/www.vetorino.com\/boutique\/product\/rumi-gs\/#primaryimage"},"thumbnailUrl":"https:\/\/www.vetorino.com\/boutique\/wp-content\/uploads\/2020\/06\/rumi-gs-bovin-seau-5.png","datePublished":"2020-06-30T09:50:02+00:00","dateModified":"2025-08-01T15:01:57+00:00","description":"Aliment compl\u00e9mentaire di\u00e9t\u00e9tique pour bovins pour l'att\u00e9nuation des r\u00e9actions au stress. Caract\u00e9ristiques : S'utilise d\u00e8s les premiers signes. Se distribue \u00e0 tous les ruminants et sans d\u00e9lai d'attente. Att\u00e9nuation des r\u00e9actions aux stress des animaux et meilleure r\u00e9cup\u00e9ration : les pertes de lait sont ainsi r\u00e9duites. Egalement utilisable lors des phrases critiques de l'\u00e9levage (mises en lots, sevrages, regroupements de troupeaux, etc.","breadcrumb":{"@id":"https:\/\/www.vetorino.com\/boutique\/product\/rumi-gs\/#breadcrumb"},"inLanguage":"fr-FR","potentialAction":[{"@type":"ReadAction","target":["https:\/\/www.vetorino.com\/boutique\/product\/rumi-gs\/"]}]},{"@type":"ImageObject","inLanguage":"fr-FR","@id":"https:\/\/www.vetorino.com\/boutique\/product\/rumi-gs\/#primaryimage","url":"https:\/\/www.vetorino.com\/boutique\/wp-content\/uploads\/2020\/06\/rumi-gs-bovin-seau-5.png","contentUrl":"https:\/\/www.vetorino.com\/boutique\/wp-content\/uploads\/2020\/06\/rumi-gs-bovin-seau-5.png","width":1000,"height":798},{"@type":"BreadcrumbList","@id":"https:\/\/www.vetorino.com\/boutique\/product\/rumi-gs\/#breadcrumb","itemListElement":[{"@type":"ListItem","position":1,"name":"Accueil","item":"https:\/\/www.vetorino.com\/boutique\/"},{"@type":"ListItem","position":2,"name":"Produits","item":"https:\/\/www.vetorino.com\/boutique\/"},{"@type":"ListItem","position":3,"name":"Rumi Gs"}]},{"@type":"WebSite","@id":"https:\/\/www.vetorino.com\/boutique\/#website","url":"https:\/\/www.vetorino.com\/boutique\/","name":"V\u00e9torino","description":"","publisher":{"@id":"https:\/\/www.vetorino.com\/boutique\/#organization"},"potentialAction":[{"@type":"SearchAction","target":{"@type":"EntryPoint","urlTemplate":"https:\/\/www.vetorino.com\/boutique\/?s={search_term_string}"},"query-input":{"@type":"PropertyValueSpecification","valueRequired":true,"valueName":"search_term_string"}}],"inLanguage":"fr-FR"},{"@type":"Organization","@id":"https:\/\/www.vetorino.com\/boutique\/#organization","name":"V\u00e9torino","url":"https:\/\/www.vetorino.com\/boutique\/","logo":{"@type":"ImageObject","inLanguage":"fr-FR","@id":"https:\/\/www.vetorino.com\/boutique\/#\/schema\/logo\/image\/","url":"https:\/\/www.vetorino.com\/boutique\/wp-content\/uploads\/2024\/10\/logo.jpg","contentUrl":"https:\/\/www.vetorino.com\/boutique\/wp-content\/uploads\/2024\/10\/logo.jpg","width":1200,"height":610,"caption":"V\u00e9torino"},"image":{"@id":"https:\/\/www.vetorino.com\/boutique\/#\/schema\/logo\/image\/"},"sameAs":["https:\/\/www.facebook.com\/Vetorino\/","https:\/\/www.instagram.com\/vetorino_off\/","https:\/\/www.linkedin.com\/company\/vtorino\/"]}]},"product_brand":"BIO ARMOR","product_price_amount":"42.82","product_price_currency":"EUR","og_availability":"out of stock","product_availability":"out of stock","product_retailer_item_id":"C-RUM015","product_condition":"new"},"_links":{"self":[{"href":"https:\/\/www.vetorino.com\/veterinaire\/saintefoylargentiere-69610\/boutique\/wp-json\/wp\/v2\/product\/101651","targetHints":{"allow":["GET"]}}],"collection":[{"href":"https:\/\/www.vetorino.com\/veterinaire\/saintefoylargentiere-69610\/boutique\/wp-json\/wp\/v2\/product"}],"about":[{"href":"https:\/\/www.vetorino.com\/veterinaire\/saintefoylargentiere-69610\/boutique\/wp-json\/wp\/v2\/types\/product"}],"wp:featuredmedia":[{"embeddable":true,"href":"https:\/\/www.vetorino.com\/veterinaire\/saintefoylargentiere-69610\/boutique\/wp-json\/wp\/v2\/media\/1436533"}],"wp:attachment":[{"href":"https:\/\/www.vetorino.com\/veterinaire\/saintefoylargentiere-69610\/boutique\/wp-json\/wp\/v2\/media?parent=101651"}],"wp:term":[{"taxonomy":"product_cat","embeddable":true,"href":"https:\/\/www.vetorino.com\/veterinaire\/saintefoylargentiere-69610\/boutique\/wp-json\/wp\/v2\/product_cat?post=101651"},{"taxonomy":"product_tag","embeddable":true,"href":"https:\/\/www.vetorino.com\/veterinaire\/saintefoylargentiere-69610\/boutique\/wp-json\/wp\/v2\/product_tag?post=101651"}],"curies":[{"name":"wp","href":"https:\/\/api.w.org\/{rel}","templated":true}]}}