{"id":101541,"date":"2020-06-30T11:48:19","date_gmt":"2020-06-30T09:48:19","guid":{"rendered":"https:\/\/www.vetorino.com\/boutique\/product\/repas-special-optima-rats-et-souris\/"},"modified":"2025-09-25T02:42:14","modified_gmt":"2025-09-25T00:42:14","slug":"repas-special-optima-rats-et-souris","status":"publish","type":"product","link":"https:\/\/www.vetorino.com\/veterinaire\/saintefoyleslyon-69110\/boutique\/product\/repas-special-optima-rats-et-souris\/","title":{"rendered":"Repas Special Optima Rats Et Souris"},"content":{"rendered":"<div class='hidden'>HAMI FORM SARL SOCEC<\/div>\n<div class='hidden'>Rongeurs<\/div>\n<div class='hidden'>Sec<\/div>\n<div class='hidden'>Granul\u00e9s<\/div>\n<div class='hidden'>Rats et souris &#8211; Adulte<\/div>\n<p>Par sa pr\u00e9sentation originale et sa formule sp\u00e9cifique, cet aliment constitue un repas complet et \u00e9quilibr\u00e9.<br \/>Les c\u00e9r\u00e9ales ont \u00e9t\u00e9 choisies \u00e0 la r\u00e9colte et stock\u00e9es de fa\u00e7on \u00e0 conserver toutes leurs valeurs nutritives.<br \/>L&#8217;ajout de fruits (banane et papaye) apporte aux granul\u00e9s un go\u00fbt subtil et envo\u00fbtant.<br \/>Particularit\u00e9s :<br \/>. Aliment compact<br \/>Cet aliment a \u00e9t\u00e9 sp\u00e9cialement formul\u00e9 pour apporter tous les \u00e9l\u00e9ments n\u00e9cessaires \u00e0 l&#8217;organisme du rat et de la souris : les sources d&#8217;\u00e9nergie, les prot\u00e9ines, les acides gras, les \u00e9l\u00e9ments min\u00e9raux et les vitamines.<br \/>Afin de pr\u00e9server les qualit\u00e9s nutritionnelles des ingr\u00e9dients, l&#8217;aspect du granul\u00e9 est obtenu par pressage \u00e0 sec. La taille et la forme du granul\u00e9 ont \u00e9t\u00e9 \u00e9tudi\u00e9es pour en faciliter sa prise. Sa duret\u00e9 contribue \u00e0 une bonne hygi\u00e8ne dentaire.<\/p>\n","protected":false},"excerpt":{"rendered":"<p>HAMI FORM SARL SOCEC Rongeurs Sec Granul\u00e9s Rats et souris &#8211; Adulte Par sa pr\u00e9sentation originale et sa formule sp\u00e9cifique, cet aliment constitue un repas complet et \u00e9quilibr\u00e9.Les c\u00e9r\u00e9ales ont \u00e9t\u00e9 choisies \u00e0 la r\u00e9colte et stock\u00e9es de fa\u00e7on \u00e0 conserver toutes leurs valeurs nutritives.L&#8217;ajout de fruits (banane et papaye) apporte aux granul\u00e9s un go\u00fbt [&hellip;]<\/p>\n","protected":false},"featured_media":101540,"template":"","meta":[],"product_cat":[2727,12570],"product_tag":[],"class_list":{"0":"post-101541","1":"product","2":"type-product","3":"status-publish","4":"has-post-thumbnail","6":"product_cat-nac","7":"product_cat-rongeur","8":"pa_marque-hami-form-sarl-socec","10":"first","11":"instock","12":"taxable","13":"shipping-taxable","14":"purchasable","15":"product-type-simple"},"yoast_head":"<!-- This site is optimized with the Yoast SEO plugin v27.3 - https:\/\/yoast.com\/product\/yoast-seo-wordpress\/ -->\n<title>Repas Special Optima Rats Et Souris HAMI FORM SARL SOCEC - V\u00e9torino<\/title>\n<meta name=\"description\" content=\"HAMI FORM SARL SOCECRongeursSecGranul\u00e9sRats et souris - AdultePar sa pr\u00e9sentation originale et sa formule sp\u00e9cifique, cet aliment constitue un repas\" \/>\n<meta name=\"robots\" content=\"noindex, nofollow\" \/>\n<meta property=\"og:locale\" content=\"fr_FR\" \/>\n<meta property=\"og:type\" content=\"article\" \/>\n<meta property=\"og:title\" content=\"Repas Special Optima Rats Et Souris HAMI FORM SARL SOCEC - V\u00e9torino\" \/>\n<meta property=\"og:description\" content=\"HAMI FORM SARL SOCECRongeursSecGranul\u00e9sRats et souris - AdultePar sa pr\u00e9sentation originale et sa formule sp\u00e9cifique, cet aliment constitue un repas\" \/>\n<meta property=\"og:url\" content=\"https:\/\/www.vetorino.com\/veterinaire\/saintefoyleslyon-69110\/boutique\/product\/repas-special-optima-rats-et-souris\/\" \/>\n<meta property=\"og:site_name\" content=\"V\u00e9torino\" \/>\n<meta property=\"article:publisher\" content=\"https:\/\/www.facebook.com\/Vetorino\/\" \/>\n<meta property=\"article:modified_time\" content=\"2025-09-25T00:42:14+00:00\" \/>\n<meta property=\"og:image\" content=\"https:\/\/www.vetorino.com\/boutique\/wp-content\/uploads\/2020\/06\/FilsREP026FormatMediumTypeIM.png\" \/>\n\t<meta property=\"og:image:width\" content=\"400\" \/>\n\t<meta property=\"og:image:height\" content=\"400\" \/>\n\t<meta property=\"og:image:type\" content=\"image\/png\" \/>\n<meta name=\"twitter:card\" content=\"summary_large_image\" \/>\n<meta name=\"twitter:label1\" content=\"Prix\" \/>\n\t<meta name=\"twitter:data1\" content=\"5,98&euro;\" \/>\n\t<meta name=\"twitter:label2\" content=\"Disponibilit\u00e9\" \/>\n\t<meta name=\"twitter:data2\" content=\"En stock\" \/>\n<script type=\"application\/ld+json\" class=\"yoast-schema-graph\">{\"@context\":\"https:\\\/\\\/schema.org\",\"@graph\":[{\"@type\":\"WebPage\",\"@id\":\"https:\\\/\\\/www.vetorino.com\\\/veterinaire\\\/champs-sur-marne-77420\\\/boutique\\\/product\\\/repas-special-optima-rats-et-souris\\\/\",\"url\":\"https:\\\/\\\/www.vetorino.com\\\/veterinaire\\\/champs-sur-marne-77420\\\/boutique\\\/product\\\/repas-special-optima-rats-et-souris\\\/\",\"name\":\"Repas Special Optima Rats Et Souris HAMI FORM SARL SOCEC - V\u00e9torino\",\"isPartOf\":{\"@id\":\"https:\\\/\\\/www.vetorino.com\\\/boutique\\\/#website\"},\"primaryImageOfPage\":{\"@id\":\"https:\\\/\\\/www.vetorino.com\\\/veterinaire\\\/champs-sur-marne-77420\\\/boutique\\\/product\\\/repas-special-optima-rats-et-souris\\\/#primaryimage\"},\"image\":{\"@id\":\"https:\\\/\\\/www.vetorino.com\\\/veterinaire\\\/champs-sur-marne-77420\\\/boutique\\\/product\\\/repas-special-optima-rats-et-souris\\\/#primaryimage\"},\"thumbnailUrl\":\"https:\\\/\\\/www.vetorino.com\\\/boutique\\\/wp-content\\\/uploads\\\/2020\\\/06\\\/FilsREP026FormatMediumTypeIM.png\",\"datePublished\":\"2020-06-30T09:48:19+00:00\",\"dateModified\":\"2025-09-25T00:42:14+00:00\",\"description\":\"HAMI FORM SARL SOCECRongeursSecGranul\u00e9sRats et souris - AdultePar sa pr\u00e9sentation originale et sa formule sp\u00e9cifique, cet aliment constitue un repas\",\"breadcrumb\":{\"@id\":\"https:\\\/\\\/www.vetorino.com\\\/veterinaire\\\/champs-sur-marne-77420\\\/boutique\\\/product\\\/repas-special-optima-rats-et-souris\\\/#breadcrumb\"},\"inLanguage\":\"fr-FR\",\"potentialAction\":[{\"@type\":\"ReadAction\",\"target\":[\"https:\\\/\\\/www.vetorino.com\\\/veterinaire\\\/champs-sur-marne-77420\\\/boutique\\\/product\\\/repas-special-optima-rats-et-souris\\\/\"]}]},{\"@type\":\"ImageObject\",\"inLanguage\":\"fr-FR\",\"@id\":\"https:\\\/\\\/www.vetorino.com\\\/veterinaire\\\/champs-sur-marne-77420\\\/boutique\\\/product\\\/repas-special-optima-rats-et-souris\\\/#primaryimage\",\"url\":\"https:\\\/\\\/www.vetorino.com\\\/boutique\\\/wp-content\\\/uploads\\\/2020\\\/06\\\/FilsREP026FormatMediumTypeIM.png\",\"contentUrl\":\"https:\\\/\\\/www.vetorino.com\\\/boutique\\\/wp-content\\\/uploads\\\/2020\\\/06\\\/FilsREP026FormatMediumTypeIM.png\",\"width\":400,\"height\":400},{\"@type\":\"BreadcrumbList\",\"@id\":\"https:\\\/\\\/www.vetorino.com\\\/veterinaire\\\/champs-sur-marne-77420\\\/boutique\\\/product\\\/repas-special-optima-rats-et-souris\\\/#breadcrumb\",\"itemListElement\":[{\"@type\":\"ListItem\",\"position\":1,\"name\":\"Accueil\",\"item\":\"https:\\\/\\\/www.vetorino.com\\\/boutique\\\/\"},{\"@type\":\"ListItem\",\"position\":2,\"name\":\"Produits\",\"item\":\"https:\\\/\\\/www.vetorino.com\\\/boutique\\\/\"},{\"@type\":\"ListItem\",\"position\":3,\"name\":\"Repas Special Optima Rats Et Souris\"}]},{\"@type\":\"WebSite\",\"@id\":\"https:\\\/\\\/www.vetorino.com\\\/boutique\\\/#website\",\"url\":\"https:\\\/\\\/www.vetorino.com\\\/boutique\\\/\",\"name\":\"V\u00e9torino\",\"description\":\"\",\"publisher\":{\"@id\":\"https:\\\/\\\/www.vetorino.com\\\/boutique\\\/#organization\"},\"potentialAction\":[{\"@type\":\"SearchAction\",\"target\":{\"@type\":\"EntryPoint\",\"urlTemplate\":\"https:\\\/\\\/www.vetorino.com\\\/boutique\\\/?s={search_term_string}\"},\"query-input\":{\"@type\":\"PropertyValueSpecification\",\"valueRequired\":true,\"valueName\":\"search_term_string\"}}],\"inLanguage\":\"fr-FR\"},{\"@type\":\"Organization\",\"@id\":\"https:\\\/\\\/www.vetorino.com\\\/boutique\\\/#organization\",\"name\":\"V\u00e9torino\",\"url\":\"https:\\\/\\\/www.vetorino.com\\\/boutique\\\/\",\"logo\":{\"@type\":\"ImageObject\",\"inLanguage\":\"fr-FR\",\"@id\":\"https:\\\/\\\/www.vetorino.com\\\/boutique\\\/#\\\/schema\\\/logo\\\/image\\\/\",\"url\":\"https:\\\/\\\/www.vetorino.com\\\/boutique\\\/wp-content\\\/uploads\\\/2024\\\/10\\\/logo.jpg\",\"contentUrl\":\"https:\\\/\\\/www.vetorino.com\\\/boutique\\\/wp-content\\\/uploads\\\/2024\\\/10\\\/logo.jpg\",\"width\":1200,\"height\":610,\"caption\":\"V\u00e9torino\"},\"image\":{\"@id\":\"https:\\\/\\\/www.vetorino.com\\\/boutique\\\/#\\\/schema\\\/logo\\\/image\\\/\"},\"sameAs\":[\"https:\\\/\\\/www.facebook.com\\\/Vetorino\\\/\",\"https:\\\/\\\/www.instagram.com\\\/vetorino_off\\\/\",\"https:\\\/\\\/www.linkedin.com\\\/company\\\/vtorino\\\/\"]}]}<\/script>\n<meta property=\"product:brand\" content=\"HAMI FORM SARL SOCEC\" \/>\n<meta property=\"product:price:amount\" content=\"5.98\" \/>\n<meta property=\"product:price:currency\" content=\"EUR\" \/>\n<meta property=\"og:availability\" content=\"instock\" \/>\n<meta property=\"product:availability\" content=\"instock\" \/>\n<meta property=\"product:retailer_item_id\" content=\"C-REP026\" \/>\n<meta property=\"product:condition\" content=\"new\" \/>\n<!-- \/ Yoast SEO plugin. -->","yoast_head_json":{"title":"Repas Special Optima Rats Et Souris HAMI FORM SARL SOCEC - V\u00e9torino","description":"HAMI FORM SARL SOCECRongeursSecGranul\u00e9sRats et souris - AdultePar sa pr\u00e9sentation originale et sa formule sp\u00e9cifique, cet aliment constitue un repas","robots":{"index":"noindex","follow":"nofollow"},"og_locale":"fr_FR","og_type":"article","og_title":"Repas Special Optima Rats Et Souris HAMI FORM SARL SOCEC - V\u00e9torino","og_description":"HAMI FORM SARL SOCECRongeursSecGranul\u00e9sRats et souris - AdultePar sa pr\u00e9sentation originale et sa formule sp\u00e9cifique, cet aliment constitue un repas","og_url":"https:\/\/www.vetorino.com\/veterinaire\/saintefoyleslyon-69110\/boutique\/product\/repas-special-optima-rats-et-souris\/","og_site_name":"V\u00e9torino","article_publisher":"https:\/\/www.facebook.com\/Vetorino\/","article_modified_time":"2025-09-25T00:42:14+00:00","og_image":[{"width":400,"height":400,"url":"https:\/\/www.vetorino.com\/boutique\/wp-content\/uploads\/2020\/06\/FilsREP026FormatMediumTypeIM.png","type":"image\/png"}],"twitter_card":"summary_large_image","twitter_misc":{"Prix":"5,98&euro;","Disponibilit\u00e9":"En stock"},"schema":{"@context":"https:\/\/schema.org","@graph":[{"@type":"WebPage","@id":"https:\/\/www.vetorino.com\/veterinaire\/champs-sur-marne-77420\/boutique\/product\/repas-special-optima-rats-et-souris\/","url":"https:\/\/www.vetorino.com\/veterinaire\/champs-sur-marne-77420\/boutique\/product\/repas-special-optima-rats-et-souris\/","name":"Repas Special Optima Rats Et Souris HAMI FORM SARL SOCEC - V\u00e9torino","isPartOf":{"@id":"https:\/\/www.vetorino.com\/boutique\/#website"},"primaryImageOfPage":{"@id":"https:\/\/www.vetorino.com\/veterinaire\/champs-sur-marne-77420\/boutique\/product\/repas-special-optima-rats-et-souris\/#primaryimage"},"image":{"@id":"https:\/\/www.vetorino.com\/veterinaire\/champs-sur-marne-77420\/boutique\/product\/repas-special-optima-rats-et-souris\/#primaryimage"},"thumbnailUrl":"https:\/\/www.vetorino.com\/boutique\/wp-content\/uploads\/2020\/06\/FilsREP026FormatMediumTypeIM.png","datePublished":"2020-06-30T09:48:19+00:00","dateModified":"2025-09-25T00:42:14+00:00","description":"HAMI FORM SARL SOCECRongeursSecGranul\u00e9sRats et souris - AdultePar sa pr\u00e9sentation originale et sa formule sp\u00e9cifique, cet aliment constitue un repas","breadcrumb":{"@id":"https:\/\/www.vetorino.com\/veterinaire\/champs-sur-marne-77420\/boutique\/product\/repas-special-optima-rats-et-souris\/#breadcrumb"},"inLanguage":"fr-FR","potentialAction":[{"@type":"ReadAction","target":["https:\/\/www.vetorino.com\/veterinaire\/champs-sur-marne-77420\/boutique\/product\/repas-special-optima-rats-et-souris\/"]}]},{"@type":"ImageObject","inLanguage":"fr-FR","@id":"https:\/\/www.vetorino.com\/veterinaire\/champs-sur-marne-77420\/boutique\/product\/repas-special-optima-rats-et-souris\/#primaryimage","url":"https:\/\/www.vetorino.com\/boutique\/wp-content\/uploads\/2020\/06\/FilsREP026FormatMediumTypeIM.png","contentUrl":"https:\/\/www.vetorino.com\/boutique\/wp-content\/uploads\/2020\/06\/FilsREP026FormatMediumTypeIM.png","width":400,"height":400},{"@type":"BreadcrumbList","@id":"https:\/\/www.vetorino.com\/veterinaire\/champs-sur-marne-77420\/boutique\/product\/repas-special-optima-rats-et-souris\/#breadcrumb","itemListElement":[{"@type":"ListItem","position":1,"name":"Accueil","item":"https:\/\/www.vetorino.com\/boutique\/"},{"@type":"ListItem","position":2,"name":"Produits","item":"https:\/\/www.vetorino.com\/boutique\/"},{"@type":"ListItem","position":3,"name":"Repas Special Optima Rats Et Souris"}]},{"@type":"WebSite","@id":"https:\/\/www.vetorino.com\/boutique\/#website","url":"https:\/\/www.vetorino.com\/boutique\/","name":"V\u00e9torino","description":"","publisher":{"@id":"https:\/\/www.vetorino.com\/boutique\/#organization"},"potentialAction":[{"@type":"SearchAction","target":{"@type":"EntryPoint","urlTemplate":"https:\/\/www.vetorino.com\/boutique\/?s={search_term_string}"},"query-input":{"@type":"PropertyValueSpecification","valueRequired":true,"valueName":"search_term_string"}}],"inLanguage":"fr-FR"},{"@type":"Organization","@id":"https:\/\/www.vetorino.com\/boutique\/#organization","name":"V\u00e9torino","url":"https:\/\/www.vetorino.com\/boutique\/","logo":{"@type":"ImageObject","inLanguage":"fr-FR","@id":"https:\/\/www.vetorino.com\/boutique\/#\/schema\/logo\/image\/","url":"https:\/\/www.vetorino.com\/boutique\/wp-content\/uploads\/2024\/10\/logo.jpg","contentUrl":"https:\/\/www.vetorino.com\/boutique\/wp-content\/uploads\/2024\/10\/logo.jpg","width":1200,"height":610,"caption":"V\u00e9torino"},"image":{"@id":"https:\/\/www.vetorino.com\/boutique\/#\/schema\/logo\/image\/"},"sameAs":["https:\/\/www.facebook.com\/Vetorino\/","https:\/\/www.instagram.com\/vetorino_off\/","https:\/\/www.linkedin.com\/company\/vtorino\/"]}]},"product_brand":"HAMI FORM SARL SOCEC","product_price_amount":"5.98","product_price_currency":"EUR","og_availability":"instock","product_availability":"instock","product_retailer_item_id":"C-REP026","product_condition":"new"},"_links":{"self":[{"href":"https:\/\/www.vetorino.com\/veterinaire\/saintefoyleslyon-69110\/boutique\/wp-json\/wp\/v2\/product\/101541","targetHints":{"allow":["GET"]}}],"collection":[{"href":"https:\/\/www.vetorino.com\/veterinaire\/saintefoyleslyon-69110\/boutique\/wp-json\/wp\/v2\/product"}],"about":[{"href":"https:\/\/www.vetorino.com\/veterinaire\/saintefoyleslyon-69110\/boutique\/wp-json\/wp\/v2\/types\/product"}],"wp:featuredmedia":[{"embeddable":true,"href":"https:\/\/www.vetorino.com\/veterinaire\/saintefoyleslyon-69110\/boutique\/wp-json\/wp\/v2\/media\/101540"}],"wp:attachment":[{"href":"https:\/\/www.vetorino.com\/veterinaire\/saintefoyleslyon-69110\/boutique\/wp-json\/wp\/v2\/media?parent=101541"}],"wp:term":[{"taxonomy":"product_cat","embeddable":true,"href":"https:\/\/www.vetorino.com\/veterinaire\/saintefoyleslyon-69110\/boutique\/wp-json\/wp\/v2\/product_cat?post=101541"},{"taxonomy":"product_tag","embeddable":true,"href":"https:\/\/www.vetorino.com\/veterinaire\/saintefoyleslyon-69110\/boutique\/wp-json\/wp\/v2\/product_tag?post=101541"}],"curies":[{"name":"wp","href":"https:\/\/api.w.org\/{rel}","templated":true}]}}