{"id":101857,"date":"2020-06-30T12:32:36","date_gmt":"2020-06-30T10:32:36","guid":{"rendered":"https:\/\/www.vetorino.com\/boutique\/product\/senio-top-xl\/"},"modified":"2026-02-03T14:49:40","modified_gmt":"2026-02-03T13:49:40","slug":"senio-top-xl","status":"publish","type":"product","link":"https:\/\/www.vetorino.com\/veterinaire\/saintefoyleslyon-69110\/boutique\/product\/senio-top-xl\/","title":{"rendered":"Senio Top XL"},"content":{"rendered":"<p><strong>La GLUCOSAMINE<\/strong> est n\u00e9cessaire pour la production de glycosaminoglycanes qui forment la base structurelle de la matrice extracellulaire des cartilages articulaires.<\/p>\n<p><strong>\u00a0Le HMB-Ca<\/strong> stimule la prolif\u00e9ration des cellules productrices d&#8217;anticorps et favorise l&#8217;activit\u00e9 m\u00e9tabolique des cellules immunitaires<\/p>\n<p><strong>Les acides gras OMEGA \u2013 6, tels que l&#8217;acide linol\u00e9ique (LA) et l&#8217;acide gamma-linol\u00e9nique (GLA)<\/strong>, soutiennent la barri\u00e8re cutan\u00e9e. Ils servent de blocs de construction des c\u00e9ramides qui pour emp\u00eacher les fuites d&#8217;eau entre les cellules \u00e9pidermiques. Cela contribue \u00e0 pr\u00e9venir la s\u00e9cheresse de la peau, en assurant un niveau ad\u00e9quat d&#8217;humidit\u00e9 et d&#8217;\u00e9lasticit\u00e9. Les meilleures sources d&#8217;acides gras om\u00e9ga-6 sont l&#8217;huile de bourrache et l&#8217;huile d\u2019onagre.<\/p>\n<p><strong>Les BETA-GLUCAN<\/strong> am\u00e9liorent l&#8217;activit\u00e9 phagocytaire des cellules immunitaires et am\u00e9liorent la r\u00e9ponse aux antig\u00e8nes bact\u00e9riens en augmentant le nombre de cellules productrices d&#8217;anticorps.<\/p>\n<p><strong>La L-CARNITINE<\/strong> aide \u00e0 transformer les graisses en \u00e9nergie utilisable dans le corps du chien ; elle est n\u00e9cessaire pour une fonction optimale du c\u0153ur, du cerveau et des muscles.<\/p>\n<p><strong>L\u2019\u0152ILLET d\u2019INDE (TARGETES ERECTA)<\/strong> est riche en lut\u00e9ine (et z\u00e9axanthine) qui se concentre dans la r\u00e9tine et qui y exerce un effet protecteur gr\u00e2ce \u00e0 ses propri\u00e9t\u00e9s antioxydantes et sa capacit\u00e9 \u00e0 filtrer les rayons bleus \u00e0 haute \u00e9nergie. Il soutien la fonction oculaire.<\/p>\n<p><strong>Mode d&#8217;emploi :<\/strong><\/p>\n<p>Pour chien de 15 \u00e0 30 kg : 1 comprim\u00e9 par jour.<\/p>\n<p>Pour chien de plus de 30 kg : 2 comprim\u00e9s par jour.<\/p>\n<p>Les doses et la dur\u00e9e d\u2019utilisation peuvent \u00eatre modifi\u00e9es selon les recommandations du v\u00e9t\u00e9rinaire.<\/p>\n<p><strong>Demander conseil \u00e0 un v\u00e9t\u00e9rinaire avant utilisation.<\/strong><\/p>\n","protected":false},"excerpt":{"rendered":"<p><strong>Aliment compl\u00e9mentaire<\/strong> recommand\u00e9 <strong>pour les chiens plus \u00e2g\u00e9s<\/strong> afin de<strong> soutenir le m\u00e9tabolisme \u00e9nerg\u00e9tique, la performance et la vitalit\u00e9 de l&#8217;organisme. <\/strong><\/p>\n<p>Il contribue au maintien du <strong>bon fonctionnement des articulations, des os<\/strong> et <strong>des muscles<\/strong> ainsi que du <strong>syst\u00e8me immunitaire.<\/strong><\/p>\n<p><strong>Utilisation :<\/strong><\/p>\n<ul>\n<li>Chien \u00e2g\u00e9 pesant plus de 15 kg<\/li>\n<\/ul>\n<p><strong>Demander conseil \u00e0 un v\u00e9t\u00e9rinaire avant utilisation.<\/strong><\/p>\n","protected":false},"featured_media":1685980,"template":"","meta":[],"product_cat":[12552,2738,2698],"product_tag":[],"class_list":{"0":"post-101857","1":"product","2":"type-product","3":"status-publish","4":"has-post-thumbnail","6":"product_cat-alimentation-du-chien","7":"product_cat-aliments-complementaires-pour-chien","8":"product_cat-chien","9":"pa_marque-vetexpert","11":"first","12":"instock","13":"taxable","14":"shipping-taxable","15":"purchasable","16":"product-type-variable"},"yoast_head":"<!-- This site is optimized with the Yoast SEO plugin v27.3 - https:\/\/yoast.com\/product\/yoast-seo-wordpress\/ -->\n<title>Senio Top XL Vetexpert - V\u00e9torino<\/title>\n<meta name=\"description\" content=\"Aliment compl\u00e9mentaire recommand\u00e9 pour les chiens plus \u00e2g\u00e9s afin de soutenir le m\u00e9tabolisme \u00e9nerg\u00e9tique, la performance et la vitalit\u00e9 de l&#039;organisme.   Il contribue au maintien du bon fonctionnement des articulations, des os et des muscles ainsi que du syst\u00e8me immunitaire.  Utilisation :   Chien \u00e2g\u00e9 pesant plus de 15 kg  Demander conseil \u00e0 un v\u00e9t\u00e9rinaire avant utilisation.\" \/>\n<meta name=\"robots\" content=\"noindex, nofollow\" \/>\n<meta property=\"og:locale\" content=\"fr_FR\" \/>\n<meta property=\"og:type\" content=\"article\" \/>\n<meta property=\"og:title\" content=\"Senio Top XL Vetexpert - V\u00e9torino\" \/>\n<meta property=\"og:description\" content=\"Aliment compl\u00e9mentaire recommand\u00e9 pour les chiens plus \u00e2g\u00e9s afin de soutenir le m\u00e9tabolisme \u00e9nerg\u00e9tique, la performance et la vitalit\u00e9 de l&#039;organisme.   Il contribue au maintien du bon fonctionnement des articulations, des os et des muscles ainsi que du syst\u00e8me immunitaire.  Utilisation :   Chien \u00e2g\u00e9 pesant plus de 15 kg  Demander conseil \u00e0 un v\u00e9t\u00e9rinaire avant utilisation.\" \/>\n<meta property=\"og:url\" content=\"https:\/\/www.vetorino.com\/veterinaire\/saintefoyleslyon-69110\/boutique\/product\/senio-top-xl\/\" \/>\n<meta property=\"og:site_name\" content=\"V\u00e9torino\" \/>\n<meta property=\"article:publisher\" content=\"https:\/\/www.facebook.com\/Vetorino\/\" \/>\n<meta property=\"article:modified_time\" content=\"2026-02-03T13:49:40+00:00\" \/>\n<meta property=\"og:image\" content=\"https:\/\/www.vetorino.com\/boutique\/wp-content\/uploads\/2020\/06\/senio-top-xl.webp\" \/>\n\t<meta property=\"og:image:width\" content=\"800\" \/>\n\t<meta property=\"og:image:height\" content=\"800\" \/>\n\t<meta property=\"og:image:type\" content=\"image\/webp\" \/>\n<meta name=\"twitter:card\" content=\"summary_large_image\" \/>\n<meta name=\"twitter:label1\" content=\"Disponibilit\u00e9\" \/>\n\t<meta name=\"twitter:data1\" content=\"En stock\" \/>\n<script type=\"application\/ld+json\" class=\"yoast-schema-graph\">{\"@context\":\"https:\\\/\\\/schema.org\",\"@graph\":[{\"@type\":\"WebPage\",\"@id\":\"https:\\\/\\\/www.vetorino.com\\\/boutique\\\/product\\\/senio-top-xl\\\/\",\"url\":\"https:\\\/\\\/www.vetorino.com\\\/boutique\\\/product\\\/senio-top-xl\\\/\",\"name\":\"Senio Top XL Vetexpert - V\u00e9torino\",\"isPartOf\":{\"@id\":\"https:\\\/\\\/www.vetorino.com\\\/boutique\\\/#website\"},\"primaryImageOfPage\":{\"@id\":\"https:\\\/\\\/www.vetorino.com\\\/boutique\\\/product\\\/senio-top-xl\\\/#primaryimage\"},\"image\":{\"@id\":\"https:\\\/\\\/www.vetorino.com\\\/boutique\\\/product\\\/senio-top-xl\\\/#primaryimage\"},\"thumbnailUrl\":\"https:\\\/\\\/www.vetorino.com\\\/boutique\\\/wp-content\\\/uploads\\\/2020\\\/06\\\/senio-top-xl.webp\",\"datePublished\":\"2020-06-30T10:32:36+00:00\",\"dateModified\":\"2026-02-03T13:49:40+00:00\",\"description\":\"Aliment compl\u00e9mentaire recommand\u00e9 pour les chiens plus \u00e2g\u00e9s afin de soutenir le m\u00e9tabolisme \u00e9nerg\u00e9tique, la performance et la vitalit\u00e9 de l'organisme. Il contribue au maintien du bon fonctionnement des articulations, des os et des muscles ainsi que du syst\u00e8me immunitaire. Utilisation : Chien \u00e2g\u00e9 pesant plus de 15 kg Demander conseil \u00e0 un v\u00e9t\u00e9rinaire avant utilisation.\",\"breadcrumb\":{\"@id\":\"https:\\\/\\\/www.vetorino.com\\\/boutique\\\/product\\\/senio-top-xl\\\/#breadcrumb\"},\"inLanguage\":\"fr-FR\",\"potentialAction\":[{\"@type\":\"ReadAction\",\"target\":[\"https:\\\/\\\/www.vetorino.com\\\/boutique\\\/product\\\/senio-top-xl\\\/\"]}]},{\"@type\":\"ImageObject\",\"inLanguage\":\"fr-FR\",\"@id\":\"https:\\\/\\\/www.vetorino.com\\\/boutique\\\/product\\\/senio-top-xl\\\/#primaryimage\",\"url\":\"https:\\\/\\\/www.vetorino.com\\\/boutique\\\/wp-content\\\/uploads\\\/2020\\\/06\\\/senio-top-xl.webp\",\"contentUrl\":\"https:\\\/\\\/www.vetorino.com\\\/boutique\\\/wp-content\\\/uploads\\\/2020\\\/06\\\/senio-top-xl.webp\",\"width\":800,\"height\":800},{\"@type\":\"BreadcrumbList\",\"@id\":\"https:\\\/\\\/www.vetorino.com\\\/boutique\\\/product\\\/senio-top-xl\\\/#breadcrumb\",\"itemListElement\":[{\"@type\":\"ListItem\",\"position\":1,\"name\":\"Accueil\",\"item\":\"https:\\\/\\\/www.vetorino.com\\\/boutique\\\/\"},{\"@type\":\"ListItem\",\"position\":2,\"name\":\"Produits\",\"item\":\"https:\\\/\\\/www.vetorino.com\\\/boutique\\\/\"},{\"@type\":\"ListItem\",\"position\":3,\"name\":\"Senio Top XL\"}]},{\"@type\":\"WebSite\",\"@id\":\"https:\\\/\\\/www.vetorino.com\\\/boutique\\\/#website\",\"url\":\"https:\\\/\\\/www.vetorino.com\\\/boutique\\\/\",\"name\":\"V\u00e9torino\",\"description\":\"\",\"publisher\":{\"@id\":\"https:\\\/\\\/www.vetorino.com\\\/boutique\\\/#organization\"},\"potentialAction\":[{\"@type\":\"SearchAction\",\"target\":{\"@type\":\"EntryPoint\",\"urlTemplate\":\"https:\\\/\\\/www.vetorino.com\\\/boutique\\\/?s={search_term_string}\"},\"query-input\":{\"@type\":\"PropertyValueSpecification\",\"valueRequired\":true,\"valueName\":\"search_term_string\"}}],\"inLanguage\":\"fr-FR\"},{\"@type\":\"Organization\",\"@id\":\"https:\\\/\\\/www.vetorino.com\\\/boutique\\\/#organization\",\"name\":\"V\u00e9torino\",\"url\":\"https:\\\/\\\/www.vetorino.com\\\/boutique\\\/\",\"logo\":{\"@type\":\"ImageObject\",\"inLanguage\":\"fr-FR\",\"@id\":\"https:\\\/\\\/www.vetorino.com\\\/boutique\\\/#\\\/schema\\\/logo\\\/image\\\/\",\"url\":\"https:\\\/\\\/www.vetorino.com\\\/boutique\\\/wp-content\\\/uploads\\\/2024\\\/10\\\/logo.jpg\",\"contentUrl\":\"https:\\\/\\\/www.vetorino.com\\\/boutique\\\/wp-content\\\/uploads\\\/2024\\\/10\\\/logo.jpg\",\"width\":1200,\"height\":610,\"caption\":\"V\u00e9torino\"},\"image\":{\"@id\":\"https:\\\/\\\/www.vetorino.com\\\/boutique\\\/#\\\/schema\\\/logo\\\/image\\\/\"},\"sameAs\":[\"https:\\\/\\\/www.facebook.com\\\/Vetorino\\\/\",\"https:\\\/\\\/www.instagram.com\\\/vetorino_off\\\/\",\"https:\\\/\\\/www.linkedin.com\\\/company\\\/vtorino\\\/\"]}]}<\/script>\n<meta property=\"product:brand\" content=\"Vetexpert\" \/>\n<meta property=\"og:availability\" content=\"instock\" \/>\n<meta property=\"product:availability\" content=\"instock\" \/>\n<meta property=\"product:condition\" content=\"new\" \/>\n<!-- \/ Yoast SEO plugin. -->","yoast_head_json":{"title":"Senio Top XL Vetexpert - V\u00e9torino","description":"Aliment compl\u00e9mentaire recommand\u00e9 pour les chiens plus \u00e2g\u00e9s afin de soutenir le m\u00e9tabolisme \u00e9nerg\u00e9tique, la performance et la vitalit\u00e9 de l'organisme.   Il contribue au maintien du bon fonctionnement des articulations, des os et des muscles ainsi que du syst\u00e8me immunitaire.  Utilisation :   Chien \u00e2g\u00e9 pesant plus de 15 kg  Demander conseil \u00e0 un v\u00e9t\u00e9rinaire avant utilisation.","robots":{"index":"noindex","follow":"nofollow"},"og_locale":"fr_FR","og_type":"article","og_title":"Senio Top XL Vetexpert - V\u00e9torino","og_description":"Aliment compl\u00e9mentaire recommand\u00e9 pour les chiens plus \u00e2g\u00e9s afin de soutenir le m\u00e9tabolisme \u00e9nerg\u00e9tique, la performance et la vitalit\u00e9 de l'organisme.   Il contribue au maintien du bon fonctionnement des articulations, des os et des muscles ainsi que du syst\u00e8me immunitaire.  Utilisation :   Chien \u00e2g\u00e9 pesant plus de 15 kg  Demander conseil \u00e0 un v\u00e9t\u00e9rinaire avant utilisation.","og_url":"https:\/\/www.vetorino.com\/veterinaire\/saintefoyleslyon-69110\/boutique\/product\/senio-top-xl\/","og_site_name":"V\u00e9torino","article_publisher":"https:\/\/www.facebook.com\/Vetorino\/","article_modified_time":"2026-02-03T13:49:40+00:00","og_image":[{"width":800,"height":800,"url":"https:\/\/www.vetorino.com\/boutique\/wp-content\/uploads\/2020\/06\/senio-top-xl.webp","type":"image\/webp"}],"twitter_card":"summary_large_image","twitter_misc":{"Disponibilit\u00e9":"En stock"},"schema":{"@context":"https:\/\/schema.org","@graph":[{"@type":"WebPage","@id":"https:\/\/www.vetorino.com\/boutique\/product\/senio-top-xl\/","url":"https:\/\/www.vetorino.com\/boutique\/product\/senio-top-xl\/","name":"Senio Top XL Vetexpert - V\u00e9torino","isPartOf":{"@id":"https:\/\/www.vetorino.com\/boutique\/#website"},"primaryImageOfPage":{"@id":"https:\/\/www.vetorino.com\/boutique\/product\/senio-top-xl\/#primaryimage"},"image":{"@id":"https:\/\/www.vetorino.com\/boutique\/product\/senio-top-xl\/#primaryimage"},"thumbnailUrl":"https:\/\/www.vetorino.com\/boutique\/wp-content\/uploads\/2020\/06\/senio-top-xl.webp","datePublished":"2020-06-30T10:32:36+00:00","dateModified":"2026-02-03T13:49:40+00:00","description":"Aliment compl\u00e9mentaire recommand\u00e9 pour les chiens plus \u00e2g\u00e9s afin de soutenir le m\u00e9tabolisme \u00e9nerg\u00e9tique, la performance et la vitalit\u00e9 de l'organisme. Il contribue au maintien du bon fonctionnement des articulations, des os et des muscles ainsi que du syst\u00e8me immunitaire. Utilisation : Chien \u00e2g\u00e9 pesant plus de 15 kg Demander conseil \u00e0 un v\u00e9t\u00e9rinaire avant utilisation.","breadcrumb":{"@id":"https:\/\/www.vetorino.com\/boutique\/product\/senio-top-xl\/#breadcrumb"},"inLanguage":"fr-FR","potentialAction":[{"@type":"ReadAction","target":["https:\/\/www.vetorino.com\/boutique\/product\/senio-top-xl\/"]}]},{"@type":"ImageObject","inLanguage":"fr-FR","@id":"https:\/\/www.vetorino.com\/boutique\/product\/senio-top-xl\/#primaryimage","url":"https:\/\/www.vetorino.com\/boutique\/wp-content\/uploads\/2020\/06\/senio-top-xl.webp","contentUrl":"https:\/\/www.vetorino.com\/boutique\/wp-content\/uploads\/2020\/06\/senio-top-xl.webp","width":800,"height":800},{"@type":"BreadcrumbList","@id":"https:\/\/www.vetorino.com\/boutique\/product\/senio-top-xl\/#breadcrumb","itemListElement":[{"@type":"ListItem","position":1,"name":"Accueil","item":"https:\/\/www.vetorino.com\/boutique\/"},{"@type":"ListItem","position":2,"name":"Produits","item":"https:\/\/www.vetorino.com\/boutique\/"},{"@type":"ListItem","position":3,"name":"Senio Top XL"}]},{"@type":"WebSite","@id":"https:\/\/www.vetorino.com\/boutique\/#website","url":"https:\/\/www.vetorino.com\/boutique\/","name":"V\u00e9torino","description":"","publisher":{"@id":"https:\/\/www.vetorino.com\/boutique\/#organization"},"potentialAction":[{"@type":"SearchAction","target":{"@type":"EntryPoint","urlTemplate":"https:\/\/www.vetorino.com\/boutique\/?s={search_term_string}"},"query-input":{"@type":"PropertyValueSpecification","valueRequired":true,"valueName":"search_term_string"}}],"inLanguage":"fr-FR"},{"@type":"Organization","@id":"https:\/\/www.vetorino.com\/boutique\/#organization","name":"V\u00e9torino","url":"https:\/\/www.vetorino.com\/boutique\/","logo":{"@type":"ImageObject","inLanguage":"fr-FR","@id":"https:\/\/www.vetorino.com\/boutique\/#\/schema\/logo\/image\/","url":"https:\/\/www.vetorino.com\/boutique\/wp-content\/uploads\/2024\/10\/logo.jpg","contentUrl":"https:\/\/www.vetorino.com\/boutique\/wp-content\/uploads\/2024\/10\/logo.jpg","width":1200,"height":610,"caption":"V\u00e9torino"},"image":{"@id":"https:\/\/www.vetorino.com\/boutique\/#\/schema\/logo\/image\/"},"sameAs":["https:\/\/www.facebook.com\/Vetorino\/","https:\/\/www.instagram.com\/vetorino_off\/","https:\/\/www.linkedin.com\/company\/vtorino\/"]}]},"product_brand":"Vetexpert","og_availability":"instock","product_availability":"instock","product_condition":"new"},"_links":{"self":[{"href":"https:\/\/www.vetorino.com\/veterinaire\/saintefoyleslyon-69110\/boutique\/wp-json\/wp\/v2\/product\/101857","targetHints":{"allow":["GET"]}}],"collection":[{"href":"https:\/\/www.vetorino.com\/veterinaire\/saintefoyleslyon-69110\/boutique\/wp-json\/wp\/v2\/product"}],"about":[{"href":"https:\/\/www.vetorino.com\/veterinaire\/saintefoyleslyon-69110\/boutique\/wp-json\/wp\/v2\/types\/product"}],"wp:featuredmedia":[{"embeddable":true,"href":"https:\/\/www.vetorino.com\/veterinaire\/saintefoyleslyon-69110\/boutique\/wp-json\/wp\/v2\/media\/1685980"}],"wp:attachment":[{"href":"https:\/\/www.vetorino.com\/veterinaire\/saintefoyleslyon-69110\/boutique\/wp-json\/wp\/v2\/media?parent=101857"}],"wp:term":[{"taxonomy":"product_cat","embeddable":true,"href":"https:\/\/www.vetorino.com\/veterinaire\/saintefoyleslyon-69110\/boutique\/wp-json\/wp\/v2\/product_cat?post=101857"},{"taxonomy":"product_tag","embeddable":true,"href":"https:\/\/www.vetorino.com\/veterinaire\/saintefoyleslyon-69110\/boutique\/wp-json\/wp\/v2\/product_tag?post=101857"}],"curies":[{"name":"wp","href":"https:\/\/api.w.org\/{rel}","templated":true}]}}