{"id":103335,"date":"2020-06-30T17:24:15","date_gmt":"2020-06-30T15:24:15","guid":{"rendered":"https:\/\/www.vetorino.com\/boutique\/product\/cat-urinary-s-o\/"},"modified":"2026-03-09T02:42:16","modified_gmt":"2026-03-09T01:42:16","slug":"cat-urinary-s-o","status":"publish","type":"product","link":"https:\/\/www.vetorino.com\/veterinaire\/saintefoyleslyon-69110\/boutique\/product\/cat-urinary-s-o\/","title":{"rendered":"Cat Urinary S\/O"},"content":{"rendered":"<p><strong>Aliment di\u00e9t\u00e9tique complet pour chat adulte souffrant d&#8217;affections du bas appareil urinaire.<\/strong><\/p>\n<p><strong>Utilisation :<\/strong><\/p>\n<ul>\n<li>Gestion des r\u00e9cidives d&#8217;Urolithiase \u00e0 struvite et \u00e0 oxalate de calcium<\/li>\n<li>Dissolution des calculs de struvite<\/li>\n<\/ul>\n<p class=\"title\"><strong>Contre-indications :<\/strong><\/p>\n<ul>\n<li>Insuffisance cardiaque<\/li>\n<li>Hypertension<\/li>\n<li>Gestation, lactation, croissance<\/li>\n<\/ul>\n<p><strong>Bienfaits essentiels :<\/strong><\/p>\n<ul>\n<li>\n<div class=\"text\">Permet de <strong>dissoudre efficacement<\/strong> les calculs de struvite.<\/div>\n<\/li>\n<li>\n<div class=\"text\">Une urine sous-satur\u00e9e est une urine dans laquelle les cristaux ne peuvent pas cro\u00eetre. Ainsi le milieu urinaire est <strong>d\u00e9favorable au d\u00e9veloppement des cristaux de struvite et d&#8217;oxalate de calcium<\/strong>.<\/div>\n<\/li>\n<li>\n<div class=\"text\">Aide \u00e0<strong>\u00a0r\u00e9duire simultan\u00e9ment les concentrations urinaires de struvite et d&#8217;oxalate de calcium<\/strong>.<\/div>\n<\/li>\n<li>\n<div class=\"text\"><strong>Apport r\u00e9duit en magnesium<\/strong> : un composant naturel de la formation des cristaux de struvite ou phosphates ammoniaco-magn\u00e9siens.<\/div>\n<\/li>\n<\/ul>\n<p><strong>Cet aliment est destin\u00e9 \u00e0 la prise en charge nutritionnelle d\u2019une maladie. Pour la sant\u00e9 de votre animal, il est recommand\u00e9 de consulter votre v\u00e9t\u00e9rinaire et de respecter scrupuleusement ses recommandations nutritionnelles.<\/strong><\/p>\n","protected":false},"excerpt":{"rendered":"<div id=\"product-description-short-5594\">\n<p><strong>Aliment di\u00e9t\u00e9tique complet pour chat adulte souffrant d&#8217;affections du bas appareil urinaire.<\/strong><\/p>\n<p><strong>Utilisation :<\/strong><\/p>\n<ul>\n<li>Gestion des r\u00e9cidives d&#8217;Urolithiase \u00e0 struvite et \u00e0 oxalate de calcium<\/li>\n<li>Dissolution des calculs de struvite<\/li>\n<\/ul>\n<\/div>\n<div class=\"product-actions\"><\/div>\n","protected":false},"featured_media":897443,"template":"","meta":[],"product_cat":[12551,12581,2697],"product_tag":[],"class_list":{"0":"post-103335","1":"product","2":"type-product","3":"status-publish","4":"has-post-thumbnail","6":"product_cat-alimentation-du-chat","7":"product_cat-alimentation-medicalisee-pour-chat","8":"product_cat-chat","9":"pa_marque-royal-canin","11":"first","12":"instock","13":"taxable","14":"shipping-taxable","15":"purchasable","16":"product-type-variable"},"yoast_head":"<!-- This site is optimized with the Yoast SEO plugin v27.3 - https:\/\/yoast.com\/product\/yoast-seo-wordpress\/ -->\n<title>Veterinary Health Nutrition (Royal Canin) Cat Urinary S\/O Royal Canin - V\u00e9torino<\/title>\n<meta name=\"description\" content=\"Aliment di\u00e9t\u00e9tique complet pour chat adulte souffrant d&#039;affections du bas appareil urinaire.  Utilisation :   Gestion des r\u00e9cidives d&#039;Urolithiase \u00e0 struvite et \u00e0 oxalate de calcium  Dissolution des calculs de struvite\" \/>\n<meta name=\"robots\" content=\"noindex, nofollow\" \/>\n<meta property=\"og:locale\" content=\"fr_FR\" \/>\n<meta property=\"og:type\" content=\"article\" \/>\n<meta property=\"og:title\" content=\"Veterinary Health Nutrition (Royal Canin) Cat Urinary S\/O Royal Canin - V\u00e9torino\" \/>\n<meta property=\"og:description\" content=\"Aliment di\u00e9t\u00e9tique complet pour chat adulte souffrant d&#039;affections du bas appareil urinaire.  Utilisation :   Gestion des r\u00e9cidives d&#039;Urolithiase \u00e0 struvite et \u00e0 oxalate de calcium  Dissolution des calculs de struvite\" \/>\n<meta property=\"og:url\" content=\"https:\/\/www.vetorino.com\/veterinaire\/saintefoyleslyon-69110\/boutique\/product\/cat-urinary-s-o\/\" \/>\n<meta property=\"og:site_name\" content=\"V\u00e9torino\" \/>\n<meta property=\"article:publisher\" content=\"https:\/\/www.facebook.com\/Vetorino\/\" \/>\n<meta property=\"article:modified_time\" content=\"2026-03-09T01:42:16+00:00\" \/>\n<meta property=\"og:image\" content=\"https:\/\/www.vetorino.com\/boutique\/wp-content\/uploads\/2022\/07\/cat-urinary-so-5.jpg\" \/>\n\t<meta property=\"og:image:width\" content=\"800\" \/>\n\t<meta property=\"og:image:height\" content=\"800\" \/>\n\t<meta property=\"og:image:type\" content=\"image\/jpeg\" \/>\n<meta name=\"twitter:card\" content=\"summary_large_image\" \/>\n<meta name=\"twitter:label1\" content=\"Disponibilit\u00e9\" \/>\n\t<meta name=\"twitter:data1\" content=\"En stock\" \/>\n<script type=\"application\/ld+json\" class=\"yoast-schema-graph\">{\"@context\":\"https:\\\/\\\/schema.org\",\"@graph\":[{\"@type\":\"WebPage\",\"@id\":\"https:\\\/\\\/www.vetorino.com\\\/veterinaire\\\/briancon-05100\\\/boutique\\\/product\\\/cat-urinary-s-o\\\/\",\"url\":\"https:\\\/\\\/www.vetorino.com\\\/veterinaire\\\/briancon-05100\\\/boutique\\\/product\\\/cat-urinary-s-o\\\/\",\"name\":\"Veterinary Health Nutrition (Royal Canin) Cat Urinary S\\\/O Royal Canin - V\u00e9torino\",\"isPartOf\":{\"@id\":\"https:\\\/\\\/www.vetorino.com\\\/boutique\\\/#website\"},\"primaryImageOfPage\":{\"@id\":\"https:\\\/\\\/www.vetorino.com\\\/veterinaire\\\/briancon-05100\\\/boutique\\\/product\\\/cat-urinary-s-o\\\/#primaryimage\"},\"image\":{\"@id\":\"https:\\\/\\\/www.vetorino.com\\\/veterinaire\\\/briancon-05100\\\/boutique\\\/product\\\/cat-urinary-s-o\\\/#primaryimage\"},\"thumbnailUrl\":\"https:\\\/\\\/www.vetorino.com\\\/boutique\\\/wp-content\\\/uploads\\\/2022\\\/07\\\/cat-urinary-so-5.jpg\",\"datePublished\":\"2020-06-30T15:24:15+00:00\",\"dateModified\":\"2026-03-09T01:42:16+00:00\",\"description\":\"Aliment di\u00e9t\u00e9tique complet pour chat adulte souffrant d'affections du bas appareil urinaire. Utilisation : Gestion des r\u00e9cidives d'Urolithiase \u00e0 struvite et \u00e0 oxalate de calcium Dissolution des calculs de struvite\",\"breadcrumb\":{\"@id\":\"https:\\\/\\\/www.vetorino.com\\\/veterinaire\\\/briancon-05100\\\/boutique\\\/product\\\/cat-urinary-s-o\\\/#breadcrumb\"},\"inLanguage\":\"fr-FR\",\"potentialAction\":[{\"@type\":\"ReadAction\",\"target\":[\"https:\\\/\\\/www.vetorino.com\\\/veterinaire\\\/briancon-05100\\\/boutique\\\/product\\\/cat-urinary-s-o\\\/\"]}]},{\"@type\":\"ImageObject\",\"inLanguage\":\"fr-FR\",\"@id\":\"https:\\\/\\\/www.vetorino.com\\\/veterinaire\\\/briancon-05100\\\/boutique\\\/product\\\/cat-urinary-s-o\\\/#primaryimage\",\"url\":\"https:\\\/\\\/www.vetorino.com\\\/boutique\\\/wp-content\\\/uploads\\\/2022\\\/07\\\/cat-urinary-so-5.jpg\",\"contentUrl\":\"https:\\\/\\\/www.vetorino.com\\\/boutique\\\/wp-content\\\/uploads\\\/2022\\\/07\\\/cat-urinary-so-5.jpg\",\"width\":800,\"height\":800},{\"@type\":\"BreadcrumbList\",\"@id\":\"https:\\\/\\\/www.vetorino.com\\\/veterinaire\\\/briancon-05100\\\/boutique\\\/product\\\/cat-urinary-s-o\\\/#breadcrumb\",\"itemListElement\":[{\"@type\":\"ListItem\",\"position\":1,\"name\":\"Accueil\",\"item\":\"https:\\\/\\\/www.vetorino.com\\\/boutique\\\/\"},{\"@type\":\"ListItem\",\"position\":2,\"name\":\"Produits\",\"item\":\"https:\\\/\\\/www.vetorino.com\\\/boutique\\\/\"},{\"@type\":\"ListItem\",\"position\":3,\"name\":\"Cat Urinary S\\\/O\"}]},{\"@type\":\"WebSite\",\"@id\":\"https:\\\/\\\/www.vetorino.com\\\/boutique\\\/#website\",\"url\":\"https:\\\/\\\/www.vetorino.com\\\/boutique\\\/\",\"name\":\"V\u00e9torino\",\"description\":\"\",\"publisher\":{\"@id\":\"https:\\\/\\\/www.vetorino.com\\\/boutique\\\/#organization\"},\"potentialAction\":[{\"@type\":\"SearchAction\",\"target\":{\"@type\":\"EntryPoint\",\"urlTemplate\":\"https:\\\/\\\/www.vetorino.com\\\/boutique\\\/?s={search_term_string}\"},\"query-input\":{\"@type\":\"PropertyValueSpecification\",\"valueRequired\":true,\"valueName\":\"search_term_string\"}}],\"inLanguage\":\"fr-FR\"},{\"@type\":\"Organization\",\"@id\":\"https:\\\/\\\/www.vetorino.com\\\/boutique\\\/#organization\",\"name\":\"V\u00e9torino\",\"url\":\"https:\\\/\\\/www.vetorino.com\\\/boutique\\\/\",\"logo\":{\"@type\":\"ImageObject\",\"inLanguage\":\"fr-FR\",\"@id\":\"https:\\\/\\\/www.vetorino.com\\\/boutique\\\/#\\\/schema\\\/logo\\\/image\\\/\",\"url\":\"https:\\\/\\\/www.vetorino.com\\\/boutique\\\/wp-content\\\/uploads\\\/2024\\\/10\\\/logo.jpg\",\"contentUrl\":\"https:\\\/\\\/www.vetorino.com\\\/boutique\\\/wp-content\\\/uploads\\\/2024\\\/10\\\/logo.jpg\",\"width\":1200,\"height\":610,\"caption\":\"V\u00e9torino\"},\"image\":{\"@id\":\"https:\\\/\\\/www.vetorino.com\\\/boutique\\\/#\\\/schema\\\/logo\\\/image\\\/\"},\"sameAs\":[\"https:\\\/\\\/www.facebook.com\\\/Vetorino\\\/\",\"https:\\\/\\\/www.instagram.com\\\/vetorino_off\\\/\",\"https:\\\/\\\/www.linkedin.com\\\/company\\\/vtorino\\\/\"]}]}<\/script>\n<meta property=\"product:brand\" content=\"Royal Canin\" \/>\n<meta property=\"og:availability\" content=\"instock\" \/>\n<meta property=\"product:availability\" content=\"instock\" \/>\n<meta property=\"product:condition\" content=\"new\" \/>\n<!-- \/ Yoast SEO plugin. -->","yoast_head_json":{"title":"Veterinary Health Nutrition (Royal Canin) Cat Urinary S\/O Royal Canin - V\u00e9torino","description":"Aliment di\u00e9t\u00e9tique complet pour chat adulte souffrant d'affections du bas appareil urinaire.  Utilisation :   Gestion des r\u00e9cidives d'Urolithiase \u00e0 struvite et \u00e0 oxalate de calcium  Dissolution des calculs de struvite","robots":{"index":"noindex","follow":"nofollow"},"og_locale":"fr_FR","og_type":"article","og_title":"Veterinary Health Nutrition (Royal Canin) Cat Urinary S\/O Royal Canin - V\u00e9torino","og_description":"Aliment di\u00e9t\u00e9tique complet pour chat adulte souffrant d'affections du bas appareil urinaire.  Utilisation :   Gestion des r\u00e9cidives d'Urolithiase \u00e0 struvite et \u00e0 oxalate de calcium  Dissolution des calculs de struvite","og_url":"https:\/\/www.vetorino.com\/veterinaire\/saintefoyleslyon-69110\/boutique\/product\/cat-urinary-s-o\/","og_site_name":"V\u00e9torino","article_publisher":"https:\/\/www.facebook.com\/Vetorino\/","article_modified_time":"2026-03-09T01:42:16+00:00","og_image":[{"width":800,"height":800,"url":"https:\/\/www.vetorino.com\/boutique\/wp-content\/uploads\/2022\/07\/cat-urinary-so-5.jpg","type":"image\/jpeg"}],"twitter_card":"summary_large_image","twitter_misc":{"Disponibilit\u00e9":"En stock"},"schema":{"@context":"https:\/\/schema.org","@graph":[{"@type":"WebPage","@id":"https:\/\/www.vetorino.com\/veterinaire\/briancon-05100\/boutique\/product\/cat-urinary-s-o\/","url":"https:\/\/www.vetorino.com\/veterinaire\/briancon-05100\/boutique\/product\/cat-urinary-s-o\/","name":"Veterinary Health Nutrition (Royal Canin) Cat Urinary S\/O Royal Canin - V\u00e9torino","isPartOf":{"@id":"https:\/\/www.vetorino.com\/boutique\/#website"},"primaryImageOfPage":{"@id":"https:\/\/www.vetorino.com\/veterinaire\/briancon-05100\/boutique\/product\/cat-urinary-s-o\/#primaryimage"},"image":{"@id":"https:\/\/www.vetorino.com\/veterinaire\/briancon-05100\/boutique\/product\/cat-urinary-s-o\/#primaryimage"},"thumbnailUrl":"https:\/\/www.vetorino.com\/boutique\/wp-content\/uploads\/2022\/07\/cat-urinary-so-5.jpg","datePublished":"2020-06-30T15:24:15+00:00","dateModified":"2026-03-09T01:42:16+00:00","description":"Aliment di\u00e9t\u00e9tique complet pour chat adulte souffrant d'affections du bas appareil urinaire. Utilisation : Gestion des r\u00e9cidives d'Urolithiase \u00e0 struvite et \u00e0 oxalate de calcium Dissolution des calculs de struvite","breadcrumb":{"@id":"https:\/\/www.vetorino.com\/veterinaire\/briancon-05100\/boutique\/product\/cat-urinary-s-o\/#breadcrumb"},"inLanguage":"fr-FR","potentialAction":[{"@type":"ReadAction","target":["https:\/\/www.vetorino.com\/veterinaire\/briancon-05100\/boutique\/product\/cat-urinary-s-o\/"]}]},{"@type":"ImageObject","inLanguage":"fr-FR","@id":"https:\/\/www.vetorino.com\/veterinaire\/briancon-05100\/boutique\/product\/cat-urinary-s-o\/#primaryimage","url":"https:\/\/www.vetorino.com\/boutique\/wp-content\/uploads\/2022\/07\/cat-urinary-so-5.jpg","contentUrl":"https:\/\/www.vetorino.com\/boutique\/wp-content\/uploads\/2022\/07\/cat-urinary-so-5.jpg","width":800,"height":800},{"@type":"BreadcrumbList","@id":"https:\/\/www.vetorino.com\/veterinaire\/briancon-05100\/boutique\/product\/cat-urinary-s-o\/#breadcrumb","itemListElement":[{"@type":"ListItem","position":1,"name":"Accueil","item":"https:\/\/www.vetorino.com\/boutique\/"},{"@type":"ListItem","position":2,"name":"Produits","item":"https:\/\/www.vetorino.com\/boutique\/"},{"@type":"ListItem","position":3,"name":"Cat Urinary S\/O"}]},{"@type":"WebSite","@id":"https:\/\/www.vetorino.com\/boutique\/#website","url":"https:\/\/www.vetorino.com\/boutique\/","name":"V\u00e9torino","description":"","publisher":{"@id":"https:\/\/www.vetorino.com\/boutique\/#organization"},"potentialAction":[{"@type":"SearchAction","target":{"@type":"EntryPoint","urlTemplate":"https:\/\/www.vetorino.com\/boutique\/?s={search_term_string}"},"query-input":{"@type":"PropertyValueSpecification","valueRequired":true,"valueName":"search_term_string"}}],"inLanguage":"fr-FR"},{"@type":"Organization","@id":"https:\/\/www.vetorino.com\/boutique\/#organization","name":"V\u00e9torino","url":"https:\/\/www.vetorino.com\/boutique\/","logo":{"@type":"ImageObject","inLanguage":"fr-FR","@id":"https:\/\/www.vetorino.com\/boutique\/#\/schema\/logo\/image\/","url":"https:\/\/www.vetorino.com\/boutique\/wp-content\/uploads\/2024\/10\/logo.jpg","contentUrl":"https:\/\/www.vetorino.com\/boutique\/wp-content\/uploads\/2024\/10\/logo.jpg","width":1200,"height":610,"caption":"V\u00e9torino"},"image":{"@id":"https:\/\/www.vetorino.com\/boutique\/#\/schema\/logo\/image\/"},"sameAs":["https:\/\/www.facebook.com\/Vetorino\/","https:\/\/www.instagram.com\/vetorino_off\/","https:\/\/www.linkedin.com\/company\/vtorino\/"]}]},"product_brand":"Royal Canin","og_availability":"instock","product_availability":"instock","product_condition":"new"},"_links":{"self":[{"href":"https:\/\/www.vetorino.com\/veterinaire\/saintefoyleslyon-69110\/boutique\/wp-json\/wp\/v2\/product\/103335","targetHints":{"allow":["GET"]}}],"collection":[{"href":"https:\/\/www.vetorino.com\/veterinaire\/saintefoyleslyon-69110\/boutique\/wp-json\/wp\/v2\/product"}],"about":[{"href":"https:\/\/www.vetorino.com\/veterinaire\/saintefoyleslyon-69110\/boutique\/wp-json\/wp\/v2\/types\/product"}],"wp:featuredmedia":[{"embeddable":true,"href":"https:\/\/www.vetorino.com\/veterinaire\/saintefoyleslyon-69110\/boutique\/wp-json\/wp\/v2\/media\/897443"}],"wp:attachment":[{"href":"https:\/\/www.vetorino.com\/veterinaire\/saintefoyleslyon-69110\/boutique\/wp-json\/wp\/v2\/media?parent=103335"}],"wp:term":[{"taxonomy":"product_cat","embeddable":true,"href":"https:\/\/www.vetorino.com\/veterinaire\/saintefoyleslyon-69110\/boutique\/wp-json\/wp\/v2\/product_cat?post=103335"},{"taxonomy":"product_tag","embeddable":true,"href":"https:\/\/www.vetorino.com\/veterinaire\/saintefoyleslyon-69110\/boutique\/wp-json\/wp\/v2\/product_tag?post=103335"}],"curies":[{"name":"wp","href":"https:\/\/api.w.org\/{rel}","templated":true}]}}