{"id":1337090,"date":"2025-05-20T09:53:00","date_gmt":"2025-05-20T07:53:00","guid":{"rendered":"https:\/\/www.vetorino.com\/boutique\/product\/chat-adult-poulet-sachet-repas\/"},"modified":"2026-04-02T02:44:40","modified_gmt":"2026-04-02T00:44:40","slug":"chat-adult-poulet-sachet-repas","status":"publish","type":"product","link":"https:\/\/www.vetorino.com\/veterinaire\/saintefoyleslyon-69110\/boutique\/product\/chat-adult-poulet-sachet-repas\/","title":{"rendered":"Adult Poulet Sachet &#8211; chat"},"content":{"rendered":"<p>Votre chat adulte a besoin d\u2019une alimentation adapt\u00e9e, capable de de <strong>soutenir sa bonne sant\u00e9 digestive<\/strong>, de <strong>renforcer son syst\u00e8me immunitaire<\/strong> et de <strong>maintenir son beau pelage et sa masse musculaire.<\/strong><\/p>\n<p>Elabor\u00e9s \u00e0 partir d&#8217;<strong>ingr\u00e9dients de haute qualit\u00e9 et facilement digestibles<\/strong>, les sachets fraicheur Hill&#8217;s Science Plan Adult sont sp\u00e9cialement formul\u00e9s pour fournir aux chats \u00e2g\u00e9s de 1 \u00e0 6 ans toute l\u2019\u00e9nergie dont ils ont besoin.<\/p>\n<p>Cet aliment humide apporte \u00e0 votre chat adulte de la vitamine E et des acides gras om\u00e9ga-3 et om\u00e9ga-6 qui <strong>nourrissent sa peau,<\/strong> ainsi que des prot\u00e9ines de haute qualit\u00e9 qui<strong> favorisent sa masse musculaire. <\/strong><\/p>\n<p>Gr\u00e2ce \u00e0 une teneur \u00e9quilibr\u00e9e en acides amin\u00e9s et en min\u00e9raux, cet aliment <strong>soutient la sant\u00e9 cardiaque et les fonctions r\u00e9nales et urinaires de votre chat adulte.<\/strong> Ces sachets repas au poulet sont le compl\u00e9ment id\u00e9al des croquettes Hill&#8217;s Science Plan Adult.<\/p>\n","protected":false},"excerpt":{"rendered":"<p>Tendres bouch\u00e9es en sauce au poulet pour <strong>chats adultes \u00e2g\u00e9s de 1 \u00e0 6 ans<\/strong> avec des prot\u00e9ines de haute qualit\u00e9 pour<strong> maintenir la masse musculaire. <\/strong><\/p>\n<p>Avec des vitamines E et des acides gras om\u00e9ga-3 et om\u00e9ga-6 pour une <strong>peau saine<\/strong>, et une teneur \u00e9quilibr\u00e9e en min\u00e9raux pour <strong>soutenir la bonne sant\u00e9 des organes vitaux.<\/strong><\/p>\n","protected":false},"featured_media":1338870,"template":"","meta":[],"product_cat":[12551,12583,2697],"product_tag":[],"class_list":{"0":"post-1337090","1":"product","2":"type-product","3":"status-publish","4":"has-post-thumbnail","6":"product_cat-alimentation-du-chat","7":"product_cat-alimentation-premium-pour-chat","8":"product_cat-chat","9":"pa_marque-hills-pet-nutrition","11":"first","12":"outofstock","13":"taxable","14":"shipping-taxable","15":"purchasable","16":"product-type-simple"},"yoast_head":"<!-- This site is optimized with the Yoast SEO plugin v27.3 - https:\/\/yoast.com\/product\/yoast-seo-wordpress\/ -->\n<title>Science Plan (Hill&#039;s) Adult Poulet Sachet - chat Hill&#039;s - V\u00e9torino<\/title>\n<meta name=\"description\" content=\"Tendres bouch\u00e9es en sauce au poulet pour chats adultes \u00e2g\u00e9s de 1 \u00e0 6 ans avec des prot\u00e9ines de haute qualit\u00e9 pour maintenir la masse musculaire.   Avec des vitamines E et des acides gras om\u00e9ga-3 et om\u00e9ga-6 pour une peau saine, et une teneur \u00e9quilibr\u00e9e en min\u00e9raux pour soutenir la bonne sant\u00e9 des organes vitaux.\" \/>\n<meta name=\"robots\" content=\"noindex, nofollow\" \/>\n<meta property=\"og:locale\" content=\"fr_FR\" \/>\n<meta property=\"og:type\" content=\"article\" \/>\n<meta property=\"og:title\" content=\"Science Plan (Hill&#039;s) Adult Poulet Sachet - chat Hill&#039;s - V\u00e9torino\" \/>\n<meta property=\"og:description\" content=\"Tendres bouch\u00e9es en sauce au poulet pour chats adultes \u00e2g\u00e9s de 1 \u00e0 6 ans avec des prot\u00e9ines de haute qualit\u00e9 pour maintenir la masse musculaire.   Avec des vitamines E et des acides gras om\u00e9ga-3 et om\u00e9ga-6 pour une peau saine, et une teneur \u00e9quilibr\u00e9e en min\u00e9raux pour soutenir la bonne sant\u00e9 des organes vitaux.\" \/>\n<meta property=\"og:url\" content=\"https:\/\/www.vetorino.com\/veterinaire\/saintefoyleslyon-69110\/boutique\/product\/chat-adult-poulet-sachet-repas\/\" \/>\n<meta property=\"og:site_name\" content=\"V\u00e9torino\" \/>\n<meta property=\"article:publisher\" content=\"https:\/\/www.facebook.com\/Vetorino\/\" \/>\n<meta property=\"article:modified_time\" content=\"2026-04-02T00:44:40+00:00\" \/>\n<meta property=\"og:image\" content=\"https:\/\/www.vetorino.com\/boutique\/wp-content\/uploads\/2025\/05\/Chat-Adult-Poulet-Sachet-Repas-hills.jpg\" \/>\n\t<meta property=\"og:image:width\" content=\"640\" \/>\n\t<meta property=\"og:image:height\" content=\"640\" \/>\n\t<meta property=\"og:image:type\" content=\"image\/jpeg\" \/>\n<meta name=\"twitter:card\" content=\"summary_large_image\" \/>\n<meta name=\"twitter:label1\" content=\"Prix\" \/>\n\t<meta name=\"twitter:data1\" content=\"21,20&euro;\" \/>\n\t<meta name=\"twitter:label2\" content=\"Disponibilit\u00e9\" \/>\n\t<meta name=\"twitter:data2\" content=\"Rupture de stock\" \/>\n<script type=\"application\/ld+json\" class=\"yoast-schema-graph\">{\"@context\":\"https:\\\/\\\/schema.org\",\"@graph\":[{\"@type\":\"WebPage\",\"@id\":\"https:\\\/\\\/www.vetorino.com\\\/veterinaire\\\/briancon-05100\\\/boutique\\\/product\\\/chat-adult-poulet-sachet-repas\\\/\",\"url\":\"https:\\\/\\\/www.vetorino.com\\\/veterinaire\\\/briancon-05100\\\/boutique\\\/product\\\/chat-adult-poulet-sachet-repas\\\/\",\"name\":\"Science Plan (Hill's) Adult Poulet Sachet - chat Hill's - V\u00e9torino\",\"isPartOf\":{\"@id\":\"https:\\\/\\\/www.vetorino.com\\\/boutique\\\/#website\"},\"primaryImageOfPage\":{\"@id\":\"https:\\\/\\\/www.vetorino.com\\\/veterinaire\\\/briancon-05100\\\/boutique\\\/product\\\/chat-adult-poulet-sachet-repas\\\/#primaryimage\"},\"image\":{\"@id\":\"https:\\\/\\\/www.vetorino.com\\\/veterinaire\\\/briancon-05100\\\/boutique\\\/product\\\/chat-adult-poulet-sachet-repas\\\/#primaryimage\"},\"thumbnailUrl\":\"https:\\\/\\\/www.vetorino.com\\\/boutique\\\/wp-content\\\/uploads\\\/2025\\\/05\\\/Chat-Adult-Poulet-Sachet-Repas-hills.jpg\",\"datePublished\":\"2025-05-20T07:53:00+00:00\",\"dateModified\":\"2026-04-02T00:44:40+00:00\",\"description\":\"Tendres bouch\u00e9es en sauce au poulet pour chats adultes \u00e2g\u00e9s de 1 \u00e0 6 ans avec des prot\u00e9ines de haute qualit\u00e9 pour maintenir la masse musculaire. Avec des vitamines E et des acides gras om\u00e9ga-3 et om\u00e9ga-6 pour une peau saine, et une teneur \u00e9quilibr\u00e9e en min\u00e9raux pour soutenir la bonne sant\u00e9 des organes vitaux.\",\"breadcrumb\":{\"@id\":\"https:\\\/\\\/www.vetorino.com\\\/veterinaire\\\/briancon-05100\\\/boutique\\\/product\\\/chat-adult-poulet-sachet-repas\\\/#breadcrumb\"},\"inLanguage\":\"fr-FR\",\"potentialAction\":[{\"@type\":\"ReadAction\",\"target\":[\"https:\\\/\\\/www.vetorino.com\\\/veterinaire\\\/briancon-05100\\\/boutique\\\/product\\\/chat-adult-poulet-sachet-repas\\\/\"]}]},{\"@type\":\"ImageObject\",\"inLanguage\":\"fr-FR\",\"@id\":\"https:\\\/\\\/www.vetorino.com\\\/veterinaire\\\/briancon-05100\\\/boutique\\\/product\\\/chat-adult-poulet-sachet-repas\\\/#primaryimage\",\"url\":\"https:\\\/\\\/www.vetorino.com\\\/boutique\\\/wp-content\\\/uploads\\\/2025\\\/05\\\/Chat-Adult-Poulet-Sachet-Repas-hills.jpg\",\"contentUrl\":\"https:\\\/\\\/www.vetorino.com\\\/boutique\\\/wp-content\\\/uploads\\\/2025\\\/05\\\/Chat-Adult-Poulet-Sachet-Repas-hills.jpg\",\"width\":640,\"height\":640},{\"@type\":\"BreadcrumbList\",\"@id\":\"https:\\\/\\\/www.vetorino.com\\\/veterinaire\\\/briancon-05100\\\/boutique\\\/product\\\/chat-adult-poulet-sachet-repas\\\/#breadcrumb\",\"itemListElement\":[{\"@type\":\"ListItem\",\"position\":1,\"name\":\"Accueil\",\"item\":\"https:\\\/\\\/www.vetorino.com\\\/boutique\\\/\"},{\"@type\":\"ListItem\",\"position\":2,\"name\":\"Produits\",\"item\":\"https:\\\/\\\/www.vetorino.com\\\/boutique\\\/\"},{\"@type\":\"ListItem\",\"position\":3,\"name\":\"Adult Poulet Sachet &#8211; chat\"}]},{\"@type\":\"WebSite\",\"@id\":\"https:\\\/\\\/www.vetorino.com\\\/boutique\\\/#website\",\"url\":\"https:\\\/\\\/www.vetorino.com\\\/boutique\\\/\",\"name\":\"V\u00e9torino\",\"description\":\"\",\"publisher\":{\"@id\":\"https:\\\/\\\/www.vetorino.com\\\/boutique\\\/#organization\"},\"potentialAction\":[{\"@type\":\"SearchAction\",\"target\":{\"@type\":\"EntryPoint\",\"urlTemplate\":\"https:\\\/\\\/www.vetorino.com\\\/boutique\\\/?s={search_term_string}\"},\"query-input\":{\"@type\":\"PropertyValueSpecification\",\"valueRequired\":true,\"valueName\":\"search_term_string\"}}],\"inLanguage\":\"fr-FR\"},{\"@type\":\"Organization\",\"@id\":\"https:\\\/\\\/www.vetorino.com\\\/boutique\\\/#organization\",\"name\":\"V\u00e9torino\",\"url\":\"https:\\\/\\\/www.vetorino.com\\\/boutique\\\/\",\"logo\":{\"@type\":\"ImageObject\",\"inLanguage\":\"fr-FR\",\"@id\":\"https:\\\/\\\/www.vetorino.com\\\/boutique\\\/#\\\/schema\\\/logo\\\/image\\\/\",\"url\":\"https:\\\/\\\/www.vetorino.com\\\/boutique\\\/wp-content\\\/uploads\\\/2024\\\/10\\\/logo.jpg\",\"contentUrl\":\"https:\\\/\\\/www.vetorino.com\\\/boutique\\\/wp-content\\\/uploads\\\/2024\\\/10\\\/logo.jpg\",\"width\":1200,\"height\":610,\"caption\":\"V\u00e9torino\"},\"image\":{\"@id\":\"https:\\\/\\\/www.vetorino.com\\\/boutique\\\/#\\\/schema\\\/logo\\\/image\\\/\"},\"sameAs\":[\"https:\\\/\\\/www.facebook.com\\\/Vetorino\\\/\",\"https:\\\/\\\/www.instagram.com\\\/vetorino_off\\\/\",\"https:\\\/\\\/www.linkedin.com\\\/company\\\/vtorino\\\/\"]}]}<\/script>\n<meta property=\"product:brand\" content=\"Hill&#039;s\" \/>\n<meta property=\"product:price:amount\" content=\"21.20\" \/>\n<meta property=\"product:price:currency\" content=\"EUR\" \/>\n<meta property=\"og:availability\" content=\"out of stock\" \/>\n<meta property=\"product:availability\" content=\"out of stock\" \/>\n<meta property=\"product:retailer_item_id\" content=\"C-HCT066\" \/>\n<meta property=\"product:condition\" content=\"new\" \/>\n<!-- \/ Yoast SEO plugin. -->","yoast_head_json":{"title":"Science Plan (Hill's) Adult Poulet Sachet - chat Hill's - V\u00e9torino","description":"Tendres bouch\u00e9es en sauce au poulet pour chats adultes \u00e2g\u00e9s de 1 \u00e0 6 ans avec des prot\u00e9ines de haute qualit\u00e9 pour maintenir la masse musculaire.   Avec des vitamines E et des acides gras om\u00e9ga-3 et om\u00e9ga-6 pour une peau saine, et une teneur \u00e9quilibr\u00e9e en min\u00e9raux pour soutenir la bonne sant\u00e9 des organes vitaux.","robots":{"index":"noindex","follow":"nofollow"},"og_locale":"fr_FR","og_type":"article","og_title":"Science Plan (Hill's) Adult Poulet Sachet - chat Hill's - V\u00e9torino","og_description":"Tendres bouch\u00e9es en sauce au poulet pour chats adultes \u00e2g\u00e9s de 1 \u00e0 6 ans avec des prot\u00e9ines de haute qualit\u00e9 pour maintenir la masse musculaire.   Avec des vitamines E et des acides gras om\u00e9ga-3 et om\u00e9ga-6 pour une peau saine, et une teneur \u00e9quilibr\u00e9e en min\u00e9raux pour soutenir la bonne sant\u00e9 des organes vitaux.","og_url":"https:\/\/www.vetorino.com\/veterinaire\/saintefoyleslyon-69110\/boutique\/product\/chat-adult-poulet-sachet-repas\/","og_site_name":"V\u00e9torino","article_publisher":"https:\/\/www.facebook.com\/Vetorino\/","article_modified_time":"2026-04-02T00:44:40+00:00","og_image":[{"width":640,"height":640,"url":"https:\/\/www.vetorino.com\/boutique\/wp-content\/uploads\/2025\/05\/Chat-Adult-Poulet-Sachet-Repas-hills.jpg","type":"image\/jpeg"}],"twitter_card":"summary_large_image","twitter_misc":{"Prix":"21,20&euro;","Disponibilit\u00e9":"Rupture de stock"},"schema":{"@context":"https:\/\/schema.org","@graph":[{"@type":"WebPage","@id":"https:\/\/www.vetorino.com\/veterinaire\/briancon-05100\/boutique\/product\/chat-adult-poulet-sachet-repas\/","url":"https:\/\/www.vetorino.com\/veterinaire\/briancon-05100\/boutique\/product\/chat-adult-poulet-sachet-repas\/","name":"Science Plan (Hill's) Adult Poulet Sachet - chat Hill's - V\u00e9torino","isPartOf":{"@id":"https:\/\/www.vetorino.com\/boutique\/#website"},"primaryImageOfPage":{"@id":"https:\/\/www.vetorino.com\/veterinaire\/briancon-05100\/boutique\/product\/chat-adult-poulet-sachet-repas\/#primaryimage"},"image":{"@id":"https:\/\/www.vetorino.com\/veterinaire\/briancon-05100\/boutique\/product\/chat-adult-poulet-sachet-repas\/#primaryimage"},"thumbnailUrl":"https:\/\/www.vetorino.com\/boutique\/wp-content\/uploads\/2025\/05\/Chat-Adult-Poulet-Sachet-Repas-hills.jpg","datePublished":"2025-05-20T07:53:00+00:00","dateModified":"2026-04-02T00:44:40+00:00","description":"Tendres bouch\u00e9es en sauce au poulet pour chats adultes \u00e2g\u00e9s de 1 \u00e0 6 ans avec des prot\u00e9ines de haute qualit\u00e9 pour maintenir la masse musculaire. Avec des vitamines E et des acides gras om\u00e9ga-3 et om\u00e9ga-6 pour une peau saine, et une teneur \u00e9quilibr\u00e9e en min\u00e9raux pour soutenir la bonne sant\u00e9 des organes vitaux.","breadcrumb":{"@id":"https:\/\/www.vetorino.com\/veterinaire\/briancon-05100\/boutique\/product\/chat-adult-poulet-sachet-repas\/#breadcrumb"},"inLanguage":"fr-FR","potentialAction":[{"@type":"ReadAction","target":["https:\/\/www.vetorino.com\/veterinaire\/briancon-05100\/boutique\/product\/chat-adult-poulet-sachet-repas\/"]}]},{"@type":"ImageObject","inLanguage":"fr-FR","@id":"https:\/\/www.vetorino.com\/veterinaire\/briancon-05100\/boutique\/product\/chat-adult-poulet-sachet-repas\/#primaryimage","url":"https:\/\/www.vetorino.com\/boutique\/wp-content\/uploads\/2025\/05\/Chat-Adult-Poulet-Sachet-Repas-hills.jpg","contentUrl":"https:\/\/www.vetorino.com\/boutique\/wp-content\/uploads\/2025\/05\/Chat-Adult-Poulet-Sachet-Repas-hills.jpg","width":640,"height":640},{"@type":"BreadcrumbList","@id":"https:\/\/www.vetorino.com\/veterinaire\/briancon-05100\/boutique\/product\/chat-adult-poulet-sachet-repas\/#breadcrumb","itemListElement":[{"@type":"ListItem","position":1,"name":"Accueil","item":"https:\/\/www.vetorino.com\/boutique\/"},{"@type":"ListItem","position":2,"name":"Produits","item":"https:\/\/www.vetorino.com\/boutique\/"},{"@type":"ListItem","position":3,"name":"Adult Poulet Sachet &#8211; chat"}]},{"@type":"WebSite","@id":"https:\/\/www.vetorino.com\/boutique\/#website","url":"https:\/\/www.vetorino.com\/boutique\/","name":"V\u00e9torino","description":"","publisher":{"@id":"https:\/\/www.vetorino.com\/boutique\/#organization"},"potentialAction":[{"@type":"SearchAction","target":{"@type":"EntryPoint","urlTemplate":"https:\/\/www.vetorino.com\/boutique\/?s={search_term_string}"},"query-input":{"@type":"PropertyValueSpecification","valueRequired":true,"valueName":"search_term_string"}}],"inLanguage":"fr-FR"},{"@type":"Organization","@id":"https:\/\/www.vetorino.com\/boutique\/#organization","name":"V\u00e9torino","url":"https:\/\/www.vetorino.com\/boutique\/","logo":{"@type":"ImageObject","inLanguage":"fr-FR","@id":"https:\/\/www.vetorino.com\/boutique\/#\/schema\/logo\/image\/","url":"https:\/\/www.vetorino.com\/boutique\/wp-content\/uploads\/2024\/10\/logo.jpg","contentUrl":"https:\/\/www.vetorino.com\/boutique\/wp-content\/uploads\/2024\/10\/logo.jpg","width":1200,"height":610,"caption":"V\u00e9torino"},"image":{"@id":"https:\/\/www.vetorino.com\/boutique\/#\/schema\/logo\/image\/"},"sameAs":["https:\/\/www.facebook.com\/Vetorino\/","https:\/\/www.instagram.com\/vetorino_off\/","https:\/\/www.linkedin.com\/company\/vtorino\/"]}]},"product_brand":"Hill's","product_price_amount":"21.20","product_price_currency":"EUR","og_availability":"out of stock","product_availability":"out of stock","product_retailer_item_id":"C-HCT066","product_condition":"new"},"_links":{"self":[{"href":"https:\/\/www.vetorino.com\/veterinaire\/saintefoyleslyon-69110\/boutique\/wp-json\/wp\/v2\/product\/1337090","targetHints":{"allow":["GET"]}}],"collection":[{"href":"https:\/\/www.vetorino.com\/veterinaire\/saintefoyleslyon-69110\/boutique\/wp-json\/wp\/v2\/product"}],"about":[{"href":"https:\/\/www.vetorino.com\/veterinaire\/saintefoyleslyon-69110\/boutique\/wp-json\/wp\/v2\/types\/product"}],"wp:featuredmedia":[{"embeddable":true,"href":"https:\/\/www.vetorino.com\/veterinaire\/saintefoyleslyon-69110\/boutique\/wp-json\/wp\/v2\/media\/1338870"}],"wp:attachment":[{"href":"https:\/\/www.vetorino.com\/veterinaire\/saintefoyleslyon-69110\/boutique\/wp-json\/wp\/v2\/media?parent=1337090"}],"wp:term":[{"taxonomy":"product_cat","embeddable":true,"href":"https:\/\/www.vetorino.com\/veterinaire\/saintefoyleslyon-69110\/boutique\/wp-json\/wp\/v2\/product_cat?post=1337090"},{"taxonomy":"product_tag","embeddable":true,"href":"https:\/\/www.vetorino.com\/veterinaire\/saintefoyleslyon-69110\/boutique\/wp-json\/wp\/v2\/product_tag?post=1337090"}],"curies":[{"name":"wp","href":"https:\/\/api.w.org\/{rel}","templated":true}]}}