{"id":224738,"date":"2021-09-09T14:33:09","date_gmt":"2021-09-09T12:33:09","guid":{"rendered":"https:\/\/www.vetorino.com\/boutique\/product\/canine-i-d-sensitive-digestive-care-activ-biome\/"},"modified":"2026-03-18T02:42:52","modified_gmt":"2026-03-18T01:42:52","slug":"canine-i-d-sensitive-digestive-care-activ-biome","status":"publish","type":"product","link":"https:\/\/www.vetorino.com\/veterinaire\/saintefoyleslyon-69110\/boutique\/product\/canine-i-d-sensitive-digestive-care-activ-biome\/","title":{"rendered":"i\/d Sensitive Digestive \u0152uf et Riz &#8211; chien"},"content":{"rendered":"<p><strong>Prescription Diet i\/d Canine Sensitive est formul\u00e9 sp\u00e9cialement pour aider \u00e0 la prise en charge des troubles digestifs et des sensibilit\u00e9s alimentaires.<\/strong><\/p>\n<p><strong>Utilisation :<\/strong><\/p>\n<ul>\n<li>Chien ayant des troubles digestifs et des sensibilit\u00e9s alimentaires.<\/li>\n<\/ul>\n<p><strong>Bienfaits essentiels :<\/strong><\/p>\n<ul>\n<li>Aliment hautement digestible pour aider \u00e0 la\u00a0<strong>r\u00e9cup\u00e9ration des troubles gastro-intestinaux<\/strong>.<\/li>\n<li>Renforc\u00e9e par la technologie des ingr\u00e9dients Hill&#8217;s\u00a0<strong>ActivBiome+<\/strong>, un m\u00e9lange exclusif de\u00a0<strong>pr\u00e9biotiques<\/strong>, cliniquement prouv\u00e9 pour nourrir rapidement le microbiome intestinal afin de soutenir la bonne sant\u00e9 digestive et le bien-\u00eatre en g\u00e9n\u00e9ral.<\/li>\n<li>Contient\u00a0des sources s\u00e9lectionn\u00e9es de prot\u00e9ine et de glucide pour\u00a0<strong>contribuer \u00e0 limiter les signes de sensibilit\u00e9 alimentaire<\/strong>.<\/li>\n<li>Des fibres naturelles qui aident \u00e0\u00a0<strong>entretenir une flore bact\u00e9rienne intestinale saine et \u00e9quilibr\u00e9e<\/strong>.<\/li>\n<li>Un\u00a0<strong>go\u00fbt excellent<\/strong>\u00a0que votre chien va adorer.<\/li>\n<li><strong>Haute densit\u00e9 \u00e9nerg\u00e9tique<\/strong>\u00a0&#8211; Permet d&#8217;apporter suffisamment d&#8217;\u00e9nergie dans un faible volume de ration tout en r\u00e9duisant la charge de travail digestif.<\/li>\n<\/ul>\n<p><strong>Ce produit est destin\u00e9 \u00e0 la prise en charge d&#8217;une maladie. Il est conseill\u00e9 de demander conseil \u00e0 votre v\u00e9t\u00e9rinaire avant utilisation.<\/strong><\/p>\n","protected":false},"excerpt":{"rendered":"<p><strong>Formul\u00e9 sp\u00e9cialement pour aider \u00e0 la prise en charge des troubles digestifs et des sensibilit\u00e9s alimentaires.<\/strong><\/p>\n<p><strong>Utilisation :<\/strong><\/p>\n<ul>\n<li>Chien ayant des troubles digestifs et des sensibilit\u00e9s alimentaires<\/li>\n<\/ul>\n<p><strong>Ce produit est destin\u00e9 \u00e0 la prise en charge d&#8217;une maladie. Il est conseill\u00e9 de demander conseil \u00e0 votre v\u00e9t\u00e9rinaire avant utilisation.<\/strong><\/p>\n<div class=\"woocommerce-product-details__short-description\">\n<p><span style=\"color: #993366\"><strong>Nouvelle formulation du produit i\/d, ajout de la Technologie Sox Shield. Pendant la p\u00e9riode de transition, il est possible de recevoir l\u2019ancienne ou la nouvelle formule selon les stocks disponibles.<\/strong><\/span><\/p>\n<\/div>\n","protected":false},"featured_media":1535790,"template":"","meta":[],"product_cat":[12552,12582,2698,12636],"product_tag":[],"class_list":{"0":"post-224738","1":"product","2":"type-product","3":"status-publish","4":"has-post-thumbnail","6":"product_cat-alimentation-du-chien","7":"product_cat-alimentation-medicalisee-pour-chien","8":"product_cat-chien","9":"product_cat-systeme-digestif-du-chien","10":"pa_marque-hills-pet-nutrition","12":"first","13":"instock","14":"taxable","15":"shipping-taxable","16":"purchasable","17":"product-type-variable"},"yoast_head":"<!-- This site is optimized with the Yoast SEO plugin v27.3 - https:\/\/yoast.com\/product\/yoast-seo-wordpress\/ -->\n<title>Prescription Diet (Hill&#039;s) i\/d Sensitive Digestive \u0152uf et Riz - chien Hill&#039;s - V\u00e9torino<\/title>\n<meta name=\"description\" content=\"Formul\u00e9 sp\u00e9cialement pour aider \u00e0 la prise en charge des troubles digestifs et des sensibilit\u00e9s alimentaires.  Utilisation :   Chien ayant des troubles digestifs et des sensibilit\u00e9s alimentaires  Ce produit est destin\u00e9 \u00e0 la prise en charge d&#039;une maladie. Il est conseill\u00e9 de demander conseil \u00e0 votre v\u00e9t\u00e9rinaire avant utilisation.   Nouvelle formulation du produit i\/d, ajout de la Technologie Sox Shield. Pendant la p\u00e9riode de transition, il est possible de recevoir l\u2019ancienne ou la nouvelle formule selon les stocks disponibles.\" \/>\n<meta name=\"robots\" content=\"noindex, nofollow\" \/>\n<meta property=\"og:locale\" content=\"fr_FR\" \/>\n<meta property=\"og:type\" content=\"article\" \/>\n<meta property=\"og:title\" content=\"Prescription Diet (Hill&#039;s) i\/d Sensitive Digestive \u0152uf et Riz - chien Hill&#039;s - V\u00e9torino\" \/>\n<meta property=\"og:description\" content=\"Formul\u00e9 sp\u00e9cialement pour aider \u00e0 la prise en charge des troubles digestifs et des sensibilit\u00e9s alimentaires.  Utilisation :   Chien ayant des troubles digestifs et des sensibilit\u00e9s alimentaires  Ce produit est destin\u00e9 \u00e0 la prise en charge d&#039;une maladie. Il est conseill\u00e9 de demander conseil \u00e0 votre v\u00e9t\u00e9rinaire avant utilisation.   Nouvelle formulation du produit i\/d, ajout de la Technologie Sox Shield. Pendant la p\u00e9riode de transition, il est possible de recevoir l\u2019ancienne ou la nouvelle formule selon les stocks disponibles.\" \/>\n<meta property=\"og:url\" content=\"https:\/\/www.vetorino.com\/veterinaire\/saintefoyleslyon-69110\/boutique\/product\/canine-i-d-sensitive-digestive-care-activ-biome\/\" \/>\n<meta property=\"og:site_name\" content=\"V\u00e9torino\" \/>\n<meta property=\"article:publisher\" content=\"https:\/\/www.facebook.com\/Vetorino\/\" \/>\n<meta property=\"article:modified_time\" content=\"2026-03-18T01:42:52+00:00\" \/>\n<meta property=\"og:image\" content=\"https:\/\/www.vetorino.com\/boutique\/wp-content\/uploads\/2021\/09\/00052742040592_0-prescription-diet-chien-i_d-sensitive-croquettes-1.jpg\" \/>\n\t<meta property=\"og:image:width\" content=\"1000\" \/>\n\t<meta property=\"og:image:height\" content=\"1000\" \/>\n\t<meta property=\"og:image:type\" content=\"image\/jpeg\" \/>\n<meta name=\"twitter:card\" content=\"summary_large_image\" \/>\n<meta name=\"twitter:label1\" content=\"Disponibilit\u00e9\" \/>\n\t<meta name=\"twitter:data1\" content=\"En stock\" \/>\n<script type=\"application\/ld+json\" class=\"yoast-schema-graph\">{\"@context\":\"https:\\\/\\\/schema.org\",\"@graph\":[{\"@type\":\"WebPage\",\"@id\":\"https:\\\/\\\/www.vetorino.com\\\/veterinaire\\\/briancon-05100\\\/boutique\\\/product\\\/canine-i-d-sensitive-digestive-care-activ-biome\\\/\",\"url\":\"https:\\\/\\\/www.vetorino.com\\\/veterinaire\\\/briancon-05100\\\/boutique\\\/product\\\/canine-i-d-sensitive-digestive-care-activ-biome\\\/\",\"name\":\"Prescription Diet (Hill's) i\\\/d Sensitive Digestive \u0152uf et Riz - chien Hill's - V\u00e9torino\",\"isPartOf\":{\"@id\":\"https:\\\/\\\/www.vetorino.com\\\/boutique\\\/#website\"},\"primaryImageOfPage\":{\"@id\":\"https:\\\/\\\/www.vetorino.com\\\/veterinaire\\\/briancon-05100\\\/boutique\\\/product\\\/canine-i-d-sensitive-digestive-care-activ-biome\\\/#primaryimage\"},\"image\":{\"@id\":\"https:\\\/\\\/www.vetorino.com\\\/veterinaire\\\/briancon-05100\\\/boutique\\\/product\\\/canine-i-d-sensitive-digestive-care-activ-biome\\\/#primaryimage\"},\"thumbnailUrl\":\"https:\\\/\\\/www.vetorino.com\\\/boutique\\\/wp-content\\\/uploads\\\/2021\\\/09\\\/00052742040592_0-prescription-diet-chien-i_d-sensitive-croquettes-1.jpg\",\"datePublished\":\"2021-09-09T12:33:09+00:00\",\"dateModified\":\"2026-03-18T01:42:52+00:00\",\"description\":\"Formul\u00e9 sp\u00e9cialement pour aider \u00e0 la prise en charge des troubles digestifs et des sensibilit\u00e9s alimentaires. Utilisation : Chien ayant des troubles digestifs et des sensibilit\u00e9s alimentaires Ce produit est destin\u00e9 \u00e0 la prise en charge d'une maladie. Il est conseill\u00e9 de demander conseil \u00e0 votre v\u00e9t\u00e9rinaire avant utilisation. Nouvelle formulation du produit i\\\/d, ajout de la Technologie Sox Shield. Pendant la p\u00e9riode de transition, il est possible de recevoir l\u2019ancienne ou la nouvelle formule selon les stocks disponibles.\",\"breadcrumb\":{\"@id\":\"https:\\\/\\\/www.vetorino.com\\\/veterinaire\\\/briancon-05100\\\/boutique\\\/product\\\/canine-i-d-sensitive-digestive-care-activ-biome\\\/#breadcrumb\"},\"inLanguage\":\"fr-FR\",\"potentialAction\":[{\"@type\":\"ReadAction\",\"target\":[\"https:\\\/\\\/www.vetorino.com\\\/veterinaire\\\/briancon-05100\\\/boutique\\\/product\\\/canine-i-d-sensitive-digestive-care-activ-biome\\\/\"]}]},{\"@type\":\"ImageObject\",\"inLanguage\":\"fr-FR\",\"@id\":\"https:\\\/\\\/www.vetorino.com\\\/veterinaire\\\/briancon-05100\\\/boutique\\\/product\\\/canine-i-d-sensitive-digestive-care-activ-biome\\\/#primaryimage\",\"url\":\"https:\\\/\\\/www.vetorino.com\\\/boutique\\\/wp-content\\\/uploads\\\/2021\\\/09\\\/00052742040592_0-prescription-diet-chien-i_d-sensitive-croquettes-1.jpg\",\"contentUrl\":\"https:\\\/\\\/www.vetorino.com\\\/boutique\\\/wp-content\\\/uploads\\\/2021\\\/09\\\/00052742040592_0-prescription-diet-chien-i_d-sensitive-croquettes-1.jpg\",\"width\":1000,\"height\":1000},{\"@type\":\"BreadcrumbList\",\"@id\":\"https:\\\/\\\/www.vetorino.com\\\/veterinaire\\\/briancon-05100\\\/boutique\\\/product\\\/canine-i-d-sensitive-digestive-care-activ-biome\\\/#breadcrumb\",\"itemListElement\":[{\"@type\":\"ListItem\",\"position\":1,\"name\":\"Accueil\",\"item\":\"https:\\\/\\\/www.vetorino.com\\\/boutique\\\/\"},{\"@type\":\"ListItem\",\"position\":2,\"name\":\"Produits\",\"item\":\"https:\\\/\\\/www.vetorino.com\\\/boutique\\\/\"},{\"@type\":\"ListItem\",\"position\":3,\"name\":\"i\\\/d Sensitive Digestive \u0152uf et Riz &#8211; chien\"}]},{\"@type\":\"WebSite\",\"@id\":\"https:\\\/\\\/www.vetorino.com\\\/boutique\\\/#website\",\"url\":\"https:\\\/\\\/www.vetorino.com\\\/boutique\\\/\",\"name\":\"V\u00e9torino\",\"description\":\"\",\"publisher\":{\"@id\":\"https:\\\/\\\/www.vetorino.com\\\/boutique\\\/#organization\"},\"potentialAction\":[{\"@type\":\"SearchAction\",\"target\":{\"@type\":\"EntryPoint\",\"urlTemplate\":\"https:\\\/\\\/www.vetorino.com\\\/boutique\\\/?s={search_term_string}\"},\"query-input\":{\"@type\":\"PropertyValueSpecification\",\"valueRequired\":true,\"valueName\":\"search_term_string\"}}],\"inLanguage\":\"fr-FR\"},{\"@type\":\"Organization\",\"@id\":\"https:\\\/\\\/www.vetorino.com\\\/boutique\\\/#organization\",\"name\":\"V\u00e9torino\",\"url\":\"https:\\\/\\\/www.vetorino.com\\\/boutique\\\/\",\"logo\":{\"@type\":\"ImageObject\",\"inLanguage\":\"fr-FR\",\"@id\":\"https:\\\/\\\/www.vetorino.com\\\/boutique\\\/#\\\/schema\\\/logo\\\/image\\\/\",\"url\":\"https:\\\/\\\/www.vetorino.com\\\/boutique\\\/wp-content\\\/uploads\\\/2024\\\/10\\\/logo.jpg\",\"contentUrl\":\"https:\\\/\\\/www.vetorino.com\\\/boutique\\\/wp-content\\\/uploads\\\/2024\\\/10\\\/logo.jpg\",\"width\":1200,\"height\":610,\"caption\":\"V\u00e9torino\"},\"image\":{\"@id\":\"https:\\\/\\\/www.vetorino.com\\\/boutique\\\/#\\\/schema\\\/logo\\\/image\\\/\"},\"sameAs\":[\"https:\\\/\\\/www.facebook.com\\\/Vetorino\\\/\",\"https:\\\/\\\/www.instagram.com\\\/vetorino_off\\\/\",\"https:\\\/\\\/www.linkedin.com\\\/company\\\/vtorino\\\/\"]}]}<\/script>\n<meta property=\"product:brand\" content=\"Hill&#039;s\" \/>\n<meta property=\"og:availability\" content=\"instock\" \/>\n<meta property=\"product:availability\" content=\"instock\" \/>\n<meta property=\"product:condition\" content=\"new\" \/>\n<!-- \/ Yoast SEO plugin. -->","yoast_head_json":{"title":"Prescription Diet (Hill's) i\/d Sensitive Digestive \u0152uf et Riz - chien Hill's - V\u00e9torino","description":"Formul\u00e9 sp\u00e9cialement pour aider \u00e0 la prise en charge des troubles digestifs et des sensibilit\u00e9s alimentaires.  Utilisation :   Chien ayant des troubles digestifs et des sensibilit\u00e9s alimentaires  Ce produit est destin\u00e9 \u00e0 la prise en charge d'une maladie. Il est conseill\u00e9 de demander conseil \u00e0 votre v\u00e9t\u00e9rinaire avant utilisation.   Nouvelle formulation du produit i\/d, ajout de la Technologie Sox Shield. Pendant la p\u00e9riode de transition, il est possible de recevoir l\u2019ancienne ou la nouvelle formule selon les stocks disponibles.","robots":{"index":"noindex","follow":"nofollow"},"og_locale":"fr_FR","og_type":"article","og_title":"Prescription Diet (Hill's) i\/d Sensitive Digestive \u0152uf et Riz - chien Hill's - V\u00e9torino","og_description":"Formul\u00e9 sp\u00e9cialement pour aider \u00e0 la prise en charge des troubles digestifs et des sensibilit\u00e9s alimentaires.  Utilisation :   Chien ayant des troubles digestifs et des sensibilit\u00e9s alimentaires  Ce produit est destin\u00e9 \u00e0 la prise en charge d'une maladie. Il est conseill\u00e9 de demander conseil \u00e0 votre v\u00e9t\u00e9rinaire avant utilisation.   Nouvelle formulation du produit i\/d, ajout de la Technologie Sox Shield. Pendant la p\u00e9riode de transition, il est possible de recevoir l\u2019ancienne ou la nouvelle formule selon les stocks disponibles.","og_url":"https:\/\/www.vetorino.com\/veterinaire\/saintefoyleslyon-69110\/boutique\/product\/canine-i-d-sensitive-digestive-care-activ-biome\/","og_site_name":"V\u00e9torino","article_publisher":"https:\/\/www.facebook.com\/Vetorino\/","article_modified_time":"2026-03-18T01:42:52+00:00","og_image":[{"width":1000,"height":1000,"url":"https:\/\/www.vetorino.com\/boutique\/wp-content\/uploads\/2021\/09\/00052742040592_0-prescription-diet-chien-i_d-sensitive-croquettes-1.jpg","type":"image\/jpeg"}],"twitter_card":"summary_large_image","twitter_misc":{"Disponibilit\u00e9":"En stock"},"schema":{"@context":"https:\/\/schema.org","@graph":[{"@type":"WebPage","@id":"https:\/\/www.vetorino.com\/veterinaire\/briancon-05100\/boutique\/product\/canine-i-d-sensitive-digestive-care-activ-biome\/","url":"https:\/\/www.vetorino.com\/veterinaire\/briancon-05100\/boutique\/product\/canine-i-d-sensitive-digestive-care-activ-biome\/","name":"Prescription Diet (Hill's) i\/d Sensitive Digestive \u0152uf et Riz - chien Hill's - V\u00e9torino","isPartOf":{"@id":"https:\/\/www.vetorino.com\/boutique\/#website"},"primaryImageOfPage":{"@id":"https:\/\/www.vetorino.com\/veterinaire\/briancon-05100\/boutique\/product\/canine-i-d-sensitive-digestive-care-activ-biome\/#primaryimage"},"image":{"@id":"https:\/\/www.vetorino.com\/veterinaire\/briancon-05100\/boutique\/product\/canine-i-d-sensitive-digestive-care-activ-biome\/#primaryimage"},"thumbnailUrl":"https:\/\/www.vetorino.com\/boutique\/wp-content\/uploads\/2021\/09\/00052742040592_0-prescription-diet-chien-i_d-sensitive-croquettes-1.jpg","datePublished":"2021-09-09T12:33:09+00:00","dateModified":"2026-03-18T01:42:52+00:00","description":"Formul\u00e9 sp\u00e9cialement pour aider \u00e0 la prise en charge des troubles digestifs et des sensibilit\u00e9s alimentaires. Utilisation : Chien ayant des troubles digestifs et des sensibilit\u00e9s alimentaires Ce produit est destin\u00e9 \u00e0 la prise en charge d'une maladie. Il est conseill\u00e9 de demander conseil \u00e0 votre v\u00e9t\u00e9rinaire avant utilisation. Nouvelle formulation du produit i\/d, ajout de la Technologie Sox Shield. Pendant la p\u00e9riode de transition, il est possible de recevoir l\u2019ancienne ou la nouvelle formule selon les stocks disponibles.","breadcrumb":{"@id":"https:\/\/www.vetorino.com\/veterinaire\/briancon-05100\/boutique\/product\/canine-i-d-sensitive-digestive-care-activ-biome\/#breadcrumb"},"inLanguage":"fr-FR","potentialAction":[{"@type":"ReadAction","target":["https:\/\/www.vetorino.com\/veterinaire\/briancon-05100\/boutique\/product\/canine-i-d-sensitive-digestive-care-activ-biome\/"]}]},{"@type":"ImageObject","inLanguage":"fr-FR","@id":"https:\/\/www.vetorino.com\/veterinaire\/briancon-05100\/boutique\/product\/canine-i-d-sensitive-digestive-care-activ-biome\/#primaryimage","url":"https:\/\/www.vetorino.com\/boutique\/wp-content\/uploads\/2021\/09\/00052742040592_0-prescription-diet-chien-i_d-sensitive-croquettes-1.jpg","contentUrl":"https:\/\/www.vetorino.com\/boutique\/wp-content\/uploads\/2021\/09\/00052742040592_0-prescription-diet-chien-i_d-sensitive-croquettes-1.jpg","width":1000,"height":1000},{"@type":"BreadcrumbList","@id":"https:\/\/www.vetorino.com\/veterinaire\/briancon-05100\/boutique\/product\/canine-i-d-sensitive-digestive-care-activ-biome\/#breadcrumb","itemListElement":[{"@type":"ListItem","position":1,"name":"Accueil","item":"https:\/\/www.vetorino.com\/boutique\/"},{"@type":"ListItem","position":2,"name":"Produits","item":"https:\/\/www.vetorino.com\/boutique\/"},{"@type":"ListItem","position":3,"name":"i\/d Sensitive Digestive \u0152uf et Riz &#8211; chien"}]},{"@type":"WebSite","@id":"https:\/\/www.vetorino.com\/boutique\/#website","url":"https:\/\/www.vetorino.com\/boutique\/","name":"V\u00e9torino","description":"","publisher":{"@id":"https:\/\/www.vetorino.com\/boutique\/#organization"},"potentialAction":[{"@type":"SearchAction","target":{"@type":"EntryPoint","urlTemplate":"https:\/\/www.vetorino.com\/boutique\/?s={search_term_string}"},"query-input":{"@type":"PropertyValueSpecification","valueRequired":true,"valueName":"search_term_string"}}],"inLanguage":"fr-FR"},{"@type":"Organization","@id":"https:\/\/www.vetorino.com\/boutique\/#organization","name":"V\u00e9torino","url":"https:\/\/www.vetorino.com\/boutique\/","logo":{"@type":"ImageObject","inLanguage":"fr-FR","@id":"https:\/\/www.vetorino.com\/boutique\/#\/schema\/logo\/image\/","url":"https:\/\/www.vetorino.com\/boutique\/wp-content\/uploads\/2024\/10\/logo.jpg","contentUrl":"https:\/\/www.vetorino.com\/boutique\/wp-content\/uploads\/2024\/10\/logo.jpg","width":1200,"height":610,"caption":"V\u00e9torino"},"image":{"@id":"https:\/\/www.vetorino.com\/boutique\/#\/schema\/logo\/image\/"},"sameAs":["https:\/\/www.facebook.com\/Vetorino\/","https:\/\/www.instagram.com\/vetorino_off\/","https:\/\/www.linkedin.com\/company\/vtorino\/"]}]},"product_brand":"Hill's","og_availability":"instock","product_availability":"instock","product_condition":"new"},"_links":{"self":[{"href":"https:\/\/www.vetorino.com\/veterinaire\/saintefoyleslyon-69110\/boutique\/wp-json\/wp\/v2\/product\/224738","targetHints":{"allow":["GET"]}}],"collection":[{"href":"https:\/\/www.vetorino.com\/veterinaire\/saintefoyleslyon-69110\/boutique\/wp-json\/wp\/v2\/product"}],"about":[{"href":"https:\/\/www.vetorino.com\/veterinaire\/saintefoyleslyon-69110\/boutique\/wp-json\/wp\/v2\/types\/product"}],"wp:featuredmedia":[{"embeddable":true,"href":"https:\/\/www.vetorino.com\/veterinaire\/saintefoyleslyon-69110\/boutique\/wp-json\/wp\/v2\/media\/1535790"}],"wp:attachment":[{"href":"https:\/\/www.vetorino.com\/veterinaire\/saintefoyleslyon-69110\/boutique\/wp-json\/wp\/v2\/media?parent=224738"}],"wp:term":[{"taxonomy":"product_cat","embeddable":true,"href":"https:\/\/www.vetorino.com\/veterinaire\/saintefoyleslyon-69110\/boutique\/wp-json\/wp\/v2\/product_cat?post=224738"},{"taxonomy":"product_tag","embeddable":true,"href":"https:\/\/www.vetorino.com\/veterinaire\/saintefoyleslyon-69110\/boutique\/wp-json\/wp\/v2\/product_tag?post=224738"}],"curies":[{"name":"wp","href":"https:\/\/api.w.org\/{rel}","templated":true}]}}