{"id":482742,"date":"2022-09-26T11:19:28","date_gmt":"2022-09-26T09:19:28","guid":{"rendered":"https:\/\/www.vetorino.com\/boutique\/product\/laisse-dog-copenhagen-urban-rope\/"},"modified":"2026-04-04T02:14:29","modified_gmt":"2026-04-04T00:14:29","slug":"laisse-dog-copenhagen-urban-rope","status":"publish","type":"product","link":"https:\/\/www.vetorino.com\/veterinaire\/saintefoyleslyon-69110\/boutique\/product\/laisse-dog-copenhagen-urban-rope\/","title":{"rendered":"Laisse Urban Rope"},"content":{"rendered":"<p>La laisse The Urban Rope de DOG Copenhagen est une laisse l\u00e9g\u00e8re et confortable pour l\u2019utilisation quotidienne fabriqu\u00e9e en corde de nylon souple et durable.<\/p>\n<ul>\n<li>Laisse pour chien de 160cm con\u00e7ue en corde de nylon douce et durable.<\/li>\n<li>Poign\u00e9e matelass\u00e9e en n\u00e9opr\u00e8ne souple et confortable<\/li>\n<li>\u00c9l\u00e9ment r\u00e9fl\u00e9chissant 3M\u2122 pour une meilleure visibilit\u00e9 lorsqu\u2019il fait sombre.<\/li>\n<li>Mousqueton en aluminium l\u00e9ger et robuste avec syst\u00e8me de verrouillage (deux tailles).<\/li>\n<li>La laisse comprend une poign\u00e9e rembourr\u00e9e confortable en n\u00e9opr\u00e8ne, un accessoire en anneau D-Ring, un \u00e9l\u00e9ment r\u00e9fl\u00e9chissant 3M efficace et un mousqueton en aluminium l\u00e9ger comportant un syst\u00e8me de verrouillage.<\/li>\n<li>Essayez notre gamme correspondante de harnais et de colliers pour obtenir l\u2019\u00e9quipement complet !<\/li>\n<li>La laisse est compatible avec notre sac de laisse Pouch Organizer non livr\u00e9 avec la laisse, \u00e0 commander en plus.<\/li>\n<\/ul>\n","protected":false},"excerpt":{"rendered":"<p>La laisse The Urban Rope\u2122 de DOG Copenhagen est une laisse l\u00e9g\u00e8re et confortable de 160cm pour l\u2019utilisation quotidienne fabriqu\u00e9e en corde de nylon souple et durable. La laisse comprend une poign\u00e9e rembourr\u00e9e confortable en n\u00e9opr\u00e8ne, un accessoire en anneau D-Ring, un \u00e9l\u00e9ment r\u00e9fl\u00e9chissant 3M\u2122 efficace et un mousqueton en aluminium l\u00e9ger comportant un syst\u00e8me de verrouillage.<span class=\"Apple-converted-space\">\u00a0\u00a0<\/span><\/p>\n","protected":false},"featured_media":482756,"template":"","meta":[],"product_cat":[2698,2777],"product_tag":[],"class_list":{"0":"post-482742","1":"product","2":"type-product","3":"status-publish","4":"has-post-thumbnail","6":"product_cat-chien","7":"product_cat-colliers-laisses-et-harnais-pour-chien","8":"pa_marque-dog-copenhagen","10":"first","11":"instock","12":"taxable","13":"shipping-taxable","14":"purchasable","15":"product-type-variable"},"yoast_head":"<!-- This site is optimized with the Yoast SEO plugin v27.3 - https:\/\/yoast.com\/product\/yoast-seo-wordpress\/ -->\n<title>Laisse Urban Rope Dog Copenhagen - V\u00e9torino<\/title>\n<meta name=\"description\" content=\"La laisse The Urban Rope\u2122 de DOG Copenhagen est une laisse l\u00e9g\u00e8re et confortable de 160cm pour l\u2019utilisation quotidienne fabriqu\u00e9e en corde de nylon souple et durable. La laisse comprend une poign\u00e9e rembourr\u00e9e confortable en n\u00e9opr\u00e8ne, un accessoire en anneau D-Ring, un \u00e9l\u00e9ment r\u00e9fl\u00e9chissant 3M\u2122 efficace et un mousqueton en aluminium l\u00e9ger comportant un syst\u00e8me de verrouillage.\u00a0\u00a0\" \/>\n<meta name=\"robots\" content=\"noindex, nofollow\" \/>\n<meta property=\"og:locale\" content=\"fr_FR\" \/>\n<meta property=\"og:type\" content=\"article\" \/>\n<meta property=\"og:title\" content=\"Laisse Urban Rope Dog Copenhagen - V\u00e9torino\" \/>\n<meta property=\"og:description\" content=\"La laisse The Urban Rope\u2122 de DOG Copenhagen est une laisse l\u00e9g\u00e8re et confortable de 160cm pour l\u2019utilisation quotidienne fabriqu\u00e9e en corde de nylon souple et durable. La laisse comprend une poign\u00e9e rembourr\u00e9e confortable en n\u00e9opr\u00e8ne, un accessoire en anneau D-Ring, un \u00e9l\u00e9ment r\u00e9fl\u00e9chissant 3M\u2122 efficace et un mousqueton en aluminium l\u00e9ger comportant un syst\u00e8me de verrouillage.\u00a0\u00a0\" \/>\n<meta property=\"og:url\" content=\"https:\/\/www.vetorino.com\/veterinaire\/saintefoyleslyon-69110\/boutique\/product\/laisse-dog-copenhagen-urban-rope\/\" \/>\n<meta property=\"og:site_name\" content=\"V\u00e9torino\" \/>\n<meta property=\"article:publisher\" content=\"https:\/\/www.facebook.com\/Vetorino\/\" \/>\n<meta property=\"article:modified_time\" content=\"2026-04-04T00:14:29+00:00\" \/>\n<meta property=\"og:image\" content=\"https:\/\/www.vetorino.com\/boutique\/wp-content\/uploads\/2022\/09\/urban-rope-laisse-1.jpg\" \/>\n\t<meta property=\"og:image:width\" content=\"700\" \/>\n\t<meta property=\"og:image:height\" content=\"700\" \/>\n\t<meta property=\"og:image:type\" content=\"image\/jpeg\" \/>\n<meta name=\"twitter:card\" content=\"summary_large_image\" \/>\n<meta name=\"twitter:label1\" content=\"Disponibilit\u00e9\" \/>\n\t<meta name=\"twitter:data1\" content=\"En stock\" \/>\n<script type=\"application\/ld+json\" class=\"yoast-schema-graph\">{\"@context\":\"https:\\\/\\\/schema.org\",\"@graph\":[{\"@type\":\"WebPage\",\"@id\":\"https:\\\/\\\/www.vetorino.com\\\/boutique\\\/product\\\/laisse-dog-copenhagen-urban-rope\\\/\",\"url\":\"https:\\\/\\\/www.vetorino.com\\\/boutique\\\/product\\\/laisse-dog-copenhagen-urban-rope\\\/\",\"name\":\"Laisse Urban Rope Dog Copenhagen - V\u00e9torino\",\"isPartOf\":{\"@id\":\"https:\\\/\\\/www.vetorino.com\\\/boutique\\\/#website\"},\"primaryImageOfPage\":{\"@id\":\"https:\\\/\\\/www.vetorino.com\\\/boutique\\\/product\\\/laisse-dog-copenhagen-urban-rope\\\/#primaryimage\"},\"image\":{\"@id\":\"https:\\\/\\\/www.vetorino.com\\\/boutique\\\/product\\\/laisse-dog-copenhagen-urban-rope\\\/#primaryimage\"},\"thumbnailUrl\":\"https:\\\/\\\/www.vetorino.com\\\/boutique\\\/wp-content\\\/uploads\\\/2022\\\/09\\\/urban-rope-laisse-1.jpg\",\"datePublished\":\"2022-09-26T09:19:28+00:00\",\"dateModified\":\"2026-04-04T00:14:29+00:00\",\"description\":\"La laisse The Urban Rope\u2122 de DOG Copenhagen est une laisse l\u00e9g\u00e8re et confortable de 160cm pour l\u2019utilisation quotidienne fabriqu\u00e9e en corde de nylon souple et durable. La laisse comprend une poign\u00e9e rembourr\u00e9e confortable en n\u00e9opr\u00e8ne, un accessoire en anneau D-Ring, un \u00e9l\u00e9ment r\u00e9fl\u00e9chissant 3M\u2122 efficace et un mousqueton en aluminium l\u00e9ger comportant un syst\u00e8me de verrouillage.\u00a0\u00a0\",\"breadcrumb\":{\"@id\":\"https:\\\/\\\/www.vetorino.com\\\/boutique\\\/product\\\/laisse-dog-copenhagen-urban-rope\\\/#breadcrumb\"},\"inLanguage\":\"fr-FR\",\"potentialAction\":[{\"@type\":\"ReadAction\",\"target\":[\"https:\\\/\\\/www.vetorino.com\\\/boutique\\\/product\\\/laisse-dog-copenhagen-urban-rope\\\/\"]}]},{\"@type\":\"ImageObject\",\"inLanguage\":\"fr-FR\",\"@id\":\"https:\\\/\\\/www.vetorino.com\\\/boutique\\\/product\\\/laisse-dog-copenhagen-urban-rope\\\/#primaryimage\",\"url\":\"https:\\\/\\\/www.vetorino.com\\\/boutique\\\/wp-content\\\/uploads\\\/2022\\\/09\\\/urban-rope-laisse-1.jpg\",\"contentUrl\":\"https:\\\/\\\/www.vetorino.com\\\/boutique\\\/wp-content\\\/uploads\\\/2022\\\/09\\\/urban-rope-laisse-1.jpg\",\"width\":700,\"height\":700,\"caption\":\"laisse urban rope\"},{\"@type\":\"BreadcrumbList\",\"@id\":\"https:\\\/\\\/www.vetorino.com\\\/boutique\\\/product\\\/laisse-dog-copenhagen-urban-rope\\\/#breadcrumb\",\"itemListElement\":[{\"@type\":\"ListItem\",\"position\":1,\"name\":\"Accueil\",\"item\":\"https:\\\/\\\/www.vetorino.com\\\/boutique\\\/\"},{\"@type\":\"ListItem\",\"position\":2,\"name\":\"Produits\",\"item\":\"https:\\\/\\\/www.vetorino.com\\\/boutique\\\/\"},{\"@type\":\"ListItem\",\"position\":3,\"name\":\"Laisse Urban Rope\"}]},{\"@type\":\"WebSite\",\"@id\":\"https:\\\/\\\/www.vetorino.com\\\/boutique\\\/#website\",\"url\":\"https:\\\/\\\/www.vetorino.com\\\/boutique\\\/\",\"name\":\"V\u00e9torino\",\"description\":\"\",\"publisher\":{\"@id\":\"https:\\\/\\\/www.vetorino.com\\\/boutique\\\/#organization\"},\"potentialAction\":[{\"@type\":\"SearchAction\",\"target\":{\"@type\":\"EntryPoint\",\"urlTemplate\":\"https:\\\/\\\/www.vetorino.com\\\/boutique\\\/?s={search_term_string}\"},\"query-input\":{\"@type\":\"PropertyValueSpecification\",\"valueRequired\":true,\"valueName\":\"search_term_string\"}}],\"inLanguage\":\"fr-FR\"},{\"@type\":\"Organization\",\"@id\":\"https:\\\/\\\/www.vetorino.com\\\/boutique\\\/#organization\",\"name\":\"V\u00e9torino\",\"url\":\"https:\\\/\\\/www.vetorino.com\\\/boutique\\\/\",\"logo\":{\"@type\":\"ImageObject\",\"inLanguage\":\"fr-FR\",\"@id\":\"https:\\\/\\\/www.vetorino.com\\\/boutique\\\/#\\\/schema\\\/logo\\\/image\\\/\",\"url\":\"https:\\\/\\\/www.vetorino.com\\\/boutique\\\/wp-content\\\/uploads\\\/2024\\\/10\\\/logo.jpg\",\"contentUrl\":\"https:\\\/\\\/www.vetorino.com\\\/boutique\\\/wp-content\\\/uploads\\\/2024\\\/10\\\/logo.jpg\",\"width\":1200,\"height\":610,\"caption\":\"V\u00e9torino\"},\"image\":{\"@id\":\"https:\\\/\\\/www.vetorino.com\\\/boutique\\\/#\\\/schema\\\/logo\\\/image\\\/\"},\"sameAs\":[\"https:\\\/\\\/www.facebook.com\\\/Vetorino\\\/\",\"https:\\\/\\\/www.instagram.com\\\/vetorino_off\\\/\",\"https:\\\/\\\/www.linkedin.com\\\/company\\\/vtorino\\\/\"]}]}<\/script>\n<meta property=\"product:brand\" content=\"Dog Copenhagen\" \/>\n<meta property=\"og:availability\" content=\"instock\" \/>\n<meta property=\"product:availability\" content=\"instock\" \/>\n<meta property=\"product:condition\" content=\"new\" \/>\n<!-- \/ Yoast SEO plugin. -->","yoast_head_json":{"title":"Laisse Urban Rope Dog Copenhagen - V\u00e9torino","description":"La laisse The Urban Rope\u2122 de DOG Copenhagen est une laisse l\u00e9g\u00e8re et confortable de 160cm pour l\u2019utilisation quotidienne fabriqu\u00e9e en corde de nylon souple et durable. La laisse comprend une poign\u00e9e rembourr\u00e9e confortable en n\u00e9opr\u00e8ne, un accessoire en anneau D-Ring, un \u00e9l\u00e9ment r\u00e9fl\u00e9chissant 3M\u2122 efficace et un mousqueton en aluminium l\u00e9ger comportant un syst\u00e8me de verrouillage.\u00a0\u00a0","robots":{"index":"noindex","follow":"nofollow"},"og_locale":"fr_FR","og_type":"article","og_title":"Laisse Urban Rope Dog Copenhagen - V\u00e9torino","og_description":"La laisse The Urban Rope\u2122 de DOG Copenhagen est une laisse l\u00e9g\u00e8re et confortable de 160cm pour l\u2019utilisation quotidienne fabriqu\u00e9e en corde de nylon souple et durable. La laisse comprend une poign\u00e9e rembourr\u00e9e confortable en n\u00e9opr\u00e8ne, un accessoire en anneau D-Ring, un \u00e9l\u00e9ment r\u00e9fl\u00e9chissant 3M\u2122 efficace et un mousqueton en aluminium l\u00e9ger comportant un syst\u00e8me de verrouillage.\u00a0\u00a0","og_url":"https:\/\/www.vetorino.com\/veterinaire\/saintefoyleslyon-69110\/boutique\/product\/laisse-dog-copenhagen-urban-rope\/","og_site_name":"V\u00e9torino","article_publisher":"https:\/\/www.facebook.com\/Vetorino\/","article_modified_time":"2026-04-04T00:14:29+00:00","og_image":[{"width":700,"height":700,"url":"https:\/\/www.vetorino.com\/boutique\/wp-content\/uploads\/2022\/09\/urban-rope-laisse-1.jpg","type":"image\/jpeg"}],"twitter_card":"summary_large_image","twitter_misc":{"Disponibilit\u00e9":"En stock"},"schema":{"@context":"https:\/\/schema.org","@graph":[{"@type":"WebPage","@id":"https:\/\/www.vetorino.com\/boutique\/product\/laisse-dog-copenhagen-urban-rope\/","url":"https:\/\/www.vetorino.com\/boutique\/product\/laisse-dog-copenhagen-urban-rope\/","name":"Laisse Urban Rope Dog Copenhagen - V\u00e9torino","isPartOf":{"@id":"https:\/\/www.vetorino.com\/boutique\/#website"},"primaryImageOfPage":{"@id":"https:\/\/www.vetorino.com\/boutique\/product\/laisse-dog-copenhagen-urban-rope\/#primaryimage"},"image":{"@id":"https:\/\/www.vetorino.com\/boutique\/product\/laisse-dog-copenhagen-urban-rope\/#primaryimage"},"thumbnailUrl":"https:\/\/www.vetorino.com\/boutique\/wp-content\/uploads\/2022\/09\/urban-rope-laisse-1.jpg","datePublished":"2022-09-26T09:19:28+00:00","dateModified":"2026-04-04T00:14:29+00:00","description":"La laisse The Urban Rope\u2122 de DOG Copenhagen est une laisse l\u00e9g\u00e8re et confortable de 160cm pour l\u2019utilisation quotidienne fabriqu\u00e9e en corde de nylon souple et durable. La laisse comprend une poign\u00e9e rembourr\u00e9e confortable en n\u00e9opr\u00e8ne, un accessoire en anneau D-Ring, un \u00e9l\u00e9ment r\u00e9fl\u00e9chissant 3M\u2122 efficace et un mousqueton en aluminium l\u00e9ger comportant un syst\u00e8me de verrouillage.\u00a0\u00a0","breadcrumb":{"@id":"https:\/\/www.vetorino.com\/boutique\/product\/laisse-dog-copenhagen-urban-rope\/#breadcrumb"},"inLanguage":"fr-FR","potentialAction":[{"@type":"ReadAction","target":["https:\/\/www.vetorino.com\/boutique\/product\/laisse-dog-copenhagen-urban-rope\/"]}]},{"@type":"ImageObject","inLanguage":"fr-FR","@id":"https:\/\/www.vetorino.com\/boutique\/product\/laisse-dog-copenhagen-urban-rope\/#primaryimage","url":"https:\/\/www.vetorino.com\/boutique\/wp-content\/uploads\/2022\/09\/urban-rope-laisse-1.jpg","contentUrl":"https:\/\/www.vetorino.com\/boutique\/wp-content\/uploads\/2022\/09\/urban-rope-laisse-1.jpg","width":700,"height":700,"caption":"laisse urban rope"},{"@type":"BreadcrumbList","@id":"https:\/\/www.vetorino.com\/boutique\/product\/laisse-dog-copenhagen-urban-rope\/#breadcrumb","itemListElement":[{"@type":"ListItem","position":1,"name":"Accueil","item":"https:\/\/www.vetorino.com\/boutique\/"},{"@type":"ListItem","position":2,"name":"Produits","item":"https:\/\/www.vetorino.com\/boutique\/"},{"@type":"ListItem","position":3,"name":"Laisse Urban Rope"}]},{"@type":"WebSite","@id":"https:\/\/www.vetorino.com\/boutique\/#website","url":"https:\/\/www.vetorino.com\/boutique\/","name":"V\u00e9torino","description":"","publisher":{"@id":"https:\/\/www.vetorino.com\/boutique\/#organization"},"potentialAction":[{"@type":"SearchAction","target":{"@type":"EntryPoint","urlTemplate":"https:\/\/www.vetorino.com\/boutique\/?s={search_term_string}"},"query-input":{"@type":"PropertyValueSpecification","valueRequired":true,"valueName":"search_term_string"}}],"inLanguage":"fr-FR"},{"@type":"Organization","@id":"https:\/\/www.vetorino.com\/boutique\/#organization","name":"V\u00e9torino","url":"https:\/\/www.vetorino.com\/boutique\/","logo":{"@type":"ImageObject","inLanguage":"fr-FR","@id":"https:\/\/www.vetorino.com\/boutique\/#\/schema\/logo\/image\/","url":"https:\/\/www.vetorino.com\/boutique\/wp-content\/uploads\/2024\/10\/logo.jpg","contentUrl":"https:\/\/www.vetorino.com\/boutique\/wp-content\/uploads\/2024\/10\/logo.jpg","width":1200,"height":610,"caption":"V\u00e9torino"},"image":{"@id":"https:\/\/www.vetorino.com\/boutique\/#\/schema\/logo\/image\/"},"sameAs":["https:\/\/www.facebook.com\/Vetorino\/","https:\/\/www.instagram.com\/vetorino_off\/","https:\/\/www.linkedin.com\/company\/vtorino\/"]}]},"product_brand":"Dog Copenhagen","og_availability":"instock","product_availability":"instock","product_condition":"new"},"_links":{"self":[{"href":"https:\/\/www.vetorino.com\/veterinaire\/saintefoyleslyon-69110\/boutique\/wp-json\/wp\/v2\/product\/482742","targetHints":{"allow":["GET"]}}],"collection":[{"href":"https:\/\/www.vetorino.com\/veterinaire\/saintefoyleslyon-69110\/boutique\/wp-json\/wp\/v2\/product"}],"about":[{"href":"https:\/\/www.vetorino.com\/veterinaire\/saintefoyleslyon-69110\/boutique\/wp-json\/wp\/v2\/types\/product"}],"wp:featuredmedia":[{"embeddable":true,"href":"https:\/\/www.vetorino.com\/veterinaire\/saintefoyleslyon-69110\/boutique\/wp-json\/wp\/v2\/media\/482756"}],"wp:attachment":[{"href":"https:\/\/www.vetorino.com\/veterinaire\/saintefoyleslyon-69110\/boutique\/wp-json\/wp\/v2\/media?parent=482742"}],"wp:term":[{"taxonomy":"product_cat","embeddable":true,"href":"https:\/\/www.vetorino.com\/veterinaire\/saintefoyleslyon-69110\/boutique\/wp-json\/wp\/v2\/product_cat?post=482742"},{"taxonomy":"product_tag","embeddable":true,"href":"https:\/\/www.vetorino.com\/veterinaire\/saintefoyleslyon-69110\/boutique\/wp-json\/wp\/v2\/product_tag?post=482742"}],"curies":[{"name":"wp","href":"https:\/\/api.w.org\/{rel}","templated":true}]}}