{"id":545926,"date":"2023-01-24T10:34:17","date_gmt":"2023-01-24T09:34:17","guid":{"rendered":"https:\/\/www.vetorino.com\/boutique\/product\/vet-essentials-chat-multi-benefit-weight-young-adult-poul\/"},"modified":"2026-01-27T02:42:15","modified_gmt":"2026-01-27T01:42:15","slug":"vet-essentials-chat-multi-benefit-weight-young-adult-poul","status":"publish","type":"product","link":"https:\/\/www.vetorino.com\/veterinaire\/saintefoyleslyon-69110\/boutique\/product\/vet-essentials-chat-multi-benefit-weight-young-adult-poul\/","title":{"rendered":"Chat Multi-Benefit + Weight Young Adult"},"content":{"rendered":"<p><strong>Croquettes au Poulet pour jeunes Chats adultes st\u00e9rilis\u00e9s. Formul\u00e9es avec une Technologie de gestion du poids pour aider \u00e0 maintenir un poids optimal et favoriser la sant\u00e9 des organes vitaux et de l&#8217;appareil urinaire.<\/strong><\/p>\n<p><strong>Utilisation :<\/strong><\/p>\n<ul>\n<li>Jeunes chats adultes st\u00e9rilis\u00e9s<\/li>\n<li>De la st\u00e9rilisation aux 6 ans<\/li>\n<\/ul>\n<p><strong>Contre indications :<\/strong><\/p>\n<ul>\n<li>Chatons de moins de 6 mois.<\/li>\n<li>Chattes gestantes ou allaitantes.<\/li>\n<\/ul>\n<p><strong>Bienfaits essentiels :<\/strong><\/p>\n<ul>\n<li><strong>Gestion du poids<\/strong> : Aide votre chat st\u00e9rilis\u00e9 \u00e0 atteindre et maintenir un poids optimal gr\u00e2ce \u00e0 un m\u00e9lange unique d&#8217;ingr\u00e9dients et une faible teneur en graisses prouv\u00e9s pour favoriser la combustion des graisses.<\/li>\n<li>Soutient un <strong>syst\u00e8me urinaire sain<\/strong> gr\u00e2ce \u00e0 des teneurs contr\u00f4l\u00e9es en magn\u00e9sium, phosphore et calcium.<\/li>\n<li>Soutien du Syst\u00e8me Immunitaire : Soutient le vieillissement de votre chat gr\u00e2ce \u00e0 des <strong>antioxydants<\/strong> cliniquement prouv\u00e9s.<\/li>\n<li>Formul\u00e9 pour maintenir une <strong>digestion saine<\/strong> et des<strong> selles fermes.<\/strong><\/li>\n<li>Favorise une <strong>peau et un pelage sains<\/strong> pour des c\u00e2lins extra doux, avec des om\u00e9ga-6 nourrissants.<\/li>\n<li><strong>Garantie 100% rembours\u00e9<\/strong> : Votre animal est satisfait ou vous \u00eates rembours\u00e9.<\/li>\n<\/ul>\n","protected":false},"excerpt":{"rendered":"<div><strong><strong>Nutrition de pointe \u00e0 l&#8217;efficacit\u00e9 prouv\u00e9e pour maintenir la ligne et la bonne sant\u00e9 de votre chat st\u00e9rilis\u00e9, avec des apports contr\u00f4l\u00e9s de min\u00e9raux pour une bonne sant\u00e9 urinaire pr\u00e9ventive.<br \/>\n<\/strong><\/strong><strong>Utilisation :<\/strong><\/p>\n<ul>\n<li>Entretien du chat st\u00e9rilis\u00e9 en bonne sant\u00e9<\/li>\n<\/ul>\n<\/div>\n","protected":false},"featured_media":983043,"template":"","meta":[],"product_cat":[12551,12583,2697],"product_tag":[],"class_list":{"0":"post-545926","1":"product","2":"type-product","3":"status-publish","4":"has-post-thumbnail","6":"product_cat-alimentation-du-chat","7":"product_cat-alimentation-premium-pour-chat","8":"product_cat-chat","9":"pa_marque-hills-pet-nutrition","11":"first","12":"instock","13":"taxable","14":"shipping-taxable","15":"purchasable","16":"product-type-variable"},"yoast_head":"<!-- This site is optimized with the Yoast SEO plugin v27.3 - https:\/\/yoast.com\/product\/yoast-seo-wordpress\/ -->\n<title>Vetessentials (Hill&#039;s) Chat Multi-Benefit + Weight Young Adult Hill&#039;s - V\u00e9torino<\/title>\n<meta name=\"description\" content=\"Nutrition de pointe \u00e0 l&#039;efficacit\u00e9 prouv\u00e9e pour maintenir la ligne et la bonne sant\u00e9 de votre chat st\u00e9rilis\u00e9, avec des apports contr\u00f4l\u00e9s de min\u00e9raux pour une bonne sant\u00e9 urinaire pr\u00e9ventive. Utilisation :   Entretien du chat st\u00e9rilis\u00e9 en bonne sant\u00e9\" \/>\n<meta name=\"robots\" content=\"noindex, nofollow\" \/>\n<meta property=\"og:locale\" content=\"fr_FR\" \/>\n<meta property=\"og:type\" content=\"article\" \/>\n<meta property=\"og:title\" content=\"Vetessentials (Hill&#039;s) Chat Multi-Benefit + Weight Young Adult Hill&#039;s - V\u00e9torino\" \/>\n<meta property=\"og:description\" content=\"Nutrition de pointe \u00e0 l&#039;efficacit\u00e9 prouv\u00e9e pour maintenir la ligne et la bonne sant\u00e9 de votre chat st\u00e9rilis\u00e9, avec des apports contr\u00f4l\u00e9s de min\u00e9raux pour une bonne sant\u00e9 urinaire pr\u00e9ventive. Utilisation :   Entretien du chat st\u00e9rilis\u00e9 en bonne sant\u00e9\" \/>\n<meta property=\"og:url\" content=\"https:\/\/www.vetorino.com\/veterinaire\/saintefoyleslyon-69110\/boutique\/product\/vet-essentials-chat-multi-benefit-weight-young-adult-poul\/\" \/>\n<meta property=\"og:site_name\" content=\"V\u00e9torino\" \/>\n<meta property=\"article:publisher\" content=\"https:\/\/www.facebook.com\/Vetorino\/\" \/>\n<meta property=\"article:modified_time\" content=\"2026-01-27T01:42:15+00:00\" \/>\n<meta property=\"og:image\" content=\"https:\/\/www.vetorino.com\/boutique\/wp-content\/uploads\/2020\/11\/chat-multi-benefit-weight-young-adult-poulet.jpg\" \/>\n\t<meta property=\"og:image:width\" content=\"800\" \/>\n\t<meta property=\"og:image:height\" content=\"800\" \/>\n\t<meta property=\"og:image:type\" content=\"image\/jpeg\" \/>\n<meta name=\"twitter:card\" content=\"summary_large_image\" \/>\n<meta name=\"twitter:label1\" content=\"Disponibilit\u00e9\" \/>\n\t<meta name=\"twitter:data1\" content=\"En stock\" \/>\n<script type=\"application\/ld+json\" class=\"yoast-schema-graph\">{\"@context\":\"https:\\\/\\\/schema.org\",\"@graph\":[{\"@type\":\"WebPage\",\"@id\":\"https:\\\/\\\/www.vetorino.com\\\/veterinaire\\\/briancon-05100\\\/boutique\\\/product\\\/vet-essentials-chat-multi-benefit-weight-young-adult-poul\\\/\",\"url\":\"https:\\\/\\\/www.vetorino.com\\\/veterinaire\\\/briancon-05100\\\/boutique\\\/product\\\/vet-essentials-chat-multi-benefit-weight-young-adult-poul\\\/\",\"name\":\"Vetessentials (Hill's) Chat Multi-Benefit + Weight Young Adult Hill's - V\u00e9torino\",\"isPartOf\":{\"@id\":\"https:\\\/\\\/www.vetorino.com\\\/boutique\\\/#website\"},\"primaryImageOfPage\":{\"@id\":\"https:\\\/\\\/www.vetorino.com\\\/veterinaire\\\/briancon-05100\\\/boutique\\\/product\\\/vet-essentials-chat-multi-benefit-weight-young-adult-poul\\\/#primaryimage\"},\"image\":{\"@id\":\"https:\\\/\\\/www.vetorino.com\\\/veterinaire\\\/briancon-05100\\\/boutique\\\/product\\\/vet-essentials-chat-multi-benefit-weight-young-adult-poul\\\/#primaryimage\"},\"thumbnailUrl\":\"https:\\\/\\\/www.vetorino.com\\\/boutique\\\/wp-content\\\/uploads\\\/2020\\\/11\\\/chat-multi-benefit-weight-young-adult-poulet.webp\",\"datePublished\":\"2023-01-24T09:34:17+00:00\",\"dateModified\":\"2026-01-27T01:42:15+00:00\",\"description\":\"Nutrition de pointe \u00e0 l'efficacit\u00e9 prouv\u00e9e pour maintenir la ligne et la bonne sant\u00e9 de votre chat st\u00e9rilis\u00e9, avec des apports contr\u00f4l\u00e9s de min\u00e9raux pour une bonne sant\u00e9 urinaire pr\u00e9ventive. Utilisation : Entretien du chat st\u00e9rilis\u00e9 en bonne sant\u00e9\",\"breadcrumb\":{\"@id\":\"https:\\\/\\\/www.vetorino.com\\\/veterinaire\\\/briancon-05100\\\/boutique\\\/product\\\/vet-essentials-chat-multi-benefit-weight-young-adult-poul\\\/#breadcrumb\"},\"inLanguage\":\"fr-FR\",\"potentialAction\":[{\"@type\":\"ReadAction\",\"target\":[\"https:\\\/\\\/www.vetorino.com\\\/veterinaire\\\/briancon-05100\\\/boutique\\\/product\\\/vet-essentials-chat-multi-benefit-weight-young-adult-poul\\\/\"]}]},{\"@type\":\"ImageObject\",\"inLanguage\":\"fr-FR\",\"@id\":\"https:\\\/\\\/www.vetorino.com\\\/veterinaire\\\/briancon-05100\\\/boutique\\\/product\\\/vet-essentials-chat-multi-benefit-weight-young-adult-poul\\\/#primaryimage\",\"url\":\"https:\\\/\\\/www.vetorino.com\\\/boutique\\\/wp-content\\\/uploads\\\/2020\\\/11\\\/chat-multi-benefit-weight-young-adult-poulet.webp\",\"contentUrl\":\"https:\\\/\\\/www.vetorino.com\\\/boutique\\\/wp-content\\\/uploads\\\/2020\\\/11\\\/chat-multi-benefit-weight-young-adult-poulet.webp\",\"width\":540,\"height\":540},{\"@type\":\"BreadcrumbList\",\"@id\":\"https:\\\/\\\/www.vetorino.com\\\/veterinaire\\\/briancon-05100\\\/boutique\\\/product\\\/vet-essentials-chat-multi-benefit-weight-young-adult-poul\\\/#breadcrumb\",\"itemListElement\":[{\"@type\":\"ListItem\",\"position\":1,\"name\":\"Accueil\",\"item\":\"https:\\\/\\\/www.vetorino.com\\\/boutique\\\/\"},{\"@type\":\"ListItem\",\"position\":2,\"name\":\"Produits\",\"item\":\"https:\\\/\\\/www.vetorino.com\\\/boutique\\\/\"},{\"@type\":\"ListItem\",\"position\":3,\"name\":\"Chat Multi-Benefit + Weight Young Adult\"}]},{\"@type\":\"WebSite\",\"@id\":\"https:\\\/\\\/www.vetorino.com\\\/boutique\\\/#website\",\"url\":\"https:\\\/\\\/www.vetorino.com\\\/boutique\\\/\",\"name\":\"V\u00e9torino\",\"description\":\"\",\"publisher\":{\"@id\":\"https:\\\/\\\/www.vetorino.com\\\/boutique\\\/#organization\"},\"potentialAction\":[{\"@type\":\"SearchAction\",\"target\":{\"@type\":\"EntryPoint\",\"urlTemplate\":\"https:\\\/\\\/www.vetorino.com\\\/boutique\\\/?s={search_term_string}\"},\"query-input\":{\"@type\":\"PropertyValueSpecification\",\"valueRequired\":true,\"valueName\":\"search_term_string\"}}],\"inLanguage\":\"fr-FR\"},{\"@type\":\"Organization\",\"@id\":\"https:\\\/\\\/www.vetorino.com\\\/boutique\\\/#organization\",\"name\":\"V\u00e9torino\",\"url\":\"https:\\\/\\\/www.vetorino.com\\\/boutique\\\/\",\"logo\":{\"@type\":\"ImageObject\",\"inLanguage\":\"fr-FR\",\"@id\":\"https:\\\/\\\/www.vetorino.com\\\/boutique\\\/#\\\/schema\\\/logo\\\/image\\\/\",\"url\":\"https:\\\/\\\/www.vetorino.com\\\/boutique\\\/wp-content\\\/uploads\\\/2024\\\/10\\\/logo.jpg\",\"contentUrl\":\"https:\\\/\\\/www.vetorino.com\\\/boutique\\\/wp-content\\\/uploads\\\/2024\\\/10\\\/logo.jpg\",\"width\":1200,\"height\":610,\"caption\":\"V\u00e9torino\"},\"image\":{\"@id\":\"https:\\\/\\\/www.vetorino.com\\\/boutique\\\/#\\\/schema\\\/logo\\\/image\\\/\"},\"sameAs\":[\"https:\\\/\\\/www.facebook.com\\\/Vetorino\\\/\",\"https:\\\/\\\/www.instagram.com\\\/vetorino_off\\\/\",\"https:\\\/\\\/www.linkedin.com\\\/company\\\/vtorino\\\/\"]}]}<\/script>\n<meta property=\"product:brand\" content=\"Hill&#039;s\" \/>\n<meta property=\"og:availability\" content=\"instock\" \/>\n<meta property=\"product:availability\" content=\"instock\" \/>\n<meta property=\"product:condition\" content=\"new\" \/>\n<!-- \/ Yoast SEO plugin. -->","yoast_head_json":{"title":"Vetessentials (Hill's) Chat Multi-Benefit + Weight Young Adult Hill's - V\u00e9torino","description":"Nutrition de pointe \u00e0 l'efficacit\u00e9 prouv\u00e9e pour maintenir la ligne et la bonne sant\u00e9 de votre chat st\u00e9rilis\u00e9, avec des apports contr\u00f4l\u00e9s de min\u00e9raux pour une bonne sant\u00e9 urinaire pr\u00e9ventive. Utilisation :   Entretien du chat st\u00e9rilis\u00e9 en bonne sant\u00e9","robots":{"index":"noindex","follow":"nofollow"},"og_locale":"fr_FR","og_type":"article","og_title":"Vetessentials (Hill's) Chat Multi-Benefit + Weight Young Adult Hill's - V\u00e9torino","og_description":"Nutrition de pointe \u00e0 l'efficacit\u00e9 prouv\u00e9e pour maintenir la ligne et la bonne sant\u00e9 de votre chat st\u00e9rilis\u00e9, avec des apports contr\u00f4l\u00e9s de min\u00e9raux pour une bonne sant\u00e9 urinaire pr\u00e9ventive. Utilisation :   Entretien du chat st\u00e9rilis\u00e9 en bonne sant\u00e9","og_url":"https:\/\/www.vetorino.com\/veterinaire\/saintefoyleslyon-69110\/boutique\/product\/vet-essentials-chat-multi-benefit-weight-young-adult-poul\/","og_site_name":"V\u00e9torino","article_publisher":"https:\/\/www.facebook.com\/Vetorino\/","article_modified_time":"2026-01-27T01:42:15+00:00","og_image":[{"width":800,"height":800,"url":"https:\/\/www.vetorino.com\/boutique\/wp-content\/uploads\/2020\/11\/chat-multi-benefit-weight-young-adult-poulet.jpg","type":"image\/jpeg"}],"twitter_card":"summary_large_image","twitter_misc":{"Disponibilit\u00e9":"En stock"},"schema":{"@context":"https:\/\/schema.org","@graph":[{"@type":"WebPage","@id":"https:\/\/www.vetorino.com\/veterinaire\/briancon-05100\/boutique\/product\/vet-essentials-chat-multi-benefit-weight-young-adult-poul\/","url":"https:\/\/www.vetorino.com\/veterinaire\/briancon-05100\/boutique\/product\/vet-essentials-chat-multi-benefit-weight-young-adult-poul\/","name":"Vetessentials (Hill's) Chat Multi-Benefit + Weight Young Adult Hill's - V\u00e9torino","isPartOf":{"@id":"https:\/\/www.vetorino.com\/boutique\/#website"},"primaryImageOfPage":{"@id":"https:\/\/www.vetorino.com\/veterinaire\/briancon-05100\/boutique\/product\/vet-essentials-chat-multi-benefit-weight-young-adult-poul\/#primaryimage"},"image":{"@id":"https:\/\/www.vetorino.com\/veterinaire\/briancon-05100\/boutique\/product\/vet-essentials-chat-multi-benefit-weight-young-adult-poul\/#primaryimage"},"thumbnailUrl":"https:\/\/www.vetorino.com\/boutique\/wp-content\/uploads\/2020\/11\/chat-multi-benefit-weight-young-adult-poulet.webp","datePublished":"2023-01-24T09:34:17+00:00","dateModified":"2026-01-27T01:42:15+00:00","description":"Nutrition de pointe \u00e0 l'efficacit\u00e9 prouv\u00e9e pour maintenir la ligne et la bonne sant\u00e9 de votre chat st\u00e9rilis\u00e9, avec des apports contr\u00f4l\u00e9s de min\u00e9raux pour une bonne sant\u00e9 urinaire pr\u00e9ventive. Utilisation : Entretien du chat st\u00e9rilis\u00e9 en bonne sant\u00e9","breadcrumb":{"@id":"https:\/\/www.vetorino.com\/veterinaire\/briancon-05100\/boutique\/product\/vet-essentials-chat-multi-benefit-weight-young-adult-poul\/#breadcrumb"},"inLanguage":"fr-FR","potentialAction":[{"@type":"ReadAction","target":["https:\/\/www.vetorino.com\/veterinaire\/briancon-05100\/boutique\/product\/vet-essentials-chat-multi-benefit-weight-young-adult-poul\/"]}]},{"@type":"ImageObject","inLanguage":"fr-FR","@id":"https:\/\/www.vetorino.com\/veterinaire\/briancon-05100\/boutique\/product\/vet-essentials-chat-multi-benefit-weight-young-adult-poul\/#primaryimage","url":"https:\/\/www.vetorino.com\/boutique\/wp-content\/uploads\/2020\/11\/chat-multi-benefit-weight-young-adult-poulet.webp","contentUrl":"https:\/\/www.vetorino.com\/boutique\/wp-content\/uploads\/2020\/11\/chat-multi-benefit-weight-young-adult-poulet.webp","width":540,"height":540},{"@type":"BreadcrumbList","@id":"https:\/\/www.vetorino.com\/veterinaire\/briancon-05100\/boutique\/product\/vet-essentials-chat-multi-benefit-weight-young-adult-poul\/#breadcrumb","itemListElement":[{"@type":"ListItem","position":1,"name":"Accueil","item":"https:\/\/www.vetorino.com\/boutique\/"},{"@type":"ListItem","position":2,"name":"Produits","item":"https:\/\/www.vetorino.com\/boutique\/"},{"@type":"ListItem","position":3,"name":"Chat Multi-Benefit + Weight Young Adult"}]},{"@type":"WebSite","@id":"https:\/\/www.vetorino.com\/boutique\/#website","url":"https:\/\/www.vetorino.com\/boutique\/","name":"V\u00e9torino","description":"","publisher":{"@id":"https:\/\/www.vetorino.com\/boutique\/#organization"},"potentialAction":[{"@type":"SearchAction","target":{"@type":"EntryPoint","urlTemplate":"https:\/\/www.vetorino.com\/boutique\/?s={search_term_string}"},"query-input":{"@type":"PropertyValueSpecification","valueRequired":true,"valueName":"search_term_string"}}],"inLanguage":"fr-FR"},{"@type":"Organization","@id":"https:\/\/www.vetorino.com\/boutique\/#organization","name":"V\u00e9torino","url":"https:\/\/www.vetorino.com\/boutique\/","logo":{"@type":"ImageObject","inLanguage":"fr-FR","@id":"https:\/\/www.vetorino.com\/boutique\/#\/schema\/logo\/image\/","url":"https:\/\/www.vetorino.com\/boutique\/wp-content\/uploads\/2024\/10\/logo.jpg","contentUrl":"https:\/\/www.vetorino.com\/boutique\/wp-content\/uploads\/2024\/10\/logo.jpg","width":1200,"height":610,"caption":"V\u00e9torino"},"image":{"@id":"https:\/\/www.vetorino.com\/boutique\/#\/schema\/logo\/image\/"},"sameAs":["https:\/\/www.facebook.com\/Vetorino\/","https:\/\/www.instagram.com\/vetorino_off\/","https:\/\/www.linkedin.com\/company\/vtorino\/"]}]},"product_brand":"Hill's","og_availability":"instock","product_availability":"instock","product_condition":"new"},"_links":{"self":[{"href":"https:\/\/www.vetorino.com\/veterinaire\/saintefoyleslyon-69110\/boutique\/wp-json\/wp\/v2\/product\/545926","targetHints":{"allow":["GET"]}}],"collection":[{"href":"https:\/\/www.vetorino.com\/veterinaire\/saintefoyleslyon-69110\/boutique\/wp-json\/wp\/v2\/product"}],"about":[{"href":"https:\/\/www.vetorino.com\/veterinaire\/saintefoyleslyon-69110\/boutique\/wp-json\/wp\/v2\/types\/product"}],"wp:featuredmedia":[{"embeddable":true,"href":"https:\/\/www.vetorino.com\/veterinaire\/saintefoyleslyon-69110\/boutique\/wp-json\/wp\/v2\/media\/983043"}],"wp:attachment":[{"href":"https:\/\/www.vetorino.com\/veterinaire\/saintefoyleslyon-69110\/boutique\/wp-json\/wp\/v2\/media?parent=545926"}],"wp:term":[{"taxonomy":"product_cat","embeddable":true,"href":"https:\/\/www.vetorino.com\/veterinaire\/saintefoyleslyon-69110\/boutique\/wp-json\/wp\/v2\/product_cat?post=545926"},{"taxonomy":"product_tag","embeddable":true,"href":"https:\/\/www.vetorino.com\/veterinaire\/saintefoyleslyon-69110\/boutique\/wp-json\/wp\/v2\/product_tag?post=545926"}],"curies":[{"name":"wp","href":"https:\/\/api.w.org\/{rel}","templated":true}]}}