{"id":549782,"date":"2023-01-31T12:23:10","date_gmt":"2023-01-31T11:23:10","guid":{"rendered":"https:\/\/www.vetorino.com\/boutique\/product\/distributeur-automatique-deau-felaqua-connect\/"},"modified":"2026-01-02T17:33:09","modified_gmt":"2026-01-02T16:33:09","slug":"distributeur-automatique-deau-felaqua-connect","status":"publish","type":"product","link":"https:\/\/www.vetorino.com\/veterinaire\/saintefoyleslyon-69110\/boutique\/product\/distributeur-automatique-deau-felaqua-connect\/","title":{"rendered":"Distributeur automatique d&#8217;eau Felaqua Connect"},"content":{"rendered":"<p>Le distributeur d&#8217;eau Felaqua <strong>Connect<\/strong> distribue de l&#8217;<strong>eau fra\u00eeche<\/strong> et permet <strong>d&#8217;analyser le comportement de votre chat<\/strong> gr\u00e2ce \u00e0 son application connect\u00e9e.<br \/>\nCon\u00e7u avec des v\u00e9t\u00e9rinaires comportementalistes, il encourage votre chat \u00e0 boire et vous donne des informations sur son comportement, soulignant des changements qui pourraient passer inaper\u00e7us.<\/p>\n<ul>\n<li>Felaqua Connect est en acc\u00e8s libre et peut \u00eatre utilis\u00e9 par n&#8217;importe quel animal. Le lecteur int\u00e9gr\u00e9 reconna\u00eet les puces de vos animaux (ou du m\u00e9daillon RFID vendu s\u00e9par\u00e9ment) pour surveiller leur consommation d&#8217;eau.<\/li>\n<li>Vous pourrez enregistrer jusqu&#8217;\u00e0 32 chats.<\/li>\n<li>Utilis\u00e9 avec l&#8217;appli Sure Petcare, Felaqua Connect vous indique \u00e0 quelle fr\u00e9quence, quand et combien votre chat boit.<\/li>\n<li>Son design Cat Friendly offre un bol large et peu profond pr\u00e9sentant l&#8217;eau d&#8217;une mani\u00e8re plus visible et plus attrayante pour votre animal.<\/li>\n<li>Une fois que votre chat a bu, le bol se remplit automatiquement gr\u00e2ce au r\u00e9servoir. L&#8217;eau ne recircule pas, elle est propre et fra\u00eeche.<\/li>\n<li>L&#8217;appli vous envoie une notification lorsque l&#8217;eau doit \u00eatre chang\u00e9e.<\/li>\n<li>Fonctionne avec des piles, pas de c\u00e2bles qui tra\u00eenent, de pompes bruyantes ou de filtres on\u00e9reux.<\/li>\n<li>Felaqua Connect se synchronise \u00e0 l&#8217;appli Sure Petcare gr\u00e2ce au Hub (vendu s\u00e9par\u00e9ment) qui est reli\u00e9 \u00e0 votre routeur internet. Il peut connecter jusqu&#8217;\u00e0 10 produits Connect Sure Petcare, tels que la Chati\u00e8re Connect ou le Distributeur Connect.<\/li>\n<li>T\u00e9l\u00e9chargez l&#8217;application, compatibilit\u00e9 iOS 11 et Android 5.0, associez le Hub et Felaqua Connect, puis suivez le guide sur votre l&#8217;\u00e9cran.<\/li>\n<li>Si vous poss\u00e9dez d\u00e9j\u00e0 un produit Connect, ajoutez simplement Felaqua \u00e0 votre foyer.<\/li>\n<li>Placez-le dans un endroit calme et peu fr\u00e9quent\u00e9 afin d\u2019encourager votre chat \u00e0 y boire.<\/li>\n<\/ul>\n","protected":false},"excerpt":{"rendered":"<p>Le distributeur d&#8217;eau Felaqua <strong>Connect<\/strong> distribue de l&#8217;<strong>eau fra\u00eeche<\/strong> et permet <strong>d&#8217;analyser le comportement de votre chat<\/strong> gr\u00e2ce \u00e0 son application connect\u00e9e.<br \/>\nCon\u00e7u avec des v\u00e9t\u00e9rinaires comportementalistes, il encourage votre chat \u00e0 boire et vous donne des informations sur son comportement, soulignant des changements qui pourraient passer inaper\u00e7us.<\/p>\n","protected":false},"featured_media":915259,"template":"","meta":[],"product_cat":[2697,12595,12601,12606],"product_tag":[],"class_list":{"0":"post-549782","1":"product","2":"type-product","3":"status-publish","4":"has-post-thumbnail","6":"product_cat-chat","7":"product_cat-confort-du-chat","8":"product_cat-deshydratation-du-chat","9":"product_cat-gamelles-pour-chat","11":"first","12":"instock","13":"taxable","14":"shipping-taxable","15":"purchasable","16":"product-type-simple"},"yoast_head":"<!-- This site is optimized with the Yoast SEO plugin v27.3 - https:\/\/yoast.com\/product\/yoast-seo-wordpress\/ -->\n<title>Distributeur automatique d&#039;eau Felaqua Connect - V\u00e9torino<\/title>\n<meta name=\"description\" content=\"Le distributeur d&#039;eau Felaqua Connect distribue de l&#039;eau fra\u00eeche et permet d&#039;analyser le comportement de votre chat gr\u00e2ce \u00e0 son application connect\u00e9e. Con\u00e7u avec des v\u00e9t\u00e9rinaires comportementalistes, il encourage votre chat \u00e0 boire et vous donne des informations sur son comportement, soulignant des changements qui pourraient passer inaper\u00e7us.\" \/>\n<meta name=\"robots\" content=\"noindex, nofollow\" \/>\n<meta property=\"og:locale\" content=\"fr_FR\" \/>\n<meta property=\"og:type\" content=\"article\" \/>\n<meta property=\"og:title\" content=\"Distributeur automatique d&#039;eau Felaqua Connect - V\u00e9torino\" \/>\n<meta property=\"og:description\" content=\"Le distributeur d&#039;eau Felaqua Connect distribue de l&#039;eau fra\u00eeche et permet d&#039;analyser le comportement de votre chat gr\u00e2ce \u00e0 son application connect\u00e9e. Con\u00e7u avec des v\u00e9t\u00e9rinaires comportementalistes, il encourage votre chat \u00e0 boire et vous donne des informations sur son comportement, soulignant des changements qui pourraient passer inaper\u00e7us.\" \/>\n<meta property=\"og:url\" content=\"https:\/\/www.vetorino.com\/veterinaire\/saintefoyleslyon-69110\/boutique\/product\/distributeur-automatique-deau-felaqua-connect\/\" \/>\n<meta property=\"og:site_name\" content=\"V\u00e9torino\" \/>\n<meta property=\"article:publisher\" content=\"https:\/\/www.facebook.com\/Vetorino\/\" \/>\n<meta property=\"article:modified_time\" content=\"2026-01-02T16:33:09+00:00\" \/>\n<meta property=\"og:image\" content=\"https:\/\/www.vetorino.com\/boutique\/wp-content\/uploads\/2023\/01\/2.webp\" \/>\n\t<meta property=\"og:image:width\" content=\"800\" \/>\n\t<meta property=\"og:image:height\" content=\"800\" \/>\n\t<meta property=\"og:image:type\" content=\"image\/webp\" \/>\n<meta name=\"twitter:card\" content=\"summary_large_image\" \/>\n<meta name=\"twitter:label1\" content=\"Prix\" \/>\n\t<meta name=\"twitter:data1\" content=\"138,53&euro;\" \/>\n\t<meta name=\"twitter:label2\" content=\"Disponibilit\u00e9\" \/>\n\t<meta name=\"twitter:data2\" content=\"En stock\" \/>\n<script type=\"application\/ld+json\" class=\"yoast-schema-graph\">{\"@context\":\"https:\\\/\\\/schema.org\",\"@graph\":[{\"@type\":\"WebPage\",\"@id\":\"https:\\\/\\\/www.vetorino.com\\\/boutique\\\/product\\\/distributeur-automatique-deau-felaqua-connect\\\/\",\"url\":\"https:\\\/\\\/www.vetorino.com\\\/boutique\\\/product\\\/distributeur-automatique-deau-felaqua-connect\\\/\",\"name\":\"Distributeur automatique d'eau Felaqua Connect - V\u00e9torino\",\"isPartOf\":{\"@id\":\"https:\\\/\\\/www.vetorino.com\\\/boutique\\\/#website\"},\"primaryImageOfPage\":{\"@id\":\"https:\\\/\\\/www.vetorino.com\\\/boutique\\\/product\\\/distributeur-automatique-deau-felaqua-connect\\\/#primaryimage\"},\"image\":{\"@id\":\"https:\\\/\\\/www.vetorino.com\\\/boutique\\\/product\\\/distributeur-automatique-deau-felaqua-connect\\\/#primaryimage\"},\"thumbnailUrl\":\"https:\\\/\\\/www.vetorino.com\\\/boutique\\\/wp-content\\\/uploads\\\/2023\\\/01\\\/2.webp\",\"datePublished\":\"2023-01-31T11:23:10+00:00\",\"dateModified\":\"2026-01-02T16:33:09+00:00\",\"description\":\"Le distributeur d'eau Felaqua Connect distribue de l'eau fra\u00eeche et permet d'analyser le comportement de votre chat gr\u00e2ce \u00e0 son application connect\u00e9e. Con\u00e7u avec des v\u00e9t\u00e9rinaires comportementalistes, il encourage votre chat \u00e0 boire et vous donne des informations sur son comportement, soulignant des changements qui pourraient passer inaper\u00e7us.\",\"breadcrumb\":{\"@id\":\"https:\\\/\\\/www.vetorino.com\\\/boutique\\\/product\\\/distributeur-automatique-deau-felaqua-connect\\\/#breadcrumb\"},\"inLanguage\":\"fr-FR\",\"potentialAction\":[{\"@type\":\"ReadAction\",\"target\":[\"https:\\\/\\\/www.vetorino.com\\\/boutique\\\/product\\\/distributeur-automatique-deau-felaqua-connect\\\/\"]}]},{\"@type\":\"ImageObject\",\"inLanguage\":\"fr-FR\",\"@id\":\"https:\\\/\\\/www.vetorino.com\\\/boutique\\\/product\\\/distributeur-automatique-deau-felaqua-connect\\\/#primaryimage\",\"url\":\"https:\\\/\\\/www.vetorino.com\\\/boutique\\\/wp-content\\\/uploads\\\/2023\\\/01\\\/2.webp\",\"contentUrl\":\"https:\\\/\\\/www.vetorino.com\\\/boutique\\\/wp-content\\\/uploads\\\/2023\\\/01\\\/2.webp\",\"width\":800,\"height\":800},{\"@type\":\"BreadcrumbList\",\"@id\":\"https:\\\/\\\/www.vetorino.com\\\/boutique\\\/product\\\/distributeur-automatique-deau-felaqua-connect\\\/#breadcrumb\",\"itemListElement\":[{\"@type\":\"ListItem\",\"position\":1,\"name\":\"Accueil\",\"item\":\"https:\\\/\\\/www.vetorino.com\\\/boutique\\\/\"},{\"@type\":\"ListItem\",\"position\":2,\"name\":\"Produits\",\"item\":\"https:\\\/\\\/www.vetorino.com\\\/boutique\\\/\"},{\"@type\":\"ListItem\",\"position\":3,\"name\":\"Distributeur automatique d&#8217;eau Felaqua Connect\"}]},{\"@type\":\"WebSite\",\"@id\":\"https:\\\/\\\/www.vetorino.com\\\/boutique\\\/#website\",\"url\":\"https:\\\/\\\/www.vetorino.com\\\/boutique\\\/\",\"name\":\"V\u00e9torino\",\"description\":\"\",\"publisher\":{\"@id\":\"https:\\\/\\\/www.vetorino.com\\\/boutique\\\/#organization\"},\"potentialAction\":[{\"@type\":\"SearchAction\",\"target\":{\"@type\":\"EntryPoint\",\"urlTemplate\":\"https:\\\/\\\/www.vetorino.com\\\/boutique\\\/?s={search_term_string}\"},\"query-input\":{\"@type\":\"PropertyValueSpecification\",\"valueRequired\":true,\"valueName\":\"search_term_string\"}}],\"inLanguage\":\"fr-FR\"},{\"@type\":\"Organization\",\"@id\":\"https:\\\/\\\/www.vetorino.com\\\/boutique\\\/#organization\",\"name\":\"V\u00e9torino\",\"url\":\"https:\\\/\\\/www.vetorino.com\\\/boutique\\\/\",\"logo\":{\"@type\":\"ImageObject\",\"inLanguage\":\"fr-FR\",\"@id\":\"https:\\\/\\\/www.vetorino.com\\\/boutique\\\/#\\\/schema\\\/logo\\\/image\\\/\",\"url\":\"https:\\\/\\\/www.vetorino.com\\\/boutique\\\/wp-content\\\/uploads\\\/2024\\\/10\\\/logo.jpg\",\"contentUrl\":\"https:\\\/\\\/www.vetorino.com\\\/boutique\\\/wp-content\\\/uploads\\\/2024\\\/10\\\/logo.jpg\",\"width\":1200,\"height\":610,\"caption\":\"V\u00e9torino\"},\"image\":{\"@id\":\"https:\\\/\\\/www.vetorino.com\\\/boutique\\\/#\\\/schema\\\/logo\\\/image\\\/\"},\"sameAs\":[\"https:\\\/\\\/www.facebook.com\\\/Vetorino\\\/\",\"https:\\\/\\\/www.instagram.com\\\/vetorino_off\\\/\",\"https:\\\/\\\/www.linkedin.com\\\/company\\\/vtorino\\\/\"]}]}<\/script>\n<meta property=\"product:price:amount\" content=\"138.53\" \/>\n<meta property=\"product:price:currency\" content=\"EUR\" \/>\n<meta property=\"og:availability\" content=\"instock\" \/>\n<meta property=\"product:availability\" content=\"instock\" \/>\n<meta property=\"product:retailer_item_id\" content=\"C-DIS722\" \/>\n<meta property=\"product:condition\" content=\"new\" \/>\n<!-- \/ Yoast SEO plugin. -->","yoast_head_json":{"title":"Distributeur automatique d'eau Felaqua Connect - V\u00e9torino","description":"Le distributeur d'eau Felaqua Connect distribue de l'eau fra\u00eeche et permet d'analyser le comportement de votre chat gr\u00e2ce \u00e0 son application connect\u00e9e. Con\u00e7u avec des v\u00e9t\u00e9rinaires comportementalistes, il encourage votre chat \u00e0 boire et vous donne des informations sur son comportement, soulignant des changements qui pourraient passer inaper\u00e7us.","robots":{"index":"noindex","follow":"nofollow"},"og_locale":"fr_FR","og_type":"article","og_title":"Distributeur automatique d'eau Felaqua Connect - V\u00e9torino","og_description":"Le distributeur d'eau Felaqua Connect distribue de l'eau fra\u00eeche et permet d'analyser le comportement de votre chat gr\u00e2ce \u00e0 son application connect\u00e9e. Con\u00e7u avec des v\u00e9t\u00e9rinaires comportementalistes, il encourage votre chat \u00e0 boire et vous donne des informations sur son comportement, soulignant des changements qui pourraient passer inaper\u00e7us.","og_url":"https:\/\/www.vetorino.com\/veterinaire\/saintefoyleslyon-69110\/boutique\/product\/distributeur-automatique-deau-felaqua-connect\/","og_site_name":"V\u00e9torino","article_publisher":"https:\/\/www.facebook.com\/Vetorino\/","article_modified_time":"2026-01-02T16:33:09+00:00","og_image":[{"width":800,"height":800,"url":"https:\/\/www.vetorino.com\/boutique\/wp-content\/uploads\/2023\/01\/2.webp","type":"image\/webp"}],"twitter_card":"summary_large_image","twitter_misc":{"Prix":"138,53&euro;","Disponibilit\u00e9":"En stock"},"schema":{"@context":"https:\/\/schema.org","@graph":[{"@type":"WebPage","@id":"https:\/\/www.vetorino.com\/boutique\/product\/distributeur-automatique-deau-felaqua-connect\/","url":"https:\/\/www.vetorino.com\/boutique\/product\/distributeur-automatique-deau-felaqua-connect\/","name":"Distributeur automatique d'eau Felaqua Connect - V\u00e9torino","isPartOf":{"@id":"https:\/\/www.vetorino.com\/boutique\/#website"},"primaryImageOfPage":{"@id":"https:\/\/www.vetorino.com\/boutique\/product\/distributeur-automatique-deau-felaqua-connect\/#primaryimage"},"image":{"@id":"https:\/\/www.vetorino.com\/boutique\/product\/distributeur-automatique-deau-felaqua-connect\/#primaryimage"},"thumbnailUrl":"https:\/\/www.vetorino.com\/boutique\/wp-content\/uploads\/2023\/01\/2.webp","datePublished":"2023-01-31T11:23:10+00:00","dateModified":"2026-01-02T16:33:09+00:00","description":"Le distributeur d'eau Felaqua Connect distribue de l'eau fra\u00eeche et permet d'analyser le comportement de votre chat gr\u00e2ce \u00e0 son application connect\u00e9e. Con\u00e7u avec des v\u00e9t\u00e9rinaires comportementalistes, il encourage votre chat \u00e0 boire et vous donne des informations sur son comportement, soulignant des changements qui pourraient passer inaper\u00e7us.","breadcrumb":{"@id":"https:\/\/www.vetorino.com\/boutique\/product\/distributeur-automatique-deau-felaqua-connect\/#breadcrumb"},"inLanguage":"fr-FR","potentialAction":[{"@type":"ReadAction","target":["https:\/\/www.vetorino.com\/boutique\/product\/distributeur-automatique-deau-felaqua-connect\/"]}]},{"@type":"ImageObject","inLanguage":"fr-FR","@id":"https:\/\/www.vetorino.com\/boutique\/product\/distributeur-automatique-deau-felaqua-connect\/#primaryimage","url":"https:\/\/www.vetorino.com\/boutique\/wp-content\/uploads\/2023\/01\/2.webp","contentUrl":"https:\/\/www.vetorino.com\/boutique\/wp-content\/uploads\/2023\/01\/2.webp","width":800,"height":800},{"@type":"BreadcrumbList","@id":"https:\/\/www.vetorino.com\/boutique\/product\/distributeur-automatique-deau-felaqua-connect\/#breadcrumb","itemListElement":[{"@type":"ListItem","position":1,"name":"Accueil","item":"https:\/\/www.vetorino.com\/boutique\/"},{"@type":"ListItem","position":2,"name":"Produits","item":"https:\/\/www.vetorino.com\/boutique\/"},{"@type":"ListItem","position":3,"name":"Distributeur automatique d&#8217;eau Felaqua Connect"}]},{"@type":"WebSite","@id":"https:\/\/www.vetorino.com\/boutique\/#website","url":"https:\/\/www.vetorino.com\/boutique\/","name":"V\u00e9torino","description":"","publisher":{"@id":"https:\/\/www.vetorino.com\/boutique\/#organization"},"potentialAction":[{"@type":"SearchAction","target":{"@type":"EntryPoint","urlTemplate":"https:\/\/www.vetorino.com\/boutique\/?s={search_term_string}"},"query-input":{"@type":"PropertyValueSpecification","valueRequired":true,"valueName":"search_term_string"}}],"inLanguage":"fr-FR"},{"@type":"Organization","@id":"https:\/\/www.vetorino.com\/boutique\/#organization","name":"V\u00e9torino","url":"https:\/\/www.vetorino.com\/boutique\/","logo":{"@type":"ImageObject","inLanguage":"fr-FR","@id":"https:\/\/www.vetorino.com\/boutique\/#\/schema\/logo\/image\/","url":"https:\/\/www.vetorino.com\/boutique\/wp-content\/uploads\/2024\/10\/logo.jpg","contentUrl":"https:\/\/www.vetorino.com\/boutique\/wp-content\/uploads\/2024\/10\/logo.jpg","width":1200,"height":610,"caption":"V\u00e9torino"},"image":{"@id":"https:\/\/www.vetorino.com\/boutique\/#\/schema\/logo\/image\/"},"sameAs":["https:\/\/www.facebook.com\/Vetorino\/","https:\/\/www.instagram.com\/vetorino_off\/","https:\/\/www.linkedin.com\/company\/vtorino\/"]}]},"product_price_amount":"138.53","product_price_currency":"EUR","og_availability":"instock","product_availability":"instock","product_retailer_item_id":"C-DIS722","product_condition":"new"},"_links":{"self":[{"href":"https:\/\/www.vetorino.com\/veterinaire\/saintefoyleslyon-69110\/boutique\/wp-json\/wp\/v2\/product\/549782","targetHints":{"allow":["GET"]}}],"collection":[{"href":"https:\/\/www.vetorino.com\/veterinaire\/saintefoyleslyon-69110\/boutique\/wp-json\/wp\/v2\/product"}],"about":[{"href":"https:\/\/www.vetorino.com\/veterinaire\/saintefoyleslyon-69110\/boutique\/wp-json\/wp\/v2\/types\/product"}],"wp:featuredmedia":[{"embeddable":true,"href":"https:\/\/www.vetorino.com\/veterinaire\/saintefoyleslyon-69110\/boutique\/wp-json\/wp\/v2\/media\/915259"}],"wp:attachment":[{"href":"https:\/\/www.vetorino.com\/veterinaire\/saintefoyleslyon-69110\/boutique\/wp-json\/wp\/v2\/media?parent=549782"}],"wp:term":[{"taxonomy":"product_cat","embeddable":true,"href":"https:\/\/www.vetorino.com\/veterinaire\/saintefoyleslyon-69110\/boutique\/wp-json\/wp\/v2\/product_cat?post=549782"},{"taxonomy":"product_tag","embeddable":true,"href":"https:\/\/www.vetorino.com\/veterinaire\/saintefoyleslyon-69110\/boutique\/wp-json\/wp\/v2\/product_tag?post=549782"}],"curies":[{"name":"wp","href":"https:\/\/api.w.org\/{rel}","templated":true}]}}