{"id":708678,"date":"2023-10-03T12:13:41","date_gmt":"2023-10-03T10:13:41","guid":{"rendered":"https:\/\/www.vetorino.com\/boutique\/product\/phycoperf-2\/"},"modified":"2025-05-26T09:41:24","modified_gmt":"2025-05-26T07:41:24","slug":"phycoperf-2","status":"publish","type":"product","link":"https:\/\/www.vetorino.com\/veterinaire\/saintefoyleslyon-69110\/boutique\/product\/phycoperf-2\/","title":{"rendered":"PhycoPerf"},"content":{"rendered":"<p>Extrait biologique de spiruline (spirulina platensis) titr\u00e9 \u00e0 3000 mg\/l de phycocyanine sur une base<br \/>\nd\u2019eau pharmacop\u00e9e, ar\u00f4me naturel de pomme. La phycocyanine est extraite \u00e0 froid et sans solvant ni<br \/>\nprocessus thermique puis conserv\u00e9e dans son ampoule teint\u00e9e \u00e0 l\u2019abri de l\u2019oxyg\u00e8ne et de la lumi\u00e8re.<\/p>\n<p>La phycocyanine contribue au bon fonctionnement de notre organisme et de notre bien-\u00eatre \u00e0<br \/>\ndiff\u00e9rents niveaux. Elle permet de booster l&#8217;\u00e9tat g\u00e9n\u00e9ral du cheval et de d\u00e9velopper l&#8217;endurance et la<br \/>\nr\u00e9cup\u00e9ration \u00e0 l&#8217;entrainement. La phycocyanine est un antioxydant et anti-inflammatoire naturel<br \/>\ncapable d&#8217;inhiber l&#8217;activit\u00e9 des enzymes responsables de l&#8217;inflammation ( COX-2).<\/p>\n<p>La phycocyanine est \u00e9galement reconnue comme stimulant de l&#8217;immunit\u00e9 et du microbiote : en<br \/>\nencourageant la croissance de bact\u00e9ries productrices d&#8217;acides gras \u00e0 chaine courte et lactobilles, elle<br \/>\nparticipe \u00e0 la sant\u00e9 intestinale du cheval.<\/p>\n<p>PhycoPerf est un produit naturel et non dopant. Cette recherche a \u00e9t\u00e9 r\u00e9alis\u00e9e par le laboratoires des<br \/>\ncourses hippiques.<\/p>\n<p><strong>Conseils d&#8217;utilisation :<\/strong><\/p>\n<ul>\n<li>L\u2019extrait de spiruline titr\u00e9 en phycocyanine s\u2019utilise en cure de 20 jours en pr\u00e9paration d\u2019un effort<br \/>\nsoutenu (\u00e9preuve sportive) ou en phase de r\u00e9cup\u00e9ration.<\/li>\n<li>2 ampoules par jour pour un cheval.<\/li>\n<li>1 ampoule par jour pou un poney.<\/li>\n<li>Contre indication : aucune.<\/li>\n<\/ul>\n","protected":false},"excerpt":{"rendered":"<p><strong>PhycoPerf est un produit naturel et non dopant pour booster les d\u00e9fenses naturelles du cheval.<\/strong><\/p>\n<p><strong>Utilisation :<\/strong><\/p>\n<ul>\n<li>En pr\u00e9paration d\u2019un effort soutenu (\u00e9preuve sportive) ou en phase de r\u00e9cup\u00e9ration.<\/li>\n<li>2 ampoules par jour pour un cheval.<\/li>\n<li>1 ampoule par jour pour un poney.<\/li>\n<\/ul>\n","protected":false},"featured_media":708707,"template":"","meta":[],"product_cat":[12547,14072,12754],"product_tag":[],"class_list":{"0":"post-708678","1":"product","2":"type-product","3":"status-publish","4":"has-post-thumbnail","6":"product_cat-cheval","7":"product_cat-dietetique-et-complements-alimentaires-du-cheval","8":"product_cat-soins-au-quotidien-du-cheval","9":"pa_marque-the-blob-lab","11":"first","12":"outofstock","13":"taxable","14":"shipping-taxable","15":"purchasable","16":"product-type-simple"},"yoast_head":"<!-- This site is optimized with the Yoast SEO plugin v27.3 - https:\/\/yoast.com\/product\/yoast-seo-wordpress\/ -->\n<title>PhycoPerf The Blob Lab - V\u00e9torino<\/title>\n<meta name=\"description\" content=\"PhycoPerf est un produit naturel et non dopant pour booster les d\u00e9fenses naturelles du cheval.  Utilisation :   En pr\u00e9paration d\u2019un effort soutenu (\u00e9preuve sportive) ou en phase de r\u00e9cup\u00e9ration.  2 ampoules par jour pour un cheval.  1 ampoule par jour pour un poney.\" \/>\n<meta name=\"robots\" content=\"noindex, nofollow\" \/>\n<meta property=\"og:locale\" content=\"fr_FR\" \/>\n<meta property=\"og:type\" content=\"article\" \/>\n<meta property=\"og:title\" content=\"PhycoPerf The Blob Lab - V\u00e9torino\" \/>\n<meta property=\"og:description\" content=\"PhycoPerf est un produit naturel et non dopant pour booster les d\u00e9fenses naturelles du cheval.  Utilisation :   En pr\u00e9paration d\u2019un effort soutenu (\u00e9preuve sportive) ou en phase de r\u00e9cup\u00e9ration.  2 ampoules par jour pour un cheval.  1 ampoule par jour pour un poney.\" \/>\n<meta property=\"og:url\" content=\"https:\/\/www.vetorino.com\/veterinaire\/saintefoyleslyon-69110\/boutique\/product\/phycoperf-2\/\" \/>\n<meta property=\"og:site_name\" content=\"V\u00e9torino\" \/>\n<meta property=\"article:publisher\" content=\"https:\/\/www.facebook.com\/Vetorino\/\" \/>\n<meta property=\"article:modified_time\" content=\"2025-05-26T07:41:24+00:00\" \/>\n<meta property=\"og:image\" content=\"https:\/\/www.vetorino.com\/boutique\/wp-content\/uploads\/2023\/02\/phycoperf2.png\" \/>\n\t<meta property=\"og:image:width\" content=\"800\" \/>\n\t<meta property=\"og:image:height\" content=\"800\" \/>\n\t<meta property=\"og:image:type\" content=\"image\/png\" \/>\n<meta name=\"twitter:card\" content=\"summary_large_image\" \/>\n<meta name=\"twitter:label1\" content=\"Prix\" \/>\n\t<meta name=\"twitter:data1\" content=\"37,56&euro;\" \/>\n\t<meta name=\"twitter:label2\" content=\"Disponibilit\u00e9\" \/>\n\t<meta name=\"twitter:data2\" content=\"Rupture de stock\" \/>\n<script type=\"application\/ld+json\" class=\"yoast-schema-graph\">{\"@context\":\"https:\\\/\\\/schema.org\",\"@graph\":[{\"@type\":\"WebPage\",\"@id\":\"https:\\\/\\\/www.vetorino.com\\\/veterinaire\\\/champs-sur-marne-77420\\\/boutique\\\/product\\\/phycoperf-2\\\/\",\"url\":\"https:\\\/\\\/www.vetorino.com\\\/veterinaire\\\/champs-sur-marne-77420\\\/boutique\\\/product\\\/phycoperf-2\\\/\",\"name\":\"PhycoPerf The Blob Lab - V\u00e9torino\",\"isPartOf\":{\"@id\":\"https:\\\/\\\/www.vetorino.com\\\/boutique\\\/#website\"},\"primaryImageOfPage\":{\"@id\":\"https:\\\/\\\/www.vetorino.com\\\/veterinaire\\\/champs-sur-marne-77420\\\/boutique\\\/product\\\/phycoperf-2\\\/#primaryimage\"},\"image\":{\"@id\":\"https:\\\/\\\/www.vetorino.com\\\/veterinaire\\\/champs-sur-marne-77420\\\/boutique\\\/product\\\/phycoperf-2\\\/#primaryimage\"},\"thumbnailUrl\":\"https:\\\/\\\/www.vetorino.com\\\/boutique\\\/wp-content\\\/uploads\\\/2023\\\/02\\\/phycoperf2.png\",\"datePublished\":\"2023-10-03T10:13:41+00:00\",\"dateModified\":\"2025-05-26T07:41:24+00:00\",\"description\":\"PhycoPerf est un produit naturel et non dopant pour booster les d\u00e9fenses naturelles du cheval. Utilisation : En pr\u00e9paration d\u2019un effort soutenu (\u00e9preuve sportive) ou en phase de r\u00e9cup\u00e9ration. 2 ampoules par jour pour un cheval. 1 ampoule par jour pour un poney.\",\"breadcrumb\":{\"@id\":\"https:\\\/\\\/www.vetorino.com\\\/veterinaire\\\/champs-sur-marne-77420\\\/boutique\\\/product\\\/phycoperf-2\\\/#breadcrumb\"},\"inLanguage\":\"fr-FR\",\"potentialAction\":[{\"@type\":\"ReadAction\",\"target\":[\"https:\\\/\\\/www.vetorino.com\\\/veterinaire\\\/champs-sur-marne-77420\\\/boutique\\\/product\\\/phycoperf-2\\\/\"]}]},{\"@type\":\"ImageObject\",\"inLanguage\":\"fr-FR\",\"@id\":\"https:\\\/\\\/www.vetorino.com\\\/veterinaire\\\/champs-sur-marne-77420\\\/boutique\\\/product\\\/phycoperf-2\\\/#primaryimage\",\"url\":\"https:\\\/\\\/www.vetorino.com\\\/boutique\\\/wp-content\\\/uploads\\\/2023\\\/02\\\/phycoperf2.png\",\"contentUrl\":\"https:\\\/\\\/www.vetorino.com\\\/boutique\\\/wp-content\\\/uploads\\\/2023\\\/02\\\/phycoperf2.png\",\"width\":800,\"height\":800},{\"@type\":\"BreadcrumbList\",\"@id\":\"https:\\\/\\\/www.vetorino.com\\\/veterinaire\\\/champs-sur-marne-77420\\\/boutique\\\/product\\\/phycoperf-2\\\/#breadcrumb\",\"itemListElement\":[{\"@type\":\"ListItem\",\"position\":1,\"name\":\"Accueil\",\"item\":\"https:\\\/\\\/www.vetorino.com\\\/boutique\\\/\"},{\"@type\":\"ListItem\",\"position\":2,\"name\":\"Produits\",\"item\":\"https:\\\/\\\/www.vetorino.com\\\/boutique\\\/\"},{\"@type\":\"ListItem\",\"position\":3,\"name\":\"PhycoPerf\"}]},{\"@type\":\"WebSite\",\"@id\":\"https:\\\/\\\/www.vetorino.com\\\/boutique\\\/#website\",\"url\":\"https:\\\/\\\/www.vetorino.com\\\/boutique\\\/\",\"name\":\"V\u00e9torino\",\"description\":\"\",\"publisher\":{\"@id\":\"https:\\\/\\\/www.vetorino.com\\\/boutique\\\/#organization\"},\"potentialAction\":[{\"@type\":\"SearchAction\",\"target\":{\"@type\":\"EntryPoint\",\"urlTemplate\":\"https:\\\/\\\/www.vetorino.com\\\/boutique\\\/?s={search_term_string}\"},\"query-input\":{\"@type\":\"PropertyValueSpecification\",\"valueRequired\":true,\"valueName\":\"search_term_string\"}}],\"inLanguage\":\"fr-FR\"},{\"@type\":\"Organization\",\"@id\":\"https:\\\/\\\/www.vetorino.com\\\/boutique\\\/#organization\",\"name\":\"V\u00e9torino\",\"url\":\"https:\\\/\\\/www.vetorino.com\\\/boutique\\\/\",\"logo\":{\"@type\":\"ImageObject\",\"inLanguage\":\"fr-FR\",\"@id\":\"https:\\\/\\\/www.vetorino.com\\\/boutique\\\/#\\\/schema\\\/logo\\\/image\\\/\",\"url\":\"https:\\\/\\\/www.vetorino.com\\\/boutique\\\/wp-content\\\/uploads\\\/2024\\\/10\\\/logo.jpg\",\"contentUrl\":\"https:\\\/\\\/www.vetorino.com\\\/boutique\\\/wp-content\\\/uploads\\\/2024\\\/10\\\/logo.jpg\",\"width\":1200,\"height\":610,\"caption\":\"V\u00e9torino\"},\"image\":{\"@id\":\"https:\\\/\\\/www.vetorino.com\\\/boutique\\\/#\\\/schema\\\/logo\\\/image\\\/\"},\"sameAs\":[\"https:\\\/\\\/www.facebook.com\\\/Vetorino\\\/\",\"https:\\\/\\\/www.instagram.com\\\/vetorino_off\\\/\",\"https:\\\/\\\/www.linkedin.com\\\/company\\\/vtorino\\\/\"]}]}<\/script>\n<meta property=\"product:brand\" content=\"The Blob Lab\" \/>\n<meta property=\"product:price:amount\" content=\"37.56\" \/>\n<meta property=\"product:price:currency\" content=\"EUR\" \/>\n<meta property=\"og:availability\" content=\"out of stock\" \/>\n<meta property=\"product:availability\" content=\"out of stock\" \/>\n<meta property=\"product:retailer_item_id\" content=\"C-PHY062\" \/>\n<meta property=\"product:condition\" content=\"new\" \/>\n<!-- \/ Yoast SEO plugin. -->","yoast_head_json":{"title":"PhycoPerf The Blob Lab - V\u00e9torino","description":"PhycoPerf est un produit naturel et non dopant pour booster les d\u00e9fenses naturelles du cheval.  Utilisation :   En pr\u00e9paration d\u2019un effort soutenu (\u00e9preuve sportive) ou en phase de r\u00e9cup\u00e9ration.  2 ampoules par jour pour un cheval.  1 ampoule par jour pour un poney.","robots":{"index":"noindex","follow":"nofollow"},"og_locale":"fr_FR","og_type":"article","og_title":"PhycoPerf The Blob Lab - V\u00e9torino","og_description":"PhycoPerf est un produit naturel et non dopant pour booster les d\u00e9fenses naturelles du cheval.  Utilisation :   En pr\u00e9paration d\u2019un effort soutenu (\u00e9preuve sportive) ou en phase de r\u00e9cup\u00e9ration.  2 ampoules par jour pour un cheval.  1 ampoule par jour pour un poney.","og_url":"https:\/\/www.vetorino.com\/veterinaire\/saintefoyleslyon-69110\/boutique\/product\/phycoperf-2\/","og_site_name":"V\u00e9torino","article_publisher":"https:\/\/www.facebook.com\/Vetorino\/","article_modified_time":"2025-05-26T07:41:24+00:00","og_image":[{"width":800,"height":800,"url":"https:\/\/www.vetorino.com\/boutique\/wp-content\/uploads\/2023\/02\/phycoperf2.png","type":"image\/png"}],"twitter_card":"summary_large_image","twitter_misc":{"Prix":"37,56&euro;","Disponibilit\u00e9":"Rupture de stock"},"schema":{"@context":"https:\/\/schema.org","@graph":[{"@type":"WebPage","@id":"https:\/\/www.vetorino.com\/veterinaire\/champs-sur-marne-77420\/boutique\/product\/phycoperf-2\/","url":"https:\/\/www.vetorino.com\/veterinaire\/champs-sur-marne-77420\/boutique\/product\/phycoperf-2\/","name":"PhycoPerf The Blob Lab - V\u00e9torino","isPartOf":{"@id":"https:\/\/www.vetorino.com\/boutique\/#website"},"primaryImageOfPage":{"@id":"https:\/\/www.vetorino.com\/veterinaire\/champs-sur-marne-77420\/boutique\/product\/phycoperf-2\/#primaryimage"},"image":{"@id":"https:\/\/www.vetorino.com\/veterinaire\/champs-sur-marne-77420\/boutique\/product\/phycoperf-2\/#primaryimage"},"thumbnailUrl":"https:\/\/www.vetorino.com\/boutique\/wp-content\/uploads\/2023\/02\/phycoperf2.png","datePublished":"2023-10-03T10:13:41+00:00","dateModified":"2025-05-26T07:41:24+00:00","description":"PhycoPerf est un produit naturel et non dopant pour booster les d\u00e9fenses naturelles du cheval. Utilisation : En pr\u00e9paration d\u2019un effort soutenu (\u00e9preuve sportive) ou en phase de r\u00e9cup\u00e9ration. 2 ampoules par jour pour un cheval. 1 ampoule par jour pour un poney.","breadcrumb":{"@id":"https:\/\/www.vetorino.com\/veterinaire\/champs-sur-marne-77420\/boutique\/product\/phycoperf-2\/#breadcrumb"},"inLanguage":"fr-FR","potentialAction":[{"@type":"ReadAction","target":["https:\/\/www.vetorino.com\/veterinaire\/champs-sur-marne-77420\/boutique\/product\/phycoperf-2\/"]}]},{"@type":"ImageObject","inLanguage":"fr-FR","@id":"https:\/\/www.vetorino.com\/veterinaire\/champs-sur-marne-77420\/boutique\/product\/phycoperf-2\/#primaryimage","url":"https:\/\/www.vetorino.com\/boutique\/wp-content\/uploads\/2023\/02\/phycoperf2.png","contentUrl":"https:\/\/www.vetorino.com\/boutique\/wp-content\/uploads\/2023\/02\/phycoperf2.png","width":800,"height":800},{"@type":"BreadcrumbList","@id":"https:\/\/www.vetorino.com\/veterinaire\/champs-sur-marne-77420\/boutique\/product\/phycoperf-2\/#breadcrumb","itemListElement":[{"@type":"ListItem","position":1,"name":"Accueil","item":"https:\/\/www.vetorino.com\/boutique\/"},{"@type":"ListItem","position":2,"name":"Produits","item":"https:\/\/www.vetorino.com\/boutique\/"},{"@type":"ListItem","position":3,"name":"PhycoPerf"}]},{"@type":"WebSite","@id":"https:\/\/www.vetorino.com\/boutique\/#website","url":"https:\/\/www.vetorino.com\/boutique\/","name":"V\u00e9torino","description":"","publisher":{"@id":"https:\/\/www.vetorino.com\/boutique\/#organization"},"potentialAction":[{"@type":"SearchAction","target":{"@type":"EntryPoint","urlTemplate":"https:\/\/www.vetorino.com\/boutique\/?s={search_term_string}"},"query-input":{"@type":"PropertyValueSpecification","valueRequired":true,"valueName":"search_term_string"}}],"inLanguage":"fr-FR"},{"@type":"Organization","@id":"https:\/\/www.vetorino.com\/boutique\/#organization","name":"V\u00e9torino","url":"https:\/\/www.vetorino.com\/boutique\/","logo":{"@type":"ImageObject","inLanguage":"fr-FR","@id":"https:\/\/www.vetorino.com\/boutique\/#\/schema\/logo\/image\/","url":"https:\/\/www.vetorino.com\/boutique\/wp-content\/uploads\/2024\/10\/logo.jpg","contentUrl":"https:\/\/www.vetorino.com\/boutique\/wp-content\/uploads\/2024\/10\/logo.jpg","width":1200,"height":610,"caption":"V\u00e9torino"},"image":{"@id":"https:\/\/www.vetorino.com\/boutique\/#\/schema\/logo\/image\/"},"sameAs":["https:\/\/www.facebook.com\/Vetorino\/","https:\/\/www.instagram.com\/vetorino_off\/","https:\/\/www.linkedin.com\/company\/vtorino\/"]}]},"product_brand":"The Blob Lab","product_price_amount":"37.56","product_price_currency":"EUR","og_availability":"out of stock","product_availability":"out of stock","product_retailer_item_id":"C-PHY062","product_condition":"new"},"_links":{"self":[{"href":"https:\/\/www.vetorino.com\/veterinaire\/saintefoyleslyon-69110\/boutique\/wp-json\/wp\/v2\/product\/708678","targetHints":{"allow":["GET"]}}],"collection":[{"href":"https:\/\/www.vetorino.com\/veterinaire\/saintefoyleslyon-69110\/boutique\/wp-json\/wp\/v2\/product"}],"about":[{"href":"https:\/\/www.vetorino.com\/veterinaire\/saintefoyleslyon-69110\/boutique\/wp-json\/wp\/v2\/types\/product"}],"wp:featuredmedia":[{"embeddable":true,"href":"https:\/\/www.vetorino.com\/veterinaire\/saintefoyleslyon-69110\/boutique\/wp-json\/wp\/v2\/media\/708707"}],"wp:attachment":[{"href":"https:\/\/www.vetorino.com\/veterinaire\/saintefoyleslyon-69110\/boutique\/wp-json\/wp\/v2\/media?parent=708678"}],"wp:term":[{"taxonomy":"product_cat","embeddable":true,"href":"https:\/\/www.vetorino.com\/veterinaire\/saintefoyleslyon-69110\/boutique\/wp-json\/wp\/v2\/product_cat?post=708678"},{"taxonomy":"product_tag","embeddable":true,"href":"https:\/\/www.vetorino.com\/veterinaire\/saintefoyleslyon-69110\/boutique\/wp-json\/wp\/v2\/product_tag?post=708678"}],"curies":[{"name":"wp","href":"https:\/\/api.w.org\/{rel}","templated":true}]}}