{"id":749149,"date":"2023-11-22T09:59:15","date_gmt":"2023-11-22T08:59:15","guid":{"rendered":"https:\/\/www.vetorino.com\/boutique\/product\/rabbitcomfort-5\/"},"modified":"2025-04-25T09:42:02","modified_gmt":"2025-04-25T07:42:02","slug":"rabbitcomfort-5","status":"publish","type":"product","link":"https:\/\/www.vetorino.com\/veterinaire\/saintefoyleslyon-69110\/boutique\/product\/rabbitcomfort-5\/","title":{"rendered":"RabbitComfort Diffuseur + Recharge"},"content":{"rendered":"<p align=\"left\">La ph\u00e9romone diffus\u00e9e par RabbitComfort aide \u00e0 calmer, apaiser, rassurer et r\u00e9duire les probl\u00e8mes comportementaux des lapins. Instantan\u00e9ment reconnue par votre animal, elle l&#8217;aide \u00e0 avoir une perception rassurante de son environnement.<\/p>\n<p>Cette ph\u00e9romone r\u00e9duit les probl\u00e8mes comportementaux comme les tendances \u00e0 se cacher, le refus de s&#8217;alimenter et les comportements craintifs ou anxieux envers les humains ou les autres lapins.<br \/>\nRabbitComfort est id\u00e9al pour les lapins qui sont confront\u00e9s \u00e0 un changement d&#8217;environnement comme un d\u00e9m\u00e9nagement, une nouvelle famille ou l&#8217;arriv\u00e9e d&#8217;un autre lapin.<br \/>\nL&#8217;effet apaisant du diffuseur facilite l&#8217;apprentissage, en particulier l&#8217;entra\u00eenement \u00e0 la maison. Ce produit vous permettra \u00e9galement d&#8217;apprendre rapidement \u00e0 votre lapin \u00e0 utiliser sa liti\u00e8re, surtout si vous souhaitez le laisser en libert\u00e9.<br \/>\nRabbitComfort diffuse un analogue (une copie) de la ph\u00e9romone apaisante de lapin. Elle est naturellement s\u00e9cr\u00e9t\u00e9e par les lapines lorsqu&#8217;elles allaitent. Cette ph\u00e9romone est porteuse d&#8217;un message apaisant qui aide les lapins \u00e0 avoir une perception rassurante et s\u00e9curisante de leur environnement. Le diffuseur convient \u00e0 toutes les races de lapins et \u00e0 tous les \u00e2ges. Utiliser une nouvelle recharge apr\u00e8s 30 jours d&#8217;utilisation.<\/p>\n<ul>\n<li>Pour des surfaces jusqu&#8217;\u00e0 70m\u00b2.<\/li>\n<li>Pour les lapins de tout \u00e2ge.<\/li>\n<li>Chaque recharge de 48 ml dure 30 jours.<\/li>\n<\/ul>\n","protected":false},"excerpt":{"rendered":"<p><strong>Ce diffuseur \u00e9met une copie de la ph\u00e9romone apaisante produite naturellement par les lapines lorsqu&#8217;elles allaitent.<\/strong><\/p>\n<p>Cette ph\u00e9romone envoie un message rassurant qui aide les lapins \u00e0 se sentir en s\u00e9curit\u00e9 dans leur environnement.<\/p>\n","protected":false},"featured_media":749164,"template":"","meta":[],"product_cat":[12563,2727,15842],"product_tag":[],"class_list":{"0":"post-749149","1":"product","2":"type-product","3":"status-publish","4":"has-post-thumbnail","6":"product_cat-lapin","7":"product_cat-nac","8":"product_cat-rongeurs","9":"pa_marque-beaphar","11":"first","12":"outofstock","13":"taxable","14":"shipping-taxable","15":"purchasable","16":"product-type-simple"},"yoast_head":"<!-- This site is optimized with the Yoast SEO plugin v27.3 - https:\/\/yoast.com\/product\/yoast-seo-wordpress\/ -->\n<title>RabbitComfort Diffuseur + Recharge Beaphar - V\u00e9torino<\/title>\n<meta name=\"description\" content=\"Ce diffuseur \u00e9met une copie de la ph\u00e9romone apaisante produite naturellement par les lapines lorsqu&#039;elles allaitent.  Cette ph\u00e9romone envoie un message rassurant qui aide les lapins \u00e0 se sentir en s\u00e9curit\u00e9 dans leur environnement.\" \/>\n<meta name=\"robots\" content=\"noindex, nofollow\" \/>\n<meta property=\"og:locale\" content=\"fr_FR\" \/>\n<meta property=\"og:type\" content=\"article\" \/>\n<meta property=\"og:title\" content=\"RabbitComfort Diffuseur + Recharge Beaphar - V\u00e9torino\" \/>\n<meta property=\"og:description\" content=\"Ce diffuseur \u00e9met une copie de la ph\u00e9romone apaisante produite naturellement par les lapines lorsqu&#039;elles allaitent.  Cette ph\u00e9romone envoie un message rassurant qui aide les lapins \u00e0 se sentir en s\u00e9curit\u00e9 dans leur environnement.\" \/>\n<meta property=\"og:url\" content=\"https:\/\/www.vetorino.com\/veterinaire\/saintefoyleslyon-69110\/boutique\/product\/rabbitcomfort-5\/\" \/>\n<meta property=\"og:site_name\" content=\"V\u00e9torino\" \/>\n<meta property=\"article:publisher\" content=\"https:\/\/www.facebook.com\/Vetorino\/\" \/>\n<meta property=\"article:modified_time\" content=\"2025-04-25T07:42:02+00:00\" \/>\n<meta property=\"og:image\" content=\"https:\/\/www.vetorino.com\/boutique\/wp-content\/uploads\/2023\/11\/rabbitcomfort-diffuseur-recharge.webp\" \/>\n\t<meta property=\"og:image:width\" content=\"540\" \/>\n\t<meta property=\"og:image:height\" content=\"540\" \/>\n\t<meta property=\"og:image:type\" content=\"image\/webp\" \/>\n<meta name=\"twitter:card\" content=\"summary_large_image\" \/>\n<meta name=\"twitter:label1\" content=\"Prix\" \/>\n\t<meta name=\"twitter:data1\" content=\"20,45&euro;\" \/>\n\t<meta name=\"twitter:label2\" content=\"Disponibilit\u00e9\" \/>\n\t<meta name=\"twitter:data2\" content=\"Rupture de stock\" \/>\n<script type=\"application\/ld+json\" class=\"yoast-schema-graph\">{\"@context\":\"https:\\\/\\\/schema.org\",\"@graph\":[{\"@type\":\"WebPage\",\"@id\":\"https:\\\/\\\/www.vetorino.com\\\/boutique\\\/product\\\/rabbitcomfort-5\\\/\",\"url\":\"https:\\\/\\\/www.vetorino.com\\\/boutique\\\/product\\\/rabbitcomfort-5\\\/\",\"name\":\"RabbitComfort Diffuseur + Recharge Beaphar - V\u00e9torino\",\"isPartOf\":{\"@id\":\"https:\\\/\\\/www.vetorino.com\\\/boutique\\\/#website\"},\"primaryImageOfPage\":{\"@id\":\"https:\\\/\\\/www.vetorino.com\\\/boutique\\\/product\\\/rabbitcomfort-5\\\/#primaryimage\"},\"image\":{\"@id\":\"https:\\\/\\\/www.vetorino.com\\\/boutique\\\/product\\\/rabbitcomfort-5\\\/#primaryimage\"},\"thumbnailUrl\":\"https:\\\/\\\/www.vetorino.com\\\/boutique\\\/wp-content\\\/uploads\\\/2023\\\/11\\\/rabbitcomfort-diffuseur-recharge.webp\",\"datePublished\":\"2023-11-22T08:59:15+00:00\",\"dateModified\":\"2025-04-25T07:42:02+00:00\",\"description\":\"Ce diffuseur \u00e9met une copie de la ph\u00e9romone apaisante produite naturellement par les lapines lorsqu'elles allaitent. Cette ph\u00e9romone envoie un message rassurant qui aide les lapins \u00e0 se sentir en s\u00e9curit\u00e9 dans leur environnement.\",\"breadcrumb\":{\"@id\":\"https:\\\/\\\/www.vetorino.com\\\/boutique\\\/product\\\/rabbitcomfort-5\\\/#breadcrumb\"},\"inLanguage\":\"fr-FR\",\"potentialAction\":[{\"@type\":\"ReadAction\",\"target\":[\"https:\\\/\\\/www.vetorino.com\\\/boutique\\\/product\\\/rabbitcomfort-5\\\/\"]}]},{\"@type\":\"ImageObject\",\"inLanguage\":\"fr-FR\",\"@id\":\"https:\\\/\\\/www.vetorino.com\\\/boutique\\\/product\\\/rabbitcomfort-5\\\/#primaryimage\",\"url\":\"https:\\\/\\\/www.vetorino.com\\\/boutique\\\/wp-content\\\/uploads\\\/2023\\\/11\\\/rabbitcomfort-diffuseur-recharge.webp\",\"contentUrl\":\"https:\\\/\\\/www.vetorino.com\\\/boutique\\\/wp-content\\\/uploads\\\/2023\\\/11\\\/rabbitcomfort-diffuseur-recharge.webp\",\"width\":540,\"height\":540},{\"@type\":\"BreadcrumbList\",\"@id\":\"https:\\\/\\\/www.vetorino.com\\\/boutique\\\/product\\\/rabbitcomfort-5\\\/#breadcrumb\",\"itemListElement\":[{\"@type\":\"ListItem\",\"position\":1,\"name\":\"Accueil\",\"item\":\"https:\\\/\\\/www.vetorino.com\\\/boutique\\\/\"},{\"@type\":\"ListItem\",\"position\":2,\"name\":\"Produits\",\"item\":\"https:\\\/\\\/www.vetorino.com\\\/boutique\\\/\"},{\"@type\":\"ListItem\",\"position\":3,\"name\":\"RabbitComfort Diffuseur + Recharge\"}]},{\"@type\":\"WebSite\",\"@id\":\"https:\\\/\\\/www.vetorino.com\\\/boutique\\\/#website\",\"url\":\"https:\\\/\\\/www.vetorino.com\\\/boutique\\\/\",\"name\":\"V\u00e9torino\",\"description\":\"\",\"publisher\":{\"@id\":\"https:\\\/\\\/www.vetorino.com\\\/boutique\\\/#organization\"},\"potentialAction\":[{\"@type\":\"SearchAction\",\"target\":{\"@type\":\"EntryPoint\",\"urlTemplate\":\"https:\\\/\\\/www.vetorino.com\\\/boutique\\\/?s={search_term_string}\"},\"query-input\":{\"@type\":\"PropertyValueSpecification\",\"valueRequired\":true,\"valueName\":\"search_term_string\"}}],\"inLanguage\":\"fr-FR\"},{\"@type\":\"Organization\",\"@id\":\"https:\\\/\\\/www.vetorino.com\\\/boutique\\\/#organization\",\"name\":\"V\u00e9torino\",\"url\":\"https:\\\/\\\/www.vetorino.com\\\/boutique\\\/\",\"logo\":{\"@type\":\"ImageObject\",\"inLanguage\":\"fr-FR\",\"@id\":\"https:\\\/\\\/www.vetorino.com\\\/boutique\\\/#\\\/schema\\\/logo\\\/image\\\/\",\"url\":\"https:\\\/\\\/www.vetorino.com\\\/boutique\\\/wp-content\\\/uploads\\\/2024\\\/10\\\/logo.jpg\",\"contentUrl\":\"https:\\\/\\\/www.vetorino.com\\\/boutique\\\/wp-content\\\/uploads\\\/2024\\\/10\\\/logo.jpg\",\"width\":1200,\"height\":610,\"caption\":\"V\u00e9torino\"},\"image\":{\"@id\":\"https:\\\/\\\/www.vetorino.com\\\/boutique\\\/#\\\/schema\\\/logo\\\/image\\\/\"},\"sameAs\":[\"https:\\\/\\\/www.facebook.com\\\/Vetorino\\\/\",\"https:\\\/\\\/www.instagram.com\\\/vetorino_off\\\/\",\"https:\\\/\\\/www.linkedin.com\\\/company\\\/vtorino\\\/\"]}]}<\/script>\n<meta property=\"product:brand\" content=\"Beaphar\" \/>\n<meta property=\"product:price:amount\" content=\"20.45\" \/>\n<meta property=\"product:price:currency\" content=\"EUR\" \/>\n<meta property=\"og:availability\" content=\"out of stock\" \/>\n<meta property=\"product:availability\" content=\"out of stock\" \/>\n<meta property=\"product:retailer_item_id\" content=\"C-RAB000\" \/>\n<meta property=\"product:condition\" content=\"new\" \/>\n<!-- \/ Yoast SEO plugin. -->","yoast_head_json":{"title":"RabbitComfort Diffuseur + Recharge Beaphar - V\u00e9torino","description":"Ce diffuseur \u00e9met une copie de la ph\u00e9romone apaisante produite naturellement par les lapines lorsqu'elles allaitent.  Cette ph\u00e9romone envoie un message rassurant qui aide les lapins \u00e0 se sentir en s\u00e9curit\u00e9 dans leur environnement.","robots":{"index":"noindex","follow":"nofollow"},"og_locale":"fr_FR","og_type":"article","og_title":"RabbitComfort Diffuseur + Recharge Beaphar - V\u00e9torino","og_description":"Ce diffuseur \u00e9met une copie de la ph\u00e9romone apaisante produite naturellement par les lapines lorsqu'elles allaitent.  Cette ph\u00e9romone envoie un message rassurant qui aide les lapins \u00e0 se sentir en s\u00e9curit\u00e9 dans leur environnement.","og_url":"https:\/\/www.vetorino.com\/veterinaire\/saintefoyleslyon-69110\/boutique\/product\/rabbitcomfort-5\/","og_site_name":"V\u00e9torino","article_publisher":"https:\/\/www.facebook.com\/Vetorino\/","article_modified_time":"2025-04-25T07:42:02+00:00","og_image":[{"width":540,"height":540,"url":"https:\/\/www.vetorino.com\/boutique\/wp-content\/uploads\/2023\/11\/rabbitcomfort-diffuseur-recharge.webp","type":"image\/webp"}],"twitter_card":"summary_large_image","twitter_misc":{"Prix":"20,45&euro;","Disponibilit\u00e9":"Rupture de stock"},"schema":{"@context":"https:\/\/schema.org","@graph":[{"@type":"WebPage","@id":"https:\/\/www.vetorino.com\/boutique\/product\/rabbitcomfort-5\/","url":"https:\/\/www.vetorino.com\/boutique\/product\/rabbitcomfort-5\/","name":"RabbitComfort Diffuseur + Recharge Beaphar - V\u00e9torino","isPartOf":{"@id":"https:\/\/www.vetorino.com\/boutique\/#website"},"primaryImageOfPage":{"@id":"https:\/\/www.vetorino.com\/boutique\/product\/rabbitcomfort-5\/#primaryimage"},"image":{"@id":"https:\/\/www.vetorino.com\/boutique\/product\/rabbitcomfort-5\/#primaryimage"},"thumbnailUrl":"https:\/\/www.vetorino.com\/boutique\/wp-content\/uploads\/2023\/11\/rabbitcomfort-diffuseur-recharge.webp","datePublished":"2023-11-22T08:59:15+00:00","dateModified":"2025-04-25T07:42:02+00:00","description":"Ce diffuseur \u00e9met une copie de la ph\u00e9romone apaisante produite naturellement par les lapines lorsqu'elles allaitent. Cette ph\u00e9romone envoie un message rassurant qui aide les lapins \u00e0 se sentir en s\u00e9curit\u00e9 dans leur environnement.","breadcrumb":{"@id":"https:\/\/www.vetorino.com\/boutique\/product\/rabbitcomfort-5\/#breadcrumb"},"inLanguage":"fr-FR","potentialAction":[{"@type":"ReadAction","target":["https:\/\/www.vetorino.com\/boutique\/product\/rabbitcomfort-5\/"]}]},{"@type":"ImageObject","inLanguage":"fr-FR","@id":"https:\/\/www.vetorino.com\/boutique\/product\/rabbitcomfort-5\/#primaryimage","url":"https:\/\/www.vetorino.com\/boutique\/wp-content\/uploads\/2023\/11\/rabbitcomfort-diffuseur-recharge.webp","contentUrl":"https:\/\/www.vetorino.com\/boutique\/wp-content\/uploads\/2023\/11\/rabbitcomfort-diffuseur-recharge.webp","width":540,"height":540},{"@type":"BreadcrumbList","@id":"https:\/\/www.vetorino.com\/boutique\/product\/rabbitcomfort-5\/#breadcrumb","itemListElement":[{"@type":"ListItem","position":1,"name":"Accueil","item":"https:\/\/www.vetorino.com\/boutique\/"},{"@type":"ListItem","position":2,"name":"Produits","item":"https:\/\/www.vetorino.com\/boutique\/"},{"@type":"ListItem","position":3,"name":"RabbitComfort Diffuseur + Recharge"}]},{"@type":"WebSite","@id":"https:\/\/www.vetorino.com\/boutique\/#website","url":"https:\/\/www.vetorino.com\/boutique\/","name":"V\u00e9torino","description":"","publisher":{"@id":"https:\/\/www.vetorino.com\/boutique\/#organization"},"potentialAction":[{"@type":"SearchAction","target":{"@type":"EntryPoint","urlTemplate":"https:\/\/www.vetorino.com\/boutique\/?s={search_term_string}"},"query-input":{"@type":"PropertyValueSpecification","valueRequired":true,"valueName":"search_term_string"}}],"inLanguage":"fr-FR"},{"@type":"Organization","@id":"https:\/\/www.vetorino.com\/boutique\/#organization","name":"V\u00e9torino","url":"https:\/\/www.vetorino.com\/boutique\/","logo":{"@type":"ImageObject","inLanguage":"fr-FR","@id":"https:\/\/www.vetorino.com\/boutique\/#\/schema\/logo\/image\/","url":"https:\/\/www.vetorino.com\/boutique\/wp-content\/uploads\/2024\/10\/logo.jpg","contentUrl":"https:\/\/www.vetorino.com\/boutique\/wp-content\/uploads\/2024\/10\/logo.jpg","width":1200,"height":610,"caption":"V\u00e9torino"},"image":{"@id":"https:\/\/www.vetorino.com\/boutique\/#\/schema\/logo\/image\/"},"sameAs":["https:\/\/www.facebook.com\/Vetorino\/","https:\/\/www.instagram.com\/vetorino_off\/","https:\/\/www.linkedin.com\/company\/vtorino\/"]}]},"product_brand":"Beaphar","product_price_amount":"20.45","product_price_currency":"EUR","og_availability":"out of stock","product_availability":"out of stock","product_retailer_item_id":"C-RAB000","product_condition":"new"},"_links":{"self":[{"href":"https:\/\/www.vetorino.com\/veterinaire\/saintefoyleslyon-69110\/boutique\/wp-json\/wp\/v2\/product\/749149","targetHints":{"allow":["GET"]}}],"collection":[{"href":"https:\/\/www.vetorino.com\/veterinaire\/saintefoyleslyon-69110\/boutique\/wp-json\/wp\/v2\/product"}],"about":[{"href":"https:\/\/www.vetorino.com\/veterinaire\/saintefoyleslyon-69110\/boutique\/wp-json\/wp\/v2\/types\/product"}],"wp:featuredmedia":[{"embeddable":true,"href":"https:\/\/www.vetorino.com\/veterinaire\/saintefoyleslyon-69110\/boutique\/wp-json\/wp\/v2\/media\/749164"}],"wp:attachment":[{"href":"https:\/\/www.vetorino.com\/veterinaire\/saintefoyleslyon-69110\/boutique\/wp-json\/wp\/v2\/media?parent=749149"}],"wp:term":[{"taxonomy":"product_cat","embeddable":true,"href":"https:\/\/www.vetorino.com\/veterinaire\/saintefoyleslyon-69110\/boutique\/wp-json\/wp\/v2\/product_cat?post=749149"},{"taxonomy":"product_tag","embeddable":true,"href":"https:\/\/www.vetorino.com\/veterinaire\/saintefoyleslyon-69110\/boutique\/wp-json\/wp\/v2\/product_tag?post=749149"}],"curies":[{"name":"wp","href":"https:\/\/api.w.org\/{rel}","templated":true}]}}