{"id":91355,"date":"2020-06-26T14:09:44","date_gmt":"2020-06-26T12:09:44","guid":{"rendered":"https:\/\/www.vetorino.com\/boutique\/product\/boules-de-graisse-arachides-insectes\/"},"modified":"2025-10-15T02:42:10","modified_gmt":"2025-10-15T00:42:10","slug":"boules-de-graisse-arachides-insectes","status":"publish","type":"product","link":"https:\/\/www.vetorino.com\/veterinaire\/saintefoyleslyon-69110\/boutique\/product\/boules-de-graisse-arachides-insectes\/","title":{"rendered":"Boules de graisse Arachides + Insectes"},"content":{"rendered":"<p><strong>Les boules de graisse Hamiform prennent en compte les besoins des oiseaux du jardin. Elles sont riches en prot\u00e9ines et graisses et sont une source d\u2019alimentation indispensable pour les oiseaux.<\/strong><\/p>\n<p>Pendant la saison hivernale, les oiseaux ont besoin d\u2019une alimentation riche en prot\u00e9ines et graisse. Les nourrir en cette p\u00e9riode difficile permet de les\u00a0aider \u00e0 survivre et ainsi assurer leur r\u00f4le vital dans l\u2019\u00e9cosyst\u00e8me<\/p>\n<p><strong><br \/>\nUtilisation :<\/strong><\/p>\n<ul>\n<li>Oiseaux de la nature, Oiseaux sauvages, Oiseaux du jardin, Rouge-gorge, Mesange bleue, Chardonneret, Pinson, Verdier d&#8217;Europe, Moineau domestique, M\u00e9sange hupp\u00e9e, M\u00e9sange nonnette, M\u00e9sange charbonni\u00e8re<\/li>\n<\/ul>\n<p><strong>Bienfaits essentiels :<\/strong><\/p>\n<ul>\n<li>Compl\u00e8tent l&#8217;alimentation des oiseaux afin de <strong>palier tous leurs besoins nutritionnels<\/strong>.<\/li>\n<li>D\u00e8s l\u2019automne jusqu\u2019\u00e0 l\u2019arriv\u00e9e du printemps, les oiseaux ont besoin d\u2019une alimentation riche en prot\u00e9ines et graisse. Les nourrir en cette p\u00e9riode difficile permet de les <strong>aider \u00e0 survivre et ainsi assurer leur r\u00f4le vital dans l\u2019\u00e9cosyst\u00e8me<\/strong>.<\/li>\n<li>Vous pourrez \u00e0 cette occasion d\u00e9couvrir et appr\u00e9cier les diff\u00e9rentes esp\u00e8ces pr\u00e9sentes dans votre jardin.<\/li>\n<\/ul>\n","protected":false},"excerpt":{"rendered":"<p><strong>Les boules de graisse Hamiform prennent en compte les besoins des oiseaux du jardin. Elles sont riches en prot\u00e9ines et graisses et sont une source d\u2019alimentation indispensable pour les oiseaux.<\/strong><\/p>\n<p>Pendant la saison hivernale, les oiseaux ont besoin d\u2019une alimentation riche en prot\u00e9ines et graisse. Les nourrir en cette p\u00e9riode difficile permet de les\u00a0aider \u00e0 survivre et ainsi assurer leur r\u00f4le vital dans l\u2019\u00e9cosyst\u00e8me<\/p>\n","protected":false},"featured_media":1026991,"template":"","meta":[],"product_cat":[12576,12678,2727,2746],"product_tag":[],"class_list":{"0":"post-91355","1":"product","2":"type-product","3":"status-publish","4":"has-post-thumbnail","6":"product_cat-alimentation-de-loiseau","7":"product_cat-graine-pour-oiseau","8":"product_cat-nac","9":"product_cat-oiseau","10":"pa_marque-hami-form","12":"first","13":"instock","14":"taxable","15":"shipping-taxable","16":"purchasable","17":"product-type-simple"},"yoast_head":"<!-- This site is optimized with the Yoast SEO plugin v27.3 - https:\/\/yoast.com\/product\/yoast-seo-wordpress\/ -->\n<title>Boules de graisse Arachides + Insectes Hami Form - V\u00e9torino<\/title>\n<meta name=\"description\" content=\"Les boules de graisse Hamiform prennent en compte les besoins des oiseaux du jardin. Elles sont riches en prot\u00e9ines et graisses et sont une source d\u2019alimentation indispensable pour les oiseaux.  Pendant la saison hivernale, les oiseaux ont besoin d\u2019une alimentation riche en prot\u00e9ines et graisse. Les nourrir en cette p\u00e9riode difficile permet de les\u00a0aider \u00e0 survivre et ainsi assurer leur r\u00f4le vital dans l\u2019\u00e9cosyst\u00e8me\" \/>\n<meta name=\"robots\" content=\"noindex, nofollow\" \/>\n<meta property=\"og:locale\" content=\"fr_FR\" \/>\n<meta property=\"og:type\" content=\"article\" \/>\n<meta property=\"og:title\" content=\"Boules de graisse Arachides + Insectes Hami Form - V\u00e9torino\" \/>\n<meta property=\"og:description\" content=\"Les boules de graisse Hamiform prennent en compte les besoins des oiseaux du jardin. Elles sont riches en prot\u00e9ines et graisses et sont une source d\u2019alimentation indispensable pour les oiseaux.  Pendant la saison hivernale, les oiseaux ont besoin d\u2019une alimentation riche en prot\u00e9ines et graisse. Les nourrir en cette p\u00e9riode difficile permet de les\u00a0aider \u00e0 survivre et ainsi assurer leur r\u00f4le vital dans l\u2019\u00e9cosyst\u00e8me\" \/>\n<meta property=\"og:url\" content=\"https:\/\/www.vetorino.com\/veterinaire\/saintefoyleslyon-69110\/boutique\/product\/boules-de-graisse-arachides-insectes\/\" \/>\n<meta property=\"og:site_name\" content=\"V\u00e9torino\" \/>\n<meta property=\"article:publisher\" content=\"https:\/\/www.facebook.com\/Vetorino\/\" \/>\n<meta property=\"article:modified_time\" content=\"2025-10-15T00:42:10+00:00\" \/>\n<meta property=\"og:image\" content=\"https:\/\/www.vetorino.com\/boutique\/wp-content\/uploads\/2020\/06\/boules-de-graisse-arachides-insectes.jpg\" \/>\n\t<meta property=\"og:image:width\" content=\"540\" \/>\n\t<meta property=\"og:image:height\" content=\"540\" \/>\n\t<meta property=\"og:image:type\" content=\"image\/jpeg\" \/>\n<meta name=\"twitter:card\" content=\"summary_large_image\" \/>\n<meta name=\"twitter:label1\" content=\"Prix\" \/>\n\t<meta name=\"twitter:data1\" content=\"2,39&euro;\" \/>\n\t<meta name=\"twitter:label2\" content=\"Disponibilit\u00e9\" \/>\n\t<meta name=\"twitter:data2\" content=\"En stock\" \/>\n<script type=\"application\/ld+json\" class=\"yoast-schema-graph\">{\"@context\":\"https:\\\/\\\/schema.org\",\"@graph\":[{\"@type\":\"WebPage\",\"@id\":\"https:\\\/\\\/www.vetorino.com\\\/boutique\\\/product\\\/boules-de-graisse-arachides-insectes\\\/\",\"url\":\"https:\\\/\\\/www.vetorino.com\\\/boutique\\\/product\\\/boules-de-graisse-arachides-insectes\\\/\",\"name\":\"Boules de graisse Arachides + Insectes Hami Form - V\u00e9torino\",\"isPartOf\":{\"@id\":\"https:\\\/\\\/www.vetorino.com\\\/boutique\\\/#website\"},\"primaryImageOfPage\":{\"@id\":\"https:\\\/\\\/www.vetorino.com\\\/boutique\\\/product\\\/boules-de-graisse-arachides-insectes\\\/#primaryimage\"},\"image\":{\"@id\":\"https:\\\/\\\/www.vetorino.com\\\/boutique\\\/product\\\/boules-de-graisse-arachides-insectes\\\/#primaryimage\"},\"thumbnailUrl\":\"https:\\\/\\\/www.vetorino.com\\\/boutique\\\/wp-content\\\/uploads\\\/2020\\\/06\\\/boules-de-graisse-arachides-insectes.jpg\",\"datePublished\":\"2020-06-26T12:09:44+00:00\",\"dateModified\":\"2025-10-15T00:42:10+00:00\",\"description\":\"Les boules de graisse Hamiform prennent en compte les besoins des oiseaux du jardin. Elles sont riches en prot\u00e9ines et graisses et sont une source d\u2019alimentation indispensable pour les oiseaux. Pendant la saison hivernale, les oiseaux ont besoin d\u2019une alimentation riche en prot\u00e9ines et graisse. Les nourrir en cette p\u00e9riode difficile permet de les\u00a0aider \u00e0 survivre et ainsi assurer leur r\u00f4le vital dans l\u2019\u00e9cosyst\u00e8me\",\"breadcrumb\":{\"@id\":\"https:\\\/\\\/www.vetorino.com\\\/boutique\\\/product\\\/boules-de-graisse-arachides-insectes\\\/#breadcrumb\"},\"inLanguage\":\"fr-FR\",\"potentialAction\":[{\"@type\":\"ReadAction\",\"target\":[\"https:\\\/\\\/www.vetorino.com\\\/boutique\\\/product\\\/boules-de-graisse-arachides-insectes\\\/\"]}]},{\"@type\":\"ImageObject\",\"inLanguage\":\"fr-FR\",\"@id\":\"https:\\\/\\\/www.vetorino.com\\\/boutique\\\/product\\\/boules-de-graisse-arachides-insectes\\\/#primaryimage\",\"url\":\"https:\\\/\\\/www.vetorino.com\\\/boutique\\\/wp-content\\\/uploads\\\/2020\\\/06\\\/boules-de-graisse-arachides-insectes.jpg\",\"contentUrl\":\"https:\\\/\\\/www.vetorino.com\\\/boutique\\\/wp-content\\\/uploads\\\/2020\\\/06\\\/boules-de-graisse-arachides-insectes.jpg\",\"width\":540,\"height\":540},{\"@type\":\"BreadcrumbList\",\"@id\":\"https:\\\/\\\/www.vetorino.com\\\/boutique\\\/product\\\/boules-de-graisse-arachides-insectes\\\/#breadcrumb\",\"itemListElement\":[{\"@type\":\"ListItem\",\"position\":1,\"name\":\"Accueil\",\"item\":\"https:\\\/\\\/www.vetorino.com\\\/boutique\\\/\"},{\"@type\":\"ListItem\",\"position\":2,\"name\":\"Produits\",\"item\":\"https:\\\/\\\/www.vetorino.com\\\/boutique\\\/\"},{\"@type\":\"ListItem\",\"position\":3,\"name\":\"Boules de graisse Arachides + Insectes\"}]},{\"@type\":\"WebSite\",\"@id\":\"https:\\\/\\\/www.vetorino.com\\\/boutique\\\/#website\",\"url\":\"https:\\\/\\\/www.vetorino.com\\\/boutique\\\/\",\"name\":\"V\u00e9torino\",\"description\":\"\",\"publisher\":{\"@id\":\"https:\\\/\\\/www.vetorino.com\\\/boutique\\\/#organization\"},\"potentialAction\":[{\"@type\":\"SearchAction\",\"target\":{\"@type\":\"EntryPoint\",\"urlTemplate\":\"https:\\\/\\\/www.vetorino.com\\\/boutique\\\/?s={search_term_string}\"},\"query-input\":{\"@type\":\"PropertyValueSpecification\",\"valueRequired\":true,\"valueName\":\"search_term_string\"}}],\"inLanguage\":\"fr-FR\"},{\"@type\":\"Organization\",\"@id\":\"https:\\\/\\\/www.vetorino.com\\\/boutique\\\/#organization\",\"name\":\"V\u00e9torino\",\"url\":\"https:\\\/\\\/www.vetorino.com\\\/boutique\\\/\",\"logo\":{\"@type\":\"ImageObject\",\"inLanguage\":\"fr-FR\",\"@id\":\"https:\\\/\\\/www.vetorino.com\\\/boutique\\\/#\\\/schema\\\/logo\\\/image\\\/\",\"url\":\"https:\\\/\\\/www.vetorino.com\\\/boutique\\\/wp-content\\\/uploads\\\/2024\\\/10\\\/logo.jpg\",\"contentUrl\":\"https:\\\/\\\/www.vetorino.com\\\/boutique\\\/wp-content\\\/uploads\\\/2024\\\/10\\\/logo.jpg\",\"width\":1200,\"height\":610,\"caption\":\"V\u00e9torino\"},\"image\":{\"@id\":\"https:\\\/\\\/www.vetorino.com\\\/boutique\\\/#\\\/schema\\\/logo\\\/image\\\/\"},\"sameAs\":[\"https:\\\/\\\/www.facebook.com\\\/Vetorino\\\/\",\"https:\\\/\\\/www.instagram.com\\\/vetorino_off\\\/\",\"https:\\\/\\\/www.linkedin.com\\\/company\\\/vtorino\\\/\"]}]}<\/script>\n<meta property=\"product:brand\" content=\"Hami Form\" \/>\n<meta property=\"product:price:amount\" content=\"2.39\" \/>\n<meta property=\"product:price:currency\" content=\"EUR\" \/>\n<meta property=\"og:availability\" content=\"instock\" \/>\n<meta property=\"product:availability\" content=\"instock\" \/>\n<meta property=\"product:retailer_item_id\" content=\"C-BOU015\" \/>\n<meta property=\"product:condition\" content=\"new\" \/>\n<!-- \/ Yoast SEO plugin. -->","yoast_head_json":{"title":"Boules de graisse Arachides + Insectes Hami Form - V\u00e9torino","description":"Les boules de graisse Hamiform prennent en compte les besoins des oiseaux du jardin. Elles sont riches en prot\u00e9ines et graisses et sont une source d\u2019alimentation indispensable pour les oiseaux.  Pendant la saison hivernale, les oiseaux ont besoin d\u2019une alimentation riche en prot\u00e9ines et graisse. Les nourrir en cette p\u00e9riode difficile permet de les\u00a0aider \u00e0 survivre et ainsi assurer leur r\u00f4le vital dans l\u2019\u00e9cosyst\u00e8me","robots":{"index":"noindex","follow":"nofollow"},"og_locale":"fr_FR","og_type":"article","og_title":"Boules de graisse Arachides + Insectes Hami Form - V\u00e9torino","og_description":"Les boules de graisse Hamiform prennent en compte les besoins des oiseaux du jardin. Elles sont riches en prot\u00e9ines et graisses et sont une source d\u2019alimentation indispensable pour les oiseaux.  Pendant la saison hivernale, les oiseaux ont besoin d\u2019une alimentation riche en prot\u00e9ines et graisse. Les nourrir en cette p\u00e9riode difficile permet de les\u00a0aider \u00e0 survivre et ainsi assurer leur r\u00f4le vital dans l\u2019\u00e9cosyst\u00e8me","og_url":"https:\/\/www.vetorino.com\/veterinaire\/saintefoyleslyon-69110\/boutique\/product\/boules-de-graisse-arachides-insectes\/","og_site_name":"V\u00e9torino","article_publisher":"https:\/\/www.facebook.com\/Vetorino\/","article_modified_time":"2025-10-15T00:42:10+00:00","og_image":[{"width":540,"height":540,"url":"https:\/\/www.vetorino.com\/boutique\/wp-content\/uploads\/2020\/06\/boules-de-graisse-arachides-insectes.jpg","type":"image\/jpeg"}],"twitter_card":"summary_large_image","twitter_misc":{"Prix":"2,39&euro;","Disponibilit\u00e9":"En stock"},"schema":{"@context":"https:\/\/schema.org","@graph":[{"@type":"WebPage","@id":"https:\/\/www.vetorino.com\/boutique\/product\/boules-de-graisse-arachides-insectes\/","url":"https:\/\/www.vetorino.com\/boutique\/product\/boules-de-graisse-arachides-insectes\/","name":"Boules de graisse Arachides + Insectes Hami Form - V\u00e9torino","isPartOf":{"@id":"https:\/\/www.vetorino.com\/boutique\/#website"},"primaryImageOfPage":{"@id":"https:\/\/www.vetorino.com\/boutique\/product\/boules-de-graisse-arachides-insectes\/#primaryimage"},"image":{"@id":"https:\/\/www.vetorino.com\/boutique\/product\/boules-de-graisse-arachides-insectes\/#primaryimage"},"thumbnailUrl":"https:\/\/www.vetorino.com\/boutique\/wp-content\/uploads\/2020\/06\/boules-de-graisse-arachides-insectes.jpg","datePublished":"2020-06-26T12:09:44+00:00","dateModified":"2025-10-15T00:42:10+00:00","description":"Les boules de graisse Hamiform prennent en compte les besoins des oiseaux du jardin. Elles sont riches en prot\u00e9ines et graisses et sont une source d\u2019alimentation indispensable pour les oiseaux. Pendant la saison hivernale, les oiseaux ont besoin d\u2019une alimentation riche en prot\u00e9ines et graisse. Les nourrir en cette p\u00e9riode difficile permet de les\u00a0aider \u00e0 survivre et ainsi assurer leur r\u00f4le vital dans l\u2019\u00e9cosyst\u00e8me","breadcrumb":{"@id":"https:\/\/www.vetorino.com\/boutique\/product\/boules-de-graisse-arachides-insectes\/#breadcrumb"},"inLanguage":"fr-FR","potentialAction":[{"@type":"ReadAction","target":["https:\/\/www.vetorino.com\/boutique\/product\/boules-de-graisse-arachides-insectes\/"]}]},{"@type":"ImageObject","inLanguage":"fr-FR","@id":"https:\/\/www.vetorino.com\/boutique\/product\/boules-de-graisse-arachides-insectes\/#primaryimage","url":"https:\/\/www.vetorino.com\/boutique\/wp-content\/uploads\/2020\/06\/boules-de-graisse-arachides-insectes.jpg","contentUrl":"https:\/\/www.vetorino.com\/boutique\/wp-content\/uploads\/2020\/06\/boules-de-graisse-arachides-insectes.jpg","width":540,"height":540},{"@type":"BreadcrumbList","@id":"https:\/\/www.vetorino.com\/boutique\/product\/boules-de-graisse-arachides-insectes\/#breadcrumb","itemListElement":[{"@type":"ListItem","position":1,"name":"Accueil","item":"https:\/\/www.vetorino.com\/boutique\/"},{"@type":"ListItem","position":2,"name":"Produits","item":"https:\/\/www.vetorino.com\/boutique\/"},{"@type":"ListItem","position":3,"name":"Boules de graisse Arachides + Insectes"}]},{"@type":"WebSite","@id":"https:\/\/www.vetorino.com\/boutique\/#website","url":"https:\/\/www.vetorino.com\/boutique\/","name":"V\u00e9torino","description":"","publisher":{"@id":"https:\/\/www.vetorino.com\/boutique\/#organization"},"potentialAction":[{"@type":"SearchAction","target":{"@type":"EntryPoint","urlTemplate":"https:\/\/www.vetorino.com\/boutique\/?s={search_term_string}"},"query-input":{"@type":"PropertyValueSpecification","valueRequired":true,"valueName":"search_term_string"}}],"inLanguage":"fr-FR"},{"@type":"Organization","@id":"https:\/\/www.vetorino.com\/boutique\/#organization","name":"V\u00e9torino","url":"https:\/\/www.vetorino.com\/boutique\/","logo":{"@type":"ImageObject","inLanguage":"fr-FR","@id":"https:\/\/www.vetorino.com\/boutique\/#\/schema\/logo\/image\/","url":"https:\/\/www.vetorino.com\/boutique\/wp-content\/uploads\/2024\/10\/logo.jpg","contentUrl":"https:\/\/www.vetorino.com\/boutique\/wp-content\/uploads\/2024\/10\/logo.jpg","width":1200,"height":610,"caption":"V\u00e9torino"},"image":{"@id":"https:\/\/www.vetorino.com\/boutique\/#\/schema\/logo\/image\/"},"sameAs":["https:\/\/www.facebook.com\/Vetorino\/","https:\/\/www.instagram.com\/vetorino_off\/","https:\/\/www.linkedin.com\/company\/vtorino\/"]}]},"product_brand":"Hami Form","product_price_amount":"2.39","product_price_currency":"EUR","og_availability":"instock","product_availability":"instock","product_retailer_item_id":"C-BOU015","product_condition":"new"},"_links":{"self":[{"href":"https:\/\/www.vetorino.com\/veterinaire\/saintefoyleslyon-69110\/boutique\/wp-json\/wp\/v2\/product\/91355","targetHints":{"allow":["GET"]}}],"collection":[{"href":"https:\/\/www.vetorino.com\/veterinaire\/saintefoyleslyon-69110\/boutique\/wp-json\/wp\/v2\/product"}],"about":[{"href":"https:\/\/www.vetorino.com\/veterinaire\/saintefoyleslyon-69110\/boutique\/wp-json\/wp\/v2\/types\/product"}],"wp:featuredmedia":[{"embeddable":true,"href":"https:\/\/www.vetorino.com\/veterinaire\/saintefoyleslyon-69110\/boutique\/wp-json\/wp\/v2\/media\/1026991"}],"wp:attachment":[{"href":"https:\/\/www.vetorino.com\/veterinaire\/saintefoyleslyon-69110\/boutique\/wp-json\/wp\/v2\/media?parent=91355"}],"wp:term":[{"taxonomy":"product_cat","embeddable":true,"href":"https:\/\/www.vetorino.com\/veterinaire\/saintefoyleslyon-69110\/boutique\/wp-json\/wp\/v2\/product_cat?post=91355"},{"taxonomy":"product_tag","embeddable":true,"href":"https:\/\/www.vetorino.com\/veterinaire\/saintefoyleslyon-69110\/boutique\/wp-json\/wp\/v2\/product_tag?post=91355"}],"curies":[{"name":"wp","href":"https:\/\/api.w.org\/{rel}","templated":true}]}}