{"id":91535,"date":"2020-06-26T14:12:20","date_gmt":"2020-06-26T12:12:20","guid":{"rendered":"https:\/\/www.vetorino.com\/boutique\/product\/cage-gulliver-2\/"},"modified":"2025-05-20T15:27:47","modified_gmt":"2025-05-20T13:27:47","slug":"cage-gulliver-2","status":"publish","type":"product","link":"https:\/\/www.vetorino.com\/veterinaire\/saintefoyleslyon-69110\/boutique\/product\/cage-gulliver-2\/","title":{"rendered":"Cage Gulliver"},"content":{"rendered":"<div class=\"hidden\">MATERIEL<\/div>\n<div class=\"hidden\">Chiens<\/div>\n<p>Id\u00e9ale pour le transport des petits animaux en toute s\u00e9curit\u00e9.<\/p>\n<ul>\n<li>En PVC.<\/li>\n<li>Avec porte m\u00e9tallique pour code CAG702 et porte plastique pour CAG797.<\/li>\n<li>Encoche pour la ceinture de s\u00e9curit\u00e9.<\/li>\n<li>Fermeture robuste de c\u00f4t\u00e9.<\/li>\n<li>Non autoris\u00e9e pour le transport a\u00e9rien.<\/li>\n<\/ul>\n","protected":false},"excerpt":{"rendered":"<p>Pour partir en vacances ou en week-end, aller chez le v\u00e9t\u00e9rinaire ou m\u00eame pour un simple trajet en voiture, la cage de transport Gulliver est pratique et s\u00e9curisante pour votre animal. Ses finitions soign\u00e9es en font un accessoire de voyage r\u00e9sistant dot\u00e9 de nombreuses a\u00e9rations dans lequel votre chat ou votre chien se sentira \u00e0 l&#8217;aise durant tout le transport. La cage de transport Gulliver est enti\u00e8rement s\u00e9curis\u00e9e gr\u00e2ce \u00e0 sa porte en plastique grillag\u00e9e et ses 4 points de verrouillage r\u00e9partis tout autour du panier. Cette caisse dispose d&#8217;un passage de ceinture sur chaque c\u00f4t\u00e9 permettant de le fixer sur le si\u00e8ge de la voiture avec la ceinture de s\u00e9curit\u00e9.<\/p>\n","protected":false},"featured_media":625447,"template":"","meta":[],"product_cat":[2776,2698],"product_tag":[],"class_list":{"0":"post-91535","1":"product","2":"type-product","3":"status-publish","4":"has-post-thumbnail","6":"product_cat-cages-et-transport-pour-chien","7":"product_cat-chien","8":"pa_marque-zolux","10":"first","11":"outofstock","12":"taxable","13":"shipping-taxable","14":"purchasable","15":"product-type-simple"},"yoast_head":"<!-- This site is optimized with the Yoast SEO plugin v27.3 - https:\/\/yoast.com\/product\/yoast-seo-wordpress\/ -->\n<title>Cage Gulliver Zolux - V\u00e9torino<\/title>\n<meta name=\"description\" content=\"Pour partir en vacances ou en week-end, aller chez le v\u00e9t\u00e9rinaire ou m\u00eame pour un simple trajet en voiture, la cage de transport Gulliver est pratique et s\u00e9curisante pour votre animal. Ses finitions soign\u00e9es en font un accessoire de voyage r\u00e9sistant dot\u00e9 de nombreuses a\u00e9rations dans lequel votre chat ou votre chien se sentira \u00e0 l&#039;aise durant tout le transport. La cage de transport Gulliver est enti\u00e8rement s\u00e9curis\u00e9e gr\u00e2ce \u00e0 sa porte en plastique grillag\u00e9e et ses 4 points de verrouillage r\u00e9partis tout autour du panier. Cette caisse dispose d&#039;un passage de ceinture sur chaque c\u00f4t\u00e9 permettant de le fixer sur le si\u00e8ge de la voiture avec la ceinture de s\u00e9curit\u00e9.\" \/>\n<meta name=\"robots\" content=\"noindex, nofollow\" \/>\n<meta property=\"og:locale\" content=\"fr_FR\" \/>\n<meta property=\"og:type\" content=\"article\" \/>\n<meta property=\"og:title\" content=\"Cage Gulliver Zolux - V\u00e9torino\" \/>\n<meta property=\"og:description\" content=\"Pour partir en vacances ou en week-end, aller chez le v\u00e9t\u00e9rinaire ou m\u00eame pour un simple trajet en voiture, la cage de transport Gulliver est pratique et s\u00e9curisante pour votre animal. Ses finitions soign\u00e9es en font un accessoire de voyage r\u00e9sistant dot\u00e9 de nombreuses a\u00e9rations dans lequel votre chat ou votre chien se sentira \u00e0 l&#039;aise durant tout le transport. La cage de transport Gulliver est enti\u00e8rement s\u00e9curis\u00e9e gr\u00e2ce \u00e0 sa porte en plastique grillag\u00e9e et ses 4 points de verrouillage r\u00e9partis tout autour du panier. Cette caisse dispose d&#039;un passage de ceinture sur chaque c\u00f4t\u00e9 permettant de le fixer sur le si\u00e8ge de la voiture avec la ceinture de s\u00e9curit\u00e9.\" \/>\n<meta property=\"og:url\" content=\"https:\/\/www.vetorino.com\/veterinaire\/saintefoyleslyon-69110\/boutique\/product\/cage-gulliver-2\/\" \/>\n<meta property=\"og:site_name\" content=\"V\u00e9torino\" \/>\n<meta property=\"article:publisher\" content=\"https:\/\/www.facebook.com\/Vetorino\/\" \/>\n<meta property=\"article:modified_time\" content=\"2025-05-20T13:27:47+00:00\" \/>\n<meta property=\"og:image\" content=\"https:\/\/www.vetorino.com\/boutique\/wp-content\/uploads\/2020\/06\/la_1452b24d495052a8ce66358eb576b8912c81649943521.png\" \/>\n\t<meta property=\"og:image:width\" content=\"1200\" \/>\n\t<meta property=\"og:image:height\" content=\"1200\" \/>\n\t<meta property=\"og:image:type\" content=\"image\/png\" \/>\n<meta name=\"twitter:card\" content=\"summary_large_image\" \/>\n<meta name=\"twitter:label1\" content=\"Prix\" \/>\n\t<meta name=\"twitter:data1\" content=\"17,76&euro;\" \/>\n\t<meta name=\"twitter:label2\" content=\"Disponibilit\u00e9\" \/>\n\t<meta name=\"twitter:data2\" content=\"Rupture de stock\" \/>\n<script type=\"application\/ld+json\" class=\"yoast-schema-graph\">{\"@context\":\"https:\\\/\\\/schema.org\",\"@graph\":[{\"@type\":\"WebPage\",\"@id\":\"https:\\\/\\\/www.vetorino.com\\\/veterinaire\\\/cherbourgencotentin-50130\\\/boutique\\\/product\\\/cage-gulliver-2\\\/\",\"url\":\"https:\\\/\\\/www.vetorino.com\\\/veterinaire\\\/cherbourgencotentin-50130\\\/boutique\\\/product\\\/cage-gulliver-2\\\/\",\"name\":\"Cage Gulliver Zolux - V\u00e9torino\",\"isPartOf\":{\"@id\":\"https:\\\/\\\/www.vetorino.com\\\/boutique\\\/#website\"},\"primaryImageOfPage\":{\"@id\":\"https:\\\/\\\/www.vetorino.com\\\/veterinaire\\\/cherbourgencotentin-50130\\\/boutique\\\/product\\\/cage-gulliver-2\\\/#primaryimage\"},\"image\":{\"@id\":\"https:\\\/\\\/www.vetorino.com\\\/veterinaire\\\/cherbourgencotentin-50130\\\/boutique\\\/product\\\/cage-gulliver-2\\\/#primaryimage\"},\"thumbnailUrl\":\"https:\\\/\\\/www.vetorino.com\\\/boutique\\\/wp-content\\\/uploads\\\/2020\\\/06\\\/la_1452b24d495052a8ce66358eb576b8912c81649943521.png\",\"datePublished\":\"2020-06-26T12:12:20+00:00\",\"dateModified\":\"2025-05-20T13:27:47+00:00\",\"description\":\"Pour partir en vacances ou en week-end, aller chez le v\u00e9t\u00e9rinaire ou m\u00eame pour un simple trajet en voiture, la cage de transport Gulliver est pratique et s\u00e9curisante pour votre animal. Ses finitions soign\u00e9es en font un accessoire de voyage r\u00e9sistant dot\u00e9 de nombreuses a\u00e9rations dans lequel votre chat ou votre chien se sentira \u00e0 l'aise durant tout le transport. La cage de transport Gulliver est enti\u00e8rement s\u00e9curis\u00e9e gr\u00e2ce \u00e0 sa porte en plastique grillag\u00e9e et ses 4 points de verrouillage r\u00e9partis tout autour du panier. Cette caisse dispose d'un passage de ceinture sur chaque c\u00f4t\u00e9 permettant de le fixer sur le si\u00e8ge de la voiture avec la ceinture de s\u00e9curit\u00e9.\",\"breadcrumb\":{\"@id\":\"https:\\\/\\\/www.vetorino.com\\\/veterinaire\\\/cherbourgencotentin-50130\\\/boutique\\\/product\\\/cage-gulliver-2\\\/#breadcrumb\"},\"inLanguage\":\"fr-FR\",\"potentialAction\":[{\"@type\":\"ReadAction\",\"target\":[\"https:\\\/\\\/www.vetorino.com\\\/veterinaire\\\/cherbourgencotentin-50130\\\/boutique\\\/product\\\/cage-gulliver-2\\\/\"]}]},{\"@type\":\"ImageObject\",\"inLanguage\":\"fr-FR\",\"@id\":\"https:\\\/\\\/www.vetorino.com\\\/veterinaire\\\/cherbourgencotentin-50130\\\/boutique\\\/product\\\/cage-gulliver-2\\\/#primaryimage\",\"url\":\"https:\\\/\\\/www.vetorino.com\\\/boutique\\\/wp-content\\\/uploads\\\/2020\\\/06\\\/la_1452b24d495052a8ce66358eb576b8912c81649943521.png\",\"contentUrl\":\"https:\\\/\\\/www.vetorino.com\\\/boutique\\\/wp-content\\\/uploads\\\/2020\\\/06\\\/la_1452b24d495052a8ce66358eb576b8912c81649943521.png\",\"width\":1200,\"height\":1200},{\"@type\":\"BreadcrumbList\",\"@id\":\"https:\\\/\\\/www.vetorino.com\\\/veterinaire\\\/cherbourgencotentin-50130\\\/boutique\\\/product\\\/cage-gulliver-2\\\/#breadcrumb\",\"itemListElement\":[{\"@type\":\"ListItem\",\"position\":1,\"name\":\"Accueil\",\"item\":\"https:\\\/\\\/www.vetorino.com\\\/boutique\\\/\"},{\"@type\":\"ListItem\",\"position\":2,\"name\":\"Produits\",\"item\":\"https:\\\/\\\/www.vetorino.com\\\/boutique\\\/\"},{\"@type\":\"ListItem\",\"position\":3,\"name\":\"Cage Gulliver\"}]},{\"@type\":\"WebSite\",\"@id\":\"https:\\\/\\\/www.vetorino.com\\\/boutique\\\/#website\",\"url\":\"https:\\\/\\\/www.vetorino.com\\\/boutique\\\/\",\"name\":\"V\u00e9torino\",\"description\":\"\",\"publisher\":{\"@id\":\"https:\\\/\\\/www.vetorino.com\\\/boutique\\\/#organization\"},\"potentialAction\":[{\"@type\":\"SearchAction\",\"target\":{\"@type\":\"EntryPoint\",\"urlTemplate\":\"https:\\\/\\\/www.vetorino.com\\\/boutique\\\/?s={search_term_string}\"},\"query-input\":{\"@type\":\"PropertyValueSpecification\",\"valueRequired\":true,\"valueName\":\"search_term_string\"}}],\"inLanguage\":\"fr-FR\"},{\"@type\":\"Organization\",\"@id\":\"https:\\\/\\\/www.vetorino.com\\\/boutique\\\/#organization\",\"name\":\"V\u00e9torino\",\"url\":\"https:\\\/\\\/www.vetorino.com\\\/boutique\\\/\",\"logo\":{\"@type\":\"ImageObject\",\"inLanguage\":\"fr-FR\",\"@id\":\"https:\\\/\\\/www.vetorino.com\\\/boutique\\\/#\\\/schema\\\/logo\\\/image\\\/\",\"url\":\"https:\\\/\\\/www.vetorino.com\\\/boutique\\\/wp-content\\\/uploads\\\/2024\\\/10\\\/logo.jpg\",\"contentUrl\":\"https:\\\/\\\/www.vetorino.com\\\/boutique\\\/wp-content\\\/uploads\\\/2024\\\/10\\\/logo.jpg\",\"width\":1200,\"height\":610,\"caption\":\"V\u00e9torino\"},\"image\":{\"@id\":\"https:\\\/\\\/www.vetorino.com\\\/boutique\\\/#\\\/schema\\\/logo\\\/image\\\/\"},\"sameAs\":[\"https:\\\/\\\/www.facebook.com\\\/Vetorino\\\/\",\"https:\\\/\\\/www.instagram.com\\\/vetorino_off\\\/\",\"https:\\\/\\\/www.linkedin.com\\\/company\\\/vtorino\\\/\"]}]}<\/script>\n<meta property=\"product:brand\" content=\"Zolux\" \/>\n<meta property=\"product:price:amount\" content=\"17.76\" \/>\n<meta property=\"product:price:currency\" content=\"EUR\" \/>\n<meta property=\"og:availability\" content=\"out of stock\" \/>\n<meta property=\"product:availability\" content=\"out of stock\" \/>\n<meta property=\"product:retailer_item_id\" content=\"C-CAG797\" \/>\n<meta property=\"product:condition\" content=\"new\" \/>\n<!-- \/ Yoast SEO plugin. -->","yoast_head_json":{"title":"Cage Gulliver Zolux - V\u00e9torino","description":"Pour partir en vacances ou en week-end, aller chez le v\u00e9t\u00e9rinaire ou m\u00eame pour un simple trajet en voiture, la cage de transport Gulliver est pratique et s\u00e9curisante pour votre animal. Ses finitions soign\u00e9es en font un accessoire de voyage r\u00e9sistant dot\u00e9 de nombreuses a\u00e9rations dans lequel votre chat ou votre chien se sentira \u00e0 l'aise durant tout le transport. La cage de transport Gulliver est enti\u00e8rement s\u00e9curis\u00e9e gr\u00e2ce \u00e0 sa porte en plastique grillag\u00e9e et ses 4 points de verrouillage r\u00e9partis tout autour du panier. Cette caisse dispose d'un passage de ceinture sur chaque c\u00f4t\u00e9 permettant de le fixer sur le si\u00e8ge de la voiture avec la ceinture de s\u00e9curit\u00e9.","robots":{"index":"noindex","follow":"nofollow"},"og_locale":"fr_FR","og_type":"article","og_title":"Cage Gulliver Zolux - V\u00e9torino","og_description":"Pour partir en vacances ou en week-end, aller chez le v\u00e9t\u00e9rinaire ou m\u00eame pour un simple trajet en voiture, la cage de transport Gulliver est pratique et s\u00e9curisante pour votre animal. Ses finitions soign\u00e9es en font un accessoire de voyage r\u00e9sistant dot\u00e9 de nombreuses a\u00e9rations dans lequel votre chat ou votre chien se sentira \u00e0 l'aise durant tout le transport. La cage de transport Gulliver est enti\u00e8rement s\u00e9curis\u00e9e gr\u00e2ce \u00e0 sa porte en plastique grillag\u00e9e et ses 4 points de verrouillage r\u00e9partis tout autour du panier. Cette caisse dispose d'un passage de ceinture sur chaque c\u00f4t\u00e9 permettant de le fixer sur le si\u00e8ge de la voiture avec la ceinture de s\u00e9curit\u00e9.","og_url":"https:\/\/www.vetorino.com\/veterinaire\/saintefoyleslyon-69110\/boutique\/product\/cage-gulliver-2\/","og_site_name":"V\u00e9torino","article_publisher":"https:\/\/www.facebook.com\/Vetorino\/","article_modified_time":"2025-05-20T13:27:47+00:00","og_image":[{"width":1200,"height":1200,"url":"https:\/\/www.vetorino.com\/boutique\/wp-content\/uploads\/2020\/06\/la_1452b24d495052a8ce66358eb576b8912c81649943521.png","type":"image\/png"}],"twitter_card":"summary_large_image","twitter_misc":{"Prix":"17,76&euro;","Disponibilit\u00e9":"Rupture de stock"},"schema":{"@context":"https:\/\/schema.org","@graph":[{"@type":"WebPage","@id":"https:\/\/www.vetorino.com\/veterinaire\/cherbourgencotentin-50130\/boutique\/product\/cage-gulliver-2\/","url":"https:\/\/www.vetorino.com\/veterinaire\/cherbourgencotentin-50130\/boutique\/product\/cage-gulliver-2\/","name":"Cage Gulliver Zolux - V\u00e9torino","isPartOf":{"@id":"https:\/\/www.vetorino.com\/boutique\/#website"},"primaryImageOfPage":{"@id":"https:\/\/www.vetorino.com\/veterinaire\/cherbourgencotentin-50130\/boutique\/product\/cage-gulliver-2\/#primaryimage"},"image":{"@id":"https:\/\/www.vetorino.com\/veterinaire\/cherbourgencotentin-50130\/boutique\/product\/cage-gulliver-2\/#primaryimage"},"thumbnailUrl":"https:\/\/www.vetorino.com\/boutique\/wp-content\/uploads\/2020\/06\/la_1452b24d495052a8ce66358eb576b8912c81649943521.png","datePublished":"2020-06-26T12:12:20+00:00","dateModified":"2025-05-20T13:27:47+00:00","description":"Pour partir en vacances ou en week-end, aller chez le v\u00e9t\u00e9rinaire ou m\u00eame pour un simple trajet en voiture, la cage de transport Gulliver est pratique et s\u00e9curisante pour votre animal. Ses finitions soign\u00e9es en font un accessoire de voyage r\u00e9sistant dot\u00e9 de nombreuses a\u00e9rations dans lequel votre chat ou votre chien se sentira \u00e0 l'aise durant tout le transport. La cage de transport Gulliver est enti\u00e8rement s\u00e9curis\u00e9e gr\u00e2ce \u00e0 sa porte en plastique grillag\u00e9e et ses 4 points de verrouillage r\u00e9partis tout autour du panier. Cette caisse dispose d'un passage de ceinture sur chaque c\u00f4t\u00e9 permettant de le fixer sur le si\u00e8ge de la voiture avec la ceinture de s\u00e9curit\u00e9.","breadcrumb":{"@id":"https:\/\/www.vetorino.com\/veterinaire\/cherbourgencotentin-50130\/boutique\/product\/cage-gulliver-2\/#breadcrumb"},"inLanguage":"fr-FR","potentialAction":[{"@type":"ReadAction","target":["https:\/\/www.vetorino.com\/veterinaire\/cherbourgencotentin-50130\/boutique\/product\/cage-gulliver-2\/"]}]},{"@type":"ImageObject","inLanguage":"fr-FR","@id":"https:\/\/www.vetorino.com\/veterinaire\/cherbourgencotentin-50130\/boutique\/product\/cage-gulliver-2\/#primaryimage","url":"https:\/\/www.vetorino.com\/boutique\/wp-content\/uploads\/2020\/06\/la_1452b24d495052a8ce66358eb576b8912c81649943521.png","contentUrl":"https:\/\/www.vetorino.com\/boutique\/wp-content\/uploads\/2020\/06\/la_1452b24d495052a8ce66358eb576b8912c81649943521.png","width":1200,"height":1200},{"@type":"BreadcrumbList","@id":"https:\/\/www.vetorino.com\/veterinaire\/cherbourgencotentin-50130\/boutique\/product\/cage-gulliver-2\/#breadcrumb","itemListElement":[{"@type":"ListItem","position":1,"name":"Accueil","item":"https:\/\/www.vetorino.com\/boutique\/"},{"@type":"ListItem","position":2,"name":"Produits","item":"https:\/\/www.vetorino.com\/boutique\/"},{"@type":"ListItem","position":3,"name":"Cage Gulliver"}]},{"@type":"WebSite","@id":"https:\/\/www.vetorino.com\/boutique\/#website","url":"https:\/\/www.vetorino.com\/boutique\/","name":"V\u00e9torino","description":"","publisher":{"@id":"https:\/\/www.vetorino.com\/boutique\/#organization"},"potentialAction":[{"@type":"SearchAction","target":{"@type":"EntryPoint","urlTemplate":"https:\/\/www.vetorino.com\/boutique\/?s={search_term_string}"},"query-input":{"@type":"PropertyValueSpecification","valueRequired":true,"valueName":"search_term_string"}}],"inLanguage":"fr-FR"},{"@type":"Organization","@id":"https:\/\/www.vetorino.com\/boutique\/#organization","name":"V\u00e9torino","url":"https:\/\/www.vetorino.com\/boutique\/","logo":{"@type":"ImageObject","inLanguage":"fr-FR","@id":"https:\/\/www.vetorino.com\/boutique\/#\/schema\/logo\/image\/","url":"https:\/\/www.vetorino.com\/boutique\/wp-content\/uploads\/2024\/10\/logo.jpg","contentUrl":"https:\/\/www.vetorino.com\/boutique\/wp-content\/uploads\/2024\/10\/logo.jpg","width":1200,"height":610,"caption":"V\u00e9torino"},"image":{"@id":"https:\/\/www.vetorino.com\/boutique\/#\/schema\/logo\/image\/"},"sameAs":["https:\/\/www.facebook.com\/Vetorino\/","https:\/\/www.instagram.com\/vetorino_off\/","https:\/\/www.linkedin.com\/company\/vtorino\/"]}]},"product_brand":"Zolux","product_price_amount":"17.76","product_price_currency":"EUR","og_availability":"out of stock","product_availability":"out of stock","product_retailer_item_id":"C-CAG797","product_condition":"new"},"_links":{"self":[{"href":"https:\/\/www.vetorino.com\/veterinaire\/saintefoyleslyon-69110\/boutique\/wp-json\/wp\/v2\/product\/91535","targetHints":{"allow":["GET"]}}],"collection":[{"href":"https:\/\/www.vetorino.com\/veterinaire\/saintefoyleslyon-69110\/boutique\/wp-json\/wp\/v2\/product"}],"about":[{"href":"https:\/\/www.vetorino.com\/veterinaire\/saintefoyleslyon-69110\/boutique\/wp-json\/wp\/v2\/types\/product"}],"wp:featuredmedia":[{"embeddable":true,"href":"https:\/\/www.vetorino.com\/veterinaire\/saintefoyleslyon-69110\/boutique\/wp-json\/wp\/v2\/media\/625447"}],"wp:attachment":[{"href":"https:\/\/www.vetorino.com\/veterinaire\/saintefoyleslyon-69110\/boutique\/wp-json\/wp\/v2\/media?parent=91535"}],"wp:term":[{"taxonomy":"product_cat","embeddable":true,"href":"https:\/\/www.vetorino.com\/veterinaire\/saintefoyleslyon-69110\/boutique\/wp-json\/wp\/v2\/product_cat?post=91535"},{"taxonomy":"product_tag","embeddable":true,"href":"https:\/\/www.vetorino.com\/veterinaire\/saintefoyleslyon-69110\/boutique\/wp-json\/wp\/v2\/product_tag?post=91535"}],"curies":[{"name":"wp","href":"https:\/\/api.w.org\/{rel}","templated":true}]}}