{"id":94667,"date":"2020-06-29T15:08:35","date_gmt":"2020-06-29T13:08:35","guid":{"rendered":"https:\/\/www.vetorino.com\/boutique\/product\/couverture-impermeable-back-on-track-brianna\/"},"modified":"2024-07-17T09:44:25","modified_gmt":"2024-07-17T07:44:25","slug":"couverture-impermeable-back-on-track-brianna","status":"publish","type":"product","link":"https:\/\/www.vetorino.com\/veterinaire\/saintefoyleslyon-69110\/boutique\/product\/couverture-impermeable-back-on-track-brianna\/","title":{"rendered":"Couverture imperm\u00e9able Back On Track Brianna"},"content":{"rendered":"<p>La<strong>\u00a0couverture imperm\u00e9able cheval Back On Track\u00a0<\/strong>est parfaite pour les chevaux vivants au pr\u00e9 ou par mauvais temps gr\u00e2ce \u00e0 son ext\u00e9rieur r\u00e9sistance 1200 deniers ripstop.<\/p>\n<p>Cette couverture pour chevaux est imperm\u00e9able, respirante, extr\u00eamement durable et de tr\u00e8s haute qualit\u00e9.<\/p>\n<p>Tr\u00e8s confortable pour le cheval avec une encolure haute et un grand rabat de queue elle permet \u00e9galement une protection optimale en cas d&#8217;intemp\u00e9ries.<\/p>\n<p>En plus de la doublure Weltex\u00ae qui favorise une bonne circulation du sang, cette\u00a0<strong>couverture imperm\u00e9able cheval Back On Track Brianna\u00a0<\/strong>poss\u00e8de des doublures douces \u00e0 l&#8217;avant, sur la crini\u00e8re et la queue afin d&#8217;\u00e9viter les frottements et pour garder le poil de votre cheval ou poney en bon \u00e9tat.<\/p>\n","protected":false},"excerpt":{"rendered":"<p>La<strong>\u00a0couverture imperm\u00e9able cheval Back On Track\u00a0<\/strong>est parfaite pour les chevaux vivants au pr\u00e9 ou par mauvais temps gr\u00e2ce \u00e0 son ext\u00e9rieur r\u00e9sistance 1200 deniers ripstop.<\/p>\n","protected":false},"featured_media":213053,"template":"","meta":[],"product_cat":[12547,13395,12760],"product_tag":[],"class_list":{"0":"post-94667","1":"product","2":"type-product","3":"status-publish","4":"has-post-thumbnail","6":"product_cat-cheval","7":"product_cat-couverture-et-protection-du-cheval","8":"product_cat-materiel-et-equipement-du-cheval","9":"pa_marque-back-on-track","11":"first","12":"outofstock","13":"taxable","14":"shipping-taxable","15":"product-type-variable"},"yoast_head":"<!-- This site is optimized with the Yoast SEO plugin v27.3 - https:\/\/yoast.com\/product\/yoast-seo-wordpress\/ -->\n<title>Couverture imperm\u00e9able Back On Track Brianna Back on Track - V\u00e9torino<\/title>\n<meta name=\"description\" content=\"La\u00a0couverture imperm\u00e9able cheval Back On Track\u00a0est parfaite pour les chevaux vivants au pr\u00e9 ou par mauvais temps gr\u00e2ce \u00e0 son ext\u00e9rieur r\u00e9sistance 1200 deniers ripstop.\" \/>\n<meta name=\"robots\" content=\"noindex, nofollow\" \/>\n<meta property=\"og:locale\" content=\"fr_FR\" \/>\n<meta property=\"og:type\" content=\"article\" \/>\n<meta property=\"og:title\" content=\"Couverture imperm\u00e9able Back On Track Brianna Back on Track - V\u00e9torino\" \/>\n<meta property=\"og:description\" content=\"La\u00a0couverture imperm\u00e9able cheval Back On Track\u00a0est parfaite pour les chevaux vivants au pr\u00e9 ou par mauvais temps gr\u00e2ce \u00e0 son ext\u00e9rieur r\u00e9sistance 1200 deniers ripstop.\" \/>\n<meta property=\"og:url\" content=\"https:\/\/www.vetorino.com\/veterinaire\/saintefoyleslyon-69110\/boutique\/product\/couverture-impermeable-back-on-track-brianna\/\" \/>\n<meta property=\"og:site_name\" content=\"V\u00e9torino\" \/>\n<meta property=\"article:publisher\" content=\"https:\/\/www.facebook.com\/Vetorino\/\" \/>\n<meta property=\"article:modified_time\" content=\"2024-07-17T07:44:25+00:00\" \/>\n<meta property=\"og:image\" content=\"https:\/\/www.vetorino.com\/boutique\/wp-content\/uploads\/2020\/06\/couverture-impermeale-brianna-back-on-track.jpg\" \/>\n\t<meta property=\"og:image:width\" content=\"458\" \/>\n\t<meta property=\"og:image:height\" content=\"458\" \/>\n\t<meta property=\"og:image:type\" content=\"image\/jpeg\" \/>\n<meta name=\"twitter:card\" content=\"summary_large_image\" \/>\n<meta name=\"twitter:label1\" content=\"Disponibilit\u00e9\" \/>\n\t<meta name=\"twitter:data1\" content=\"Rupture de stock\" \/>\n<script type=\"application\/ld+json\" class=\"yoast-schema-graph\">{\"@context\":\"https:\\\/\\\/schema.org\",\"@graph\":[{\"@type\":\"WebPage\",\"@id\":\"https:\\\/\\\/www.vetorino.com\\\/boutique\\\/product\\\/couverture-impermeable-back-on-track-brianna\\\/\",\"url\":\"https:\\\/\\\/www.vetorino.com\\\/boutique\\\/product\\\/couverture-impermeable-back-on-track-brianna\\\/\",\"name\":\"Couverture imperm\u00e9able Back On Track Brianna Back on Track - V\u00e9torino\",\"isPartOf\":{\"@id\":\"https:\\\/\\\/www.vetorino.com\\\/boutique\\\/#website\"},\"primaryImageOfPage\":{\"@id\":\"https:\\\/\\\/www.vetorino.com\\\/boutique\\\/product\\\/couverture-impermeable-back-on-track-brianna\\\/#primaryimage\"},\"image\":{\"@id\":\"https:\\\/\\\/www.vetorino.com\\\/boutique\\\/product\\\/couverture-impermeable-back-on-track-brianna\\\/#primaryimage\"},\"thumbnailUrl\":\"https:\\\/\\\/www.vetorino.com\\\/boutique\\\/wp-content\\\/uploads\\\/2020\\\/06\\\/couverture-impermeale-brianna-back-on-track.jpg\",\"datePublished\":\"2020-06-29T13:08:35+00:00\",\"dateModified\":\"2024-07-17T07:44:25+00:00\",\"description\":\"La\u00a0couverture imperm\u00e9able cheval Back On Track\u00a0est parfaite pour les chevaux vivants au pr\u00e9 ou par mauvais temps gr\u00e2ce \u00e0 son ext\u00e9rieur r\u00e9sistance 1200 deniers ripstop.\",\"breadcrumb\":{\"@id\":\"https:\\\/\\\/www.vetorino.com\\\/boutique\\\/product\\\/couverture-impermeable-back-on-track-brianna\\\/#breadcrumb\"},\"inLanguage\":\"fr-FR\",\"potentialAction\":[{\"@type\":\"ReadAction\",\"target\":[\"https:\\\/\\\/www.vetorino.com\\\/boutique\\\/product\\\/couverture-impermeable-back-on-track-brianna\\\/\"]}]},{\"@type\":\"ImageObject\",\"inLanguage\":\"fr-FR\",\"@id\":\"https:\\\/\\\/www.vetorino.com\\\/boutique\\\/product\\\/couverture-impermeable-back-on-track-brianna\\\/#primaryimage\",\"url\":\"https:\\\/\\\/www.vetorino.com\\\/boutique\\\/wp-content\\\/uploads\\\/2020\\\/06\\\/couverture-impermeale-brianna-back-on-track.jpg\",\"contentUrl\":\"https:\\\/\\\/www.vetorino.com\\\/boutique\\\/wp-content\\\/uploads\\\/2020\\\/06\\\/couverture-impermeale-brianna-back-on-track.jpg\",\"width\":458,\"height\":458},{\"@type\":\"BreadcrumbList\",\"@id\":\"https:\\\/\\\/www.vetorino.com\\\/boutique\\\/product\\\/couverture-impermeable-back-on-track-brianna\\\/#breadcrumb\",\"itemListElement\":[{\"@type\":\"ListItem\",\"position\":1,\"name\":\"Accueil\",\"item\":\"https:\\\/\\\/www.vetorino.com\\\/boutique\\\/\"},{\"@type\":\"ListItem\",\"position\":2,\"name\":\"Produits\",\"item\":\"https:\\\/\\\/www.vetorino.com\\\/boutique\\\/\"},{\"@type\":\"ListItem\",\"position\":3,\"name\":\"Couverture imperm\u00e9able Back On Track Brianna\"}]},{\"@type\":\"WebSite\",\"@id\":\"https:\\\/\\\/www.vetorino.com\\\/boutique\\\/#website\",\"url\":\"https:\\\/\\\/www.vetorino.com\\\/boutique\\\/\",\"name\":\"V\u00e9torino\",\"description\":\"\",\"publisher\":{\"@id\":\"https:\\\/\\\/www.vetorino.com\\\/boutique\\\/#organization\"},\"potentialAction\":[{\"@type\":\"SearchAction\",\"target\":{\"@type\":\"EntryPoint\",\"urlTemplate\":\"https:\\\/\\\/www.vetorino.com\\\/boutique\\\/?s={search_term_string}\"},\"query-input\":{\"@type\":\"PropertyValueSpecification\",\"valueRequired\":true,\"valueName\":\"search_term_string\"}}],\"inLanguage\":\"fr-FR\"},{\"@type\":\"Organization\",\"@id\":\"https:\\\/\\\/www.vetorino.com\\\/boutique\\\/#organization\",\"name\":\"V\u00e9torino\",\"url\":\"https:\\\/\\\/www.vetorino.com\\\/boutique\\\/\",\"logo\":{\"@type\":\"ImageObject\",\"inLanguage\":\"fr-FR\",\"@id\":\"https:\\\/\\\/www.vetorino.com\\\/boutique\\\/#\\\/schema\\\/logo\\\/image\\\/\",\"url\":\"https:\\\/\\\/www.vetorino.com\\\/boutique\\\/wp-content\\\/uploads\\\/2024\\\/10\\\/logo.jpg\",\"contentUrl\":\"https:\\\/\\\/www.vetorino.com\\\/boutique\\\/wp-content\\\/uploads\\\/2024\\\/10\\\/logo.jpg\",\"width\":1200,\"height\":610,\"caption\":\"V\u00e9torino\"},\"image\":{\"@id\":\"https:\\\/\\\/www.vetorino.com\\\/boutique\\\/#\\\/schema\\\/logo\\\/image\\\/\"},\"sameAs\":[\"https:\\\/\\\/www.facebook.com\\\/Vetorino\\\/\",\"https:\\\/\\\/www.instagram.com\\\/vetorino_off\\\/\",\"https:\\\/\\\/www.linkedin.com\\\/company\\\/vtorino\\\/\"]}]}<\/script>\n<meta property=\"product:brand\" content=\"Back on Track\" \/>\n<meta property=\"og:availability\" content=\"out of stock\" \/>\n<meta property=\"product:availability\" content=\"out of stock\" \/>\n<meta property=\"product:condition\" content=\"new\" \/>\n<!-- \/ Yoast SEO plugin. -->","yoast_head_json":{"title":"Couverture imperm\u00e9able Back On Track Brianna Back on Track - V\u00e9torino","description":"La\u00a0couverture imperm\u00e9able cheval Back On Track\u00a0est parfaite pour les chevaux vivants au pr\u00e9 ou par mauvais temps gr\u00e2ce \u00e0 son ext\u00e9rieur r\u00e9sistance 1200 deniers ripstop.","robots":{"index":"noindex","follow":"nofollow"},"og_locale":"fr_FR","og_type":"article","og_title":"Couverture imperm\u00e9able Back On Track Brianna Back on Track - V\u00e9torino","og_description":"La\u00a0couverture imperm\u00e9able cheval Back On Track\u00a0est parfaite pour les chevaux vivants au pr\u00e9 ou par mauvais temps gr\u00e2ce \u00e0 son ext\u00e9rieur r\u00e9sistance 1200 deniers ripstop.","og_url":"https:\/\/www.vetorino.com\/veterinaire\/saintefoyleslyon-69110\/boutique\/product\/couverture-impermeable-back-on-track-brianna\/","og_site_name":"V\u00e9torino","article_publisher":"https:\/\/www.facebook.com\/Vetorino\/","article_modified_time":"2024-07-17T07:44:25+00:00","og_image":[{"width":458,"height":458,"url":"https:\/\/www.vetorino.com\/boutique\/wp-content\/uploads\/2020\/06\/couverture-impermeale-brianna-back-on-track.jpg","type":"image\/jpeg"}],"twitter_card":"summary_large_image","twitter_misc":{"Disponibilit\u00e9":"Rupture de stock"},"schema":{"@context":"https:\/\/schema.org","@graph":[{"@type":"WebPage","@id":"https:\/\/www.vetorino.com\/boutique\/product\/couverture-impermeable-back-on-track-brianna\/","url":"https:\/\/www.vetorino.com\/boutique\/product\/couverture-impermeable-back-on-track-brianna\/","name":"Couverture imperm\u00e9able Back On Track Brianna Back on Track - V\u00e9torino","isPartOf":{"@id":"https:\/\/www.vetorino.com\/boutique\/#website"},"primaryImageOfPage":{"@id":"https:\/\/www.vetorino.com\/boutique\/product\/couverture-impermeable-back-on-track-brianna\/#primaryimage"},"image":{"@id":"https:\/\/www.vetorino.com\/boutique\/product\/couverture-impermeable-back-on-track-brianna\/#primaryimage"},"thumbnailUrl":"https:\/\/www.vetorino.com\/boutique\/wp-content\/uploads\/2020\/06\/couverture-impermeale-brianna-back-on-track.jpg","datePublished":"2020-06-29T13:08:35+00:00","dateModified":"2024-07-17T07:44:25+00:00","description":"La\u00a0couverture imperm\u00e9able cheval Back On Track\u00a0est parfaite pour les chevaux vivants au pr\u00e9 ou par mauvais temps gr\u00e2ce \u00e0 son ext\u00e9rieur r\u00e9sistance 1200 deniers ripstop.","breadcrumb":{"@id":"https:\/\/www.vetorino.com\/boutique\/product\/couverture-impermeable-back-on-track-brianna\/#breadcrumb"},"inLanguage":"fr-FR","potentialAction":[{"@type":"ReadAction","target":["https:\/\/www.vetorino.com\/boutique\/product\/couverture-impermeable-back-on-track-brianna\/"]}]},{"@type":"ImageObject","inLanguage":"fr-FR","@id":"https:\/\/www.vetorino.com\/boutique\/product\/couverture-impermeable-back-on-track-brianna\/#primaryimage","url":"https:\/\/www.vetorino.com\/boutique\/wp-content\/uploads\/2020\/06\/couverture-impermeale-brianna-back-on-track.jpg","contentUrl":"https:\/\/www.vetorino.com\/boutique\/wp-content\/uploads\/2020\/06\/couverture-impermeale-brianna-back-on-track.jpg","width":458,"height":458},{"@type":"BreadcrumbList","@id":"https:\/\/www.vetorino.com\/boutique\/product\/couverture-impermeable-back-on-track-brianna\/#breadcrumb","itemListElement":[{"@type":"ListItem","position":1,"name":"Accueil","item":"https:\/\/www.vetorino.com\/boutique\/"},{"@type":"ListItem","position":2,"name":"Produits","item":"https:\/\/www.vetorino.com\/boutique\/"},{"@type":"ListItem","position":3,"name":"Couverture imperm\u00e9able Back On Track Brianna"}]},{"@type":"WebSite","@id":"https:\/\/www.vetorino.com\/boutique\/#website","url":"https:\/\/www.vetorino.com\/boutique\/","name":"V\u00e9torino","description":"","publisher":{"@id":"https:\/\/www.vetorino.com\/boutique\/#organization"},"potentialAction":[{"@type":"SearchAction","target":{"@type":"EntryPoint","urlTemplate":"https:\/\/www.vetorino.com\/boutique\/?s={search_term_string}"},"query-input":{"@type":"PropertyValueSpecification","valueRequired":true,"valueName":"search_term_string"}}],"inLanguage":"fr-FR"},{"@type":"Organization","@id":"https:\/\/www.vetorino.com\/boutique\/#organization","name":"V\u00e9torino","url":"https:\/\/www.vetorino.com\/boutique\/","logo":{"@type":"ImageObject","inLanguage":"fr-FR","@id":"https:\/\/www.vetorino.com\/boutique\/#\/schema\/logo\/image\/","url":"https:\/\/www.vetorino.com\/boutique\/wp-content\/uploads\/2024\/10\/logo.jpg","contentUrl":"https:\/\/www.vetorino.com\/boutique\/wp-content\/uploads\/2024\/10\/logo.jpg","width":1200,"height":610,"caption":"V\u00e9torino"},"image":{"@id":"https:\/\/www.vetorino.com\/boutique\/#\/schema\/logo\/image\/"},"sameAs":["https:\/\/www.facebook.com\/Vetorino\/","https:\/\/www.instagram.com\/vetorino_off\/","https:\/\/www.linkedin.com\/company\/vtorino\/"]}]},"product_brand":"Back on Track","og_availability":"out of stock","product_availability":"out of stock","product_condition":"new"},"_links":{"self":[{"href":"https:\/\/www.vetorino.com\/veterinaire\/saintefoyleslyon-69110\/boutique\/wp-json\/wp\/v2\/product\/94667","targetHints":{"allow":["GET"]}}],"collection":[{"href":"https:\/\/www.vetorino.com\/veterinaire\/saintefoyleslyon-69110\/boutique\/wp-json\/wp\/v2\/product"}],"about":[{"href":"https:\/\/www.vetorino.com\/veterinaire\/saintefoyleslyon-69110\/boutique\/wp-json\/wp\/v2\/types\/product"}],"wp:featuredmedia":[{"embeddable":true,"href":"https:\/\/www.vetorino.com\/veterinaire\/saintefoyleslyon-69110\/boutique\/wp-json\/wp\/v2\/media\/213053"}],"wp:attachment":[{"href":"https:\/\/www.vetorino.com\/veterinaire\/saintefoyleslyon-69110\/boutique\/wp-json\/wp\/v2\/media?parent=94667"}],"wp:term":[{"taxonomy":"product_cat","embeddable":true,"href":"https:\/\/www.vetorino.com\/veterinaire\/saintefoyleslyon-69110\/boutique\/wp-json\/wp\/v2\/product_cat?post=94667"},{"taxonomy":"product_tag","embeddable":true,"href":"https:\/\/www.vetorino.com\/veterinaire\/saintefoyleslyon-69110\/boutique\/wp-json\/wp\/v2\/product_tag?post=94667"}],"curies":[{"name":"wp","href":"https:\/\/api.w.org\/{rel}","templated":true}]}}