{"id":94992,"date":"2020-06-29T16:58:09","date_gmt":"2020-06-29T14:58:09","guid":{"rendered":"https:\/\/www.vetorino.com\/boutique\/product\/dermacool-nf\/"},"modified":"2025-08-23T22:36:15","modified_gmt":"2025-08-23T20:36:15","slug":"dermacool-nf","status":"publish","type":"product","link":"https:\/\/www.vetorino.com\/veterinaire\/saintefoyleslyon-69110\/boutique\/product\/dermacool-nf\/","title":{"rendered":"Dermacool Lotion &#8211; chien chat"},"content":{"rendered":"<p>Dermacool est un <strong>spray dermatologique<\/strong> pour les chiens et les chats <strong>pour apaiser et hydrater la peau irrit\u00e9 et sensible<\/strong>. Il permet de pr\u00e9server l&#8217;\u00e9quilibre microbien.<\/p>\n<p>Dermacool <strong>procure une sensation de fra\u00eecheur<\/strong> et contient des SPH\u00c9RULITES, un syst\u00e8me d&#8217;encapsulation qui permet une <strong>lib\u00e9ration progressive et contr\u00f4l\u00e9e des ingr\u00e9dients sur la peau<\/strong>.<\/p>\n","protected":false},"excerpt":{"rendered":"<p>Dermacool est un <strong>spray dermatologique<\/strong> pour les chiens et les chats <strong>pour apaiser et hydrater la peau irrit\u00e9 et sensible<\/strong>. Il permet de pr\u00e9server l&#8217;\u00e9quilibre microbien.<\/p>\n<p>&nbsp;<\/p>\n","protected":false},"featured_media":1416570,"template":"","meta":[],"product_cat":[2697,2698,12567,12611,12612,12561,12568],"product_tag":[],"class_list":{"0":"post-94992","1":"product","2":"type-product","3":"status-publish","4":"has-post-thumbnail","6":"product_cat-chat","7":"product_cat-chien","8":"product_cat-produit-veterinaire-du-chat","9":"product_cat-hygiene-de-la-peau-et-du-pelage-du-chat","10":"product_cat-hygiene-de-la-peau-et-du-pelage-du-chien","11":"product_cat-hygiene-du-chien","12":"product_cat-produit-veterinaire-du-chien","13":"pa_marque-virbac","15":"first","16":"outofstock","17":"taxable","18":"shipping-taxable","19":"purchasable","20":"product-type-simple"},"yoast_head":"<!-- This site is optimized with the Yoast SEO plugin v27.3 - https:\/\/yoast.com\/product\/yoast-seo-wordpress\/ -->\n<title>Dermacool Lotion - chien chat Virbac - V\u00e9torino<\/title>\n<meta name=\"description\" content=\"Dermacool est un spray dermatologique pour les chiens et les chats pour apaiser et hydrater la peau irrit\u00e9 et sensible. Il permet de pr\u00e9server l&#039;\u00e9quilibre microbien.  &nbsp;\" \/>\n<meta name=\"robots\" content=\"noindex, nofollow\" \/>\n<meta property=\"og:locale\" content=\"fr_FR\" \/>\n<meta property=\"og:type\" content=\"article\" \/>\n<meta property=\"og:title\" content=\"Dermacool Lotion - chien chat Virbac - V\u00e9torino\" \/>\n<meta property=\"og:description\" content=\"Dermacool est un spray dermatologique pour les chiens et les chats pour apaiser et hydrater la peau irrit\u00e9 et sensible. Il permet de pr\u00e9server l&#039;\u00e9quilibre microbien.  &nbsp;\" \/>\n<meta property=\"og:url\" content=\"https:\/\/www.vetorino.com\/veterinaire\/saintefoyleslyon-69110\/boutique\/product\/dermacool-nf\/\" \/>\n<meta property=\"og:site_name\" content=\"V\u00e9torino\" \/>\n<meta property=\"article:publisher\" content=\"https:\/\/www.facebook.com\/Vetorino\/\" \/>\n<meta property=\"article:modified_time\" content=\"2025-08-23T20:36:15+00:00\" \/>\n<meta property=\"og:image\" content=\"https:\/\/www.vetorino.com\/boutique\/wp-content\/uploads\/2021\/05\/lotion-dermacool-virbac.webp\" \/>\n\t<meta property=\"og:image:width\" content=\"2000\" \/>\n\t<meta property=\"og:image:height\" content=\"2133\" \/>\n\t<meta property=\"og:image:type\" content=\"image\/webp\" \/>\n<meta name=\"twitter:card\" content=\"summary_large_image\" \/>\n<meta name=\"twitter:label1\" content=\"Prix\" \/>\n\t<meta name=\"twitter:data1\" content=\"14,74&euro;\" \/>\n\t<meta name=\"twitter:label2\" content=\"Disponibilit\u00e9\" \/>\n\t<meta name=\"twitter:data2\" content=\"Rupture de stock\" \/>\n<script type=\"application\/ld+json\" class=\"yoast-schema-graph\">{\"@context\":\"https:\\\/\\\/schema.org\",\"@graph\":[{\"@type\":\"WebPage\",\"@id\":\"https:\\\/\\\/www.vetorino.com\\\/veterinaire\\\/pontarlier-25300\\\/boutique\\\/product\\\/dermacool-nf\\\/\",\"url\":\"https:\\\/\\\/www.vetorino.com\\\/veterinaire\\\/pontarlier-25300\\\/boutique\\\/product\\\/dermacool-nf\\\/\",\"name\":\"Dermacool Lotion - chien chat Virbac - V\u00e9torino\",\"isPartOf\":{\"@id\":\"https:\\\/\\\/www.vetorino.com\\\/boutique\\\/#website\"},\"primaryImageOfPage\":{\"@id\":\"https:\\\/\\\/www.vetorino.com\\\/veterinaire\\\/pontarlier-25300\\\/boutique\\\/product\\\/dermacool-nf\\\/#primaryimage\"},\"image\":{\"@id\":\"https:\\\/\\\/www.vetorino.com\\\/veterinaire\\\/pontarlier-25300\\\/boutique\\\/product\\\/dermacool-nf\\\/#primaryimage\"},\"thumbnailUrl\":\"https:\\\/\\\/www.vetorino.com\\\/boutique\\\/wp-content\\\/uploads\\\/2021\\\/05\\\/lotion-dermacool-virbac.webp\",\"datePublished\":\"2020-06-29T14:58:09+00:00\",\"dateModified\":\"2025-08-23T20:36:15+00:00\",\"description\":\"Dermacool est un spray dermatologique pour les chiens et les chats pour apaiser et hydrater la peau irrit\u00e9 et sensible. Il permet de pr\u00e9server l'\u00e9quilibre microbien. &nbsp;\",\"breadcrumb\":{\"@id\":\"https:\\\/\\\/www.vetorino.com\\\/veterinaire\\\/pontarlier-25300\\\/boutique\\\/product\\\/dermacool-nf\\\/#breadcrumb\"},\"inLanguage\":\"fr-FR\",\"potentialAction\":[{\"@type\":\"ReadAction\",\"target\":[\"https:\\\/\\\/www.vetorino.com\\\/veterinaire\\\/pontarlier-25300\\\/boutique\\\/product\\\/dermacool-nf\\\/\"]}]},{\"@type\":\"ImageObject\",\"inLanguage\":\"fr-FR\",\"@id\":\"https:\\\/\\\/www.vetorino.com\\\/veterinaire\\\/pontarlier-25300\\\/boutique\\\/product\\\/dermacool-nf\\\/#primaryimage\",\"url\":\"https:\\\/\\\/www.vetorino.com\\\/boutique\\\/wp-content\\\/uploads\\\/2021\\\/05\\\/lotion-dermacool-virbac.webp\",\"contentUrl\":\"https:\\\/\\\/www.vetorino.com\\\/boutique\\\/wp-content\\\/uploads\\\/2021\\\/05\\\/lotion-dermacool-virbac.webp\",\"width\":2000,\"height\":2133},{\"@type\":\"BreadcrumbList\",\"@id\":\"https:\\\/\\\/www.vetorino.com\\\/veterinaire\\\/pontarlier-25300\\\/boutique\\\/product\\\/dermacool-nf\\\/#breadcrumb\",\"itemListElement\":[{\"@type\":\"ListItem\",\"position\":1,\"name\":\"Accueil\",\"item\":\"https:\\\/\\\/www.vetorino.com\\\/boutique\\\/\"},{\"@type\":\"ListItem\",\"position\":2,\"name\":\"Produits\",\"item\":\"https:\\\/\\\/www.vetorino.com\\\/boutique\\\/\"},{\"@type\":\"ListItem\",\"position\":3,\"name\":\"Dermacool Lotion &#8211; chien chat\"}]},{\"@type\":\"WebSite\",\"@id\":\"https:\\\/\\\/www.vetorino.com\\\/boutique\\\/#website\",\"url\":\"https:\\\/\\\/www.vetorino.com\\\/boutique\\\/\",\"name\":\"V\u00e9torino\",\"description\":\"\",\"publisher\":{\"@id\":\"https:\\\/\\\/www.vetorino.com\\\/boutique\\\/#organization\"},\"potentialAction\":[{\"@type\":\"SearchAction\",\"target\":{\"@type\":\"EntryPoint\",\"urlTemplate\":\"https:\\\/\\\/www.vetorino.com\\\/boutique\\\/?s={search_term_string}\"},\"query-input\":{\"@type\":\"PropertyValueSpecification\",\"valueRequired\":true,\"valueName\":\"search_term_string\"}}],\"inLanguage\":\"fr-FR\"},{\"@type\":\"Organization\",\"@id\":\"https:\\\/\\\/www.vetorino.com\\\/boutique\\\/#organization\",\"name\":\"V\u00e9torino\",\"url\":\"https:\\\/\\\/www.vetorino.com\\\/boutique\\\/\",\"logo\":{\"@type\":\"ImageObject\",\"inLanguage\":\"fr-FR\",\"@id\":\"https:\\\/\\\/www.vetorino.com\\\/boutique\\\/#\\\/schema\\\/logo\\\/image\\\/\",\"url\":\"https:\\\/\\\/www.vetorino.com\\\/boutique\\\/wp-content\\\/uploads\\\/2024\\\/10\\\/logo.jpg\",\"contentUrl\":\"https:\\\/\\\/www.vetorino.com\\\/boutique\\\/wp-content\\\/uploads\\\/2024\\\/10\\\/logo.jpg\",\"width\":1200,\"height\":610,\"caption\":\"V\u00e9torino\"},\"image\":{\"@id\":\"https:\\\/\\\/www.vetorino.com\\\/boutique\\\/#\\\/schema\\\/logo\\\/image\\\/\"},\"sameAs\":[\"https:\\\/\\\/www.facebook.com\\\/Vetorino\\\/\",\"https:\\\/\\\/www.instagram.com\\\/vetorino_off\\\/\",\"https:\\\/\\\/www.linkedin.com\\\/company\\\/vtorino\\\/\"]}]}<\/script>\n<meta property=\"product:brand\" content=\"Virbac\" \/>\n<meta property=\"product:price:amount\" content=\"14.74\" \/>\n<meta property=\"product:price:currency\" content=\"EUR\" \/>\n<meta property=\"og:availability\" content=\"out of stock\" \/>\n<meta property=\"product:availability\" content=\"out of stock\" \/>\n<meta property=\"product:retailer_item_id\" content=\"C-DER217\" \/>\n<meta property=\"product:condition\" content=\"new\" \/>\n<!-- \/ Yoast SEO plugin. -->","yoast_head_json":{"title":"Dermacool Lotion - chien chat Virbac - V\u00e9torino","description":"Dermacool est un spray dermatologique pour les chiens et les chats pour apaiser et hydrater la peau irrit\u00e9 et sensible. Il permet de pr\u00e9server l'\u00e9quilibre microbien.  &nbsp;","robots":{"index":"noindex","follow":"nofollow"},"og_locale":"fr_FR","og_type":"article","og_title":"Dermacool Lotion - chien chat Virbac - V\u00e9torino","og_description":"Dermacool est un spray dermatologique pour les chiens et les chats pour apaiser et hydrater la peau irrit\u00e9 et sensible. Il permet de pr\u00e9server l'\u00e9quilibre microbien.  &nbsp;","og_url":"https:\/\/www.vetorino.com\/veterinaire\/saintefoyleslyon-69110\/boutique\/product\/dermacool-nf\/","og_site_name":"V\u00e9torino","article_publisher":"https:\/\/www.facebook.com\/Vetorino\/","article_modified_time":"2025-08-23T20:36:15+00:00","og_image":[{"width":2000,"height":2133,"url":"https:\/\/www.vetorino.com\/boutique\/wp-content\/uploads\/2021\/05\/lotion-dermacool-virbac.webp","type":"image\/webp"}],"twitter_card":"summary_large_image","twitter_misc":{"Prix":"14,74&euro;","Disponibilit\u00e9":"Rupture de stock"},"schema":{"@context":"https:\/\/schema.org","@graph":[{"@type":"WebPage","@id":"https:\/\/www.vetorino.com\/veterinaire\/pontarlier-25300\/boutique\/product\/dermacool-nf\/","url":"https:\/\/www.vetorino.com\/veterinaire\/pontarlier-25300\/boutique\/product\/dermacool-nf\/","name":"Dermacool Lotion - chien chat Virbac - V\u00e9torino","isPartOf":{"@id":"https:\/\/www.vetorino.com\/boutique\/#website"},"primaryImageOfPage":{"@id":"https:\/\/www.vetorino.com\/veterinaire\/pontarlier-25300\/boutique\/product\/dermacool-nf\/#primaryimage"},"image":{"@id":"https:\/\/www.vetorino.com\/veterinaire\/pontarlier-25300\/boutique\/product\/dermacool-nf\/#primaryimage"},"thumbnailUrl":"https:\/\/www.vetorino.com\/boutique\/wp-content\/uploads\/2021\/05\/lotion-dermacool-virbac.webp","datePublished":"2020-06-29T14:58:09+00:00","dateModified":"2025-08-23T20:36:15+00:00","description":"Dermacool est un spray dermatologique pour les chiens et les chats pour apaiser et hydrater la peau irrit\u00e9 et sensible. Il permet de pr\u00e9server l'\u00e9quilibre microbien. &nbsp;","breadcrumb":{"@id":"https:\/\/www.vetorino.com\/veterinaire\/pontarlier-25300\/boutique\/product\/dermacool-nf\/#breadcrumb"},"inLanguage":"fr-FR","potentialAction":[{"@type":"ReadAction","target":["https:\/\/www.vetorino.com\/veterinaire\/pontarlier-25300\/boutique\/product\/dermacool-nf\/"]}]},{"@type":"ImageObject","inLanguage":"fr-FR","@id":"https:\/\/www.vetorino.com\/veterinaire\/pontarlier-25300\/boutique\/product\/dermacool-nf\/#primaryimage","url":"https:\/\/www.vetorino.com\/boutique\/wp-content\/uploads\/2021\/05\/lotion-dermacool-virbac.webp","contentUrl":"https:\/\/www.vetorino.com\/boutique\/wp-content\/uploads\/2021\/05\/lotion-dermacool-virbac.webp","width":2000,"height":2133},{"@type":"BreadcrumbList","@id":"https:\/\/www.vetorino.com\/veterinaire\/pontarlier-25300\/boutique\/product\/dermacool-nf\/#breadcrumb","itemListElement":[{"@type":"ListItem","position":1,"name":"Accueil","item":"https:\/\/www.vetorino.com\/boutique\/"},{"@type":"ListItem","position":2,"name":"Produits","item":"https:\/\/www.vetorino.com\/boutique\/"},{"@type":"ListItem","position":3,"name":"Dermacool Lotion &#8211; chien chat"}]},{"@type":"WebSite","@id":"https:\/\/www.vetorino.com\/boutique\/#website","url":"https:\/\/www.vetorino.com\/boutique\/","name":"V\u00e9torino","description":"","publisher":{"@id":"https:\/\/www.vetorino.com\/boutique\/#organization"},"potentialAction":[{"@type":"SearchAction","target":{"@type":"EntryPoint","urlTemplate":"https:\/\/www.vetorino.com\/boutique\/?s={search_term_string}"},"query-input":{"@type":"PropertyValueSpecification","valueRequired":true,"valueName":"search_term_string"}}],"inLanguage":"fr-FR"},{"@type":"Organization","@id":"https:\/\/www.vetorino.com\/boutique\/#organization","name":"V\u00e9torino","url":"https:\/\/www.vetorino.com\/boutique\/","logo":{"@type":"ImageObject","inLanguage":"fr-FR","@id":"https:\/\/www.vetorino.com\/boutique\/#\/schema\/logo\/image\/","url":"https:\/\/www.vetorino.com\/boutique\/wp-content\/uploads\/2024\/10\/logo.jpg","contentUrl":"https:\/\/www.vetorino.com\/boutique\/wp-content\/uploads\/2024\/10\/logo.jpg","width":1200,"height":610,"caption":"V\u00e9torino"},"image":{"@id":"https:\/\/www.vetorino.com\/boutique\/#\/schema\/logo\/image\/"},"sameAs":["https:\/\/www.facebook.com\/Vetorino\/","https:\/\/www.instagram.com\/vetorino_off\/","https:\/\/www.linkedin.com\/company\/vtorino\/"]}]},"product_brand":"Virbac","product_price_amount":"14.74","product_price_currency":"EUR","og_availability":"out of stock","product_availability":"out of stock","product_retailer_item_id":"C-DER217","product_condition":"new"},"_links":{"self":[{"href":"https:\/\/www.vetorino.com\/veterinaire\/saintefoyleslyon-69110\/boutique\/wp-json\/wp\/v2\/product\/94992","targetHints":{"allow":["GET"]}}],"collection":[{"href":"https:\/\/www.vetorino.com\/veterinaire\/saintefoyleslyon-69110\/boutique\/wp-json\/wp\/v2\/product"}],"about":[{"href":"https:\/\/www.vetorino.com\/veterinaire\/saintefoyleslyon-69110\/boutique\/wp-json\/wp\/v2\/types\/product"}],"wp:featuredmedia":[{"embeddable":true,"href":"https:\/\/www.vetorino.com\/veterinaire\/saintefoyleslyon-69110\/boutique\/wp-json\/wp\/v2\/media\/1416570"}],"wp:attachment":[{"href":"https:\/\/www.vetorino.com\/veterinaire\/saintefoyleslyon-69110\/boutique\/wp-json\/wp\/v2\/media?parent=94992"}],"wp:term":[{"taxonomy":"product_cat","embeddable":true,"href":"https:\/\/www.vetorino.com\/veterinaire\/saintefoyleslyon-69110\/boutique\/wp-json\/wp\/v2\/product_cat?post=94992"},{"taxonomy":"product_tag","embeddable":true,"href":"https:\/\/www.vetorino.com\/veterinaire\/saintefoyleslyon-69110\/boutique\/wp-json\/wp\/v2\/product_tag?post=94992"}],"curies":[{"name":"wp","href":"https:\/\/api.w.org\/{rel}","templated":true}]}}