{"id":95609,"date":"2020-06-29T17:07:12","date_gmt":"2020-06-29T15:07:12","guid":{"rendered":"https:\/\/www.vetorino.com\/boutique\/product\/emeraid-omnivore\/"},"modified":"2025-12-25T02:42:20","modified_gmt":"2025-12-25T01:42:20","slug":"emeraid-omnivore","status":"publish","type":"product","link":"https:\/\/www.vetorino.com\/veterinaire\/saintefoyleslyon-69110\/boutique\/product\/emeraid-omnivore\/","title":{"rendered":"Emeraid Omnivore"},"content":{"rendered":"<div class='hidden'>LAFEBER INTERNATIONAL LTD<\/div>\n<div class='hidden'>Rongeurs<\/div>\n<div class='hidden'>Convalescence<\/div>\n<div class='hidden'>Autres<\/div>\n<div class='hidden'>Autres<\/div>\n<div class='hidden'>Emeraid<\/div>\n<p>Emeraid  Omnivore est le premier r\u00e9gime \u00e9l\u00e9mentaire con\u00e7u pour les omnivores gravement malades .<br \/>Emeraid Omnivore peut \u00eatre introduit pour les oiseaux de compagnie tels que les perroquets, les canaris et les pinsons, ainsi que des petits mammif\u00e8res comme les souris. Emeraid Omnivore peut \u00e9galement \u00eatre associ\u00e9 avec d&#8217;autres produits Emeraid \u00e0 une vari\u00e9t\u00e9 d&#8217;esp\u00e8ces, y compris la gerbille, hamster, rat, le h\u00e9risson ainsi que le dragon barbu, cam\u00e9l\u00e9on, scinque, tortue de bo\u00eete, et le curseur \u00e0 oreilles rouges.<br \/>La relativement faible teneur en fibres de Emeraid Omnivore signifie que ce r\u00e9gime ne devrait pas \u00eatre donn\u00e9 seul plus de 7 jours.<br \/>Emeraid  Omnivore contient :<br \/>&#8211; Tous les acides amin\u00e9s essentiels, ce qui rend la prot\u00e9ine plus facilement absorbable.<br \/>&#8211; Des niveaux \u00e9lev\u00e9s en arginine et glutamine pour r\u00e9pondre aux besoins du patient affaibli<br \/>&#8211; Un m\u00e9lange hautement digestible et facilement absorbable de graisses et de glucides simples pour l&#8217;\u00e9nergie.<br \/>&#8211; Om\u00e9ga 3\/6 \u00e9quilibr\u00e9e en acides gras polyinsatur\u00e9s.ant l&#8217;appl<\/p>\n","protected":false},"excerpt":{"rendered":"<p>LAFEBER INTERNATIONAL LTD Rongeurs Convalescence Autres Autres Emeraid Emeraid Omnivore est le premier r\u00e9gime \u00e9l\u00e9mentaire con\u00e7u pour les omnivores gravement malades .Emeraid Omnivore peut \u00eatre introduit pour les oiseaux de compagnie tels que les perroquets, les canaris et les pinsons, ainsi que des petits mammif\u00e8res comme les souris. Emeraid Omnivore peut \u00e9galement \u00eatre associ\u00e9 avec [&hellip;]<\/p>\n","protected":false},"featured_media":95608,"template":"","meta":[],"product_cat":[12576,12580,12674,12661,2727,2746,12570],"product_tag":[],"class_list":{"0":"post-95609","1":"product","2":"type-product","3":"status-publish","4":"has-post-thumbnail","6":"product_cat-alimentation-de-loiseau","7":"product_cat-alimentation-du-rongeur","8":"product_cat-alimentation-medicalisee-pour-oiseau","9":"product_cat-alimentation-medicalisee-pour-rongeur","10":"product_cat-nac","11":"product_cat-oiseau","12":"product_cat-rongeur","13":"pa_marque-lafeber-international-ltd","15":"first","16":"instock","17":"taxable","18":"shipping-taxable","19":"purchasable","20":"product-type-simple"},"yoast_head":"<!-- This site is optimized with the Yoast SEO plugin v27.3 - https:\/\/yoast.com\/product\/yoast-seo-wordpress\/ -->\n<title>Emeraid Omnivore LAFEBER INTERNATIONAL LTD - V\u00e9torino<\/title>\n<meta name=\"description\" content=\"LAFEBER INTERNATIONAL LTDRongeursConvalescenceAutresAutresEmeraidEmeraid Omnivore est le premier r\u00e9gime \u00e9l\u00e9mentaire con\u00e7u pour les omnivores gravement\" \/>\n<meta name=\"robots\" content=\"noindex, nofollow\" \/>\n<meta property=\"og:locale\" content=\"fr_FR\" \/>\n<meta property=\"og:type\" content=\"article\" \/>\n<meta property=\"og:title\" content=\"Emeraid Omnivore LAFEBER INTERNATIONAL LTD - V\u00e9torino\" \/>\n<meta property=\"og:description\" content=\"LAFEBER INTERNATIONAL LTDRongeursConvalescenceAutresAutresEmeraidEmeraid Omnivore est le premier r\u00e9gime \u00e9l\u00e9mentaire con\u00e7u pour les omnivores gravement\" \/>\n<meta property=\"og:url\" content=\"https:\/\/www.vetorino.com\/veterinaire\/saintefoyleslyon-69110\/boutique\/product\/emeraid-omnivore\/\" \/>\n<meta property=\"og:site_name\" content=\"V\u00e9torino\" \/>\n<meta property=\"article:publisher\" content=\"https:\/\/www.facebook.com\/Vetorino\/\" \/>\n<meta property=\"article:modified_time\" content=\"2025-12-25T01:42:20+00:00\" \/>\n<meta property=\"og:image\" content=\"https:\/\/www.vetorino.com\/boutique\/wp-content\/uploads\/2020\/06\/FilsEME011FormatMediumTypeIM.png\" \/>\n\t<meta property=\"og:image:width\" content=\"400\" \/>\n\t<meta property=\"og:image:height\" content=\"400\" \/>\n\t<meta property=\"og:image:type\" content=\"image\/png\" \/>\n<meta name=\"twitter:card\" content=\"summary_large_image\" \/>\n<meta name=\"twitter:label1\" content=\"Prix\" \/>\n\t<meta name=\"twitter:data1\" content=\"16,50&euro;\" \/>\n\t<meta name=\"twitter:label2\" content=\"Disponibilit\u00e9\" \/>\n\t<meta name=\"twitter:data2\" content=\"En stock\" \/>\n<script type=\"application\/ld+json\" class=\"yoast-schema-graph\">{\"@context\":\"https:\\\/\\\/schema.org\",\"@graph\":[{\"@type\":\"WebPage\",\"@id\":\"https:\\\/\\\/www.vetorino.com\\\/boutique\\\/product\\\/emeraid-omnivore\\\/\",\"url\":\"https:\\\/\\\/www.vetorino.com\\\/boutique\\\/product\\\/emeraid-omnivore\\\/\",\"name\":\"Emeraid Omnivore LAFEBER INTERNATIONAL LTD - V\u00e9torino\",\"isPartOf\":{\"@id\":\"https:\\\/\\\/www.vetorino.com\\\/boutique\\\/#website\"},\"primaryImageOfPage\":{\"@id\":\"https:\\\/\\\/www.vetorino.com\\\/boutique\\\/product\\\/emeraid-omnivore\\\/#primaryimage\"},\"image\":{\"@id\":\"https:\\\/\\\/www.vetorino.com\\\/boutique\\\/product\\\/emeraid-omnivore\\\/#primaryimage\"},\"thumbnailUrl\":\"https:\\\/\\\/www.vetorino.com\\\/boutique\\\/wp-content\\\/uploads\\\/2020\\\/06\\\/FilsEME011FormatMediumTypeIM.png\",\"datePublished\":\"2020-06-29T15:07:12+00:00\",\"dateModified\":\"2025-12-25T01:42:20+00:00\",\"description\":\"LAFEBER INTERNATIONAL LTDRongeursConvalescenceAutresAutresEmeraidEmeraid Omnivore est le premier r\u00e9gime \u00e9l\u00e9mentaire con\u00e7u pour les omnivores gravement\",\"breadcrumb\":{\"@id\":\"https:\\\/\\\/www.vetorino.com\\\/boutique\\\/product\\\/emeraid-omnivore\\\/#breadcrumb\"},\"inLanguage\":\"fr-FR\",\"potentialAction\":[{\"@type\":\"ReadAction\",\"target\":[\"https:\\\/\\\/www.vetorino.com\\\/boutique\\\/product\\\/emeraid-omnivore\\\/\"]}]},{\"@type\":\"ImageObject\",\"inLanguage\":\"fr-FR\",\"@id\":\"https:\\\/\\\/www.vetorino.com\\\/boutique\\\/product\\\/emeraid-omnivore\\\/#primaryimage\",\"url\":\"https:\\\/\\\/www.vetorino.com\\\/boutique\\\/wp-content\\\/uploads\\\/2020\\\/06\\\/FilsEME011FormatMediumTypeIM.png\",\"contentUrl\":\"https:\\\/\\\/www.vetorino.com\\\/boutique\\\/wp-content\\\/uploads\\\/2020\\\/06\\\/FilsEME011FormatMediumTypeIM.png\",\"width\":400,\"height\":400},{\"@type\":\"BreadcrumbList\",\"@id\":\"https:\\\/\\\/www.vetorino.com\\\/boutique\\\/product\\\/emeraid-omnivore\\\/#breadcrumb\",\"itemListElement\":[{\"@type\":\"ListItem\",\"position\":1,\"name\":\"Accueil\",\"item\":\"https:\\\/\\\/www.vetorino.com\\\/boutique\\\/\"},{\"@type\":\"ListItem\",\"position\":2,\"name\":\"Produits\",\"item\":\"https:\\\/\\\/www.vetorino.com\\\/boutique\\\/\"},{\"@type\":\"ListItem\",\"position\":3,\"name\":\"Emeraid Omnivore\"}]},{\"@type\":\"WebSite\",\"@id\":\"https:\\\/\\\/www.vetorino.com\\\/boutique\\\/#website\",\"url\":\"https:\\\/\\\/www.vetorino.com\\\/boutique\\\/\",\"name\":\"V\u00e9torino\",\"description\":\"\",\"publisher\":{\"@id\":\"https:\\\/\\\/www.vetorino.com\\\/boutique\\\/#organization\"},\"potentialAction\":[{\"@type\":\"SearchAction\",\"target\":{\"@type\":\"EntryPoint\",\"urlTemplate\":\"https:\\\/\\\/www.vetorino.com\\\/boutique\\\/?s={search_term_string}\"},\"query-input\":{\"@type\":\"PropertyValueSpecification\",\"valueRequired\":true,\"valueName\":\"search_term_string\"}}],\"inLanguage\":\"fr-FR\"},{\"@type\":\"Organization\",\"@id\":\"https:\\\/\\\/www.vetorino.com\\\/boutique\\\/#organization\",\"name\":\"V\u00e9torino\",\"url\":\"https:\\\/\\\/www.vetorino.com\\\/boutique\\\/\",\"logo\":{\"@type\":\"ImageObject\",\"inLanguage\":\"fr-FR\",\"@id\":\"https:\\\/\\\/www.vetorino.com\\\/boutique\\\/#\\\/schema\\\/logo\\\/image\\\/\",\"url\":\"https:\\\/\\\/www.vetorino.com\\\/boutique\\\/wp-content\\\/uploads\\\/2024\\\/10\\\/logo.jpg\",\"contentUrl\":\"https:\\\/\\\/www.vetorino.com\\\/boutique\\\/wp-content\\\/uploads\\\/2024\\\/10\\\/logo.jpg\",\"width\":1200,\"height\":610,\"caption\":\"V\u00e9torino\"},\"image\":{\"@id\":\"https:\\\/\\\/www.vetorino.com\\\/boutique\\\/#\\\/schema\\\/logo\\\/image\\\/\"},\"sameAs\":[\"https:\\\/\\\/www.facebook.com\\\/Vetorino\\\/\",\"https:\\\/\\\/www.instagram.com\\\/vetorino_off\\\/\",\"https:\\\/\\\/www.linkedin.com\\\/company\\\/vtorino\\\/\"]}]}<\/script>\n<meta property=\"product:brand\" content=\"LAFEBER INTERNATIONAL LTD\" \/>\n<meta property=\"product:price:amount\" content=\"16.50\" \/>\n<meta property=\"product:price:currency\" content=\"EUR\" \/>\n<meta property=\"og:availability\" content=\"instock\" \/>\n<meta property=\"product:availability\" content=\"instock\" \/>\n<meta property=\"product:retailer_item_id\" content=\"C-EME011\" \/>\n<meta property=\"product:condition\" content=\"new\" \/>\n<!-- \/ Yoast SEO plugin. -->","yoast_head_json":{"title":"Emeraid Omnivore LAFEBER INTERNATIONAL LTD - V\u00e9torino","description":"LAFEBER INTERNATIONAL LTDRongeursConvalescenceAutresAutresEmeraidEmeraid Omnivore est le premier r\u00e9gime \u00e9l\u00e9mentaire con\u00e7u pour les omnivores gravement","robots":{"index":"noindex","follow":"nofollow"},"og_locale":"fr_FR","og_type":"article","og_title":"Emeraid Omnivore LAFEBER INTERNATIONAL LTD - V\u00e9torino","og_description":"LAFEBER INTERNATIONAL LTDRongeursConvalescenceAutresAutresEmeraidEmeraid Omnivore est le premier r\u00e9gime \u00e9l\u00e9mentaire con\u00e7u pour les omnivores gravement","og_url":"https:\/\/www.vetorino.com\/veterinaire\/saintefoyleslyon-69110\/boutique\/product\/emeraid-omnivore\/","og_site_name":"V\u00e9torino","article_publisher":"https:\/\/www.facebook.com\/Vetorino\/","article_modified_time":"2025-12-25T01:42:20+00:00","og_image":[{"width":400,"height":400,"url":"https:\/\/www.vetorino.com\/boutique\/wp-content\/uploads\/2020\/06\/FilsEME011FormatMediumTypeIM.png","type":"image\/png"}],"twitter_card":"summary_large_image","twitter_misc":{"Prix":"16,50&euro;","Disponibilit\u00e9":"En stock"},"schema":{"@context":"https:\/\/schema.org","@graph":[{"@type":"WebPage","@id":"https:\/\/www.vetorino.com\/boutique\/product\/emeraid-omnivore\/","url":"https:\/\/www.vetorino.com\/boutique\/product\/emeraid-omnivore\/","name":"Emeraid Omnivore LAFEBER INTERNATIONAL LTD - V\u00e9torino","isPartOf":{"@id":"https:\/\/www.vetorino.com\/boutique\/#website"},"primaryImageOfPage":{"@id":"https:\/\/www.vetorino.com\/boutique\/product\/emeraid-omnivore\/#primaryimage"},"image":{"@id":"https:\/\/www.vetorino.com\/boutique\/product\/emeraid-omnivore\/#primaryimage"},"thumbnailUrl":"https:\/\/www.vetorino.com\/boutique\/wp-content\/uploads\/2020\/06\/FilsEME011FormatMediumTypeIM.png","datePublished":"2020-06-29T15:07:12+00:00","dateModified":"2025-12-25T01:42:20+00:00","description":"LAFEBER INTERNATIONAL LTDRongeursConvalescenceAutresAutresEmeraidEmeraid Omnivore est le premier r\u00e9gime \u00e9l\u00e9mentaire con\u00e7u pour les omnivores gravement","breadcrumb":{"@id":"https:\/\/www.vetorino.com\/boutique\/product\/emeraid-omnivore\/#breadcrumb"},"inLanguage":"fr-FR","potentialAction":[{"@type":"ReadAction","target":["https:\/\/www.vetorino.com\/boutique\/product\/emeraid-omnivore\/"]}]},{"@type":"ImageObject","inLanguage":"fr-FR","@id":"https:\/\/www.vetorino.com\/boutique\/product\/emeraid-omnivore\/#primaryimage","url":"https:\/\/www.vetorino.com\/boutique\/wp-content\/uploads\/2020\/06\/FilsEME011FormatMediumTypeIM.png","contentUrl":"https:\/\/www.vetorino.com\/boutique\/wp-content\/uploads\/2020\/06\/FilsEME011FormatMediumTypeIM.png","width":400,"height":400},{"@type":"BreadcrumbList","@id":"https:\/\/www.vetorino.com\/boutique\/product\/emeraid-omnivore\/#breadcrumb","itemListElement":[{"@type":"ListItem","position":1,"name":"Accueil","item":"https:\/\/www.vetorino.com\/boutique\/"},{"@type":"ListItem","position":2,"name":"Produits","item":"https:\/\/www.vetorino.com\/boutique\/"},{"@type":"ListItem","position":3,"name":"Emeraid Omnivore"}]},{"@type":"WebSite","@id":"https:\/\/www.vetorino.com\/boutique\/#website","url":"https:\/\/www.vetorino.com\/boutique\/","name":"V\u00e9torino","description":"","publisher":{"@id":"https:\/\/www.vetorino.com\/boutique\/#organization"},"potentialAction":[{"@type":"SearchAction","target":{"@type":"EntryPoint","urlTemplate":"https:\/\/www.vetorino.com\/boutique\/?s={search_term_string}"},"query-input":{"@type":"PropertyValueSpecification","valueRequired":true,"valueName":"search_term_string"}}],"inLanguage":"fr-FR"},{"@type":"Organization","@id":"https:\/\/www.vetorino.com\/boutique\/#organization","name":"V\u00e9torino","url":"https:\/\/www.vetorino.com\/boutique\/","logo":{"@type":"ImageObject","inLanguage":"fr-FR","@id":"https:\/\/www.vetorino.com\/boutique\/#\/schema\/logo\/image\/","url":"https:\/\/www.vetorino.com\/boutique\/wp-content\/uploads\/2024\/10\/logo.jpg","contentUrl":"https:\/\/www.vetorino.com\/boutique\/wp-content\/uploads\/2024\/10\/logo.jpg","width":1200,"height":610,"caption":"V\u00e9torino"},"image":{"@id":"https:\/\/www.vetorino.com\/boutique\/#\/schema\/logo\/image\/"},"sameAs":["https:\/\/www.facebook.com\/Vetorino\/","https:\/\/www.instagram.com\/vetorino_off\/","https:\/\/www.linkedin.com\/company\/vtorino\/"]}]},"product_brand":"LAFEBER INTERNATIONAL LTD","product_price_amount":"16.50","product_price_currency":"EUR","og_availability":"instock","product_availability":"instock","product_retailer_item_id":"C-EME011","product_condition":"new"},"_links":{"self":[{"href":"https:\/\/www.vetorino.com\/veterinaire\/saintefoyleslyon-69110\/boutique\/wp-json\/wp\/v2\/product\/95609","targetHints":{"allow":["GET"]}}],"collection":[{"href":"https:\/\/www.vetorino.com\/veterinaire\/saintefoyleslyon-69110\/boutique\/wp-json\/wp\/v2\/product"}],"about":[{"href":"https:\/\/www.vetorino.com\/veterinaire\/saintefoyleslyon-69110\/boutique\/wp-json\/wp\/v2\/types\/product"}],"wp:featuredmedia":[{"embeddable":true,"href":"https:\/\/www.vetorino.com\/veterinaire\/saintefoyleslyon-69110\/boutique\/wp-json\/wp\/v2\/media\/95608"}],"wp:attachment":[{"href":"https:\/\/www.vetorino.com\/veterinaire\/saintefoyleslyon-69110\/boutique\/wp-json\/wp\/v2\/media?parent=95609"}],"wp:term":[{"taxonomy":"product_cat","embeddable":true,"href":"https:\/\/www.vetorino.com\/veterinaire\/saintefoyleslyon-69110\/boutique\/wp-json\/wp\/v2\/product_cat?post=95609"},{"taxonomy":"product_tag","embeddable":true,"href":"https:\/\/www.vetorino.com\/veterinaire\/saintefoyleslyon-69110\/boutique\/wp-json\/wp\/v2\/product_tag?post=95609"}],"curies":[{"name":"wp","href":"https:\/\/api.w.org\/{rel}","templated":true}]}}