{"id":96322,"date":"2020-06-29T17:40:35","date_gmt":"2020-06-29T15:40:35","guid":{"rendered":"https:\/\/www.vetorino.com\/boutique\/product\/friandises-natural-dried-fish\/"},"modified":"2026-03-02T02:42:19","modified_gmt":"2026-03-02T01:42:19","slug":"friandises-natural-dried-fish","status":"publish","type":"product","link":"https:\/\/www.vetorino.com\/veterinaire\/saintefoyleslyon-69110\/boutique\/product\/friandises-natural-dried-fish\/","title":{"rendered":"Friandises pour chien Natural et Dried Fish"},"content":{"rendered":"<p>Les poissons s\u00e9ch\u00e9s pour chiens sont des friandises naturelles et app\u00e9tant pour votre fid\u00e8le compagnon \u00e0 4 pattes. Gr\u00e2ce \u00e0 sa forte teneur en prot\u00e9ines et pauvre en mati\u00e8res grasses, cette friandise r\u00e9pond aux besoins nutritionnelles de votre chien.<\/p>\n<p><strong>Caract\u00e9ristiques :<br \/>\n<\/strong><br \/>\nPoissons s\u00e9ch\u00e9s pour chiens<br \/>\n&#8211; poisson s\u00e9ch\u00e9 pour chien<br \/>\n&#8211; friandise naturelle<br \/>\n&#8211; prot\u00e9ines de grande qualit\u00e9<br \/>\n&#8211; friandise naturelle sans conservateur<\/p>\n","protected":false},"excerpt":{"rendered":"<p>Cette friandise croquante est un r\u00e9gal pour votre chien. Sa forte teneur en prot\u00e9ines couvre parfaitement les besoins de votre chien. Une friandise saine, naturelle et d\u00e9licieuse. Cette friandise est la r\u00e9compense parfaite pour votre chien !<\/p>\n","protected":false},"featured_media":590149,"template":"","meta":[],"product_cat":[12552,2698,12603],"product_tag":[],"class_list":{"0":"post-96322","1":"product","2":"type-product","3":"status-publish","4":"has-post-thumbnail","6":"product_cat-alimentation-du-chien","7":"product_cat-chien","8":"product_cat-friandises-pour-chien","9":"pa_marque-trixie","11":"first","12":"instock","13":"taxable","14":"shipping-taxable","15":"purchasable","16":"product-type-variable"},"yoast_head":"<!-- This site is optimized with the Yoast SEO plugin v27.3 - https:\/\/yoast.com\/product\/yoast-seo-wordpress\/ -->\n<title>Friandises pour chien Natural et Dried Fish Trixie - V\u00e9torino<\/title>\n<meta name=\"description\" content=\"Cette friandise croquante est un r\u00e9gal pour votre chien. Sa forte teneur en prot\u00e9ines couvre parfaitement les besoins de votre chien. Une friandise saine, naturelle et d\u00e9licieuse. Cette friandise est la r\u00e9compense parfaite pour votre chien !\" \/>\n<meta name=\"robots\" content=\"noindex, nofollow\" \/>\n<meta property=\"og:locale\" content=\"fr_FR\" \/>\n<meta property=\"og:type\" content=\"article\" \/>\n<meta property=\"og:title\" content=\"Friandises pour chien Natural et Dried Fish Trixie - V\u00e9torino\" \/>\n<meta property=\"og:description\" content=\"Cette friandise croquante est un r\u00e9gal pour votre chien. Sa forte teneur en prot\u00e9ines couvre parfaitement les besoins de votre chien. Une friandise saine, naturelle et d\u00e9licieuse. Cette friandise est la r\u00e9compense parfaite pour votre chien !\" \/>\n<meta property=\"og:url\" content=\"https:\/\/www.vetorino.com\/veterinaire\/saintefoyleslyon-69110\/boutique\/product\/friandises-natural-dried-fish\/\" \/>\n<meta property=\"og:site_name\" content=\"V\u00e9torino\" \/>\n<meta property=\"article:publisher\" content=\"https:\/\/www.facebook.com\/Vetorino\/\" \/>\n<meta property=\"article:modified_time\" content=\"2026-03-02T01:42:19+00:00\" \/>\n<meta property=\"og:image\" content=\"https:\/\/www.vetorino.com\/boutique\/wp-content\/uploads\/2020\/06\/12536_pla_trixie_trockenfisch_sprotten_400g_hs_01_3.jpg\" \/>\n\t<meta property=\"og:image:width\" content=\"400\" \/>\n\t<meta property=\"og:image:height\" content=\"400\" \/>\n\t<meta property=\"og:image:type\" content=\"image\/jpeg\" \/>\n<meta name=\"twitter:card\" content=\"summary_large_image\" \/>\n<meta name=\"twitter:label1\" content=\"Disponibilit\u00e9\" \/>\n\t<meta name=\"twitter:data1\" content=\"En stock\" \/>\n<script type=\"application\/ld+json\" class=\"yoast-schema-graph\">{\"@context\":\"https:\\\/\\\/schema.org\",\"@graph\":[{\"@type\":\"WebPage\",\"@id\":\"https:\\\/\\\/www.vetorino.com\\\/veterinaire\\\/saintjean-31240\\\/boutique\\\/product\\\/friandises-natural-dried-fish\\\/\",\"url\":\"https:\\\/\\\/www.vetorino.com\\\/veterinaire\\\/saintjean-31240\\\/boutique\\\/product\\\/friandises-natural-dried-fish\\\/\",\"name\":\"Friandises pour chien Natural et Dried Fish Trixie - V\u00e9torino\",\"isPartOf\":{\"@id\":\"https:\\\/\\\/www.vetorino.com\\\/boutique\\\/#website\"},\"primaryImageOfPage\":{\"@id\":\"https:\\\/\\\/www.vetorino.com\\\/veterinaire\\\/saintjean-31240\\\/boutique\\\/product\\\/friandises-natural-dried-fish\\\/#primaryimage\"},\"image\":{\"@id\":\"https:\\\/\\\/www.vetorino.com\\\/veterinaire\\\/saintjean-31240\\\/boutique\\\/product\\\/friandises-natural-dried-fish\\\/#primaryimage\"},\"thumbnailUrl\":\"https:\\\/\\\/www.vetorino.com\\\/boutique\\\/wp-content\\\/uploads\\\/2020\\\/06\\\/12536_pla_trixie_trockenfisch_sprotten_400g_hs_01_3.jpg\",\"datePublished\":\"2020-06-29T15:40:35+00:00\",\"dateModified\":\"2026-03-02T01:42:19+00:00\",\"description\":\"Cette friandise croquante est un r\u00e9gal pour votre chien. Sa forte teneur en prot\u00e9ines couvre parfaitement les besoins de votre chien. Une friandise saine, naturelle et d\u00e9licieuse. Cette friandise est la r\u00e9compense parfaite pour votre chien !\",\"breadcrumb\":{\"@id\":\"https:\\\/\\\/www.vetorino.com\\\/veterinaire\\\/saintjean-31240\\\/boutique\\\/product\\\/friandises-natural-dried-fish\\\/#breadcrumb\"},\"inLanguage\":\"fr-FR\",\"potentialAction\":[{\"@type\":\"ReadAction\",\"target\":[\"https:\\\/\\\/www.vetorino.com\\\/veterinaire\\\/saintjean-31240\\\/boutique\\\/product\\\/friandises-natural-dried-fish\\\/\"]}]},{\"@type\":\"ImageObject\",\"inLanguage\":\"fr-FR\",\"@id\":\"https:\\\/\\\/www.vetorino.com\\\/veterinaire\\\/saintjean-31240\\\/boutique\\\/product\\\/friandises-natural-dried-fish\\\/#primaryimage\",\"url\":\"https:\\\/\\\/www.vetorino.com\\\/boutique\\\/wp-content\\\/uploads\\\/2020\\\/06\\\/12536_pla_trixie_trockenfisch_sprotten_400g_hs_01_3.jpg\",\"contentUrl\":\"https:\\\/\\\/www.vetorino.com\\\/boutique\\\/wp-content\\\/uploads\\\/2020\\\/06\\\/12536_pla_trixie_trockenfisch_sprotten_400g_hs_01_3.jpg\",\"width\":400,\"height\":400},{\"@type\":\"BreadcrumbList\",\"@id\":\"https:\\\/\\\/www.vetorino.com\\\/veterinaire\\\/saintjean-31240\\\/boutique\\\/product\\\/friandises-natural-dried-fish\\\/#breadcrumb\",\"itemListElement\":[{\"@type\":\"ListItem\",\"position\":1,\"name\":\"Accueil\",\"item\":\"https:\\\/\\\/www.vetorino.com\\\/boutique\\\/\"},{\"@type\":\"ListItem\",\"position\":2,\"name\":\"Produits\",\"item\":\"https:\\\/\\\/www.vetorino.com\\\/boutique\\\/\"},{\"@type\":\"ListItem\",\"position\":3,\"name\":\"Friandises pour chien Natural et Dried Fish\"}]},{\"@type\":\"WebSite\",\"@id\":\"https:\\\/\\\/www.vetorino.com\\\/boutique\\\/#website\",\"url\":\"https:\\\/\\\/www.vetorino.com\\\/boutique\\\/\",\"name\":\"V\u00e9torino\",\"description\":\"\",\"publisher\":{\"@id\":\"https:\\\/\\\/www.vetorino.com\\\/boutique\\\/#organization\"},\"potentialAction\":[{\"@type\":\"SearchAction\",\"target\":{\"@type\":\"EntryPoint\",\"urlTemplate\":\"https:\\\/\\\/www.vetorino.com\\\/boutique\\\/?s={search_term_string}\"},\"query-input\":{\"@type\":\"PropertyValueSpecification\",\"valueRequired\":true,\"valueName\":\"search_term_string\"}}],\"inLanguage\":\"fr-FR\"},{\"@type\":\"Organization\",\"@id\":\"https:\\\/\\\/www.vetorino.com\\\/boutique\\\/#organization\",\"name\":\"V\u00e9torino\",\"url\":\"https:\\\/\\\/www.vetorino.com\\\/boutique\\\/\",\"logo\":{\"@type\":\"ImageObject\",\"inLanguage\":\"fr-FR\",\"@id\":\"https:\\\/\\\/www.vetorino.com\\\/boutique\\\/#\\\/schema\\\/logo\\\/image\\\/\",\"url\":\"https:\\\/\\\/www.vetorino.com\\\/boutique\\\/wp-content\\\/uploads\\\/2024\\\/10\\\/logo.jpg\",\"contentUrl\":\"https:\\\/\\\/www.vetorino.com\\\/boutique\\\/wp-content\\\/uploads\\\/2024\\\/10\\\/logo.jpg\",\"width\":1200,\"height\":610,\"caption\":\"V\u00e9torino\"},\"image\":{\"@id\":\"https:\\\/\\\/www.vetorino.com\\\/boutique\\\/#\\\/schema\\\/logo\\\/image\\\/\"},\"sameAs\":[\"https:\\\/\\\/www.facebook.com\\\/Vetorino\\\/\",\"https:\\\/\\\/www.instagram.com\\\/vetorino_off\\\/\",\"https:\\\/\\\/www.linkedin.com\\\/company\\\/vtorino\\\/\"]}]}<\/script>\n<meta property=\"product:brand\" content=\"Trixie\" \/>\n<meta property=\"og:availability\" content=\"instock\" \/>\n<meta property=\"product:availability\" content=\"instock\" \/>\n<meta property=\"product:condition\" content=\"new\" \/>\n<!-- \/ Yoast SEO plugin. -->","yoast_head_json":{"title":"Friandises pour chien Natural et Dried Fish Trixie - V\u00e9torino","description":"Cette friandise croquante est un r\u00e9gal pour votre chien. Sa forte teneur en prot\u00e9ines couvre parfaitement les besoins de votre chien. Une friandise saine, naturelle et d\u00e9licieuse. Cette friandise est la r\u00e9compense parfaite pour votre chien !","robots":{"index":"noindex","follow":"nofollow"},"og_locale":"fr_FR","og_type":"article","og_title":"Friandises pour chien Natural et Dried Fish Trixie - V\u00e9torino","og_description":"Cette friandise croquante est un r\u00e9gal pour votre chien. Sa forte teneur en prot\u00e9ines couvre parfaitement les besoins de votre chien. Une friandise saine, naturelle et d\u00e9licieuse. Cette friandise est la r\u00e9compense parfaite pour votre chien !","og_url":"https:\/\/www.vetorino.com\/veterinaire\/saintefoyleslyon-69110\/boutique\/product\/friandises-natural-dried-fish\/","og_site_name":"V\u00e9torino","article_publisher":"https:\/\/www.facebook.com\/Vetorino\/","article_modified_time":"2026-03-02T01:42:19+00:00","og_image":[{"width":400,"height":400,"url":"https:\/\/www.vetorino.com\/boutique\/wp-content\/uploads\/2020\/06\/12536_pla_trixie_trockenfisch_sprotten_400g_hs_01_3.jpg","type":"image\/jpeg"}],"twitter_card":"summary_large_image","twitter_misc":{"Disponibilit\u00e9":"En stock"},"schema":{"@context":"https:\/\/schema.org","@graph":[{"@type":"WebPage","@id":"https:\/\/www.vetorino.com\/veterinaire\/saintjean-31240\/boutique\/product\/friandises-natural-dried-fish\/","url":"https:\/\/www.vetorino.com\/veterinaire\/saintjean-31240\/boutique\/product\/friandises-natural-dried-fish\/","name":"Friandises pour chien Natural et Dried Fish Trixie - V\u00e9torino","isPartOf":{"@id":"https:\/\/www.vetorino.com\/boutique\/#website"},"primaryImageOfPage":{"@id":"https:\/\/www.vetorino.com\/veterinaire\/saintjean-31240\/boutique\/product\/friandises-natural-dried-fish\/#primaryimage"},"image":{"@id":"https:\/\/www.vetorino.com\/veterinaire\/saintjean-31240\/boutique\/product\/friandises-natural-dried-fish\/#primaryimage"},"thumbnailUrl":"https:\/\/www.vetorino.com\/boutique\/wp-content\/uploads\/2020\/06\/12536_pla_trixie_trockenfisch_sprotten_400g_hs_01_3.jpg","datePublished":"2020-06-29T15:40:35+00:00","dateModified":"2026-03-02T01:42:19+00:00","description":"Cette friandise croquante est un r\u00e9gal pour votre chien. Sa forte teneur en prot\u00e9ines couvre parfaitement les besoins de votre chien. Une friandise saine, naturelle et d\u00e9licieuse. Cette friandise est la r\u00e9compense parfaite pour votre chien !","breadcrumb":{"@id":"https:\/\/www.vetorino.com\/veterinaire\/saintjean-31240\/boutique\/product\/friandises-natural-dried-fish\/#breadcrumb"},"inLanguage":"fr-FR","potentialAction":[{"@type":"ReadAction","target":["https:\/\/www.vetorino.com\/veterinaire\/saintjean-31240\/boutique\/product\/friandises-natural-dried-fish\/"]}]},{"@type":"ImageObject","inLanguage":"fr-FR","@id":"https:\/\/www.vetorino.com\/veterinaire\/saintjean-31240\/boutique\/product\/friandises-natural-dried-fish\/#primaryimage","url":"https:\/\/www.vetorino.com\/boutique\/wp-content\/uploads\/2020\/06\/12536_pla_trixie_trockenfisch_sprotten_400g_hs_01_3.jpg","contentUrl":"https:\/\/www.vetorino.com\/boutique\/wp-content\/uploads\/2020\/06\/12536_pla_trixie_trockenfisch_sprotten_400g_hs_01_3.jpg","width":400,"height":400},{"@type":"BreadcrumbList","@id":"https:\/\/www.vetorino.com\/veterinaire\/saintjean-31240\/boutique\/product\/friandises-natural-dried-fish\/#breadcrumb","itemListElement":[{"@type":"ListItem","position":1,"name":"Accueil","item":"https:\/\/www.vetorino.com\/boutique\/"},{"@type":"ListItem","position":2,"name":"Produits","item":"https:\/\/www.vetorino.com\/boutique\/"},{"@type":"ListItem","position":3,"name":"Friandises pour chien Natural et Dried Fish"}]},{"@type":"WebSite","@id":"https:\/\/www.vetorino.com\/boutique\/#website","url":"https:\/\/www.vetorino.com\/boutique\/","name":"V\u00e9torino","description":"","publisher":{"@id":"https:\/\/www.vetorino.com\/boutique\/#organization"},"potentialAction":[{"@type":"SearchAction","target":{"@type":"EntryPoint","urlTemplate":"https:\/\/www.vetorino.com\/boutique\/?s={search_term_string}"},"query-input":{"@type":"PropertyValueSpecification","valueRequired":true,"valueName":"search_term_string"}}],"inLanguage":"fr-FR"},{"@type":"Organization","@id":"https:\/\/www.vetorino.com\/boutique\/#organization","name":"V\u00e9torino","url":"https:\/\/www.vetorino.com\/boutique\/","logo":{"@type":"ImageObject","inLanguage":"fr-FR","@id":"https:\/\/www.vetorino.com\/boutique\/#\/schema\/logo\/image\/","url":"https:\/\/www.vetorino.com\/boutique\/wp-content\/uploads\/2024\/10\/logo.jpg","contentUrl":"https:\/\/www.vetorino.com\/boutique\/wp-content\/uploads\/2024\/10\/logo.jpg","width":1200,"height":610,"caption":"V\u00e9torino"},"image":{"@id":"https:\/\/www.vetorino.com\/boutique\/#\/schema\/logo\/image\/"},"sameAs":["https:\/\/www.facebook.com\/Vetorino\/","https:\/\/www.instagram.com\/vetorino_off\/","https:\/\/www.linkedin.com\/company\/vtorino\/"]}]},"product_brand":"Trixie","og_availability":"instock","product_availability":"instock","product_condition":"new"},"_links":{"self":[{"href":"https:\/\/www.vetorino.com\/veterinaire\/saintefoyleslyon-69110\/boutique\/wp-json\/wp\/v2\/product\/96322","targetHints":{"allow":["GET"]}}],"collection":[{"href":"https:\/\/www.vetorino.com\/veterinaire\/saintefoyleslyon-69110\/boutique\/wp-json\/wp\/v2\/product"}],"about":[{"href":"https:\/\/www.vetorino.com\/veterinaire\/saintefoyleslyon-69110\/boutique\/wp-json\/wp\/v2\/types\/product"}],"wp:featuredmedia":[{"embeddable":true,"href":"https:\/\/www.vetorino.com\/veterinaire\/saintefoyleslyon-69110\/boutique\/wp-json\/wp\/v2\/media\/590149"}],"wp:attachment":[{"href":"https:\/\/www.vetorino.com\/veterinaire\/saintefoyleslyon-69110\/boutique\/wp-json\/wp\/v2\/media?parent=96322"}],"wp:term":[{"taxonomy":"product_cat","embeddable":true,"href":"https:\/\/www.vetorino.com\/veterinaire\/saintefoyleslyon-69110\/boutique\/wp-json\/wp\/v2\/product_cat?post=96322"},{"taxonomy":"product_tag","embeddable":true,"href":"https:\/\/www.vetorino.com\/veterinaire\/saintefoyleslyon-69110\/boutique\/wp-json\/wp\/v2\/product_tag?post=96322"}],"curies":[{"name":"wp","href":"https:\/\/api.w.org\/{rel}","templated":true}]}}