{"id":965901,"date":"2024-07-05T14:17:23","date_gmt":"2024-07-05T12:17:23","guid":{"rendered":"https:\/\/www.vetorino.com\/boutique\/product\/manteau-rafraichissant-chien-back-on-track-cool-on-track\/"},"modified":"2026-03-28T09:41:23","modified_gmt":"2026-03-28T08:41:23","slug":"manteau-rafraichissant-chien-back-on-track-cool-on-track","status":"publish","type":"product","link":"https:\/\/www.vetorino.com\/veterinaire\/saintefoyleslyon-69110\/boutique\/product\/manteau-rafraichissant-chien-back-on-track-cool-on-track\/","title":{"rendered":"Manteau rafra\u00eechissant chien Cool On Track"},"content":{"rendered":"<p>Rafra\u00eechissez votre chien rapidement avec Cool on Track \u2122, une mati\u00e8re haute technologie sign\u00e9e Back on Track\u00ae. Le manteau rafra\u00eechissant Back on Track\u00ae fonctionne en stockant de l&#8217;eau et en l&#8217;utilisant pour \u00e9changer la chaleur de votre chien lorsqu&#8217;elle s&#8217;\u00e9vapore.<\/p>\n<ul>\n<li>Aucun produit chimique.<\/li>\n<li>Pas n\u00e9cessaire de conserver au cong\u00e9lateur.<\/li>\n<li>Fermetures auto-agrippantes r\u00e9glables.<\/li>\n<li>Lorsque le manteau n&#8217;est pas utilis\u00e9, vous pouvez facilement l&#8217;utiliser comme couverture de rafra\u00eechissement.<\/li>\n<li>Enveloppe ext\u00e9rieure : 100 % polyester.<\/li>\n<li>Doublure: 80 % PVA, 20 % coton.<\/li>\n<\/ul>\n","protected":false},"excerpt":{"rendered":"<p>Rafra\u00eechissez votre chien rapidement avec Cool on Track \u2122, une mati\u00e8re haute technologie sign\u00e9e Back on Track\u00ae. Le manteau rafra\u00eechissant Back on Track\u00ae fonctionne en stockant de l&#8217;eau et en l&#8217;utilisant pour \u00e9changer la chaleur de votre chien lorsqu&#8217;elle s&#8217;\u00e9vapore.<\/p>\n","protected":false},"featured_media":968130,"template":"","meta":[],"product_cat":[12550,2698,12596],"product_tag":[],"class_list":{"0":"post-965901","1":"product","2":"type-product","3":"status-publish","4":"has-post-thumbnail","6":"product_cat-accessoires-du-chien","7":"product_cat-chien","8":"product_cat-confort-du-chien","9":"pa_marque-back-on-track","11":"first","12":"instock","13":"taxable","14":"shipping-taxable","15":"purchasable","16":"product-type-variable"},"yoast_head":"<!-- This site is optimized with the Yoast SEO plugin v27.3 - https:\/\/yoast.com\/product\/yoast-seo-wordpress\/ -->\n<title>Manteau rafra\u00eechissant chien Cool On Track Back on Track - V\u00e9torino<\/title>\n<meta name=\"description\" content=\"Rafra\u00eechissez votre chien rapidement avec Cool on Track \u2122, une mati\u00e8re haute technologie sign\u00e9e Back on Track\u00ae. Le manteau rafra\u00eechissant Back on Track\u00ae fonctionne en stockant de l&#039;eau et en l&#039;utilisant pour \u00e9changer la chaleur de votre chien lorsqu&#039;elle s&#039;\u00e9vapore.\" \/>\n<meta name=\"robots\" content=\"noindex, nofollow\" \/>\n<meta property=\"og:locale\" content=\"fr_FR\" \/>\n<meta property=\"og:type\" content=\"article\" \/>\n<meta property=\"og:title\" content=\"Manteau rafra\u00eechissant chien Cool On Track Back on Track - V\u00e9torino\" \/>\n<meta property=\"og:description\" content=\"Rafra\u00eechissez votre chien rapidement avec Cool on Track \u2122, une mati\u00e8re haute technologie sign\u00e9e Back on Track\u00ae. Le manteau rafra\u00eechissant Back on Track\u00ae fonctionne en stockant de l&#039;eau et en l&#039;utilisant pour \u00e9changer la chaleur de votre chien lorsqu&#039;elle s&#039;\u00e9vapore.\" \/>\n<meta property=\"og:url\" content=\"https:\/\/www.vetorino.com\/veterinaire\/saintefoyleslyon-69110\/boutique\/product\/manteau-rafraichissant-chien-back-on-track-cool-on-track\/\" \/>\n<meta property=\"og:site_name\" content=\"V\u00e9torino\" \/>\n<meta property=\"article:publisher\" content=\"https:\/\/www.facebook.com\/Vetorino\/\" \/>\n<meta property=\"article:modified_time\" content=\"2026-03-28T08:41:23+00:00\" \/>\n<meta property=\"og:image\" content=\"https:\/\/www.vetorino.com\/boutique\/wp-content\/uploads\/2024\/07\/4321-Cooling-Dog-Rug-WEB-03_2000x.jpg\" \/>\n\t<meta property=\"og:image:width\" content=\"2000\" \/>\n\t<meta property=\"og:image:height\" content=\"2000\" \/>\n\t<meta property=\"og:image:type\" content=\"image\/jpeg\" \/>\n<meta name=\"twitter:card\" content=\"summary_large_image\" \/>\n<meta name=\"twitter:label1\" content=\"Disponibilit\u00e9\" \/>\n\t<meta name=\"twitter:data1\" content=\"En stock\" \/>\n<script type=\"application\/ld+json\" class=\"yoast-schema-graph\">{\"@context\":\"https:\\\/\\\/schema.org\",\"@graph\":[{\"@type\":\"WebPage\",\"@id\":\"https:\\\/\\\/www.vetorino.com\\\/boutique\\\/product\\\/manteau-rafraichissant-chien-back-on-track-cool-on-track\\\/\",\"url\":\"https:\\\/\\\/www.vetorino.com\\\/boutique\\\/product\\\/manteau-rafraichissant-chien-back-on-track-cool-on-track\\\/\",\"name\":\"Manteau rafra\u00eechissant chien Cool On Track Back on Track - V\u00e9torino\",\"isPartOf\":{\"@id\":\"https:\\\/\\\/www.vetorino.com\\\/boutique\\\/#website\"},\"primaryImageOfPage\":{\"@id\":\"https:\\\/\\\/www.vetorino.com\\\/boutique\\\/product\\\/manteau-rafraichissant-chien-back-on-track-cool-on-track\\\/#primaryimage\"},\"image\":{\"@id\":\"https:\\\/\\\/www.vetorino.com\\\/boutique\\\/product\\\/manteau-rafraichissant-chien-back-on-track-cool-on-track\\\/#primaryimage\"},\"thumbnailUrl\":\"https:\\\/\\\/www.vetorino.com\\\/boutique\\\/wp-content\\\/uploads\\\/2024\\\/07\\\/4321-Cooling-Dog-Rug-WEB-03_2000x.jpg\",\"datePublished\":\"2024-07-05T12:17:23+00:00\",\"dateModified\":\"2026-03-28T08:41:23+00:00\",\"description\":\"Rafra\u00eechissez votre chien rapidement avec Cool on Track \u2122, une mati\u00e8re haute technologie sign\u00e9e Back on Track\u00ae. Le manteau rafra\u00eechissant Back on Track\u00ae fonctionne en stockant de l'eau et en l'utilisant pour \u00e9changer la chaleur de votre chien lorsqu'elle s'\u00e9vapore.\",\"breadcrumb\":{\"@id\":\"https:\\\/\\\/www.vetorino.com\\\/boutique\\\/product\\\/manteau-rafraichissant-chien-back-on-track-cool-on-track\\\/#breadcrumb\"},\"inLanguage\":\"fr-FR\",\"potentialAction\":[{\"@type\":\"ReadAction\",\"target\":[\"https:\\\/\\\/www.vetorino.com\\\/boutique\\\/product\\\/manteau-rafraichissant-chien-back-on-track-cool-on-track\\\/\"]}]},{\"@type\":\"ImageObject\",\"inLanguage\":\"fr-FR\",\"@id\":\"https:\\\/\\\/www.vetorino.com\\\/boutique\\\/product\\\/manteau-rafraichissant-chien-back-on-track-cool-on-track\\\/#primaryimage\",\"url\":\"https:\\\/\\\/www.vetorino.com\\\/boutique\\\/wp-content\\\/uploads\\\/2024\\\/07\\\/4321-Cooling-Dog-Rug-WEB-03_2000x.jpg\",\"contentUrl\":\"https:\\\/\\\/www.vetorino.com\\\/boutique\\\/wp-content\\\/uploads\\\/2024\\\/07\\\/4321-Cooling-Dog-Rug-WEB-03_2000x.jpg\",\"width\":2000,\"height\":2000},{\"@type\":\"BreadcrumbList\",\"@id\":\"https:\\\/\\\/www.vetorino.com\\\/boutique\\\/product\\\/manteau-rafraichissant-chien-back-on-track-cool-on-track\\\/#breadcrumb\",\"itemListElement\":[{\"@type\":\"ListItem\",\"position\":1,\"name\":\"Accueil\",\"item\":\"https:\\\/\\\/www.vetorino.com\\\/boutique\\\/\"},{\"@type\":\"ListItem\",\"position\":2,\"name\":\"Produits\",\"item\":\"https:\\\/\\\/www.vetorino.com\\\/boutique\\\/\"},{\"@type\":\"ListItem\",\"position\":3,\"name\":\"Manteau rafra\u00eechissant chien Cool On Track\"}]},{\"@type\":\"WebSite\",\"@id\":\"https:\\\/\\\/www.vetorino.com\\\/boutique\\\/#website\",\"url\":\"https:\\\/\\\/www.vetorino.com\\\/boutique\\\/\",\"name\":\"V\u00e9torino\",\"description\":\"\",\"publisher\":{\"@id\":\"https:\\\/\\\/www.vetorino.com\\\/boutique\\\/#organization\"},\"potentialAction\":[{\"@type\":\"SearchAction\",\"target\":{\"@type\":\"EntryPoint\",\"urlTemplate\":\"https:\\\/\\\/www.vetorino.com\\\/boutique\\\/?s={search_term_string}\"},\"query-input\":{\"@type\":\"PropertyValueSpecification\",\"valueRequired\":true,\"valueName\":\"search_term_string\"}}],\"inLanguage\":\"fr-FR\"},{\"@type\":\"Organization\",\"@id\":\"https:\\\/\\\/www.vetorino.com\\\/boutique\\\/#organization\",\"name\":\"V\u00e9torino\",\"url\":\"https:\\\/\\\/www.vetorino.com\\\/boutique\\\/\",\"logo\":{\"@type\":\"ImageObject\",\"inLanguage\":\"fr-FR\",\"@id\":\"https:\\\/\\\/www.vetorino.com\\\/boutique\\\/#\\\/schema\\\/logo\\\/image\\\/\",\"url\":\"https:\\\/\\\/www.vetorino.com\\\/boutique\\\/wp-content\\\/uploads\\\/2024\\\/10\\\/logo.jpg\",\"contentUrl\":\"https:\\\/\\\/www.vetorino.com\\\/boutique\\\/wp-content\\\/uploads\\\/2024\\\/10\\\/logo.jpg\",\"width\":1200,\"height\":610,\"caption\":\"V\u00e9torino\"},\"image\":{\"@id\":\"https:\\\/\\\/www.vetorino.com\\\/boutique\\\/#\\\/schema\\\/logo\\\/image\\\/\"},\"sameAs\":[\"https:\\\/\\\/www.facebook.com\\\/Vetorino\\\/\",\"https:\\\/\\\/www.instagram.com\\\/vetorino_off\\\/\",\"https:\\\/\\\/www.linkedin.com\\\/company\\\/vtorino\\\/\"]}]}<\/script>\n<meta property=\"product:brand\" content=\"Back on Track\" \/>\n<meta property=\"og:availability\" content=\"instock\" \/>\n<meta property=\"product:availability\" content=\"instock\" \/>\n<meta property=\"product:condition\" content=\"new\" \/>\n<!-- \/ Yoast SEO plugin. -->","yoast_head_json":{"title":"Manteau rafra\u00eechissant chien Cool On Track Back on Track - V\u00e9torino","description":"Rafra\u00eechissez votre chien rapidement avec Cool on Track \u2122, une mati\u00e8re haute technologie sign\u00e9e Back on Track\u00ae. Le manteau rafra\u00eechissant Back on Track\u00ae fonctionne en stockant de l'eau et en l'utilisant pour \u00e9changer la chaleur de votre chien lorsqu'elle s'\u00e9vapore.","robots":{"index":"noindex","follow":"nofollow"},"og_locale":"fr_FR","og_type":"article","og_title":"Manteau rafra\u00eechissant chien Cool On Track Back on Track - V\u00e9torino","og_description":"Rafra\u00eechissez votre chien rapidement avec Cool on Track \u2122, une mati\u00e8re haute technologie sign\u00e9e Back on Track\u00ae. Le manteau rafra\u00eechissant Back on Track\u00ae fonctionne en stockant de l'eau et en l'utilisant pour \u00e9changer la chaleur de votre chien lorsqu'elle s'\u00e9vapore.","og_url":"https:\/\/www.vetorino.com\/veterinaire\/saintefoyleslyon-69110\/boutique\/product\/manteau-rafraichissant-chien-back-on-track-cool-on-track\/","og_site_name":"V\u00e9torino","article_publisher":"https:\/\/www.facebook.com\/Vetorino\/","article_modified_time":"2026-03-28T08:41:23+00:00","og_image":[{"width":2000,"height":2000,"url":"https:\/\/www.vetorino.com\/boutique\/wp-content\/uploads\/2024\/07\/4321-Cooling-Dog-Rug-WEB-03_2000x.jpg","type":"image\/jpeg"}],"twitter_card":"summary_large_image","twitter_misc":{"Disponibilit\u00e9":"En stock"},"schema":{"@context":"https:\/\/schema.org","@graph":[{"@type":"WebPage","@id":"https:\/\/www.vetorino.com\/boutique\/product\/manteau-rafraichissant-chien-back-on-track-cool-on-track\/","url":"https:\/\/www.vetorino.com\/boutique\/product\/manteau-rafraichissant-chien-back-on-track-cool-on-track\/","name":"Manteau rafra\u00eechissant chien Cool On Track Back on Track - V\u00e9torino","isPartOf":{"@id":"https:\/\/www.vetorino.com\/boutique\/#website"},"primaryImageOfPage":{"@id":"https:\/\/www.vetorino.com\/boutique\/product\/manteau-rafraichissant-chien-back-on-track-cool-on-track\/#primaryimage"},"image":{"@id":"https:\/\/www.vetorino.com\/boutique\/product\/manteau-rafraichissant-chien-back-on-track-cool-on-track\/#primaryimage"},"thumbnailUrl":"https:\/\/www.vetorino.com\/boutique\/wp-content\/uploads\/2024\/07\/4321-Cooling-Dog-Rug-WEB-03_2000x.jpg","datePublished":"2024-07-05T12:17:23+00:00","dateModified":"2026-03-28T08:41:23+00:00","description":"Rafra\u00eechissez votre chien rapidement avec Cool on Track \u2122, une mati\u00e8re haute technologie sign\u00e9e Back on Track\u00ae. Le manteau rafra\u00eechissant Back on Track\u00ae fonctionne en stockant de l'eau et en l'utilisant pour \u00e9changer la chaleur de votre chien lorsqu'elle s'\u00e9vapore.","breadcrumb":{"@id":"https:\/\/www.vetorino.com\/boutique\/product\/manteau-rafraichissant-chien-back-on-track-cool-on-track\/#breadcrumb"},"inLanguage":"fr-FR","potentialAction":[{"@type":"ReadAction","target":["https:\/\/www.vetorino.com\/boutique\/product\/manteau-rafraichissant-chien-back-on-track-cool-on-track\/"]}]},{"@type":"ImageObject","inLanguage":"fr-FR","@id":"https:\/\/www.vetorino.com\/boutique\/product\/manteau-rafraichissant-chien-back-on-track-cool-on-track\/#primaryimage","url":"https:\/\/www.vetorino.com\/boutique\/wp-content\/uploads\/2024\/07\/4321-Cooling-Dog-Rug-WEB-03_2000x.jpg","contentUrl":"https:\/\/www.vetorino.com\/boutique\/wp-content\/uploads\/2024\/07\/4321-Cooling-Dog-Rug-WEB-03_2000x.jpg","width":2000,"height":2000},{"@type":"BreadcrumbList","@id":"https:\/\/www.vetorino.com\/boutique\/product\/manteau-rafraichissant-chien-back-on-track-cool-on-track\/#breadcrumb","itemListElement":[{"@type":"ListItem","position":1,"name":"Accueil","item":"https:\/\/www.vetorino.com\/boutique\/"},{"@type":"ListItem","position":2,"name":"Produits","item":"https:\/\/www.vetorino.com\/boutique\/"},{"@type":"ListItem","position":3,"name":"Manteau rafra\u00eechissant chien Cool On Track"}]},{"@type":"WebSite","@id":"https:\/\/www.vetorino.com\/boutique\/#website","url":"https:\/\/www.vetorino.com\/boutique\/","name":"V\u00e9torino","description":"","publisher":{"@id":"https:\/\/www.vetorino.com\/boutique\/#organization"},"potentialAction":[{"@type":"SearchAction","target":{"@type":"EntryPoint","urlTemplate":"https:\/\/www.vetorino.com\/boutique\/?s={search_term_string}"},"query-input":{"@type":"PropertyValueSpecification","valueRequired":true,"valueName":"search_term_string"}}],"inLanguage":"fr-FR"},{"@type":"Organization","@id":"https:\/\/www.vetorino.com\/boutique\/#organization","name":"V\u00e9torino","url":"https:\/\/www.vetorino.com\/boutique\/","logo":{"@type":"ImageObject","inLanguage":"fr-FR","@id":"https:\/\/www.vetorino.com\/boutique\/#\/schema\/logo\/image\/","url":"https:\/\/www.vetorino.com\/boutique\/wp-content\/uploads\/2024\/10\/logo.jpg","contentUrl":"https:\/\/www.vetorino.com\/boutique\/wp-content\/uploads\/2024\/10\/logo.jpg","width":1200,"height":610,"caption":"V\u00e9torino"},"image":{"@id":"https:\/\/www.vetorino.com\/boutique\/#\/schema\/logo\/image\/"},"sameAs":["https:\/\/www.facebook.com\/Vetorino\/","https:\/\/www.instagram.com\/vetorino_off\/","https:\/\/www.linkedin.com\/company\/vtorino\/"]}]},"product_brand":"Back on Track","og_availability":"instock","product_availability":"instock","product_condition":"new"},"_links":{"self":[{"href":"https:\/\/www.vetorino.com\/veterinaire\/saintefoyleslyon-69110\/boutique\/wp-json\/wp\/v2\/product\/965901","targetHints":{"allow":["GET"]}}],"collection":[{"href":"https:\/\/www.vetorino.com\/veterinaire\/saintefoyleslyon-69110\/boutique\/wp-json\/wp\/v2\/product"}],"about":[{"href":"https:\/\/www.vetorino.com\/veterinaire\/saintefoyleslyon-69110\/boutique\/wp-json\/wp\/v2\/types\/product"}],"wp:featuredmedia":[{"embeddable":true,"href":"https:\/\/www.vetorino.com\/veterinaire\/saintefoyleslyon-69110\/boutique\/wp-json\/wp\/v2\/media\/968130"}],"wp:attachment":[{"href":"https:\/\/www.vetorino.com\/veterinaire\/saintefoyleslyon-69110\/boutique\/wp-json\/wp\/v2\/media?parent=965901"}],"wp:term":[{"taxonomy":"product_cat","embeddable":true,"href":"https:\/\/www.vetorino.com\/veterinaire\/saintefoyleslyon-69110\/boutique\/wp-json\/wp\/v2\/product_cat?post=965901"},{"taxonomy":"product_tag","embeddable":true,"href":"https:\/\/www.vetorino.com\/veterinaire\/saintefoyleslyon-69110\/boutique\/wp-json\/wp\/v2\/product_tag?post=965901"}],"curies":[{"name":"wp","href":"https:\/\/api.w.org\/{rel}","templated":true}]}}