{"id":1397278,"date":"2025-07-01T10:38:39","date_gmt":"2025-07-01T08:38:39","guid":{"rendered":"https:\/\/www.vetorino.com\/boutique\/product\/chat-adult-sterilised-cat-saumon\/"},"modified":"2026-04-17T15:31:57","modified_gmt":"2026-04-17T13:31:57","slug":"chat-adult-sterilised-cat-saumon","status":"publish","type":"product","link":"https:\/\/www.vetorino.com\/veterinaire\/saintpeesurnivelle-64310\/boutique\/product\/chat-adult-sterilised-cat-saumon\/","title":{"rendered":"Chat Adulte Sterilis\u00e9 Saumon"},"content":{"rendered":"<p>Les croquettes Hill\u2019s Science Plan Sterilised Adult au saumon sont id\u00e9ales pour les chats st\u00e9rilis\u00e9s. Elles ont \u00e9t\u00e9 sp\u00e9cialement formul\u00e9es pour aider \u00e0 <strong>br\u00fbler les graisses<\/strong>, \u00e0 <strong>d\u00e9velopper les muscles<\/strong> et \u00e0 <strong>garder les chats sveltes. <\/strong><\/p>\n<p>Produites <strong>\u00e0 partir d\u2019ingr\u00e9dients de qualit\u00e9 et digestes<\/strong>, elles offrent une alimentation \u00e9quilibr\u00e9e et adapt\u00e9e aux besoins des chats st\u00e9rilis\u00e9s.<\/p>\n<p>L&#8217;ajout de L-carnitine soutient l\u2019activit\u00e9 et la minceur du chat. Les teneurs contr\u00f4l\u00e9es en min\u00e9raux<strong> favorisent un syst\u00e8me urinaire normal<\/strong>, tandis que la\u00a0faible teneur en mati\u00e8res grasses et la teneur \u00e9lev\u00e9e en L-lysine contribuent au <strong>maintien de la vitalit\u00e9<\/strong>.<\/p>\n<p>Les aliments Hill\u2019s Science Plan sont disponibles en plusieurs saveurs et sont propos\u00e9s sous forme de nourriture humide et de croquettes pour r\u00e9pondre aux besoins sp\u00e9cifiques de votre chat.<\/p>\n<p><strong>Caract\u00e9ristiques\u00a0 :<\/strong><\/p>\n<ul>\n<li><strong>Recette adapt\u00e9e\u202f:<\/strong> sp\u00e9cialement d\u00e9velopp\u00e9e pour les chats st\u00e9rilis\u00e9s.<\/li>\n<li><strong>Avec de la L-carnitine<\/strong>\u202f: pour la minceur et l\u2019activit\u00e9 de votre chat.<\/li>\n<li><strong>Teneurs en min\u00e9raux contr\u00f4l\u00e9es\u202f:<\/strong> peut favoriser un syst\u00e8me urinaire normal.<\/li>\n<li><strong>Faible teneur en mati\u00e8res grasses et teneur \u00e9lev\u00e9e en L-lysine\u202f<\/strong>: peut aider \u00e0 maintenir la vitalit\u00e9.<\/li>\n<li><strong>Ingr\u00e9dients de qualit\u00e9\u202f:<\/strong> faciles \u00e0 dig\u00e9rer et savoureux.<\/li>\n<\/ul>\n","protected":false},"excerpt":{"rendered":"<p>limentation au saumon pour\u00a0<strong>chats adultes st\u00e9rilis\u00e9s (de 1 \u00e0 6 ans)<\/strong> formul\u00e9e pour aider \u00e0 br\u00fbler les graisses, d\u00e9velopper la masse musculaire et maintenir un poids de forme avec des ingr\u00e9dients hautement digestibles.<\/p>\n","protected":false},"featured_media":1796209,"template":"","meta":[],"product_cat":[12551,12583,2697],"product_tag":[],"class_list":{"0":"post-1397278","1":"product","2":"type-product","3":"status-publish","4":"has-post-thumbnail","6":"product_cat-alimentation-du-chat","7":"product_cat-alimentation-premium-pour-chat","8":"product_cat-chat","9":"pa_marque-hills-pet-nutrition","11":"first","12":"instock","13":"taxable","14":"shipping-taxable","15":"purchasable","16":"product-type-variable"},"yoast_head":"<!-- This site is optimized with the Yoast SEO plugin v27.4 - https:\/\/yoast.com\/product\/yoast-seo-wordpress\/ -->\n<title>Science Plan (Hill&#039;s) Chat Adulte Sterilis\u00e9 Saumon Hill&#039;s - V\u00e9torino<\/title>\n<meta name=\"description\" content=\"limentation au saumon pour\u00a0chats adultes st\u00e9rilis\u00e9s (de 1 \u00e0 6 ans) formul\u00e9e pour aider \u00e0 br\u00fbler les graisses, d\u00e9velopper la masse musculaire et maintenir un poids de forme avec des ingr\u00e9dients hautement digestibles.\" \/>\n<meta name=\"robots\" content=\"noindex, nofollow\" \/>\n<meta property=\"og:locale\" content=\"fr_FR\" \/>\n<meta property=\"og:type\" content=\"article\" \/>\n<meta property=\"og:title\" content=\"Science Plan (Hill&#039;s) Chat Adulte Sterilis\u00e9 Saumon Hill&#039;s - V\u00e9torino\" \/>\n<meta property=\"og:description\" content=\"limentation au saumon pour\u00a0chats adultes st\u00e9rilis\u00e9s (de 1 \u00e0 6 ans) formul\u00e9e pour aider \u00e0 br\u00fbler les graisses, d\u00e9velopper la masse musculaire et maintenir un poids de forme avec des ingr\u00e9dients hautement digestibles.\" \/>\n<meta property=\"og:url\" content=\"https:\/\/www.vetorino.com\/veterinaire\/saintpeesurnivelle-64310\/boutique\/product\/chat-adult-sterilised-cat-saumon\/\" \/>\n<meta property=\"og:site_name\" content=\"V\u00e9torino\" \/>\n<meta property=\"article:publisher\" content=\"https:\/\/www.facebook.com\/Vetorino\/\" \/>\n<meta property=\"article:modified_time\" content=\"2026-04-17T13:31:57+00:00\" \/>\n<meta property=\"og:image\" content=\"https:\/\/www.vetorino.com\/boutique\/wp-content\/uploads\/2025\/07\/hills-chat-adulte-sterilised-saumon-science-plan.jpg\" \/>\n\t<meta property=\"og:image:width\" content=\"800\" \/>\n\t<meta property=\"og:image:height\" content=\"800\" \/>\n\t<meta property=\"og:image:type\" content=\"image\/jpeg\" \/>\n<meta name=\"twitter:card\" content=\"summary_large_image\" \/>\n<meta name=\"twitter:label1\" content=\"Disponibilit\u00e9\" \/>\n\t<meta name=\"twitter:data1\" content=\"En stock\" \/>\n<script type=\"application\/ld+json\" class=\"yoast-schema-graph\">{\"@context\":\"https:\\\/\\\/schema.org\",\"@graph\":[{\"@type\":\"WebPage\",\"@id\":\"https:\\\/\\\/www.vetorino.com\\\/boutique\\\/product\\\/chat-adult-sterilised-cat-saumon\\\/\",\"url\":\"https:\\\/\\\/www.vetorino.com\\\/boutique\\\/product\\\/chat-adult-sterilised-cat-saumon\\\/\",\"name\":\"Science Plan (Hill's) Chat Adulte Sterilis\u00e9 Saumon Hill's - V\u00e9torino\",\"isPartOf\":{\"@id\":\"https:\\\/\\\/www.vetorino.com\\\/boutique\\\/#website\"},\"primaryImageOfPage\":{\"@id\":\"https:\\\/\\\/www.vetorino.com\\\/boutique\\\/product\\\/chat-adult-sterilised-cat-saumon\\\/#primaryimage\"},\"image\":{\"@id\":\"https:\\\/\\\/www.vetorino.com\\\/boutique\\\/product\\\/chat-adult-sterilised-cat-saumon\\\/#primaryimage\"},\"thumbnailUrl\":\"https:\\\/\\\/www.vetorino.com\\\/boutique\\\/wp-content\\\/uploads\\\/2025\\\/08\\\/hills-science-plan-adulte-sterilise-chat-saumon.jpg\",\"datePublished\":\"2025-07-01T08:38:39+00:00\",\"dateModified\":\"2026-04-17T13:31:57+00:00\",\"description\":\"limentation au saumon pour\u00a0chats adultes st\u00e9rilis\u00e9s (de 1 \u00e0 6 ans) formul\u00e9e pour aider \u00e0 br\u00fbler les graisses, d\u00e9velopper la masse musculaire et maintenir un poids de forme avec des ingr\u00e9dients hautement digestibles.\",\"breadcrumb\":{\"@id\":\"https:\\\/\\\/www.vetorino.com\\\/boutique\\\/product\\\/chat-adult-sterilised-cat-saumon\\\/#breadcrumb\"},\"inLanguage\":\"fr-FR\",\"potentialAction\":[{\"@type\":\"ReadAction\",\"target\":[\"https:\\\/\\\/www.vetorino.com\\\/boutique\\\/product\\\/chat-adult-sterilised-cat-saumon\\\/\"]}]},{\"@type\":\"ImageObject\",\"inLanguage\":\"fr-FR\",\"@id\":\"https:\\\/\\\/www.vetorino.com\\\/boutique\\\/product\\\/chat-adult-sterilised-cat-saumon\\\/#primaryimage\",\"url\":\"https:\\\/\\\/www.vetorino.com\\\/boutique\\\/wp-content\\\/uploads\\\/2025\\\/08\\\/hills-science-plan-adulte-sterilise-chat-saumon.jpg\",\"contentUrl\":\"https:\\\/\\\/www.vetorino.com\\\/boutique\\\/wp-content\\\/uploads\\\/2025\\\/08\\\/hills-science-plan-adulte-sterilise-chat-saumon.jpg\",\"width\":540,\"height\":540},{\"@type\":\"BreadcrumbList\",\"@id\":\"https:\\\/\\\/www.vetorino.com\\\/boutique\\\/product\\\/chat-adult-sterilised-cat-saumon\\\/#breadcrumb\",\"itemListElement\":[{\"@type\":\"ListItem\",\"position\":1,\"name\":\"Accueil\",\"item\":\"https:\\\/\\\/www.vetorino.com\\\/boutique\\\/\"},{\"@type\":\"ListItem\",\"position\":2,\"name\":\"Produits\",\"item\":\"https:\\\/\\\/www.vetorino.com\\\/boutique\\\/\"},{\"@type\":\"ListItem\",\"position\":3,\"name\":\"Chat Adulte Sterilis\u00e9 Saumon\"}]},{\"@type\":\"WebSite\",\"@id\":\"https:\\\/\\\/www.vetorino.com\\\/boutique\\\/#website\",\"url\":\"https:\\\/\\\/www.vetorino.com\\\/boutique\\\/\",\"name\":\"V\u00e9torino\",\"description\":\"\",\"publisher\":{\"@id\":\"https:\\\/\\\/www.vetorino.com\\\/boutique\\\/#organization\"},\"potentialAction\":[{\"@type\":\"SearchAction\",\"target\":{\"@type\":\"EntryPoint\",\"urlTemplate\":\"https:\\\/\\\/www.vetorino.com\\\/boutique\\\/?s={search_term_string}\"},\"query-input\":{\"@type\":\"PropertyValueSpecification\",\"valueRequired\":true,\"valueName\":\"search_term_string\"}}],\"inLanguage\":\"fr-FR\"},{\"@type\":\"Organization\",\"@id\":\"https:\\\/\\\/www.vetorino.com\\\/boutique\\\/#organization\",\"name\":\"V\u00e9torino\",\"url\":\"https:\\\/\\\/www.vetorino.com\\\/boutique\\\/\",\"logo\":{\"@type\":\"ImageObject\",\"inLanguage\":\"fr-FR\",\"@id\":\"https:\\\/\\\/www.vetorino.com\\\/boutique\\\/#\\\/schema\\\/logo\\\/image\\\/\",\"url\":\"https:\\\/\\\/www.vetorino.com\\\/boutique\\\/wp-content\\\/uploads\\\/2024\\\/10\\\/logo.jpg\",\"contentUrl\":\"https:\\\/\\\/www.vetorino.com\\\/boutique\\\/wp-content\\\/uploads\\\/2024\\\/10\\\/logo.jpg\",\"width\":1200,\"height\":610,\"caption\":\"V\u00e9torino\"},\"image\":{\"@id\":\"https:\\\/\\\/www.vetorino.com\\\/boutique\\\/#\\\/schema\\\/logo\\\/image\\\/\"},\"sameAs\":[\"https:\\\/\\\/www.facebook.com\\\/Vetorino\\\/\",\"https:\\\/\\\/www.instagram.com\\\/vetorino_off\\\/\",\"https:\\\/\\\/www.linkedin.com\\\/company\\\/vtorino\\\/\"]}]}<\/script>\n<meta property=\"product:brand\" content=\"Hill&#039;s\" \/>\n<meta property=\"og:availability\" content=\"instock\" \/>\n<meta property=\"product:availability\" content=\"instock\" \/>\n<meta property=\"product:condition\" content=\"new\" \/>\n<!-- \/ Yoast SEO plugin. -->","yoast_head_json":{"title":"Science Plan (Hill's) Chat Adulte Sterilis\u00e9 Saumon Hill's - V\u00e9torino","description":"limentation au saumon pour\u00a0chats adultes st\u00e9rilis\u00e9s (de 1 \u00e0 6 ans) formul\u00e9e pour aider \u00e0 br\u00fbler les graisses, d\u00e9velopper la masse musculaire et maintenir un poids de forme avec des ingr\u00e9dients hautement digestibles.","robots":{"index":"noindex","follow":"nofollow"},"og_locale":"fr_FR","og_type":"article","og_title":"Science Plan (Hill's) Chat Adulte Sterilis\u00e9 Saumon Hill's - V\u00e9torino","og_description":"limentation au saumon pour\u00a0chats adultes st\u00e9rilis\u00e9s (de 1 \u00e0 6 ans) formul\u00e9e pour aider \u00e0 br\u00fbler les graisses, d\u00e9velopper la masse musculaire et maintenir un poids de forme avec des ingr\u00e9dients hautement digestibles.","og_url":"https:\/\/www.vetorino.com\/veterinaire\/saintpeesurnivelle-64310\/boutique\/product\/chat-adult-sterilised-cat-saumon\/","og_site_name":"V\u00e9torino","article_publisher":"https:\/\/www.facebook.com\/Vetorino\/","article_modified_time":"2026-04-17T13:31:57+00:00","og_image":[{"width":800,"height":800,"url":"https:\/\/www.vetorino.com\/boutique\/wp-content\/uploads\/2025\/07\/hills-chat-adulte-sterilised-saumon-science-plan.jpg","type":"image\/jpeg"}],"twitter_card":"summary_large_image","twitter_misc":{"Disponibilit\u00e9":"En stock"},"schema":{"@context":"https:\/\/schema.org","@graph":[{"@type":"WebPage","@id":"https:\/\/www.vetorino.com\/boutique\/product\/chat-adult-sterilised-cat-saumon\/","url":"https:\/\/www.vetorino.com\/boutique\/product\/chat-adult-sterilised-cat-saumon\/","name":"Science Plan (Hill's) Chat Adulte Sterilis\u00e9 Saumon Hill's - V\u00e9torino","isPartOf":{"@id":"https:\/\/www.vetorino.com\/boutique\/#website"},"primaryImageOfPage":{"@id":"https:\/\/www.vetorino.com\/boutique\/product\/chat-adult-sterilised-cat-saumon\/#primaryimage"},"image":{"@id":"https:\/\/www.vetorino.com\/boutique\/product\/chat-adult-sterilised-cat-saumon\/#primaryimage"},"thumbnailUrl":"https:\/\/www.vetorino.com\/boutique\/wp-content\/uploads\/2025\/08\/hills-science-plan-adulte-sterilise-chat-saumon.jpg","datePublished":"2025-07-01T08:38:39+00:00","dateModified":"2026-04-17T13:31:57+00:00","description":"limentation au saumon pour\u00a0chats adultes st\u00e9rilis\u00e9s (de 1 \u00e0 6 ans) formul\u00e9e pour aider \u00e0 br\u00fbler les graisses, d\u00e9velopper la masse musculaire et maintenir un poids de forme avec des ingr\u00e9dients hautement digestibles.","breadcrumb":{"@id":"https:\/\/www.vetorino.com\/boutique\/product\/chat-adult-sterilised-cat-saumon\/#breadcrumb"},"inLanguage":"fr-FR","potentialAction":[{"@type":"ReadAction","target":["https:\/\/www.vetorino.com\/boutique\/product\/chat-adult-sterilised-cat-saumon\/"]}]},{"@type":"ImageObject","inLanguage":"fr-FR","@id":"https:\/\/www.vetorino.com\/boutique\/product\/chat-adult-sterilised-cat-saumon\/#primaryimage","url":"https:\/\/www.vetorino.com\/boutique\/wp-content\/uploads\/2025\/08\/hills-science-plan-adulte-sterilise-chat-saumon.jpg","contentUrl":"https:\/\/www.vetorino.com\/boutique\/wp-content\/uploads\/2025\/08\/hills-science-plan-adulte-sterilise-chat-saumon.jpg","width":540,"height":540},{"@type":"BreadcrumbList","@id":"https:\/\/www.vetorino.com\/boutique\/product\/chat-adult-sterilised-cat-saumon\/#breadcrumb","itemListElement":[{"@type":"ListItem","position":1,"name":"Accueil","item":"https:\/\/www.vetorino.com\/boutique\/"},{"@type":"ListItem","position":2,"name":"Produits","item":"https:\/\/www.vetorino.com\/boutique\/"},{"@type":"ListItem","position":3,"name":"Chat Adulte Sterilis\u00e9 Saumon"}]},{"@type":"WebSite","@id":"https:\/\/www.vetorino.com\/boutique\/#website","url":"https:\/\/www.vetorino.com\/boutique\/","name":"V\u00e9torino","description":"","publisher":{"@id":"https:\/\/www.vetorino.com\/boutique\/#organization"},"potentialAction":[{"@type":"SearchAction","target":{"@type":"EntryPoint","urlTemplate":"https:\/\/www.vetorino.com\/boutique\/?s={search_term_string}"},"query-input":{"@type":"PropertyValueSpecification","valueRequired":true,"valueName":"search_term_string"}}],"inLanguage":"fr-FR"},{"@type":"Organization","@id":"https:\/\/www.vetorino.com\/boutique\/#organization","name":"V\u00e9torino","url":"https:\/\/www.vetorino.com\/boutique\/","logo":{"@type":"ImageObject","inLanguage":"fr-FR","@id":"https:\/\/www.vetorino.com\/boutique\/#\/schema\/logo\/image\/","url":"https:\/\/www.vetorino.com\/boutique\/wp-content\/uploads\/2024\/10\/logo.jpg","contentUrl":"https:\/\/www.vetorino.com\/boutique\/wp-content\/uploads\/2024\/10\/logo.jpg","width":1200,"height":610,"caption":"V\u00e9torino"},"image":{"@id":"https:\/\/www.vetorino.com\/boutique\/#\/schema\/logo\/image\/"},"sameAs":["https:\/\/www.facebook.com\/Vetorino\/","https:\/\/www.instagram.com\/vetorino_off\/","https:\/\/www.linkedin.com\/company\/vtorino\/"]}]},"product_brand":"Hill's","og_availability":"instock","product_availability":"instock","product_condition":"new"},"_links":{"self":[{"href":"https:\/\/www.vetorino.com\/veterinaire\/saintpeesurnivelle-64310\/boutique\/wp-json\/wp\/v2\/product\/1397278","targetHints":{"allow":["GET"]}}],"collection":[{"href":"https:\/\/www.vetorino.com\/veterinaire\/saintpeesurnivelle-64310\/boutique\/wp-json\/wp\/v2\/product"}],"about":[{"href":"https:\/\/www.vetorino.com\/veterinaire\/saintpeesurnivelle-64310\/boutique\/wp-json\/wp\/v2\/types\/product"}],"wp:featuredmedia":[{"embeddable":true,"href":"https:\/\/www.vetorino.com\/veterinaire\/saintpeesurnivelle-64310\/boutique\/wp-json\/wp\/v2\/media\/1796209"}],"wp:attachment":[{"href":"https:\/\/www.vetorino.com\/veterinaire\/saintpeesurnivelle-64310\/boutique\/wp-json\/wp\/v2\/media?parent=1397278"}],"wp:term":[{"taxonomy":"product_cat","embeddable":true,"href":"https:\/\/www.vetorino.com\/veterinaire\/saintpeesurnivelle-64310\/boutique\/wp-json\/wp\/v2\/product_cat?post=1397278"},{"taxonomy":"product_tag","embeddable":true,"href":"https:\/\/www.vetorino.com\/veterinaire\/saintpeesurnivelle-64310\/boutique\/wp-json\/wp\/v2\/product_tag?post=1397278"}],"curies":[{"name":"wp","href":"https:\/\/api.w.org\/{rel}","templated":true}]}}