{"id":98119,"date":"2020-06-29T22:59:03","date_gmt":"2020-06-29T20:59:03","guid":{"rendered":"https:\/\/www.vetorino.com\/boutique\/product\/jouet-chien-chuck-it-balle\/"},"modified":"2026-04-03T02:42:08","modified_gmt":"2026-04-03T00:42:08","slug":"jouet-chien-chuck-it-balle","status":"publish","type":"product","link":"https:\/\/www.vetorino.com\/veterinaire\/saintvincentdetyrosse-40230\/boutique\/product\/jouet-chien-chuck-it-balle\/","title":{"rendered":"Balles de tennis pour chien orange"},"content":{"rendered":"<p>Balles de tennis pour chien orange Chuckit! de taille m\u00e9dium. L\u2019exercice physique est n\u00e9cessaire pour avoir un chien parfaitement \u00e9quilibr\u00e9. Celui-ci doit \u00eatre stimul\u00e9 \u00e0 l&#8217;aide de jouets afin de satisfaire ses besoins. Gr\u00e2ce \u00e0 ces balles r\u00e9sistantes de haute qualit\u00e9, vous pouvez jouer au jeu de lancer et rapporter avec votre chien renfor\u00e7ant ainsi votre complicit\u00e9. Les balles sont id\u00e9ales pour le chien joueur et sportif, sa composition ferme emp\u00eache la destruction par sa dentition. Elles sont dot\u00e9es de couleurs vives tr\u00e8s pratiques afin d&#8217;avoir une meilleure visibilit\u00e9 quand elle sont cach\u00e9es dans les hautes herbes.<\/p><\/div>\n","protected":false},"excerpt":{"rendered":"<p>Balles de tennis pour chien orange Chuckit! (taille medium). De qualit\u00e9 sup\u00e9rieure, cette balle r\u00e9sistante est id\u00e9ale le chien sportif qui adore se d\u00e9penser !<\/p>\n","protected":false},"featured_media":624321,"template":"","meta":[],"product_cat":[12550,2698,12621],"product_tag":[],"class_list":{"0":"post-98119","1":"product","2":"type-product","3":"status-publish","4":"has-post-thumbnail","6":"product_cat-accessoires-du-chien","7":"product_cat-chien","8":"product_cat-jeux-educatifs-pour-chien","9":"pa_marque-chuckit","11":"first","12":"instock","13":"taxable","14":"shipping-taxable","15":"purchasable","16":"product-type-simple"},"yoast_head":"<!-- This site is optimized with the Yoast SEO plugin v27.3 - https:\/\/yoast.com\/product\/yoast-seo-wordpress\/ -->\n<title>Balles de tennis pour chien orange ChuckIt! - V\u00e9torino<\/title>\n<meta name=\"description\" content=\"Balles de tennis pour chien orange Chuckit! (taille medium). De qualit\u00e9 sup\u00e9rieure, cette balle r\u00e9sistante est id\u00e9ale le chien sportif qui adore se d\u00e9penser !\" \/>\n<meta name=\"robots\" content=\"noindex, nofollow\" \/>\n<meta property=\"og:locale\" content=\"fr_FR\" \/>\n<meta property=\"og:type\" content=\"article\" \/>\n<meta property=\"og:title\" content=\"Balles de tennis pour chien orange ChuckIt! - V\u00e9torino\" \/>\n<meta property=\"og:description\" content=\"Balles de tennis pour chien orange Chuckit! (taille medium). De qualit\u00e9 sup\u00e9rieure, cette balle r\u00e9sistante est id\u00e9ale le chien sportif qui adore se d\u00e9penser !\" \/>\n<meta property=\"og:url\" content=\"https:\/\/www.vetorino.com\/veterinaire\/saintvincentdetyrosse-40230\/boutique\/product\/jouet-chien-chuck-it-balle\/\" \/>\n<meta property=\"og:site_name\" content=\"V\u00e9torino\" \/>\n<meta property=\"article:publisher\" content=\"https:\/\/www.facebook.com\/Vetorino\/\" \/>\n<meta property=\"article:modified_time\" content=\"2026-04-03T00:42:08+00:00\" \/>\n<meta property=\"og:image\" content=\"https:\/\/www.vetorino.com\/boutique\/wp-content\/uploads\/2020\/06\/Capture-decran-2023-05-30-a-10.43.23.png\" \/>\n\t<meta property=\"og:image:width\" content=\"1170\" \/>\n\t<meta property=\"og:image:height\" content=\"902\" \/>\n\t<meta property=\"og:image:type\" content=\"image\/png\" \/>\n<meta name=\"twitter:card\" content=\"summary_large_image\" \/>\n<meta name=\"twitter:label1\" content=\"Prix\" \/>\n\t<meta name=\"twitter:data1\" content=\"4,27&euro;\" \/>\n\t<meta name=\"twitter:label2\" content=\"Disponibilit\u00e9\" \/>\n\t<meta name=\"twitter:data2\" content=\"En stock\" \/>\n<script type=\"application\/ld+json\" class=\"yoast-schema-graph\">{\"@context\":\"https:\\\/\\\/schema.org\",\"@graph\":[{\"@type\":\"WebPage\",\"@id\":\"https:\\\/\\\/www.vetorino.com\\\/boutique\\\/product\\\/jouet-chien-chuck-it-balle\\\/\",\"url\":\"https:\\\/\\\/www.vetorino.com\\\/boutique\\\/product\\\/jouet-chien-chuck-it-balle\\\/\",\"name\":\"Balles de tennis pour chien orange ChuckIt! - V\u00e9torino\",\"isPartOf\":{\"@id\":\"https:\\\/\\\/www.vetorino.com\\\/boutique\\\/#website\"},\"primaryImageOfPage\":{\"@id\":\"https:\\\/\\\/www.vetorino.com\\\/boutique\\\/product\\\/jouet-chien-chuck-it-balle\\\/#primaryimage\"},\"image\":{\"@id\":\"https:\\\/\\\/www.vetorino.com\\\/boutique\\\/product\\\/jouet-chien-chuck-it-balle\\\/#primaryimage\"},\"thumbnailUrl\":\"https:\\\/\\\/www.vetorino.com\\\/boutique\\\/wp-content\\\/uploads\\\/2020\\\/06\\\/Capture-decran-2023-05-30-a-10.43.23.png\",\"datePublished\":\"2020-06-29T20:59:03+00:00\",\"dateModified\":\"2026-04-03T00:42:08+00:00\",\"description\":\"Balles de tennis pour chien orange Chuckit! (taille medium). De qualit\u00e9 sup\u00e9rieure, cette balle r\u00e9sistante est id\u00e9ale le chien sportif qui adore se d\u00e9penser !\",\"breadcrumb\":{\"@id\":\"https:\\\/\\\/www.vetorino.com\\\/boutique\\\/product\\\/jouet-chien-chuck-it-balle\\\/#breadcrumb\"},\"inLanguage\":\"fr-FR\",\"potentialAction\":[{\"@type\":\"ReadAction\",\"target\":[\"https:\\\/\\\/www.vetorino.com\\\/boutique\\\/product\\\/jouet-chien-chuck-it-balle\\\/\"]}]},{\"@type\":\"ImageObject\",\"inLanguage\":\"fr-FR\",\"@id\":\"https:\\\/\\\/www.vetorino.com\\\/boutique\\\/product\\\/jouet-chien-chuck-it-balle\\\/#primaryimage\",\"url\":\"https:\\\/\\\/www.vetorino.com\\\/boutique\\\/wp-content\\\/uploads\\\/2020\\\/06\\\/Capture-decran-2023-05-30-a-10.43.23.png\",\"contentUrl\":\"https:\\\/\\\/www.vetorino.com\\\/boutique\\\/wp-content\\\/uploads\\\/2020\\\/06\\\/Capture-decran-2023-05-30-a-10.43.23.png\",\"width\":1170,\"height\":902},{\"@type\":\"BreadcrumbList\",\"@id\":\"https:\\\/\\\/www.vetorino.com\\\/boutique\\\/product\\\/jouet-chien-chuck-it-balle\\\/#breadcrumb\",\"itemListElement\":[{\"@type\":\"ListItem\",\"position\":1,\"name\":\"Accueil\",\"item\":\"https:\\\/\\\/www.vetorino.com\\\/boutique\\\/\"},{\"@type\":\"ListItem\",\"position\":2,\"name\":\"Produits\",\"item\":\"https:\\\/\\\/www.vetorino.com\\\/boutique\\\/\"},{\"@type\":\"ListItem\",\"position\":3,\"name\":\"Balles de tennis pour chien orange\"}]},{\"@type\":\"WebSite\",\"@id\":\"https:\\\/\\\/www.vetorino.com\\\/boutique\\\/#website\",\"url\":\"https:\\\/\\\/www.vetorino.com\\\/boutique\\\/\",\"name\":\"V\u00e9torino\",\"description\":\"\",\"publisher\":{\"@id\":\"https:\\\/\\\/www.vetorino.com\\\/boutique\\\/#organization\"},\"potentialAction\":[{\"@type\":\"SearchAction\",\"target\":{\"@type\":\"EntryPoint\",\"urlTemplate\":\"https:\\\/\\\/www.vetorino.com\\\/boutique\\\/?s={search_term_string}\"},\"query-input\":{\"@type\":\"PropertyValueSpecification\",\"valueRequired\":true,\"valueName\":\"search_term_string\"}}],\"inLanguage\":\"fr-FR\"},{\"@type\":\"Organization\",\"@id\":\"https:\\\/\\\/www.vetorino.com\\\/boutique\\\/#organization\",\"name\":\"V\u00e9torino\",\"url\":\"https:\\\/\\\/www.vetorino.com\\\/boutique\\\/\",\"logo\":{\"@type\":\"ImageObject\",\"inLanguage\":\"fr-FR\",\"@id\":\"https:\\\/\\\/www.vetorino.com\\\/boutique\\\/#\\\/schema\\\/logo\\\/image\\\/\",\"url\":\"https:\\\/\\\/www.vetorino.com\\\/boutique\\\/wp-content\\\/uploads\\\/2024\\\/10\\\/logo.jpg\",\"contentUrl\":\"https:\\\/\\\/www.vetorino.com\\\/boutique\\\/wp-content\\\/uploads\\\/2024\\\/10\\\/logo.jpg\",\"width\":1200,\"height\":610,\"caption\":\"V\u00e9torino\"},\"image\":{\"@id\":\"https:\\\/\\\/www.vetorino.com\\\/boutique\\\/#\\\/schema\\\/logo\\\/image\\\/\"},\"sameAs\":[\"https:\\\/\\\/www.facebook.com\\\/Vetorino\\\/\",\"https:\\\/\\\/www.instagram.com\\\/vetorino_off\\\/\",\"https:\\\/\\\/www.linkedin.com\\\/company\\\/vtorino\\\/\"]}]}<\/script>\n<meta property=\"product:brand\" content=\"ChuckIt!\" \/>\n<meta property=\"product:price:amount\" content=\"4.27\" \/>\n<meta property=\"product:price:currency\" content=\"EUR\" \/>\n<meta property=\"og:availability\" content=\"instock\" \/>\n<meta property=\"product:availability\" content=\"instock\" \/>\n<meta property=\"product:retailer_item_id\" content=\"C-JOU874\" \/>\n<meta property=\"product:condition\" content=\"new\" \/>\n<!-- \/ Yoast SEO plugin. -->","yoast_head_json":{"title":"Balles de tennis pour chien orange ChuckIt! - V\u00e9torino","description":"Balles de tennis pour chien orange Chuckit! (taille medium). De qualit\u00e9 sup\u00e9rieure, cette balle r\u00e9sistante est id\u00e9ale le chien sportif qui adore se d\u00e9penser !","robots":{"index":"noindex","follow":"nofollow"},"og_locale":"fr_FR","og_type":"article","og_title":"Balles de tennis pour chien orange ChuckIt! - V\u00e9torino","og_description":"Balles de tennis pour chien orange Chuckit! (taille medium). De qualit\u00e9 sup\u00e9rieure, cette balle r\u00e9sistante est id\u00e9ale le chien sportif qui adore se d\u00e9penser !","og_url":"https:\/\/www.vetorino.com\/veterinaire\/saintvincentdetyrosse-40230\/boutique\/product\/jouet-chien-chuck-it-balle\/","og_site_name":"V\u00e9torino","article_publisher":"https:\/\/www.facebook.com\/Vetorino\/","article_modified_time":"2026-04-03T00:42:08+00:00","og_image":[{"width":1170,"height":902,"url":"https:\/\/www.vetorino.com\/boutique\/wp-content\/uploads\/2020\/06\/Capture-decran-2023-05-30-a-10.43.23.png","type":"image\/png"}],"twitter_card":"summary_large_image","twitter_misc":{"Prix":"4,27&euro;","Disponibilit\u00e9":"En stock"},"schema":{"@context":"https:\/\/schema.org","@graph":[{"@type":"WebPage","@id":"https:\/\/www.vetorino.com\/boutique\/product\/jouet-chien-chuck-it-balle\/","url":"https:\/\/www.vetorino.com\/boutique\/product\/jouet-chien-chuck-it-balle\/","name":"Balles de tennis pour chien orange ChuckIt! - V\u00e9torino","isPartOf":{"@id":"https:\/\/www.vetorino.com\/boutique\/#website"},"primaryImageOfPage":{"@id":"https:\/\/www.vetorino.com\/boutique\/product\/jouet-chien-chuck-it-balle\/#primaryimage"},"image":{"@id":"https:\/\/www.vetorino.com\/boutique\/product\/jouet-chien-chuck-it-balle\/#primaryimage"},"thumbnailUrl":"https:\/\/www.vetorino.com\/boutique\/wp-content\/uploads\/2020\/06\/Capture-decran-2023-05-30-a-10.43.23.png","datePublished":"2020-06-29T20:59:03+00:00","dateModified":"2026-04-03T00:42:08+00:00","description":"Balles de tennis pour chien orange Chuckit! (taille medium). De qualit\u00e9 sup\u00e9rieure, cette balle r\u00e9sistante est id\u00e9ale le chien sportif qui adore se d\u00e9penser !","breadcrumb":{"@id":"https:\/\/www.vetorino.com\/boutique\/product\/jouet-chien-chuck-it-balle\/#breadcrumb"},"inLanguage":"fr-FR","potentialAction":[{"@type":"ReadAction","target":["https:\/\/www.vetorino.com\/boutique\/product\/jouet-chien-chuck-it-balle\/"]}]},{"@type":"ImageObject","inLanguage":"fr-FR","@id":"https:\/\/www.vetorino.com\/boutique\/product\/jouet-chien-chuck-it-balle\/#primaryimage","url":"https:\/\/www.vetorino.com\/boutique\/wp-content\/uploads\/2020\/06\/Capture-decran-2023-05-30-a-10.43.23.png","contentUrl":"https:\/\/www.vetorino.com\/boutique\/wp-content\/uploads\/2020\/06\/Capture-decran-2023-05-30-a-10.43.23.png","width":1170,"height":902},{"@type":"BreadcrumbList","@id":"https:\/\/www.vetorino.com\/boutique\/product\/jouet-chien-chuck-it-balle\/#breadcrumb","itemListElement":[{"@type":"ListItem","position":1,"name":"Accueil","item":"https:\/\/www.vetorino.com\/boutique\/"},{"@type":"ListItem","position":2,"name":"Produits","item":"https:\/\/www.vetorino.com\/boutique\/"},{"@type":"ListItem","position":3,"name":"Balles de tennis pour chien orange"}]},{"@type":"WebSite","@id":"https:\/\/www.vetorino.com\/boutique\/#website","url":"https:\/\/www.vetorino.com\/boutique\/","name":"V\u00e9torino","description":"","publisher":{"@id":"https:\/\/www.vetorino.com\/boutique\/#organization"},"potentialAction":[{"@type":"SearchAction","target":{"@type":"EntryPoint","urlTemplate":"https:\/\/www.vetorino.com\/boutique\/?s={search_term_string}"},"query-input":{"@type":"PropertyValueSpecification","valueRequired":true,"valueName":"search_term_string"}}],"inLanguage":"fr-FR"},{"@type":"Organization","@id":"https:\/\/www.vetorino.com\/boutique\/#organization","name":"V\u00e9torino","url":"https:\/\/www.vetorino.com\/boutique\/","logo":{"@type":"ImageObject","inLanguage":"fr-FR","@id":"https:\/\/www.vetorino.com\/boutique\/#\/schema\/logo\/image\/","url":"https:\/\/www.vetorino.com\/boutique\/wp-content\/uploads\/2024\/10\/logo.jpg","contentUrl":"https:\/\/www.vetorino.com\/boutique\/wp-content\/uploads\/2024\/10\/logo.jpg","width":1200,"height":610,"caption":"V\u00e9torino"},"image":{"@id":"https:\/\/www.vetorino.com\/boutique\/#\/schema\/logo\/image\/"},"sameAs":["https:\/\/www.facebook.com\/Vetorino\/","https:\/\/www.instagram.com\/vetorino_off\/","https:\/\/www.linkedin.com\/company\/vtorino\/"]}]},"product_brand":"ChuckIt!","product_price_amount":"4.27","product_price_currency":"EUR","og_availability":"instock","product_availability":"instock","product_retailer_item_id":"C-JOU874","product_condition":"new"},"_links":{"self":[{"href":"https:\/\/www.vetorino.com\/veterinaire\/saintvincentdetyrosse-40230\/boutique\/wp-json\/wp\/v2\/product\/98119","targetHints":{"allow":["GET"]}}],"collection":[{"href":"https:\/\/www.vetorino.com\/veterinaire\/saintvincentdetyrosse-40230\/boutique\/wp-json\/wp\/v2\/product"}],"about":[{"href":"https:\/\/www.vetorino.com\/veterinaire\/saintvincentdetyrosse-40230\/boutique\/wp-json\/wp\/v2\/types\/product"}],"wp:featuredmedia":[{"embeddable":true,"href":"https:\/\/www.vetorino.com\/veterinaire\/saintvincentdetyrosse-40230\/boutique\/wp-json\/wp\/v2\/media\/624321"}],"wp:attachment":[{"href":"https:\/\/www.vetorino.com\/veterinaire\/saintvincentdetyrosse-40230\/boutique\/wp-json\/wp\/v2\/media?parent=98119"}],"wp:term":[{"taxonomy":"product_cat","embeddable":true,"href":"https:\/\/www.vetorino.com\/veterinaire\/saintvincentdetyrosse-40230\/boutique\/wp-json\/wp\/v2\/product_cat?post=98119"},{"taxonomy":"product_tag","embeddable":true,"href":"https:\/\/www.vetorino.com\/veterinaire\/saintvincentdetyrosse-40230\/boutique\/wp-json\/wp\/v2\/product_tag?post=98119"}],"curies":[{"name":"wp","href":"https:\/\/api.w.org\/{rel}","templated":true}]}}