{"id":98124,"date":"2020-06-29T22:59:06","date_gmt":"2020-06-29T20:59:06","guid":{"rendered":"https:\/\/www.vetorino.com\/boutique\/product\/jouet-chien-jw-pet-roller-hol-ee\/"},"modified":"2026-04-03T02:42:10","modified_gmt":"2026-04-03T00:42:10","slug":"jouet-chien-jw-pet-roller-hol-ee","status":"publish","type":"product","link":"https:\/\/www.vetorino.com\/veterinaire\/saintvincentdetyrosse-40230\/boutique\/product\/jouet-chien-jw-pet-roller-hol-ee\/","title":{"rendered":"Jouet chien JW Pet : roller Hol-ee"},"content":{"rendered":"<div class=\"hidden\">Contrairement \u00e0 une balle ordinaire, la balle Hol-ee Roller est increvable.<\/div>\n<p>Souple et d\u00e9formable, elle reprend toujours sa forme ronde, en nid d&#8217;abeille facilement attrapable.<\/p>\n<ul>\n<li>Caoutchouc naturel souple et tr\u00e8s r\u00e9sistant qui convient aux fortes m\u00e2choires.<\/li>\n<li>De couleur vive, elle est facilement rep\u00e9rable et attractive pour votre chien.<\/li>\n<\/ul>\n","protected":false},"excerpt":{"rendered":"<p>La\u00a0<strong>balle pour chien Hol-ee Roller<\/strong>\u00a0est une balle au design original perfor\u00e9 ou encore en nid d&#8217;abeille.<br \/>\nCe design trouve sa particularit\u00e9 dans le fait qu&#8217;il est optimis\u00e9 pour que votre chien assure des prises spectaculaires \u00e0 chacun de vos lanc\u00e9s.<br \/>\nPar ailleurs, du fait de sa mall\u00e9abilit\u00e9, il est id\u00e9al pour les chiens qui adorent m\u00e2cher. En effet, il est fabriqu\u00e9 \u00e0 partir d&#8217;un caoutchouc naturel et non-toxique, la\u00a0<strong>balle Hol-ee Roller<\/strong>\u00a0est tr\u00e8s r\u00e9sistante.<br \/>\nEn plus, gr\u00e2ce aux alv\u00e9oles, on peut glisser des friandises pour ainsi augmenter l&#8217;int\u00e9r\u00eat de votre chien pour ce jouet unique.<\/p>\n<div>Choisissez la taille qui convient le mieux \u00e0 votre animal gr\u00e2ce \u00e0 plusieurs tailles disponibles, cette balle est vraiment adapt\u00e9e \u00e0 toutes les races.<\/div>\n","protected":false},"featured_media":620969,"template":"","meta":[],"product_cat":[12550,2698,12621],"product_tag":[],"class_list":{"0":"post-98124","1":"product","2":"type-product","3":"status-publish","4":"has-post-thumbnail","6":"product_cat-accessoires-du-chien","7":"product_cat-chien","8":"product_cat-jeux-educatifs-pour-chien","9":"pa_marque-petmate","11":"first","12":"instock","13":"taxable","14":"shipping-taxable","15":"purchasable","16":"product-type-variable"},"yoast_head":"<!-- This site is optimized with the Yoast SEO plugin v27.3 - https:\/\/yoast.com\/product\/yoast-seo-wordpress\/ -->\n<title>Jouet chien JW Pet : roller Hol-ee Petmate - V\u00e9torino<\/title>\n<meta name=\"description\" content=\"La\u00a0balle pour chien Hol-ee Roller\u00a0est une balle au design original perfor\u00e9 ou encore en nid d&#039;abeille. Ce design trouve sa particularit\u00e9 dans le fait qu&#039;il est optimis\u00e9 pour que votre chien assure des prises spectaculaires \u00e0 chacun de vos lanc\u00e9s. Par ailleurs, du fait de sa mall\u00e9abilit\u00e9, il est id\u00e9al pour les chiens qui adorent m\u00e2cher. En effet, il est fabriqu\u00e9 \u00e0 partir d&#039;un caoutchouc naturel et non-toxique, la\u00a0balle Hol-ee Roller\u00a0est tr\u00e8s r\u00e9sistante. En plus, gr\u00e2ce aux alv\u00e9oles, on peut glisser des friandises pour ainsi augmenter l&#039;int\u00e9r\u00eat de votre chien pour ce jouet unique. Choisissez la taille qui convient le mieux \u00e0 votre animal gr\u00e2ce \u00e0 plusieurs tailles disponibles, cette balle est vraiment adapt\u00e9e \u00e0 toutes les races.\" \/>\n<meta name=\"robots\" content=\"noindex, nofollow\" \/>\n<meta property=\"og:locale\" content=\"fr_FR\" \/>\n<meta property=\"og:type\" content=\"article\" \/>\n<meta property=\"og:title\" content=\"Jouet chien JW Pet : roller Hol-ee Petmate - V\u00e9torino\" \/>\n<meta property=\"og:description\" content=\"La\u00a0balle pour chien Hol-ee Roller\u00a0est une balle au design original perfor\u00e9 ou encore en nid d&#039;abeille. Ce design trouve sa particularit\u00e9 dans le fait qu&#039;il est optimis\u00e9 pour que votre chien assure des prises spectaculaires \u00e0 chacun de vos lanc\u00e9s. Par ailleurs, du fait de sa mall\u00e9abilit\u00e9, il est id\u00e9al pour les chiens qui adorent m\u00e2cher. En effet, il est fabriqu\u00e9 \u00e0 partir d&#039;un caoutchouc naturel et non-toxique, la\u00a0balle Hol-ee Roller\u00a0est tr\u00e8s r\u00e9sistante. En plus, gr\u00e2ce aux alv\u00e9oles, on peut glisser des friandises pour ainsi augmenter l&#039;int\u00e9r\u00eat de votre chien pour ce jouet unique. Choisissez la taille qui convient le mieux \u00e0 votre animal gr\u00e2ce \u00e0 plusieurs tailles disponibles, cette balle est vraiment adapt\u00e9e \u00e0 toutes les races.\" \/>\n<meta property=\"og:url\" content=\"https:\/\/www.vetorino.com\/veterinaire\/saintvincentdetyrosse-40230\/boutique\/product\/jouet-chien-jw-pet-roller-hol-ee\/\" \/>\n<meta property=\"og:site_name\" content=\"V\u00e9torino\" \/>\n<meta property=\"article:publisher\" content=\"https:\/\/www.facebook.com\/Vetorino\/\" \/>\n<meta property=\"article:modified_time\" content=\"2026-04-03T00:42:10+00:00\" \/>\n<meta property=\"og:image\" content=\"https:\/\/www.vetorino.com\/boutique\/wp-content\/uploads\/2020\/06\/jouet-pour-chien.jpg\" \/>\n\t<meta property=\"og:image:width\" content=\"458\" \/>\n\t<meta property=\"og:image:height\" content=\"458\" \/>\n\t<meta property=\"og:image:type\" content=\"image\/jpeg\" \/>\n<meta name=\"twitter:card\" content=\"summary_large_image\" \/>\n<meta name=\"twitter:label1\" content=\"Disponibilit\u00e9\" \/>\n\t<meta name=\"twitter:data1\" content=\"En stock\" \/>\n<script type=\"application\/ld+json\" class=\"yoast-schema-graph\">{\"@context\":\"https:\\\/\\\/schema.org\",\"@graph\":[{\"@type\":\"WebPage\",\"@id\":\"https:\\\/\\\/www.vetorino.com\\\/boutique\\\/product\\\/jouet-chien-jw-pet-roller-hol-ee\\\/\",\"url\":\"https:\\\/\\\/www.vetorino.com\\\/boutique\\\/product\\\/jouet-chien-jw-pet-roller-hol-ee\\\/\",\"name\":\"Jouet chien JW Pet : roller Hol-ee Petmate - V\u00e9torino\",\"isPartOf\":{\"@id\":\"https:\\\/\\\/www.vetorino.com\\\/boutique\\\/#website\"},\"primaryImageOfPage\":{\"@id\":\"https:\\\/\\\/www.vetorino.com\\\/boutique\\\/product\\\/jouet-chien-jw-pet-roller-hol-ee\\\/#primaryimage\"},\"image\":{\"@id\":\"https:\\\/\\\/www.vetorino.com\\\/boutique\\\/product\\\/jouet-chien-jw-pet-roller-hol-ee\\\/#primaryimage\"},\"thumbnailUrl\":\"https:\\\/\\\/www.vetorino.com\\\/boutique\\\/wp-content\\\/uploads\\\/2020\\\/06\\\/jouet-pour-chien.jpg\",\"datePublished\":\"2020-06-29T20:59:06+00:00\",\"dateModified\":\"2026-04-03T00:42:10+00:00\",\"description\":\"La\u00a0balle pour chien Hol-ee Roller\u00a0est une balle au design original perfor\u00e9 ou encore en nid d'abeille. Ce design trouve sa particularit\u00e9 dans le fait qu'il est optimis\u00e9 pour que votre chien assure des prises spectaculaires \u00e0 chacun de vos lanc\u00e9s. Par ailleurs, du fait de sa mall\u00e9abilit\u00e9, il est id\u00e9al pour les chiens qui adorent m\u00e2cher. En effet, il est fabriqu\u00e9 \u00e0 partir d'un caoutchouc naturel et non-toxique, la\u00a0balle Hol-ee Roller\u00a0est tr\u00e8s r\u00e9sistante. En plus, gr\u00e2ce aux alv\u00e9oles, on peut glisser des friandises pour ainsi augmenter l'int\u00e9r\u00eat de votre chien pour ce jouet unique. Choisissez la taille qui convient le mieux \u00e0 votre animal gr\u00e2ce \u00e0 plusieurs tailles disponibles, cette balle est vraiment adapt\u00e9e \u00e0 toutes les races.\",\"breadcrumb\":{\"@id\":\"https:\\\/\\\/www.vetorino.com\\\/boutique\\\/product\\\/jouet-chien-jw-pet-roller-hol-ee\\\/#breadcrumb\"},\"inLanguage\":\"fr-FR\",\"potentialAction\":[{\"@type\":\"ReadAction\",\"target\":[\"https:\\\/\\\/www.vetorino.com\\\/boutique\\\/product\\\/jouet-chien-jw-pet-roller-hol-ee\\\/\"]}]},{\"@type\":\"ImageObject\",\"inLanguage\":\"fr-FR\",\"@id\":\"https:\\\/\\\/www.vetorino.com\\\/boutique\\\/product\\\/jouet-chien-jw-pet-roller-hol-ee\\\/#primaryimage\",\"url\":\"https:\\\/\\\/www.vetorino.com\\\/boutique\\\/wp-content\\\/uploads\\\/2020\\\/06\\\/jouet-pour-chien.jpg\",\"contentUrl\":\"https:\\\/\\\/www.vetorino.com\\\/boutique\\\/wp-content\\\/uploads\\\/2020\\\/06\\\/jouet-pour-chien.jpg\",\"width\":458,\"height\":458},{\"@type\":\"BreadcrumbList\",\"@id\":\"https:\\\/\\\/www.vetorino.com\\\/boutique\\\/product\\\/jouet-chien-jw-pet-roller-hol-ee\\\/#breadcrumb\",\"itemListElement\":[{\"@type\":\"ListItem\",\"position\":1,\"name\":\"Accueil\",\"item\":\"https:\\\/\\\/www.vetorino.com\\\/boutique\\\/\"},{\"@type\":\"ListItem\",\"position\":2,\"name\":\"Produits\",\"item\":\"https:\\\/\\\/www.vetorino.com\\\/boutique\\\/\"},{\"@type\":\"ListItem\",\"position\":3,\"name\":\"Jouet chien JW Pet : roller Hol-ee\"}]},{\"@type\":\"WebSite\",\"@id\":\"https:\\\/\\\/www.vetorino.com\\\/boutique\\\/#website\",\"url\":\"https:\\\/\\\/www.vetorino.com\\\/boutique\\\/\",\"name\":\"V\u00e9torino\",\"description\":\"\",\"publisher\":{\"@id\":\"https:\\\/\\\/www.vetorino.com\\\/boutique\\\/#organization\"},\"potentialAction\":[{\"@type\":\"SearchAction\",\"target\":{\"@type\":\"EntryPoint\",\"urlTemplate\":\"https:\\\/\\\/www.vetorino.com\\\/boutique\\\/?s={search_term_string}\"},\"query-input\":{\"@type\":\"PropertyValueSpecification\",\"valueRequired\":true,\"valueName\":\"search_term_string\"}}],\"inLanguage\":\"fr-FR\"},{\"@type\":\"Organization\",\"@id\":\"https:\\\/\\\/www.vetorino.com\\\/boutique\\\/#organization\",\"name\":\"V\u00e9torino\",\"url\":\"https:\\\/\\\/www.vetorino.com\\\/boutique\\\/\",\"logo\":{\"@type\":\"ImageObject\",\"inLanguage\":\"fr-FR\",\"@id\":\"https:\\\/\\\/www.vetorino.com\\\/boutique\\\/#\\\/schema\\\/logo\\\/image\\\/\",\"url\":\"https:\\\/\\\/www.vetorino.com\\\/boutique\\\/wp-content\\\/uploads\\\/2024\\\/10\\\/logo.jpg\",\"contentUrl\":\"https:\\\/\\\/www.vetorino.com\\\/boutique\\\/wp-content\\\/uploads\\\/2024\\\/10\\\/logo.jpg\",\"width\":1200,\"height\":610,\"caption\":\"V\u00e9torino\"},\"image\":{\"@id\":\"https:\\\/\\\/www.vetorino.com\\\/boutique\\\/#\\\/schema\\\/logo\\\/image\\\/\"},\"sameAs\":[\"https:\\\/\\\/www.facebook.com\\\/Vetorino\\\/\",\"https:\\\/\\\/www.instagram.com\\\/vetorino_off\\\/\",\"https:\\\/\\\/www.linkedin.com\\\/company\\\/vtorino\\\/\"]}]}<\/script>\n<meta property=\"product:brand\" content=\"Petmate\" \/>\n<meta property=\"og:availability\" content=\"instock\" \/>\n<meta property=\"product:availability\" content=\"instock\" \/>\n<meta property=\"product:condition\" content=\"new\" \/>\n<!-- \/ Yoast SEO plugin. -->","yoast_head_json":{"title":"Jouet chien JW Pet : roller Hol-ee Petmate - V\u00e9torino","description":"La\u00a0balle pour chien Hol-ee Roller\u00a0est une balle au design original perfor\u00e9 ou encore en nid d'abeille. Ce design trouve sa particularit\u00e9 dans le fait qu'il est optimis\u00e9 pour que votre chien assure des prises spectaculaires \u00e0 chacun de vos lanc\u00e9s. Par ailleurs, du fait de sa mall\u00e9abilit\u00e9, il est id\u00e9al pour les chiens qui adorent m\u00e2cher. En effet, il est fabriqu\u00e9 \u00e0 partir d'un caoutchouc naturel et non-toxique, la\u00a0balle Hol-ee Roller\u00a0est tr\u00e8s r\u00e9sistante. En plus, gr\u00e2ce aux alv\u00e9oles, on peut glisser des friandises pour ainsi augmenter l'int\u00e9r\u00eat de votre chien pour ce jouet unique. Choisissez la taille qui convient le mieux \u00e0 votre animal gr\u00e2ce \u00e0 plusieurs tailles disponibles, cette balle est vraiment adapt\u00e9e \u00e0 toutes les races.","robots":{"index":"noindex","follow":"nofollow"},"og_locale":"fr_FR","og_type":"article","og_title":"Jouet chien JW Pet : roller Hol-ee Petmate - V\u00e9torino","og_description":"La\u00a0balle pour chien Hol-ee Roller\u00a0est une balle au design original perfor\u00e9 ou encore en nid d'abeille. Ce design trouve sa particularit\u00e9 dans le fait qu'il est optimis\u00e9 pour que votre chien assure des prises spectaculaires \u00e0 chacun de vos lanc\u00e9s. Par ailleurs, du fait de sa mall\u00e9abilit\u00e9, il est id\u00e9al pour les chiens qui adorent m\u00e2cher. En effet, il est fabriqu\u00e9 \u00e0 partir d'un caoutchouc naturel et non-toxique, la\u00a0balle Hol-ee Roller\u00a0est tr\u00e8s r\u00e9sistante. En plus, gr\u00e2ce aux alv\u00e9oles, on peut glisser des friandises pour ainsi augmenter l'int\u00e9r\u00eat de votre chien pour ce jouet unique. Choisissez la taille qui convient le mieux \u00e0 votre animal gr\u00e2ce \u00e0 plusieurs tailles disponibles, cette balle est vraiment adapt\u00e9e \u00e0 toutes les races.","og_url":"https:\/\/www.vetorino.com\/veterinaire\/saintvincentdetyrosse-40230\/boutique\/product\/jouet-chien-jw-pet-roller-hol-ee\/","og_site_name":"V\u00e9torino","article_publisher":"https:\/\/www.facebook.com\/Vetorino\/","article_modified_time":"2026-04-03T00:42:10+00:00","og_image":[{"width":458,"height":458,"url":"https:\/\/www.vetorino.com\/boutique\/wp-content\/uploads\/2020\/06\/jouet-pour-chien.jpg","type":"image\/jpeg"}],"twitter_card":"summary_large_image","twitter_misc":{"Disponibilit\u00e9":"En stock"},"schema":{"@context":"https:\/\/schema.org","@graph":[{"@type":"WebPage","@id":"https:\/\/www.vetorino.com\/boutique\/product\/jouet-chien-jw-pet-roller-hol-ee\/","url":"https:\/\/www.vetorino.com\/boutique\/product\/jouet-chien-jw-pet-roller-hol-ee\/","name":"Jouet chien JW Pet : roller Hol-ee Petmate - V\u00e9torino","isPartOf":{"@id":"https:\/\/www.vetorino.com\/boutique\/#website"},"primaryImageOfPage":{"@id":"https:\/\/www.vetorino.com\/boutique\/product\/jouet-chien-jw-pet-roller-hol-ee\/#primaryimage"},"image":{"@id":"https:\/\/www.vetorino.com\/boutique\/product\/jouet-chien-jw-pet-roller-hol-ee\/#primaryimage"},"thumbnailUrl":"https:\/\/www.vetorino.com\/boutique\/wp-content\/uploads\/2020\/06\/jouet-pour-chien.jpg","datePublished":"2020-06-29T20:59:06+00:00","dateModified":"2026-04-03T00:42:10+00:00","description":"La\u00a0balle pour chien Hol-ee Roller\u00a0est une balle au design original perfor\u00e9 ou encore en nid d'abeille. Ce design trouve sa particularit\u00e9 dans le fait qu'il est optimis\u00e9 pour que votre chien assure des prises spectaculaires \u00e0 chacun de vos lanc\u00e9s. Par ailleurs, du fait de sa mall\u00e9abilit\u00e9, il est id\u00e9al pour les chiens qui adorent m\u00e2cher. En effet, il est fabriqu\u00e9 \u00e0 partir d'un caoutchouc naturel et non-toxique, la\u00a0balle Hol-ee Roller\u00a0est tr\u00e8s r\u00e9sistante. En plus, gr\u00e2ce aux alv\u00e9oles, on peut glisser des friandises pour ainsi augmenter l'int\u00e9r\u00eat de votre chien pour ce jouet unique. Choisissez la taille qui convient le mieux \u00e0 votre animal gr\u00e2ce \u00e0 plusieurs tailles disponibles, cette balle est vraiment adapt\u00e9e \u00e0 toutes les races.","breadcrumb":{"@id":"https:\/\/www.vetorino.com\/boutique\/product\/jouet-chien-jw-pet-roller-hol-ee\/#breadcrumb"},"inLanguage":"fr-FR","potentialAction":[{"@type":"ReadAction","target":["https:\/\/www.vetorino.com\/boutique\/product\/jouet-chien-jw-pet-roller-hol-ee\/"]}]},{"@type":"ImageObject","inLanguage":"fr-FR","@id":"https:\/\/www.vetorino.com\/boutique\/product\/jouet-chien-jw-pet-roller-hol-ee\/#primaryimage","url":"https:\/\/www.vetorino.com\/boutique\/wp-content\/uploads\/2020\/06\/jouet-pour-chien.jpg","contentUrl":"https:\/\/www.vetorino.com\/boutique\/wp-content\/uploads\/2020\/06\/jouet-pour-chien.jpg","width":458,"height":458},{"@type":"BreadcrumbList","@id":"https:\/\/www.vetorino.com\/boutique\/product\/jouet-chien-jw-pet-roller-hol-ee\/#breadcrumb","itemListElement":[{"@type":"ListItem","position":1,"name":"Accueil","item":"https:\/\/www.vetorino.com\/boutique\/"},{"@type":"ListItem","position":2,"name":"Produits","item":"https:\/\/www.vetorino.com\/boutique\/"},{"@type":"ListItem","position":3,"name":"Jouet chien JW Pet : roller Hol-ee"}]},{"@type":"WebSite","@id":"https:\/\/www.vetorino.com\/boutique\/#website","url":"https:\/\/www.vetorino.com\/boutique\/","name":"V\u00e9torino","description":"","publisher":{"@id":"https:\/\/www.vetorino.com\/boutique\/#organization"},"potentialAction":[{"@type":"SearchAction","target":{"@type":"EntryPoint","urlTemplate":"https:\/\/www.vetorino.com\/boutique\/?s={search_term_string}"},"query-input":{"@type":"PropertyValueSpecification","valueRequired":true,"valueName":"search_term_string"}}],"inLanguage":"fr-FR"},{"@type":"Organization","@id":"https:\/\/www.vetorino.com\/boutique\/#organization","name":"V\u00e9torino","url":"https:\/\/www.vetorino.com\/boutique\/","logo":{"@type":"ImageObject","inLanguage":"fr-FR","@id":"https:\/\/www.vetorino.com\/boutique\/#\/schema\/logo\/image\/","url":"https:\/\/www.vetorino.com\/boutique\/wp-content\/uploads\/2024\/10\/logo.jpg","contentUrl":"https:\/\/www.vetorino.com\/boutique\/wp-content\/uploads\/2024\/10\/logo.jpg","width":1200,"height":610,"caption":"V\u00e9torino"},"image":{"@id":"https:\/\/www.vetorino.com\/boutique\/#\/schema\/logo\/image\/"},"sameAs":["https:\/\/www.facebook.com\/Vetorino\/","https:\/\/www.instagram.com\/vetorino_off\/","https:\/\/www.linkedin.com\/company\/vtorino\/"]}]},"product_brand":"Petmate","og_availability":"instock","product_availability":"instock","product_condition":"new"},"_links":{"self":[{"href":"https:\/\/www.vetorino.com\/veterinaire\/saintvincentdetyrosse-40230\/boutique\/wp-json\/wp\/v2\/product\/98124","targetHints":{"allow":["GET"]}}],"collection":[{"href":"https:\/\/www.vetorino.com\/veterinaire\/saintvincentdetyrosse-40230\/boutique\/wp-json\/wp\/v2\/product"}],"about":[{"href":"https:\/\/www.vetorino.com\/veterinaire\/saintvincentdetyrosse-40230\/boutique\/wp-json\/wp\/v2\/types\/product"}],"wp:featuredmedia":[{"embeddable":true,"href":"https:\/\/www.vetorino.com\/veterinaire\/saintvincentdetyrosse-40230\/boutique\/wp-json\/wp\/v2\/media\/620969"}],"wp:attachment":[{"href":"https:\/\/www.vetorino.com\/veterinaire\/saintvincentdetyrosse-40230\/boutique\/wp-json\/wp\/v2\/media?parent=98124"}],"wp:term":[{"taxonomy":"product_cat","embeddable":true,"href":"https:\/\/www.vetorino.com\/veterinaire\/saintvincentdetyrosse-40230\/boutique\/wp-json\/wp\/v2\/product_cat?post=98124"},{"taxonomy":"product_tag","embeddable":true,"href":"https:\/\/www.vetorino.com\/veterinaire\/saintvincentdetyrosse-40230\/boutique\/wp-json\/wp\/v2\/product_tag?post=98124"}],"curies":[{"name":"wp","href":"https:\/\/api.w.org\/{rel}","templated":true}]}}