{"id":1085884,"date":"2024-11-05T14:20:53","date_gmt":"2024-11-05T13:20:53","guid":{"rendered":"https:\/\/www.vetorino.com\/boutique\/product\/remend-0-4\/"},"modified":"2024-11-05T14:51:10","modified_gmt":"2024-11-05T13:51:10","slug":"remend-0-4","status":"publish","type":"product","link":"https:\/\/www.vetorino.com\/veterinaire\/sancey-25430\/boutique\/product\/remend-0-4\/","title":{"rendered":"Remend 0.4"},"content":{"rendered":"<p><strong>Remend 0.4 est un protecteur oculaire qui assure l&#8217;hydratation et la lubrification des yeux secs et irrit\u00e9s<\/strong><\/p>\n<p><strong>Il lubrifie et prot\u00e8ge la corn\u00e9e en cas de s\u00e9cheresse ou d&#8217;irritation oculaire.<\/strong><\/p>\n<p><strong>Utilisation :<\/strong><\/p>\n<ul>\n<li>Collyre pour chiens, chats, chevaux et NAC<\/li>\n<li>yeux secs et irrit\u00e9s<\/li>\n<\/ul>\n<p><strong>Mode d&#8217;emploi :<\/strong><\/p>\n<ul>\n<li>Administrer 1 \u00e0 2 gouttes directement dans les yeux 2 fois par jour<\/li>\n<li>Le clignement des paupi\u00e8res permet de r\u00e9partir le produit sur toute la surface oculaire<\/li>\n<\/ul>\n<p><strong>Avantages :<\/strong><\/p>\n<ul>\n<li>D\u00e9fense de la corn\u00e9e : AH r\u00e9ticul\u00e9 concentr\u00e9 assurant une lubrification oculaire de longue dur\u00e9e<\/li>\n<li>Sans conservateurs : meilleure tol\u00e9rance, \u00e9vite l&#8217;irritation ou sensation de picotement<\/li>\n<li>Un temps de pr\u00e9sence prolong\u00e9 am\u00e9lior\u00e9 permettant ainsi de r\u00e9duire le nombre d\u2019application<\/li>\n<li>Favorise la cicatrisation de la corn\u00e9e<\/li>\n<li>Soulage la surface oculaire<\/li>\n<\/ul>\n","protected":false},"excerpt":{"rendered":"<p><strong>Remend 0.4 est un protecteur oculaire qui assure l&#8217;hydratation et la lubrification des yeux secs et irrit\u00e9s<br \/>\n<\/strong><br \/>\n<strong>Utilisation :<\/strong><\/p>\n<ul>\n<li>Collyre pour chiens, chats, chevaux et NAC<\/li>\n<li>yeux secs et irrit\u00e9s<\/li>\n<\/ul>\n","protected":false},"featured_media":858784,"template":"","meta":[],"product_cat":[2697,12547,2698,6890,12615,12616,12560,12561,2727,13409],"product_tag":[],"class_list":{"0":"post-1085884","1":"product","2":"type-product","3":"status-publish","4":"has-post-thumbnail","6":"product_cat-chat","7":"product_cat-cheval","8":"product_cat-chien","9":"product_cat-chinchillas","10":"product_cat-hygiene-des-yeux-du-chat","11":"product_cat-hygiene-des-yeux-du-chien","12":"product_cat-hygiene-du-chat","13":"product_cat-hygiene-du-chien","14":"product_cat-nac","15":"product_cat-soin-des-yeux-du-cheval","16":"pa_marque-tvm","18":"first","19":"outofstock","20":"taxable","21":"shipping-taxable","22":"purchasable","23":"product-type-simple"},"yoast_head":"<!-- This site is optimized with the Yoast SEO plugin v27.3 - https:\/\/yoast.com\/product\/yoast-seo-wordpress\/ -->\n<title>Remend 0.4 D\u00f4mes Pharma TVM - V\u00e9torino<\/title>\n<meta name=\"description\" content=\"Remend 0.4 est un protecteur oculaire qui assure l&#039;hydratation et la lubrification des yeux secs et irrit\u00e9s  Utilisation :   Collyre pour chiens, chats, chevaux et NAC  yeux secs et irrit\u00e9s\" \/>\n<meta name=\"robots\" content=\"noindex, nofollow\" \/>\n<meta property=\"og:locale\" content=\"fr_FR\" \/>\n<meta property=\"og:type\" content=\"article\" \/>\n<meta property=\"og:title\" content=\"Remend 0.4 D\u00f4mes Pharma TVM - V\u00e9torino\" \/>\n<meta property=\"og:description\" content=\"Remend 0.4 est un protecteur oculaire qui assure l&#039;hydratation et la lubrification des yeux secs et irrit\u00e9s  Utilisation :   Collyre pour chiens, chats, chevaux et NAC  yeux secs et irrit\u00e9s\" \/>\n<meta property=\"og:url\" content=\"https:\/\/www.vetorino.com\/veterinaire\/sancey-25430\/boutique\/product\/remend-0-4\/\" \/>\n<meta property=\"og:site_name\" content=\"V\u00e9torino\" \/>\n<meta property=\"article:publisher\" content=\"https:\/\/www.facebook.com\/Vetorino\/\" \/>\n<meta property=\"article:modified_time\" content=\"2024-11-05T13:51:10+00:00\" \/>\n<meta property=\"og:image\" content=\"https:\/\/www.vetorino.com\/boutique\/wp-content\/uploads\/2024\/03\/remend-04-1.webp\" \/>\n\t<meta property=\"og:image:width\" content=\"540\" \/>\n\t<meta property=\"og:image:height\" content=\"540\" \/>\n\t<meta property=\"og:image:type\" content=\"image\/webp\" \/>\n<meta name=\"twitter:card\" content=\"summary_large_image\" \/>\n<meta name=\"twitter:label1\" content=\"Prix\" \/>\n\t<meta name=\"twitter:data1\" content=\"15,48&euro;\" \/>\n\t<meta name=\"twitter:label2\" content=\"Disponibilit\u00e9\" \/>\n\t<meta name=\"twitter:data2\" content=\"Rupture de stock\" \/>\n<script type=\"application\/ld+json\" class=\"yoast-schema-graph\">{\"@context\":\"https:\\\/\\\/schema.org\",\"@graph\":[{\"@type\":\"WebPage\",\"@id\":\"https:\\\/\\\/www.vetorino.com\\\/boutique\\\/product\\\/remend-0-4\\\/\",\"url\":\"https:\\\/\\\/www.vetorino.com\\\/boutique\\\/product\\\/remend-0-4\\\/\",\"name\":\"Remend 0.4 D\u00f4mes Pharma TVM - V\u00e9torino\",\"isPartOf\":{\"@id\":\"https:\\\/\\\/www.vetorino.com\\\/boutique\\\/#website\"},\"primaryImageOfPage\":{\"@id\":\"https:\\\/\\\/www.vetorino.com\\\/boutique\\\/product\\\/remend-0-4\\\/#primaryimage\"},\"image\":{\"@id\":\"https:\\\/\\\/www.vetorino.com\\\/boutique\\\/product\\\/remend-0-4\\\/#primaryimage\"},\"thumbnailUrl\":\"https:\\\/\\\/www.vetorino.com\\\/boutique\\\/wp-content\\\/uploads\\\/2024\\\/03\\\/remend-04-1.webp\",\"datePublished\":\"2024-11-05T13:20:53+00:00\",\"dateModified\":\"2024-11-05T13:51:10+00:00\",\"description\":\"Remend 0.4 est un protecteur oculaire qui assure l'hydratation et la lubrification des yeux secs et irrit\u00e9s Utilisation : Collyre pour chiens, chats, chevaux et NAC yeux secs et irrit\u00e9s\",\"breadcrumb\":{\"@id\":\"https:\\\/\\\/www.vetorino.com\\\/boutique\\\/product\\\/remend-0-4\\\/#breadcrumb\"},\"inLanguage\":\"fr-FR\",\"potentialAction\":[{\"@type\":\"ReadAction\",\"target\":[\"https:\\\/\\\/www.vetorino.com\\\/boutique\\\/product\\\/remend-0-4\\\/\"]}]},{\"@type\":\"ImageObject\",\"inLanguage\":\"fr-FR\",\"@id\":\"https:\\\/\\\/www.vetorino.com\\\/boutique\\\/product\\\/remend-0-4\\\/#primaryimage\",\"url\":\"https:\\\/\\\/www.vetorino.com\\\/boutique\\\/wp-content\\\/uploads\\\/2024\\\/03\\\/remend-04-1.webp\",\"contentUrl\":\"https:\\\/\\\/www.vetorino.com\\\/boutique\\\/wp-content\\\/uploads\\\/2024\\\/03\\\/remend-04-1.webp\",\"width\":540,\"height\":540},{\"@type\":\"BreadcrumbList\",\"@id\":\"https:\\\/\\\/www.vetorino.com\\\/boutique\\\/product\\\/remend-0-4\\\/#breadcrumb\",\"itemListElement\":[{\"@type\":\"ListItem\",\"position\":1,\"name\":\"Accueil\",\"item\":\"https:\\\/\\\/www.vetorino.com\\\/boutique\\\/\"},{\"@type\":\"ListItem\",\"position\":2,\"name\":\"Produits\",\"item\":\"https:\\\/\\\/www.vetorino.com\\\/boutique\\\/\"},{\"@type\":\"ListItem\",\"position\":3,\"name\":\"Remend 0.4\"}]},{\"@type\":\"WebSite\",\"@id\":\"https:\\\/\\\/www.vetorino.com\\\/boutique\\\/#website\",\"url\":\"https:\\\/\\\/www.vetorino.com\\\/boutique\\\/\",\"name\":\"V\u00e9torino\",\"description\":\"\",\"publisher\":{\"@id\":\"https:\\\/\\\/www.vetorino.com\\\/boutique\\\/#organization\"},\"potentialAction\":[{\"@type\":\"SearchAction\",\"target\":{\"@type\":\"EntryPoint\",\"urlTemplate\":\"https:\\\/\\\/www.vetorino.com\\\/boutique\\\/?s={search_term_string}\"},\"query-input\":{\"@type\":\"PropertyValueSpecification\",\"valueRequired\":true,\"valueName\":\"search_term_string\"}}],\"inLanguage\":\"fr-FR\"},{\"@type\":\"Organization\",\"@id\":\"https:\\\/\\\/www.vetorino.com\\\/boutique\\\/#organization\",\"name\":\"V\u00e9torino\",\"url\":\"https:\\\/\\\/www.vetorino.com\\\/boutique\\\/\",\"logo\":{\"@type\":\"ImageObject\",\"inLanguage\":\"fr-FR\",\"@id\":\"https:\\\/\\\/www.vetorino.com\\\/boutique\\\/#\\\/schema\\\/logo\\\/image\\\/\",\"url\":\"https:\\\/\\\/www.vetorino.com\\\/boutique\\\/wp-content\\\/uploads\\\/2024\\\/10\\\/logo.jpg\",\"contentUrl\":\"https:\\\/\\\/www.vetorino.com\\\/boutique\\\/wp-content\\\/uploads\\\/2024\\\/10\\\/logo.jpg\",\"width\":1200,\"height\":610,\"caption\":\"V\u00e9torino\"},\"image\":{\"@id\":\"https:\\\/\\\/www.vetorino.com\\\/boutique\\\/#\\\/schema\\\/logo\\\/image\\\/\"},\"sameAs\":[\"https:\\\/\\\/www.facebook.com\\\/Vetorino\\\/\",\"https:\\\/\\\/www.instagram.com\\\/vetorino_off\\\/\",\"https:\\\/\\\/www.linkedin.com\\\/company\\\/vtorino\\\/\"]}]}<\/script>\n<meta property=\"product:brand\" content=\"D\u00f4mes Pharma TVM\" \/>\n<meta property=\"product:price:amount\" content=\"15.48\" \/>\n<meta property=\"product:price:currency\" content=\"EUR\" \/>\n<meta property=\"og:availability\" content=\"out of stock\" \/>\n<meta property=\"product:availability\" content=\"out of stock\" \/>\n<meta property=\"product:retailer_item_id\" content=\"A-1881410\" \/>\n<meta property=\"product:condition\" content=\"new\" \/>\n<!-- \/ Yoast SEO plugin. -->","yoast_head_json":{"title":"Remend 0.4 D\u00f4mes Pharma TVM - V\u00e9torino","description":"Remend 0.4 est un protecteur oculaire qui assure l'hydratation et la lubrification des yeux secs et irrit\u00e9s  Utilisation :   Collyre pour chiens, chats, chevaux et NAC  yeux secs et irrit\u00e9s","robots":{"index":"noindex","follow":"nofollow"},"og_locale":"fr_FR","og_type":"article","og_title":"Remend 0.4 D\u00f4mes Pharma TVM - V\u00e9torino","og_description":"Remend 0.4 est un protecteur oculaire qui assure l'hydratation et la lubrification des yeux secs et irrit\u00e9s  Utilisation :   Collyre pour chiens, chats, chevaux et NAC  yeux secs et irrit\u00e9s","og_url":"https:\/\/www.vetorino.com\/veterinaire\/sancey-25430\/boutique\/product\/remend-0-4\/","og_site_name":"V\u00e9torino","article_publisher":"https:\/\/www.facebook.com\/Vetorino\/","article_modified_time":"2024-11-05T13:51:10+00:00","og_image":[{"width":540,"height":540,"url":"https:\/\/www.vetorino.com\/boutique\/wp-content\/uploads\/2024\/03\/remend-04-1.webp","type":"image\/webp"}],"twitter_card":"summary_large_image","twitter_misc":{"Prix":"15,48&euro;","Disponibilit\u00e9":"Rupture de stock"},"schema":{"@context":"https:\/\/schema.org","@graph":[{"@type":"WebPage","@id":"https:\/\/www.vetorino.com\/boutique\/product\/remend-0-4\/","url":"https:\/\/www.vetorino.com\/boutique\/product\/remend-0-4\/","name":"Remend 0.4 D\u00f4mes Pharma TVM - V\u00e9torino","isPartOf":{"@id":"https:\/\/www.vetorino.com\/boutique\/#website"},"primaryImageOfPage":{"@id":"https:\/\/www.vetorino.com\/boutique\/product\/remend-0-4\/#primaryimage"},"image":{"@id":"https:\/\/www.vetorino.com\/boutique\/product\/remend-0-4\/#primaryimage"},"thumbnailUrl":"https:\/\/www.vetorino.com\/boutique\/wp-content\/uploads\/2024\/03\/remend-04-1.webp","datePublished":"2024-11-05T13:20:53+00:00","dateModified":"2024-11-05T13:51:10+00:00","description":"Remend 0.4 est un protecteur oculaire qui assure l'hydratation et la lubrification des yeux secs et irrit\u00e9s Utilisation : Collyre pour chiens, chats, chevaux et NAC yeux secs et irrit\u00e9s","breadcrumb":{"@id":"https:\/\/www.vetorino.com\/boutique\/product\/remend-0-4\/#breadcrumb"},"inLanguage":"fr-FR","potentialAction":[{"@type":"ReadAction","target":["https:\/\/www.vetorino.com\/boutique\/product\/remend-0-4\/"]}]},{"@type":"ImageObject","inLanguage":"fr-FR","@id":"https:\/\/www.vetorino.com\/boutique\/product\/remend-0-4\/#primaryimage","url":"https:\/\/www.vetorino.com\/boutique\/wp-content\/uploads\/2024\/03\/remend-04-1.webp","contentUrl":"https:\/\/www.vetorino.com\/boutique\/wp-content\/uploads\/2024\/03\/remend-04-1.webp","width":540,"height":540},{"@type":"BreadcrumbList","@id":"https:\/\/www.vetorino.com\/boutique\/product\/remend-0-4\/#breadcrumb","itemListElement":[{"@type":"ListItem","position":1,"name":"Accueil","item":"https:\/\/www.vetorino.com\/boutique\/"},{"@type":"ListItem","position":2,"name":"Produits","item":"https:\/\/www.vetorino.com\/boutique\/"},{"@type":"ListItem","position":3,"name":"Remend 0.4"}]},{"@type":"WebSite","@id":"https:\/\/www.vetorino.com\/boutique\/#website","url":"https:\/\/www.vetorino.com\/boutique\/","name":"V\u00e9torino","description":"","publisher":{"@id":"https:\/\/www.vetorino.com\/boutique\/#organization"},"potentialAction":[{"@type":"SearchAction","target":{"@type":"EntryPoint","urlTemplate":"https:\/\/www.vetorino.com\/boutique\/?s={search_term_string}"},"query-input":{"@type":"PropertyValueSpecification","valueRequired":true,"valueName":"search_term_string"}}],"inLanguage":"fr-FR"},{"@type":"Organization","@id":"https:\/\/www.vetorino.com\/boutique\/#organization","name":"V\u00e9torino","url":"https:\/\/www.vetorino.com\/boutique\/","logo":{"@type":"ImageObject","inLanguage":"fr-FR","@id":"https:\/\/www.vetorino.com\/boutique\/#\/schema\/logo\/image\/","url":"https:\/\/www.vetorino.com\/boutique\/wp-content\/uploads\/2024\/10\/logo.jpg","contentUrl":"https:\/\/www.vetorino.com\/boutique\/wp-content\/uploads\/2024\/10\/logo.jpg","width":1200,"height":610,"caption":"V\u00e9torino"},"image":{"@id":"https:\/\/www.vetorino.com\/boutique\/#\/schema\/logo\/image\/"},"sameAs":["https:\/\/www.facebook.com\/Vetorino\/","https:\/\/www.instagram.com\/vetorino_off\/","https:\/\/www.linkedin.com\/company\/vtorino\/"]}]},"product_brand":"D\u00f4mes Pharma TVM","product_price_amount":"15.48","product_price_currency":"EUR","og_availability":"out of stock","product_availability":"out of stock","product_retailer_item_id":"A-1881410","product_condition":"new"},"_links":{"self":[{"href":"https:\/\/www.vetorino.com\/veterinaire\/sancey-25430\/boutique\/wp-json\/wp\/v2\/product\/1085884","targetHints":{"allow":["GET"]}}],"collection":[{"href":"https:\/\/www.vetorino.com\/veterinaire\/sancey-25430\/boutique\/wp-json\/wp\/v2\/product"}],"about":[{"href":"https:\/\/www.vetorino.com\/veterinaire\/sancey-25430\/boutique\/wp-json\/wp\/v2\/types\/product"}],"wp:featuredmedia":[{"embeddable":true,"href":"https:\/\/www.vetorino.com\/veterinaire\/sancey-25430\/boutique\/wp-json\/wp\/v2\/media\/858784"}],"wp:attachment":[{"href":"https:\/\/www.vetorino.com\/veterinaire\/sancey-25430\/boutique\/wp-json\/wp\/v2\/media?parent=1085884"}],"wp:term":[{"taxonomy":"product_cat","embeddable":true,"href":"https:\/\/www.vetorino.com\/veterinaire\/sancey-25430\/boutique\/wp-json\/wp\/v2\/product_cat?post=1085884"},{"taxonomy":"product_tag","embeddable":true,"href":"https:\/\/www.vetorino.com\/veterinaire\/sancey-25430\/boutique\/wp-json\/wp\/v2\/product_tag?post=1085884"}],"curies":[{"name":"wp","href":"https:\/\/api.w.org\/{rel}","templated":true}]}}