{"id":131531,"date":"2020-11-27T00:54:02","date_gmt":"2020-11-26T23:54:02","guid":{"rendered":"https:\/\/www.vetorino.com\/boutique\/product\/tonivet-chat-senior\/"},"modified":"2026-03-09T14:08:39","modified_gmt":"2026-03-09T13:08:39","slug":"tonivet-chat-senior","status":"publish","type":"product","link":"https:\/\/www.vetorino.com\/veterinaire\/sancey-25430\/boutique\/product\/tonivet-chat-senior\/","title":{"rendered":"Chat Senior St\u00e9rilis\u00e9 Poulet"},"content":{"rendered":"<p>Ces<strong> croquettes pour chat senior st\u00e9rilis\u00e9<\/strong> sont sp\u00e9cialement formul\u00e9es pour r\u00e9pondre \u00e0 leurs besoins.<\/p>\n<p>Contribue au <strong>confort articulaire<\/strong>, au maintien d\u2019un <strong>poids optimal<\/strong> et \u00e0 la <strong>protection des cellules contre le vieillissement<\/strong>.<\/p>\n<p><strong>Bienfaits essentiels :<\/strong><\/p>\n<p><strong>1. RENAL Support Soutien de la fonction r\u00e9nal\u00a0<\/strong><br \/>\nIl favorise la bonne sant\u00e9 du syst\u00e8me r\u00e9nal gr\u00e2ce \u00e0 des ch\u00e9lateurs de phosphore et une teneur en phosphore et prot\u00e9ines contr\u00f4l\u00e9e pour faciliter la filtration glom\u00e9rulaire.<\/p>\n<p><strong>2.Confort urinaire\u00a0<\/strong><br \/>\nAliment formul\u00e9 pour soutenir l\u2019appareil urinaire gr\u00e2ce \u00e0 l\u2019incorporation d\u2019acidifiant urinaire et au contr\u00f4le du pH urinaire. L\u2019ajout de ch\u00e9lateurs de phosphore, de Calcium ainsi que la maitrise des teneurs min\u00e9rales aideront l\u2019appareil urinaire \u00e0 lutter contre l\u2019apparition de calculs.<\/p>\n<p><strong>3. Beaut\u00e9 de la peau et du pelage :<\/strong><br \/>\nFormule nutritionnelle enrichie en huile d\u2019anchois et de sardines sauvages, poissons s\u00e9lectionn\u00e9s pour leur teneur accrue en acides gras essentiels Om\u00e9ga 3 (EPA, DHA). La graisse de canard, quant \u00e0 elle, procure l\u2019apport n\u00e9cessaire en acides gras Om\u00e9ga 6 (LA, GLA) permettant ainsi un ratio Om\u00e9ga 3\/6 optimal.<br \/>\nLa concentration importante en prot\u00e9ines d\u2019origine animale et notamment en acides amin\u00e9s soufr\u00e9s et aromatiques agira directement sur la r\u00e9g\u00e9n\u00e9ration de la k\u00e9ratine et le soutien de la pigmentation du poil.<br \/>\nRiche en vitamines du groupe B, la levure de bi\u00e8re favorisera la brillance du poil.<\/p>\n<p><strong>4. Soutien articulaire et musculaire :<\/strong><br \/>\nUne teneur optimale en chondroprotecteurs de type glucosamine et chondro\u00eftine pour contribuer au maintien du cartilage articulaire et donc \u00e0 une bonne fonction motrice. Une huile de poisson concentr\u00e9e en Om\u00e9ga 3 aidera \u00e9galement \u00e0 pr\u00e9server la bonne sant\u00e9 des articulations.<br \/>\nGr\u00e2ce \u00e0 la teneur \u00e9lev\u00e9e en prot\u00e9ines animales, les muscles re\u00e7oivent le soutien n\u00e9cessaire pour rester toniques et efficaces.<\/p>\n<p><strong>5. Immunit\u00e9 digestive :<\/strong><br \/>\nIngr\u00e9dients s\u00e9lectionn\u00e9s pour leur haute tol\u00e9rance digestive assurant une absorption optimale des nutriments.<br \/>\nIncorporation de pr\u00e9biotiques de type levure de bi\u00e8re, parois de levures (\u00df-glucanes &amp; MOS) et inuline de chicor\u00e9e (FOS) afin de renforcer le syst\u00e8me immunitaire et l\u2019int\u00e9grit\u00e9 intestinale.<\/p>\n","protected":false},"excerpt":{"rendered":"<p>TONIVET CHAT SENIOR ST\u00c9RILIS\u00c9 POULET <strong>apporte tous les nutriments n\u00e9cessaires au chat senior<\/strong> gr\u00e2ce \u00e0 un apport \u00e9nerg\u00e9tique prot\u00e9ique optimal et poss\u00e8de une <strong>taille adapt\u00e9e \u00e0<\/strong> leur morphologie.<\/p>\n<p><strong>Utilisation :<\/strong><\/p>\n<ul>\n<li>Chat \u00e0 partir de 7 ans<\/li>\n<\/ul>\n","protected":false},"featured_media":1293873,"template":"","meta":[],"product_cat":[12551,12583,2697],"product_tag":[],"class_list":{"0":"post-131531","1":"product","2":"type-product","3":"status-publish","4":"has-post-thumbnail","6":"product_cat-alimentation-du-chat","7":"product_cat-alimentation-premium-pour-chat","8":"product_cat-chat","9":"pa_marque-tonivet","11":"first","12":"instock","13":"taxable","14":"shipping-taxable","15":"purchasable","16":"product-type-variable"},"yoast_head":"<!-- This site is optimized with the Yoast SEO plugin v27.3 - https:\/\/yoast.com\/product\/yoast-seo-wordpress\/ -->\n<title>Chat Senior St\u00e9rilis\u00e9 Poulet Tonivet - V\u00e9torino<\/title>\n<meta name=\"description\" content=\"TONIVET CHAT SENIOR ST\u00c9RILIS\u00c9 POULET apporte tous les nutriments n\u00e9cessaires au chat senior gr\u00e2ce \u00e0 un apport \u00e9nerg\u00e9tique prot\u00e9ique optimal et poss\u00e8de une taille adapt\u00e9e \u00e0 leur morphologie.  Utilisation :   Chat \u00e0 partir de 7 ans\" \/>\n<meta name=\"robots\" content=\"noindex, nofollow\" \/>\n<meta property=\"og:locale\" content=\"fr_FR\" \/>\n<meta property=\"og:type\" content=\"article\" \/>\n<meta property=\"og:title\" content=\"Chat Senior St\u00e9rilis\u00e9 Poulet Tonivet - V\u00e9torino\" \/>\n<meta property=\"og:description\" content=\"TONIVET CHAT SENIOR ST\u00c9RILIS\u00c9 POULET apporte tous les nutriments n\u00e9cessaires au chat senior gr\u00e2ce \u00e0 un apport \u00e9nerg\u00e9tique prot\u00e9ique optimal et poss\u00e8de une taille adapt\u00e9e \u00e0 leur morphologie.  Utilisation :   Chat \u00e0 partir de 7 ans\" \/>\n<meta property=\"og:url\" content=\"https:\/\/www.vetorino.com\/veterinaire\/sancey-25430\/boutique\/product\/tonivet-chat-senior\/\" \/>\n<meta property=\"og:site_name\" content=\"V\u00e9torino\" \/>\n<meta property=\"article:publisher\" content=\"https:\/\/www.facebook.com\/Vetorino\/\" \/>\n<meta property=\"article:modified_time\" content=\"2026-03-09T13:08:39+00:00\" \/>\n<meta property=\"og:image\" content=\"https:\/\/www.vetorino.com\/boutique\/wp-content\/uploads\/2025\/04\/tonivet-chat-senior-sterilise-poulet-1.webp\" \/>\n\t<meta property=\"og:image:width\" content=\"800\" \/>\n\t<meta property=\"og:image:height\" content=\"800\" \/>\n\t<meta property=\"og:image:type\" content=\"image\/webp\" \/>\n<meta name=\"twitter:card\" content=\"summary_large_image\" \/>\n<meta name=\"twitter:label1\" content=\"Disponibilit\u00e9\" \/>\n\t<meta name=\"twitter:data1\" content=\"En stock\" \/>\n<script type=\"application\/ld+json\" class=\"yoast-schema-graph\">{\"@context\":\"https:\\\/\\\/schema.org\",\"@graph\":[{\"@type\":\"WebPage\",\"@id\":\"https:\\\/\\\/www.vetorino.com\\\/boutique\\\/product\\\/tonivet-chat-senior\\\/\",\"url\":\"https:\\\/\\\/www.vetorino.com\\\/boutique\\\/product\\\/tonivet-chat-senior\\\/\",\"name\":\"Chat Senior St\u00e9rilis\u00e9 Poulet Tonivet - V\u00e9torino\",\"isPartOf\":{\"@id\":\"https:\\\/\\\/www.vetorino.com\\\/boutique\\\/#website\"},\"primaryImageOfPage\":{\"@id\":\"https:\\\/\\\/www.vetorino.com\\\/boutique\\\/product\\\/tonivet-chat-senior\\\/#primaryimage\"},\"image\":{\"@id\":\"https:\\\/\\\/www.vetorino.com\\\/boutique\\\/product\\\/tonivet-chat-senior\\\/#primaryimage\"},\"thumbnailUrl\":\"https:\\\/\\\/www.vetorino.com\\\/boutique\\\/wp-content\\\/uploads\\\/2025\\\/04\\\/tonivet-chat-senior-sterilise-poulet-1.webp\",\"datePublished\":\"2020-11-26T23:54:02+00:00\",\"dateModified\":\"2026-03-09T13:08:39+00:00\",\"description\":\"TONIVET CHAT SENIOR ST\u00c9RILIS\u00c9 POULET apporte tous les nutriments n\u00e9cessaires au chat senior gr\u00e2ce \u00e0 un apport \u00e9nerg\u00e9tique prot\u00e9ique optimal et poss\u00e8de une taille adapt\u00e9e \u00e0 leur morphologie. Utilisation : Chat \u00e0 partir de 7 ans\",\"breadcrumb\":{\"@id\":\"https:\\\/\\\/www.vetorino.com\\\/boutique\\\/product\\\/tonivet-chat-senior\\\/#breadcrumb\"},\"inLanguage\":\"fr-FR\",\"potentialAction\":[{\"@type\":\"ReadAction\",\"target\":[\"https:\\\/\\\/www.vetorino.com\\\/boutique\\\/product\\\/tonivet-chat-senior\\\/\"]}]},{\"@type\":\"ImageObject\",\"inLanguage\":\"fr-FR\",\"@id\":\"https:\\\/\\\/www.vetorino.com\\\/boutique\\\/product\\\/tonivet-chat-senior\\\/#primaryimage\",\"url\":\"https:\\\/\\\/www.vetorino.com\\\/boutique\\\/wp-content\\\/uploads\\\/2025\\\/04\\\/tonivet-chat-senior-sterilise-poulet-1.webp\",\"contentUrl\":\"https:\\\/\\\/www.vetorino.com\\\/boutique\\\/wp-content\\\/uploads\\\/2025\\\/04\\\/tonivet-chat-senior-sterilise-poulet-1.webp\",\"width\":800,\"height\":800},{\"@type\":\"BreadcrumbList\",\"@id\":\"https:\\\/\\\/www.vetorino.com\\\/boutique\\\/product\\\/tonivet-chat-senior\\\/#breadcrumb\",\"itemListElement\":[{\"@type\":\"ListItem\",\"position\":1,\"name\":\"Accueil\",\"item\":\"https:\\\/\\\/www.vetorino.com\\\/boutique\\\/\"},{\"@type\":\"ListItem\",\"position\":2,\"name\":\"Produits\",\"item\":\"https:\\\/\\\/www.vetorino.com\\\/boutique\\\/\"},{\"@type\":\"ListItem\",\"position\":3,\"name\":\"Chat Senior St\u00e9rilis\u00e9 Poulet\"}]},{\"@type\":\"WebSite\",\"@id\":\"https:\\\/\\\/www.vetorino.com\\\/boutique\\\/#website\",\"url\":\"https:\\\/\\\/www.vetorino.com\\\/boutique\\\/\",\"name\":\"V\u00e9torino\",\"description\":\"\",\"publisher\":{\"@id\":\"https:\\\/\\\/www.vetorino.com\\\/boutique\\\/#organization\"},\"potentialAction\":[{\"@type\":\"SearchAction\",\"target\":{\"@type\":\"EntryPoint\",\"urlTemplate\":\"https:\\\/\\\/www.vetorino.com\\\/boutique\\\/?s={search_term_string}\"},\"query-input\":{\"@type\":\"PropertyValueSpecification\",\"valueRequired\":true,\"valueName\":\"search_term_string\"}}],\"inLanguage\":\"fr-FR\"},{\"@type\":\"Organization\",\"@id\":\"https:\\\/\\\/www.vetorino.com\\\/boutique\\\/#organization\",\"name\":\"V\u00e9torino\",\"url\":\"https:\\\/\\\/www.vetorino.com\\\/boutique\\\/\",\"logo\":{\"@type\":\"ImageObject\",\"inLanguage\":\"fr-FR\",\"@id\":\"https:\\\/\\\/www.vetorino.com\\\/boutique\\\/#\\\/schema\\\/logo\\\/image\\\/\",\"url\":\"https:\\\/\\\/www.vetorino.com\\\/boutique\\\/wp-content\\\/uploads\\\/2024\\\/10\\\/logo.jpg\",\"contentUrl\":\"https:\\\/\\\/www.vetorino.com\\\/boutique\\\/wp-content\\\/uploads\\\/2024\\\/10\\\/logo.jpg\",\"width\":1200,\"height\":610,\"caption\":\"V\u00e9torino\"},\"image\":{\"@id\":\"https:\\\/\\\/www.vetorino.com\\\/boutique\\\/#\\\/schema\\\/logo\\\/image\\\/\"},\"sameAs\":[\"https:\\\/\\\/www.facebook.com\\\/Vetorino\\\/\",\"https:\\\/\\\/www.instagram.com\\\/vetorino_off\\\/\",\"https:\\\/\\\/www.linkedin.com\\\/company\\\/vtorino\\\/\"]}]}<\/script>\n<meta property=\"product:brand\" content=\"Tonivet\" \/>\n<meta property=\"og:availability\" content=\"instock\" \/>\n<meta property=\"product:availability\" content=\"instock\" \/>\n<meta property=\"product:condition\" content=\"new\" \/>\n<!-- \/ Yoast SEO plugin. -->","yoast_head_json":{"title":"Chat Senior St\u00e9rilis\u00e9 Poulet Tonivet - V\u00e9torino","description":"TONIVET CHAT SENIOR ST\u00c9RILIS\u00c9 POULET apporte tous les nutriments n\u00e9cessaires au chat senior gr\u00e2ce \u00e0 un apport \u00e9nerg\u00e9tique prot\u00e9ique optimal et poss\u00e8de une taille adapt\u00e9e \u00e0 leur morphologie.  Utilisation :   Chat \u00e0 partir de 7 ans","robots":{"index":"noindex","follow":"nofollow"},"og_locale":"fr_FR","og_type":"article","og_title":"Chat Senior St\u00e9rilis\u00e9 Poulet Tonivet - V\u00e9torino","og_description":"TONIVET CHAT SENIOR ST\u00c9RILIS\u00c9 POULET apporte tous les nutriments n\u00e9cessaires au chat senior gr\u00e2ce \u00e0 un apport \u00e9nerg\u00e9tique prot\u00e9ique optimal et poss\u00e8de une taille adapt\u00e9e \u00e0 leur morphologie.  Utilisation :   Chat \u00e0 partir de 7 ans","og_url":"https:\/\/www.vetorino.com\/veterinaire\/sancey-25430\/boutique\/product\/tonivet-chat-senior\/","og_site_name":"V\u00e9torino","article_publisher":"https:\/\/www.facebook.com\/Vetorino\/","article_modified_time":"2026-03-09T13:08:39+00:00","og_image":[{"width":800,"height":800,"url":"https:\/\/www.vetorino.com\/boutique\/wp-content\/uploads\/2025\/04\/tonivet-chat-senior-sterilise-poulet-1.webp","type":"image\/webp"}],"twitter_card":"summary_large_image","twitter_misc":{"Disponibilit\u00e9":"En stock"},"schema":{"@context":"https:\/\/schema.org","@graph":[{"@type":"WebPage","@id":"https:\/\/www.vetorino.com\/boutique\/product\/tonivet-chat-senior\/","url":"https:\/\/www.vetorino.com\/boutique\/product\/tonivet-chat-senior\/","name":"Chat Senior St\u00e9rilis\u00e9 Poulet Tonivet - V\u00e9torino","isPartOf":{"@id":"https:\/\/www.vetorino.com\/boutique\/#website"},"primaryImageOfPage":{"@id":"https:\/\/www.vetorino.com\/boutique\/product\/tonivet-chat-senior\/#primaryimage"},"image":{"@id":"https:\/\/www.vetorino.com\/boutique\/product\/tonivet-chat-senior\/#primaryimage"},"thumbnailUrl":"https:\/\/www.vetorino.com\/boutique\/wp-content\/uploads\/2025\/04\/tonivet-chat-senior-sterilise-poulet-1.webp","datePublished":"2020-11-26T23:54:02+00:00","dateModified":"2026-03-09T13:08:39+00:00","description":"TONIVET CHAT SENIOR ST\u00c9RILIS\u00c9 POULET apporte tous les nutriments n\u00e9cessaires au chat senior gr\u00e2ce \u00e0 un apport \u00e9nerg\u00e9tique prot\u00e9ique optimal et poss\u00e8de une taille adapt\u00e9e \u00e0 leur morphologie. Utilisation : Chat \u00e0 partir de 7 ans","breadcrumb":{"@id":"https:\/\/www.vetorino.com\/boutique\/product\/tonivet-chat-senior\/#breadcrumb"},"inLanguage":"fr-FR","potentialAction":[{"@type":"ReadAction","target":["https:\/\/www.vetorino.com\/boutique\/product\/tonivet-chat-senior\/"]}]},{"@type":"ImageObject","inLanguage":"fr-FR","@id":"https:\/\/www.vetorino.com\/boutique\/product\/tonivet-chat-senior\/#primaryimage","url":"https:\/\/www.vetorino.com\/boutique\/wp-content\/uploads\/2025\/04\/tonivet-chat-senior-sterilise-poulet-1.webp","contentUrl":"https:\/\/www.vetorino.com\/boutique\/wp-content\/uploads\/2025\/04\/tonivet-chat-senior-sterilise-poulet-1.webp","width":800,"height":800},{"@type":"BreadcrumbList","@id":"https:\/\/www.vetorino.com\/boutique\/product\/tonivet-chat-senior\/#breadcrumb","itemListElement":[{"@type":"ListItem","position":1,"name":"Accueil","item":"https:\/\/www.vetorino.com\/boutique\/"},{"@type":"ListItem","position":2,"name":"Produits","item":"https:\/\/www.vetorino.com\/boutique\/"},{"@type":"ListItem","position":3,"name":"Chat Senior St\u00e9rilis\u00e9 Poulet"}]},{"@type":"WebSite","@id":"https:\/\/www.vetorino.com\/boutique\/#website","url":"https:\/\/www.vetorino.com\/boutique\/","name":"V\u00e9torino","description":"","publisher":{"@id":"https:\/\/www.vetorino.com\/boutique\/#organization"},"potentialAction":[{"@type":"SearchAction","target":{"@type":"EntryPoint","urlTemplate":"https:\/\/www.vetorino.com\/boutique\/?s={search_term_string}"},"query-input":{"@type":"PropertyValueSpecification","valueRequired":true,"valueName":"search_term_string"}}],"inLanguage":"fr-FR"},{"@type":"Organization","@id":"https:\/\/www.vetorino.com\/boutique\/#organization","name":"V\u00e9torino","url":"https:\/\/www.vetorino.com\/boutique\/","logo":{"@type":"ImageObject","inLanguage":"fr-FR","@id":"https:\/\/www.vetorino.com\/boutique\/#\/schema\/logo\/image\/","url":"https:\/\/www.vetorino.com\/boutique\/wp-content\/uploads\/2024\/10\/logo.jpg","contentUrl":"https:\/\/www.vetorino.com\/boutique\/wp-content\/uploads\/2024\/10\/logo.jpg","width":1200,"height":610,"caption":"V\u00e9torino"},"image":{"@id":"https:\/\/www.vetorino.com\/boutique\/#\/schema\/logo\/image\/"},"sameAs":["https:\/\/www.facebook.com\/Vetorino\/","https:\/\/www.instagram.com\/vetorino_off\/","https:\/\/www.linkedin.com\/company\/vtorino\/"]}]},"product_brand":"Tonivet","og_availability":"instock","product_availability":"instock","product_condition":"new"},"_links":{"self":[{"href":"https:\/\/www.vetorino.com\/veterinaire\/sancey-25430\/boutique\/wp-json\/wp\/v2\/product\/131531","targetHints":{"allow":["GET"]}}],"collection":[{"href":"https:\/\/www.vetorino.com\/veterinaire\/sancey-25430\/boutique\/wp-json\/wp\/v2\/product"}],"about":[{"href":"https:\/\/www.vetorino.com\/veterinaire\/sancey-25430\/boutique\/wp-json\/wp\/v2\/types\/product"}],"wp:featuredmedia":[{"embeddable":true,"href":"https:\/\/www.vetorino.com\/veterinaire\/sancey-25430\/boutique\/wp-json\/wp\/v2\/media\/1293873"}],"wp:attachment":[{"href":"https:\/\/www.vetorino.com\/veterinaire\/sancey-25430\/boutique\/wp-json\/wp\/v2\/media?parent=131531"}],"wp:term":[{"taxonomy":"product_cat","embeddable":true,"href":"https:\/\/www.vetorino.com\/veterinaire\/sancey-25430\/boutique\/wp-json\/wp\/v2\/product_cat?post=131531"},{"taxonomy":"product_tag","embeddable":true,"href":"https:\/\/www.vetorino.com\/veterinaire\/sancey-25430\/boutique\/wp-json\/wp\/v2\/product_tag?post=131531"}],"curies":[{"name":"wp","href":"https:\/\/api.w.org\/{rel}","templated":true}]}}