{"id":32901,"date":"2020-03-04T21:51:14","date_gmt":"2020-03-04T20:51:14","guid":{"rendered":"https:\/\/www.vetorino.com\/boutique\/product\/tonivet-chien-junior-race-petite-et-moyenne\/"},"modified":"2025-11-18T11:06:29","modified_gmt":"2025-11-18T10:06:29","slug":"tonivet-chien-junior-petite-et-moyenne-race-2","status":"publish","type":"product","link":"https:\/\/www.vetorino.com\/veterinaire\/sancey-25430\/boutique\/product\/tonivet-chien-junior-petite-et-moyenne-race-2\/","title":{"rendered":"Chien Junior Medium Poulet"},"content":{"rendered":"<p>Les croquettes Tonivet Chien Junior Medium Poulet sont adapt\u00e9es aux besoins des<strong> chiots de taille moyenne<\/strong>, elles <strong>favorisent la croissance, la digestion<\/strong> et <strong>contribuent au bon d\u00e9veloppement des articulations. <\/strong><\/p>\n<p><strong>Conviennent aussi aux femelles en gestation ou allaitantes.<\/strong><\/p>\n<p><strong>Bienfaits essentiels\u00a0 :<\/strong><\/p>\n<ul>\n<li>Apporte une \u00e9nergie adapt\u00e9e aux besoins des chiots en croissance.<\/li>\n<li>Soutient une croissance harmonieuse gr\u00e2ce \u00e0 un \u00e9quilibre optimal en prot\u00e9ines et min\u00e9raux.<\/li>\n<li>Favorise une digestion optimale et un microbiote sain gr\u00e2ce aux pr\u00e9biotiques et levures.<\/li>\n<li>Prot\u00e8ge les articulations avec des chondroprotecteurs (glucosamine et chondro\u00eftine).<\/li>\n<li>Am\u00e9liore la sant\u00e9 du pelage et de la peau avec les om\u00e9ga-3, om\u00e9ga-6 et les vitamines du groupe B.<\/li>\n<li>Contient des antioxydants pour renforcer les d\u00e9fenses naturelles et lutter contre le stress oxydatif.<\/li>\n<\/ul>\n<p><strong>Conseils et contre-indications :<\/strong><\/p>\n<ul>\n<li>Adapter la ration quotidienne selon l\u2019\u00e2ge et l\u2019activit\u00e9 du chiot.<\/li>\n<li>Introduire progressivement en cas de changement d\u2019alimentation.<\/li>\n<li>Laisser de l\u2019eau fra\u00eeche \u00e0 disposition en permanence.<\/li>\n<li>Conserver dans un endroit sec et \u00e0 l\u2019abri de l\u2019humidit\u00e9.<\/li>\n<li>Convient aux chiennes gestantes ou en lactation, sous contr\u00f4le v\u00e9t\u00e9rinaire.<\/li>\n<\/ul>\n","protected":false},"excerpt":{"rendered":"<p>Les croquettes Tonivet Chien Junior Medium Poulet sont adapt\u00e9es aux besoins des<strong> chiots de taille moyenne<\/strong>, elles <strong>favorisent la croissance, la digestion<\/strong> et <strong>contribuent au bon d\u00e9veloppement des articulations. <\/strong><\/p>\n<p><strong>Conviennent aussi aux femelles en gestation ou allaitantes.<\/strong><\/p>\n","protected":false},"featured_media":1300983,"template":"","meta":[],"product_cat":[12552,12584,2698],"product_tag":[],"class_list":{"0":"post-32901","1":"product","2":"type-product","3":"status-publish","4":"has-post-thumbnail","6":"product_cat-alimentation-du-chien","7":"product_cat-alimentation-premium-pour-chien","8":"product_cat-chien","9":"pa_marque-tonivet","11":"first","12":"instock","13":"taxable","14":"shipping-taxable","15":"purchasable","16":"product-type-variable"},"yoast_head":"<!-- This site is optimized with the Yoast SEO plugin v27.3 - https:\/\/yoast.com\/product\/yoast-seo-wordpress\/ -->\n<title>Chien Junior Medium Poulet Tonivet - V\u00e9torino<\/title>\n<meta name=\"description\" content=\"Les croquettes Tonivet Chien Junior Medium Poulet sont adapt\u00e9es aux besoins des chiots de taille moyenne, elles favorisent la croissance, la digestion et contribuent au bon d\u00e9veloppement des articulations.   Conviennent aussi aux femelles en gestation ou allaitantes.\" \/>\n<meta name=\"robots\" content=\"noindex, nofollow\" \/>\n<meta property=\"og:locale\" content=\"fr_FR\" \/>\n<meta property=\"og:type\" content=\"article\" \/>\n<meta property=\"og:title\" content=\"Chien Junior Medium Poulet Tonivet - V\u00e9torino\" \/>\n<meta property=\"og:description\" content=\"Les croquettes Tonivet Chien Junior Medium Poulet sont adapt\u00e9es aux besoins des chiots de taille moyenne, elles favorisent la croissance, la digestion et contribuent au bon d\u00e9veloppement des articulations.   Conviennent aussi aux femelles en gestation ou allaitantes.\" \/>\n<meta property=\"og:url\" content=\"https:\/\/www.vetorino.com\/veterinaire\/sancey-25430\/boutique\/product\/tonivet-chien-junior-petite-et-moyenne-race-2\/\" \/>\n<meta property=\"og:site_name\" content=\"V\u00e9torino\" \/>\n<meta property=\"article:publisher\" content=\"https:\/\/www.facebook.com\/Vetorino\/\" \/>\n<meta property=\"article:modified_time\" content=\"2025-11-18T10:06:29+00:00\" \/>\n<meta property=\"og:image\" content=\"https:\/\/www.vetorino.com\/boutique\/wp-content\/uploads\/2025\/04\/tonivet-chien-junior-medium-poulet-copie.jpg\" \/>\n\t<meta property=\"og:image:width\" content=\"647\" \/>\n\t<meta property=\"og:image:height\" content=\"609\" \/>\n\t<meta property=\"og:image:type\" content=\"image\/jpeg\" \/>\n<meta name=\"twitter:card\" content=\"summary_large_image\" \/>\n<meta name=\"twitter:label1\" content=\"Disponibilit\u00e9\" \/>\n\t<meta name=\"twitter:data1\" content=\"En stock\" \/>\n<script type=\"application\/ld+json\" class=\"yoast-schema-graph\">{\"@context\":\"https:\\\/\\\/schema.org\",\"@graph\":[{\"@type\":\"WebPage\",\"@id\":\"https:\\\/\\\/www.vetorino.com\\\/boutique\\\/product\\\/tonivet-chien-junior-petite-et-moyenne-race-2\\\/\",\"url\":\"https:\\\/\\\/www.vetorino.com\\\/boutique\\\/product\\\/tonivet-chien-junior-petite-et-moyenne-race-2\\\/\",\"name\":\"Chien Junior Medium Poulet Tonivet - V\u00e9torino\",\"isPartOf\":{\"@id\":\"https:\\\/\\\/www.vetorino.com\\\/boutique\\\/#website\"},\"primaryImageOfPage\":{\"@id\":\"https:\\\/\\\/www.vetorino.com\\\/boutique\\\/product\\\/tonivet-chien-junior-petite-et-moyenne-race-2\\\/#primaryimage\"},\"image\":{\"@id\":\"https:\\\/\\\/www.vetorino.com\\\/boutique\\\/product\\\/tonivet-chien-junior-petite-et-moyenne-race-2\\\/#primaryimage\"},\"thumbnailUrl\":\"https:\\\/\\\/www.vetorino.com\\\/boutique\\\/wp-content\\\/uploads\\\/2025\\\/04\\\/tonivet-chien-junior-medium-poulet-copie.jpg\",\"datePublished\":\"2020-03-04T20:51:14+00:00\",\"dateModified\":\"2025-11-18T10:06:29+00:00\",\"description\":\"Les croquettes Tonivet Chien Junior Medium Poulet sont adapt\u00e9es aux besoins des chiots de taille moyenne, elles favorisent la croissance, la digestion et contribuent au bon d\u00e9veloppement des articulations. Conviennent aussi aux femelles en gestation ou allaitantes.\",\"breadcrumb\":{\"@id\":\"https:\\\/\\\/www.vetorino.com\\\/boutique\\\/product\\\/tonivet-chien-junior-petite-et-moyenne-race-2\\\/#breadcrumb\"},\"inLanguage\":\"fr-FR\",\"potentialAction\":[{\"@type\":\"ReadAction\",\"target\":[\"https:\\\/\\\/www.vetorino.com\\\/boutique\\\/product\\\/tonivet-chien-junior-petite-et-moyenne-race-2\\\/\"]}]},{\"@type\":\"ImageObject\",\"inLanguage\":\"fr-FR\",\"@id\":\"https:\\\/\\\/www.vetorino.com\\\/boutique\\\/product\\\/tonivet-chien-junior-petite-et-moyenne-race-2\\\/#primaryimage\",\"url\":\"https:\\\/\\\/www.vetorino.com\\\/boutique\\\/wp-content\\\/uploads\\\/2025\\\/04\\\/tonivet-chien-junior-medium-poulet-copie.jpg\",\"contentUrl\":\"https:\\\/\\\/www.vetorino.com\\\/boutique\\\/wp-content\\\/uploads\\\/2025\\\/04\\\/tonivet-chien-junior-medium-poulet-copie.jpg\",\"width\":647,\"height\":609},{\"@type\":\"BreadcrumbList\",\"@id\":\"https:\\\/\\\/www.vetorino.com\\\/boutique\\\/product\\\/tonivet-chien-junior-petite-et-moyenne-race-2\\\/#breadcrumb\",\"itemListElement\":[{\"@type\":\"ListItem\",\"position\":1,\"name\":\"Accueil\",\"item\":\"https:\\\/\\\/www.vetorino.com\\\/boutique\\\/\"},{\"@type\":\"ListItem\",\"position\":2,\"name\":\"Produits\",\"item\":\"https:\\\/\\\/www.vetorino.com\\\/boutique\\\/\"},{\"@type\":\"ListItem\",\"position\":3,\"name\":\"Chien Junior Medium Poulet\"}]},{\"@type\":\"WebSite\",\"@id\":\"https:\\\/\\\/www.vetorino.com\\\/boutique\\\/#website\",\"url\":\"https:\\\/\\\/www.vetorino.com\\\/boutique\\\/\",\"name\":\"V\u00e9torino\",\"description\":\"\",\"publisher\":{\"@id\":\"https:\\\/\\\/www.vetorino.com\\\/boutique\\\/#organization\"},\"potentialAction\":[{\"@type\":\"SearchAction\",\"target\":{\"@type\":\"EntryPoint\",\"urlTemplate\":\"https:\\\/\\\/www.vetorino.com\\\/boutique\\\/?s={search_term_string}\"},\"query-input\":{\"@type\":\"PropertyValueSpecification\",\"valueRequired\":true,\"valueName\":\"search_term_string\"}}],\"inLanguage\":\"fr-FR\"},{\"@type\":\"Organization\",\"@id\":\"https:\\\/\\\/www.vetorino.com\\\/boutique\\\/#organization\",\"name\":\"V\u00e9torino\",\"url\":\"https:\\\/\\\/www.vetorino.com\\\/boutique\\\/\",\"logo\":{\"@type\":\"ImageObject\",\"inLanguage\":\"fr-FR\",\"@id\":\"https:\\\/\\\/www.vetorino.com\\\/boutique\\\/#\\\/schema\\\/logo\\\/image\\\/\",\"url\":\"https:\\\/\\\/www.vetorino.com\\\/boutique\\\/wp-content\\\/uploads\\\/2024\\\/10\\\/logo.jpg\",\"contentUrl\":\"https:\\\/\\\/www.vetorino.com\\\/boutique\\\/wp-content\\\/uploads\\\/2024\\\/10\\\/logo.jpg\",\"width\":1200,\"height\":610,\"caption\":\"V\u00e9torino\"},\"image\":{\"@id\":\"https:\\\/\\\/www.vetorino.com\\\/boutique\\\/#\\\/schema\\\/logo\\\/image\\\/\"},\"sameAs\":[\"https:\\\/\\\/www.facebook.com\\\/Vetorino\\\/\",\"https:\\\/\\\/www.instagram.com\\\/vetorino_off\\\/\",\"https:\\\/\\\/www.linkedin.com\\\/company\\\/vtorino\\\/\"]}]}<\/script>\n<meta property=\"product:brand\" content=\"Tonivet\" \/>\n<meta property=\"og:availability\" content=\"instock\" \/>\n<meta property=\"product:availability\" content=\"instock\" \/>\n<meta property=\"product:condition\" content=\"new\" \/>\n<!-- \/ Yoast SEO plugin. -->","yoast_head_json":{"title":"Chien Junior Medium Poulet Tonivet - V\u00e9torino","description":"Les croquettes Tonivet Chien Junior Medium Poulet sont adapt\u00e9es aux besoins des chiots de taille moyenne, elles favorisent la croissance, la digestion et contribuent au bon d\u00e9veloppement des articulations.   Conviennent aussi aux femelles en gestation ou allaitantes.","robots":{"index":"noindex","follow":"nofollow"},"og_locale":"fr_FR","og_type":"article","og_title":"Chien Junior Medium Poulet Tonivet - V\u00e9torino","og_description":"Les croquettes Tonivet Chien Junior Medium Poulet sont adapt\u00e9es aux besoins des chiots de taille moyenne, elles favorisent la croissance, la digestion et contribuent au bon d\u00e9veloppement des articulations.   Conviennent aussi aux femelles en gestation ou allaitantes.","og_url":"https:\/\/www.vetorino.com\/veterinaire\/sancey-25430\/boutique\/product\/tonivet-chien-junior-petite-et-moyenne-race-2\/","og_site_name":"V\u00e9torino","article_publisher":"https:\/\/www.facebook.com\/Vetorino\/","article_modified_time":"2025-11-18T10:06:29+00:00","og_image":[{"width":647,"height":609,"url":"https:\/\/www.vetorino.com\/boutique\/wp-content\/uploads\/2025\/04\/tonivet-chien-junior-medium-poulet-copie.jpg","type":"image\/jpeg"}],"twitter_card":"summary_large_image","twitter_misc":{"Disponibilit\u00e9":"En stock"},"schema":{"@context":"https:\/\/schema.org","@graph":[{"@type":"WebPage","@id":"https:\/\/www.vetorino.com\/boutique\/product\/tonivet-chien-junior-petite-et-moyenne-race-2\/","url":"https:\/\/www.vetorino.com\/boutique\/product\/tonivet-chien-junior-petite-et-moyenne-race-2\/","name":"Chien Junior Medium Poulet Tonivet - V\u00e9torino","isPartOf":{"@id":"https:\/\/www.vetorino.com\/boutique\/#website"},"primaryImageOfPage":{"@id":"https:\/\/www.vetorino.com\/boutique\/product\/tonivet-chien-junior-petite-et-moyenne-race-2\/#primaryimage"},"image":{"@id":"https:\/\/www.vetorino.com\/boutique\/product\/tonivet-chien-junior-petite-et-moyenne-race-2\/#primaryimage"},"thumbnailUrl":"https:\/\/www.vetorino.com\/boutique\/wp-content\/uploads\/2025\/04\/tonivet-chien-junior-medium-poulet-copie.jpg","datePublished":"2020-03-04T20:51:14+00:00","dateModified":"2025-11-18T10:06:29+00:00","description":"Les croquettes Tonivet Chien Junior Medium Poulet sont adapt\u00e9es aux besoins des chiots de taille moyenne, elles favorisent la croissance, la digestion et contribuent au bon d\u00e9veloppement des articulations. Conviennent aussi aux femelles en gestation ou allaitantes.","breadcrumb":{"@id":"https:\/\/www.vetorino.com\/boutique\/product\/tonivet-chien-junior-petite-et-moyenne-race-2\/#breadcrumb"},"inLanguage":"fr-FR","potentialAction":[{"@type":"ReadAction","target":["https:\/\/www.vetorino.com\/boutique\/product\/tonivet-chien-junior-petite-et-moyenne-race-2\/"]}]},{"@type":"ImageObject","inLanguage":"fr-FR","@id":"https:\/\/www.vetorino.com\/boutique\/product\/tonivet-chien-junior-petite-et-moyenne-race-2\/#primaryimage","url":"https:\/\/www.vetorino.com\/boutique\/wp-content\/uploads\/2025\/04\/tonivet-chien-junior-medium-poulet-copie.jpg","contentUrl":"https:\/\/www.vetorino.com\/boutique\/wp-content\/uploads\/2025\/04\/tonivet-chien-junior-medium-poulet-copie.jpg","width":647,"height":609},{"@type":"BreadcrumbList","@id":"https:\/\/www.vetorino.com\/boutique\/product\/tonivet-chien-junior-petite-et-moyenne-race-2\/#breadcrumb","itemListElement":[{"@type":"ListItem","position":1,"name":"Accueil","item":"https:\/\/www.vetorino.com\/boutique\/"},{"@type":"ListItem","position":2,"name":"Produits","item":"https:\/\/www.vetorino.com\/boutique\/"},{"@type":"ListItem","position":3,"name":"Chien Junior Medium Poulet"}]},{"@type":"WebSite","@id":"https:\/\/www.vetorino.com\/boutique\/#website","url":"https:\/\/www.vetorino.com\/boutique\/","name":"V\u00e9torino","description":"","publisher":{"@id":"https:\/\/www.vetorino.com\/boutique\/#organization"},"potentialAction":[{"@type":"SearchAction","target":{"@type":"EntryPoint","urlTemplate":"https:\/\/www.vetorino.com\/boutique\/?s={search_term_string}"},"query-input":{"@type":"PropertyValueSpecification","valueRequired":true,"valueName":"search_term_string"}}],"inLanguage":"fr-FR"},{"@type":"Organization","@id":"https:\/\/www.vetorino.com\/boutique\/#organization","name":"V\u00e9torino","url":"https:\/\/www.vetorino.com\/boutique\/","logo":{"@type":"ImageObject","inLanguage":"fr-FR","@id":"https:\/\/www.vetorino.com\/boutique\/#\/schema\/logo\/image\/","url":"https:\/\/www.vetorino.com\/boutique\/wp-content\/uploads\/2024\/10\/logo.jpg","contentUrl":"https:\/\/www.vetorino.com\/boutique\/wp-content\/uploads\/2024\/10\/logo.jpg","width":1200,"height":610,"caption":"V\u00e9torino"},"image":{"@id":"https:\/\/www.vetorino.com\/boutique\/#\/schema\/logo\/image\/"},"sameAs":["https:\/\/www.facebook.com\/Vetorino\/","https:\/\/www.instagram.com\/vetorino_off\/","https:\/\/www.linkedin.com\/company\/vtorino\/"]}]},"product_brand":"Tonivet","og_availability":"instock","product_availability":"instock","product_condition":"new"},"_links":{"self":[{"href":"https:\/\/www.vetorino.com\/veterinaire\/sancey-25430\/boutique\/wp-json\/wp\/v2\/product\/32901","targetHints":{"allow":["GET"]}}],"collection":[{"href":"https:\/\/www.vetorino.com\/veterinaire\/sancey-25430\/boutique\/wp-json\/wp\/v2\/product"}],"about":[{"href":"https:\/\/www.vetorino.com\/veterinaire\/sancey-25430\/boutique\/wp-json\/wp\/v2\/types\/product"}],"wp:featuredmedia":[{"embeddable":true,"href":"https:\/\/www.vetorino.com\/veterinaire\/sancey-25430\/boutique\/wp-json\/wp\/v2\/media\/1300983"}],"wp:attachment":[{"href":"https:\/\/www.vetorino.com\/veterinaire\/sancey-25430\/boutique\/wp-json\/wp\/v2\/media?parent=32901"}],"wp:term":[{"taxonomy":"product_cat","embeddable":true,"href":"https:\/\/www.vetorino.com\/veterinaire\/sancey-25430\/boutique\/wp-json\/wp\/v2\/product_cat?post=32901"},{"taxonomy":"product_tag","embeddable":true,"href":"https:\/\/www.vetorino.com\/veterinaire\/sancey-25430\/boutique\/wp-json\/wp\/v2\/product_tag?post=32901"}],"curies":[{"name":"wp","href":"https:\/\/api.w.org\/{rel}","templated":true}]}}