{"id":35341,"date":"2020-03-04T22:55:13","date_gmt":"2020-03-04T21:55:13","guid":{"rendered":"https:\/\/www.vetorino.com\/boutique\/product\/vet-hpm-dog-weight-ld\/"},"modified":"2025-11-05T22:51:53","modified_gmt":"2025-11-05T21:51:53","slug":"vet-hpm-dog-weight-ld","status":"publish","type":"product","link":"https:\/\/www.vetorino.com\/veterinaire\/sancey-25430\/boutique\/product\/vet-hpm-dog-weight-ld\/","title":{"rendered":"W1 &#8211; Weight Loss &amp; Diabetes Dog"},"content":{"rendered":"<p><strong>L&#8217;aliment VETERINARY HMP &#8211; Weight Loss &amp; Diabetes Dog est un aliment di\u00e9t\u00e9tique et \u00e9quilibr\u00e9 pour chien con\u00e7u pour r\u00e9duire le surpoids lorsqu&#8217;il est sup\u00e9rieur \u00e0 30% et associ\u00e9 ou non \u00e0 du diab\u00e8te. Il vise \u00e0 r\u00e9duire le poids en ciblant la masse grasse tout en \u00e9vitant la sensation de faim et en r\u00e9gulant l&#8217;apport de glucose.<\/strong><\/p>\n<p><strong>Utilisation\u00a0:<\/strong><\/p>\n<ul>\n<li>Perte de poids rapide (densit\u00e9 \u00e9nerg\u00e9tique mod\u00e9r\u00e9e)<\/li>\n<li>Augmentation de la sati\u00e9t\u00e9 (fibres et prot\u00e9ines)<\/li>\n<li>R\u00e9duction de l&#8217;impact des repas sur la glyc\u00e9mie (faible index glyc\u00e9mique)<\/li>\n<\/ul>\n<p><strong><br \/>\nBienfaits essentiels :<\/strong><\/p>\n<ul>\n<li>Riche en prot\u00e9ines, dont environ 90% de prot\u00e9ines animales (1er ingr\u00e9dient) et pauvre en glucides*<\/li>\n<li>Haute app\u00e9tence<\/li>\n<li>Fabrication fran\u00e7aise sans gluten, sans colorant, ni ar\u00f4me artificiel ajout\u00e9s<\/li>\n<li>Ingr\u00e9dients sant\u00e9 de haute qualit\u00e9 s\u00e9lectionn\u00e9s par nos v\u00e9t\u00e9rinaires nutritionnistes<\/li>\n<li>Mati\u00e8res premi\u00e8res v\u00e9g\u00e9tales issues de cultures non-OGM<\/li>\n<li>Scientifiquement prouv\u00e9e avec 36 communications<\/li>\n<\/ul>\n<p><strong>Aliment fabriqu\u00e9 en France :<br \/>\n<\/strong>C\u2019est dans le sud de la France, au sein de Virbac Nutrition \u00e0 Vauvert (Camargue), que la gamme est produite et conditionn\u00e9e.<br \/>\nLes aliments sont issus d\u2019une expertise d\u00e9di\u00e9e \u00e0 la nutrition pour chiens et chats afin de r\u00e9pondre aux exigences des propri\u00e9taires en mati\u00e8re de qualit\u00e9, tra\u00e7abilit\u00e9 et s\u00e9curit\u00e9 alimentaire.<\/p>\n<p><strong>Cet aliment est destin\u00e9 \u00e0 la prise en charge nutritionnelle d\u2019une maladie. Pour la sant\u00e9 de votre chien, il est recommand\u00e9 de consulter votre v\u00e9t\u00e9rinaire et de respecter scrupuleusement ses recommandations nutritionnelles.<\/strong><\/p>\n","protected":false},"excerpt":{"rendered":"<div id=\"product-description-short-2945\">\n<p><strong>L&#8217;aliment VETERINARY HMP &#8211; Weight Loss &amp; Diabetes Dog est un aliment di\u00e9t\u00e9tique et \u00e9quilibr\u00e9 pour chien con\u00e7u pour r\u00e9duire le surpoids lorsqu&#8217;il est sup\u00e9rieur \u00e0 30% et associ\u00e9 ou non \u00e0 du diab\u00e8te. Il vise \u00e0 r\u00e9duire le poids en ciblant la masse grasse tout en \u00e9vitant la sensation de faim et en r\u00e9gulant l&#8217;apport de glucose.<\/strong><\/p>\n<p><strong>Utilisation\u00a0:<\/strong><\/p>\n<ul>\n<li>Chien en surpoids de plus de 30%<\/li>\n<li>Associ\u00e9 ou non \u00e0 du diab\u00e8te<\/li>\n<\/ul>\n<\/div>\n<div class=\"product-actions\">\n<div class=\"product-variants\"><\/div>\n<div class=\"mdj_product_master\"><\/div>\n<\/div>\n","protected":false},"featured_media":708918,"template":"","meta":[],"product_cat":[12552,12582,2698],"product_tag":[],"class_list":{"0":"post-35341","1":"product","2":"type-product","3":"status-publish","4":"has-post-thumbnail","6":"product_cat-alimentation-du-chien","7":"product_cat-alimentation-medicalisee-pour-chien","8":"product_cat-chien","9":"pa_marque-virbac","11":"first","12":"instock","13":"taxable","14":"shipping-taxable","15":"purchasable","16":"product-type-variable"},"yoast_head":"<!-- This site is optimized with the Yoast SEO plugin v27.3 - https:\/\/yoast.com\/product\/yoast-seo-wordpress\/ -->\n<title>Veterinary HPM (Virbac) W1 - Weight Loss &amp; Diabetes Dog Virbac - V\u00e9torino<\/title>\n<meta name=\"description\" content=\"L&#039;aliment VETERINARY HMP - Weight Loss &amp; Diabetes Dog est un aliment di\u00e9t\u00e9tique et \u00e9quilibr\u00e9 pour chien con\u00e7u pour r\u00e9duire le surpoids lorsqu&#039;il est sup\u00e9rieur \u00e0 30% et associ\u00e9 ou non \u00e0 du diab\u00e8te. Il vise \u00e0 r\u00e9duire le poids en ciblant la masse grasse tout en \u00e9vitant la sensation de faim et en r\u00e9gulant l&#039;apport de glucose.  Utilisation\u00a0:   Chien en surpoids de plus de 30%  Associ\u00e9 ou non \u00e0 du diab\u00e8te\" \/>\n<meta name=\"robots\" content=\"noindex, nofollow\" \/>\n<meta property=\"og:locale\" content=\"fr_FR\" \/>\n<meta property=\"og:type\" content=\"article\" \/>\n<meta property=\"og:title\" content=\"Veterinary HPM (Virbac) W1 - Weight Loss &amp; Diabetes Dog Virbac - V\u00e9torino\" \/>\n<meta property=\"og:description\" content=\"L&#039;aliment VETERINARY HMP - Weight Loss &amp; Diabetes Dog est un aliment di\u00e9t\u00e9tique et \u00e9quilibr\u00e9 pour chien con\u00e7u pour r\u00e9duire le surpoids lorsqu&#039;il est sup\u00e9rieur \u00e0 30% et associ\u00e9 ou non \u00e0 du diab\u00e8te. Il vise \u00e0 r\u00e9duire le poids en ciblant la masse grasse tout en \u00e9vitant la sensation de faim et en r\u00e9gulant l&#039;apport de glucose.  Utilisation\u00a0:   Chien en surpoids de plus de 30%  Associ\u00e9 ou non \u00e0 du diab\u00e8te\" \/>\n<meta property=\"og:url\" content=\"https:\/\/www.vetorino.com\/veterinaire\/sancey-25430\/boutique\/product\/vet-hpm-dog-weight-ld\/\" \/>\n<meta property=\"og:site_name\" content=\"V\u00e9torino\" \/>\n<meta property=\"article:publisher\" content=\"https:\/\/www.facebook.com\/Vetorino\/\" \/>\n<meta property=\"article:modified_time\" content=\"2025-11-05T21:51:53+00:00\" \/>\n<meta property=\"og:image\" content=\"https:\/\/www.vetorino.com\/boutique\/wp-content\/uploads\/2020\/03\/w1-weight-loss-diabetes-dog.jpg\" \/>\n\t<meta property=\"og:image:width\" content=\"540\" \/>\n\t<meta property=\"og:image:height\" content=\"540\" \/>\n\t<meta property=\"og:image:type\" content=\"image\/jpeg\" \/>\n<meta name=\"twitter:card\" content=\"summary_large_image\" \/>\n<meta name=\"twitter:label1\" content=\"Disponibilit\u00e9\" \/>\n\t<meta name=\"twitter:data1\" content=\"En stock\" \/>\n<script type=\"application\/ld+json\" class=\"yoast-schema-graph\">{\"@context\":\"https:\\\/\\\/schema.org\",\"@graph\":[{\"@type\":\"WebPage\",\"@id\":\"https:\\\/\\\/www.vetorino.com\\\/boutique\\\/product\\\/vet-hpm-dog-weight-ld\\\/\",\"url\":\"https:\\\/\\\/www.vetorino.com\\\/boutique\\\/product\\\/vet-hpm-dog-weight-ld\\\/\",\"name\":\"Veterinary HPM (Virbac) W1 - Weight Loss &amp; Diabetes Dog Virbac - V\u00e9torino\",\"isPartOf\":{\"@id\":\"https:\\\/\\\/www.vetorino.com\\\/boutique\\\/#website\"},\"primaryImageOfPage\":{\"@id\":\"https:\\\/\\\/www.vetorino.com\\\/boutique\\\/product\\\/vet-hpm-dog-weight-ld\\\/#primaryimage\"},\"image\":{\"@id\":\"https:\\\/\\\/www.vetorino.com\\\/boutique\\\/product\\\/vet-hpm-dog-weight-ld\\\/#primaryimage\"},\"thumbnailUrl\":\"https:\\\/\\\/www.vetorino.com\\\/boutique\\\/wp-content\\\/uploads\\\/2020\\\/03\\\/w1-weight-loss-diabetes-dog.jpg\",\"datePublished\":\"2020-03-04T21:55:13+00:00\",\"dateModified\":\"2025-11-05T21:51:53+00:00\",\"description\":\"L'aliment VETERINARY HMP - Weight Loss &amp; Diabetes Dog est un aliment di\u00e9t\u00e9tique et \u00e9quilibr\u00e9 pour chien con\u00e7u pour r\u00e9duire le surpoids lorsqu'il est sup\u00e9rieur \u00e0 30% et associ\u00e9 ou non \u00e0 du diab\u00e8te. Il vise \u00e0 r\u00e9duire le poids en ciblant la masse grasse tout en \u00e9vitant la sensation de faim et en r\u00e9gulant l'apport de glucose. Utilisation\u00a0: Chien en surpoids de plus de 30% Associ\u00e9 ou non \u00e0 du diab\u00e8te\",\"breadcrumb\":{\"@id\":\"https:\\\/\\\/www.vetorino.com\\\/boutique\\\/product\\\/vet-hpm-dog-weight-ld\\\/#breadcrumb\"},\"inLanguage\":\"fr-FR\",\"potentialAction\":[{\"@type\":\"ReadAction\",\"target\":[\"https:\\\/\\\/www.vetorino.com\\\/boutique\\\/product\\\/vet-hpm-dog-weight-ld\\\/\"]}]},{\"@type\":\"ImageObject\",\"inLanguage\":\"fr-FR\",\"@id\":\"https:\\\/\\\/www.vetorino.com\\\/boutique\\\/product\\\/vet-hpm-dog-weight-ld\\\/#primaryimage\",\"url\":\"https:\\\/\\\/www.vetorino.com\\\/boutique\\\/wp-content\\\/uploads\\\/2020\\\/03\\\/w1-weight-loss-diabetes-dog.jpg\",\"contentUrl\":\"https:\\\/\\\/www.vetorino.com\\\/boutique\\\/wp-content\\\/uploads\\\/2020\\\/03\\\/w1-weight-loss-diabetes-dog.jpg\",\"width\":540,\"height\":540},{\"@type\":\"BreadcrumbList\",\"@id\":\"https:\\\/\\\/www.vetorino.com\\\/boutique\\\/product\\\/vet-hpm-dog-weight-ld\\\/#breadcrumb\",\"itemListElement\":[{\"@type\":\"ListItem\",\"position\":1,\"name\":\"Accueil\",\"item\":\"https:\\\/\\\/www.vetorino.com\\\/boutique\\\/\"},{\"@type\":\"ListItem\",\"position\":2,\"name\":\"Produits\",\"item\":\"https:\\\/\\\/www.vetorino.com\\\/boutique\\\/\"},{\"@type\":\"ListItem\",\"position\":3,\"name\":\"W1 &#8211; Weight Loss &amp; Diabetes Dog\"}]},{\"@type\":\"WebSite\",\"@id\":\"https:\\\/\\\/www.vetorino.com\\\/boutique\\\/#website\",\"url\":\"https:\\\/\\\/www.vetorino.com\\\/boutique\\\/\",\"name\":\"V\u00e9torino\",\"description\":\"\",\"publisher\":{\"@id\":\"https:\\\/\\\/www.vetorino.com\\\/boutique\\\/#organization\"},\"potentialAction\":[{\"@type\":\"SearchAction\",\"target\":{\"@type\":\"EntryPoint\",\"urlTemplate\":\"https:\\\/\\\/www.vetorino.com\\\/boutique\\\/?s={search_term_string}\"},\"query-input\":{\"@type\":\"PropertyValueSpecification\",\"valueRequired\":true,\"valueName\":\"search_term_string\"}}],\"inLanguage\":\"fr-FR\"},{\"@type\":\"Organization\",\"@id\":\"https:\\\/\\\/www.vetorino.com\\\/boutique\\\/#organization\",\"name\":\"V\u00e9torino\",\"url\":\"https:\\\/\\\/www.vetorino.com\\\/boutique\\\/\",\"logo\":{\"@type\":\"ImageObject\",\"inLanguage\":\"fr-FR\",\"@id\":\"https:\\\/\\\/www.vetorino.com\\\/boutique\\\/#\\\/schema\\\/logo\\\/image\\\/\",\"url\":\"https:\\\/\\\/www.vetorino.com\\\/boutique\\\/wp-content\\\/uploads\\\/2024\\\/10\\\/logo.jpg\",\"contentUrl\":\"https:\\\/\\\/www.vetorino.com\\\/boutique\\\/wp-content\\\/uploads\\\/2024\\\/10\\\/logo.jpg\",\"width\":1200,\"height\":610,\"caption\":\"V\u00e9torino\"},\"image\":{\"@id\":\"https:\\\/\\\/www.vetorino.com\\\/boutique\\\/#\\\/schema\\\/logo\\\/image\\\/\"},\"sameAs\":[\"https:\\\/\\\/www.facebook.com\\\/Vetorino\\\/\",\"https:\\\/\\\/www.instagram.com\\\/vetorino_off\\\/\",\"https:\\\/\\\/www.linkedin.com\\\/company\\\/vtorino\\\/\"]}]}<\/script>\n<meta property=\"product:brand\" content=\"Virbac\" \/>\n<meta property=\"og:availability\" content=\"instock\" \/>\n<meta property=\"product:availability\" content=\"instock\" \/>\n<meta property=\"product:condition\" content=\"new\" \/>\n<!-- \/ Yoast SEO plugin. -->","yoast_head_json":{"title":"Veterinary HPM (Virbac) W1 - Weight Loss &amp; Diabetes Dog Virbac - V\u00e9torino","description":"L'aliment VETERINARY HMP - Weight Loss &amp; Diabetes Dog est un aliment di\u00e9t\u00e9tique et \u00e9quilibr\u00e9 pour chien con\u00e7u pour r\u00e9duire le surpoids lorsqu'il est sup\u00e9rieur \u00e0 30% et associ\u00e9 ou non \u00e0 du diab\u00e8te. Il vise \u00e0 r\u00e9duire le poids en ciblant la masse grasse tout en \u00e9vitant la sensation de faim et en r\u00e9gulant l'apport de glucose.  Utilisation\u00a0:   Chien en surpoids de plus de 30%  Associ\u00e9 ou non \u00e0 du diab\u00e8te","robots":{"index":"noindex","follow":"nofollow"},"og_locale":"fr_FR","og_type":"article","og_title":"Veterinary HPM (Virbac) W1 - Weight Loss &amp; Diabetes Dog Virbac - V\u00e9torino","og_description":"L'aliment VETERINARY HMP - Weight Loss &amp; Diabetes Dog est un aliment di\u00e9t\u00e9tique et \u00e9quilibr\u00e9 pour chien con\u00e7u pour r\u00e9duire le surpoids lorsqu'il est sup\u00e9rieur \u00e0 30% et associ\u00e9 ou non \u00e0 du diab\u00e8te. Il vise \u00e0 r\u00e9duire le poids en ciblant la masse grasse tout en \u00e9vitant la sensation de faim et en r\u00e9gulant l'apport de glucose.  Utilisation\u00a0:   Chien en surpoids de plus de 30%  Associ\u00e9 ou non \u00e0 du diab\u00e8te","og_url":"https:\/\/www.vetorino.com\/veterinaire\/sancey-25430\/boutique\/product\/vet-hpm-dog-weight-ld\/","og_site_name":"V\u00e9torino","article_publisher":"https:\/\/www.facebook.com\/Vetorino\/","article_modified_time":"2025-11-05T21:51:53+00:00","og_image":[{"width":540,"height":540,"url":"https:\/\/www.vetorino.com\/boutique\/wp-content\/uploads\/2020\/03\/w1-weight-loss-diabetes-dog.jpg","type":"image\/jpeg"}],"twitter_card":"summary_large_image","twitter_misc":{"Disponibilit\u00e9":"En stock"},"schema":{"@context":"https:\/\/schema.org","@graph":[{"@type":"WebPage","@id":"https:\/\/www.vetorino.com\/boutique\/product\/vet-hpm-dog-weight-ld\/","url":"https:\/\/www.vetorino.com\/boutique\/product\/vet-hpm-dog-weight-ld\/","name":"Veterinary HPM (Virbac) W1 - Weight Loss &amp; Diabetes Dog Virbac - V\u00e9torino","isPartOf":{"@id":"https:\/\/www.vetorino.com\/boutique\/#website"},"primaryImageOfPage":{"@id":"https:\/\/www.vetorino.com\/boutique\/product\/vet-hpm-dog-weight-ld\/#primaryimage"},"image":{"@id":"https:\/\/www.vetorino.com\/boutique\/product\/vet-hpm-dog-weight-ld\/#primaryimage"},"thumbnailUrl":"https:\/\/www.vetorino.com\/boutique\/wp-content\/uploads\/2020\/03\/w1-weight-loss-diabetes-dog.jpg","datePublished":"2020-03-04T21:55:13+00:00","dateModified":"2025-11-05T21:51:53+00:00","description":"L'aliment VETERINARY HMP - Weight Loss &amp; Diabetes Dog est un aliment di\u00e9t\u00e9tique et \u00e9quilibr\u00e9 pour chien con\u00e7u pour r\u00e9duire le surpoids lorsqu'il est sup\u00e9rieur \u00e0 30% et associ\u00e9 ou non \u00e0 du diab\u00e8te. Il vise \u00e0 r\u00e9duire le poids en ciblant la masse grasse tout en \u00e9vitant la sensation de faim et en r\u00e9gulant l'apport de glucose. Utilisation\u00a0: Chien en surpoids de plus de 30% Associ\u00e9 ou non \u00e0 du diab\u00e8te","breadcrumb":{"@id":"https:\/\/www.vetorino.com\/boutique\/product\/vet-hpm-dog-weight-ld\/#breadcrumb"},"inLanguage":"fr-FR","potentialAction":[{"@type":"ReadAction","target":["https:\/\/www.vetorino.com\/boutique\/product\/vet-hpm-dog-weight-ld\/"]}]},{"@type":"ImageObject","inLanguage":"fr-FR","@id":"https:\/\/www.vetorino.com\/boutique\/product\/vet-hpm-dog-weight-ld\/#primaryimage","url":"https:\/\/www.vetorino.com\/boutique\/wp-content\/uploads\/2020\/03\/w1-weight-loss-diabetes-dog.jpg","contentUrl":"https:\/\/www.vetorino.com\/boutique\/wp-content\/uploads\/2020\/03\/w1-weight-loss-diabetes-dog.jpg","width":540,"height":540},{"@type":"BreadcrumbList","@id":"https:\/\/www.vetorino.com\/boutique\/product\/vet-hpm-dog-weight-ld\/#breadcrumb","itemListElement":[{"@type":"ListItem","position":1,"name":"Accueil","item":"https:\/\/www.vetorino.com\/boutique\/"},{"@type":"ListItem","position":2,"name":"Produits","item":"https:\/\/www.vetorino.com\/boutique\/"},{"@type":"ListItem","position":3,"name":"W1 &#8211; Weight Loss &amp; Diabetes Dog"}]},{"@type":"WebSite","@id":"https:\/\/www.vetorino.com\/boutique\/#website","url":"https:\/\/www.vetorino.com\/boutique\/","name":"V\u00e9torino","description":"","publisher":{"@id":"https:\/\/www.vetorino.com\/boutique\/#organization"},"potentialAction":[{"@type":"SearchAction","target":{"@type":"EntryPoint","urlTemplate":"https:\/\/www.vetorino.com\/boutique\/?s={search_term_string}"},"query-input":{"@type":"PropertyValueSpecification","valueRequired":true,"valueName":"search_term_string"}}],"inLanguage":"fr-FR"},{"@type":"Organization","@id":"https:\/\/www.vetorino.com\/boutique\/#organization","name":"V\u00e9torino","url":"https:\/\/www.vetorino.com\/boutique\/","logo":{"@type":"ImageObject","inLanguage":"fr-FR","@id":"https:\/\/www.vetorino.com\/boutique\/#\/schema\/logo\/image\/","url":"https:\/\/www.vetorino.com\/boutique\/wp-content\/uploads\/2024\/10\/logo.jpg","contentUrl":"https:\/\/www.vetorino.com\/boutique\/wp-content\/uploads\/2024\/10\/logo.jpg","width":1200,"height":610,"caption":"V\u00e9torino"},"image":{"@id":"https:\/\/www.vetorino.com\/boutique\/#\/schema\/logo\/image\/"},"sameAs":["https:\/\/www.facebook.com\/Vetorino\/","https:\/\/www.instagram.com\/vetorino_off\/","https:\/\/www.linkedin.com\/company\/vtorino\/"]}]},"product_brand":"Virbac","og_availability":"instock","product_availability":"instock","product_condition":"new"},"_links":{"self":[{"href":"https:\/\/www.vetorino.com\/veterinaire\/sancey-25430\/boutique\/wp-json\/wp\/v2\/product\/35341","targetHints":{"allow":["GET"]}}],"collection":[{"href":"https:\/\/www.vetorino.com\/veterinaire\/sancey-25430\/boutique\/wp-json\/wp\/v2\/product"}],"about":[{"href":"https:\/\/www.vetorino.com\/veterinaire\/sancey-25430\/boutique\/wp-json\/wp\/v2\/types\/product"}],"wp:featuredmedia":[{"embeddable":true,"href":"https:\/\/www.vetorino.com\/veterinaire\/sancey-25430\/boutique\/wp-json\/wp\/v2\/media\/708918"}],"wp:attachment":[{"href":"https:\/\/www.vetorino.com\/veterinaire\/sancey-25430\/boutique\/wp-json\/wp\/v2\/media?parent=35341"}],"wp:term":[{"taxonomy":"product_cat","embeddable":true,"href":"https:\/\/www.vetorino.com\/veterinaire\/sancey-25430\/boutique\/wp-json\/wp\/v2\/product_cat?post=35341"},{"taxonomy":"product_tag","embeddable":true,"href":"https:\/\/www.vetorino.com\/veterinaire\/sancey-25430\/boutique\/wp-json\/wp\/v2\/product_tag?post=35341"}],"curies":[{"name":"wp","href":"https:\/\/api.w.org\/{rel}","templated":true}]}}