{"id":36853,"date":"2020-03-04T23:10:45","date_gmt":"2020-03-04T22:10:45","guid":{"rendered":"https:\/\/www.vetorino.com\/boutique\/product\/vetcare-chien-adult-neutered-small-dog\/"},"modified":"2025-11-05T15:30:51","modified_gmt":"2025-11-05T14:30:51","slug":"vetcare-chien-adult-neutered-small-dog","status":"publish","type":"product","link":"https:\/\/www.vetorino.com\/veterinaire\/sancey-25430\/boutique\/product\/vetcare-chien-adult-neutered-small-dog\/","title":{"rendered":"Neutered Adult Small Dog"},"content":{"rendered":"<p><strong>Neutered Adult Small Dog est un aliment complet pour chien st\u00e9rilis\u00e9\u00a0avec une tendance \u00e0 l\u2019embonpoint et \u00e0 sensibilit\u00e9 bucco-dentaire.<\/strong><\/p>\n<p><strong>Utilisation :<\/strong><\/p>\n<ul>\n<li>Chien de petite race (moins de 10 kg)<\/li>\n<li>Chien st\u00e9rilis\u00e9<\/li>\n<\/ul>\n<p><strong>Bienfaits essentiels :<\/strong><\/p>\n<div class=\"tr\">\n<div class=\"atout_txt td\">\n<ul>\n<li>Aide \u00e0\u00a0<strong>maintenir un poids id\u00e9al<\/strong>\u00a0gr\u00e2ce \u00e0 une formule sati\u00e9tog\u00e8ne et r\u00e9duite en calorie.<\/li>\n<li>Du phosphate de sodium pour aider \u00e0<strong>\u00a0limiter la formation de tartre<\/strong>\u00a0en ch\u00e9latant le calcium salivaire; il potentialise ainsi l&#8217;effet m\u00e9canique de frottement des croquettes sur les dents.<\/li>\n<li>Une combinaison de prot\u00e9ines hautement digestibles, de pulpe de chicor\u00e9e et d&#8217;huile de poisson contribue \u00e0 assurer une<strong>\u00a0tol\u00e9rance digestive maximale<\/strong>.<\/li>\n<li>Le complexe synergique brevet\u00e9 d&#8217;antioxydants (vitamine C et E, taurine et lut\u00e9ine) contribue \u00e0\u00a0<strong>diminuer les aggressions cellulaires dues au stress oxydatif et aux radicaux libres<\/strong>.<\/li>\n<\/ul>\n<\/div>\n<\/div>\n","protected":false},"excerpt":{"rendered":"<p>Les croquettes premium <strong>Neutered Adult Small Dog<\/strong> apportent une alimentation compl\u00e8te pour chiens les st\u00e9rilis\u00e9s de petite race ayant une tendance \u00e0 l&#8217;embonpoint et \u00e0 sensibilit\u00e9 bucco-dentaire.<\/p>\n<p><b>Utilisation :<\/b><\/p>\n<ul>\n<li>Chien de petite race (moins de 10 kg)<\/li>\n<li>Chien st\u00e9rilis\u00e9<\/li>\n<\/ul>\n","protected":false},"featured_media":895970,"template":"","meta":[],"product_cat":[12552,12584,2698,12610],"product_tag":[],"class_list":{"0":"post-36853","1":"product","2":"type-product","3":"status-publish","4":"has-post-thumbnail","6":"product_cat-alimentation-du-chien","7":"product_cat-alimentation-premium-pour-chien","8":"product_cat-chien","9":"product_cat-hygiene-bucco-dentaire-du-chien","10":"pa_marque-royal-canin","12":"first","13":"instock","14":"taxable","15":"shipping-taxable","16":"purchasable","17":"product-type-variable"},"yoast_head":"<!-- This site is optimized with the Yoast SEO plugin v27.3 - https:\/\/yoast.com\/product\/yoast-seo-wordpress\/ -->\n<title>Vet Care Nutrition (Royal Canin) Neutered Adult Small Dog Royal Canin - V\u00e9torino<\/title>\n<meta name=\"description\" content=\"Les croquettes premium Neutered Adult Small Dog apportent une alimentation compl\u00e8te pour chiens les st\u00e9rilis\u00e9s de petite race ayant une tendance \u00e0 l&#039;embonpoint et \u00e0 sensibilit\u00e9 bucco-dentaire.  Utilisation :   Chien de petite race (moins de 10 kg)  Chien st\u00e9rilis\u00e9\" \/>\n<meta name=\"robots\" content=\"noindex, nofollow\" \/>\n<meta property=\"og:locale\" content=\"fr_FR\" \/>\n<meta property=\"og:type\" content=\"article\" \/>\n<meta property=\"og:title\" content=\"Vet Care Nutrition (Royal Canin) Neutered Adult Small Dog Royal Canin - V\u00e9torino\" \/>\n<meta property=\"og:description\" content=\"Les croquettes premium Neutered Adult Small Dog apportent une alimentation compl\u00e8te pour chiens les st\u00e9rilis\u00e9s de petite race ayant une tendance \u00e0 l&#039;embonpoint et \u00e0 sensibilit\u00e9 bucco-dentaire.  Utilisation :   Chien de petite race (moins de 10 kg)  Chien st\u00e9rilis\u00e9\" \/>\n<meta property=\"og:url\" content=\"https:\/\/www.vetorino.com\/veterinaire\/sancey-25430\/boutique\/product\/vetcare-chien-adult-neutered-small-dog\/\" \/>\n<meta property=\"og:site_name\" content=\"V\u00e9torino\" \/>\n<meta property=\"article:publisher\" content=\"https:\/\/www.facebook.com\/Vetorino\/\" \/>\n<meta property=\"article:modified_time\" content=\"2025-11-05T14:30:51+00:00\" \/>\n<meta property=\"og:image\" content=\"https:\/\/www.vetorino.com\/boutique\/wp-content\/uploads\/2020\/06\/neutered-adult-small-dog.jpg.png\" \/>\n\t<meta property=\"og:image:width\" content=\"800\" \/>\n\t<meta property=\"og:image:height\" content=\"800\" \/>\n\t<meta property=\"og:image:type\" content=\"image\/png\" \/>\n<meta name=\"twitter:card\" content=\"summary_large_image\" \/>\n<meta name=\"twitter:label1\" content=\"Disponibilit\u00e9\" \/>\n\t<meta name=\"twitter:data1\" content=\"En stock\" \/>\n<script type=\"application\/ld+json\" class=\"yoast-schema-graph\">{\"@context\":\"https:\\\/\\\/schema.org\",\"@graph\":[{\"@type\":\"WebPage\",\"@id\":\"https:\\\/\\\/www.vetorino.com\\\/veterinaire\\\/briancon-05100\\\/boutique\\\/product\\\/vetcare-chien-adult-neutered-small-dog\\\/\",\"url\":\"https:\\\/\\\/www.vetorino.com\\\/veterinaire\\\/briancon-05100\\\/boutique\\\/product\\\/vetcare-chien-adult-neutered-small-dog\\\/\",\"name\":\"Vet Care Nutrition (Royal Canin) Neutered Adult Small Dog Royal Canin - V\u00e9torino\",\"isPartOf\":{\"@id\":\"https:\\\/\\\/www.vetorino.com\\\/boutique\\\/#website\"},\"primaryImageOfPage\":{\"@id\":\"https:\\\/\\\/www.vetorino.com\\\/veterinaire\\\/briancon-05100\\\/boutique\\\/product\\\/vetcare-chien-adult-neutered-small-dog\\\/#primaryimage\"},\"image\":{\"@id\":\"https:\\\/\\\/www.vetorino.com\\\/veterinaire\\\/briancon-05100\\\/boutique\\\/product\\\/vetcare-chien-adult-neutered-small-dog\\\/#primaryimage\"},\"thumbnailUrl\":\"https:\\\/\\\/www.vetorino.com\\\/boutique\\\/wp-content\\\/uploads\\\/2020\\\/06\\\/neutered-adult-small-dog.jpg.png\",\"datePublished\":\"2020-03-04T22:10:45+00:00\",\"dateModified\":\"2025-11-05T14:30:51+00:00\",\"description\":\"Les croquettes premium Neutered Adult Small Dog apportent une alimentation compl\u00e8te pour chiens les st\u00e9rilis\u00e9s de petite race ayant une tendance \u00e0 l'embonpoint et \u00e0 sensibilit\u00e9 bucco-dentaire. Utilisation : Chien de petite race (moins de 10 kg) Chien st\u00e9rilis\u00e9\",\"breadcrumb\":{\"@id\":\"https:\\\/\\\/www.vetorino.com\\\/veterinaire\\\/briancon-05100\\\/boutique\\\/product\\\/vetcare-chien-adult-neutered-small-dog\\\/#breadcrumb\"},\"inLanguage\":\"fr-FR\",\"potentialAction\":[{\"@type\":\"ReadAction\",\"target\":[\"https:\\\/\\\/www.vetorino.com\\\/veterinaire\\\/briancon-05100\\\/boutique\\\/product\\\/vetcare-chien-adult-neutered-small-dog\\\/\"]}]},{\"@type\":\"ImageObject\",\"inLanguage\":\"fr-FR\",\"@id\":\"https:\\\/\\\/www.vetorino.com\\\/veterinaire\\\/briancon-05100\\\/boutique\\\/product\\\/vetcare-chien-adult-neutered-small-dog\\\/#primaryimage\",\"url\":\"https:\\\/\\\/www.vetorino.com\\\/boutique\\\/wp-content\\\/uploads\\\/2020\\\/06\\\/neutered-adult-small-dog.jpg.png\",\"contentUrl\":\"https:\\\/\\\/www.vetorino.com\\\/boutique\\\/wp-content\\\/uploads\\\/2020\\\/06\\\/neutered-adult-small-dog.jpg.png\",\"width\":800,\"height\":800},{\"@type\":\"BreadcrumbList\",\"@id\":\"https:\\\/\\\/www.vetorino.com\\\/veterinaire\\\/briancon-05100\\\/boutique\\\/product\\\/vetcare-chien-adult-neutered-small-dog\\\/#breadcrumb\",\"itemListElement\":[{\"@type\":\"ListItem\",\"position\":1,\"name\":\"Accueil\",\"item\":\"https:\\\/\\\/www.vetorino.com\\\/boutique\\\/\"},{\"@type\":\"ListItem\",\"position\":2,\"name\":\"Produits\",\"item\":\"https:\\\/\\\/www.vetorino.com\\\/boutique\\\/\"},{\"@type\":\"ListItem\",\"position\":3,\"name\":\"Neutered Adult Small Dog\"}]},{\"@type\":\"WebSite\",\"@id\":\"https:\\\/\\\/www.vetorino.com\\\/boutique\\\/#website\",\"url\":\"https:\\\/\\\/www.vetorino.com\\\/boutique\\\/\",\"name\":\"V\u00e9torino\",\"description\":\"\",\"publisher\":{\"@id\":\"https:\\\/\\\/www.vetorino.com\\\/boutique\\\/#organization\"},\"potentialAction\":[{\"@type\":\"SearchAction\",\"target\":{\"@type\":\"EntryPoint\",\"urlTemplate\":\"https:\\\/\\\/www.vetorino.com\\\/boutique\\\/?s={search_term_string}\"},\"query-input\":{\"@type\":\"PropertyValueSpecification\",\"valueRequired\":true,\"valueName\":\"search_term_string\"}}],\"inLanguage\":\"fr-FR\"},{\"@type\":\"Organization\",\"@id\":\"https:\\\/\\\/www.vetorino.com\\\/boutique\\\/#organization\",\"name\":\"V\u00e9torino\",\"url\":\"https:\\\/\\\/www.vetorino.com\\\/boutique\\\/\",\"logo\":{\"@type\":\"ImageObject\",\"inLanguage\":\"fr-FR\",\"@id\":\"https:\\\/\\\/www.vetorino.com\\\/boutique\\\/#\\\/schema\\\/logo\\\/image\\\/\",\"url\":\"https:\\\/\\\/www.vetorino.com\\\/boutique\\\/wp-content\\\/uploads\\\/2024\\\/10\\\/logo.jpg\",\"contentUrl\":\"https:\\\/\\\/www.vetorino.com\\\/boutique\\\/wp-content\\\/uploads\\\/2024\\\/10\\\/logo.jpg\",\"width\":1200,\"height\":610,\"caption\":\"V\u00e9torino\"},\"image\":{\"@id\":\"https:\\\/\\\/www.vetorino.com\\\/boutique\\\/#\\\/schema\\\/logo\\\/image\\\/\"},\"sameAs\":[\"https:\\\/\\\/www.facebook.com\\\/Vetorino\\\/\",\"https:\\\/\\\/www.instagram.com\\\/vetorino_off\\\/\",\"https:\\\/\\\/www.linkedin.com\\\/company\\\/vtorino\\\/\"]}]}<\/script>\n<meta property=\"product:brand\" content=\"Royal Canin\" \/>\n<meta property=\"og:availability\" content=\"instock\" \/>\n<meta property=\"product:availability\" content=\"instock\" \/>\n<meta property=\"product:condition\" content=\"new\" \/>\n<!-- \/ Yoast SEO plugin. -->","yoast_head_json":{"title":"Vet Care Nutrition (Royal Canin) Neutered Adult Small Dog Royal Canin - V\u00e9torino","description":"Les croquettes premium Neutered Adult Small Dog apportent une alimentation compl\u00e8te pour chiens les st\u00e9rilis\u00e9s de petite race ayant une tendance \u00e0 l'embonpoint et \u00e0 sensibilit\u00e9 bucco-dentaire.  Utilisation :   Chien de petite race (moins de 10 kg)  Chien st\u00e9rilis\u00e9","robots":{"index":"noindex","follow":"nofollow"},"og_locale":"fr_FR","og_type":"article","og_title":"Vet Care Nutrition (Royal Canin) Neutered Adult Small Dog Royal Canin - V\u00e9torino","og_description":"Les croquettes premium Neutered Adult Small Dog apportent une alimentation compl\u00e8te pour chiens les st\u00e9rilis\u00e9s de petite race ayant une tendance \u00e0 l'embonpoint et \u00e0 sensibilit\u00e9 bucco-dentaire.  Utilisation :   Chien de petite race (moins de 10 kg)  Chien st\u00e9rilis\u00e9","og_url":"https:\/\/www.vetorino.com\/veterinaire\/sancey-25430\/boutique\/product\/vetcare-chien-adult-neutered-small-dog\/","og_site_name":"V\u00e9torino","article_publisher":"https:\/\/www.facebook.com\/Vetorino\/","article_modified_time":"2025-11-05T14:30:51+00:00","og_image":[{"width":800,"height":800,"url":"https:\/\/www.vetorino.com\/boutique\/wp-content\/uploads\/2020\/06\/neutered-adult-small-dog.jpg.png","type":"image\/png"}],"twitter_card":"summary_large_image","twitter_misc":{"Disponibilit\u00e9":"En stock"},"schema":{"@context":"https:\/\/schema.org","@graph":[{"@type":"WebPage","@id":"https:\/\/www.vetorino.com\/veterinaire\/briancon-05100\/boutique\/product\/vetcare-chien-adult-neutered-small-dog\/","url":"https:\/\/www.vetorino.com\/veterinaire\/briancon-05100\/boutique\/product\/vetcare-chien-adult-neutered-small-dog\/","name":"Vet Care Nutrition (Royal Canin) Neutered Adult Small Dog Royal Canin - V\u00e9torino","isPartOf":{"@id":"https:\/\/www.vetorino.com\/boutique\/#website"},"primaryImageOfPage":{"@id":"https:\/\/www.vetorino.com\/veterinaire\/briancon-05100\/boutique\/product\/vetcare-chien-adult-neutered-small-dog\/#primaryimage"},"image":{"@id":"https:\/\/www.vetorino.com\/veterinaire\/briancon-05100\/boutique\/product\/vetcare-chien-adult-neutered-small-dog\/#primaryimage"},"thumbnailUrl":"https:\/\/www.vetorino.com\/boutique\/wp-content\/uploads\/2020\/06\/neutered-adult-small-dog.jpg.png","datePublished":"2020-03-04T22:10:45+00:00","dateModified":"2025-11-05T14:30:51+00:00","description":"Les croquettes premium Neutered Adult Small Dog apportent une alimentation compl\u00e8te pour chiens les st\u00e9rilis\u00e9s de petite race ayant une tendance \u00e0 l'embonpoint et \u00e0 sensibilit\u00e9 bucco-dentaire. Utilisation : Chien de petite race (moins de 10 kg) Chien st\u00e9rilis\u00e9","breadcrumb":{"@id":"https:\/\/www.vetorino.com\/veterinaire\/briancon-05100\/boutique\/product\/vetcare-chien-adult-neutered-small-dog\/#breadcrumb"},"inLanguage":"fr-FR","potentialAction":[{"@type":"ReadAction","target":["https:\/\/www.vetorino.com\/veterinaire\/briancon-05100\/boutique\/product\/vetcare-chien-adult-neutered-small-dog\/"]}]},{"@type":"ImageObject","inLanguage":"fr-FR","@id":"https:\/\/www.vetorino.com\/veterinaire\/briancon-05100\/boutique\/product\/vetcare-chien-adult-neutered-small-dog\/#primaryimage","url":"https:\/\/www.vetorino.com\/boutique\/wp-content\/uploads\/2020\/06\/neutered-adult-small-dog.jpg.png","contentUrl":"https:\/\/www.vetorino.com\/boutique\/wp-content\/uploads\/2020\/06\/neutered-adult-small-dog.jpg.png","width":800,"height":800},{"@type":"BreadcrumbList","@id":"https:\/\/www.vetorino.com\/veterinaire\/briancon-05100\/boutique\/product\/vetcare-chien-adult-neutered-small-dog\/#breadcrumb","itemListElement":[{"@type":"ListItem","position":1,"name":"Accueil","item":"https:\/\/www.vetorino.com\/boutique\/"},{"@type":"ListItem","position":2,"name":"Produits","item":"https:\/\/www.vetorino.com\/boutique\/"},{"@type":"ListItem","position":3,"name":"Neutered Adult Small Dog"}]},{"@type":"WebSite","@id":"https:\/\/www.vetorino.com\/boutique\/#website","url":"https:\/\/www.vetorino.com\/boutique\/","name":"V\u00e9torino","description":"","publisher":{"@id":"https:\/\/www.vetorino.com\/boutique\/#organization"},"potentialAction":[{"@type":"SearchAction","target":{"@type":"EntryPoint","urlTemplate":"https:\/\/www.vetorino.com\/boutique\/?s={search_term_string}"},"query-input":{"@type":"PropertyValueSpecification","valueRequired":true,"valueName":"search_term_string"}}],"inLanguage":"fr-FR"},{"@type":"Organization","@id":"https:\/\/www.vetorino.com\/boutique\/#organization","name":"V\u00e9torino","url":"https:\/\/www.vetorino.com\/boutique\/","logo":{"@type":"ImageObject","inLanguage":"fr-FR","@id":"https:\/\/www.vetorino.com\/boutique\/#\/schema\/logo\/image\/","url":"https:\/\/www.vetorino.com\/boutique\/wp-content\/uploads\/2024\/10\/logo.jpg","contentUrl":"https:\/\/www.vetorino.com\/boutique\/wp-content\/uploads\/2024\/10\/logo.jpg","width":1200,"height":610,"caption":"V\u00e9torino"},"image":{"@id":"https:\/\/www.vetorino.com\/boutique\/#\/schema\/logo\/image\/"},"sameAs":["https:\/\/www.facebook.com\/Vetorino\/","https:\/\/www.instagram.com\/vetorino_off\/","https:\/\/www.linkedin.com\/company\/vtorino\/"]}]},"product_brand":"Royal Canin","og_availability":"instock","product_availability":"instock","product_condition":"new"},"_links":{"self":[{"href":"https:\/\/www.vetorino.com\/veterinaire\/sancey-25430\/boutique\/wp-json\/wp\/v2\/product\/36853","targetHints":{"allow":["GET"]}}],"collection":[{"href":"https:\/\/www.vetorino.com\/veterinaire\/sancey-25430\/boutique\/wp-json\/wp\/v2\/product"}],"about":[{"href":"https:\/\/www.vetorino.com\/veterinaire\/sancey-25430\/boutique\/wp-json\/wp\/v2\/types\/product"}],"wp:featuredmedia":[{"embeddable":true,"href":"https:\/\/www.vetorino.com\/veterinaire\/sancey-25430\/boutique\/wp-json\/wp\/v2\/media\/895970"}],"wp:attachment":[{"href":"https:\/\/www.vetorino.com\/veterinaire\/sancey-25430\/boutique\/wp-json\/wp\/v2\/media?parent=36853"}],"wp:term":[{"taxonomy":"product_cat","embeddable":true,"href":"https:\/\/www.vetorino.com\/veterinaire\/sancey-25430\/boutique\/wp-json\/wp\/v2\/product_cat?post=36853"},{"taxonomy":"product_tag","embeddable":true,"href":"https:\/\/www.vetorino.com\/veterinaire\/sancey-25430\/boutique\/wp-json\/wp\/v2\/product_tag?post=36853"}],"curies":[{"name":"wp","href":"https:\/\/api.w.org\/{rel}","templated":true}]}}