{"id":38133,"date":"2020-03-04T23:58:43","date_gmt":"2020-03-04T22:58:43","guid":{"rendered":"https:\/\/www.vetorino.com\/boutique\/product\/preference-chien-junior-xl\/"},"modified":"2023-12-15T15:29:30","modified_gmt":"2023-12-15T14:29:30","slug":"preference-chien-junior-xl","status":"publish","type":"product","link":"https:\/\/www.vetorino.com\/veterinaire\/sancey-25430\/boutique\/product\/preference-chien-junior-xl\/","title":{"rendered":"Chien Junior XL"},"content":{"rendered":"<p><span data-sheets-root=\"1\" data-sheets-value=\"{&quot;1&quot;:2,&quot;2&quot;:&quot;* Un RPC adapt\u00e9 aux chiots de moyennes et grandes races. (RPC : Rapport Protido Calorique)\\n* De la Glucosamine et de la Chondro\u00eftine associ\u00e9es \u00e0 des omega 3 pour contribuer au bon fonctionnement du syst\u00e8me articulaire.\\n *De la vitamine E et des omega 3 qui contribuent au support de l\u2019immunit\u00e9.\\n\\nFabrication Fran\u00e7aise - Sacherie recyclable.\\n\\nProbioactiFAP\u00ae: Sant\u00e9 du Microbiote digestif\\nDes produits issus de la technologie FAP\u00ae (Facteur d\u2019Assimilation Process) et d\u2019un process exclusif, au service de la sant\u00e9 du microbiote digestif propre \u00e0 chaque animal. \\nAssociation naturelle de mol\u00e9cules probioactives (pr\u00e9 et postbiotiques), les ProbioactiFAP\u00ae agissent tout au long du tractus digestif pour pr\u00e9venir les d\u00e9s\u00e9quilibres de la flore, renforcer l\u2019int\u00e9grit\u00e9 de la paroi digestive et l\u2019immunit\u00e9.\\n\\nCroquettes forme Pastille\\nDiam\u00e8tre\u2009: 12mm +\/- 2mm\\n\u00e9paisseur\u2009: 5mm +\/- 2mm&quot;}\" data-sheets-userformat=\"{&quot;2&quot;:579,&quot;3&quot;:{&quot;1&quot;:0},&quot;4&quot;:{&quot;1&quot;:2,&quot;2&quot;:16777215},&quot;9&quot;:0,&quot;12&quot;:0}\">* Un RPC adapt\u00e9 aux chiots de moyennes et grandes races. (RPC : Rapport Protido Calorique)<br \/>\n* De la Glucosamine et de la Chondro\u00eftine associ\u00e9es \u00e0 des omega 3 pour contribuer au bon fonctionnement du syst\u00e8me articulaire.<br \/>\n*De la vitamine E et des omega 3 qui contribuent au support de l\u2019immunit\u00e9.<\/p>\n<p>Fabrication Fran\u00e7aise &#8211; Sacherie recyclable.<\/p>\n<p>ProbioactiFAP\u00ae: Sant\u00e9 du Microbiote digestif<br \/>\nDes produits issus de la technologie FAP\u00ae (Facteur d\u2019Assimilation Process) et d\u2019un process exclusif, au service de la sant\u00e9 du microbiote digestif propre \u00e0 chaque animal.<br \/>\nAssociation naturelle de mol\u00e9cules probioactives (pr\u00e9 et postbiotiques), les ProbioactiFAP\u00ae agissent tout au long du tractus digestif pour pr\u00e9venir les d\u00e9s\u00e9quilibres de la flore, renforcer l\u2019int\u00e9grit\u00e9 de la paroi digestive et l\u2019immunit\u00e9.<\/p>\n<p>Croquettes forme Pastille<br \/>\nDiam\u00e8tre\u2009: 12mm +\/- 2mm<br \/>\n\u00e9paisseur\u2009: 5mm +\/- 2mm<\/span><\/p>\n","protected":false},"excerpt":{"rendered":"<p><span data-sheets-root=\"1\" data-sheets-value=\"{&quot;1&quot;:2,&quot;2&quot;:&quot;Aliment complet pour tous les chiots de moyennes et grandes races&quot;}\" data-sheets-userformat=\"{&quot;2&quot;:579,&quot;3&quot;:{&quot;1&quot;:0},&quot;4&quot;:{&quot;1&quot;:2,&quot;2&quot;:16777215},&quot;9&quot;:0,&quot;12&quot;:0}\">Aliment complet pour tous les chiots de moyennes et grandes races<\/span><\/p>\n","protected":false},"featured_media":776108,"template":"","meta":[],"product_cat":[12552,12584,2698],"product_tag":[],"class_list":{"0":"post-38133","1":"product","2":"type-product","3":"status-publish","4":"has-post-thumbnail","6":"product_cat-alimentation-du-chien","7":"product_cat-alimentation-premium-pour-chien","8":"product_cat-chien","9":"pa_marque-preference","11":"first","12":"instock","13":"taxable","14":"shipping-taxable","15":"purchasable","16":"product-type-simple"},"yoast_head":"<!-- This site is optimized with the Yoast SEO plugin v27.3 - https:\/\/yoast.com\/product\/yoast-seo-wordpress\/ -->\n<title>Chien Junior XL Pr\u00e9f\u00e9rence - V\u00e9torino<\/title>\n<meta name=\"description\" content=\"Aliment complet pour tous les chiots de moyennes et grandes races\" \/>\n<meta name=\"robots\" content=\"noindex, nofollow\" \/>\n<meta property=\"og:locale\" content=\"fr_FR\" \/>\n<meta property=\"og:type\" content=\"article\" \/>\n<meta property=\"og:title\" content=\"Chien Junior XL Pr\u00e9f\u00e9rence - V\u00e9torino\" \/>\n<meta property=\"og:description\" content=\"Aliment complet pour tous les chiots de moyennes et grandes races\" \/>\n<meta property=\"og:url\" content=\"https:\/\/www.vetorino.com\/veterinaire\/sancey-25430\/boutique\/product\/preference-chien-junior-xl\/\" \/>\n<meta property=\"og:site_name\" content=\"V\u00e9torino\" \/>\n<meta property=\"article:publisher\" content=\"https:\/\/www.facebook.com\/Vetorino\/\" \/>\n<meta property=\"article:modified_time\" content=\"2023-12-15T14:29:30+00:00\" \/>\n<meta property=\"og:image\" content=\"https:\/\/www.vetorino.com\/boutique\/wp-content\/uploads\/2020\/03\/chien-xl-junior.webp\" \/>\n\t<meta property=\"og:image:width\" content=\"540\" \/>\n\t<meta property=\"og:image:height\" content=\"540\" \/>\n\t<meta property=\"og:image:type\" content=\"image\/webp\" \/>\n<meta name=\"twitter:card\" content=\"summary_large_image\" \/>\n<meta name=\"twitter:label1\" content=\"Prix\" \/>\n\t<meta name=\"twitter:data1\" content=\"55,41&euro;\" \/>\n\t<meta name=\"twitter:label2\" content=\"Disponibilit\u00e9\" \/>\n\t<meta name=\"twitter:data2\" content=\"En stock\" \/>\n<script type=\"application\/ld+json\" class=\"yoast-schema-graph\">{\"@context\":\"https:\\\/\\\/schema.org\",\"@graph\":[{\"@type\":\"WebPage\",\"@id\":\"https:\\\/\\\/www.vetorino.com\\\/boutique\\\/product\\\/preference-chien-junior-xl\\\/\",\"url\":\"https:\\\/\\\/www.vetorino.com\\\/boutique\\\/product\\\/preference-chien-junior-xl\\\/\",\"name\":\"Chien Junior XL Pr\u00e9f\u00e9rence - V\u00e9torino\",\"isPartOf\":{\"@id\":\"https:\\\/\\\/www.vetorino.com\\\/boutique\\\/#website\"},\"primaryImageOfPage\":{\"@id\":\"https:\\\/\\\/www.vetorino.com\\\/boutique\\\/product\\\/preference-chien-junior-xl\\\/#primaryimage\"},\"image\":{\"@id\":\"https:\\\/\\\/www.vetorino.com\\\/boutique\\\/product\\\/preference-chien-junior-xl\\\/#primaryimage\"},\"thumbnailUrl\":\"https:\\\/\\\/www.vetorino.com\\\/boutique\\\/wp-content\\\/uploads\\\/2020\\\/03\\\/chien-xl-junior.webp\",\"datePublished\":\"2020-03-04T22:58:43+00:00\",\"dateModified\":\"2023-12-15T14:29:30+00:00\",\"description\":\"Aliment complet pour tous les chiots de moyennes et grandes races\",\"breadcrumb\":{\"@id\":\"https:\\\/\\\/www.vetorino.com\\\/boutique\\\/product\\\/preference-chien-junior-xl\\\/#breadcrumb\"},\"inLanguage\":\"fr-FR\",\"potentialAction\":[{\"@type\":\"ReadAction\",\"target\":[\"https:\\\/\\\/www.vetorino.com\\\/boutique\\\/product\\\/preference-chien-junior-xl\\\/\"]}]},{\"@type\":\"ImageObject\",\"inLanguage\":\"fr-FR\",\"@id\":\"https:\\\/\\\/www.vetorino.com\\\/boutique\\\/product\\\/preference-chien-junior-xl\\\/#primaryimage\",\"url\":\"https:\\\/\\\/www.vetorino.com\\\/boutique\\\/wp-content\\\/uploads\\\/2020\\\/03\\\/chien-xl-junior.webp\",\"contentUrl\":\"https:\\\/\\\/www.vetorino.com\\\/boutique\\\/wp-content\\\/uploads\\\/2020\\\/03\\\/chien-xl-junior.webp\",\"width\":540,\"height\":540},{\"@type\":\"BreadcrumbList\",\"@id\":\"https:\\\/\\\/www.vetorino.com\\\/boutique\\\/product\\\/preference-chien-junior-xl\\\/#breadcrumb\",\"itemListElement\":[{\"@type\":\"ListItem\",\"position\":1,\"name\":\"Accueil\",\"item\":\"https:\\\/\\\/www.vetorino.com\\\/boutique\\\/\"},{\"@type\":\"ListItem\",\"position\":2,\"name\":\"Produits\",\"item\":\"https:\\\/\\\/www.vetorino.com\\\/boutique\\\/\"},{\"@type\":\"ListItem\",\"position\":3,\"name\":\"Chien Junior XL\"}]},{\"@type\":\"WebSite\",\"@id\":\"https:\\\/\\\/www.vetorino.com\\\/boutique\\\/#website\",\"url\":\"https:\\\/\\\/www.vetorino.com\\\/boutique\\\/\",\"name\":\"V\u00e9torino\",\"description\":\"\",\"publisher\":{\"@id\":\"https:\\\/\\\/www.vetorino.com\\\/boutique\\\/#organization\"},\"potentialAction\":[{\"@type\":\"SearchAction\",\"target\":{\"@type\":\"EntryPoint\",\"urlTemplate\":\"https:\\\/\\\/www.vetorino.com\\\/boutique\\\/?s={search_term_string}\"},\"query-input\":{\"@type\":\"PropertyValueSpecification\",\"valueRequired\":true,\"valueName\":\"search_term_string\"}}],\"inLanguage\":\"fr-FR\"},{\"@type\":\"Organization\",\"@id\":\"https:\\\/\\\/www.vetorino.com\\\/boutique\\\/#organization\",\"name\":\"V\u00e9torino\",\"url\":\"https:\\\/\\\/www.vetorino.com\\\/boutique\\\/\",\"logo\":{\"@type\":\"ImageObject\",\"inLanguage\":\"fr-FR\",\"@id\":\"https:\\\/\\\/www.vetorino.com\\\/boutique\\\/#\\\/schema\\\/logo\\\/image\\\/\",\"url\":\"https:\\\/\\\/www.vetorino.com\\\/boutique\\\/wp-content\\\/uploads\\\/2024\\\/10\\\/logo.jpg\",\"contentUrl\":\"https:\\\/\\\/www.vetorino.com\\\/boutique\\\/wp-content\\\/uploads\\\/2024\\\/10\\\/logo.jpg\",\"width\":1200,\"height\":610,\"caption\":\"V\u00e9torino\"},\"image\":{\"@id\":\"https:\\\/\\\/www.vetorino.com\\\/boutique\\\/#\\\/schema\\\/logo\\\/image\\\/\"},\"sameAs\":[\"https:\\\/\\\/www.facebook.com\\\/Vetorino\\\/\",\"https:\\\/\\\/www.instagram.com\\\/vetorino_off\\\/\",\"https:\\\/\\\/www.linkedin.com\\\/company\\\/vtorino\\\/\"]}]}<\/script>\n<meta property=\"product:brand\" content=\"Pr\u00e9f\u00e9rence\" \/>\n<meta property=\"product:price:amount\" content=\"55.41\" \/>\n<meta property=\"product:price:currency\" content=\"EUR\" \/>\n<meta property=\"og:availability\" content=\"instock\" \/>\n<meta property=\"product:availability\" content=\"instock\" \/>\n<meta property=\"product:retailer_item_id\" content=\"A-1845670\" \/>\n<meta property=\"product:condition\" content=\"new\" \/>\n<!-- \/ Yoast SEO plugin. -->","yoast_head_json":{"title":"Chien Junior XL Pr\u00e9f\u00e9rence - V\u00e9torino","description":"Aliment complet pour tous les chiots de moyennes et grandes races","robots":{"index":"noindex","follow":"nofollow"},"og_locale":"fr_FR","og_type":"article","og_title":"Chien Junior XL Pr\u00e9f\u00e9rence - V\u00e9torino","og_description":"Aliment complet pour tous les chiots de moyennes et grandes races","og_url":"https:\/\/www.vetorino.com\/veterinaire\/sancey-25430\/boutique\/product\/preference-chien-junior-xl\/","og_site_name":"V\u00e9torino","article_publisher":"https:\/\/www.facebook.com\/Vetorino\/","article_modified_time":"2023-12-15T14:29:30+00:00","og_image":[{"width":540,"height":540,"url":"https:\/\/www.vetorino.com\/boutique\/wp-content\/uploads\/2020\/03\/chien-xl-junior.webp","type":"image\/webp"}],"twitter_card":"summary_large_image","twitter_misc":{"Prix":"55,41&euro;","Disponibilit\u00e9":"En stock"},"schema":{"@context":"https:\/\/schema.org","@graph":[{"@type":"WebPage","@id":"https:\/\/www.vetorino.com\/boutique\/product\/preference-chien-junior-xl\/","url":"https:\/\/www.vetorino.com\/boutique\/product\/preference-chien-junior-xl\/","name":"Chien Junior XL Pr\u00e9f\u00e9rence - V\u00e9torino","isPartOf":{"@id":"https:\/\/www.vetorino.com\/boutique\/#website"},"primaryImageOfPage":{"@id":"https:\/\/www.vetorino.com\/boutique\/product\/preference-chien-junior-xl\/#primaryimage"},"image":{"@id":"https:\/\/www.vetorino.com\/boutique\/product\/preference-chien-junior-xl\/#primaryimage"},"thumbnailUrl":"https:\/\/www.vetorino.com\/boutique\/wp-content\/uploads\/2020\/03\/chien-xl-junior.webp","datePublished":"2020-03-04T22:58:43+00:00","dateModified":"2023-12-15T14:29:30+00:00","description":"Aliment complet pour tous les chiots de moyennes et grandes races","breadcrumb":{"@id":"https:\/\/www.vetorino.com\/boutique\/product\/preference-chien-junior-xl\/#breadcrumb"},"inLanguage":"fr-FR","potentialAction":[{"@type":"ReadAction","target":["https:\/\/www.vetorino.com\/boutique\/product\/preference-chien-junior-xl\/"]}]},{"@type":"ImageObject","inLanguage":"fr-FR","@id":"https:\/\/www.vetorino.com\/boutique\/product\/preference-chien-junior-xl\/#primaryimage","url":"https:\/\/www.vetorino.com\/boutique\/wp-content\/uploads\/2020\/03\/chien-xl-junior.webp","contentUrl":"https:\/\/www.vetorino.com\/boutique\/wp-content\/uploads\/2020\/03\/chien-xl-junior.webp","width":540,"height":540},{"@type":"BreadcrumbList","@id":"https:\/\/www.vetorino.com\/boutique\/product\/preference-chien-junior-xl\/#breadcrumb","itemListElement":[{"@type":"ListItem","position":1,"name":"Accueil","item":"https:\/\/www.vetorino.com\/boutique\/"},{"@type":"ListItem","position":2,"name":"Produits","item":"https:\/\/www.vetorino.com\/boutique\/"},{"@type":"ListItem","position":3,"name":"Chien Junior XL"}]},{"@type":"WebSite","@id":"https:\/\/www.vetorino.com\/boutique\/#website","url":"https:\/\/www.vetorino.com\/boutique\/","name":"V\u00e9torino","description":"","publisher":{"@id":"https:\/\/www.vetorino.com\/boutique\/#organization"},"potentialAction":[{"@type":"SearchAction","target":{"@type":"EntryPoint","urlTemplate":"https:\/\/www.vetorino.com\/boutique\/?s={search_term_string}"},"query-input":{"@type":"PropertyValueSpecification","valueRequired":true,"valueName":"search_term_string"}}],"inLanguage":"fr-FR"},{"@type":"Organization","@id":"https:\/\/www.vetorino.com\/boutique\/#organization","name":"V\u00e9torino","url":"https:\/\/www.vetorino.com\/boutique\/","logo":{"@type":"ImageObject","inLanguage":"fr-FR","@id":"https:\/\/www.vetorino.com\/boutique\/#\/schema\/logo\/image\/","url":"https:\/\/www.vetorino.com\/boutique\/wp-content\/uploads\/2024\/10\/logo.jpg","contentUrl":"https:\/\/www.vetorino.com\/boutique\/wp-content\/uploads\/2024\/10\/logo.jpg","width":1200,"height":610,"caption":"V\u00e9torino"},"image":{"@id":"https:\/\/www.vetorino.com\/boutique\/#\/schema\/logo\/image\/"},"sameAs":["https:\/\/www.facebook.com\/Vetorino\/","https:\/\/www.instagram.com\/vetorino_off\/","https:\/\/www.linkedin.com\/company\/vtorino\/"]}]},"product_brand":"Pr\u00e9f\u00e9rence","product_price_amount":"55.41","product_price_currency":"EUR","og_availability":"instock","product_availability":"instock","product_retailer_item_id":"A-1845670","product_condition":"new"},"_links":{"self":[{"href":"https:\/\/www.vetorino.com\/veterinaire\/sancey-25430\/boutique\/wp-json\/wp\/v2\/product\/38133","targetHints":{"allow":["GET"]}}],"collection":[{"href":"https:\/\/www.vetorino.com\/veterinaire\/sancey-25430\/boutique\/wp-json\/wp\/v2\/product"}],"about":[{"href":"https:\/\/www.vetorino.com\/veterinaire\/sancey-25430\/boutique\/wp-json\/wp\/v2\/types\/product"}],"wp:featuredmedia":[{"embeddable":true,"href":"https:\/\/www.vetorino.com\/veterinaire\/sancey-25430\/boutique\/wp-json\/wp\/v2\/media\/776108"}],"wp:attachment":[{"href":"https:\/\/www.vetorino.com\/veterinaire\/sancey-25430\/boutique\/wp-json\/wp\/v2\/media?parent=38133"}],"wp:term":[{"taxonomy":"product_cat","embeddable":true,"href":"https:\/\/www.vetorino.com\/veterinaire\/sancey-25430\/boutique\/wp-json\/wp\/v2\/product_cat?post=38133"},{"taxonomy":"product_tag","embeddable":true,"href":"https:\/\/www.vetorino.com\/veterinaire\/sancey-25430\/boutique\/wp-json\/wp\/v2\/product_tag?post=38133"}],"curies":[{"name":"wp","href":"https:\/\/api.w.org\/{rel}","templated":true}]}}