{"id":633610,"date":"2023-06-12T12:02:45","date_gmt":"2023-06-12T10:02:45","guid":{"rendered":"https:\/\/www.vetorino.com\/boutique\/product\/preference-chaton-2\/"},"modified":"2024-10-10T17:21:12","modified_gmt":"2024-10-10T15:21:12","slug":"preference-chaton-2","status":"publish","type":"product","link":"https:\/\/www.vetorino.com\/veterinaire\/sancey-25430\/boutique\/product\/preference-chaton-2\/","title":{"rendered":"Chaton"},"content":{"rendered":"<p><strong>Alimentation compl\u00e8te pour chatons enti\u00e8rement fabriqu\u00e9e en France avec des ingr\u00e9dients de qualit\u00e9.<\/p>\n<p><\/strong><strong>Utilisation :<\/strong><\/p>\n<ul>\n<li>Chatons \u00e0 partir du sevrage et jusqu&#8217;\u00e0 1 an.<\/li>\n<li>Convient aux chatons st\u00e9rilis\u00e9s.<\/li>\n<\/ul>\n<p><strong>Croquettes forme Pastille :<\/strong><\/p>\n<ul>\n<li>Diam\u00e8tre\u2009: 5mm (plus ou moins 2mm)<\/li>\n<li>\u00e9paisseur\u2009: 3mm (plus ou moins 2mm)<\/li>\n<\/ul>\n<p><strong>Bienfaits essentiels :<\/strong><\/p>\n<ul>\n<li>Riche en volaille : mati\u00e8res premi\u00e8res de haute valeur nutritive, app\u00e9tence renforc\u00e9e.<\/li>\n<li>Formule enrichie en DHA pour le bon d\u00e9veloppement du cerveau et des yeux.<\/li>\n<li>Un pH optimal pour le maintien d\u2019un syst\u00e8me urinaire sain.<\/li>\n<li>ProbioactiFAP\u00ae: Des produits issus de la technologie FAP\u00ae (Facteur d\u2019Assimilation Process) et d\u2019un process exclusif, au service de la sant\u00e9 du microbiote digestif propre \u00e0 chaque animal.<\/li>\n<li>Association naturelle de mol\u00e9cules probioactives (pr\u00e9 et postbiotiques), les ProbioactiFAP\u00ae agissent tout au long du tractus digestif pour pr\u00e9venir les d\u00e9s\u00e9quilibres de la flore, renforcer l\u2019int\u00e9grit\u00e9 de la paroi digestive et l\u2019immunit\u00e9.<\/li>\n<\/ul>\n","protected":false},"excerpt":{"rendered":"<p><strong>Alimentation compl\u00e8te pour chatons enti\u00e8rement fabriqu\u00e9e en France avec des ingr\u00e9dients de qualit\u00e9.<\/p>\n<p><\/strong><strong>Utilisation :<\/strong><\/p>\n<ul>\n<li>Chatons \u00e0 partir du sevrage et jusqu&#8217;\u00e0 1 an.<\/li>\n<li>Convient aux chatons st\u00e9rilis\u00e9s.<\/li>\n<\/ul>\n","protected":false},"featured_media":776179,"template":"","meta":[],"product_cat":[12551,12583,2697],"product_tag":[],"class_list":{"0":"post-633610","1":"product","2":"type-product","3":"status-publish","4":"has-post-thumbnail","6":"product_cat-alimentation-du-chat","7":"product_cat-alimentation-premium-pour-chat","8":"product_cat-chat","9":"pa_marque-preference","11":"first","12":"instock","13":"taxable","14":"shipping-taxable","15":"purchasable","16":"product-type-simple"},"yoast_head":"<!-- This site is optimized with the Yoast SEO plugin v27.3 - https:\/\/yoast.com\/product\/yoast-seo-wordpress\/ -->\n<title>Chaton Pr\u00e9f\u00e9rence - V\u00e9torino<\/title>\n<meta name=\"description\" content=\"Alimentation compl\u00e8te pour chatons enti\u00e8rement fabriqu\u00e9e en France avec des ingr\u00e9dients de qualit\u00e9.  Utilisation :   Chatons \u00e0 partir du sevrage et jusqu&#039;\u00e0 1 an.  Convient aux chatons st\u00e9rilis\u00e9s.\" \/>\n<meta name=\"robots\" content=\"noindex, nofollow\" \/>\n<meta property=\"og:locale\" content=\"fr_FR\" \/>\n<meta property=\"og:type\" content=\"article\" \/>\n<meta property=\"og:title\" content=\"Chaton Pr\u00e9f\u00e9rence - V\u00e9torino\" \/>\n<meta property=\"og:description\" content=\"Alimentation compl\u00e8te pour chatons enti\u00e8rement fabriqu\u00e9e en France avec des ingr\u00e9dients de qualit\u00e9.  Utilisation :   Chatons \u00e0 partir du sevrage et jusqu&#039;\u00e0 1 an.  Convient aux chatons st\u00e9rilis\u00e9s.\" \/>\n<meta property=\"og:url\" content=\"https:\/\/www.vetorino.com\/veterinaire\/sancey-25430\/boutique\/product\/preference-chaton-2\/\" \/>\n<meta property=\"og:site_name\" content=\"V\u00e9torino\" \/>\n<meta property=\"article:publisher\" content=\"https:\/\/www.facebook.com\/Vetorino\/\" \/>\n<meta property=\"article:modified_time\" content=\"2024-10-10T15:21:12+00:00\" \/>\n<meta property=\"og:image\" content=\"https:\/\/www.vetorino.com\/boutique\/wp-content\/uploads\/2023\/06\/chaton.webp\" \/>\n\t<meta property=\"og:image:width\" content=\"540\" \/>\n\t<meta property=\"og:image:height\" content=\"540\" \/>\n\t<meta property=\"og:image:type\" content=\"image\/webp\" \/>\n<meta name=\"twitter:card\" content=\"summary_large_image\" \/>\n<meta name=\"twitter:label1\" content=\"Prix\" \/>\n\t<meta name=\"twitter:data1\" content=\"24,21&euro;\" \/>\n\t<meta name=\"twitter:label2\" content=\"Disponibilit\u00e9\" \/>\n\t<meta name=\"twitter:data2\" content=\"En stock\" \/>\n<script type=\"application\/ld+json\" class=\"yoast-schema-graph\">{\"@context\":\"https:\\\/\\\/schema.org\",\"@graph\":[{\"@type\":\"WebPage\",\"@id\":\"https:\\\/\\\/www.vetorino.com\\\/boutique\\\/product\\\/preference-chaton-2\\\/\",\"url\":\"https:\\\/\\\/www.vetorino.com\\\/boutique\\\/product\\\/preference-chaton-2\\\/\",\"name\":\"Chaton Pr\u00e9f\u00e9rence - V\u00e9torino\",\"isPartOf\":{\"@id\":\"https:\\\/\\\/www.vetorino.com\\\/boutique\\\/#website\"},\"primaryImageOfPage\":{\"@id\":\"https:\\\/\\\/www.vetorino.com\\\/boutique\\\/product\\\/preference-chaton-2\\\/#primaryimage\"},\"image\":{\"@id\":\"https:\\\/\\\/www.vetorino.com\\\/boutique\\\/product\\\/preference-chaton-2\\\/#primaryimage\"},\"thumbnailUrl\":\"https:\\\/\\\/www.vetorino.com\\\/boutique\\\/wp-content\\\/uploads\\\/2023\\\/06\\\/chaton.webp\",\"datePublished\":\"2023-06-12T10:02:45+00:00\",\"dateModified\":\"2024-10-10T15:21:12+00:00\",\"description\":\"Alimentation compl\u00e8te pour chatons enti\u00e8rement fabriqu\u00e9e en France avec des ingr\u00e9dients de qualit\u00e9. Utilisation : Chatons \u00e0 partir du sevrage et jusqu'\u00e0 1 an. Convient aux chatons st\u00e9rilis\u00e9s.\",\"breadcrumb\":{\"@id\":\"https:\\\/\\\/www.vetorino.com\\\/boutique\\\/product\\\/preference-chaton-2\\\/#breadcrumb\"},\"inLanguage\":\"fr-FR\",\"potentialAction\":[{\"@type\":\"ReadAction\",\"target\":[\"https:\\\/\\\/www.vetorino.com\\\/boutique\\\/product\\\/preference-chaton-2\\\/\"]}]},{\"@type\":\"ImageObject\",\"inLanguage\":\"fr-FR\",\"@id\":\"https:\\\/\\\/www.vetorino.com\\\/boutique\\\/product\\\/preference-chaton-2\\\/#primaryimage\",\"url\":\"https:\\\/\\\/www.vetorino.com\\\/boutique\\\/wp-content\\\/uploads\\\/2023\\\/06\\\/chaton.webp\",\"contentUrl\":\"https:\\\/\\\/www.vetorino.com\\\/boutique\\\/wp-content\\\/uploads\\\/2023\\\/06\\\/chaton.webp\",\"width\":540,\"height\":540},{\"@type\":\"BreadcrumbList\",\"@id\":\"https:\\\/\\\/www.vetorino.com\\\/boutique\\\/product\\\/preference-chaton-2\\\/#breadcrumb\",\"itemListElement\":[{\"@type\":\"ListItem\",\"position\":1,\"name\":\"Accueil\",\"item\":\"https:\\\/\\\/www.vetorino.com\\\/boutique\\\/\"},{\"@type\":\"ListItem\",\"position\":2,\"name\":\"Produits\",\"item\":\"https:\\\/\\\/www.vetorino.com\\\/boutique\\\/\"},{\"@type\":\"ListItem\",\"position\":3,\"name\":\"Chaton\"}]},{\"@type\":\"WebSite\",\"@id\":\"https:\\\/\\\/www.vetorino.com\\\/boutique\\\/#website\",\"url\":\"https:\\\/\\\/www.vetorino.com\\\/boutique\\\/\",\"name\":\"V\u00e9torino\",\"description\":\"\",\"publisher\":{\"@id\":\"https:\\\/\\\/www.vetorino.com\\\/boutique\\\/#organization\"},\"potentialAction\":[{\"@type\":\"SearchAction\",\"target\":{\"@type\":\"EntryPoint\",\"urlTemplate\":\"https:\\\/\\\/www.vetorino.com\\\/boutique\\\/?s={search_term_string}\"},\"query-input\":{\"@type\":\"PropertyValueSpecification\",\"valueRequired\":true,\"valueName\":\"search_term_string\"}}],\"inLanguage\":\"fr-FR\"},{\"@type\":\"Organization\",\"@id\":\"https:\\\/\\\/www.vetorino.com\\\/boutique\\\/#organization\",\"name\":\"V\u00e9torino\",\"url\":\"https:\\\/\\\/www.vetorino.com\\\/boutique\\\/\",\"logo\":{\"@type\":\"ImageObject\",\"inLanguage\":\"fr-FR\",\"@id\":\"https:\\\/\\\/www.vetorino.com\\\/boutique\\\/#\\\/schema\\\/logo\\\/image\\\/\",\"url\":\"https:\\\/\\\/www.vetorino.com\\\/boutique\\\/wp-content\\\/uploads\\\/2024\\\/10\\\/logo.jpg\",\"contentUrl\":\"https:\\\/\\\/www.vetorino.com\\\/boutique\\\/wp-content\\\/uploads\\\/2024\\\/10\\\/logo.jpg\",\"width\":1200,\"height\":610,\"caption\":\"V\u00e9torino\"},\"image\":{\"@id\":\"https:\\\/\\\/www.vetorino.com\\\/boutique\\\/#\\\/schema\\\/logo\\\/image\\\/\"},\"sameAs\":[\"https:\\\/\\\/www.facebook.com\\\/Vetorino\\\/\",\"https:\\\/\\\/www.instagram.com\\\/vetorino_off\\\/\",\"https:\\\/\\\/www.linkedin.com\\\/company\\\/vtorino\\\/\"]}]}<\/script>\n<meta property=\"product:brand\" content=\"Pr\u00e9f\u00e9rence\" \/>\n<meta property=\"product:price:amount\" content=\"24.21\" \/>\n<meta property=\"product:price:currency\" content=\"EUR\" \/>\n<meta property=\"og:availability\" content=\"instock\" \/>\n<meta property=\"product:availability\" content=\"instock\" \/>\n<meta property=\"product:retailer_item_id\" content=\"A-1871500\" \/>\n<meta property=\"product:condition\" content=\"new\" \/>\n<!-- \/ Yoast SEO plugin. -->","yoast_head_json":{"title":"Chaton Pr\u00e9f\u00e9rence - V\u00e9torino","description":"Alimentation compl\u00e8te pour chatons enti\u00e8rement fabriqu\u00e9e en France avec des ingr\u00e9dients de qualit\u00e9.  Utilisation :   Chatons \u00e0 partir du sevrage et jusqu'\u00e0 1 an.  Convient aux chatons st\u00e9rilis\u00e9s.","robots":{"index":"noindex","follow":"nofollow"},"og_locale":"fr_FR","og_type":"article","og_title":"Chaton Pr\u00e9f\u00e9rence - V\u00e9torino","og_description":"Alimentation compl\u00e8te pour chatons enti\u00e8rement fabriqu\u00e9e en France avec des ingr\u00e9dients de qualit\u00e9.  Utilisation :   Chatons \u00e0 partir du sevrage et jusqu'\u00e0 1 an.  Convient aux chatons st\u00e9rilis\u00e9s.","og_url":"https:\/\/www.vetorino.com\/veterinaire\/sancey-25430\/boutique\/product\/preference-chaton-2\/","og_site_name":"V\u00e9torino","article_publisher":"https:\/\/www.facebook.com\/Vetorino\/","article_modified_time":"2024-10-10T15:21:12+00:00","og_image":[{"width":540,"height":540,"url":"https:\/\/www.vetorino.com\/boutique\/wp-content\/uploads\/2023\/06\/chaton.webp","type":"image\/webp"}],"twitter_card":"summary_large_image","twitter_misc":{"Prix":"24,21&euro;","Disponibilit\u00e9":"En stock"},"schema":{"@context":"https:\/\/schema.org","@graph":[{"@type":"WebPage","@id":"https:\/\/www.vetorino.com\/boutique\/product\/preference-chaton-2\/","url":"https:\/\/www.vetorino.com\/boutique\/product\/preference-chaton-2\/","name":"Chaton Pr\u00e9f\u00e9rence - V\u00e9torino","isPartOf":{"@id":"https:\/\/www.vetorino.com\/boutique\/#website"},"primaryImageOfPage":{"@id":"https:\/\/www.vetorino.com\/boutique\/product\/preference-chaton-2\/#primaryimage"},"image":{"@id":"https:\/\/www.vetorino.com\/boutique\/product\/preference-chaton-2\/#primaryimage"},"thumbnailUrl":"https:\/\/www.vetorino.com\/boutique\/wp-content\/uploads\/2023\/06\/chaton.webp","datePublished":"2023-06-12T10:02:45+00:00","dateModified":"2024-10-10T15:21:12+00:00","description":"Alimentation compl\u00e8te pour chatons enti\u00e8rement fabriqu\u00e9e en France avec des ingr\u00e9dients de qualit\u00e9. Utilisation : Chatons \u00e0 partir du sevrage et jusqu'\u00e0 1 an. Convient aux chatons st\u00e9rilis\u00e9s.","breadcrumb":{"@id":"https:\/\/www.vetorino.com\/boutique\/product\/preference-chaton-2\/#breadcrumb"},"inLanguage":"fr-FR","potentialAction":[{"@type":"ReadAction","target":["https:\/\/www.vetorino.com\/boutique\/product\/preference-chaton-2\/"]}]},{"@type":"ImageObject","inLanguage":"fr-FR","@id":"https:\/\/www.vetorino.com\/boutique\/product\/preference-chaton-2\/#primaryimage","url":"https:\/\/www.vetorino.com\/boutique\/wp-content\/uploads\/2023\/06\/chaton.webp","contentUrl":"https:\/\/www.vetorino.com\/boutique\/wp-content\/uploads\/2023\/06\/chaton.webp","width":540,"height":540},{"@type":"BreadcrumbList","@id":"https:\/\/www.vetorino.com\/boutique\/product\/preference-chaton-2\/#breadcrumb","itemListElement":[{"@type":"ListItem","position":1,"name":"Accueil","item":"https:\/\/www.vetorino.com\/boutique\/"},{"@type":"ListItem","position":2,"name":"Produits","item":"https:\/\/www.vetorino.com\/boutique\/"},{"@type":"ListItem","position":3,"name":"Chaton"}]},{"@type":"WebSite","@id":"https:\/\/www.vetorino.com\/boutique\/#website","url":"https:\/\/www.vetorino.com\/boutique\/","name":"V\u00e9torino","description":"","publisher":{"@id":"https:\/\/www.vetorino.com\/boutique\/#organization"},"potentialAction":[{"@type":"SearchAction","target":{"@type":"EntryPoint","urlTemplate":"https:\/\/www.vetorino.com\/boutique\/?s={search_term_string}"},"query-input":{"@type":"PropertyValueSpecification","valueRequired":true,"valueName":"search_term_string"}}],"inLanguage":"fr-FR"},{"@type":"Organization","@id":"https:\/\/www.vetorino.com\/boutique\/#organization","name":"V\u00e9torino","url":"https:\/\/www.vetorino.com\/boutique\/","logo":{"@type":"ImageObject","inLanguage":"fr-FR","@id":"https:\/\/www.vetorino.com\/boutique\/#\/schema\/logo\/image\/","url":"https:\/\/www.vetorino.com\/boutique\/wp-content\/uploads\/2024\/10\/logo.jpg","contentUrl":"https:\/\/www.vetorino.com\/boutique\/wp-content\/uploads\/2024\/10\/logo.jpg","width":1200,"height":610,"caption":"V\u00e9torino"},"image":{"@id":"https:\/\/www.vetorino.com\/boutique\/#\/schema\/logo\/image\/"},"sameAs":["https:\/\/www.facebook.com\/Vetorino\/","https:\/\/www.instagram.com\/vetorino_off\/","https:\/\/www.linkedin.com\/company\/vtorino\/"]}]},"product_brand":"Pr\u00e9f\u00e9rence","product_price_amount":"24.21","product_price_currency":"EUR","og_availability":"instock","product_availability":"instock","product_retailer_item_id":"A-1871500","product_condition":"new"},"_links":{"self":[{"href":"https:\/\/www.vetorino.com\/veterinaire\/sancey-25430\/boutique\/wp-json\/wp\/v2\/product\/633610","targetHints":{"allow":["GET"]}}],"collection":[{"href":"https:\/\/www.vetorino.com\/veterinaire\/sancey-25430\/boutique\/wp-json\/wp\/v2\/product"}],"about":[{"href":"https:\/\/www.vetorino.com\/veterinaire\/sancey-25430\/boutique\/wp-json\/wp\/v2\/types\/product"}],"wp:featuredmedia":[{"embeddable":true,"href":"https:\/\/www.vetorino.com\/veterinaire\/sancey-25430\/boutique\/wp-json\/wp\/v2\/media\/776179"}],"wp:attachment":[{"href":"https:\/\/www.vetorino.com\/veterinaire\/sancey-25430\/boutique\/wp-json\/wp\/v2\/media?parent=633610"}],"wp:term":[{"taxonomy":"product_cat","embeddable":true,"href":"https:\/\/www.vetorino.com\/veterinaire\/sancey-25430\/boutique\/wp-json\/wp\/v2\/product_cat?post=633610"},{"taxonomy":"product_tag","embeddable":true,"href":"https:\/\/www.vetorino.com\/veterinaire\/sancey-25430\/boutique\/wp-json\/wp\/v2\/product_tag?post=633610"}],"curies":[{"name":"wp","href":"https:\/\/api.w.org\/{rel}","templated":true}]}}