{"id":100343,"date":"2020-06-30T01:43:21","date_gmt":"2020-06-29T23:43:21","guid":{"rendered":"https:\/\/www.vetorino.com\/boutique\/product\/ovary-stab\/"},"modified":"2026-03-15T02:42:52","modified_gmt":"2026-03-15T01:42:52","slug":"ovary-stab","status":"publish","type":"product","link":"https:\/\/www.vetorino.com\/veterinaire\/saugues-43170\/boutique\/product\/ovary-stab\/","title":{"rendered":"Ovary Stab"},"content":{"rendered":"<p>Horse Master Ovary Stab est une solution liquide sp\u00e9cialement formul\u00e9e pour r\u00e9guler le comportement des juments pouvant \u00eatre excessif souvent caus\u00e9 par un d\u00e9r\u00e8glement du cycle ovarien. Permet \u00e0 la jument de retrouver sa bonne humeur en seulement 10 jours.<\/p>\n","protected":false},"excerpt":{"rendered":"<p><strong>Horse Master Ovary Stab<\/strong> est une solution liquide sp\u00e9cialement formul\u00e9e pour r\u00e9guler le comportement des juments pouvant \u00eatre excessif souvent caus\u00e9 par un d\u00e9r\u00e8glement du cycle ovarien. Permet \u00e0 la jument de retrouver sa bonne humeur en seulement 10 jours.<\/p>\n","protected":false},"featured_media":207527,"template":"","meta":[],"product_cat":[12547,12555,14072],"product_tag":[],"class_list":{"0":"post-100343","1":"product","2":"type-product","3":"status-publish","4":"has-post-thumbnail","6":"product_cat-cheval","7":"product_cat-comportement-du-cheval","8":"product_cat-dietetique-et-complements-alimentaires-du-cheval","9":"pa_marque-horse-master","11":"first","12":"instock","13":"taxable","14":"shipping-taxable","15":"purchasable","16":"product-type-variable"},"yoast_head":"<!-- This site is optimized with the Yoast SEO plugin v27.3 - https:\/\/yoast.com\/product\/yoast-seo-wordpress\/ -->\n<title>Ovary Stab HORSE MASTER - V\u00e9torino<\/title>\n<meta name=\"description\" content=\"Horse Master Ovary Stab est une solution liquide sp\u00e9cialement formul\u00e9e pour r\u00e9guler le comportement des juments pouvant \u00eatre excessif souvent caus\u00e9 par un d\u00e9r\u00e8glement du cycle ovarien. Permet \u00e0 la jument de retrouver sa bonne humeur en seulement 10 jours.\" \/>\n<meta name=\"robots\" content=\"noindex, nofollow\" \/>\n<meta property=\"og:locale\" content=\"fr_FR\" \/>\n<meta property=\"og:type\" content=\"article\" \/>\n<meta property=\"og:title\" content=\"Ovary Stab HORSE MASTER - V\u00e9torino\" \/>\n<meta property=\"og:description\" content=\"Horse Master Ovary Stab est une solution liquide sp\u00e9cialement formul\u00e9e pour r\u00e9guler le comportement des juments pouvant \u00eatre excessif souvent caus\u00e9 par un d\u00e9r\u00e8glement du cycle ovarien. Permet \u00e0 la jument de retrouver sa bonne humeur en seulement 10 jours.\" \/>\n<meta property=\"og:url\" content=\"https:\/\/www.vetorino.com\/veterinaire\/saugues-43170\/boutique\/product\/ovary-stab\/\" \/>\n<meta property=\"og:site_name\" content=\"V\u00e9torino\" \/>\n<meta property=\"article:publisher\" content=\"https:\/\/www.facebook.com\/Vetorino\/\" \/>\n<meta property=\"article:modified_time\" content=\"2026-03-15T01:42:52+00:00\" \/>\n<meta property=\"og:image\" content=\"https:\/\/www.vetorino.com\/boutique\/wp-content\/uploads\/2021\/05\/ovary-stab.jpeg\" \/>\n\t<meta property=\"og:image:width\" content=\"1000\" \/>\n\t<meta property=\"og:image:height\" content=\"1000\" \/>\n\t<meta property=\"og:image:type\" content=\"image\/jpeg\" \/>\n<meta name=\"twitter:card\" content=\"summary_large_image\" \/>\n<meta name=\"twitter:label1\" content=\"Disponibilit\u00e9\" \/>\n\t<meta name=\"twitter:data1\" content=\"En stock\" \/>\n<script type=\"application\/ld+json\" class=\"yoast-schema-graph\">{\"@context\":\"https:\\\/\\\/schema.org\",\"@graph\":[{\"@type\":\"WebPage\",\"@id\":\"https:\\\/\\\/www.vetorino.com\\\/boutique\\\/product\\\/ovary-stab\\\/\",\"url\":\"https:\\\/\\\/www.vetorino.com\\\/boutique\\\/product\\\/ovary-stab\\\/\",\"name\":\"Ovary Stab HORSE MASTER - V\u00e9torino\",\"isPartOf\":{\"@id\":\"https:\\\/\\\/www.vetorino.com\\\/boutique\\\/#website\"},\"primaryImageOfPage\":{\"@id\":\"https:\\\/\\\/www.vetorino.com\\\/boutique\\\/product\\\/ovary-stab\\\/#primaryimage\"},\"image\":{\"@id\":\"https:\\\/\\\/www.vetorino.com\\\/boutique\\\/product\\\/ovary-stab\\\/#primaryimage\"},\"thumbnailUrl\":\"https:\\\/\\\/www.vetorino.com\\\/boutique\\\/wp-content\\\/uploads\\\/2021\\\/05\\\/ovary-stab.jpeg\",\"datePublished\":\"2020-06-29T23:43:21+00:00\",\"dateModified\":\"2026-03-15T01:42:52+00:00\",\"description\":\"Horse Master Ovary Stab est une solution liquide sp\u00e9cialement formul\u00e9e pour r\u00e9guler le comportement des juments pouvant \u00eatre excessif souvent caus\u00e9 par un d\u00e9r\u00e8glement du cycle ovarien. Permet \u00e0 la jument de retrouver sa bonne humeur en seulement 10 jours.\",\"breadcrumb\":{\"@id\":\"https:\\\/\\\/www.vetorino.com\\\/boutique\\\/product\\\/ovary-stab\\\/#breadcrumb\"},\"inLanguage\":\"fr-FR\",\"potentialAction\":[{\"@type\":\"ReadAction\",\"target\":[\"https:\\\/\\\/www.vetorino.com\\\/boutique\\\/product\\\/ovary-stab\\\/\"]}]},{\"@type\":\"ImageObject\",\"inLanguage\":\"fr-FR\",\"@id\":\"https:\\\/\\\/www.vetorino.com\\\/boutique\\\/product\\\/ovary-stab\\\/#primaryimage\",\"url\":\"https:\\\/\\\/www.vetorino.com\\\/boutique\\\/wp-content\\\/uploads\\\/2021\\\/05\\\/ovary-stab.jpeg\",\"contentUrl\":\"https:\\\/\\\/www.vetorino.com\\\/boutique\\\/wp-content\\\/uploads\\\/2021\\\/05\\\/ovary-stab.jpeg\",\"width\":1000,\"height\":1000},{\"@type\":\"BreadcrumbList\",\"@id\":\"https:\\\/\\\/www.vetorino.com\\\/boutique\\\/product\\\/ovary-stab\\\/#breadcrumb\",\"itemListElement\":[{\"@type\":\"ListItem\",\"position\":1,\"name\":\"Accueil\",\"item\":\"https:\\\/\\\/www.vetorino.com\\\/boutique\\\/\"},{\"@type\":\"ListItem\",\"position\":2,\"name\":\"Produits\",\"item\":\"https:\\\/\\\/www.vetorino.com\\\/boutique\\\/\"},{\"@type\":\"ListItem\",\"position\":3,\"name\":\"Ovary Stab\"}]},{\"@type\":\"WebSite\",\"@id\":\"https:\\\/\\\/www.vetorino.com\\\/boutique\\\/#website\",\"url\":\"https:\\\/\\\/www.vetorino.com\\\/boutique\\\/\",\"name\":\"V\u00e9torino\",\"description\":\"\",\"publisher\":{\"@id\":\"https:\\\/\\\/www.vetorino.com\\\/boutique\\\/#organization\"},\"potentialAction\":[{\"@type\":\"SearchAction\",\"target\":{\"@type\":\"EntryPoint\",\"urlTemplate\":\"https:\\\/\\\/www.vetorino.com\\\/boutique\\\/?s={search_term_string}\"},\"query-input\":{\"@type\":\"PropertyValueSpecification\",\"valueRequired\":true,\"valueName\":\"search_term_string\"}}],\"inLanguage\":\"fr-FR\"},{\"@type\":\"Organization\",\"@id\":\"https:\\\/\\\/www.vetorino.com\\\/boutique\\\/#organization\",\"name\":\"V\u00e9torino\",\"url\":\"https:\\\/\\\/www.vetorino.com\\\/boutique\\\/\",\"logo\":{\"@type\":\"ImageObject\",\"inLanguage\":\"fr-FR\",\"@id\":\"https:\\\/\\\/www.vetorino.com\\\/boutique\\\/#\\\/schema\\\/logo\\\/image\\\/\",\"url\":\"https:\\\/\\\/www.vetorino.com\\\/boutique\\\/wp-content\\\/uploads\\\/2024\\\/10\\\/logo.jpg\",\"contentUrl\":\"https:\\\/\\\/www.vetorino.com\\\/boutique\\\/wp-content\\\/uploads\\\/2024\\\/10\\\/logo.jpg\",\"width\":1200,\"height\":610,\"caption\":\"V\u00e9torino\"},\"image\":{\"@id\":\"https:\\\/\\\/www.vetorino.com\\\/boutique\\\/#\\\/schema\\\/logo\\\/image\\\/\"},\"sameAs\":[\"https:\\\/\\\/www.facebook.com\\\/Vetorino\\\/\",\"https:\\\/\\\/www.instagram.com\\\/vetorino_off\\\/\",\"https:\\\/\\\/www.linkedin.com\\\/company\\\/vtorino\\\/\"]}]}<\/script>\n<meta property=\"product:brand\" content=\"HORSE MASTER\" \/>\n<meta property=\"og:availability\" content=\"instock\" \/>\n<meta property=\"product:availability\" content=\"instock\" \/>\n<meta property=\"product:condition\" content=\"new\" \/>\n<!-- \/ Yoast SEO plugin. -->","yoast_head_json":{"title":"Ovary Stab HORSE MASTER - V\u00e9torino","description":"Horse Master Ovary Stab est une solution liquide sp\u00e9cialement formul\u00e9e pour r\u00e9guler le comportement des juments pouvant \u00eatre excessif souvent caus\u00e9 par un d\u00e9r\u00e8glement du cycle ovarien. Permet \u00e0 la jument de retrouver sa bonne humeur en seulement 10 jours.","robots":{"index":"noindex","follow":"nofollow"},"og_locale":"fr_FR","og_type":"article","og_title":"Ovary Stab HORSE MASTER - V\u00e9torino","og_description":"Horse Master Ovary Stab est une solution liquide sp\u00e9cialement formul\u00e9e pour r\u00e9guler le comportement des juments pouvant \u00eatre excessif souvent caus\u00e9 par un d\u00e9r\u00e8glement du cycle ovarien. Permet \u00e0 la jument de retrouver sa bonne humeur en seulement 10 jours.","og_url":"https:\/\/www.vetorino.com\/veterinaire\/saugues-43170\/boutique\/product\/ovary-stab\/","og_site_name":"V\u00e9torino","article_publisher":"https:\/\/www.facebook.com\/Vetorino\/","article_modified_time":"2026-03-15T01:42:52+00:00","og_image":[{"width":1000,"height":1000,"url":"https:\/\/www.vetorino.com\/boutique\/wp-content\/uploads\/2021\/05\/ovary-stab.jpeg","type":"image\/jpeg"}],"twitter_card":"summary_large_image","twitter_misc":{"Disponibilit\u00e9":"En stock"},"schema":{"@context":"https:\/\/schema.org","@graph":[{"@type":"WebPage","@id":"https:\/\/www.vetorino.com\/boutique\/product\/ovary-stab\/","url":"https:\/\/www.vetorino.com\/boutique\/product\/ovary-stab\/","name":"Ovary Stab HORSE MASTER - V\u00e9torino","isPartOf":{"@id":"https:\/\/www.vetorino.com\/boutique\/#website"},"primaryImageOfPage":{"@id":"https:\/\/www.vetorino.com\/boutique\/product\/ovary-stab\/#primaryimage"},"image":{"@id":"https:\/\/www.vetorino.com\/boutique\/product\/ovary-stab\/#primaryimage"},"thumbnailUrl":"https:\/\/www.vetorino.com\/boutique\/wp-content\/uploads\/2021\/05\/ovary-stab.jpeg","datePublished":"2020-06-29T23:43:21+00:00","dateModified":"2026-03-15T01:42:52+00:00","description":"Horse Master Ovary Stab est une solution liquide sp\u00e9cialement formul\u00e9e pour r\u00e9guler le comportement des juments pouvant \u00eatre excessif souvent caus\u00e9 par un d\u00e9r\u00e8glement du cycle ovarien. Permet \u00e0 la jument de retrouver sa bonne humeur en seulement 10 jours.","breadcrumb":{"@id":"https:\/\/www.vetorino.com\/boutique\/product\/ovary-stab\/#breadcrumb"},"inLanguage":"fr-FR","potentialAction":[{"@type":"ReadAction","target":["https:\/\/www.vetorino.com\/boutique\/product\/ovary-stab\/"]}]},{"@type":"ImageObject","inLanguage":"fr-FR","@id":"https:\/\/www.vetorino.com\/boutique\/product\/ovary-stab\/#primaryimage","url":"https:\/\/www.vetorino.com\/boutique\/wp-content\/uploads\/2021\/05\/ovary-stab.jpeg","contentUrl":"https:\/\/www.vetorino.com\/boutique\/wp-content\/uploads\/2021\/05\/ovary-stab.jpeg","width":1000,"height":1000},{"@type":"BreadcrumbList","@id":"https:\/\/www.vetorino.com\/boutique\/product\/ovary-stab\/#breadcrumb","itemListElement":[{"@type":"ListItem","position":1,"name":"Accueil","item":"https:\/\/www.vetorino.com\/boutique\/"},{"@type":"ListItem","position":2,"name":"Produits","item":"https:\/\/www.vetorino.com\/boutique\/"},{"@type":"ListItem","position":3,"name":"Ovary Stab"}]},{"@type":"WebSite","@id":"https:\/\/www.vetorino.com\/boutique\/#website","url":"https:\/\/www.vetorino.com\/boutique\/","name":"V\u00e9torino","description":"","publisher":{"@id":"https:\/\/www.vetorino.com\/boutique\/#organization"},"potentialAction":[{"@type":"SearchAction","target":{"@type":"EntryPoint","urlTemplate":"https:\/\/www.vetorino.com\/boutique\/?s={search_term_string}"},"query-input":{"@type":"PropertyValueSpecification","valueRequired":true,"valueName":"search_term_string"}}],"inLanguage":"fr-FR"},{"@type":"Organization","@id":"https:\/\/www.vetorino.com\/boutique\/#organization","name":"V\u00e9torino","url":"https:\/\/www.vetorino.com\/boutique\/","logo":{"@type":"ImageObject","inLanguage":"fr-FR","@id":"https:\/\/www.vetorino.com\/boutique\/#\/schema\/logo\/image\/","url":"https:\/\/www.vetorino.com\/boutique\/wp-content\/uploads\/2024\/10\/logo.jpg","contentUrl":"https:\/\/www.vetorino.com\/boutique\/wp-content\/uploads\/2024\/10\/logo.jpg","width":1200,"height":610,"caption":"V\u00e9torino"},"image":{"@id":"https:\/\/www.vetorino.com\/boutique\/#\/schema\/logo\/image\/"},"sameAs":["https:\/\/www.facebook.com\/Vetorino\/","https:\/\/www.instagram.com\/vetorino_off\/","https:\/\/www.linkedin.com\/company\/vtorino\/"]}]},"product_brand":"HORSE MASTER","og_availability":"instock","product_availability":"instock","product_condition":"new"},"_links":{"self":[{"href":"https:\/\/www.vetorino.com\/veterinaire\/saugues-43170\/boutique\/wp-json\/wp\/v2\/product\/100343","targetHints":{"allow":["GET"]}}],"collection":[{"href":"https:\/\/www.vetorino.com\/veterinaire\/saugues-43170\/boutique\/wp-json\/wp\/v2\/product"}],"about":[{"href":"https:\/\/www.vetorino.com\/veterinaire\/saugues-43170\/boutique\/wp-json\/wp\/v2\/types\/product"}],"wp:featuredmedia":[{"embeddable":true,"href":"https:\/\/www.vetorino.com\/veterinaire\/saugues-43170\/boutique\/wp-json\/wp\/v2\/media\/207527"}],"wp:attachment":[{"href":"https:\/\/www.vetorino.com\/veterinaire\/saugues-43170\/boutique\/wp-json\/wp\/v2\/media?parent=100343"}],"wp:term":[{"taxonomy":"product_cat","embeddable":true,"href":"https:\/\/www.vetorino.com\/veterinaire\/saugues-43170\/boutique\/wp-json\/wp\/v2\/product_cat?post=100343"},{"taxonomy":"product_tag","embeddable":true,"href":"https:\/\/www.vetorino.com\/veterinaire\/saugues-43170\/boutique\/wp-json\/wp\/v2\/product_tag?post=100343"}],"curies":[{"name":"wp","href":"https:\/\/api.w.org\/{rel}","templated":true}]}}