{"id":1715603,"date":"2026-02-23T10:37:19","date_gmt":"2026-02-23T09:37:19","guid":{"rendered":"https:\/\/www.vetorino.com\/boutique\/product\/chien-adult-small-mini-mousse-poulet-boite\/"},"modified":"2026-03-11T09:42:21","modified_gmt":"2026-03-11T08:42:21","slug":"chien-adult-small-mini-mousse-poulet-boite","status":"publish","type":"product","link":"https:\/\/www.vetorino.com\/veterinaire\/saugues-43170\/boutique\/product\/chien-adult-small-mini-mousse-poulet-boite\/","title":{"rendered":"Adult Small &#038; Mini Poulet &#8211; chien"},"content":{"rendered":"<p><strong>Hill\u2019s Science Plan Small &amp; Mini \u2013 Mousse pour Chien Adulte \u2013 Petites et Tr\u00e8s Petites Races au Poulet<\/strong>\u00a0est un aliment complet pour les chiens adultes de petite taille \u00e2g\u00e9s de 1 \u00e0 6 ans.<\/p>\n<p>Il s\u2019agit d\u2019une alimentation\u00a0<strong>adapt\u00e9e aux besoins uniques de votre petit chien<\/strong>\u00a0pendant la p\u00e9riode la plus active de sa vie.<\/p>\n<p>Mousse fondante formul\u00e9e avec la bonne combinaison de prot\u00e9ines, de mati\u00e8res grasses et de glucides pour leur donner l\u2019\u00e9nergie dont ils ont besoin. Un puissant m\u00e9lange d\u2019antioxydants pour\u00a0<strong>soutenir le syst\u00e8me immunitaire.<\/strong><\/p>\n<p>Des<strong>\u00a0ingr\u00e9dients faciles \u00e0 dig\u00e9rer\u00a0<\/strong>pour une digestion saine.<\/p>\n","protected":false},"excerpt":{"rendered":"<p><strong>Mousse fondante<\/strong> et savoureuse au poulet pour<strong>\u00a0les chiens adultes de petite taille.<\/strong><\/p>\n<p><strong>Renforce le syst\u00e8me immunitaire<\/strong>\u00a0et\u00a0<strong>favorise la digestion.<\/strong><\/p>\n<p>Formul\u00e9e avec la bonne combinaison de prot\u00e9ines, de mati\u00e8res grasses et de glucides pour leur donner l\u2019\u00e9nergie dont ils ont besoin.<\/p>\n","protected":false},"featured_media":1715630,"template":"","meta":[],"product_cat":[12552,12584,2698],"product_tag":[],"class_list":{"0":"post-1715603","1":"product","2":"type-product","3":"status-publish","4":"has-post-thumbnail","6":"product_cat-alimentation-du-chien","7":"product_cat-alimentation-premium-pour-chien","8":"product_cat-chien","9":"pa_marque-hills-pet-nutrition","11":"first","12":"instock","13":"taxable","14":"shipping-taxable","15":"purchasable","16":"product-type-simple"},"yoast_head":"<!-- This site is optimized with the Yoast SEO plugin v27.3 - https:\/\/yoast.com\/product\/yoast-seo-wordpress\/ -->\n<title>Adult Small &amp; Mini Poulet - chien Hill&#039;s - V\u00e9torino<\/title>\n<meta name=\"description\" content=\"Mousse fondante et savoureuse au poulet pour\u00a0les chiens adultes de petite taille.  Renforce le syst\u00e8me immunitaire\u00a0et\u00a0favorise la digestion.  Formul\u00e9e avec la bonne combinaison de prot\u00e9ines, de mati\u00e8res grasses et de glucides pour leur donner l\u2019\u00e9nergie dont ils ont besoin.\" \/>\n<meta name=\"robots\" content=\"noindex, nofollow\" \/>\n<meta property=\"og:locale\" content=\"fr_FR\" \/>\n<meta property=\"og:type\" content=\"article\" \/>\n<meta property=\"og:title\" content=\"Adult Small &amp; Mini Poulet - chien Hill&#039;s - V\u00e9torino\" \/>\n<meta property=\"og:description\" content=\"Mousse fondante et savoureuse au poulet pour\u00a0les chiens adultes de petite taille.  Renforce le syst\u00e8me immunitaire\u00a0et\u00a0favorise la digestion.  Formul\u00e9e avec la bonne combinaison de prot\u00e9ines, de mati\u00e8res grasses et de glucides pour leur donner l\u2019\u00e9nergie dont ils ont besoin.\" \/>\n<meta property=\"og:url\" content=\"https:\/\/www.vetorino.com\/veterinaire\/saugues-43170\/boutique\/product\/chien-adult-small-mini-mousse-poulet-boite\/\" \/>\n<meta property=\"og:site_name\" content=\"V\u00e9torino\" \/>\n<meta property=\"article:publisher\" content=\"https:\/\/www.facebook.com\/Vetorino\/\" \/>\n<meta property=\"article:modified_time\" content=\"2026-03-11T08:42:21+00:00\" \/>\n<meta property=\"og:image\" content=\"https:\/\/www.vetorino.com\/boutique\/wp-content\/uploads\/2026\/02\/adulte-mini-small-poulet-chien.jpg\" \/>\n\t<meta property=\"og:image:width\" content=\"800\" \/>\n\t<meta property=\"og:image:height\" content=\"800\" \/>\n\t<meta property=\"og:image:type\" content=\"image\/jpeg\" \/>\n<meta name=\"twitter:card\" content=\"summary_large_image\" \/>\n<meta name=\"twitter:label1\" content=\"Prix\" \/>\n\t<meta name=\"twitter:data1\" content=\"28,21&euro;\" \/>\n\t<meta name=\"twitter:label2\" content=\"Disponibilit\u00e9\" \/>\n\t<meta name=\"twitter:data2\" content=\"En stock\" \/>\n<script type=\"application\/ld+json\" class=\"yoast-schema-graph\">{\"@context\":\"https:\\\/\\\/schema.org\",\"@graph\":[{\"@type\":\"WebPage\",\"@id\":\"https:\\\/\\\/www.vetorino.com\\\/veterinaire\\\/briancon-05100\\\/boutique\\\/product\\\/chien-adult-small-mini-mousse-poulet-boite\\\/\",\"url\":\"https:\\\/\\\/www.vetorino.com\\\/veterinaire\\\/briancon-05100\\\/boutique\\\/product\\\/chien-adult-small-mini-mousse-poulet-boite\\\/\",\"name\":\"Adult Small & Mini Poulet - chien Hill's - V\u00e9torino\",\"isPartOf\":{\"@id\":\"https:\\\/\\\/www.vetorino.com\\\/boutique\\\/#website\"},\"primaryImageOfPage\":{\"@id\":\"https:\\\/\\\/www.vetorino.com\\\/veterinaire\\\/briancon-05100\\\/boutique\\\/product\\\/chien-adult-small-mini-mousse-poulet-boite\\\/#primaryimage\"},\"image\":{\"@id\":\"https:\\\/\\\/www.vetorino.com\\\/veterinaire\\\/briancon-05100\\\/boutique\\\/product\\\/chien-adult-small-mini-mousse-poulet-boite\\\/#primaryimage\"},\"thumbnailUrl\":\"https:\\\/\\\/www.vetorino.com\\\/boutique\\\/wp-content\\\/uploads\\\/2026\\\/02\\\/adulte-mini-small-poulet-chien.jpg\",\"datePublished\":\"2026-02-23T09:37:19+00:00\",\"dateModified\":\"2026-03-11T08:42:21+00:00\",\"description\":\"Mousse fondante et savoureuse au poulet pour\u00a0les chiens adultes de petite taille. Renforce le syst\u00e8me immunitaire\u00a0et\u00a0favorise la digestion. Formul\u00e9e avec la bonne combinaison de prot\u00e9ines, de mati\u00e8res grasses et de glucides pour leur donner l\u2019\u00e9nergie dont ils ont besoin.\",\"breadcrumb\":{\"@id\":\"https:\\\/\\\/www.vetorino.com\\\/veterinaire\\\/briancon-05100\\\/boutique\\\/product\\\/chien-adult-small-mini-mousse-poulet-boite\\\/#breadcrumb\"},\"inLanguage\":\"fr-FR\",\"potentialAction\":[{\"@type\":\"ReadAction\",\"target\":[\"https:\\\/\\\/www.vetorino.com\\\/veterinaire\\\/briancon-05100\\\/boutique\\\/product\\\/chien-adult-small-mini-mousse-poulet-boite\\\/\"]}]},{\"@type\":\"ImageObject\",\"inLanguage\":\"fr-FR\",\"@id\":\"https:\\\/\\\/www.vetorino.com\\\/veterinaire\\\/briancon-05100\\\/boutique\\\/product\\\/chien-adult-small-mini-mousse-poulet-boite\\\/#primaryimage\",\"url\":\"https:\\\/\\\/www.vetorino.com\\\/boutique\\\/wp-content\\\/uploads\\\/2026\\\/02\\\/adulte-mini-small-poulet-chien.jpg\",\"contentUrl\":\"https:\\\/\\\/www.vetorino.com\\\/boutique\\\/wp-content\\\/uploads\\\/2026\\\/02\\\/adulte-mini-small-poulet-chien.jpg\",\"width\":800,\"height\":800},{\"@type\":\"BreadcrumbList\",\"@id\":\"https:\\\/\\\/www.vetorino.com\\\/veterinaire\\\/briancon-05100\\\/boutique\\\/product\\\/chien-adult-small-mini-mousse-poulet-boite\\\/#breadcrumb\",\"itemListElement\":[{\"@type\":\"ListItem\",\"position\":1,\"name\":\"Accueil\",\"item\":\"https:\\\/\\\/www.vetorino.com\\\/boutique\\\/\"},{\"@type\":\"ListItem\",\"position\":2,\"name\":\"Produits\",\"item\":\"https:\\\/\\\/www.vetorino.com\\\/boutique\\\/\"},{\"@type\":\"ListItem\",\"position\":3,\"name\":\"Adult Small &#038; Mini Poulet &#8211; chien\"}]},{\"@type\":\"WebSite\",\"@id\":\"https:\\\/\\\/www.vetorino.com\\\/boutique\\\/#website\",\"url\":\"https:\\\/\\\/www.vetorino.com\\\/boutique\\\/\",\"name\":\"V\u00e9torino\",\"description\":\"\",\"publisher\":{\"@id\":\"https:\\\/\\\/www.vetorino.com\\\/boutique\\\/#organization\"},\"potentialAction\":[{\"@type\":\"SearchAction\",\"target\":{\"@type\":\"EntryPoint\",\"urlTemplate\":\"https:\\\/\\\/www.vetorino.com\\\/boutique\\\/?s={search_term_string}\"},\"query-input\":{\"@type\":\"PropertyValueSpecification\",\"valueRequired\":true,\"valueName\":\"search_term_string\"}}],\"inLanguage\":\"fr-FR\"},{\"@type\":\"Organization\",\"@id\":\"https:\\\/\\\/www.vetorino.com\\\/boutique\\\/#organization\",\"name\":\"V\u00e9torino\",\"url\":\"https:\\\/\\\/www.vetorino.com\\\/boutique\\\/\",\"logo\":{\"@type\":\"ImageObject\",\"inLanguage\":\"fr-FR\",\"@id\":\"https:\\\/\\\/www.vetorino.com\\\/boutique\\\/#\\\/schema\\\/logo\\\/image\\\/\",\"url\":\"https:\\\/\\\/www.vetorino.com\\\/boutique\\\/wp-content\\\/uploads\\\/2024\\\/10\\\/logo.jpg\",\"contentUrl\":\"https:\\\/\\\/www.vetorino.com\\\/boutique\\\/wp-content\\\/uploads\\\/2024\\\/10\\\/logo.jpg\",\"width\":1200,\"height\":610,\"caption\":\"V\u00e9torino\"},\"image\":{\"@id\":\"https:\\\/\\\/www.vetorino.com\\\/boutique\\\/#\\\/schema\\\/logo\\\/image\\\/\"},\"sameAs\":[\"https:\\\/\\\/www.facebook.com\\\/Vetorino\\\/\",\"https:\\\/\\\/www.instagram.com\\\/vetorino_off\\\/\",\"https:\\\/\\\/www.linkedin.com\\\/company\\\/vtorino\\\/\"]}]}<\/script>\n<meta property=\"product:brand\" content=\"Hill&#039;s\" \/>\n<meta property=\"product:price:amount\" content=\"28.21\" \/>\n<meta property=\"product:price:currency\" content=\"EUR\" \/>\n<meta property=\"og:availability\" content=\"instock\" \/>\n<meta property=\"product:availability\" content=\"instock\" \/>\n<meta property=\"product:retailer_item_id\" content=\"C-HCN088\" \/>\n<meta property=\"product:condition\" content=\"new\" \/>\n<!-- \/ Yoast SEO plugin. -->","yoast_head_json":{"title":"Adult Small & Mini Poulet - chien Hill's - V\u00e9torino","description":"Mousse fondante et savoureuse au poulet pour\u00a0les chiens adultes de petite taille.  Renforce le syst\u00e8me immunitaire\u00a0et\u00a0favorise la digestion.  Formul\u00e9e avec la bonne combinaison de prot\u00e9ines, de mati\u00e8res grasses et de glucides pour leur donner l\u2019\u00e9nergie dont ils ont besoin.","robots":{"index":"noindex","follow":"nofollow"},"og_locale":"fr_FR","og_type":"article","og_title":"Adult Small & Mini Poulet - chien Hill's - V\u00e9torino","og_description":"Mousse fondante et savoureuse au poulet pour\u00a0les chiens adultes de petite taille.  Renforce le syst\u00e8me immunitaire\u00a0et\u00a0favorise la digestion.  Formul\u00e9e avec la bonne combinaison de prot\u00e9ines, de mati\u00e8res grasses et de glucides pour leur donner l\u2019\u00e9nergie dont ils ont besoin.","og_url":"https:\/\/www.vetorino.com\/veterinaire\/saugues-43170\/boutique\/product\/chien-adult-small-mini-mousse-poulet-boite\/","og_site_name":"V\u00e9torino","article_publisher":"https:\/\/www.facebook.com\/Vetorino\/","article_modified_time":"2026-03-11T08:42:21+00:00","og_image":[{"width":800,"height":800,"url":"https:\/\/www.vetorino.com\/boutique\/wp-content\/uploads\/2026\/02\/adulte-mini-small-poulet-chien.jpg","type":"image\/jpeg"}],"twitter_card":"summary_large_image","twitter_misc":{"Prix":"28,21&euro;","Disponibilit\u00e9":"En stock"},"schema":{"@context":"https:\/\/schema.org","@graph":[{"@type":"WebPage","@id":"https:\/\/www.vetorino.com\/veterinaire\/briancon-05100\/boutique\/product\/chien-adult-small-mini-mousse-poulet-boite\/","url":"https:\/\/www.vetorino.com\/veterinaire\/briancon-05100\/boutique\/product\/chien-adult-small-mini-mousse-poulet-boite\/","name":"Adult Small & Mini Poulet - chien Hill's - V\u00e9torino","isPartOf":{"@id":"https:\/\/www.vetorino.com\/boutique\/#website"},"primaryImageOfPage":{"@id":"https:\/\/www.vetorino.com\/veterinaire\/briancon-05100\/boutique\/product\/chien-adult-small-mini-mousse-poulet-boite\/#primaryimage"},"image":{"@id":"https:\/\/www.vetorino.com\/veterinaire\/briancon-05100\/boutique\/product\/chien-adult-small-mini-mousse-poulet-boite\/#primaryimage"},"thumbnailUrl":"https:\/\/www.vetorino.com\/boutique\/wp-content\/uploads\/2026\/02\/adulte-mini-small-poulet-chien.jpg","datePublished":"2026-02-23T09:37:19+00:00","dateModified":"2026-03-11T08:42:21+00:00","description":"Mousse fondante et savoureuse au poulet pour\u00a0les chiens adultes de petite taille. Renforce le syst\u00e8me immunitaire\u00a0et\u00a0favorise la digestion. Formul\u00e9e avec la bonne combinaison de prot\u00e9ines, de mati\u00e8res grasses et de glucides pour leur donner l\u2019\u00e9nergie dont ils ont besoin.","breadcrumb":{"@id":"https:\/\/www.vetorino.com\/veterinaire\/briancon-05100\/boutique\/product\/chien-adult-small-mini-mousse-poulet-boite\/#breadcrumb"},"inLanguage":"fr-FR","potentialAction":[{"@type":"ReadAction","target":["https:\/\/www.vetorino.com\/veterinaire\/briancon-05100\/boutique\/product\/chien-adult-small-mini-mousse-poulet-boite\/"]}]},{"@type":"ImageObject","inLanguage":"fr-FR","@id":"https:\/\/www.vetorino.com\/veterinaire\/briancon-05100\/boutique\/product\/chien-adult-small-mini-mousse-poulet-boite\/#primaryimage","url":"https:\/\/www.vetorino.com\/boutique\/wp-content\/uploads\/2026\/02\/adulte-mini-small-poulet-chien.jpg","contentUrl":"https:\/\/www.vetorino.com\/boutique\/wp-content\/uploads\/2026\/02\/adulte-mini-small-poulet-chien.jpg","width":800,"height":800},{"@type":"BreadcrumbList","@id":"https:\/\/www.vetorino.com\/veterinaire\/briancon-05100\/boutique\/product\/chien-adult-small-mini-mousse-poulet-boite\/#breadcrumb","itemListElement":[{"@type":"ListItem","position":1,"name":"Accueil","item":"https:\/\/www.vetorino.com\/boutique\/"},{"@type":"ListItem","position":2,"name":"Produits","item":"https:\/\/www.vetorino.com\/boutique\/"},{"@type":"ListItem","position":3,"name":"Adult Small &#038; Mini Poulet &#8211; chien"}]},{"@type":"WebSite","@id":"https:\/\/www.vetorino.com\/boutique\/#website","url":"https:\/\/www.vetorino.com\/boutique\/","name":"V\u00e9torino","description":"","publisher":{"@id":"https:\/\/www.vetorino.com\/boutique\/#organization"},"potentialAction":[{"@type":"SearchAction","target":{"@type":"EntryPoint","urlTemplate":"https:\/\/www.vetorino.com\/boutique\/?s={search_term_string}"},"query-input":{"@type":"PropertyValueSpecification","valueRequired":true,"valueName":"search_term_string"}}],"inLanguage":"fr-FR"},{"@type":"Organization","@id":"https:\/\/www.vetorino.com\/boutique\/#organization","name":"V\u00e9torino","url":"https:\/\/www.vetorino.com\/boutique\/","logo":{"@type":"ImageObject","inLanguage":"fr-FR","@id":"https:\/\/www.vetorino.com\/boutique\/#\/schema\/logo\/image\/","url":"https:\/\/www.vetorino.com\/boutique\/wp-content\/uploads\/2024\/10\/logo.jpg","contentUrl":"https:\/\/www.vetorino.com\/boutique\/wp-content\/uploads\/2024\/10\/logo.jpg","width":1200,"height":610,"caption":"V\u00e9torino"},"image":{"@id":"https:\/\/www.vetorino.com\/boutique\/#\/schema\/logo\/image\/"},"sameAs":["https:\/\/www.facebook.com\/Vetorino\/","https:\/\/www.instagram.com\/vetorino_off\/","https:\/\/www.linkedin.com\/company\/vtorino\/"]}]},"product_brand":"Hill's","product_price_amount":"28.21","product_price_currency":"EUR","og_availability":"instock","product_availability":"instock","product_retailer_item_id":"C-HCN088","product_condition":"new"},"_links":{"self":[{"href":"https:\/\/www.vetorino.com\/veterinaire\/saugues-43170\/boutique\/wp-json\/wp\/v2\/product\/1715603","targetHints":{"allow":["GET"]}}],"collection":[{"href":"https:\/\/www.vetorino.com\/veterinaire\/saugues-43170\/boutique\/wp-json\/wp\/v2\/product"}],"about":[{"href":"https:\/\/www.vetorino.com\/veterinaire\/saugues-43170\/boutique\/wp-json\/wp\/v2\/types\/product"}],"wp:featuredmedia":[{"embeddable":true,"href":"https:\/\/www.vetorino.com\/veterinaire\/saugues-43170\/boutique\/wp-json\/wp\/v2\/media\/1715630"}],"wp:attachment":[{"href":"https:\/\/www.vetorino.com\/veterinaire\/saugues-43170\/boutique\/wp-json\/wp\/v2\/media?parent=1715603"}],"wp:term":[{"taxonomy":"product_cat","embeddable":true,"href":"https:\/\/www.vetorino.com\/veterinaire\/saugues-43170\/boutique\/wp-json\/wp\/v2\/product_cat?post=1715603"},{"taxonomy":"product_tag","embeddable":true,"href":"https:\/\/www.vetorino.com\/veterinaire\/saugues-43170\/boutique\/wp-json\/wp\/v2\/product_tag?post=1715603"}],"curies":[{"name":"wp","href":"https:\/\/api.w.org\/{rel}","templated":true}]}}