{"id":1747994,"date":"2026-03-16T10:48:16","date_gmt":"2026-03-16T09:48:16","guid":{"rendered":"https:\/\/www.vetorino.com\/boutique\/product\/advance-chien-snack-appetit-control-2\/"},"modified":"2026-03-16T10:55:02","modified_gmt":"2026-03-16T09:55:02","slug":"advance-chien-snack-appetit-control-2","status":"publish","type":"product","link":"https:\/\/www.vetorino.com\/veterinaire\/saugues-43170\/boutique\/product\/advance-chien-snack-appetit-control-2\/","title":{"rendered":"Snack Weight Control &#8211; chien"},"content":{"rendered":"<div class=\"tabs product-tabs visible--desktop\">\n<div id=\"tab-content\" class=\"tab-content mb-4\">\n<div id=\"description\" class=\"tab-pane fade show active\" role=\"tabpanel\">\n<div class=\"product-description\">\n<p>Aliment compl\u00e9mentaire pour chiens adultes ayant tendance \u00e0 \u00eatre en surpoids. Advance Weight Control Snack est un biscuit savoureux all\u00e9g\u00e9 en mati\u00e8res grasses et \u00e0 haute teneur en fibres, qui aide \u00e0 contr\u00f4ler le poids de votre chien. C&#8217;est le compl\u00e9ment id\u00e9al des r\u00e9gimes minceur.<\/p>\n<p><strong>Bienfaits:<\/strong><\/p>\n<ul>\n<li>Compl\u00e9ment aux plans de perte de poids<\/li>\n<li>Faible teneur en mati\u00e8res grasses (seulement 2%) pour aider \u00e0 contr\u00f4ler le poids<\/li>\n<li>Faible teneur en calories<\/li>\n<li>Teneur \u00e9lev\u00e9e en fibre<\/li>\n<li>Saveur d\u00e9licieuse<\/li>\n<\/ul>\n<p>Conserver dans un endroit frais et sec. L\u2019animal doit avoir acc\u00e8s en permanence \u00e0 de l\u2019eau propre et fra\u00eeche dans un r\u00e9cipient propre.<\/p>\n<\/div>\n<\/div>\n<\/div>\n<\/div>\n<div id=\"js-product-list-bottom\"><strong>Veuillez consulter votre v\u00e9t\u00e9rinaire avant utilisation.<\/strong><\/div>\n","protected":false},"excerpt":{"rendered":"<p><strong>Friandises all\u00e9g\u00e9es\u00a0<\/strong>pour\u00a0<strong>chiens adultes<\/strong>\u00a0sujets au\u00a0<strong>surpoids<\/strong>. Aident \u00e0 apporter un aliment plaisir en\u00a0<strong>compl\u00e9ment d&#8217;un r\u00e9gime minceur.<\/strong><\/p>\n","protected":false},"featured_media":1747996,"template":"","meta":[],"product_cat":[12552,2698,12603],"product_tag":[],"class_list":{"0":"post-1747994","1":"product","2":"type-product","3":"status-publish","4":"has-post-thumbnail","6":"product_cat-alimentation-du-chien","7":"product_cat-chien","8":"product_cat-friandises-pour-chien","9":"pa_marque-advance","11":"first","12":"instock","13":"taxable","14":"shipping-taxable","15":"purchasable","16":"product-type-simple"},"yoast_head":"<!-- This site is optimized with the Yoast SEO plugin v27.3 - https:\/\/yoast.com\/product\/yoast-seo-wordpress\/ -->\n<title>Snack Weight Control - chien Advance - V\u00e9torino<\/title>\n<meta name=\"description\" content=\"Friandises all\u00e9g\u00e9es\u00a0pour\u00a0chiens adultes\u00a0sujets au\u00a0surpoids. Aident \u00e0 apporter un aliment plaisir en\u00a0compl\u00e9ment d&#039;un r\u00e9gime minceur.\" \/>\n<meta name=\"robots\" content=\"noindex, nofollow\" \/>\n<meta property=\"og:locale\" content=\"fr_FR\" \/>\n<meta property=\"og:type\" content=\"article\" \/>\n<meta property=\"og:title\" content=\"Snack Weight Control - chien Advance - V\u00e9torino\" \/>\n<meta property=\"og:description\" content=\"Friandises all\u00e9g\u00e9es\u00a0pour\u00a0chiens adultes\u00a0sujets au\u00a0surpoids. Aident \u00e0 apporter un aliment plaisir en\u00a0compl\u00e9ment d&#039;un r\u00e9gime minceur.\" \/>\n<meta property=\"og:url\" content=\"https:\/\/www.vetorino.com\/veterinaire\/saugues-43170\/boutique\/product\/advance-chien-snack-appetit-control-2\/\" \/>\n<meta property=\"og:site_name\" content=\"V\u00e9torino\" \/>\n<meta property=\"article:publisher\" content=\"https:\/\/www.facebook.com\/Vetorino\/\" \/>\n<meta property=\"article:modified_time\" content=\"2026-03-16T09:55:02+00:00\" \/>\n<meta property=\"og:image\" content=\"https:\/\/www.vetorino.com\/boutique\/wp-content\/uploads\/2026\/03\/advance-chien-snack-weight-control-friandise-chien-1.webp\" \/>\n\t<meta property=\"og:image:width\" content=\"800\" \/>\n\t<meta property=\"og:image:height\" content=\"800\" \/>\n\t<meta property=\"og:image:type\" content=\"image\/webp\" \/>\n<meta name=\"twitter:card\" content=\"summary_large_image\" \/>\n<meta name=\"twitter:label1\" content=\"Prix\" \/>\n\t<meta name=\"twitter:data1\" content=\"5,34&euro;\" \/>\n\t<meta name=\"twitter:label2\" content=\"Disponibilit\u00e9\" \/>\n\t<meta name=\"twitter:data2\" content=\"En stock\" \/>\n<script type=\"application\/ld+json\" class=\"yoast-schema-graph\">{\"@context\":\"https:\\\/\\\/schema.org\",\"@graph\":[{\"@type\":\"WebPage\",\"@id\":\"https:\\\/\\\/www.vetorino.com\\\/veterinaire\\\/briancon-05100\\\/boutique\\\/product\\\/advance-chien-snack-appetit-control-2\\\/\",\"url\":\"https:\\\/\\\/www.vetorino.com\\\/veterinaire\\\/briancon-05100\\\/boutique\\\/product\\\/advance-chien-snack-appetit-control-2\\\/\",\"name\":\"Snack Weight Control - chien Advance - V\u00e9torino\",\"isPartOf\":{\"@id\":\"https:\\\/\\\/www.vetorino.com\\\/boutique\\\/#website\"},\"primaryImageOfPage\":{\"@id\":\"https:\\\/\\\/www.vetorino.com\\\/veterinaire\\\/briancon-05100\\\/boutique\\\/product\\\/advance-chien-snack-appetit-control-2\\\/#primaryimage\"},\"image\":{\"@id\":\"https:\\\/\\\/www.vetorino.com\\\/veterinaire\\\/briancon-05100\\\/boutique\\\/product\\\/advance-chien-snack-appetit-control-2\\\/#primaryimage\"},\"thumbnailUrl\":\"https:\\\/\\\/www.vetorino.com\\\/boutique\\\/wp-content\\\/uploads\\\/2026\\\/03\\\/advance-chien-snack-weight-control-friandise-chien-1.webp\",\"datePublished\":\"2026-03-16T09:48:16+00:00\",\"dateModified\":\"2026-03-16T09:55:02+00:00\",\"description\":\"Friandises all\u00e9g\u00e9es\u00a0pour\u00a0chiens adultes\u00a0sujets au\u00a0surpoids. Aident \u00e0 apporter un aliment plaisir en\u00a0compl\u00e9ment d'un r\u00e9gime minceur.\",\"breadcrumb\":{\"@id\":\"https:\\\/\\\/www.vetorino.com\\\/veterinaire\\\/briancon-05100\\\/boutique\\\/product\\\/advance-chien-snack-appetit-control-2\\\/#breadcrumb\"},\"inLanguage\":\"fr-FR\",\"potentialAction\":[{\"@type\":\"ReadAction\",\"target\":[\"https:\\\/\\\/www.vetorino.com\\\/veterinaire\\\/briancon-05100\\\/boutique\\\/product\\\/advance-chien-snack-appetit-control-2\\\/\"]}]},{\"@type\":\"ImageObject\",\"inLanguage\":\"fr-FR\",\"@id\":\"https:\\\/\\\/www.vetorino.com\\\/veterinaire\\\/briancon-05100\\\/boutique\\\/product\\\/advance-chien-snack-appetit-control-2\\\/#primaryimage\",\"url\":\"https:\\\/\\\/www.vetorino.com\\\/boutique\\\/wp-content\\\/uploads\\\/2026\\\/03\\\/advance-chien-snack-weight-control-friandise-chien-1.webp\",\"contentUrl\":\"https:\\\/\\\/www.vetorino.com\\\/boutique\\\/wp-content\\\/uploads\\\/2026\\\/03\\\/advance-chien-snack-weight-control-friandise-chien-1.webp\",\"width\":800,\"height\":800},{\"@type\":\"BreadcrumbList\",\"@id\":\"https:\\\/\\\/www.vetorino.com\\\/veterinaire\\\/briancon-05100\\\/boutique\\\/product\\\/advance-chien-snack-appetit-control-2\\\/#breadcrumb\",\"itemListElement\":[{\"@type\":\"ListItem\",\"position\":1,\"name\":\"Accueil\",\"item\":\"https:\\\/\\\/www.vetorino.com\\\/boutique\\\/\"},{\"@type\":\"ListItem\",\"position\":2,\"name\":\"Produits\",\"item\":\"https:\\\/\\\/www.vetorino.com\\\/boutique\\\/\"},{\"@type\":\"ListItem\",\"position\":3,\"name\":\"Snack Weight Control &#8211; chien\"}]},{\"@type\":\"WebSite\",\"@id\":\"https:\\\/\\\/www.vetorino.com\\\/boutique\\\/#website\",\"url\":\"https:\\\/\\\/www.vetorino.com\\\/boutique\\\/\",\"name\":\"V\u00e9torino\",\"description\":\"\",\"publisher\":{\"@id\":\"https:\\\/\\\/www.vetorino.com\\\/boutique\\\/#organization\"},\"potentialAction\":[{\"@type\":\"SearchAction\",\"target\":{\"@type\":\"EntryPoint\",\"urlTemplate\":\"https:\\\/\\\/www.vetorino.com\\\/boutique\\\/?s={search_term_string}\"},\"query-input\":{\"@type\":\"PropertyValueSpecification\",\"valueRequired\":true,\"valueName\":\"search_term_string\"}}],\"inLanguage\":\"fr-FR\"},{\"@type\":\"Organization\",\"@id\":\"https:\\\/\\\/www.vetorino.com\\\/boutique\\\/#organization\",\"name\":\"V\u00e9torino\",\"url\":\"https:\\\/\\\/www.vetorino.com\\\/boutique\\\/\",\"logo\":{\"@type\":\"ImageObject\",\"inLanguage\":\"fr-FR\",\"@id\":\"https:\\\/\\\/www.vetorino.com\\\/boutique\\\/#\\\/schema\\\/logo\\\/image\\\/\",\"url\":\"https:\\\/\\\/www.vetorino.com\\\/boutique\\\/wp-content\\\/uploads\\\/2024\\\/10\\\/logo.jpg\",\"contentUrl\":\"https:\\\/\\\/www.vetorino.com\\\/boutique\\\/wp-content\\\/uploads\\\/2024\\\/10\\\/logo.jpg\",\"width\":1200,\"height\":610,\"caption\":\"V\u00e9torino\"},\"image\":{\"@id\":\"https:\\\/\\\/www.vetorino.com\\\/boutique\\\/#\\\/schema\\\/logo\\\/image\\\/\"},\"sameAs\":[\"https:\\\/\\\/www.facebook.com\\\/Vetorino\\\/\",\"https:\\\/\\\/www.instagram.com\\\/vetorino_off\\\/\",\"https:\\\/\\\/www.linkedin.com\\\/company\\\/vtorino\\\/\"]}]}<\/script>\n<meta property=\"product:brand\" content=\"Advance\" \/>\n<meta property=\"product:price:amount\" content=\"5.34\" \/>\n<meta property=\"product:price:currency\" content=\"EUR\" \/>\n<meta property=\"og:availability\" content=\"instock\" \/>\n<meta property=\"product:availability\" content=\"instock\" \/>\n<meta property=\"product:retailer_item_id\" content=\"C-ADV148\" \/>\n<meta property=\"product:condition\" content=\"new\" \/>\n<!-- \/ Yoast SEO plugin. -->","yoast_head_json":{"title":"Snack Weight Control - chien Advance - V\u00e9torino","description":"Friandises all\u00e9g\u00e9es\u00a0pour\u00a0chiens adultes\u00a0sujets au\u00a0surpoids. Aident \u00e0 apporter un aliment plaisir en\u00a0compl\u00e9ment d'un r\u00e9gime minceur.","robots":{"index":"noindex","follow":"nofollow"},"og_locale":"fr_FR","og_type":"article","og_title":"Snack Weight Control - chien Advance - V\u00e9torino","og_description":"Friandises all\u00e9g\u00e9es\u00a0pour\u00a0chiens adultes\u00a0sujets au\u00a0surpoids. Aident \u00e0 apporter un aliment plaisir en\u00a0compl\u00e9ment d'un r\u00e9gime minceur.","og_url":"https:\/\/www.vetorino.com\/veterinaire\/saugues-43170\/boutique\/product\/advance-chien-snack-appetit-control-2\/","og_site_name":"V\u00e9torino","article_publisher":"https:\/\/www.facebook.com\/Vetorino\/","article_modified_time":"2026-03-16T09:55:02+00:00","og_image":[{"width":800,"height":800,"url":"https:\/\/www.vetorino.com\/boutique\/wp-content\/uploads\/2026\/03\/advance-chien-snack-weight-control-friandise-chien-1.webp","type":"image\/webp"}],"twitter_card":"summary_large_image","twitter_misc":{"Prix":"5,34&euro;","Disponibilit\u00e9":"En stock"},"schema":{"@context":"https:\/\/schema.org","@graph":[{"@type":"WebPage","@id":"https:\/\/www.vetorino.com\/veterinaire\/briancon-05100\/boutique\/product\/advance-chien-snack-appetit-control-2\/","url":"https:\/\/www.vetorino.com\/veterinaire\/briancon-05100\/boutique\/product\/advance-chien-snack-appetit-control-2\/","name":"Snack Weight Control - chien Advance - V\u00e9torino","isPartOf":{"@id":"https:\/\/www.vetorino.com\/boutique\/#website"},"primaryImageOfPage":{"@id":"https:\/\/www.vetorino.com\/veterinaire\/briancon-05100\/boutique\/product\/advance-chien-snack-appetit-control-2\/#primaryimage"},"image":{"@id":"https:\/\/www.vetorino.com\/veterinaire\/briancon-05100\/boutique\/product\/advance-chien-snack-appetit-control-2\/#primaryimage"},"thumbnailUrl":"https:\/\/www.vetorino.com\/boutique\/wp-content\/uploads\/2026\/03\/advance-chien-snack-weight-control-friandise-chien-1.webp","datePublished":"2026-03-16T09:48:16+00:00","dateModified":"2026-03-16T09:55:02+00:00","description":"Friandises all\u00e9g\u00e9es\u00a0pour\u00a0chiens adultes\u00a0sujets au\u00a0surpoids. Aident \u00e0 apporter un aliment plaisir en\u00a0compl\u00e9ment d'un r\u00e9gime minceur.","breadcrumb":{"@id":"https:\/\/www.vetorino.com\/veterinaire\/briancon-05100\/boutique\/product\/advance-chien-snack-appetit-control-2\/#breadcrumb"},"inLanguage":"fr-FR","potentialAction":[{"@type":"ReadAction","target":["https:\/\/www.vetorino.com\/veterinaire\/briancon-05100\/boutique\/product\/advance-chien-snack-appetit-control-2\/"]}]},{"@type":"ImageObject","inLanguage":"fr-FR","@id":"https:\/\/www.vetorino.com\/veterinaire\/briancon-05100\/boutique\/product\/advance-chien-snack-appetit-control-2\/#primaryimage","url":"https:\/\/www.vetorino.com\/boutique\/wp-content\/uploads\/2026\/03\/advance-chien-snack-weight-control-friandise-chien-1.webp","contentUrl":"https:\/\/www.vetorino.com\/boutique\/wp-content\/uploads\/2026\/03\/advance-chien-snack-weight-control-friandise-chien-1.webp","width":800,"height":800},{"@type":"BreadcrumbList","@id":"https:\/\/www.vetorino.com\/veterinaire\/briancon-05100\/boutique\/product\/advance-chien-snack-appetit-control-2\/#breadcrumb","itemListElement":[{"@type":"ListItem","position":1,"name":"Accueil","item":"https:\/\/www.vetorino.com\/boutique\/"},{"@type":"ListItem","position":2,"name":"Produits","item":"https:\/\/www.vetorino.com\/boutique\/"},{"@type":"ListItem","position":3,"name":"Snack Weight Control &#8211; chien"}]},{"@type":"WebSite","@id":"https:\/\/www.vetorino.com\/boutique\/#website","url":"https:\/\/www.vetorino.com\/boutique\/","name":"V\u00e9torino","description":"","publisher":{"@id":"https:\/\/www.vetorino.com\/boutique\/#organization"},"potentialAction":[{"@type":"SearchAction","target":{"@type":"EntryPoint","urlTemplate":"https:\/\/www.vetorino.com\/boutique\/?s={search_term_string}"},"query-input":{"@type":"PropertyValueSpecification","valueRequired":true,"valueName":"search_term_string"}}],"inLanguage":"fr-FR"},{"@type":"Organization","@id":"https:\/\/www.vetorino.com\/boutique\/#organization","name":"V\u00e9torino","url":"https:\/\/www.vetorino.com\/boutique\/","logo":{"@type":"ImageObject","inLanguage":"fr-FR","@id":"https:\/\/www.vetorino.com\/boutique\/#\/schema\/logo\/image\/","url":"https:\/\/www.vetorino.com\/boutique\/wp-content\/uploads\/2024\/10\/logo.jpg","contentUrl":"https:\/\/www.vetorino.com\/boutique\/wp-content\/uploads\/2024\/10\/logo.jpg","width":1200,"height":610,"caption":"V\u00e9torino"},"image":{"@id":"https:\/\/www.vetorino.com\/boutique\/#\/schema\/logo\/image\/"},"sameAs":["https:\/\/www.facebook.com\/Vetorino\/","https:\/\/www.instagram.com\/vetorino_off\/","https:\/\/www.linkedin.com\/company\/vtorino\/"]}]},"product_brand":"Advance","product_price_amount":"5.34","product_price_currency":"EUR","og_availability":"instock","product_availability":"instock","product_retailer_item_id":"C-ADV148","product_condition":"new"},"_links":{"self":[{"href":"https:\/\/www.vetorino.com\/veterinaire\/saugues-43170\/boutique\/wp-json\/wp\/v2\/product\/1747994","targetHints":{"allow":["GET"]}}],"collection":[{"href":"https:\/\/www.vetorino.com\/veterinaire\/saugues-43170\/boutique\/wp-json\/wp\/v2\/product"}],"about":[{"href":"https:\/\/www.vetorino.com\/veterinaire\/saugues-43170\/boutique\/wp-json\/wp\/v2\/types\/product"}],"wp:featuredmedia":[{"embeddable":true,"href":"https:\/\/www.vetorino.com\/veterinaire\/saugues-43170\/boutique\/wp-json\/wp\/v2\/media\/1747996"}],"wp:attachment":[{"href":"https:\/\/www.vetorino.com\/veterinaire\/saugues-43170\/boutique\/wp-json\/wp\/v2\/media?parent=1747994"}],"wp:term":[{"taxonomy":"product_cat","embeddable":true,"href":"https:\/\/www.vetorino.com\/veterinaire\/saugues-43170\/boutique\/wp-json\/wp\/v2\/product_cat?post=1747994"},{"taxonomy":"product_tag","embeddable":true,"href":"https:\/\/www.vetorino.com\/veterinaire\/saugues-43170\/boutique\/wp-json\/wp\/v2\/product_tag?post=1747994"}],"curies":[{"name":"wp","href":"https:\/\/api.w.org\/{rel}","templated":true}]}}