{"id":90340,"date":"2020-06-26T13:48:56","date_gmt":"2020-06-26T11:48:56","guid":{"rendered":"https:\/\/www.vetorino.com\/boutique\/product\/equistro-art-phyton\/"},"modified":"2026-03-31T09:41:15","modified_gmt":"2026-03-31T07:41:15","slug":"equistro-art-phyton","status":"publish","type":"product","link":"https:\/\/www.vetorino.com\/veterinaire\/saugues-43170\/boutique\/product\/equistro-art-phyton\/","title":{"rendered":"Equistro Art Phyton"},"content":{"rendered":"<p><strong>Vetoquinol Equistro Arphyton<\/strong> est un compl\u00e9ment alimentaire sous forme de granul\u00e9 destin\u00e9 \u00e0 stimuler la fonction articulaire chez les chevaux pour des r\u00e9sultats optimaux.<\/p>\n<p><strong>Utilisation :<\/strong><\/p>\n<ul>\n<li>Chevaux, en particulier \u00e2g\u00e9s, ayant besoin d&#8217;une mobilit\u00e9 et d&#8217;une fonction articulaires en meilleure sant\u00e9.<\/li>\n<\/ul>\n","protected":false},"excerpt":{"rendered":"<p><strong>Vetoquinol Equistro Arphyton<\/strong> est un compl\u00e9ment alimentaire sous forme de granul\u00e9 destin\u00e9 \u00e0 stimuler la fonction articulaire chez les chevaux pour des r\u00e9sultats optimaux.<\/p>\n","protected":false},"featured_media":177854,"template":"","meta":[],"product_cat":[12564,12547,14072,12566,13093,12754],"product_tag":[],"class_list":{"0":"post-90340","1":"product","2":"type-product","3":"status-publish","4":"has-post-thumbnail","6":"product_cat-locomotion-du-cheval","7":"product_cat-cheval","8":"product_cat-dietetique-et-complements-alimentaires-du-cheval","9":"product_cat-performance-du-cheval","10":"product_cat-soin-musculaire-du-cheval","11":"product_cat-soins-au-quotidien-du-cheval","12":"pa_marque-vetoquinol","14":"first","15":"instock","16":"taxable","17":"shipping-taxable","18":"purchasable","19":"product-type-variable"},"yoast_head":"<!-- This site is optimized with the Yoast SEO plugin v27.3 - https:\/\/yoast.com\/product\/yoast-seo-wordpress\/ -->\n<title>Equistro Art Phyton V\u00e9toquinol - V\u00e9torino<\/title>\n<meta name=\"description\" content=\"Vetoquinol Equistro Arphyton est un compl\u00e9ment alimentaire sous forme de granul\u00e9 destin\u00e9 \u00e0 stimuler la fonction articulaire chez les chevaux pour des r\u00e9sultats optimaux.\" \/>\n<meta name=\"robots\" content=\"noindex, nofollow\" \/>\n<meta property=\"og:locale\" content=\"fr_FR\" \/>\n<meta property=\"og:type\" content=\"article\" \/>\n<meta property=\"og:title\" content=\"Equistro Art Phyton V\u00e9toquinol - V\u00e9torino\" \/>\n<meta property=\"og:description\" content=\"Vetoquinol Equistro Arphyton est un compl\u00e9ment alimentaire sous forme de granul\u00e9 destin\u00e9 \u00e0 stimuler la fonction articulaire chez les chevaux pour des r\u00e9sultats optimaux.\" \/>\n<meta property=\"og:url\" content=\"https:\/\/www.vetorino.com\/veterinaire\/saugues-43170\/boutique\/product\/equistro-art-phyton\/\" \/>\n<meta property=\"og:site_name\" content=\"V\u00e9torino\" \/>\n<meta property=\"article:publisher\" content=\"https:\/\/www.facebook.com\/Vetorino\/\" \/>\n<meta property=\"article:modified_time\" content=\"2026-03-31T07:41:15+00:00\" \/>\n<meta property=\"og:image\" content=\"https:\/\/www.vetorino.com\/boutique\/wp-content\/uploads\/2020\/06\/equistro-art-phyton.jpg\" \/>\n\t<meta property=\"og:image:width\" content=\"555\" \/>\n\t<meta property=\"og:image:height\" content=\"555\" \/>\n\t<meta property=\"og:image:type\" content=\"image\/jpeg\" \/>\n<meta name=\"twitter:card\" content=\"summary_large_image\" \/>\n<meta name=\"twitter:label1\" content=\"Disponibilit\u00e9\" \/>\n\t<meta name=\"twitter:data1\" content=\"En stock\" \/>\n<script type=\"application\/ld+json\" class=\"yoast-schema-graph\">{\"@context\":\"https:\\\/\\\/schema.org\",\"@graph\":[{\"@type\":\"WebPage\",\"@id\":\"https:\\\/\\\/www.vetorino.com\\\/boutique\\\/product\\\/equistro-art-phyton\\\/\",\"url\":\"https:\\\/\\\/www.vetorino.com\\\/boutique\\\/product\\\/equistro-art-phyton\\\/\",\"name\":\"Equistro Art Phyton V\u00e9toquinol - V\u00e9torino\",\"isPartOf\":{\"@id\":\"https:\\\/\\\/www.vetorino.com\\\/boutique\\\/#website\"},\"primaryImageOfPage\":{\"@id\":\"https:\\\/\\\/www.vetorino.com\\\/boutique\\\/product\\\/equistro-art-phyton\\\/#primaryimage\"},\"image\":{\"@id\":\"https:\\\/\\\/www.vetorino.com\\\/boutique\\\/product\\\/equistro-art-phyton\\\/#primaryimage\"},\"thumbnailUrl\":\"https:\\\/\\\/www.vetorino.com\\\/boutique\\\/wp-content\\\/uploads\\\/2020\\\/06\\\/equistro-art-phyton.jpg\",\"datePublished\":\"2020-06-26T11:48:56+00:00\",\"dateModified\":\"2026-03-31T07:41:15+00:00\",\"description\":\"Vetoquinol Equistro Arphyton est un compl\u00e9ment alimentaire sous forme de granul\u00e9 destin\u00e9 \u00e0 stimuler la fonction articulaire chez les chevaux pour des r\u00e9sultats optimaux.\",\"breadcrumb\":{\"@id\":\"https:\\\/\\\/www.vetorino.com\\\/boutique\\\/product\\\/equistro-art-phyton\\\/#breadcrumb\"},\"inLanguage\":\"fr-FR\",\"potentialAction\":[{\"@type\":\"ReadAction\",\"target\":[\"https:\\\/\\\/www.vetorino.com\\\/boutique\\\/product\\\/equistro-art-phyton\\\/\"]}]},{\"@type\":\"ImageObject\",\"inLanguage\":\"fr-FR\",\"@id\":\"https:\\\/\\\/www.vetorino.com\\\/boutique\\\/product\\\/equistro-art-phyton\\\/#primaryimage\",\"url\":\"https:\\\/\\\/www.vetorino.com\\\/boutique\\\/wp-content\\\/uploads\\\/2020\\\/06\\\/equistro-art-phyton.jpg\",\"contentUrl\":\"https:\\\/\\\/www.vetorino.com\\\/boutique\\\/wp-content\\\/uploads\\\/2020\\\/06\\\/equistro-art-phyton.jpg\",\"width\":555,\"height\":555},{\"@type\":\"BreadcrumbList\",\"@id\":\"https:\\\/\\\/www.vetorino.com\\\/boutique\\\/product\\\/equistro-art-phyton\\\/#breadcrumb\",\"itemListElement\":[{\"@type\":\"ListItem\",\"position\":1,\"name\":\"Accueil\",\"item\":\"https:\\\/\\\/www.vetorino.com\\\/boutique\\\/\"},{\"@type\":\"ListItem\",\"position\":2,\"name\":\"Produits\",\"item\":\"https:\\\/\\\/www.vetorino.com\\\/boutique\\\/\"},{\"@type\":\"ListItem\",\"position\":3,\"name\":\"Equistro Art Phyton\"}]},{\"@type\":\"WebSite\",\"@id\":\"https:\\\/\\\/www.vetorino.com\\\/boutique\\\/#website\",\"url\":\"https:\\\/\\\/www.vetorino.com\\\/boutique\\\/\",\"name\":\"V\u00e9torino\",\"description\":\"\",\"publisher\":{\"@id\":\"https:\\\/\\\/www.vetorino.com\\\/boutique\\\/#organization\"},\"potentialAction\":[{\"@type\":\"SearchAction\",\"target\":{\"@type\":\"EntryPoint\",\"urlTemplate\":\"https:\\\/\\\/www.vetorino.com\\\/boutique\\\/?s={search_term_string}\"},\"query-input\":{\"@type\":\"PropertyValueSpecification\",\"valueRequired\":true,\"valueName\":\"search_term_string\"}}],\"inLanguage\":\"fr-FR\"},{\"@type\":\"Organization\",\"@id\":\"https:\\\/\\\/www.vetorino.com\\\/boutique\\\/#organization\",\"name\":\"V\u00e9torino\",\"url\":\"https:\\\/\\\/www.vetorino.com\\\/boutique\\\/\",\"logo\":{\"@type\":\"ImageObject\",\"inLanguage\":\"fr-FR\",\"@id\":\"https:\\\/\\\/www.vetorino.com\\\/boutique\\\/#\\\/schema\\\/logo\\\/image\\\/\",\"url\":\"https:\\\/\\\/www.vetorino.com\\\/boutique\\\/wp-content\\\/uploads\\\/2024\\\/10\\\/logo.jpg\",\"contentUrl\":\"https:\\\/\\\/www.vetorino.com\\\/boutique\\\/wp-content\\\/uploads\\\/2024\\\/10\\\/logo.jpg\",\"width\":1200,\"height\":610,\"caption\":\"V\u00e9torino\"},\"image\":{\"@id\":\"https:\\\/\\\/www.vetorino.com\\\/boutique\\\/#\\\/schema\\\/logo\\\/image\\\/\"},\"sameAs\":[\"https:\\\/\\\/www.facebook.com\\\/Vetorino\\\/\",\"https:\\\/\\\/www.instagram.com\\\/vetorino_off\\\/\",\"https:\\\/\\\/www.linkedin.com\\\/company\\\/vtorino\\\/\"]}]}<\/script>\n<meta property=\"product:brand\" content=\"V\u00e9toquinol\" \/>\n<meta property=\"og:availability\" content=\"instock\" \/>\n<meta property=\"product:availability\" content=\"instock\" \/>\n<meta property=\"product:condition\" content=\"new\" \/>\n<!-- \/ Yoast SEO plugin. -->","yoast_head_json":{"title":"Equistro Art Phyton V\u00e9toquinol - V\u00e9torino","description":"Vetoquinol Equistro Arphyton est un compl\u00e9ment alimentaire sous forme de granul\u00e9 destin\u00e9 \u00e0 stimuler la fonction articulaire chez les chevaux pour des r\u00e9sultats optimaux.","robots":{"index":"noindex","follow":"nofollow"},"og_locale":"fr_FR","og_type":"article","og_title":"Equistro Art Phyton V\u00e9toquinol - V\u00e9torino","og_description":"Vetoquinol Equistro Arphyton est un compl\u00e9ment alimentaire sous forme de granul\u00e9 destin\u00e9 \u00e0 stimuler la fonction articulaire chez les chevaux pour des r\u00e9sultats optimaux.","og_url":"https:\/\/www.vetorino.com\/veterinaire\/saugues-43170\/boutique\/product\/equistro-art-phyton\/","og_site_name":"V\u00e9torino","article_publisher":"https:\/\/www.facebook.com\/Vetorino\/","article_modified_time":"2026-03-31T07:41:15+00:00","og_image":[{"width":555,"height":555,"url":"https:\/\/www.vetorino.com\/boutique\/wp-content\/uploads\/2020\/06\/equistro-art-phyton.jpg","type":"image\/jpeg"}],"twitter_card":"summary_large_image","twitter_misc":{"Disponibilit\u00e9":"En stock"},"schema":{"@context":"https:\/\/schema.org","@graph":[{"@type":"WebPage","@id":"https:\/\/www.vetorino.com\/boutique\/product\/equistro-art-phyton\/","url":"https:\/\/www.vetorino.com\/boutique\/product\/equistro-art-phyton\/","name":"Equistro Art Phyton V\u00e9toquinol - V\u00e9torino","isPartOf":{"@id":"https:\/\/www.vetorino.com\/boutique\/#website"},"primaryImageOfPage":{"@id":"https:\/\/www.vetorino.com\/boutique\/product\/equistro-art-phyton\/#primaryimage"},"image":{"@id":"https:\/\/www.vetorino.com\/boutique\/product\/equistro-art-phyton\/#primaryimage"},"thumbnailUrl":"https:\/\/www.vetorino.com\/boutique\/wp-content\/uploads\/2020\/06\/equistro-art-phyton.jpg","datePublished":"2020-06-26T11:48:56+00:00","dateModified":"2026-03-31T07:41:15+00:00","description":"Vetoquinol Equistro Arphyton est un compl\u00e9ment alimentaire sous forme de granul\u00e9 destin\u00e9 \u00e0 stimuler la fonction articulaire chez les chevaux pour des r\u00e9sultats optimaux.","breadcrumb":{"@id":"https:\/\/www.vetorino.com\/boutique\/product\/equistro-art-phyton\/#breadcrumb"},"inLanguage":"fr-FR","potentialAction":[{"@type":"ReadAction","target":["https:\/\/www.vetorino.com\/boutique\/product\/equistro-art-phyton\/"]}]},{"@type":"ImageObject","inLanguage":"fr-FR","@id":"https:\/\/www.vetorino.com\/boutique\/product\/equistro-art-phyton\/#primaryimage","url":"https:\/\/www.vetorino.com\/boutique\/wp-content\/uploads\/2020\/06\/equistro-art-phyton.jpg","contentUrl":"https:\/\/www.vetorino.com\/boutique\/wp-content\/uploads\/2020\/06\/equistro-art-phyton.jpg","width":555,"height":555},{"@type":"BreadcrumbList","@id":"https:\/\/www.vetorino.com\/boutique\/product\/equistro-art-phyton\/#breadcrumb","itemListElement":[{"@type":"ListItem","position":1,"name":"Accueil","item":"https:\/\/www.vetorino.com\/boutique\/"},{"@type":"ListItem","position":2,"name":"Produits","item":"https:\/\/www.vetorino.com\/boutique\/"},{"@type":"ListItem","position":3,"name":"Equistro Art Phyton"}]},{"@type":"WebSite","@id":"https:\/\/www.vetorino.com\/boutique\/#website","url":"https:\/\/www.vetorino.com\/boutique\/","name":"V\u00e9torino","description":"","publisher":{"@id":"https:\/\/www.vetorino.com\/boutique\/#organization"},"potentialAction":[{"@type":"SearchAction","target":{"@type":"EntryPoint","urlTemplate":"https:\/\/www.vetorino.com\/boutique\/?s={search_term_string}"},"query-input":{"@type":"PropertyValueSpecification","valueRequired":true,"valueName":"search_term_string"}}],"inLanguage":"fr-FR"},{"@type":"Organization","@id":"https:\/\/www.vetorino.com\/boutique\/#organization","name":"V\u00e9torino","url":"https:\/\/www.vetorino.com\/boutique\/","logo":{"@type":"ImageObject","inLanguage":"fr-FR","@id":"https:\/\/www.vetorino.com\/boutique\/#\/schema\/logo\/image\/","url":"https:\/\/www.vetorino.com\/boutique\/wp-content\/uploads\/2024\/10\/logo.jpg","contentUrl":"https:\/\/www.vetorino.com\/boutique\/wp-content\/uploads\/2024\/10\/logo.jpg","width":1200,"height":610,"caption":"V\u00e9torino"},"image":{"@id":"https:\/\/www.vetorino.com\/boutique\/#\/schema\/logo\/image\/"},"sameAs":["https:\/\/www.facebook.com\/Vetorino\/","https:\/\/www.instagram.com\/vetorino_off\/","https:\/\/www.linkedin.com\/company\/vtorino\/"]}]},"product_brand":"V\u00e9toquinol","og_availability":"instock","product_availability":"instock","product_condition":"new"},"_links":{"self":[{"href":"https:\/\/www.vetorino.com\/veterinaire\/saugues-43170\/boutique\/wp-json\/wp\/v2\/product\/90340","targetHints":{"allow":["GET"]}}],"collection":[{"href":"https:\/\/www.vetorino.com\/veterinaire\/saugues-43170\/boutique\/wp-json\/wp\/v2\/product"}],"about":[{"href":"https:\/\/www.vetorino.com\/veterinaire\/saugues-43170\/boutique\/wp-json\/wp\/v2\/types\/product"}],"wp:featuredmedia":[{"embeddable":true,"href":"https:\/\/www.vetorino.com\/veterinaire\/saugues-43170\/boutique\/wp-json\/wp\/v2\/media\/177854"}],"wp:attachment":[{"href":"https:\/\/www.vetorino.com\/veterinaire\/saugues-43170\/boutique\/wp-json\/wp\/v2\/media?parent=90340"}],"wp:term":[{"taxonomy":"product_cat","embeddable":true,"href":"https:\/\/www.vetorino.com\/veterinaire\/saugues-43170\/boutique\/wp-json\/wp\/v2\/product_cat?post=90340"},{"taxonomy":"product_tag","embeddable":true,"href":"https:\/\/www.vetorino.com\/veterinaire\/saugues-43170\/boutique\/wp-json\/wp\/v2\/product_tag?post=90340"}],"curies":[{"name":"wp","href":"https:\/\/api.w.org\/{rel}","templated":true}]}}