{"id":92580,"date":"2020-06-26T15:13:36","date_gmt":"2020-06-26T13:13:36","guid":{"rendered":"https:\/\/www.vetorino.com\/boutique\/product\/chaussette-protectrice-av-semelle-anti-derapante-pour-chien\/"},"modified":"2026-03-24T13:27:35","modified_gmt":"2026-03-24T12:27:35","slug":"chaussette-protectrice-av-semelle-anti-derapante-pour-chien","status":"publish","type":"product","link":"https:\/\/www.vetorino.com\/veterinaire\/savignysurorge-91600\/boutique\/product\/chaussette-protectrice-av-semelle-anti-derapante-pour-chien\/","title":{"rendered":"Chaussette protectrice Trixie avec semelle anti-d\u00e9rapante"},"content":{"rendered":"<p>Excellent maintien gr\u00e2ce au rev\u00eatement caoutchouc antid\u00e9rapant !<\/p>\n<ul>\n<li>Coton avec lycra\/latex.<\/li>\n<li>Prot\u00e8ge les petites plaies.<\/li>\n<li>Pratique\u00a0pour les\u00a0chiens \u00e2g\u00e9s.<\/li>\n<li>Prot\u00e8ge les sols et les meubles.<\/li>\n<\/ul>\n","protected":false},"excerpt":{"rendered":"<p>Si votre chien est \u00e2g\u00e9 et souffre d&#8217;arthrose, il se peut qu&#8217;il glisse sur le sol de votre maison. Pour l&#8217;aider \u00e0 se redresser et lui \u00e9viter des traumatismes plus importants, vous pouvez lui mettre des chaussettes anti-d\u00e9rapantes pr\u00e9vues \u00e0 cet effet. D\u00e9couvrez les\u00a0<strong>chaussettes anti-d\u00e9rapantes caoutchouc noires de Trixie<\/strong>.<br \/>\nCes chaussettes existent en plusieurs tailles, n&#8217;h\u00e9sitez pas choisir celle qui convient le mieux \u00e0 votre chien.<\/p>\n","protected":false},"featured_media":620902,"template":"","meta":[],"product_cat":[2698,12596],"product_tag":[],"class_list":{"0":"post-92580","1":"product","2":"type-product","3":"status-publish","4":"has-post-thumbnail","6":"product_cat-chien","7":"product_cat-confort-du-chien","8":"pa_marque-trixie","10":"first","11":"instock","12":"taxable","13":"shipping-taxable","14":"purchasable","15":"product-type-variable"},"yoast_head":"<!-- This site is optimized with the Yoast SEO plugin v27.3 - https:\/\/yoast.com\/product\/yoast-seo-wordpress\/ -->\n<title>Chaussette protectrice Trixie avec semelle anti-d\u00e9rapante Trixie - V\u00e9torino<\/title>\n<meta name=\"description\" content=\"Si votre chien est \u00e2g\u00e9 et souffre d&#039;arthrose, il se peut qu&#039;il glisse sur le sol de votre maison. Pour l&#039;aider \u00e0 se redresser et lui \u00e9viter des traumatismes plus importants, vous pouvez lui mettre des chaussettes anti-d\u00e9rapantes pr\u00e9vues \u00e0 cet effet. D\u00e9couvrez les\u00a0chaussettes anti-d\u00e9rapantes caoutchouc noires de Trixie. Ces chaussettes existent en plusieurs tailles, n&#039;h\u00e9sitez pas choisir celle qui convient le mieux \u00e0 votre chien.\" \/>\n<meta name=\"robots\" content=\"noindex, nofollow\" \/>\n<meta property=\"og:locale\" content=\"fr_FR\" \/>\n<meta property=\"og:type\" content=\"article\" \/>\n<meta property=\"og:title\" content=\"Chaussette protectrice Trixie avec semelle anti-d\u00e9rapante Trixie - V\u00e9torino\" \/>\n<meta property=\"og:description\" content=\"Si votre chien est \u00e2g\u00e9 et souffre d&#039;arthrose, il se peut qu&#039;il glisse sur le sol de votre maison. Pour l&#039;aider \u00e0 se redresser et lui \u00e9viter des traumatismes plus importants, vous pouvez lui mettre des chaussettes anti-d\u00e9rapantes pr\u00e9vues \u00e0 cet effet. D\u00e9couvrez les\u00a0chaussettes anti-d\u00e9rapantes caoutchouc noires de Trixie. Ces chaussettes existent en plusieurs tailles, n&#039;h\u00e9sitez pas choisir celle qui convient le mieux \u00e0 votre chien.\" \/>\n<meta property=\"og:url\" content=\"https:\/\/www.vetorino.com\/veterinaire\/savignysurorge-91600\/boutique\/product\/chaussette-protectrice-av-semelle-anti-derapante-pour-chien\/\" \/>\n<meta property=\"og:site_name\" content=\"V\u00e9torino\" \/>\n<meta property=\"article:publisher\" content=\"https:\/\/www.facebook.com\/Vetorino\/\" \/>\n<meta property=\"article:modified_time\" content=\"2026-03-24T12:27:35+00:00\" \/>\n<meta property=\"og:image\" content=\"https:\/\/www.vetorino.com\/boutique\/wp-content\/uploads\/2020\/06\/chaussettes-anti-derapantes-caoutchouc-chien-trixie-2-pcs-noir.jpg\" \/>\n\t<meta property=\"og:image:width\" content=\"800\" \/>\n\t<meta property=\"og:image:height\" content=\"800\" \/>\n\t<meta property=\"og:image:type\" content=\"image\/jpeg\" \/>\n<meta name=\"twitter:card\" content=\"summary_large_image\" \/>\n<meta name=\"twitter:label1\" content=\"Disponibilit\u00e9\" \/>\n\t<meta name=\"twitter:data1\" content=\"En stock\" \/>\n<script type=\"application\/ld+json\" class=\"yoast-schema-graph\">{\"@context\":\"https:\\\/\\\/schema.org\",\"@graph\":[{\"@type\":\"WebPage\",\"@id\":\"https:\\\/\\\/www.vetorino.com\\\/boutique\\\/product\\\/chaussette-protectrice-av-semelle-anti-derapante-pour-chien\\\/\",\"url\":\"https:\\\/\\\/www.vetorino.com\\\/boutique\\\/product\\\/chaussette-protectrice-av-semelle-anti-derapante-pour-chien\\\/\",\"name\":\"Chaussette protectrice Trixie avec semelle anti-d\u00e9rapante Trixie - V\u00e9torino\",\"isPartOf\":{\"@id\":\"https:\\\/\\\/www.vetorino.com\\\/boutique\\\/#website\"},\"primaryImageOfPage\":{\"@id\":\"https:\\\/\\\/www.vetorino.com\\\/boutique\\\/product\\\/chaussette-protectrice-av-semelle-anti-derapante-pour-chien\\\/#primaryimage\"},\"image\":{\"@id\":\"https:\\\/\\\/www.vetorino.com\\\/boutique\\\/product\\\/chaussette-protectrice-av-semelle-anti-derapante-pour-chien\\\/#primaryimage\"},\"thumbnailUrl\":\"https:\\\/\\\/www.vetorino.com\\\/boutique\\\/wp-content\\\/uploads\\\/2020\\\/06\\\/chaussettes-anti-derapantes-caoutchouc-chien-trixie-2-pcs-noir.jpg\",\"datePublished\":\"2020-06-26T13:13:36+00:00\",\"dateModified\":\"2026-03-24T12:27:35+00:00\",\"description\":\"Si votre chien est \u00e2g\u00e9 et souffre d'arthrose, il se peut qu'il glisse sur le sol de votre maison. Pour l'aider \u00e0 se redresser et lui \u00e9viter des traumatismes plus importants, vous pouvez lui mettre des chaussettes anti-d\u00e9rapantes pr\u00e9vues \u00e0 cet effet. D\u00e9couvrez les\u00a0chaussettes anti-d\u00e9rapantes caoutchouc noires de Trixie. Ces chaussettes existent en plusieurs tailles, n'h\u00e9sitez pas choisir celle qui convient le mieux \u00e0 votre chien.\",\"breadcrumb\":{\"@id\":\"https:\\\/\\\/www.vetorino.com\\\/boutique\\\/product\\\/chaussette-protectrice-av-semelle-anti-derapante-pour-chien\\\/#breadcrumb\"},\"inLanguage\":\"fr-FR\",\"potentialAction\":[{\"@type\":\"ReadAction\",\"target\":[\"https:\\\/\\\/www.vetorino.com\\\/boutique\\\/product\\\/chaussette-protectrice-av-semelle-anti-derapante-pour-chien\\\/\"]}]},{\"@type\":\"ImageObject\",\"inLanguage\":\"fr-FR\",\"@id\":\"https:\\\/\\\/www.vetorino.com\\\/boutique\\\/product\\\/chaussette-protectrice-av-semelle-anti-derapante-pour-chien\\\/#primaryimage\",\"url\":\"https:\\\/\\\/www.vetorino.com\\\/boutique\\\/wp-content\\\/uploads\\\/2020\\\/06\\\/chaussettes-anti-derapantes-caoutchouc-chien-trixie-2-pcs-noir.jpg\",\"contentUrl\":\"https:\\\/\\\/www.vetorino.com\\\/boutique\\\/wp-content\\\/uploads\\\/2020\\\/06\\\/chaussettes-anti-derapantes-caoutchouc-chien-trixie-2-pcs-noir.jpg\",\"width\":800,\"height\":800},{\"@type\":\"BreadcrumbList\",\"@id\":\"https:\\\/\\\/www.vetorino.com\\\/boutique\\\/product\\\/chaussette-protectrice-av-semelle-anti-derapante-pour-chien\\\/#breadcrumb\",\"itemListElement\":[{\"@type\":\"ListItem\",\"position\":1,\"name\":\"Accueil\",\"item\":\"https:\\\/\\\/www.vetorino.com\\\/boutique\\\/\"},{\"@type\":\"ListItem\",\"position\":2,\"name\":\"Produits\",\"item\":\"https:\\\/\\\/www.vetorino.com\\\/boutique\\\/\"},{\"@type\":\"ListItem\",\"position\":3,\"name\":\"Chaussette protectrice Trixie avec semelle anti-d\u00e9rapante\"}]},{\"@type\":\"WebSite\",\"@id\":\"https:\\\/\\\/www.vetorino.com\\\/boutique\\\/#website\",\"url\":\"https:\\\/\\\/www.vetorino.com\\\/boutique\\\/\",\"name\":\"V\u00e9torino\",\"description\":\"\",\"publisher\":{\"@id\":\"https:\\\/\\\/www.vetorino.com\\\/boutique\\\/#organization\"},\"potentialAction\":[{\"@type\":\"SearchAction\",\"target\":{\"@type\":\"EntryPoint\",\"urlTemplate\":\"https:\\\/\\\/www.vetorino.com\\\/boutique\\\/?s={search_term_string}\"},\"query-input\":{\"@type\":\"PropertyValueSpecification\",\"valueRequired\":true,\"valueName\":\"search_term_string\"}}],\"inLanguage\":\"fr-FR\"},{\"@type\":\"Organization\",\"@id\":\"https:\\\/\\\/www.vetorino.com\\\/boutique\\\/#organization\",\"name\":\"V\u00e9torino\",\"url\":\"https:\\\/\\\/www.vetorino.com\\\/boutique\\\/\",\"logo\":{\"@type\":\"ImageObject\",\"inLanguage\":\"fr-FR\",\"@id\":\"https:\\\/\\\/www.vetorino.com\\\/boutique\\\/#\\\/schema\\\/logo\\\/image\\\/\",\"url\":\"https:\\\/\\\/www.vetorino.com\\\/boutique\\\/wp-content\\\/uploads\\\/2024\\\/10\\\/logo.jpg\",\"contentUrl\":\"https:\\\/\\\/www.vetorino.com\\\/boutique\\\/wp-content\\\/uploads\\\/2024\\\/10\\\/logo.jpg\",\"width\":1200,\"height\":610,\"caption\":\"V\u00e9torino\"},\"image\":{\"@id\":\"https:\\\/\\\/www.vetorino.com\\\/boutique\\\/#\\\/schema\\\/logo\\\/image\\\/\"},\"sameAs\":[\"https:\\\/\\\/www.facebook.com\\\/Vetorino\\\/\",\"https:\\\/\\\/www.instagram.com\\\/vetorino_off\\\/\",\"https:\\\/\\\/www.linkedin.com\\\/company\\\/vtorino\\\/\"]}]}<\/script>\n<meta property=\"product:brand\" content=\"Trixie\" \/>\n<meta property=\"og:availability\" content=\"instock\" \/>\n<meta property=\"product:availability\" content=\"instock\" \/>\n<meta property=\"product:condition\" content=\"new\" \/>\n<!-- \/ Yoast SEO plugin. -->","yoast_head_json":{"title":"Chaussette protectrice Trixie avec semelle anti-d\u00e9rapante Trixie - V\u00e9torino","description":"Si votre chien est \u00e2g\u00e9 et souffre d'arthrose, il se peut qu'il glisse sur le sol de votre maison. Pour l'aider \u00e0 se redresser et lui \u00e9viter des traumatismes plus importants, vous pouvez lui mettre des chaussettes anti-d\u00e9rapantes pr\u00e9vues \u00e0 cet effet. D\u00e9couvrez les\u00a0chaussettes anti-d\u00e9rapantes caoutchouc noires de Trixie. Ces chaussettes existent en plusieurs tailles, n'h\u00e9sitez pas choisir celle qui convient le mieux \u00e0 votre chien.","robots":{"index":"noindex","follow":"nofollow"},"og_locale":"fr_FR","og_type":"article","og_title":"Chaussette protectrice Trixie avec semelle anti-d\u00e9rapante Trixie - V\u00e9torino","og_description":"Si votre chien est \u00e2g\u00e9 et souffre d'arthrose, il se peut qu'il glisse sur le sol de votre maison. Pour l'aider \u00e0 se redresser et lui \u00e9viter des traumatismes plus importants, vous pouvez lui mettre des chaussettes anti-d\u00e9rapantes pr\u00e9vues \u00e0 cet effet. D\u00e9couvrez les\u00a0chaussettes anti-d\u00e9rapantes caoutchouc noires de Trixie. Ces chaussettes existent en plusieurs tailles, n'h\u00e9sitez pas choisir celle qui convient le mieux \u00e0 votre chien.","og_url":"https:\/\/www.vetorino.com\/veterinaire\/savignysurorge-91600\/boutique\/product\/chaussette-protectrice-av-semelle-anti-derapante-pour-chien\/","og_site_name":"V\u00e9torino","article_publisher":"https:\/\/www.facebook.com\/Vetorino\/","article_modified_time":"2026-03-24T12:27:35+00:00","og_image":[{"width":800,"height":800,"url":"https:\/\/www.vetorino.com\/boutique\/wp-content\/uploads\/2020\/06\/chaussettes-anti-derapantes-caoutchouc-chien-trixie-2-pcs-noir.jpg","type":"image\/jpeg"}],"twitter_card":"summary_large_image","twitter_misc":{"Disponibilit\u00e9":"En stock"},"schema":{"@context":"https:\/\/schema.org","@graph":[{"@type":"WebPage","@id":"https:\/\/www.vetorino.com\/boutique\/product\/chaussette-protectrice-av-semelle-anti-derapante-pour-chien\/","url":"https:\/\/www.vetorino.com\/boutique\/product\/chaussette-protectrice-av-semelle-anti-derapante-pour-chien\/","name":"Chaussette protectrice Trixie avec semelle anti-d\u00e9rapante Trixie - V\u00e9torino","isPartOf":{"@id":"https:\/\/www.vetorino.com\/boutique\/#website"},"primaryImageOfPage":{"@id":"https:\/\/www.vetorino.com\/boutique\/product\/chaussette-protectrice-av-semelle-anti-derapante-pour-chien\/#primaryimage"},"image":{"@id":"https:\/\/www.vetorino.com\/boutique\/product\/chaussette-protectrice-av-semelle-anti-derapante-pour-chien\/#primaryimage"},"thumbnailUrl":"https:\/\/www.vetorino.com\/boutique\/wp-content\/uploads\/2020\/06\/chaussettes-anti-derapantes-caoutchouc-chien-trixie-2-pcs-noir.jpg","datePublished":"2020-06-26T13:13:36+00:00","dateModified":"2026-03-24T12:27:35+00:00","description":"Si votre chien est \u00e2g\u00e9 et souffre d'arthrose, il se peut qu'il glisse sur le sol de votre maison. Pour l'aider \u00e0 se redresser et lui \u00e9viter des traumatismes plus importants, vous pouvez lui mettre des chaussettes anti-d\u00e9rapantes pr\u00e9vues \u00e0 cet effet. D\u00e9couvrez les\u00a0chaussettes anti-d\u00e9rapantes caoutchouc noires de Trixie. Ces chaussettes existent en plusieurs tailles, n'h\u00e9sitez pas choisir celle qui convient le mieux \u00e0 votre chien.","breadcrumb":{"@id":"https:\/\/www.vetorino.com\/boutique\/product\/chaussette-protectrice-av-semelle-anti-derapante-pour-chien\/#breadcrumb"},"inLanguage":"fr-FR","potentialAction":[{"@type":"ReadAction","target":["https:\/\/www.vetorino.com\/boutique\/product\/chaussette-protectrice-av-semelle-anti-derapante-pour-chien\/"]}]},{"@type":"ImageObject","inLanguage":"fr-FR","@id":"https:\/\/www.vetorino.com\/boutique\/product\/chaussette-protectrice-av-semelle-anti-derapante-pour-chien\/#primaryimage","url":"https:\/\/www.vetorino.com\/boutique\/wp-content\/uploads\/2020\/06\/chaussettes-anti-derapantes-caoutchouc-chien-trixie-2-pcs-noir.jpg","contentUrl":"https:\/\/www.vetorino.com\/boutique\/wp-content\/uploads\/2020\/06\/chaussettes-anti-derapantes-caoutchouc-chien-trixie-2-pcs-noir.jpg","width":800,"height":800},{"@type":"BreadcrumbList","@id":"https:\/\/www.vetorino.com\/boutique\/product\/chaussette-protectrice-av-semelle-anti-derapante-pour-chien\/#breadcrumb","itemListElement":[{"@type":"ListItem","position":1,"name":"Accueil","item":"https:\/\/www.vetorino.com\/boutique\/"},{"@type":"ListItem","position":2,"name":"Produits","item":"https:\/\/www.vetorino.com\/boutique\/"},{"@type":"ListItem","position":3,"name":"Chaussette protectrice Trixie avec semelle anti-d\u00e9rapante"}]},{"@type":"WebSite","@id":"https:\/\/www.vetorino.com\/boutique\/#website","url":"https:\/\/www.vetorino.com\/boutique\/","name":"V\u00e9torino","description":"","publisher":{"@id":"https:\/\/www.vetorino.com\/boutique\/#organization"},"potentialAction":[{"@type":"SearchAction","target":{"@type":"EntryPoint","urlTemplate":"https:\/\/www.vetorino.com\/boutique\/?s={search_term_string}"},"query-input":{"@type":"PropertyValueSpecification","valueRequired":true,"valueName":"search_term_string"}}],"inLanguage":"fr-FR"},{"@type":"Organization","@id":"https:\/\/www.vetorino.com\/boutique\/#organization","name":"V\u00e9torino","url":"https:\/\/www.vetorino.com\/boutique\/","logo":{"@type":"ImageObject","inLanguage":"fr-FR","@id":"https:\/\/www.vetorino.com\/boutique\/#\/schema\/logo\/image\/","url":"https:\/\/www.vetorino.com\/boutique\/wp-content\/uploads\/2024\/10\/logo.jpg","contentUrl":"https:\/\/www.vetorino.com\/boutique\/wp-content\/uploads\/2024\/10\/logo.jpg","width":1200,"height":610,"caption":"V\u00e9torino"},"image":{"@id":"https:\/\/www.vetorino.com\/boutique\/#\/schema\/logo\/image\/"},"sameAs":["https:\/\/www.facebook.com\/Vetorino\/","https:\/\/www.instagram.com\/vetorino_off\/","https:\/\/www.linkedin.com\/company\/vtorino\/"]}]},"product_brand":"Trixie","og_availability":"instock","product_availability":"instock","product_condition":"new"},"_links":{"self":[{"href":"https:\/\/www.vetorino.com\/veterinaire\/savignysurorge-91600\/boutique\/wp-json\/wp\/v2\/product\/92580","targetHints":{"allow":["GET"]}}],"collection":[{"href":"https:\/\/www.vetorino.com\/veterinaire\/savignysurorge-91600\/boutique\/wp-json\/wp\/v2\/product"}],"about":[{"href":"https:\/\/www.vetorino.com\/veterinaire\/savignysurorge-91600\/boutique\/wp-json\/wp\/v2\/types\/product"}],"wp:featuredmedia":[{"embeddable":true,"href":"https:\/\/www.vetorino.com\/veterinaire\/savignysurorge-91600\/boutique\/wp-json\/wp\/v2\/media\/620902"}],"wp:attachment":[{"href":"https:\/\/www.vetorino.com\/veterinaire\/savignysurorge-91600\/boutique\/wp-json\/wp\/v2\/media?parent=92580"}],"wp:term":[{"taxonomy":"product_cat","embeddable":true,"href":"https:\/\/www.vetorino.com\/veterinaire\/savignysurorge-91600\/boutique\/wp-json\/wp\/v2\/product_cat?post=92580"},{"taxonomy":"product_tag","embeddable":true,"href":"https:\/\/www.vetorino.com\/veterinaire\/savignysurorge-91600\/boutique\/wp-json\/wp\/v2\/product_tag?post=92580"}],"curies":[{"name":"wp","href":"https:\/\/api.w.org\/{rel}","templated":true}]}}