{"id":120421,"date":"2020-10-06T11:42:46","date_gmt":"2020-10-06T09:42:46","guid":{"rendered":"https:\/\/www.vetorino.com\/boutique\/product\/fontaine-1-75-l-chien-et-chat\/"},"modified":"2024-04-25T11:57:58","modified_gmt":"2024-04-25T09:57:58","slug":"fontaine-1-75-l-chien-et-chat","status":"publish","type":"product","link":"https:\/\/www.vetorino.com\/veterinaire\/sceaux-92330\/boutique\/product\/fontaine-1-75-l-chien-et-chat\/","title":{"rendered":"Fontaine \u00e0 eau Classic Pet Fountain"},"content":{"rendered":"<p>Gr\u00e2ce \u00e0 son design unique, la\u00a0<strong>Fontaine Classic Pet Fountain Num&#8217;axes<\/strong>\u00a0propose 2 \u00e9coulements d&#8217;eau diff\u00e9rents (robinet ou cascade) pour s&#8217;adapter aux pr\u00e9f\u00e9rences et envies de votre animal. Son filtre \u00e0 charbon actif permet de retenir les poils, les impuret\u00e9s et autres r\u00e9sidus et pour maintenir une eau fra\u00eeche et riche en oxyg\u00e8ne. Le d\u00e9bit de l&#8217;eau de cette<strong>\u00a0fontaine Classic Pet\u00a0<\/strong>est\u00a0r\u00e9glable et filtr\u00e9e en continu. Elle est silencieuse et facile \u00e0 nettoyer gr\u00e2ce \u00e0 son bol lavable au lave-vaisselle.<\/p>\n<ul>\n<li>contenance : 1,75 litres<\/li>\n<li>dimensions : 12 x 20,5 x 27 cm<\/li>\n<li>poids : 600 g<\/li>\n<li>livr\u00e9e avec : un filtre \u00e0 charbon et 2 embouts interchangeables, un bloc d&#8217;alimentation, un guide d&#8217;utilisation<\/li>\n<li>garantie : 2 ans<\/li>\n<li>\u00e9l\u00e9ments lavables en lave vaisselle<\/li>\n<\/ul>\n","protected":false},"excerpt":{"rendered":"<p>Cette<strong>\u00a0fontaine \u00e0 eau<\/strong>\u00a0Pour chats et petits chiens d\u00e9livre \u00e0 votre animal une eau fra\u00eeche et filtr\u00e9e tout au long de la journ\u00e9e, pour l&#8217;inciter \u00e0 s&#8217;hydrater. L&#8217;eau en mouvement perp\u00e9tuel l&#8217;incitera \u00e0 boire r\u00e9guli\u00e8rement et favorisera ainsi son bien-\u00eatre et sa sant\u00e9.<\/p>\n","protected":false},"featured_media":647739,"template":"","meta":[],"product_cat":[2697,2698,12606,12607,2804],"product_tag":[],"class_list":{"0":"post-120421","1":"product","2":"type-product","3":"status-publish","4":"has-post-thumbnail","6":"product_cat-chat","7":"product_cat-chien","8":"product_cat-gamelles-pour-chat","9":"product_cat-gamelles-pour-chien","10":"product_cat-jouets-distributeurs-pour-chien","11":"pa_marque-eyenimal","13":"first","14":"instock","15":"taxable","16":"shipping-taxable","17":"purchasable","18":"product-type-simple"},"yoast_head":"<!-- This site is optimized with the Yoast SEO plugin v27.3 - https:\/\/yoast.com\/product\/yoast-seo-wordpress\/ -->\n<title>Fontaine \u00e0 eau Classic Pet Fountain Eyenimal - V\u00e9torino<\/title>\n<meta name=\"description\" content=\"Cette\u00a0fontaine \u00e0 eau\u00a0Pour chats et petits chiens d\u00e9livre \u00e0 votre animal une eau fra\u00eeche et filtr\u00e9e tout au long de la journ\u00e9e, pour l&#039;inciter \u00e0 s&#039;hydrater. L&#039;eau en mouvement perp\u00e9tuel l&#039;incitera \u00e0 boire r\u00e9guli\u00e8rement et favorisera ainsi son bien-\u00eatre et sa sant\u00e9.\" \/>\n<meta name=\"robots\" content=\"noindex, nofollow\" \/>\n<meta property=\"og:locale\" content=\"fr_FR\" \/>\n<meta property=\"og:type\" content=\"article\" \/>\n<meta property=\"og:title\" content=\"Fontaine \u00e0 eau Classic Pet Fountain Eyenimal - V\u00e9torino\" \/>\n<meta property=\"og:description\" content=\"Cette\u00a0fontaine \u00e0 eau\u00a0Pour chats et petits chiens d\u00e9livre \u00e0 votre animal une eau fra\u00eeche et filtr\u00e9e tout au long de la journ\u00e9e, pour l&#039;inciter \u00e0 s&#039;hydrater. L&#039;eau en mouvement perp\u00e9tuel l&#039;incitera \u00e0 boire r\u00e9guli\u00e8rement et favorisera ainsi son bien-\u00eatre et sa sant\u00e9.\" \/>\n<meta property=\"og:url\" content=\"https:\/\/www.vetorino.com\/veterinaire\/sceaux-92330\/boutique\/product\/fontaine-1-75-l-chien-et-chat\/\" \/>\n<meta property=\"og:site_name\" content=\"V\u00e9torino\" \/>\n<meta property=\"article:publisher\" content=\"https:\/\/www.facebook.com\/Vetorino\/\" \/>\n<meta property=\"article:modified_time\" content=\"2024-04-25T09:57:58+00:00\" \/>\n<meta property=\"og:image\" content=\"https:\/\/www.vetorino.com\/boutique\/wp-content\/uploads\/2020\/10\/fontaine-a-eau-classic-pet-fountain-num-axes-175-litres.jpg\" \/>\n\t<meta property=\"og:image:width\" content=\"800\" \/>\n\t<meta property=\"og:image:height\" content=\"800\" \/>\n\t<meta property=\"og:image:type\" content=\"image\/jpeg\" \/>\n<meta name=\"twitter:card\" content=\"summary_large_image\" \/>\n<meta name=\"twitter:label1\" content=\"Prix\" \/>\n\t<meta name=\"twitter:data1\" content=\"41,69&euro;\" \/>\n\t<meta name=\"twitter:label2\" content=\"Disponibilit\u00e9\" \/>\n\t<meta name=\"twitter:data2\" content=\"En stock\" \/>\n<script type=\"application\/ld+json\" class=\"yoast-schema-graph\">{\"@context\":\"https:\\\/\\\/schema.org\",\"@graph\":[{\"@type\":\"WebPage\",\"@id\":\"https:\\\/\\\/www.vetorino.com\\\/boutique\\\/product\\\/fontaine-1-75-l-chien-et-chat\\\/\",\"url\":\"https:\\\/\\\/www.vetorino.com\\\/boutique\\\/product\\\/fontaine-1-75-l-chien-et-chat\\\/\",\"name\":\"Fontaine \u00e0 eau Classic Pet Fountain Eyenimal - V\u00e9torino\",\"isPartOf\":{\"@id\":\"https:\\\/\\\/www.vetorino.com\\\/boutique\\\/#website\"},\"primaryImageOfPage\":{\"@id\":\"https:\\\/\\\/www.vetorino.com\\\/boutique\\\/product\\\/fontaine-1-75-l-chien-et-chat\\\/#primaryimage\"},\"image\":{\"@id\":\"https:\\\/\\\/www.vetorino.com\\\/boutique\\\/product\\\/fontaine-1-75-l-chien-et-chat\\\/#primaryimage\"},\"thumbnailUrl\":\"https:\\\/\\\/www.vetorino.com\\\/boutique\\\/wp-content\\\/uploads\\\/2020\\\/10\\\/fontaine-a-eau-classic-pet-fountain-num-axes-175-litres.jpg\",\"datePublished\":\"2020-10-06T09:42:46+00:00\",\"dateModified\":\"2024-04-25T09:57:58+00:00\",\"description\":\"Cette\u00a0fontaine \u00e0 eau\u00a0Pour chats et petits chiens d\u00e9livre \u00e0 votre animal une eau fra\u00eeche et filtr\u00e9e tout au long de la journ\u00e9e, pour l'inciter \u00e0 s'hydrater. L'eau en mouvement perp\u00e9tuel l'incitera \u00e0 boire r\u00e9guli\u00e8rement et favorisera ainsi son bien-\u00eatre et sa sant\u00e9.\",\"breadcrumb\":{\"@id\":\"https:\\\/\\\/www.vetorino.com\\\/boutique\\\/product\\\/fontaine-1-75-l-chien-et-chat\\\/#breadcrumb\"},\"inLanguage\":\"fr-FR\",\"potentialAction\":[{\"@type\":\"ReadAction\",\"target\":[\"https:\\\/\\\/www.vetorino.com\\\/boutique\\\/product\\\/fontaine-1-75-l-chien-et-chat\\\/\"]}]},{\"@type\":\"ImageObject\",\"inLanguage\":\"fr-FR\",\"@id\":\"https:\\\/\\\/www.vetorino.com\\\/boutique\\\/product\\\/fontaine-1-75-l-chien-et-chat\\\/#primaryimage\",\"url\":\"https:\\\/\\\/www.vetorino.com\\\/boutique\\\/wp-content\\\/uploads\\\/2020\\\/10\\\/fontaine-a-eau-classic-pet-fountain-num-axes-175-litres.jpg\",\"contentUrl\":\"https:\\\/\\\/www.vetorino.com\\\/boutique\\\/wp-content\\\/uploads\\\/2020\\\/10\\\/fontaine-a-eau-classic-pet-fountain-num-axes-175-litres.jpg\",\"width\":800,\"height\":800},{\"@type\":\"BreadcrumbList\",\"@id\":\"https:\\\/\\\/www.vetorino.com\\\/boutique\\\/product\\\/fontaine-1-75-l-chien-et-chat\\\/#breadcrumb\",\"itemListElement\":[{\"@type\":\"ListItem\",\"position\":1,\"name\":\"Accueil\",\"item\":\"https:\\\/\\\/www.vetorino.com\\\/boutique\\\/\"},{\"@type\":\"ListItem\",\"position\":2,\"name\":\"Produits\",\"item\":\"https:\\\/\\\/www.vetorino.com\\\/boutique\\\/\"},{\"@type\":\"ListItem\",\"position\":3,\"name\":\"Fontaine \u00e0 eau Classic Pet Fountain\"}]},{\"@type\":\"WebSite\",\"@id\":\"https:\\\/\\\/www.vetorino.com\\\/boutique\\\/#website\",\"url\":\"https:\\\/\\\/www.vetorino.com\\\/boutique\\\/\",\"name\":\"V\u00e9torino\",\"description\":\"\",\"publisher\":{\"@id\":\"https:\\\/\\\/www.vetorino.com\\\/boutique\\\/#organization\"},\"potentialAction\":[{\"@type\":\"SearchAction\",\"target\":{\"@type\":\"EntryPoint\",\"urlTemplate\":\"https:\\\/\\\/www.vetorino.com\\\/boutique\\\/?s={search_term_string}\"},\"query-input\":{\"@type\":\"PropertyValueSpecification\",\"valueRequired\":true,\"valueName\":\"search_term_string\"}}],\"inLanguage\":\"fr-FR\"},{\"@type\":\"Organization\",\"@id\":\"https:\\\/\\\/www.vetorino.com\\\/boutique\\\/#organization\",\"name\":\"V\u00e9torino\",\"url\":\"https:\\\/\\\/www.vetorino.com\\\/boutique\\\/\",\"logo\":{\"@type\":\"ImageObject\",\"inLanguage\":\"fr-FR\",\"@id\":\"https:\\\/\\\/www.vetorino.com\\\/boutique\\\/#\\\/schema\\\/logo\\\/image\\\/\",\"url\":\"https:\\\/\\\/www.vetorino.com\\\/boutique\\\/wp-content\\\/uploads\\\/2024\\\/10\\\/logo.jpg\",\"contentUrl\":\"https:\\\/\\\/www.vetorino.com\\\/boutique\\\/wp-content\\\/uploads\\\/2024\\\/10\\\/logo.jpg\",\"width\":1200,\"height\":610,\"caption\":\"V\u00e9torino\"},\"image\":{\"@id\":\"https:\\\/\\\/www.vetorino.com\\\/boutique\\\/#\\\/schema\\\/logo\\\/image\\\/\"},\"sameAs\":[\"https:\\\/\\\/www.facebook.com\\\/Vetorino\\\/\",\"https:\\\/\\\/www.instagram.com\\\/vetorino_off\\\/\",\"https:\\\/\\\/www.linkedin.com\\\/company\\\/vtorino\\\/\"]}]}<\/script>\n<meta property=\"product:brand\" content=\"Eyenimal\" \/>\n<meta property=\"product:price:amount\" content=\"41.69\" \/>\n<meta property=\"product:price:currency\" content=\"EUR\" \/>\n<meta property=\"og:availability\" content=\"instock\" \/>\n<meta property=\"product:availability\" content=\"instock\" \/>\n<meta property=\"product:retailer_item_id\" content=\"O-801970\" \/>\n<meta property=\"product:condition\" content=\"new\" \/>\n<!-- \/ Yoast SEO plugin. -->","yoast_head_json":{"title":"Fontaine \u00e0 eau Classic Pet Fountain Eyenimal - V\u00e9torino","description":"Cette\u00a0fontaine \u00e0 eau\u00a0Pour chats et petits chiens d\u00e9livre \u00e0 votre animal une eau fra\u00eeche et filtr\u00e9e tout au long de la journ\u00e9e, pour l'inciter \u00e0 s'hydrater. L'eau en mouvement perp\u00e9tuel l'incitera \u00e0 boire r\u00e9guli\u00e8rement et favorisera ainsi son bien-\u00eatre et sa sant\u00e9.","robots":{"index":"noindex","follow":"nofollow"},"og_locale":"fr_FR","og_type":"article","og_title":"Fontaine \u00e0 eau Classic Pet Fountain Eyenimal - V\u00e9torino","og_description":"Cette\u00a0fontaine \u00e0 eau\u00a0Pour chats et petits chiens d\u00e9livre \u00e0 votre animal une eau fra\u00eeche et filtr\u00e9e tout au long de la journ\u00e9e, pour l'inciter \u00e0 s'hydrater. L'eau en mouvement perp\u00e9tuel l'incitera \u00e0 boire r\u00e9guli\u00e8rement et favorisera ainsi son bien-\u00eatre et sa sant\u00e9.","og_url":"https:\/\/www.vetorino.com\/veterinaire\/sceaux-92330\/boutique\/product\/fontaine-1-75-l-chien-et-chat\/","og_site_name":"V\u00e9torino","article_publisher":"https:\/\/www.facebook.com\/Vetorino\/","article_modified_time":"2024-04-25T09:57:58+00:00","og_image":[{"width":800,"height":800,"url":"https:\/\/www.vetorino.com\/boutique\/wp-content\/uploads\/2020\/10\/fontaine-a-eau-classic-pet-fountain-num-axes-175-litres.jpg","type":"image\/jpeg"}],"twitter_card":"summary_large_image","twitter_misc":{"Prix":"41,69&euro;","Disponibilit\u00e9":"En stock"},"schema":{"@context":"https:\/\/schema.org","@graph":[{"@type":"WebPage","@id":"https:\/\/www.vetorino.com\/boutique\/product\/fontaine-1-75-l-chien-et-chat\/","url":"https:\/\/www.vetorino.com\/boutique\/product\/fontaine-1-75-l-chien-et-chat\/","name":"Fontaine \u00e0 eau Classic Pet Fountain Eyenimal - V\u00e9torino","isPartOf":{"@id":"https:\/\/www.vetorino.com\/boutique\/#website"},"primaryImageOfPage":{"@id":"https:\/\/www.vetorino.com\/boutique\/product\/fontaine-1-75-l-chien-et-chat\/#primaryimage"},"image":{"@id":"https:\/\/www.vetorino.com\/boutique\/product\/fontaine-1-75-l-chien-et-chat\/#primaryimage"},"thumbnailUrl":"https:\/\/www.vetorino.com\/boutique\/wp-content\/uploads\/2020\/10\/fontaine-a-eau-classic-pet-fountain-num-axes-175-litres.jpg","datePublished":"2020-10-06T09:42:46+00:00","dateModified":"2024-04-25T09:57:58+00:00","description":"Cette\u00a0fontaine \u00e0 eau\u00a0Pour chats et petits chiens d\u00e9livre \u00e0 votre animal une eau fra\u00eeche et filtr\u00e9e tout au long de la journ\u00e9e, pour l'inciter \u00e0 s'hydrater. L'eau en mouvement perp\u00e9tuel l'incitera \u00e0 boire r\u00e9guli\u00e8rement et favorisera ainsi son bien-\u00eatre et sa sant\u00e9.","breadcrumb":{"@id":"https:\/\/www.vetorino.com\/boutique\/product\/fontaine-1-75-l-chien-et-chat\/#breadcrumb"},"inLanguage":"fr-FR","potentialAction":[{"@type":"ReadAction","target":["https:\/\/www.vetorino.com\/boutique\/product\/fontaine-1-75-l-chien-et-chat\/"]}]},{"@type":"ImageObject","inLanguage":"fr-FR","@id":"https:\/\/www.vetorino.com\/boutique\/product\/fontaine-1-75-l-chien-et-chat\/#primaryimage","url":"https:\/\/www.vetorino.com\/boutique\/wp-content\/uploads\/2020\/10\/fontaine-a-eau-classic-pet-fountain-num-axes-175-litres.jpg","contentUrl":"https:\/\/www.vetorino.com\/boutique\/wp-content\/uploads\/2020\/10\/fontaine-a-eau-classic-pet-fountain-num-axes-175-litres.jpg","width":800,"height":800},{"@type":"BreadcrumbList","@id":"https:\/\/www.vetorino.com\/boutique\/product\/fontaine-1-75-l-chien-et-chat\/#breadcrumb","itemListElement":[{"@type":"ListItem","position":1,"name":"Accueil","item":"https:\/\/www.vetorino.com\/boutique\/"},{"@type":"ListItem","position":2,"name":"Produits","item":"https:\/\/www.vetorino.com\/boutique\/"},{"@type":"ListItem","position":3,"name":"Fontaine \u00e0 eau Classic Pet Fountain"}]},{"@type":"WebSite","@id":"https:\/\/www.vetorino.com\/boutique\/#website","url":"https:\/\/www.vetorino.com\/boutique\/","name":"V\u00e9torino","description":"","publisher":{"@id":"https:\/\/www.vetorino.com\/boutique\/#organization"},"potentialAction":[{"@type":"SearchAction","target":{"@type":"EntryPoint","urlTemplate":"https:\/\/www.vetorino.com\/boutique\/?s={search_term_string}"},"query-input":{"@type":"PropertyValueSpecification","valueRequired":true,"valueName":"search_term_string"}}],"inLanguage":"fr-FR"},{"@type":"Organization","@id":"https:\/\/www.vetorino.com\/boutique\/#organization","name":"V\u00e9torino","url":"https:\/\/www.vetorino.com\/boutique\/","logo":{"@type":"ImageObject","inLanguage":"fr-FR","@id":"https:\/\/www.vetorino.com\/boutique\/#\/schema\/logo\/image\/","url":"https:\/\/www.vetorino.com\/boutique\/wp-content\/uploads\/2024\/10\/logo.jpg","contentUrl":"https:\/\/www.vetorino.com\/boutique\/wp-content\/uploads\/2024\/10\/logo.jpg","width":1200,"height":610,"caption":"V\u00e9torino"},"image":{"@id":"https:\/\/www.vetorino.com\/boutique\/#\/schema\/logo\/image\/"},"sameAs":["https:\/\/www.facebook.com\/Vetorino\/","https:\/\/www.instagram.com\/vetorino_off\/","https:\/\/www.linkedin.com\/company\/vtorino\/"]}]},"product_brand":"Eyenimal","product_price_amount":"41.69","product_price_currency":"EUR","og_availability":"instock","product_availability":"instock","product_retailer_item_id":"O-801970","product_condition":"new"},"_links":{"self":[{"href":"https:\/\/www.vetorino.com\/veterinaire\/sceaux-92330\/boutique\/wp-json\/wp\/v2\/product\/120421","targetHints":{"allow":["GET"]}}],"collection":[{"href":"https:\/\/www.vetorino.com\/veterinaire\/sceaux-92330\/boutique\/wp-json\/wp\/v2\/product"}],"about":[{"href":"https:\/\/www.vetorino.com\/veterinaire\/sceaux-92330\/boutique\/wp-json\/wp\/v2\/types\/product"}],"wp:featuredmedia":[{"embeddable":true,"href":"https:\/\/www.vetorino.com\/veterinaire\/sceaux-92330\/boutique\/wp-json\/wp\/v2\/media\/647739"}],"wp:attachment":[{"href":"https:\/\/www.vetorino.com\/veterinaire\/sceaux-92330\/boutique\/wp-json\/wp\/v2\/media?parent=120421"}],"wp:term":[{"taxonomy":"product_cat","embeddable":true,"href":"https:\/\/www.vetorino.com\/veterinaire\/sceaux-92330\/boutique\/wp-json\/wp\/v2\/product_cat?post=120421"},{"taxonomy":"product_tag","embeddable":true,"href":"https:\/\/www.vetorino.com\/veterinaire\/sceaux-92330\/boutique\/wp-json\/wp\/v2\/product_tag?post=120421"}],"curies":[{"name":"wp","href":"https:\/\/api.w.org\/{rel}","templated":true}]}}