{"id":121573,"date":"2020-10-06T12:37:42","date_gmt":"2020-10-06T10:37:42","guid":{"rendered":"https:\/\/www.vetorino.com\/boutique\/product\/oxbow-critical-care-fine-grind-3\/"},"modified":"2024-06-07T14:56:32","modified_gmt":"2024-06-07T12:56:32","slug":"oxbow-critical-care-fine-grind-3","status":"publish","type":"product","link":"https:\/\/www.vetorino.com\/veterinaire\/sceaux-92330\/boutique\/product\/oxbow-critical-care-fine-grind-3\/","title":{"rendered":"Oxbow Critical Care Fine Grind"},"content":{"rendered":"<p><strong>L&#8217;OXBOW Critical Care est un aliment di\u00e9t\u00e9tique de haute qualit\u00e9 pour herbivores qui favorise le r\u00e9tablissement et la r\u00e9cup\u00e9ration con\u00e7u pour \u00eatre utilis\u00e9 avec des sondes d\u2019alimentation ou bien par les m\u00e9thodes traditionnelles.<\/strong><\/p>\n<p><strong>Utilisation :<\/strong><\/p>\n<ul>\n<li>Animal herbivore (chinchilla, gerbille, hamster, lapin, rat &#8230;)<\/li>\n<li>Animaux convalescents, malades ou ayant besoin de compl\u00e9ment alimentaire<\/li>\n<li>Peut \u00eatre administr\u00e9 par sonde si n\u00e9cessaire<\/li>\n<\/ul>\n<p><strong>Bienfaits essentiels :<\/strong><\/p>\n<ul>\n<li>Aliment bas\u00e9 sur une formule sp\u00e9ciale contenant tous les nutriments essentiels \u00e0 une alimentation \u00e9quilibr\u00e9e, et de la phl\u00e9ole des pr\u00e9s \u00e0 haute teneur en fibres\u00a0<strong>pour assurer une physiologie intestinale et une digestion optimales<\/strong>.<\/li>\n<li>Se d\u00e9place facilement \u00e0 travers un tube d&#8217;alimemention ou une seringue.<\/li>\n<li><strong>Caloriquement dense<\/strong>, n\u00e9cessitant moins d&#8217;apport en volume pour r\u00e9pondre aux besoins \u00e9nerg\u00e9tiques quotidiens.<\/li>\n<\/ul>\n","protected":false},"excerpt":{"rendered":"<p><strong>L&#8217;OXBOW\u00a0Critical Care\u00a0est un aliment di\u00e9t\u00e9tique\u00a0de haute qualit\u00e9 pour herbivores qui favorise le r\u00e9tablissement et la r\u00e9cup\u00e9ration con\u00e7u pour \u00eatre utilis\u00e9 avec des sondes d\u2019alimentation ou bien par les m\u00e9thodes traditionnelles.<\/strong><br \/>\n<strong>Utilisation :<\/strong><\/p>\n<ul>\n<li>Animal herbivore (chinchilla, gerbille, hamster, lapin, rat &#8230;)<\/li>\n<li>Refus de\u00a0manger son alimentation normale en raison d\u2019une maladie, d\u2019une intervention chirurgicale ou d\u2019un \u00e9tat nutritionnel d\u00e9ficient<strong>\u00a0<\/strong><\/li>\n<li>Peut \u00eatre administr\u00e9 par sonde si n\u00e9cessaire<\/li>\n<\/ul>\n","protected":false},"featured_media":917991,"template":"","meta":[],"product_cat":[12578,12579,12580,12659,12660,12661,2727,2747,12570],"product_tag":[],"class_list":{"0":"post-121573","1":"product","2":"type-product","3":"status-publish","4":"has-post-thumbnail","6":"product_cat-alimentation-du-lapin","7":"product_cat-alimentation-du-reptile","8":"product_cat-alimentation-du-rongeur","9":"product_cat-alimentation-medicalisee-pour-lapin","10":"product_cat-alimentation-medicalisee-pour-reptile","11":"product_cat-alimentation-medicalisee-pour-rongeur","12":"product_cat-nac","13":"product_cat-reptile","14":"product_cat-rongeur","15":"pa_marque-oxbow-animal-health","17":"first","18":"instock","19":"taxable","20":"shipping-taxable","21":"purchasable","22":"product-type-simple"},"yoast_head":"<!-- This site is optimized with the Yoast SEO plugin v27.3 - https:\/\/yoast.com\/product\/yoast-seo-wordpress\/ -->\n<title>Oxbow Critical Care Fine Grind Oxbow Animal Health - V\u00e9torino<\/title>\n<meta name=\"description\" content=\"L&#039;OXBOW\u00a0Critical Care\u00a0est un aliment di\u00e9t\u00e9tique\u00a0de haute qualit\u00e9 pour herbivores qui favorise le r\u00e9tablissement et la r\u00e9cup\u00e9ration con\u00e7u pour \u00eatre utilis\u00e9 avec des sondes d\u2019alimentation ou bien par les m\u00e9thodes traditionnelles. Utilisation :   Animal herbivore (chinchilla, gerbille, hamster, lapin, rat ...)  Refus de\u00a0manger son alimentation normale en raison d\u2019une maladie, d\u2019une intervention chirurgicale ou d\u2019un \u00e9tat nutritionnel d\u00e9ficient\u00a0  Peut \u00eatre administr\u00e9 par sonde si n\u00e9cessaire\" \/>\n<meta name=\"robots\" content=\"noindex, nofollow\" \/>\n<meta property=\"og:locale\" content=\"fr_FR\" \/>\n<meta property=\"og:type\" content=\"article\" \/>\n<meta property=\"og:title\" content=\"Oxbow Critical Care Fine Grind Oxbow Animal Health - V\u00e9torino\" \/>\n<meta property=\"og:description\" content=\"L&#039;OXBOW\u00a0Critical Care\u00a0est un aliment di\u00e9t\u00e9tique\u00a0de haute qualit\u00e9 pour herbivores qui favorise le r\u00e9tablissement et la r\u00e9cup\u00e9ration con\u00e7u pour \u00eatre utilis\u00e9 avec des sondes d\u2019alimentation ou bien par les m\u00e9thodes traditionnelles. Utilisation :   Animal herbivore (chinchilla, gerbille, hamster, lapin, rat ...)  Refus de\u00a0manger son alimentation normale en raison d\u2019une maladie, d\u2019une intervention chirurgicale ou d\u2019un \u00e9tat nutritionnel d\u00e9ficient\u00a0  Peut \u00eatre administr\u00e9 par sonde si n\u00e9cessaire\" \/>\n<meta property=\"og:url\" content=\"https:\/\/www.vetorino.com\/veterinaire\/sceaux-92330\/boutique\/product\/oxbow-critical-care-fine-grind-3\/\" \/>\n<meta property=\"og:site_name\" content=\"V\u00e9torino\" \/>\n<meta property=\"article:publisher\" content=\"https:\/\/www.facebook.com\/Vetorino\/\" \/>\n<meta property=\"article:modified_time\" content=\"2024-06-07T12:56:32+00:00\" \/>\n<meta property=\"og:image\" content=\"https:\/\/www.vetorino.com\/boutique\/wp-content\/uploads\/2020\/10\/oxbow-critical-care-fine-grind.png\" \/>\n\t<meta property=\"og:image:width\" content=\"540\" \/>\n\t<meta property=\"og:image:height\" content=\"540\" \/>\n\t<meta property=\"og:image:type\" content=\"image\/png\" \/>\n<meta name=\"twitter:card\" content=\"summary_large_image\" \/>\n<meta name=\"twitter:label1\" content=\"Prix\" \/>\n\t<meta name=\"twitter:data1\" content=\"26,98&euro;\" \/>\n\t<meta name=\"twitter:label2\" content=\"Disponibilit\u00e9\" \/>\n\t<meta name=\"twitter:data2\" content=\"En stock\" \/>\n<script type=\"application\/ld+json\" class=\"yoast-schema-graph\">{\"@context\":\"https:\\\/\\\/schema.org\",\"@graph\":[{\"@type\":\"WebPage\",\"@id\":\"https:\\\/\\\/www.vetorino.com\\\/veterinaire\\\/vincennes-loup-94300\\\/boutique\\\/product\\\/oxbow-critical-care-fine-grind-3\\\/\",\"url\":\"https:\\\/\\\/www.vetorino.com\\\/veterinaire\\\/vincennes-loup-94300\\\/boutique\\\/product\\\/oxbow-critical-care-fine-grind-3\\\/\",\"name\":\"Oxbow Critical Care Fine Grind Oxbow Animal Health - V\u00e9torino\",\"isPartOf\":{\"@id\":\"https:\\\/\\\/www.vetorino.com\\\/boutique\\\/#website\"},\"primaryImageOfPage\":{\"@id\":\"https:\\\/\\\/www.vetorino.com\\\/veterinaire\\\/vincennes-loup-94300\\\/boutique\\\/product\\\/oxbow-critical-care-fine-grind-3\\\/#primaryimage\"},\"image\":{\"@id\":\"https:\\\/\\\/www.vetorino.com\\\/veterinaire\\\/vincennes-loup-94300\\\/boutique\\\/product\\\/oxbow-critical-care-fine-grind-3\\\/#primaryimage\"},\"thumbnailUrl\":\"https:\\\/\\\/www.vetorino.com\\\/boutique\\\/wp-content\\\/uploads\\\/2020\\\/10\\\/oxbow-critical-care-fine-grind.png\",\"datePublished\":\"2020-10-06T10:37:42+00:00\",\"dateModified\":\"2024-06-07T12:56:32+00:00\",\"description\":\"L'OXBOW\u00a0Critical Care\u00a0est un aliment di\u00e9t\u00e9tique\u00a0de haute qualit\u00e9 pour herbivores qui favorise le r\u00e9tablissement et la r\u00e9cup\u00e9ration con\u00e7u pour \u00eatre utilis\u00e9 avec des sondes d\u2019alimentation ou bien par les m\u00e9thodes traditionnelles. Utilisation : Animal herbivore (chinchilla, gerbille, hamster, lapin, rat ...) Refus de\u00a0manger son alimentation normale en raison d\u2019une maladie, d\u2019une intervention chirurgicale ou d\u2019un \u00e9tat nutritionnel d\u00e9ficient\u00a0 Peut \u00eatre administr\u00e9 par sonde si n\u00e9cessaire\",\"breadcrumb\":{\"@id\":\"https:\\\/\\\/www.vetorino.com\\\/veterinaire\\\/vincennes-loup-94300\\\/boutique\\\/product\\\/oxbow-critical-care-fine-grind-3\\\/#breadcrumb\"},\"inLanguage\":\"fr-FR\",\"potentialAction\":[{\"@type\":\"ReadAction\",\"target\":[\"https:\\\/\\\/www.vetorino.com\\\/veterinaire\\\/vincennes-loup-94300\\\/boutique\\\/product\\\/oxbow-critical-care-fine-grind-3\\\/\"]}]},{\"@type\":\"ImageObject\",\"inLanguage\":\"fr-FR\",\"@id\":\"https:\\\/\\\/www.vetorino.com\\\/veterinaire\\\/vincennes-loup-94300\\\/boutique\\\/product\\\/oxbow-critical-care-fine-grind-3\\\/#primaryimage\",\"url\":\"https:\\\/\\\/www.vetorino.com\\\/boutique\\\/wp-content\\\/uploads\\\/2020\\\/10\\\/oxbow-critical-care-fine-grind.png\",\"contentUrl\":\"https:\\\/\\\/www.vetorino.com\\\/boutique\\\/wp-content\\\/uploads\\\/2020\\\/10\\\/oxbow-critical-care-fine-grind.png\",\"width\":540,\"height\":540},{\"@type\":\"BreadcrumbList\",\"@id\":\"https:\\\/\\\/www.vetorino.com\\\/veterinaire\\\/vincennes-loup-94300\\\/boutique\\\/product\\\/oxbow-critical-care-fine-grind-3\\\/#breadcrumb\",\"itemListElement\":[{\"@type\":\"ListItem\",\"position\":1,\"name\":\"Accueil\",\"item\":\"https:\\\/\\\/www.vetorino.com\\\/boutique\\\/\"},{\"@type\":\"ListItem\",\"position\":2,\"name\":\"Produits\",\"item\":\"https:\\\/\\\/www.vetorino.com\\\/boutique\\\/\"},{\"@type\":\"ListItem\",\"position\":3,\"name\":\"Oxbow Critical Care Fine Grind\"}]},{\"@type\":\"WebSite\",\"@id\":\"https:\\\/\\\/www.vetorino.com\\\/boutique\\\/#website\",\"url\":\"https:\\\/\\\/www.vetorino.com\\\/boutique\\\/\",\"name\":\"V\u00e9torino\",\"description\":\"\",\"publisher\":{\"@id\":\"https:\\\/\\\/www.vetorino.com\\\/boutique\\\/#organization\"},\"potentialAction\":[{\"@type\":\"SearchAction\",\"target\":{\"@type\":\"EntryPoint\",\"urlTemplate\":\"https:\\\/\\\/www.vetorino.com\\\/boutique\\\/?s={search_term_string}\"},\"query-input\":{\"@type\":\"PropertyValueSpecification\",\"valueRequired\":true,\"valueName\":\"search_term_string\"}}],\"inLanguage\":\"fr-FR\"},{\"@type\":\"Organization\",\"@id\":\"https:\\\/\\\/www.vetorino.com\\\/boutique\\\/#organization\",\"name\":\"V\u00e9torino\",\"url\":\"https:\\\/\\\/www.vetorino.com\\\/boutique\\\/\",\"logo\":{\"@type\":\"ImageObject\",\"inLanguage\":\"fr-FR\",\"@id\":\"https:\\\/\\\/www.vetorino.com\\\/boutique\\\/#\\\/schema\\\/logo\\\/image\\\/\",\"url\":\"https:\\\/\\\/www.vetorino.com\\\/boutique\\\/wp-content\\\/uploads\\\/2024\\\/10\\\/logo.jpg\",\"contentUrl\":\"https:\\\/\\\/www.vetorino.com\\\/boutique\\\/wp-content\\\/uploads\\\/2024\\\/10\\\/logo.jpg\",\"width\":1200,\"height\":610,\"caption\":\"V\u00e9torino\"},\"image\":{\"@id\":\"https:\\\/\\\/www.vetorino.com\\\/boutique\\\/#\\\/schema\\\/logo\\\/image\\\/\"},\"sameAs\":[\"https:\\\/\\\/www.facebook.com\\\/Vetorino\\\/\",\"https:\\\/\\\/www.instagram.com\\\/vetorino_off\\\/\",\"https:\\\/\\\/www.linkedin.com\\\/company\\\/vtorino\\\/\"]}]}<\/script>\n<meta property=\"product:brand\" content=\"Oxbow Animal Health\" \/>\n<meta property=\"product:price:amount\" content=\"26.98\" \/>\n<meta property=\"product:price:currency\" content=\"EUR\" \/>\n<meta property=\"og:availability\" content=\"instock\" \/>\n<meta property=\"product:availability\" content=\"instock\" \/>\n<meta property=\"product:retailer_item_id\" content=\"O-81446\" \/>\n<meta property=\"product:condition\" content=\"new\" \/>\n<!-- \/ Yoast SEO plugin. -->","yoast_head_json":{"title":"Oxbow Critical Care Fine Grind Oxbow Animal Health - V\u00e9torino","description":"L'OXBOW\u00a0Critical Care\u00a0est un aliment di\u00e9t\u00e9tique\u00a0de haute qualit\u00e9 pour herbivores qui favorise le r\u00e9tablissement et la r\u00e9cup\u00e9ration con\u00e7u pour \u00eatre utilis\u00e9 avec des sondes d\u2019alimentation ou bien par les m\u00e9thodes traditionnelles. Utilisation :   Animal herbivore (chinchilla, gerbille, hamster, lapin, rat ...)  Refus de\u00a0manger son alimentation normale en raison d\u2019une maladie, d\u2019une intervention chirurgicale ou d\u2019un \u00e9tat nutritionnel d\u00e9ficient\u00a0  Peut \u00eatre administr\u00e9 par sonde si n\u00e9cessaire","robots":{"index":"noindex","follow":"nofollow"},"og_locale":"fr_FR","og_type":"article","og_title":"Oxbow Critical Care Fine Grind Oxbow Animal Health - V\u00e9torino","og_description":"L'OXBOW\u00a0Critical Care\u00a0est un aliment di\u00e9t\u00e9tique\u00a0de haute qualit\u00e9 pour herbivores qui favorise le r\u00e9tablissement et la r\u00e9cup\u00e9ration con\u00e7u pour \u00eatre utilis\u00e9 avec des sondes d\u2019alimentation ou bien par les m\u00e9thodes traditionnelles. Utilisation :   Animal herbivore (chinchilla, gerbille, hamster, lapin, rat ...)  Refus de\u00a0manger son alimentation normale en raison d\u2019une maladie, d\u2019une intervention chirurgicale ou d\u2019un \u00e9tat nutritionnel d\u00e9ficient\u00a0  Peut \u00eatre administr\u00e9 par sonde si n\u00e9cessaire","og_url":"https:\/\/www.vetorino.com\/veterinaire\/sceaux-92330\/boutique\/product\/oxbow-critical-care-fine-grind-3\/","og_site_name":"V\u00e9torino","article_publisher":"https:\/\/www.facebook.com\/Vetorino\/","article_modified_time":"2024-06-07T12:56:32+00:00","og_image":[{"width":540,"height":540,"url":"https:\/\/www.vetorino.com\/boutique\/wp-content\/uploads\/2020\/10\/oxbow-critical-care-fine-grind.png","type":"image\/png"}],"twitter_card":"summary_large_image","twitter_misc":{"Prix":"26,98&euro;","Disponibilit\u00e9":"En stock"},"schema":{"@context":"https:\/\/schema.org","@graph":[{"@type":"WebPage","@id":"https:\/\/www.vetorino.com\/veterinaire\/vincennes-loup-94300\/boutique\/product\/oxbow-critical-care-fine-grind-3\/","url":"https:\/\/www.vetorino.com\/veterinaire\/vincennes-loup-94300\/boutique\/product\/oxbow-critical-care-fine-grind-3\/","name":"Oxbow Critical Care Fine Grind Oxbow Animal Health - V\u00e9torino","isPartOf":{"@id":"https:\/\/www.vetorino.com\/boutique\/#website"},"primaryImageOfPage":{"@id":"https:\/\/www.vetorino.com\/veterinaire\/vincennes-loup-94300\/boutique\/product\/oxbow-critical-care-fine-grind-3\/#primaryimage"},"image":{"@id":"https:\/\/www.vetorino.com\/veterinaire\/vincennes-loup-94300\/boutique\/product\/oxbow-critical-care-fine-grind-3\/#primaryimage"},"thumbnailUrl":"https:\/\/www.vetorino.com\/boutique\/wp-content\/uploads\/2020\/10\/oxbow-critical-care-fine-grind.png","datePublished":"2020-10-06T10:37:42+00:00","dateModified":"2024-06-07T12:56:32+00:00","description":"L'OXBOW\u00a0Critical Care\u00a0est un aliment di\u00e9t\u00e9tique\u00a0de haute qualit\u00e9 pour herbivores qui favorise le r\u00e9tablissement et la r\u00e9cup\u00e9ration con\u00e7u pour \u00eatre utilis\u00e9 avec des sondes d\u2019alimentation ou bien par les m\u00e9thodes traditionnelles. Utilisation : Animal herbivore (chinchilla, gerbille, hamster, lapin, rat ...) Refus de\u00a0manger son alimentation normale en raison d\u2019une maladie, d\u2019une intervention chirurgicale ou d\u2019un \u00e9tat nutritionnel d\u00e9ficient\u00a0 Peut \u00eatre administr\u00e9 par sonde si n\u00e9cessaire","breadcrumb":{"@id":"https:\/\/www.vetorino.com\/veterinaire\/vincennes-loup-94300\/boutique\/product\/oxbow-critical-care-fine-grind-3\/#breadcrumb"},"inLanguage":"fr-FR","potentialAction":[{"@type":"ReadAction","target":["https:\/\/www.vetorino.com\/veterinaire\/vincennes-loup-94300\/boutique\/product\/oxbow-critical-care-fine-grind-3\/"]}]},{"@type":"ImageObject","inLanguage":"fr-FR","@id":"https:\/\/www.vetorino.com\/veterinaire\/vincennes-loup-94300\/boutique\/product\/oxbow-critical-care-fine-grind-3\/#primaryimage","url":"https:\/\/www.vetorino.com\/boutique\/wp-content\/uploads\/2020\/10\/oxbow-critical-care-fine-grind.png","contentUrl":"https:\/\/www.vetorino.com\/boutique\/wp-content\/uploads\/2020\/10\/oxbow-critical-care-fine-grind.png","width":540,"height":540},{"@type":"BreadcrumbList","@id":"https:\/\/www.vetorino.com\/veterinaire\/vincennes-loup-94300\/boutique\/product\/oxbow-critical-care-fine-grind-3\/#breadcrumb","itemListElement":[{"@type":"ListItem","position":1,"name":"Accueil","item":"https:\/\/www.vetorino.com\/boutique\/"},{"@type":"ListItem","position":2,"name":"Produits","item":"https:\/\/www.vetorino.com\/boutique\/"},{"@type":"ListItem","position":3,"name":"Oxbow Critical Care Fine Grind"}]},{"@type":"WebSite","@id":"https:\/\/www.vetorino.com\/boutique\/#website","url":"https:\/\/www.vetorino.com\/boutique\/","name":"V\u00e9torino","description":"","publisher":{"@id":"https:\/\/www.vetorino.com\/boutique\/#organization"},"potentialAction":[{"@type":"SearchAction","target":{"@type":"EntryPoint","urlTemplate":"https:\/\/www.vetorino.com\/boutique\/?s={search_term_string}"},"query-input":{"@type":"PropertyValueSpecification","valueRequired":true,"valueName":"search_term_string"}}],"inLanguage":"fr-FR"},{"@type":"Organization","@id":"https:\/\/www.vetorino.com\/boutique\/#organization","name":"V\u00e9torino","url":"https:\/\/www.vetorino.com\/boutique\/","logo":{"@type":"ImageObject","inLanguage":"fr-FR","@id":"https:\/\/www.vetorino.com\/boutique\/#\/schema\/logo\/image\/","url":"https:\/\/www.vetorino.com\/boutique\/wp-content\/uploads\/2024\/10\/logo.jpg","contentUrl":"https:\/\/www.vetorino.com\/boutique\/wp-content\/uploads\/2024\/10\/logo.jpg","width":1200,"height":610,"caption":"V\u00e9torino"},"image":{"@id":"https:\/\/www.vetorino.com\/boutique\/#\/schema\/logo\/image\/"},"sameAs":["https:\/\/www.facebook.com\/Vetorino\/","https:\/\/www.instagram.com\/vetorino_off\/","https:\/\/www.linkedin.com\/company\/vtorino\/"]}]},"product_brand":"Oxbow Animal Health","product_price_amount":"26.98","product_price_currency":"EUR","og_availability":"instock","product_availability":"instock","product_retailer_item_id":"O-81446","product_condition":"new"},"_links":{"self":[{"href":"https:\/\/www.vetorino.com\/veterinaire\/sceaux-92330\/boutique\/wp-json\/wp\/v2\/product\/121573","targetHints":{"allow":["GET"]}}],"collection":[{"href":"https:\/\/www.vetorino.com\/veterinaire\/sceaux-92330\/boutique\/wp-json\/wp\/v2\/product"}],"about":[{"href":"https:\/\/www.vetorino.com\/veterinaire\/sceaux-92330\/boutique\/wp-json\/wp\/v2\/types\/product"}],"wp:featuredmedia":[{"embeddable":true,"href":"https:\/\/www.vetorino.com\/veterinaire\/sceaux-92330\/boutique\/wp-json\/wp\/v2\/media\/917991"}],"wp:attachment":[{"href":"https:\/\/www.vetorino.com\/veterinaire\/sceaux-92330\/boutique\/wp-json\/wp\/v2\/media?parent=121573"}],"wp:term":[{"taxonomy":"product_cat","embeddable":true,"href":"https:\/\/www.vetorino.com\/veterinaire\/sceaux-92330\/boutique\/wp-json\/wp\/v2\/product_cat?post=121573"},{"taxonomy":"product_tag","embeddable":true,"href":"https:\/\/www.vetorino.com\/veterinaire\/sceaux-92330\/boutique\/wp-json\/wp\/v2\/product_tag?post=121573"}],"curies":[{"name":"wp","href":"https:\/\/api.w.org\/{rel}","templated":true}]}}