{"id":121842,"date":"2020-10-06T13:32:46","date_gmt":"2020-10-06T11:32:46","guid":{"rendered":"https:\/\/www.vetorino.com\/boutique\/product\/selective-junior-rabbit-lapin-3\/"},"modified":"2024-05-13T09:57:18","modified_gmt":"2024-05-13T07:57:18","slug":"selective-junior-rabbit-lapin-3","status":"publish","type":"product","link":"https:\/\/www.vetorino.com\/veterinaire\/sceaux-92330\/boutique\/product\/selective-junior-rabbit-lapin-3\/","title":{"rendered":"Selective Junior Lapin"},"content":{"rendered":"<p>L&#8217;aliment <b>Supreme Science Selective Lapin junior<\/b>\u00a0aux \u00c9pinards et aux graines de lin est sp\u00e9cialement formul\u00e9 pour r\u00e9pondre aux besoins nutritionnels des lapins \u00e2g\u00e9s de 4 \u00e0 20 semaines, et des lapines gestantes et allaitantes.<br \/>\nSa formule contient 25% de fibres brutes et un \u00e9quilibre calcium \/ phosphore afin de fournir \u00e0 votre lapin les extrud\u00e9s monogranul\u00e9s de la meilleure qualit\u00e9 pour une vie en bonne sant\u00e9 et pleine de vitalit\u00e9.<br \/>\nContenant 19% de fibres en vue de faciliter la motilit\u00e9 intestinale et favoriser la sant\u00e9 dentaire, cet aliment est \u00e9galement riche en prot\u00e9ines afin de favoriser la croissance et le d\u00e9veloppement. Il contient des \u00e9pinards, qui sont naturellement riches en lut\u00e9ine, en acide alpha-lipo\u00efque et en co-enzyme Q10, et des graines de lins, une excellente source d\u2019acides gras om\u00e9ga 3 et 6.<\/p>\n<p>Selective pour Lapin junior Supreme Science<\/p>\n<p>&#8211; pr\u00e9vient l\u2019alimentation s\u00e9lective : un probl\u00e8me fr\u00e9quemment observ\u00e9 chez le lapin<br \/>\n&#8211; aliment complet et \u00e9quilibr\u00e9 sur le plan nutritionnel<br \/>\n&#8211; pour les jeunes lapins et les lapines gestantes ou qui allaitent<br \/>\n&#8211; nourriture riche en fibres (19%)<br \/>\n&#8211; teneurs \u00e9lev\u00e9es en prot\u00e9ines pour favoriser la croissance et le d\u00e9veloppement<br \/>\n&#8211; contient des \u00e9pinards, naturellement riches en lut\u00e9ine, en acide alpha-lipo\u00efque et en co-enzyme Q10<br \/>\n&#8211; contient des graines de lin \u2013 une excellente source d\u2019acides gras om\u00e9ga 3 et 6, pour une peau et un pelage sains<br \/>\n&#8211; nourriture sans sucres ajout\u00e9s ni colorants artificiels<br \/>\n&#8211; recommand\u00e9 par les v\u00e9t\u00e9rinaires<\/p>\n","protected":false},"excerpt":{"rendered":"<p>L&#8217;aliment <b>Supreme Science Selective Lapin junior<\/b>\u00a0aux \u00c9pinards et aux graines de lin est sp\u00e9cialement formul\u00e9 pour r\u00e9pondre aux besoins nutritionnels des lapins \u00e2g\u00e9s de 4 \u00e0 20 semaines, et des lapines gestantes et allaitantes.<\/p>\n","protected":false},"featured_media":917936,"template":"","meta":[],"product_cat":[12578,12665,12563,2727,12570],"product_tag":[],"class_list":{"0":"post-121842","1":"product","2":"type-product","3":"status-publish","4":"has-post-thumbnail","6":"product_cat-alimentation-du-lapin","7":"product_cat-complement-nutritionnel-pour-lapin","8":"product_cat-lapin","9":"product_cat-nac","10":"product_cat-rongeur","11":"pa_marque-supreme-petfoods","13":"first","14":"instock","15":"taxable","16":"shipping-taxable","17":"purchasable","18":"product-type-simple"},"yoast_head":"<!-- This site is optimized with the Yoast SEO plugin v27.3 - https:\/\/yoast.com\/product\/yoast-seo-wordpress\/ -->\n<title>Selective Junior Lapin Supreme Petfoods - V\u00e9torino<\/title>\n<meta name=\"description\" content=\"L&#039;aliment Supreme Science Selective Lapin junior\u00a0aux \u00c9pinards et aux graines de lin est sp\u00e9cialement formul\u00e9 pour r\u00e9pondre aux besoins nutritionnels des lapins \u00e2g\u00e9s de 4 \u00e0 20 semaines, et des lapines gestantes et allaitantes.\" \/>\n<meta name=\"robots\" content=\"noindex, nofollow\" \/>\n<meta property=\"og:locale\" content=\"fr_FR\" \/>\n<meta property=\"og:type\" content=\"article\" \/>\n<meta property=\"og:title\" content=\"Selective Junior Lapin Supreme Petfoods - V\u00e9torino\" \/>\n<meta property=\"og:description\" content=\"L&#039;aliment Supreme Science Selective Lapin junior\u00a0aux \u00c9pinards et aux graines de lin est sp\u00e9cialement formul\u00e9 pour r\u00e9pondre aux besoins nutritionnels des lapins \u00e2g\u00e9s de 4 \u00e0 20 semaines, et des lapines gestantes et allaitantes.\" \/>\n<meta property=\"og:url\" content=\"https:\/\/www.vetorino.com\/veterinaire\/sceaux-92330\/boutique\/product\/selective-junior-rabbit-lapin-3\/\" \/>\n<meta property=\"og:site_name\" content=\"V\u00e9torino\" \/>\n<meta property=\"article:publisher\" content=\"https:\/\/www.facebook.com\/Vetorino\/\" \/>\n<meta property=\"article:modified_time\" content=\"2024-05-13T07:57:18+00:00\" \/>\n<meta property=\"og:image\" content=\"https:\/\/www.vetorino.com\/boutique\/wp-content\/uploads\/2020\/10\/xl_4317e62166fc8586dfa4d1bc0e1742c08b1575904372.webp\" \/>\n\t<meta property=\"og:image:width\" content=\"1561\" \/>\n\t<meta property=\"og:image:height\" content=\"2000\" \/>\n\t<meta property=\"og:image:type\" content=\"image\/webp\" \/>\n<meta name=\"twitter:card\" content=\"summary_large_image\" \/>\n<meta name=\"twitter:label1\" content=\"Prix\" \/>\n\t<meta name=\"twitter:data1\" content=\"9,47&euro;\" \/>\n\t<meta name=\"twitter:label2\" content=\"Disponibilit\u00e9\" \/>\n\t<meta name=\"twitter:data2\" content=\"En stock\" \/>\n<script type=\"application\/ld+json\" class=\"yoast-schema-graph\">{\"@context\":\"https:\\\/\\\/schema.org\",\"@graph\":[{\"@type\":\"WebPage\",\"@id\":\"https:\\\/\\\/www.vetorino.com\\\/veterinaire\\\/vincennes-loup-94300\\\/boutique\\\/product\\\/selective-junior-rabbit-lapin-3\\\/\",\"url\":\"https:\\\/\\\/www.vetorino.com\\\/veterinaire\\\/vincennes-loup-94300\\\/boutique\\\/product\\\/selective-junior-rabbit-lapin-3\\\/\",\"name\":\"Selective Junior Lapin Supreme Petfoods - V\u00e9torino\",\"isPartOf\":{\"@id\":\"https:\\\/\\\/www.vetorino.com\\\/boutique\\\/#website\"},\"primaryImageOfPage\":{\"@id\":\"https:\\\/\\\/www.vetorino.com\\\/veterinaire\\\/vincennes-loup-94300\\\/boutique\\\/product\\\/selective-junior-rabbit-lapin-3\\\/#primaryimage\"},\"image\":{\"@id\":\"https:\\\/\\\/www.vetorino.com\\\/veterinaire\\\/vincennes-loup-94300\\\/boutique\\\/product\\\/selective-junior-rabbit-lapin-3\\\/#primaryimage\"},\"thumbnailUrl\":\"https:\\\/\\\/www.vetorino.com\\\/boutique\\\/wp-content\\\/uploads\\\/2020\\\/10\\\/xl_4317e62166fc8586dfa4d1bc0e1742c08b1575904372.webp\",\"datePublished\":\"2020-10-06T11:32:46+00:00\",\"dateModified\":\"2024-05-13T07:57:18+00:00\",\"description\":\"L'aliment Supreme Science Selective Lapin junior\u00a0aux \u00c9pinards et aux graines de lin est sp\u00e9cialement formul\u00e9 pour r\u00e9pondre aux besoins nutritionnels des lapins \u00e2g\u00e9s de 4 \u00e0 20 semaines, et des lapines gestantes et allaitantes.\",\"breadcrumb\":{\"@id\":\"https:\\\/\\\/www.vetorino.com\\\/veterinaire\\\/vincennes-loup-94300\\\/boutique\\\/product\\\/selective-junior-rabbit-lapin-3\\\/#breadcrumb\"},\"inLanguage\":\"fr-FR\",\"potentialAction\":[{\"@type\":\"ReadAction\",\"target\":[\"https:\\\/\\\/www.vetorino.com\\\/veterinaire\\\/vincennes-loup-94300\\\/boutique\\\/product\\\/selective-junior-rabbit-lapin-3\\\/\"]}]},{\"@type\":\"ImageObject\",\"inLanguage\":\"fr-FR\",\"@id\":\"https:\\\/\\\/www.vetorino.com\\\/veterinaire\\\/vincennes-loup-94300\\\/boutique\\\/product\\\/selective-junior-rabbit-lapin-3\\\/#primaryimage\",\"url\":\"https:\\\/\\\/www.vetorino.com\\\/boutique\\\/wp-content\\\/uploads\\\/2020\\\/10\\\/xl_4317e62166fc8586dfa4d1bc0e1742c08b1575904372.webp\",\"contentUrl\":\"https:\\\/\\\/www.vetorino.com\\\/boutique\\\/wp-content\\\/uploads\\\/2020\\\/10\\\/xl_4317e62166fc8586dfa4d1bc0e1742c08b1575904372.webp\",\"width\":1561,\"height\":2000},{\"@type\":\"BreadcrumbList\",\"@id\":\"https:\\\/\\\/www.vetorino.com\\\/veterinaire\\\/vincennes-loup-94300\\\/boutique\\\/product\\\/selective-junior-rabbit-lapin-3\\\/#breadcrumb\",\"itemListElement\":[{\"@type\":\"ListItem\",\"position\":1,\"name\":\"Accueil\",\"item\":\"https:\\\/\\\/www.vetorino.com\\\/boutique\\\/\"},{\"@type\":\"ListItem\",\"position\":2,\"name\":\"Produits\",\"item\":\"https:\\\/\\\/www.vetorino.com\\\/boutique\\\/\"},{\"@type\":\"ListItem\",\"position\":3,\"name\":\"Selective Junior Lapin\"}]},{\"@type\":\"WebSite\",\"@id\":\"https:\\\/\\\/www.vetorino.com\\\/boutique\\\/#website\",\"url\":\"https:\\\/\\\/www.vetorino.com\\\/boutique\\\/\",\"name\":\"V\u00e9torino\",\"description\":\"\",\"publisher\":{\"@id\":\"https:\\\/\\\/www.vetorino.com\\\/boutique\\\/#organization\"},\"potentialAction\":[{\"@type\":\"SearchAction\",\"target\":{\"@type\":\"EntryPoint\",\"urlTemplate\":\"https:\\\/\\\/www.vetorino.com\\\/boutique\\\/?s={search_term_string}\"},\"query-input\":{\"@type\":\"PropertyValueSpecification\",\"valueRequired\":true,\"valueName\":\"search_term_string\"}}],\"inLanguage\":\"fr-FR\"},{\"@type\":\"Organization\",\"@id\":\"https:\\\/\\\/www.vetorino.com\\\/boutique\\\/#organization\",\"name\":\"V\u00e9torino\",\"url\":\"https:\\\/\\\/www.vetorino.com\\\/boutique\\\/\",\"logo\":{\"@type\":\"ImageObject\",\"inLanguage\":\"fr-FR\",\"@id\":\"https:\\\/\\\/www.vetorino.com\\\/boutique\\\/#\\\/schema\\\/logo\\\/image\\\/\",\"url\":\"https:\\\/\\\/www.vetorino.com\\\/boutique\\\/wp-content\\\/uploads\\\/2024\\\/10\\\/logo.jpg\",\"contentUrl\":\"https:\\\/\\\/www.vetorino.com\\\/boutique\\\/wp-content\\\/uploads\\\/2024\\\/10\\\/logo.jpg\",\"width\":1200,\"height\":610,\"caption\":\"V\u00e9torino\"},\"image\":{\"@id\":\"https:\\\/\\\/www.vetorino.com\\\/boutique\\\/#\\\/schema\\\/logo\\\/image\\\/\"},\"sameAs\":[\"https:\\\/\\\/www.facebook.com\\\/Vetorino\\\/\",\"https:\\\/\\\/www.instagram.com\\\/vetorino_off\\\/\",\"https:\\\/\\\/www.linkedin.com\\\/company\\\/vtorino\\\/\"]}]}<\/script>\n<meta property=\"product:brand\" content=\"Supreme Petfoods\" \/>\n<meta property=\"product:price:amount\" content=\"9.47\" \/>\n<meta property=\"product:price:currency\" content=\"EUR\" \/>\n<meta property=\"og:availability\" content=\"instock\" \/>\n<meta property=\"product:availability\" content=\"instock\" \/>\n<meta property=\"product:retailer_item_id\" content=\"O-17438\" \/>\n<meta property=\"product:condition\" content=\"new\" \/>\n<!-- \/ Yoast SEO plugin. -->","yoast_head_json":{"title":"Selective Junior Lapin Supreme Petfoods - V\u00e9torino","description":"L'aliment Supreme Science Selective Lapin junior\u00a0aux \u00c9pinards et aux graines de lin est sp\u00e9cialement formul\u00e9 pour r\u00e9pondre aux besoins nutritionnels des lapins \u00e2g\u00e9s de 4 \u00e0 20 semaines, et des lapines gestantes et allaitantes.","robots":{"index":"noindex","follow":"nofollow"},"og_locale":"fr_FR","og_type":"article","og_title":"Selective Junior Lapin Supreme Petfoods - V\u00e9torino","og_description":"L'aliment Supreme Science Selective Lapin junior\u00a0aux \u00c9pinards et aux graines de lin est sp\u00e9cialement formul\u00e9 pour r\u00e9pondre aux besoins nutritionnels des lapins \u00e2g\u00e9s de 4 \u00e0 20 semaines, et des lapines gestantes et allaitantes.","og_url":"https:\/\/www.vetorino.com\/veterinaire\/sceaux-92330\/boutique\/product\/selective-junior-rabbit-lapin-3\/","og_site_name":"V\u00e9torino","article_publisher":"https:\/\/www.facebook.com\/Vetorino\/","article_modified_time":"2024-05-13T07:57:18+00:00","og_image":[{"width":1561,"height":2000,"url":"https:\/\/www.vetorino.com\/boutique\/wp-content\/uploads\/2020\/10\/xl_4317e62166fc8586dfa4d1bc0e1742c08b1575904372.webp","type":"image\/webp"}],"twitter_card":"summary_large_image","twitter_misc":{"Prix":"9,47&euro;","Disponibilit\u00e9":"En stock"},"schema":{"@context":"https:\/\/schema.org","@graph":[{"@type":"WebPage","@id":"https:\/\/www.vetorino.com\/veterinaire\/vincennes-loup-94300\/boutique\/product\/selective-junior-rabbit-lapin-3\/","url":"https:\/\/www.vetorino.com\/veterinaire\/vincennes-loup-94300\/boutique\/product\/selective-junior-rabbit-lapin-3\/","name":"Selective Junior Lapin Supreme Petfoods - V\u00e9torino","isPartOf":{"@id":"https:\/\/www.vetorino.com\/boutique\/#website"},"primaryImageOfPage":{"@id":"https:\/\/www.vetorino.com\/veterinaire\/vincennes-loup-94300\/boutique\/product\/selective-junior-rabbit-lapin-3\/#primaryimage"},"image":{"@id":"https:\/\/www.vetorino.com\/veterinaire\/vincennes-loup-94300\/boutique\/product\/selective-junior-rabbit-lapin-3\/#primaryimage"},"thumbnailUrl":"https:\/\/www.vetorino.com\/boutique\/wp-content\/uploads\/2020\/10\/xl_4317e62166fc8586dfa4d1bc0e1742c08b1575904372.webp","datePublished":"2020-10-06T11:32:46+00:00","dateModified":"2024-05-13T07:57:18+00:00","description":"L'aliment Supreme Science Selective Lapin junior\u00a0aux \u00c9pinards et aux graines de lin est sp\u00e9cialement formul\u00e9 pour r\u00e9pondre aux besoins nutritionnels des lapins \u00e2g\u00e9s de 4 \u00e0 20 semaines, et des lapines gestantes et allaitantes.","breadcrumb":{"@id":"https:\/\/www.vetorino.com\/veterinaire\/vincennes-loup-94300\/boutique\/product\/selective-junior-rabbit-lapin-3\/#breadcrumb"},"inLanguage":"fr-FR","potentialAction":[{"@type":"ReadAction","target":["https:\/\/www.vetorino.com\/veterinaire\/vincennes-loup-94300\/boutique\/product\/selective-junior-rabbit-lapin-3\/"]}]},{"@type":"ImageObject","inLanguage":"fr-FR","@id":"https:\/\/www.vetorino.com\/veterinaire\/vincennes-loup-94300\/boutique\/product\/selective-junior-rabbit-lapin-3\/#primaryimage","url":"https:\/\/www.vetorino.com\/boutique\/wp-content\/uploads\/2020\/10\/xl_4317e62166fc8586dfa4d1bc0e1742c08b1575904372.webp","contentUrl":"https:\/\/www.vetorino.com\/boutique\/wp-content\/uploads\/2020\/10\/xl_4317e62166fc8586dfa4d1bc0e1742c08b1575904372.webp","width":1561,"height":2000},{"@type":"BreadcrumbList","@id":"https:\/\/www.vetorino.com\/veterinaire\/vincennes-loup-94300\/boutique\/product\/selective-junior-rabbit-lapin-3\/#breadcrumb","itemListElement":[{"@type":"ListItem","position":1,"name":"Accueil","item":"https:\/\/www.vetorino.com\/boutique\/"},{"@type":"ListItem","position":2,"name":"Produits","item":"https:\/\/www.vetorino.com\/boutique\/"},{"@type":"ListItem","position":3,"name":"Selective Junior Lapin"}]},{"@type":"WebSite","@id":"https:\/\/www.vetorino.com\/boutique\/#website","url":"https:\/\/www.vetorino.com\/boutique\/","name":"V\u00e9torino","description":"","publisher":{"@id":"https:\/\/www.vetorino.com\/boutique\/#organization"},"potentialAction":[{"@type":"SearchAction","target":{"@type":"EntryPoint","urlTemplate":"https:\/\/www.vetorino.com\/boutique\/?s={search_term_string}"},"query-input":{"@type":"PropertyValueSpecification","valueRequired":true,"valueName":"search_term_string"}}],"inLanguage":"fr-FR"},{"@type":"Organization","@id":"https:\/\/www.vetorino.com\/boutique\/#organization","name":"V\u00e9torino","url":"https:\/\/www.vetorino.com\/boutique\/","logo":{"@type":"ImageObject","inLanguage":"fr-FR","@id":"https:\/\/www.vetorino.com\/boutique\/#\/schema\/logo\/image\/","url":"https:\/\/www.vetorino.com\/boutique\/wp-content\/uploads\/2024\/10\/logo.jpg","contentUrl":"https:\/\/www.vetorino.com\/boutique\/wp-content\/uploads\/2024\/10\/logo.jpg","width":1200,"height":610,"caption":"V\u00e9torino"},"image":{"@id":"https:\/\/www.vetorino.com\/boutique\/#\/schema\/logo\/image\/"},"sameAs":["https:\/\/www.facebook.com\/Vetorino\/","https:\/\/www.instagram.com\/vetorino_off\/","https:\/\/www.linkedin.com\/company\/vtorino\/"]}]},"product_brand":"Supreme Petfoods","product_price_amount":"9.47","product_price_currency":"EUR","og_availability":"instock","product_availability":"instock","product_retailer_item_id":"O-17438","product_condition":"new"},"_links":{"self":[{"href":"https:\/\/www.vetorino.com\/veterinaire\/sceaux-92330\/boutique\/wp-json\/wp\/v2\/product\/121842","targetHints":{"allow":["GET"]}}],"collection":[{"href":"https:\/\/www.vetorino.com\/veterinaire\/sceaux-92330\/boutique\/wp-json\/wp\/v2\/product"}],"about":[{"href":"https:\/\/www.vetorino.com\/veterinaire\/sceaux-92330\/boutique\/wp-json\/wp\/v2\/types\/product"}],"wp:featuredmedia":[{"embeddable":true,"href":"https:\/\/www.vetorino.com\/veterinaire\/sceaux-92330\/boutique\/wp-json\/wp\/v2\/media\/917936"}],"wp:attachment":[{"href":"https:\/\/www.vetorino.com\/veterinaire\/sceaux-92330\/boutique\/wp-json\/wp\/v2\/media?parent=121842"}],"wp:term":[{"taxonomy":"product_cat","embeddable":true,"href":"https:\/\/www.vetorino.com\/veterinaire\/sceaux-92330\/boutique\/wp-json\/wp\/v2\/product_cat?post=121842"},{"taxonomy":"product_tag","embeddable":true,"href":"https:\/\/www.vetorino.com\/veterinaire\/sceaux-92330\/boutique\/wp-json\/wp\/v2\/product_tag?post=121842"}],"curies":[{"name":"wp","href":"https:\/\/api.w.org\/{rel}","templated":true}]}}