{"id":1623284,"date":"2025-12-22T10:20:15","date_gmt":"2025-12-22T09:20:15","guid":{"rendered":"https:\/\/www.vetorino.com\/boutique\/?post_type=product&#038;p=1623284"},"modified":"2025-12-22T10:48:24","modified_gmt":"2025-12-22T09:48:24","slug":"joy-dog-classic-beef-sticks","status":"publish","type":"product","link":"https:\/\/www.vetorino.com\/veterinaire\/sceaux-92330\/boutique\/product\/joy-dog-classic-beef-sticks\/","title":{"rendered":"Joy Dog Classic Beef Sticks"},"content":{"rendered":"<p class=\"b-annotation__perex \"><strong>D\u00e9licieuses friandises semi-humide \u00e0 base de viande pour chiens.<\/strong><\/p>\n<p><strong>Faciles \u00e0 dig\u00e9rer<\/strong> ces friandises constituent un compl\u00e9ment id\u00e9al \u00e0 l&#8217;alimentation de votre animal de compagnie.<\/p>\n<p>Fabriqu\u00e9es \u00e0 partir de<strong> viande de b\u0153uf<\/strong> de la plus<strong> haute qualit\u00e9<\/strong> et sont <strong>riches en vitamines<\/strong>, <strong>min\u00e9raux<\/strong> et <strong>acides amin\u00e9s essentiels.<\/strong><\/p>\n","protected":false},"excerpt":{"rendered":"<p class=\"b-annotation__perex \"><strong>D\u00e9licieuses friandises semi-humide \u00e0 base de viande pour chiens.<\/strong><\/p>\n<p><strong>Faciles \u00e0 dig\u00e9rer<\/strong> ces friandises constituent un compl\u00e9ment id\u00e9al \u00e0 l&#8217;alimentation de votre animal de compagnie.<\/p>\n<p>Fabriqu\u00e9es \u00e0 partir de<strong> viande de b\u0153uf<\/strong> de la plus<strong> haute qualit\u00e9<\/strong> et sont <strong>riches en vitamines<\/strong>, <strong>min\u00e9raux<\/strong> et <strong>acides amin\u00e9s essentiels.<\/strong><\/p>\n","protected":false},"featured_media":1623298,"template":"","meta":[],"product_cat":[12552,2698,12603],"product_tag":[],"class_list":{"0":"post-1623284","1":"product","2":"type-product","3":"status-publish","4":"has-post-thumbnail","6":"product_cat-alimentation-du-chien","7":"product_cat-chien","8":"product_cat-friandises-pour-chien","9":"pa_marque-calibra","11":"first","12":"instock","13":"taxable","14":"shipping-taxable","15":"purchasable","16":"product-type-variable"},"yoast_head":"<!-- This site is optimized with the Yoast SEO plugin v27.3 - https:\/\/yoast.com\/product\/yoast-seo-wordpress\/ -->\n<title>Joy Dog Classic Beef Sticks Calibra - V\u00e9torino<\/title>\n<meta name=\"description\" content=\"D\u00e9licieuses friandises semi-humide \u00e0 base de viande pour chiens. Faciles \u00e0 dig\u00e9rer ces friandises constituent un compl\u00e9ment id\u00e9al \u00e0 l&#039;alimentation de votre animal de compagnie.  Fabriqu\u00e9es \u00e0 partir de viande de b\u0153uf de la plus haute qualit\u00e9 et sont riches en vitamines, min\u00e9raux et acides amin\u00e9s essentiels.\" \/>\n<meta name=\"robots\" content=\"noindex, nofollow\" \/>\n<meta property=\"og:locale\" content=\"fr_FR\" \/>\n<meta property=\"og:type\" content=\"article\" \/>\n<meta property=\"og:title\" content=\"Joy Dog Classic Beef Sticks Calibra - V\u00e9torino\" \/>\n<meta property=\"og:description\" content=\"D\u00e9licieuses friandises semi-humide \u00e0 base de viande pour chiens. Faciles \u00e0 dig\u00e9rer ces friandises constituent un compl\u00e9ment id\u00e9al \u00e0 l&#039;alimentation de votre animal de compagnie.  Fabriqu\u00e9es \u00e0 partir de viande de b\u0153uf de la plus haute qualit\u00e9 et sont riches en vitamines, min\u00e9raux et acides amin\u00e9s essentiels.\" \/>\n<meta property=\"og:url\" content=\"https:\/\/www.vetorino.com\/veterinaire\/sceaux-92330\/boutique\/product\/joy-dog-classic-beef-sticks\/\" \/>\n<meta property=\"og:site_name\" content=\"V\u00e9torino\" \/>\n<meta property=\"article:publisher\" content=\"https:\/\/www.facebook.com\/Vetorino\/\" \/>\n<meta property=\"article:modified_time\" content=\"2025-12-22T09:48:24+00:00\" \/>\n<meta property=\"og:image\" content=\"https:\/\/www.vetorino.com\/boutique\/wp-content\/uploads\/2025\/12\/5069-calibra-joy-dog-classic-beef-sticks-01.webp\" \/>\n\t<meta property=\"og:image:width\" content=\"1174\" \/>\n\t<meta property=\"og:image:height\" content=\"1300\" \/>\n\t<meta property=\"og:image:type\" content=\"image\/webp\" \/>\n<meta name=\"twitter:card\" content=\"summary_large_image\" \/>\n<meta name=\"twitter:label1\" content=\"Disponibilit\u00e9\" \/>\n\t<meta name=\"twitter:data1\" content=\"En stock\" \/>\n<script type=\"application\/ld+json\" class=\"yoast-schema-graph\">{\"@context\":\"https:\\\/\\\/schema.org\",\"@graph\":[{\"@type\":\"WebPage\",\"@id\":\"https:\\\/\\\/www.vetorino.com\\\/boutique\\\/product\\\/joy-dog-classic-beef-sticks\\\/\",\"url\":\"https:\\\/\\\/www.vetorino.com\\\/boutique\\\/product\\\/joy-dog-classic-beef-sticks\\\/\",\"name\":\"Joy Dog Classic Beef Sticks Calibra - V\u00e9torino\",\"isPartOf\":{\"@id\":\"https:\\\/\\\/www.vetorino.com\\\/boutique\\\/#website\"},\"primaryImageOfPage\":{\"@id\":\"https:\\\/\\\/www.vetorino.com\\\/boutique\\\/product\\\/joy-dog-classic-beef-sticks\\\/#primaryimage\"},\"image\":{\"@id\":\"https:\\\/\\\/www.vetorino.com\\\/boutique\\\/product\\\/joy-dog-classic-beef-sticks\\\/#primaryimage\"},\"thumbnailUrl\":\"https:\\\/\\\/www.vetorino.com\\\/boutique\\\/wp-content\\\/uploads\\\/2025\\\/12\\\/5069-calibra-joy-dog-classic-beef-sticks-01.webp\",\"datePublished\":\"2025-12-22T09:20:15+00:00\",\"dateModified\":\"2025-12-22T09:48:24+00:00\",\"description\":\"D\u00e9licieuses friandises semi-humide \u00e0 base de viande pour chiens. Faciles \u00e0 dig\u00e9rer ces friandises constituent un compl\u00e9ment id\u00e9al \u00e0 l'alimentation de votre animal de compagnie. Fabriqu\u00e9es \u00e0 partir de viande de b\u0153uf de la plus haute qualit\u00e9 et sont riches en vitamines, min\u00e9raux et acides amin\u00e9s essentiels.\",\"breadcrumb\":{\"@id\":\"https:\\\/\\\/www.vetorino.com\\\/boutique\\\/product\\\/joy-dog-classic-beef-sticks\\\/#breadcrumb\"},\"inLanguage\":\"fr-FR\",\"potentialAction\":[{\"@type\":\"ReadAction\",\"target\":[\"https:\\\/\\\/www.vetorino.com\\\/boutique\\\/product\\\/joy-dog-classic-beef-sticks\\\/\"]}]},{\"@type\":\"ImageObject\",\"inLanguage\":\"fr-FR\",\"@id\":\"https:\\\/\\\/www.vetorino.com\\\/boutique\\\/product\\\/joy-dog-classic-beef-sticks\\\/#primaryimage\",\"url\":\"https:\\\/\\\/www.vetorino.com\\\/boutique\\\/wp-content\\\/uploads\\\/2025\\\/12\\\/5069-calibra-joy-dog-classic-beef-sticks-01.webp\",\"contentUrl\":\"https:\\\/\\\/www.vetorino.com\\\/boutique\\\/wp-content\\\/uploads\\\/2025\\\/12\\\/5069-calibra-joy-dog-classic-beef-sticks-01.webp\",\"width\":1174,\"height\":1300},{\"@type\":\"BreadcrumbList\",\"@id\":\"https:\\\/\\\/www.vetorino.com\\\/boutique\\\/product\\\/joy-dog-classic-beef-sticks\\\/#breadcrumb\",\"itemListElement\":[{\"@type\":\"ListItem\",\"position\":1,\"name\":\"Accueil\",\"item\":\"https:\\\/\\\/www.vetorino.com\\\/boutique\\\/\"},{\"@type\":\"ListItem\",\"position\":2,\"name\":\"Produits\",\"item\":\"https:\\\/\\\/www.vetorino.com\\\/boutique\\\/\"},{\"@type\":\"ListItem\",\"position\":3,\"name\":\"Joy Dog Classic Beef Sticks\"}]},{\"@type\":\"WebSite\",\"@id\":\"https:\\\/\\\/www.vetorino.com\\\/boutique\\\/#website\",\"url\":\"https:\\\/\\\/www.vetorino.com\\\/boutique\\\/\",\"name\":\"V\u00e9torino\",\"description\":\"\",\"publisher\":{\"@id\":\"https:\\\/\\\/www.vetorino.com\\\/boutique\\\/#organization\"},\"potentialAction\":[{\"@type\":\"SearchAction\",\"target\":{\"@type\":\"EntryPoint\",\"urlTemplate\":\"https:\\\/\\\/www.vetorino.com\\\/boutique\\\/?s={search_term_string}\"},\"query-input\":{\"@type\":\"PropertyValueSpecification\",\"valueRequired\":true,\"valueName\":\"search_term_string\"}}],\"inLanguage\":\"fr-FR\"},{\"@type\":\"Organization\",\"@id\":\"https:\\\/\\\/www.vetorino.com\\\/boutique\\\/#organization\",\"name\":\"V\u00e9torino\",\"url\":\"https:\\\/\\\/www.vetorino.com\\\/boutique\\\/\",\"logo\":{\"@type\":\"ImageObject\",\"inLanguage\":\"fr-FR\",\"@id\":\"https:\\\/\\\/www.vetorino.com\\\/boutique\\\/#\\\/schema\\\/logo\\\/image\\\/\",\"url\":\"https:\\\/\\\/www.vetorino.com\\\/boutique\\\/wp-content\\\/uploads\\\/2024\\\/10\\\/logo.jpg\",\"contentUrl\":\"https:\\\/\\\/www.vetorino.com\\\/boutique\\\/wp-content\\\/uploads\\\/2024\\\/10\\\/logo.jpg\",\"width\":1200,\"height\":610,\"caption\":\"V\u00e9torino\"},\"image\":{\"@id\":\"https:\\\/\\\/www.vetorino.com\\\/boutique\\\/#\\\/schema\\\/logo\\\/image\\\/\"},\"sameAs\":[\"https:\\\/\\\/www.facebook.com\\\/Vetorino\\\/\",\"https:\\\/\\\/www.instagram.com\\\/vetorino_off\\\/\",\"https:\\\/\\\/www.linkedin.com\\\/company\\\/vtorino\\\/\"]}]}<\/script>\n<meta property=\"product:brand\" content=\"Calibra\" \/>\n<meta property=\"og:availability\" content=\"instock\" \/>\n<meta property=\"product:availability\" content=\"instock\" \/>\n<meta property=\"product:condition\" content=\"new\" \/>\n<!-- \/ Yoast SEO plugin. -->","yoast_head_json":{"title":"Joy Dog Classic Beef Sticks Calibra - V\u00e9torino","description":"D\u00e9licieuses friandises semi-humide \u00e0 base de viande pour chiens. Faciles \u00e0 dig\u00e9rer ces friandises constituent un compl\u00e9ment id\u00e9al \u00e0 l'alimentation de votre animal de compagnie.  Fabriqu\u00e9es \u00e0 partir de viande de b\u0153uf de la plus haute qualit\u00e9 et sont riches en vitamines, min\u00e9raux et acides amin\u00e9s essentiels.","robots":{"index":"noindex","follow":"nofollow"},"og_locale":"fr_FR","og_type":"article","og_title":"Joy Dog Classic Beef Sticks Calibra - V\u00e9torino","og_description":"D\u00e9licieuses friandises semi-humide \u00e0 base de viande pour chiens. Faciles \u00e0 dig\u00e9rer ces friandises constituent un compl\u00e9ment id\u00e9al \u00e0 l'alimentation de votre animal de compagnie.  Fabriqu\u00e9es \u00e0 partir de viande de b\u0153uf de la plus haute qualit\u00e9 et sont riches en vitamines, min\u00e9raux et acides amin\u00e9s essentiels.","og_url":"https:\/\/www.vetorino.com\/veterinaire\/sceaux-92330\/boutique\/product\/joy-dog-classic-beef-sticks\/","og_site_name":"V\u00e9torino","article_publisher":"https:\/\/www.facebook.com\/Vetorino\/","article_modified_time":"2025-12-22T09:48:24+00:00","og_image":[{"width":1174,"height":1300,"url":"https:\/\/www.vetorino.com\/boutique\/wp-content\/uploads\/2025\/12\/5069-calibra-joy-dog-classic-beef-sticks-01.webp","type":"image\/webp"}],"twitter_card":"summary_large_image","twitter_misc":{"Disponibilit\u00e9":"En stock"},"schema":{"@context":"https:\/\/schema.org","@graph":[{"@type":"WebPage","@id":"https:\/\/www.vetorino.com\/boutique\/product\/joy-dog-classic-beef-sticks\/","url":"https:\/\/www.vetorino.com\/boutique\/product\/joy-dog-classic-beef-sticks\/","name":"Joy Dog Classic Beef Sticks Calibra - V\u00e9torino","isPartOf":{"@id":"https:\/\/www.vetorino.com\/boutique\/#website"},"primaryImageOfPage":{"@id":"https:\/\/www.vetorino.com\/boutique\/product\/joy-dog-classic-beef-sticks\/#primaryimage"},"image":{"@id":"https:\/\/www.vetorino.com\/boutique\/product\/joy-dog-classic-beef-sticks\/#primaryimage"},"thumbnailUrl":"https:\/\/www.vetorino.com\/boutique\/wp-content\/uploads\/2025\/12\/5069-calibra-joy-dog-classic-beef-sticks-01.webp","datePublished":"2025-12-22T09:20:15+00:00","dateModified":"2025-12-22T09:48:24+00:00","description":"D\u00e9licieuses friandises semi-humide \u00e0 base de viande pour chiens. Faciles \u00e0 dig\u00e9rer ces friandises constituent un compl\u00e9ment id\u00e9al \u00e0 l'alimentation de votre animal de compagnie. Fabriqu\u00e9es \u00e0 partir de viande de b\u0153uf de la plus haute qualit\u00e9 et sont riches en vitamines, min\u00e9raux et acides amin\u00e9s essentiels.","breadcrumb":{"@id":"https:\/\/www.vetorino.com\/boutique\/product\/joy-dog-classic-beef-sticks\/#breadcrumb"},"inLanguage":"fr-FR","potentialAction":[{"@type":"ReadAction","target":["https:\/\/www.vetorino.com\/boutique\/product\/joy-dog-classic-beef-sticks\/"]}]},{"@type":"ImageObject","inLanguage":"fr-FR","@id":"https:\/\/www.vetorino.com\/boutique\/product\/joy-dog-classic-beef-sticks\/#primaryimage","url":"https:\/\/www.vetorino.com\/boutique\/wp-content\/uploads\/2025\/12\/5069-calibra-joy-dog-classic-beef-sticks-01.webp","contentUrl":"https:\/\/www.vetorino.com\/boutique\/wp-content\/uploads\/2025\/12\/5069-calibra-joy-dog-classic-beef-sticks-01.webp","width":1174,"height":1300},{"@type":"BreadcrumbList","@id":"https:\/\/www.vetorino.com\/boutique\/product\/joy-dog-classic-beef-sticks\/#breadcrumb","itemListElement":[{"@type":"ListItem","position":1,"name":"Accueil","item":"https:\/\/www.vetorino.com\/boutique\/"},{"@type":"ListItem","position":2,"name":"Produits","item":"https:\/\/www.vetorino.com\/boutique\/"},{"@type":"ListItem","position":3,"name":"Joy Dog Classic Beef Sticks"}]},{"@type":"WebSite","@id":"https:\/\/www.vetorino.com\/boutique\/#website","url":"https:\/\/www.vetorino.com\/boutique\/","name":"V\u00e9torino","description":"","publisher":{"@id":"https:\/\/www.vetorino.com\/boutique\/#organization"},"potentialAction":[{"@type":"SearchAction","target":{"@type":"EntryPoint","urlTemplate":"https:\/\/www.vetorino.com\/boutique\/?s={search_term_string}"},"query-input":{"@type":"PropertyValueSpecification","valueRequired":true,"valueName":"search_term_string"}}],"inLanguage":"fr-FR"},{"@type":"Organization","@id":"https:\/\/www.vetorino.com\/boutique\/#organization","name":"V\u00e9torino","url":"https:\/\/www.vetorino.com\/boutique\/","logo":{"@type":"ImageObject","inLanguage":"fr-FR","@id":"https:\/\/www.vetorino.com\/boutique\/#\/schema\/logo\/image\/","url":"https:\/\/www.vetorino.com\/boutique\/wp-content\/uploads\/2024\/10\/logo.jpg","contentUrl":"https:\/\/www.vetorino.com\/boutique\/wp-content\/uploads\/2024\/10\/logo.jpg","width":1200,"height":610,"caption":"V\u00e9torino"},"image":{"@id":"https:\/\/www.vetorino.com\/boutique\/#\/schema\/logo\/image\/"},"sameAs":["https:\/\/www.facebook.com\/Vetorino\/","https:\/\/www.instagram.com\/vetorino_off\/","https:\/\/www.linkedin.com\/company\/vtorino\/"]}]},"product_brand":"Calibra","og_availability":"instock","product_availability":"instock","product_condition":"new"},"_links":{"self":[{"href":"https:\/\/www.vetorino.com\/veterinaire\/sceaux-92330\/boutique\/wp-json\/wp\/v2\/product\/1623284","targetHints":{"allow":["GET"]}}],"collection":[{"href":"https:\/\/www.vetorino.com\/veterinaire\/sceaux-92330\/boutique\/wp-json\/wp\/v2\/product"}],"about":[{"href":"https:\/\/www.vetorino.com\/veterinaire\/sceaux-92330\/boutique\/wp-json\/wp\/v2\/types\/product"}],"wp:featuredmedia":[{"embeddable":true,"href":"https:\/\/www.vetorino.com\/veterinaire\/sceaux-92330\/boutique\/wp-json\/wp\/v2\/media\/1623298"}],"wp:attachment":[{"href":"https:\/\/www.vetorino.com\/veterinaire\/sceaux-92330\/boutique\/wp-json\/wp\/v2\/media?parent=1623284"}],"wp:term":[{"taxonomy":"product_cat","embeddable":true,"href":"https:\/\/www.vetorino.com\/veterinaire\/sceaux-92330\/boutique\/wp-json\/wp\/v2\/product_cat?post=1623284"},{"taxonomy":"product_tag","embeddable":true,"href":"https:\/\/www.vetorino.com\/veterinaire\/sceaux-92330\/boutique\/wp-json\/wp\/v2\/product_tag?post=1623284"}],"curies":[{"name":"wp","href":"https:\/\/api.w.org\/{rel}","templated":true}]}}