{"id":350757,"date":"2022-07-20T02:41:28","date_gmt":"2022-07-20T00:41:28","guid":{"rendered":"https:\/\/www.vetorino.com\/boutique\/?post_type=product&#038;p=350757"},"modified":"2024-07-17T15:12:10","modified_gmt":"2024-07-17T13:12:10","slug":"coton-gaze-hm-pro-coupe-et-cousu-special-equin-uu-2","status":"publish","type":"product","link":"https:\/\/www.vetorino.com\/veterinaire\/sceaux-92330\/boutique\/product\/coton-gaze-hm-pro-coupe-et-cousu-special-equin-uu-2\/","title":{"rendered":"Coton gaze HM PRO coup\u00e9 et cousu sp\u00e9cial \u00e9quin UU"},"content":{"rendered":"<div class=\"product-info-short-description\">\n<div class=\"product attribute overview\">\n<p><strong>Coton Gaze HM PRO\u00a0coup\u00e9 et cousu\u00a0de chez Horse Maste<\/strong>r est pr\u00eat \u00e0 l&#8217;emploi, pratique et facile \u00e0 utiliser.<br \/>\nCompos\u00e9 d&#8217;une \u00e9paisse couche de coton chirurgical, contenue dans une gaine de gaze tubulaire, et st\u00e9rilisable,\u00a0Coton Gaze HM PRO\u00a0coup\u00e9 et cousu est id\u00e9al en tant que <strong>pansement<\/strong>.<\/p>\n<p>Coton Gaze HM PRO\u00a0coup\u00e9 et cousu\u00a0<strong>absorbe la transpiration<\/strong> et <strong>maintient au sec la peau.<\/strong><\/p>\n<\/div>\n<\/div>\n","protected":false},"excerpt":{"rendered":"<div class=\"product-info-short-description\">\n<div class=\"product attribute overview\">\n<p class=\"value\">Coton Gaze HM PRO coup\u00e9 et cousu de chez Horse Master est un pansement pr\u00eat \u00e0 l&#8217;emploi, pratique et facile \u00e0 utiliser. Compos\u00e9 d&#8217;une \u00e9paisse couche de coton chirurgical, contenue dans une gaine de gaze tubulaire, et st\u00e9rilisable.<\/p>\n<\/div>\n<\/div>\n","protected":false},"featured_media":180593,"template":"","meta":[],"product_cat":[12547,12755,12754],"product_tag":[],"class_list":{"0":"post-350757","1":"product","2":"type-product","3":"status-publish","4":"has-post-thumbnail","6":"product_cat-cheval","7":"product_cat-soins-des-pieds-du-cheval","8":"product_cat-soins-au-quotidien-du-cheval","9":"pa_marque-horse-master","11":"first","12":"instock","13":"taxable","14":"shipping-taxable","15":"purchasable","16":"product-type-variable"},"yoast_head":"<!-- This site is optimized with the Yoast SEO plugin v27.3 - https:\/\/yoast.com\/product\/yoast-seo-wordpress\/ -->\n<title>Coton gaze HM PRO coup\u00e9 et cousu sp\u00e9cial \u00e9quin UU HORSE MASTER - V\u00e9torino<\/title>\n<meta name=\"description\" content=\"Coton Gaze HM PRO coup\u00e9 et cousu de chez Horse Master est un pansement pr\u00eat \u00e0 l&#039;emploi, pratique et facile \u00e0 utiliser. Compos\u00e9 d&#039;une \u00e9paisse couche de coton chirurgical, contenue dans une gaine de gaze tubulaire, et st\u00e9rilisable.\" \/>\n<meta name=\"robots\" content=\"noindex, nofollow\" \/>\n<meta property=\"og:locale\" content=\"fr_FR\" \/>\n<meta property=\"og:type\" content=\"article\" \/>\n<meta property=\"og:title\" content=\"Coton gaze HM PRO coup\u00e9 et cousu sp\u00e9cial \u00e9quin UU HORSE MASTER - V\u00e9torino\" \/>\n<meta property=\"og:description\" content=\"Coton Gaze HM PRO coup\u00e9 et cousu de chez Horse Master est un pansement pr\u00eat \u00e0 l&#039;emploi, pratique et facile \u00e0 utiliser. Compos\u00e9 d&#039;une \u00e9paisse couche de coton chirurgical, contenue dans une gaine de gaze tubulaire, et st\u00e9rilisable.\" \/>\n<meta property=\"og:url\" content=\"https:\/\/www.vetorino.com\/veterinaire\/sceaux-92330\/boutique\/product\/coton-gaze-hm-pro-coupe-et-cousu-special-equin-uu-2\/\" \/>\n<meta property=\"og:site_name\" content=\"V\u00e9torino\" \/>\n<meta property=\"article:publisher\" content=\"https:\/\/www.facebook.com\/Vetorino\/\" \/>\n<meta property=\"article:modified_time\" content=\"2024-07-17T13:12:10+00:00\" \/>\n<meta property=\"og:image\" content=\"https:\/\/www.vetorino.com\/boutique\/wp-content\/uploads\/2021\/05\/8357262.jpg\" \/>\n\t<meta property=\"og:image:width\" content=\"255\" \/>\n\t<meta property=\"og:image:height\" content=\"255\" \/>\n\t<meta property=\"og:image:type\" content=\"image\/jpeg\" \/>\n<meta name=\"twitter:card\" content=\"summary_large_image\" \/>\n<meta name=\"twitter:label1\" content=\"Disponibilit\u00e9\" \/>\n\t<meta name=\"twitter:data1\" content=\"En stock\" \/>\n<script type=\"application\/ld+json\" class=\"yoast-schema-graph\">{\"@context\":\"https:\\\/\\\/schema.org\",\"@graph\":[{\"@type\":\"WebPage\",\"@id\":\"https:\\\/\\\/www.vetorino.com\\\/veterinaire\\\/vincennes-loup-94300\\\/boutique\\\/product\\\/coton-gaze-hm-pro-coupe-et-cousu-special-equin-uu-2\\\/\",\"url\":\"https:\\\/\\\/www.vetorino.com\\\/veterinaire\\\/vincennes-loup-94300\\\/boutique\\\/product\\\/coton-gaze-hm-pro-coupe-et-cousu-special-equin-uu-2\\\/\",\"name\":\"Coton gaze HM PRO coup\u00e9 et cousu sp\u00e9cial \u00e9quin UU HORSE MASTER - V\u00e9torino\",\"isPartOf\":{\"@id\":\"https:\\\/\\\/www.vetorino.com\\\/boutique\\\/#website\"},\"primaryImageOfPage\":{\"@id\":\"https:\\\/\\\/www.vetorino.com\\\/veterinaire\\\/vincennes-loup-94300\\\/boutique\\\/product\\\/coton-gaze-hm-pro-coupe-et-cousu-special-equin-uu-2\\\/#primaryimage\"},\"image\":{\"@id\":\"https:\\\/\\\/www.vetorino.com\\\/veterinaire\\\/vincennes-loup-94300\\\/boutique\\\/product\\\/coton-gaze-hm-pro-coupe-et-cousu-special-equin-uu-2\\\/#primaryimage\"},\"thumbnailUrl\":\"https:\\\/\\\/www.vetorino.com\\\/boutique\\\/wp-content\\\/uploads\\\/2021\\\/05\\\/8357262.jpg\",\"datePublished\":\"2022-07-20T00:41:28+00:00\",\"dateModified\":\"2024-07-17T13:12:10+00:00\",\"description\":\"Coton Gaze HM PRO coup\u00e9 et cousu de chez Horse Master est un pansement pr\u00eat \u00e0 l'emploi, pratique et facile \u00e0 utiliser. Compos\u00e9 d'une \u00e9paisse couche de coton chirurgical, contenue dans une gaine de gaze tubulaire, et st\u00e9rilisable.\",\"breadcrumb\":{\"@id\":\"https:\\\/\\\/www.vetorino.com\\\/veterinaire\\\/vincennes-loup-94300\\\/boutique\\\/product\\\/coton-gaze-hm-pro-coupe-et-cousu-special-equin-uu-2\\\/#breadcrumb\"},\"inLanguage\":\"fr-FR\",\"potentialAction\":[{\"@type\":\"ReadAction\",\"target\":[\"https:\\\/\\\/www.vetorino.com\\\/veterinaire\\\/vincennes-loup-94300\\\/boutique\\\/product\\\/coton-gaze-hm-pro-coupe-et-cousu-special-equin-uu-2\\\/\"]}]},{\"@type\":\"ImageObject\",\"inLanguage\":\"fr-FR\",\"@id\":\"https:\\\/\\\/www.vetorino.com\\\/veterinaire\\\/vincennes-loup-94300\\\/boutique\\\/product\\\/coton-gaze-hm-pro-coupe-et-cousu-special-equin-uu-2\\\/#primaryimage\",\"url\":\"https:\\\/\\\/www.vetorino.com\\\/boutique\\\/wp-content\\\/uploads\\\/2021\\\/05\\\/8357262.jpg\",\"contentUrl\":\"https:\\\/\\\/www.vetorino.com\\\/boutique\\\/wp-content\\\/uploads\\\/2021\\\/05\\\/8357262.jpg\",\"width\":255,\"height\":255},{\"@type\":\"BreadcrumbList\",\"@id\":\"https:\\\/\\\/www.vetorino.com\\\/veterinaire\\\/vincennes-loup-94300\\\/boutique\\\/product\\\/coton-gaze-hm-pro-coupe-et-cousu-special-equin-uu-2\\\/#breadcrumb\",\"itemListElement\":[{\"@type\":\"ListItem\",\"position\":1,\"name\":\"Accueil\",\"item\":\"https:\\\/\\\/www.vetorino.com\\\/boutique\\\/\"},{\"@type\":\"ListItem\",\"position\":2,\"name\":\"Produits\",\"item\":\"https:\\\/\\\/www.vetorino.com\\\/boutique\\\/\"},{\"@type\":\"ListItem\",\"position\":3,\"name\":\"Coton gaze HM PRO coup\u00e9 et cousu sp\u00e9cial \u00e9quin UU\"}]},{\"@type\":\"WebSite\",\"@id\":\"https:\\\/\\\/www.vetorino.com\\\/boutique\\\/#website\",\"url\":\"https:\\\/\\\/www.vetorino.com\\\/boutique\\\/\",\"name\":\"V\u00e9torino\",\"description\":\"\",\"publisher\":{\"@id\":\"https:\\\/\\\/www.vetorino.com\\\/boutique\\\/#organization\"},\"potentialAction\":[{\"@type\":\"SearchAction\",\"target\":{\"@type\":\"EntryPoint\",\"urlTemplate\":\"https:\\\/\\\/www.vetorino.com\\\/boutique\\\/?s={search_term_string}\"},\"query-input\":{\"@type\":\"PropertyValueSpecification\",\"valueRequired\":true,\"valueName\":\"search_term_string\"}}],\"inLanguage\":\"fr-FR\"},{\"@type\":\"Organization\",\"@id\":\"https:\\\/\\\/www.vetorino.com\\\/boutique\\\/#organization\",\"name\":\"V\u00e9torino\",\"url\":\"https:\\\/\\\/www.vetorino.com\\\/boutique\\\/\",\"logo\":{\"@type\":\"ImageObject\",\"inLanguage\":\"fr-FR\",\"@id\":\"https:\\\/\\\/www.vetorino.com\\\/boutique\\\/#\\\/schema\\\/logo\\\/image\\\/\",\"url\":\"https:\\\/\\\/www.vetorino.com\\\/boutique\\\/wp-content\\\/uploads\\\/2024\\\/10\\\/logo.jpg\",\"contentUrl\":\"https:\\\/\\\/www.vetorino.com\\\/boutique\\\/wp-content\\\/uploads\\\/2024\\\/10\\\/logo.jpg\",\"width\":1200,\"height\":610,\"caption\":\"V\u00e9torino\"},\"image\":{\"@id\":\"https:\\\/\\\/www.vetorino.com\\\/boutique\\\/#\\\/schema\\\/logo\\\/image\\\/\"},\"sameAs\":[\"https:\\\/\\\/www.facebook.com\\\/Vetorino\\\/\",\"https:\\\/\\\/www.instagram.com\\\/vetorino_off\\\/\",\"https:\\\/\\\/www.linkedin.com\\\/company\\\/vtorino\\\/\"]}]}<\/script>\n<meta property=\"product:brand\" content=\"HORSE MASTER\" \/>\n<meta property=\"og:availability\" content=\"instock\" \/>\n<meta property=\"product:availability\" content=\"instock\" \/>\n<meta property=\"product:condition\" content=\"new\" \/>\n<!-- \/ Yoast SEO plugin. -->","yoast_head_json":{"title":"Coton gaze HM PRO coup\u00e9 et cousu sp\u00e9cial \u00e9quin UU HORSE MASTER - V\u00e9torino","description":"Coton Gaze HM PRO coup\u00e9 et cousu de chez Horse Master est un pansement pr\u00eat \u00e0 l'emploi, pratique et facile \u00e0 utiliser. Compos\u00e9 d'une \u00e9paisse couche de coton chirurgical, contenue dans une gaine de gaze tubulaire, et st\u00e9rilisable.","robots":{"index":"noindex","follow":"nofollow"},"og_locale":"fr_FR","og_type":"article","og_title":"Coton gaze HM PRO coup\u00e9 et cousu sp\u00e9cial \u00e9quin UU HORSE MASTER - V\u00e9torino","og_description":"Coton Gaze HM PRO coup\u00e9 et cousu de chez Horse Master est un pansement pr\u00eat \u00e0 l'emploi, pratique et facile \u00e0 utiliser. Compos\u00e9 d'une \u00e9paisse couche de coton chirurgical, contenue dans une gaine de gaze tubulaire, et st\u00e9rilisable.","og_url":"https:\/\/www.vetorino.com\/veterinaire\/sceaux-92330\/boutique\/product\/coton-gaze-hm-pro-coupe-et-cousu-special-equin-uu-2\/","og_site_name":"V\u00e9torino","article_publisher":"https:\/\/www.facebook.com\/Vetorino\/","article_modified_time":"2024-07-17T13:12:10+00:00","og_image":[{"width":255,"height":255,"url":"https:\/\/www.vetorino.com\/boutique\/wp-content\/uploads\/2021\/05\/8357262.jpg","type":"image\/jpeg"}],"twitter_card":"summary_large_image","twitter_misc":{"Disponibilit\u00e9":"En stock"},"schema":{"@context":"https:\/\/schema.org","@graph":[{"@type":"WebPage","@id":"https:\/\/www.vetorino.com\/veterinaire\/vincennes-loup-94300\/boutique\/product\/coton-gaze-hm-pro-coupe-et-cousu-special-equin-uu-2\/","url":"https:\/\/www.vetorino.com\/veterinaire\/vincennes-loup-94300\/boutique\/product\/coton-gaze-hm-pro-coupe-et-cousu-special-equin-uu-2\/","name":"Coton gaze HM PRO coup\u00e9 et cousu sp\u00e9cial \u00e9quin UU HORSE MASTER - V\u00e9torino","isPartOf":{"@id":"https:\/\/www.vetorino.com\/boutique\/#website"},"primaryImageOfPage":{"@id":"https:\/\/www.vetorino.com\/veterinaire\/vincennes-loup-94300\/boutique\/product\/coton-gaze-hm-pro-coupe-et-cousu-special-equin-uu-2\/#primaryimage"},"image":{"@id":"https:\/\/www.vetorino.com\/veterinaire\/vincennes-loup-94300\/boutique\/product\/coton-gaze-hm-pro-coupe-et-cousu-special-equin-uu-2\/#primaryimage"},"thumbnailUrl":"https:\/\/www.vetorino.com\/boutique\/wp-content\/uploads\/2021\/05\/8357262.jpg","datePublished":"2022-07-20T00:41:28+00:00","dateModified":"2024-07-17T13:12:10+00:00","description":"Coton Gaze HM PRO coup\u00e9 et cousu de chez Horse Master est un pansement pr\u00eat \u00e0 l'emploi, pratique et facile \u00e0 utiliser. Compos\u00e9 d'une \u00e9paisse couche de coton chirurgical, contenue dans une gaine de gaze tubulaire, et st\u00e9rilisable.","breadcrumb":{"@id":"https:\/\/www.vetorino.com\/veterinaire\/vincennes-loup-94300\/boutique\/product\/coton-gaze-hm-pro-coupe-et-cousu-special-equin-uu-2\/#breadcrumb"},"inLanguage":"fr-FR","potentialAction":[{"@type":"ReadAction","target":["https:\/\/www.vetorino.com\/veterinaire\/vincennes-loup-94300\/boutique\/product\/coton-gaze-hm-pro-coupe-et-cousu-special-equin-uu-2\/"]}]},{"@type":"ImageObject","inLanguage":"fr-FR","@id":"https:\/\/www.vetorino.com\/veterinaire\/vincennes-loup-94300\/boutique\/product\/coton-gaze-hm-pro-coupe-et-cousu-special-equin-uu-2\/#primaryimage","url":"https:\/\/www.vetorino.com\/boutique\/wp-content\/uploads\/2021\/05\/8357262.jpg","contentUrl":"https:\/\/www.vetorino.com\/boutique\/wp-content\/uploads\/2021\/05\/8357262.jpg","width":255,"height":255},{"@type":"BreadcrumbList","@id":"https:\/\/www.vetorino.com\/veterinaire\/vincennes-loup-94300\/boutique\/product\/coton-gaze-hm-pro-coupe-et-cousu-special-equin-uu-2\/#breadcrumb","itemListElement":[{"@type":"ListItem","position":1,"name":"Accueil","item":"https:\/\/www.vetorino.com\/boutique\/"},{"@type":"ListItem","position":2,"name":"Produits","item":"https:\/\/www.vetorino.com\/boutique\/"},{"@type":"ListItem","position":3,"name":"Coton gaze HM PRO coup\u00e9 et cousu sp\u00e9cial \u00e9quin UU"}]},{"@type":"WebSite","@id":"https:\/\/www.vetorino.com\/boutique\/#website","url":"https:\/\/www.vetorino.com\/boutique\/","name":"V\u00e9torino","description":"","publisher":{"@id":"https:\/\/www.vetorino.com\/boutique\/#organization"},"potentialAction":[{"@type":"SearchAction","target":{"@type":"EntryPoint","urlTemplate":"https:\/\/www.vetorino.com\/boutique\/?s={search_term_string}"},"query-input":{"@type":"PropertyValueSpecification","valueRequired":true,"valueName":"search_term_string"}}],"inLanguage":"fr-FR"},{"@type":"Organization","@id":"https:\/\/www.vetorino.com\/boutique\/#organization","name":"V\u00e9torino","url":"https:\/\/www.vetorino.com\/boutique\/","logo":{"@type":"ImageObject","inLanguage":"fr-FR","@id":"https:\/\/www.vetorino.com\/boutique\/#\/schema\/logo\/image\/","url":"https:\/\/www.vetorino.com\/boutique\/wp-content\/uploads\/2024\/10\/logo.jpg","contentUrl":"https:\/\/www.vetorino.com\/boutique\/wp-content\/uploads\/2024\/10\/logo.jpg","width":1200,"height":610,"caption":"V\u00e9torino"},"image":{"@id":"https:\/\/www.vetorino.com\/boutique\/#\/schema\/logo\/image\/"},"sameAs":["https:\/\/www.facebook.com\/Vetorino\/","https:\/\/www.instagram.com\/vetorino_off\/","https:\/\/www.linkedin.com\/company\/vtorino\/"]}]},"product_brand":"HORSE MASTER","og_availability":"instock","product_availability":"instock","product_condition":"new"},"_links":{"self":[{"href":"https:\/\/www.vetorino.com\/veterinaire\/sceaux-92330\/boutique\/wp-json\/wp\/v2\/product\/350757","targetHints":{"allow":["GET"]}}],"collection":[{"href":"https:\/\/www.vetorino.com\/veterinaire\/sceaux-92330\/boutique\/wp-json\/wp\/v2\/product"}],"about":[{"href":"https:\/\/www.vetorino.com\/veterinaire\/sceaux-92330\/boutique\/wp-json\/wp\/v2\/types\/product"}],"wp:featuredmedia":[{"embeddable":true,"href":"https:\/\/www.vetorino.com\/veterinaire\/sceaux-92330\/boutique\/wp-json\/wp\/v2\/media\/180593"}],"wp:attachment":[{"href":"https:\/\/www.vetorino.com\/veterinaire\/sceaux-92330\/boutique\/wp-json\/wp\/v2\/media?parent=350757"}],"wp:term":[{"taxonomy":"product_cat","embeddable":true,"href":"https:\/\/www.vetorino.com\/veterinaire\/sceaux-92330\/boutique\/wp-json\/wp\/v2\/product_cat?post=350757"},{"taxonomy":"product_tag","embeddable":true,"href":"https:\/\/www.vetorino.com\/veterinaire\/sceaux-92330\/boutique\/wp-json\/wp\/v2\/product_tag?post=350757"}],"curies":[{"name":"wp","href":"https:\/\/api.w.org\/{rel}","templated":true}]}}