{"id":503616,"date":"2022-11-09T17:44:33","date_gmt":"2022-11-09T16:44:33","guid":{"rendered":"https:\/\/www.vetorino.com\/boutique\/product\/dog-en-light\/"},"modified":"2025-11-19T11:43:41","modified_gmt":"2025-11-19T10:43:41","slug":"dog-en-light","status":"publish","type":"product","link":"https:\/\/www.vetorino.com\/veterinaire\/sceaux-92330\/boutique\/product\/dog-en-light\/","title":{"rendered":"Chien Expert Nutrition Light"},"content":{"rendered":"<div id=\"description\" class=\"product-data__item--content \" aria-labelledby=\"tab-label-description-title\">\n<div class=\"am-custom-tab am-custom-tab-1\">\n<div class=\"am-custom-tab am-custom-tab-1\">\n<div class=\"block\">\n<div class=\"product attribute description\" data-limit-content-offcanvas=\"true\">\n<div class=\"value\" data-role=\"content-preview\">\n<p><strong>Aliment sec complet pour chiens adultes destin\u00e9 \u00e0 la r\u00e9duction ou au maintien du poids.<\/strong><\/p>\n<p>Calibra Light Chicken &amp; Rice est une <strong>nourriture s\u00e8che hypoallerg\u00e9nique pour les chiens en surpoids ou ob\u00e8ses.<\/strong> Aide \u00e0 r\u00e9duire le poids et \u00e0 maintenir son poids optimal.<\/p>\n<p>Avec de<strong>s nutriments suppl\u00e9mentaires pour les articulations<\/strong> qui soutiennent les muscles et les os en cas de stress. Calibra Expert Nutrition Light peut \u00eatre donn\u00e9 quotidiennement aux chiens sujets \u00e0 la prise de poids et aux chiens ob\u00e8ses.<\/p>\n<p>Recette hypoallerg\u00e9nique<strong> tr\u00e8s digeste<\/strong> (0% bl\u00e9, 0% soja, 0% ma\u00efs)<\/p>\n<p>Une teneur \u00e9nerg\u00e9tique r\u00e9duite<strong> pour aider \u00e0 atteindre et \u00e0 maintenir un poids optimal<\/strong><\/p>\n<p>Des nutriments suppl\u00e9mentaires <strong>pour soutenir et prot\u00e9ger les muscles et les os.<\/strong><\/p>\n<\/div>\n<\/div>\n<\/div>\n<\/div>\n<\/div>\n<\/div>\n<div id=\"questions-fr\u00e9quentes\" class=\"product-data__item--content \" aria-labelledby=\"tab-label-amcustomtabs_tabs_22-title\">\n<div class=\"am-custom-tab am-custom-tab-22\">\n<div class=\"faq__wrapper\"><\/div>\n<\/div>\n<\/div>\n","protected":false},"excerpt":{"rendered":"<div class=\"type short-description\">\n<p><strong>Aliment sec complet pour chiens adultes destin\u00e9 \u00e0 la r\u00e9duction ou au maintien du poids.<\/strong><\/p>\n<\/div>\n<div class=\"block characteristics\">\n<div class=\"block-content is-paws-list\">\n<ul>\n<li>R\u00e9duction du poids optimal.<\/li>\n<li>Hypoallerg\u00e9nique et digeste.<\/li>\n<li>Soutien aux articulations et muscles.<\/li>\n<\/ul>\n<\/div>\n<\/div>\n","protected":false},"featured_media":592555,"template":"","meta":[],"product_cat":[12552,12584,2698],"product_tag":[],"class_list":{"0":"post-503616","1":"product","2":"type-product","3":"status-publish","4":"has-post-thumbnail","6":"product_cat-alimentation-du-chien","7":"product_cat-alimentation-premium-pour-chien","8":"product_cat-chien","9":"pa_marque-calibra","11":"first","12":"instock","13":"taxable","14":"shipping-taxable","15":"purchasable","16":"product-type-variable"},"yoast_head":"<!-- This site is optimized with the Yoast SEO plugin v27.3 - https:\/\/yoast.com\/product\/yoast-seo-wordpress\/ -->\n<title>Chien Expert Nutrition Light Calibra - V\u00e9torino<\/title>\n<meta name=\"description\" content=\"Aliment sec complet pour chiens adultes destin\u00e9 \u00e0 la r\u00e9duction ou au maintien du poids.       R\u00e9duction du poids optimal.  Hypoallerg\u00e9nique et digeste.  Soutien aux articulations et muscles.\" \/>\n<meta name=\"robots\" content=\"noindex, nofollow\" \/>\n<meta property=\"og:locale\" content=\"fr_FR\" \/>\n<meta property=\"og:type\" content=\"article\" \/>\n<meta property=\"og:title\" content=\"Chien Expert Nutrition Light Calibra - V\u00e9torino\" \/>\n<meta property=\"og:description\" content=\"Aliment sec complet pour chiens adultes destin\u00e9 \u00e0 la r\u00e9duction ou au maintien du poids.       R\u00e9duction du poids optimal.  Hypoallerg\u00e9nique et digeste.  Soutien aux articulations et muscles.\" \/>\n<meta property=\"og:url\" content=\"https:\/\/www.vetorino.com\/veterinaire\/sceaux-92330\/boutique\/product\/dog-en-light\/\" \/>\n<meta property=\"og:site_name\" content=\"V\u00e9torino\" \/>\n<meta property=\"article:publisher\" content=\"https:\/\/www.facebook.com\/Vetorino\/\" \/>\n<meta property=\"article:modified_time\" content=\"2025-11-19T10:43:41+00:00\" \/>\n<meta property=\"og:image\" content=\"https:\/\/www.vetorino.com\/boutique\/wp-content\/uploads\/2022\/11\/cal-en-cn-light-12kg.jpg\" \/>\n\t<meta property=\"og:image:width\" content=\"800\" \/>\n\t<meta property=\"og:image:height\" content=\"800\" \/>\n\t<meta property=\"og:image:type\" content=\"image\/jpeg\" \/>\n<meta name=\"twitter:card\" content=\"summary_large_image\" \/>\n<meta name=\"twitter:label1\" content=\"Disponibilit\u00e9\" \/>\n\t<meta name=\"twitter:data1\" content=\"En stock\" \/>\n<script type=\"application\/ld+json\" class=\"yoast-schema-graph\">{\"@context\":\"https:\\\/\\\/schema.org\",\"@graph\":[{\"@type\":\"WebPage\",\"@id\":\"https:\\\/\\\/www.vetorino.com\\\/boutique\\\/product\\\/dog-en-light\\\/\",\"url\":\"https:\\\/\\\/www.vetorino.com\\\/boutique\\\/product\\\/dog-en-light\\\/\",\"name\":\"Chien Expert Nutrition Light Calibra - V\u00e9torino\",\"isPartOf\":{\"@id\":\"https:\\\/\\\/www.vetorino.com\\\/boutique\\\/#website\"},\"primaryImageOfPage\":{\"@id\":\"https:\\\/\\\/www.vetorino.com\\\/boutique\\\/product\\\/dog-en-light\\\/#primaryimage\"},\"image\":{\"@id\":\"https:\\\/\\\/www.vetorino.com\\\/boutique\\\/product\\\/dog-en-light\\\/#primaryimage\"},\"thumbnailUrl\":\"https:\\\/\\\/www.vetorino.com\\\/boutique\\\/wp-content\\\/uploads\\\/2022\\\/11\\\/cal-en-cn-light-12kg.jpg\",\"datePublished\":\"2022-11-09T16:44:33+00:00\",\"dateModified\":\"2025-11-19T10:43:41+00:00\",\"description\":\"Aliment sec complet pour chiens adultes destin\u00e9 \u00e0 la r\u00e9duction ou au maintien du poids. R\u00e9duction du poids optimal. Hypoallerg\u00e9nique et digeste. Soutien aux articulations et muscles.\",\"breadcrumb\":{\"@id\":\"https:\\\/\\\/www.vetorino.com\\\/boutique\\\/product\\\/dog-en-light\\\/#breadcrumb\"},\"inLanguage\":\"fr-FR\",\"potentialAction\":[{\"@type\":\"ReadAction\",\"target\":[\"https:\\\/\\\/www.vetorino.com\\\/boutique\\\/product\\\/dog-en-light\\\/\"]}]},{\"@type\":\"ImageObject\",\"inLanguage\":\"fr-FR\",\"@id\":\"https:\\\/\\\/www.vetorino.com\\\/boutique\\\/product\\\/dog-en-light\\\/#primaryimage\",\"url\":\"https:\\\/\\\/www.vetorino.com\\\/boutique\\\/wp-content\\\/uploads\\\/2022\\\/11\\\/cal-en-cn-light-12kg.jpg\",\"contentUrl\":\"https:\\\/\\\/www.vetorino.com\\\/boutique\\\/wp-content\\\/uploads\\\/2022\\\/11\\\/cal-en-cn-light-12kg.jpg\",\"width\":800,\"height\":800},{\"@type\":\"BreadcrumbList\",\"@id\":\"https:\\\/\\\/www.vetorino.com\\\/boutique\\\/product\\\/dog-en-light\\\/#breadcrumb\",\"itemListElement\":[{\"@type\":\"ListItem\",\"position\":1,\"name\":\"Accueil\",\"item\":\"https:\\\/\\\/www.vetorino.com\\\/boutique\\\/\"},{\"@type\":\"ListItem\",\"position\":2,\"name\":\"Produits\",\"item\":\"https:\\\/\\\/www.vetorino.com\\\/boutique\\\/\"},{\"@type\":\"ListItem\",\"position\":3,\"name\":\"Chien Expert Nutrition Light\"}]},{\"@type\":\"WebSite\",\"@id\":\"https:\\\/\\\/www.vetorino.com\\\/boutique\\\/#website\",\"url\":\"https:\\\/\\\/www.vetorino.com\\\/boutique\\\/\",\"name\":\"V\u00e9torino\",\"description\":\"\",\"publisher\":{\"@id\":\"https:\\\/\\\/www.vetorino.com\\\/boutique\\\/#organization\"},\"potentialAction\":[{\"@type\":\"SearchAction\",\"target\":{\"@type\":\"EntryPoint\",\"urlTemplate\":\"https:\\\/\\\/www.vetorino.com\\\/boutique\\\/?s={search_term_string}\"},\"query-input\":{\"@type\":\"PropertyValueSpecification\",\"valueRequired\":true,\"valueName\":\"search_term_string\"}}],\"inLanguage\":\"fr-FR\"},{\"@type\":\"Organization\",\"@id\":\"https:\\\/\\\/www.vetorino.com\\\/boutique\\\/#organization\",\"name\":\"V\u00e9torino\",\"url\":\"https:\\\/\\\/www.vetorino.com\\\/boutique\\\/\",\"logo\":{\"@type\":\"ImageObject\",\"inLanguage\":\"fr-FR\",\"@id\":\"https:\\\/\\\/www.vetorino.com\\\/boutique\\\/#\\\/schema\\\/logo\\\/image\\\/\",\"url\":\"https:\\\/\\\/www.vetorino.com\\\/boutique\\\/wp-content\\\/uploads\\\/2024\\\/10\\\/logo.jpg\",\"contentUrl\":\"https:\\\/\\\/www.vetorino.com\\\/boutique\\\/wp-content\\\/uploads\\\/2024\\\/10\\\/logo.jpg\",\"width\":1200,\"height\":610,\"caption\":\"V\u00e9torino\"},\"image\":{\"@id\":\"https:\\\/\\\/www.vetorino.com\\\/boutique\\\/#\\\/schema\\\/logo\\\/image\\\/\"},\"sameAs\":[\"https:\\\/\\\/www.facebook.com\\\/Vetorino\\\/\",\"https:\\\/\\\/www.instagram.com\\\/vetorino_off\\\/\",\"https:\\\/\\\/www.linkedin.com\\\/company\\\/vtorino\\\/\"]}]}<\/script>\n<meta property=\"product:brand\" content=\"Calibra\" \/>\n<meta property=\"og:availability\" content=\"instock\" \/>\n<meta property=\"product:availability\" content=\"instock\" \/>\n<meta property=\"product:condition\" content=\"new\" \/>\n<!-- \/ Yoast SEO plugin. -->","yoast_head_json":{"title":"Chien Expert Nutrition Light Calibra - V\u00e9torino","description":"Aliment sec complet pour chiens adultes destin\u00e9 \u00e0 la r\u00e9duction ou au maintien du poids.       R\u00e9duction du poids optimal.  Hypoallerg\u00e9nique et digeste.  Soutien aux articulations et muscles.","robots":{"index":"noindex","follow":"nofollow"},"og_locale":"fr_FR","og_type":"article","og_title":"Chien Expert Nutrition Light Calibra - V\u00e9torino","og_description":"Aliment sec complet pour chiens adultes destin\u00e9 \u00e0 la r\u00e9duction ou au maintien du poids.       R\u00e9duction du poids optimal.  Hypoallerg\u00e9nique et digeste.  Soutien aux articulations et muscles.","og_url":"https:\/\/www.vetorino.com\/veterinaire\/sceaux-92330\/boutique\/product\/dog-en-light\/","og_site_name":"V\u00e9torino","article_publisher":"https:\/\/www.facebook.com\/Vetorino\/","article_modified_time":"2025-11-19T10:43:41+00:00","og_image":[{"width":800,"height":800,"url":"https:\/\/www.vetorino.com\/boutique\/wp-content\/uploads\/2022\/11\/cal-en-cn-light-12kg.jpg","type":"image\/jpeg"}],"twitter_card":"summary_large_image","twitter_misc":{"Disponibilit\u00e9":"En stock"},"schema":{"@context":"https:\/\/schema.org","@graph":[{"@type":"WebPage","@id":"https:\/\/www.vetorino.com\/boutique\/product\/dog-en-light\/","url":"https:\/\/www.vetorino.com\/boutique\/product\/dog-en-light\/","name":"Chien Expert Nutrition Light Calibra - V\u00e9torino","isPartOf":{"@id":"https:\/\/www.vetorino.com\/boutique\/#website"},"primaryImageOfPage":{"@id":"https:\/\/www.vetorino.com\/boutique\/product\/dog-en-light\/#primaryimage"},"image":{"@id":"https:\/\/www.vetorino.com\/boutique\/product\/dog-en-light\/#primaryimage"},"thumbnailUrl":"https:\/\/www.vetorino.com\/boutique\/wp-content\/uploads\/2022\/11\/cal-en-cn-light-12kg.jpg","datePublished":"2022-11-09T16:44:33+00:00","dateModified":"2025-11-19T10:43:41+00:00","description":"Aliment sec complet pour chiens adultes destin\u00e9 \u00e0 la r\u00e9duction ou au maintien du poids. R\u00e9duction du poids optimal. Hypoallerg\u00e9nique et digeste. Soutien aux articulations et muscles.","breadcrumb":{"@id":"https:\/\/www.vetorino.com\/boutique\/product\/dog-en-light\/#breadcrumb"},"inLanguage":"fr-FR","potentialAction":[{"@type":"ReadAction","target":["https:\/\/www.vetorino.com\/boutique\/product\/dog-en-light\/"]}]},{"@type":"ImageObject","inLanguage":"fr-FR","@id":"https:\/\/www.vetorino.com\/boutique\/product\/dog-en-light\/#primaryimage","url":"https:\/\/www.vetorino.com\/boutique\/wp-content\/uploads\/2022\/11\/cal-en-cn-light-12kg.jpg","contentUrl":"https:\/\/www.vetorino.com\/boutique\/wp-content\/uploads\/2022\/11\/cal-en-cn-light-12kg.jpg","width":800,"height":800},{"@type":"BreadcrumbList","@id":"https:\/\/www.vetorino.com\/boutique\/product\/dog-en-light\/#breadcrumb","itemListElement":[{"@type":"ListItem","position":1,"name":"Accueil","item":"https:\/\/www.vetorino.com\/boutique\/"},{"@type":"ListItem","position":2,"name":"Produits","item":"https:\/\/www.vetorino.com\/boutique\/"},{"@type":"ListItem","position":3,"name":"Chien Expert Nutrition Light"}]},{"@type":"WebSite","@id":"https:\/\/www.vetorino.com\/boutique\/#website","url":"https:\/\/www.vetorino.com\/boutique\/","name":"V\u00e9torino","description":"","publisher":{"@id":"https:\/\/www.vetorino.com\/boutique\/#organization"},"potentialAction":[{"@type":"SearchAction","target":{"@type":"EntryPoint","urlTemplate":"https:\/\/www.vetorino.com\/boutique\/?s={search_term_string}"},"query-input":{"@type":"PropertyValueSpecification","valueRequired":true,"valueName":"search_term_string"}}],"inLanguage":"fr-FR"},{"@type":"Organization","@id":"https:\/\/www.vetorino.com\/boutique\/#organization","name":"V\u00e9torino","url":"https:\/\/www.vetorino.com\/boutique\/","logo":{"@type":"ImageObject","inLanguage":"fr-FR","@id":"https:\/\/www.vetorino.com\/boutique\/#\/schema\/logo\/image\/","url":"https:\/\/www.vetorino.com\/boutique\/wp-content\/uploads\/2024\/10\/logo.jpg","contentUrl":"https:\/\/www.vetorino.com\/boutique\/wp-content\/uploads\/2024\/10\/logo.jpg","width":1200,"height":610,"caption":"V\u00e9torino"},"image":{"@id":"https:\/\/www.vetorino.com\/boutique\/#\/schema\/logo\/image\/"},"sameAs":["https:\/\/www.facebook.com\/Vetorino\/","https:\/\/www.instagram.com\/vetorino_off\/","https:\/\/www.linkedin.com\/company\/vtorino\/"]}]},"product_brand":"Calibra","og_availability":"instock","product_availability":"instock","product_condition":"new"},"_links":{"self":[{"href":"https:\/\/www.vetorino.com\/veterinaire\/sceaux-92330\/boutique\/wp-json\/wp\/v2\/product\/503616","targetHints":{"allow":["GET"]}}],"collection":[{"href":"https:\/\/www.vetorino.com\/veterinaire\/sceaux-92330\/boutique\/wp-json\/wp\/v2\/product"}],"about":[{"href":"https:\/\/www.vetorino.com\/veterinaire\/sceaux-92330\/boutique\/wp-json\/wp\/v2\/types\/product"}],"wp:featuredmedia":[{"embeddable":true,"href":"https:\/\/www.vetorino.com\/veterinaire\/sceaux-92330\/boutique\/wp-json\/wp\/v2\/media\/592555"}],"wp:attachment":[{"href":"https:\/\/www.vetorino.com\/veterinaire\/sceaux-92330\/boutique\/wp-json\/wp\/v2\/media?parent=503616"}],"wp:term":[{"taxonomy":"product_cat","embeddable":true,"href":"https:\/\/www.vetorino.com\/veterinaire\/sceaux-92330\/boutique\/wp-json\/wp\/v2\/product_cat?post=503616"},{"taxonomy":"product_tag","embeddable":true,"href":"https:\/\/www.vetorino.com\/veterinaire\/sceaux-92330\/boutique\/wp-json\/wp\/v2\/product_tag?post=503616"}],"curies":[{"name":"wp","href":"https:\/\/api.w.org\/{rel}","templated":true}]}}