{"id":503627,"date":"2022-11-09T17:44:46","date_gmt":"2022-11-09T16:44:46","guid":{"rendered":"https:\/\/www.vetorino.com\/boutique\/product\/expert-nutrition-neutered\/"},"modified":"2025-11-19T16:05:52","modified_gmt":"2025-11-19T15:05:52","slug":"expert-nutrition-neutered","status":"publish","type":"product","link":"https:\/\/www.vetorino.com\/veterinaire\/sceaux-92330\/boutique\/product\/expert-nutrition-neutered\/","title":{"rendered":"Chien Expert Nutrition Neutered"},"content":{"rendered":"<div class=\"type short-description\">\n<p><strong>Aliment sec complet pour les chiens st\u00e9rilis\u00e9s ou castr\u00e9s.<\/strong><\/p>\n<\/div>\n<div class=\"block characteristics\">\n<div class=\"block-content is-paws-list\">\n<ul>\n<li>Recette sp\u00e9cialement con\u00e7ue pour chiens st\u00e9rilis\u00e9s<\/li>\n<li>Soutient le syst\u00e8me urinaire efficacement<\/li>\n<li>Limite la prise de poids gr\u00e2ce \u00e0 sa densit\u00e9 \u00e9nerg\u00e9tique<\/li>\n<\/ul>\n<\/div>\n<\/div>\n<div class=\"value\" data-role=\"content-preview\">\n<p>Cet aliment a \u00e9t\u00e9 <strong>d\u00e9velopp\u00e9 sp\u00e9cialement pour les chiens st\u00e9rilis\u00e9s. <\/strong><\/p>\n<p>Cette recette est \u00e0 base de poulet et de riz, <strong>facile \u00e0 dig\u00e9rer.<\/strong><\/p>\n<p>La teneur en complexes min\u00e9raux <strong>permet de soutenir le bon fonctionnement du syst\u00e8me urinaire. <\/strong><\/p>\n<p>La densit\u00e9 \u00e9nerg\u00e9tique est adapt\u00e9e pour<strong> limiter la prise de poids<\/strong> et la teneur en prot\u00e9ines d\u2019origine animale est de 85%.<\/p>\n<\/div>\n","protected":false},"excerpt":{"rendered":"<div class=\"type short-description\">\n<p><strong>Aliment sec complet pour les chiens st\u00e9rilis\u00e9s ou castr\u00e9s.<\/strong><\/p>\n<\/div>\n<div class=\"block characteristics\">\n<div class=\"block-content is-paws-list\">\n<ul>\n<li>Recette sp\u00e9cialement con\u00e7ue pour chiens st\u00e9rilis\u00e9s<\/li>\n<li>Soutient le syst\u00e8me urinaire efficacement<\/li>\n<li>Limite la prise de poids gr\u00e2ce \u00e0 sa densit\u00e9 \u00e9nerg\u00e9tique<\/li>\n<\/ul>\n<\/div>\n<\/div>\n<div class=\"value\" data-role=\"content-preview\">\n<p>Cet aliment a \u00e9t\u00e9 <strong>d\u00e9velopp\u00e9 sp\u00e9cialement pour les chiens st\u00e9rilis\u00e9s. <\/strong><\/p>\n<p>Cette recette est \u00e0 base de poulet et de riz, <strong>facile \u00e0 dig\u00e9rer.<\/strong><\/p>\n<p>La teneur en complexes min\u00e9raux <strong>permet de soutenir le bon fonctionnement du syst\u00e8me urinaire. <\/strong><\/p>\n<p>La densit\u00e9 \u00e9nerg\u00e9tique est adapt\u00e9e pour<strong> limiter la prise de poids<\/strong> et la teneur en prot\u00e9ines d\u2019origine animale est de 85%.<\/p>\n<\/div>\n","protected":false},"featured_media":592455,"template":"","meta":[],"product_cat":[12552,12584,2698],"product_tag":[],"class_list":{"0":"post-503627","1":"product","2":"type-product","3":"status-publish","4":"has-post-thumbnail","6":"product_cat-alimentation-du-chien","7":"product_cat-alimentation-premium-pour-chien","8":"product_cat-chien","9":"pa_marque-calibra","11":"first","12":"outofstock","13":"taxable","14":"shipping-taxable","15":"purchasable","16":"product-type-variable"},"yoast_head":"<!-- This site is optimized with the Yoast SEO plugin v27.3 - https:\/\/yoast.com\/product\/yoast-seo-wordpress\/ -->\n<title>Chien Expert Nutrition Neutered Calibra - V\u00e9torino<\/title>\n<meta name=\"description\" content=\"Aliment sec complet pour les chiens st\u00e9rilis\u00e9s ou castr\u00e9s.       Recette sp\u00e9cialement con\u00e7ue pour chiens st\u00e9rilis\u00e9s  Soutient le syst\u00e8me urinaire efficacement  Limite la prise de poids gr\u00e2ce \u00e0 sa densit\u00e9 \u00e9nerg\u00e9tique      Cet aliment a \u00e9t\u00e9 d\u00e9velopp\u00e9 sp\u00e9cialement pour les chiens st\u00e9rilis\u00e9s.   Cette recette est \u00e0 base de poulet et de riz, facile \u00e0 dig\u00e9rer.  La teneur en complexes min\u00e9raux permet de soutenir le bon fonctionnement du syst\u00e8me urinaire.   La densit\u00e9 \u00e9nerg\u00e9tique est adapt\u00e9e pour limiter la prise de poids et la teneur en prot\u00e9ines d\u2019origine animale est de 85%.\" \/>\n<meta name=\"robots\" content=\"noindex, nofollow\" \/>\n<meta property=\"og:locale\" content=\"fr_FR\" \/>\n<meta property=\"og:type\" content=\"article\" \/>\n<meta property=\"og:title\" content=\"Chien Expert Nutrition Neutered Calibra - V\u00e9torino\" \/>\n<meta property=\"og:description\" content=\"Aliment sec complet pour les chiens st\u00e9rilis\u00e9s ou castr\u00e9s.       Recette sp\u00e9cialement con\u00e7ue pour chiens st\u00e9rilis\u00e9s  Soutient le syst\u00e8me urinaire efficacement  Limite la prise de poids gr\u00e2ce \u00e0 sa densit\u00e9 \u00e9nerg\u00e9tique      Cet aliment a \u00e9t\u00e9 d\u00e9velopp\u00e9 sp\u00e9cialement pour les chiens st\u00e9rilis\u00e9s.   Cette recette est \u00e0 base de poulet et de riz, facile \u00e0 dig\u00e9rer.  La teneur en complexes min\u00e9raux permet de soutenir le bon fonctionnement du syst\u00e8me urinaire.   La densit\u00e9 \u00e9nerg\u00e9tique est adapt\u00e9e pour limiter la prise de poids et la teneur en prot\u00e9ines d\u2019origine animale est de 85%.\" \/>\n<meta property=\"og:url\" content=\"https:\/\/www.vetorino.com\/veterinaire\/sceaux-92330\/boutique\/product\/expert-nutrition-neutered\/\" \/>\n<meta property=\"og:site_name\" content=\"V\u00e9torino\" \/>\n<meta property=\"article:publisher\" content=\"https:\/\/www.facebook.com\/Vetorino\/\" \/>\n<meta property=\"article:modified_time\" content=\"2025-11-19T15:05:52+00:00\" \/>\n<meta property=\"og:image\" content=\"https:\/\/www.vetorino.com\/boutique\/wp-content\/uploads\/2022\/11\/cal-en-cn-neutered-7kg.jpg\" \/>\n\t<meta property=\"og:image:width\" content=\"800\" \/>\n\t<meta property=\"og:image:height\" content=\"800\" \/>\n\t<meta property=\"og:image:type\" content=\"image\/jpeg\" \/>\n<meta name=\"twitter:card\" content=\"summary_large_image\" \/>\n<meta name=\"twitter:label1\" content=\"Disponibilit\u00e9\" \/>\n\t<meta name=\"twitter:data1\" content=\"Rupture de stock\" \/>\n<script type=\"application\/ld+json\" class=\"yoast-schema-graph\">{\"@context\":\"https:\\\/\\\/schema.org\",\"@graph\":[{\"@type\":\"WebPage\",\"@id\":\"https:\\\/\\\/www.vetorino.com\\\/boutique\\\/product\\\/expert-nutrition-neutered\\\/\",\"url\":\"https:\\\/\\\/www.vetorino.com\\\/boutique\\\/product\\\/expert-nutrition-neutered\\\/\",\"name\":\"Chien Expert Nutrition Neutered Calibra - V\u00e9torino\",\"isPartOf\":{\"@id\":\"https:\\\/\\\/www.vetorino.com\\\/boutique\\\/#website\"},\"primaryImageOfPage\":{\"@id\":\"https:\\\/\\\/www.vetorino.com\\\/boutique\\\/product\\\/expert-nutrition-neutered\\\/#primaryimage\"},\"image\":{\"@id\":\"https:\\\/\\\/www.vetorino.com\\\/boutique\\\/product\\\/expert-nutrition-neutered\\\/#primaryimage\"},\"thumbnailUrl\":\"https:\\\/\\\/www.vetorino.com\\\/boutique\\\/wp-content\\\/uploads\\\/2022\\\/11\\\/cal-en-cn-neutered-7kg.jpg\",\"datePublished\":\"2022-11-09T16:44:46+00:00\",\"dateModified\":\"2025-11-19T15:05:52+00:00\",\"description\":\"Aliment sec complet pour les chiens st\u00e9rilis\u00e9s ou castr\u00e9s. Recette sp\u00e9cialement con\u00e7ue pour chiens st\u00e9rilis\u00e9s Soutient le syst\u00e8me urinaire efficacement Limite la prise de poids gr\u00e2ce \u00e0 sa densit\u00e9 \u00e9nerg\u00e9tique Cet aliment a \u00e9t\u00e9 d\u00e9velopp\u00e9 sp\u00e9cialement pour les chiens st\u00e9rilis\u00e9s. Cette recette est \u00e0 base de poulet et de riz, facile \u00e0 dig\u00e9rer. La teneur en complexes min\u00e9raux permet de soutenir le bon fonctionnement du syst\u00e8me urinaire. La densit\u00e9 \u00e9nerg\u00e9tique est adapt\u00e9e pour limiter la prise de poids et la teneur en prot\u00e9ines d\u2019origine animale est de 85%.\",\"breadcrumb\":{\"@id\":\"https:\\\/\\\/www.vetorino.com\\\/boutique\\\/product\\\/expert-nutrition-neutered\\\/#breadcrumb\"},\"inLanguage\":\"fr-FR\",\"potentialAction\":[{\"@type\":\"ReadAction\",\"target\":[\"https:\\\/\\\/www.vetorino.com\\\/boutique\\\/product\\\/expert-nutrition-neutered\\\/\"]}]},{\"@type\":\"ImageObject\",\"inLanguage\":\"fr-FR\",\"@id\":\"https:\\\/\\\/www.vetorino.com\\\/boutique\\\/product\\\/expert-nutrition-neutered\\\/#primaryimage\",\"url\":\"https:\\\/\\\/www.vetorino.com\\\/boutique\\\/wp-content\\\/uploads\\\/2022\\\/11\\\/cal-en-cn-neutered-7kg.jpg\",\"contentUrl\":\"https:\\\/\\\/www.vetorino.com\\\/boutique\\\/wp-content\\\/uploads\\\/2022\\\/11\\\/cal-en-cn-neutered-7kg.jpg\",\"width\":800,\"height\":800},{\"@type\":\"BreadcrumbList\",\"@id\":\"https:\\\/\\\/www.vetorino.com\\\/boutique\\\/product\\\/expert-nutrition-neutered\\\/#breadcrumb\",\"itemListElement\":[{\"@type\":\"ListItem\",\"position\":1,\"name\":\"Accueil\",\"item\":\"https:\\\/\\\/www.vetorino.com\\\/boutique\\\/\"},{\"@type\":\"ListItem\",\"position\":2,\"name\":\"Produits\",\"item\":\"https:\\\/\\\/www.vetorino.com\\\/boutique\\\/\"},{\"@type\":\"ListItem\",\"position\":3,\"name\":\"Chien Expert Nutrition Neutered\"}]},{\"@type\":\"WebSite\",\"@id\":\"https:\\\/\\\/www.vetorino.com\\\/boutique\\\/#website\",\"url\":\"https:\\\/\\\/www.vetorino.com\\\/boutique\\\/\",\"name\":\"V\u00e9torino\",\"description\":\"\",\"publisher\":{\"@id\":\"https:\\\/\\\/www.vetorino.com\\\/boutique\\\/#organization\"},\"potentialAction\":[{\"@type\":\"SearchAction\",\"target\":{\"@type\":\"EntryPoint\",\"urlTemplate\":\"https:\\\/\\\/www.vetorino.com\\\/boutique\\\/?s={search_term_string}\"},\"query-input\":{\"@type\":\"PropertyValueSpecification\",\"valueRequired\":true,\"valueName\":\"search_term_string\"}}],\"inLanguage\":\"fr-FR\"},{\"@type\":\"Organization\",\"@id\":\"https:\\\/\\\/www.vetorino.com\\\/boutique\\\/#organization\",\"name\":\"V\u00e9torino\",\"url\":\"https:\\\/\\\/www.vetorino.com\\\/boutique\\\/\",\"logo\":{\"@type\":\"ImageObject\",\"inLanguage\":\"fr-FR\",\"@id\":\"https:\\\/\\\/www.vetorino.com\\\/boutique\\\/#\\\/schema\\\/logo\\\/image\\\/\",\"url\":\"https:\\\/\\\/www.vetorino.com\\\/boutique\\\/wp-content\\\/uploads\\\/2024\\\/10\\\/logo.jpg\",\"contentUrl\":\"https:\\\/\\\/www.vetorino.com\\\/boutique\\\/wp-content\\\/uploads\\\/2024\\\/10\\\/logo.jpg\",\"width\":1200,\"height\":610,\"caption\":\"V\u00e9torino\"},\"image\":{\"@id\":\"https:\\\/\\\/www.vetorino.com\\\/boutique\\\/#\\\/schema\\\/logo\\\/image\\\/\"},\"sameAs\":[\"https:\\\/\\\/www.facebook.com\\\/Vetorino\\\/\",\"https:\\\/\\\/www.instagram.com\\\/vetorino_off\\\/\",\"https:\\\/\\\/www.linkedin.com\\\/company\\\/vtorino\\\/\"]}]}<\/script>\n<meta property=\"product:brand\" content=\"Calibra\" \/>\n<meta property=\"og:availability\" content=\"out of stock\" \/>\n<meta property=\"product:availability\" content=\"out of stock\" \/>\n<meta property=\"product:condition\" content=\"new\" \/>\n<!-- \/ Yoast SEO plugin. -->","yoast_head_json":{"title":"Chien Expert Nutrition Neutered Calibra - V\u00e9torino","description":"Aliment sec complet pour les chiens st\u00e9rilis\u00e9s ou castr\u00e9s.       Recette sp\u00e9cialement con\u00e7ue pour chiens st\u00e9rilis\u00e9s  Soutient le syst\u00e8me urinaire efficacement  Limite la prise de poids gr\u00e2ce \u00e0 sa densit\u00e9 \u00e9nerg\u00e9tique      Cet aliment a \u00e9t\u00e9 d\u00e9velopp\u00e9 sp\u00e9cialement pour les chiens st\u00e9rilis\u00e9s.   Cette recette est \u00e0 base de poulet et de riz, facile \u00e0 dig\u00e9rer.  La teneur en complexes min\u00e9raux permet de soutenir le bon fonctionnement du syst\u00e8me urinaire.   La densit\u00e9 \u00e9nerg\u00e9tique est adapt\u00e9e pour limiter la prise de poids et la teneur en prot\u00e9ines d\u2019origine animale est de 85%.","robots":{"index":"noindex","follow":"nofollow"},"og_locale":"fr_FR","og_type":"article","og_title":"Chien Expert Nutrition Neutered Calibra - V\u00e9torino","og_description":"Aliment sec complet pour les chiens st\u00e9rilis\u00e9s ou castr\u00e9s.       Recette sp\u00e9cialement con\u00e7ue pour chiens st\u00e9rilis\u00e9s  Soutient le syst\u00e8me urinaire efficacement  Limite la prise de poids gr\u00e2ce \u00e0 sa densit\u00e9 \u00e9nerg\u00e9tique      Cet aliment a \u00e9t\u00e9 d\u00e9velopp\u00e9 sp\u00e9cialement pour les chiens st\u00e9rilis\u00e9s.   Cette recette est \u00e0 base de poulet et de riz, facile \u00e0 dig\u00e9rer.  La teneur en complexes min\u00e9raux permet de soutenir le bon fonctionnement du syst\u00e8me urinaire.   La densit\u00e9 \u00e9nerg\u00e9tique est adapt\u00e9e pour limiter la prise de poids et la teneur en prot\u00e9ines d\u2019origine animale est de 85%.","og_url":"https:\/\/www.vetorino.com\/veterinaire\/sceaux-92330\/boutique\/product\/expert-nutrition-neutered\/","og_site_name":"V\u00e9torino","article_publisher":"https:\/\/www.facebook.com\/Vetorino\/","article_modified_time":"2025-11-19T15:05:52+00:00","og_image":[{"width":800,"height":800,"url":"https:\/\/www.vetorino.com\/boutique\/wp-content\/uploads\/2022\/11\/cal-en-cn-neutered-7kg.jpg","type":"image\/jpeg"}],"twitter_card":"summary_large_image","twitter_misc":{"Disponibilit\u00e9":"Rupture de stock"},"schema":{"@context":"https:\/\/schema.org","@graph":[{"@type":"WebPage","@id":"https:\/\/www.vetorino.com\/boutique\/product\/expert-nutrition-neutered\/","url":"https:\/\/www.vetorino.com\/boutique\/product\/expert-nutrition-neutered\/","name":"Chien Expert Nutrition Neutered Calibra - V\u00e9torino","isPartOf":{"@id":"https:\/\/www.vetorino.com\/boutique\/#website"},"primaryImageOfPage":{"@id":"https:\/\/www.vetorino.com\/boutique\/product\/expert-nutrition-neutered\/#primaryimage"},"image":{"@id":"https:\/\/www.vetorino.com\/boutique\/product\/expert-nutrition-neutered\/#primaryimage"},"thumbnailUrl":"https:\/\/www.vetorino.com\/boutique\/wp-content\/uploads\/2022\/11\/cal-en-cn-neutered-7kg.jpg","datePublished":"2022-11-09T16:44:46+00:00","dateModified":"2025-11-19T15:05:52+00:00","description":"Aliment sec complet pour les chiens st\u00e9rilis\u00e9s ou castr\u00e9s. Recette sp\u00e9cialement con\u00e7ue pour chiens st\u00e9rilis\u00e9s Soutient le syst\u00e8me urinaire efficacement Limite la prise de poids gr\u00e2ce \u00e0 sa densit\u00e9 \u00e9nerg\u00e9tique Cet aliment a \u00e9t\u00e9 d\u00e9velopp\u00e9 sp\u00e9cialement pour les chiens st\u00e9rilis\u00e9s. Cette recette est \u00e0 base de poulet et de riz, facile \u00e0 dig\u00e9rer. La teneur en complexes min\u00e9raux permet de soutenir le bon fonctionnement du syst\u00e8me urinaire. La densit\u00e9 \u00e9nerg\u00e9tique est adapt\u00e9e pour limiter la prise de poids et la teneur en prot\u00e9ines d\u2019origine animale est de 85%.","breadcrumb":{"@id":"https:\/\/www.vetorino.com\/boutique\/product\/expert-nutrition-neutered\/#breadcrumb"},"inLanguage":"fr-FR","potentialAction":[{"@type":"ReadAction","target":["https:\/\/www.vetorino.com\/boutique\/product\/expert-nutrition-neutered\/"]}]},{"@type":"ImageObject","inLanguage":"fr-FR","@id":"https:\/\/www.vetorino.com\/boutique\/product\/expert-nutrition-neutered\/#primaryimage","url":"https:\/\/www.vetorino.com\/boutique\/wp-content\/uploads\/2022\/11\/cal-en-cn-neutered-7kg.jpg","contentUrl":"https:\/\/www.vetorino.com\/boutique\/wp-content\/uploads\/2022\/11\/cal-en-cn-neutered-7kg.jpg","width":800,"height":800},{"@type":"BreadcrumbList","@id":"https:\/\/www.vetorino.com\/boutique\/product\/expert-nutrition-neutered\/#breadcrumb","itemListElement":[{"@type":"ListItem","position":1,"name":"Accueil","item":"https:\/\/www.vetorino.com\/boutique\/"},{"@type":"ListItem","position":2,"name":"Produits","item":"https:\/\/www.vetorino.com\/boutique\/"},{"@type":"ListItem","position":3,"name":"Chien Expert Nutrition Neutered"}]},{"@type":"WebSite","@id":"https:\/\/www.vetorino.com\/boutique\/#website","url":"https:\/\/www.vetorino.com\/boutique\/","name":"V\u00e9torino","description":"","publisher":{"@id":"https:\/\/www.vetorino.com\/boutique\/#organization"},"potentialAction":[{"@type":"SearchAction","target":{"@type":"EntryPoint","urlTemplate":"https:\/\/www.vetorino.com\/boutique\/?s={search_term_string}"},"query-input":{"@type":"PropertyValueSpecification","valueRequired":true,"valueName":"search_term_string"}}],"inLanguage":"fr-FR"},{"@type":"Organization","@id":"https:\/\/www.vetorino.com\/boutique\/#organization","name":"V\u00e9torino","url":"https:\/\/www.vetorino.com\/boutique\/","logo":{"@type":"ImageObject","inLanguage":"fr-FR","@id":"https:\/\/www.vetorino.com\/boutique\/#\/schema\/logo\/image\/","url":"https:\/\/www.vetorino.com\/boutique\/wp-content\/uploads\/2024\/10\/logo.jpg","contentUrl":"https:\/\/www.vetorino.com\/boutique\/wp-content\/uploads\/2024\/10\/logo.jpg","width":1200,"height":610,"caption":"V\u00e9torino"},"image":{"@id":"https:\/\/www.vetorino.com\/boutique\/#\/schema\/logo\/image\/"},"sameAs":["https:\/\/www.facebook.com\/Vetorino\/","https:\/\/www.instagram.com\/vetorino_off\/","https:\/\/www.linkedin.com\/company\/vtorino\/"]}]},"product_brand":"Calibra","og_availability":"out of stock","product_availability":"out of stock","product_condition":"new"},"_links":{"self":[{"href":"https:\/\/www.vetorino.com\/veterinaire\/sceaux-92330\/boutique\/wp-json\/wp\/v2\/product\/503627","targetHints":{"allow":["GET"]}}],"collection":[{"href":"https:\/\/www.vetorino.com\/veterinaire\/sceaux-92330\/boutique\/wp-json\/wp\/v2\/product"}],"about":[{"href":"https:\/\/www.vetorino.com\/veterinaire\/sceaux-92330\/boutique\/wp-json\/wp\/v2\/types\/product"}],"wp:featuredmedia":[{"embeddable":true,"href":"https:\/\/www.vetorino.com\/veterinaire\/sceaux-92330\/boutique\/wp-json\/wp\/v2\/media\/592455"}],"wp:attachment":[{"href":"https:\/\/www.vetorino.com\/veterinaire\/sceaux-92330\/boutique\/wp-json\/wp\/v2\/media?parent=503627"}],"wp:term":[{"taxonomy":"product_cat","embeddable":true,"href":"https:\/\/www.vetorino.com\/veterinaire\/sceaux-92330\/boutique\/wp-json\/wp\/v2\/product_cat?post=503627"},{"taxonomy":"product_tag","embeddable":true,"href":"https:\/\/www.vetorino.com\/veterinaire\/sceaux-92330\/boutique\/wp-json\/wp\/v2\/product_tag?post=503627"}],"curies":[{"name":"wp","href":"https:\/\/api.w.org\/{rel}","templated":true}]}}