{"id":503702,"date":"2022-11-09T17:47:01","date_gmt":"2022-11-09T16:47:01","guid":{"rendered":"https:\/\/www.vetorino.com\/boutique\/product\/life-adult-medium-breed-lamb\/"},"modified":"2023-04-11T11:30:29","modified_gmt":"2023-04-11T09:30:29","slug":"life-adult-medium-breed-lamb","status":"publish","type":"product","link":"https:\/\/www.vetorino.com\/veterinaire\/sceaux-92330\/boutique\/product\/life-adult-medium-breed-lamb\/","title":{"rendered":"Chien Life Adult Medium Breed Agneau"},"content":{"rendered":"<p><strong>Calibra Dog Life Adult Medium Breed Lamb <\/strong>est un aliment sec complet pour chiens adultes de race moyenne (10 \u00e0 30 kg) contenant de l&#8217;agneau de haute qualit\u00e9. Cette recette, \u00e0 faible teneur en c\u00e9r\u00e9ales (uniquement du riz), se caract\u00e9rise par sa saveur app\u00e9tissante et est hypoallerg\u00e9nique et facilement digestible. Les prot\u00e9ines d&#8217;origine animale repr\u00e9sentent 80 % de sa teneur totale en prot\u00e9ines. Les pr\u00e9biotiques et les probiotiques assurent une digestion optimale et, avec l&#8217;extrait de <em>Yucca schidigera<\/em>, stimulent et renforcent l&#8217;immunit\u00e9 du chien, ce qui est essentiel pour son mode de vie actif. Les bienfaits de la recette sont encore renforc\u00e9s par un m\u00e9lange optimis\u00e9 de vitamines et de min\u00e9raux.<\/p>\n<p><strong>Avantages :\u00a0<\/strong><\/p>\n<ul>\n<li class=\"benefit\">Vitamines et min\u00e9raux ch\u00e9lat\u00e9s (formes organiques de min\u00e9raux hautement utilisables) &#8211; pour le bon fonctionnement de l&#8217;organisme, la pr\u00e9vention des maladies et le renforcement du syst\u00e8me immunitaire.<\/li>\n<li class=\"benefit\">Les fructo-oligosaccharides et les mannan-oligosaccharides (FOS, MOS) sont des pr\u00e9biotiques qui soutiennent la microflore intestinale et le bon fonctionnement du syst\u00e8me digestif et qui renforcent le syst\u00e8me immunitaire.<\/li>\n<li class=\"benefit\">Mojave yucca &#8211; contient de la chlorophylle, des oligo-\u00e9l\u00e9ments, des vitamines, des saponines et des polyph\u00e9nols. Il a des effets d\u00e9toxifiants, une influence positive sur le tractus gastro-intestinal, r\u00e9duit les flatulences et l&#8217;odeur des excr\u00e9ments.<\/li>\n<li class=\"benefit\">\u03b2-glucanes stimulent et soutiennent le syst\u00e8me immunitaire. Lactobacillus acidophilus (inactiv\u00e9) &#8211; a une fonction paraprobiotique et un effet positif sur le syst\u00e8me immunitaire.<\/li>\n<\/ul>\n","protected":false},"excerpt":{"rendered":"<p><strong>Calibra Dog Life Adult Medium Breed Lamb <\/strong>est un aliment sec complet pour chiens adultes de race moyenne (10 \u00e0 30 kg) contenant de l&#8217;agneau de haute qualit\u00e9.<\/p>\n","protected":false},"featured_media":592653,"template":"","meta":[],"product_cat":[12552,2698],"product_tag":[],"class_list":{"0":"post-503702","1":"product","2":"type-product","3":"status-publish","4":"has-post-thumbnail","6":"product_cat-alimentation-du-chien","7":"product_cat-chien","8":"pa_marque-calibra","10":"first","11":"instock","12":"taxable","13":"shipping-taxable","14":"purchasable","15":"product-type-variable"},"yoast_head":"<!-- This site is optimized with the Yoast SEO plugin v27.3 - https:\/\/yoast.com\/product\/yoast-seo-wordpress\/ -->\n<title>Chien Life Adult Medium Breed Agneau Calibra - V\u00e9torino<\/title>\n<meta name=\"description\" content=\"Calibra Dog Life Adult Medium Breed Lamb est un aliment sec complet pour chiens adultes de race moyenne (10 \u00e0 30 kg) contenant de l&#039;agneau de haute qualit\u00e9.\" \/>\n<meta name=\"robots\" content=\"noindex, nofollow\" \/>\n<meta property=\"og:locale\" content=\"fr_FR\" \/>\n<meta property=\"og:type\" content=\"article\" \/>\n<meta property=\"og:title\" content=\"Chien Life Adult Medium Breed Agneau Calibra - V\u00e9torino\" \/>\n<meta property=\"og:description\" content=\"Calibra Dog Life Adult Medium Breed Lamb est un aliment sec complet pour chiens adultes de race moyenne (10 \u00e0 30 kg) contenant de l&#039;agneau de haute qualit\u00e9.\" \/>\n<meta property=\"og:url\" content=\"https:\/\/www.vetorino.com\/veterinaire\/sceaux-92330\/boutique\/product\/life-adult-medium-breed-lamb\/\" \/>\n<meta property=\"og:site_name\" content=\"V\u00e9torino\" \/>\n<meta property=\"article:publisher\" content=\"https:\/\/www.facebook.com\/Vetorino\/\" \/>\n<meta property=\"article:modified_time\" content=\"2023-04-11T09:30:29+00:00\" \/>\n<meta property=\"og:image\" content=\"https:\/\/www.vetorino.com\/boutique\/wp-content\/uploads\/2022\/11\/cal-lf-cn-adult-medium-lamb-25kg.jpg\" \/>\n\t<meta property=\"og:image:width\" content=\"800\" \/>\n\t<meta property=\"og:image:height\" content=\"800\" \/>\n\t<meta property=\"og:image:type\" content=\"image\/jpeg\" \/>\n<meta name=\"twitter:card\" content=\"summary_large_image\" \/>\n<meta name=\"twitter:label1\" content=\"Disponibilit\u00e9\" \/>\n\t<meta name=\"twitter:data1\" content=\"En stock\" \/>\n<script type=\"application\/ld+json\" class=\"yoast-schema-graph\">{\"@context\":\"https:\\\/\\\/schema.org\",\"@graph\":[{\"@type\":\"WebPage\",\"@id\":\"https:\\\/\\\/www.vetorino.com\\\/boutique\\\/product\\\/life-adult-medium-breed-lamb\\\/\",\"url\":\"https:\\\/\\\/www.vetorino.com\\\/boutique\\\/product\\\/life-adult-medium-breed-lamb\\\/\",\"name\":\"Chien Life Adult Medium Breed Agneau Calibra - V\u00e9torino\",\"isPartOf\":{\"@id\":\"https:\\\/\\\/www.vetorino.com\\\/boutique\\\/#website\"},\"primaryImageOfPage\":{\"@id\":\"https:\\\/\\\/www.vetorino.com\\\/boutique\\\/product\\\/life-adult-medium-breed-lamb\\\/#primaryimage\"},\"image\":{\"@id\":\"https:\\\/\\\/www.vetorino.com\\\/boutique\\\/product\\\/life-adult-medium-breed-lamb\\\/#primaryimage\"},\"thumbnailUrl\":\"https:\\\/\\\/www.vetorino.com\\\/boutique\\\/wp-content\\\/uploads\\\/2022\\\/11\\\/cal-lf-cn-adult-medium-lamb-25kg.jpg\",\"datePublished\":\"2022-11-09T16:47:01+00:00\",\"dateModified\":\"2023-04-11T09:30:29+00:00\",\"description\":\"Calibra Dog Life Adult Medium Breed Lamb est un aliment sec complet pour chiens adultes de race moyenne (10 \u00e0 30 kg) contenant de l'agneau de haute qualit\u00e9.\",\"breadcrumb\":{\"@id\":\"https:\\\/\\\/www.vetorino.com\\\/boutique\\\/product\\\/life-adult-medium-breed-lamb\\\/#breadcrumb\"},\"inLanguage\":\"fr-FR\",\"potentialAction\":[{\"@type\":\"ReadAction\",\"target\":[\"https:\\\/\\\/www.vetorino.com\\\/boutique\\\/product\\\/life-adult-medium-breed-lamb\\\/\"]}]},{\"@type\":\"ImageObject\",\"inLanguage\":\"fr-FR\",\"@id\":\"https:\\\/\\\/www.vetorino.com\\\/boutique\\\/product\\\/life-adult-medium-breed-lamb\\\/#primaryimage\",\"url\":\"https:\\\/\\\/www.vetorino.com\\\/boutique\\\/wp-content\\\/uploads\\\/2022\\\/11\\\/cal-lf-cn-adult-medium-lamb-25kg.jpg\",\"contentUrl\":\"https:\\\/\\\/www.vetorino.com\\\/boutique\\\/wp-content\\\/uploads\\\/2022\\\/11\\\/cal-lf-cn-adult-medium-lamb-25kg.jpg\",\"width\":800,\"height\":800},{\"@type\":\"BreadcrumbList\",\"@id\":\"https:\\\/\\\/www.vetorino.com\\\/boutique\\\/product\\\/life-adult-medium-breed-lamb\\\/#breadcrumb\",\"itemListElement\":[{\"@type\":\"ListItem\",\"position\":1,\"name\":\"Accueil\",\"item\":\"https:\\\/\\\/www.vetorino.com\\\/boutique\\\/\"},{\"@type\":\"ListItem\",\"position\":2,\"name\":\"Produits\",\"item\":\"https:\\\/\\\/www.vetorino.com\\\/boutique\\\/\"},{\"@type\":\"ListItem\",\"position\":3,\"name\":\"Chien Life Adult Medium Breed Agneau\"}]},{\"@type\":\"WebSite\",\"@id\":\"https:\\\/\\\/www.vetorino.com\\\/boutique\\\/#website\",\"url\":\"https:\\\/\\\/www.vetorino.com\\\/boutique\\\/\",\"name\":\"V\u00e9torino\",\"description\":\"\",\"publisher\":{\"@id\":\"https:\\\/\\\/www.vetorino.com\\\/boutique\\\/#organization\"},\"potentialAction\":[{\"@type\":\"SearchAction\",\"target\":{\"@type\":\"EntryPoint\",\"urlTemplate\":\"https:\\\/\\\/www.vetorino.com\\\/boutique\\\/?s={search_term_string}\"},\"query-input\":{\"@type\":\"PropertyValueSpecification\",\"valueRequired\":true,\"valueName\":\"search_term_string\"}}],\"inLanguage\":\"fr-FR\"},{\"@type\":\"Organization\",\"@id\":\"https:\\\/\\\/www.vetorino.com\\\/boutique\\\/#organization\",\"name\":\"V\u00e9torino\",\"url\":\"https:\\\/\\\/www.vetorino.com\\\/boutique\\\/\",\"logo\":{\"@type\":\"ImageObject\",\"inLanguage\":\"fr-FR\",\"@id\":\"https:\\\/\\\/www.vetorino.com\\\/boutique\\\/#\\\/schema\\\/logo\\\/image\\\/\",\"url\":\"https:\\\/\\\/www.vetorino.com\\\/boutique\\\/wp-content\\\/uploads\\\/2024\\\/10\\\/logo.jpg\",\"contentUrl\":\"https:\\\/\\\/www.vetorino.com\\\/boutique\\\/wp-content\\\/uploads\\\/2024\\\/10\\\/logo.jpg\",\"width\":1200,\"height\":610,\"caption\":\"V\u00e9torino\"},\"image\":{\"@id\":\"https:\\\/\\\/www.vetorino.com\\\/boutique\\\/#\\\/schema\\\/logo\\\/image\\\/\"},\"sameAs\":[\"https:\\\/\\\/www.facebook.com\\\/Vetorino\\\/\",\"https:\\\/\\\/www.instagram.com\\\/vetorino_off\\\/\",\"https:\\\/\\\/www.linkedin.com\\\/company\\\/vtorino\\\/\"]}]}<\/script>\n<meta property=\"product:brand\" content=\"Calibra\" \/>\n<meta property=\"og:availability\" content=\"instock\" \/>\n<meta property=\"product:availability\" content=\"instock\" \/>\n<meta property=\"product:condition\" content=\"new\" \/>\n<!-- \/ Yoast SEO plugin. -->","yoast_head_json":{"title":"Chien Life Adult Medium Breed Agneau Calibra - V\u00e9torino","description":"Calibra Dog Life Adult Medium Breed Lamb est un aliment sec complet pour chiens adultes de race moyenne (10 \u00e0 30 kg) contenant de l'agneau de haute qualit\u00e9.","robots":{"index":"noindex","follow":"nofollow"},"og_locale":"fr_FR","og_type":"article","og_title":"Chien Life Adult Medium Breed Agneau Calibra - V\u00e9torino","og_description":"Calibra Dog Life Adult Medium Breed Lamb est un aliment sec complet pour chiens adultes de race moyenne (10 \u00e0 30 kg) contenant de l'agneau de haute qualit\u00e9.","og_url":"https:\/\/www.vetorino.com\/veterinaire\/sceaux-92330\/boutique\/product\/life-adult-medium-breed-lamb\/","og_site_name":"V\u00e9torino","article_publisher":"https:\/\/www.facebook.com\/Vetorino\/","article_modified_time":"2023-04-11T09:30:29+00:00","og_image":[{"width":800,"height":800,"url":"https:\/\/www.vetorino.com\/boutique\/wp-content\/uploads\/2022\/11\/cal-lf-cn-adult-medium-lamb-25kg.jpg","type":"image\/jpeg"}],"twitter_card":"summary_large_image","twitter_misc":{"Disponibilit\u00e9":"En stock"},"schema":{"@context":"https:\/\/schema.org","@graph":[{"@type":"WebPage","@id":"https:\/\/www.vetorino.com\/boutique\/product\/life-adult-medium-breed-lamb\/","url":"https:\/\/www.vetorino.com\/boutique\/product\/life-adult-medium-breed-lamb\/","name":"Chien Life Adult Medium Breed Agneau Calibra - V\u00e9torino","isPartOf":{"@id":"https:\/\/www.vetorino.com\/boutique\/#website"},"primaryImageOfPage":{"@id":"https:\/\/www.vetorino.com\/boutique\/product\/life-adult-medium-breed-lamb\/#primaryimage"},"image":{"@id":"https:\/\/www.vetorino.com\/boutique\/product\/life-adult-medium-breed-lamb\/#primaryimage"},"thumbnailUrl":"https:\/\/www.vetorino.com\/boutique\/wp-content\/uploads\/2022\/11\/cal-lf-cn-adult-medium-lamb-25kg.jpg","datePublished":"2022-11-09T16:47:01+00:00","dateModified":"2023-04-11T09:30:29+00:00","description":"Calibra Dog Life Adult Medium Breed Lamb est un aliment sec complet pour chiens adultes de race moyenne (10 \u00e0 30 kg) contenant de l'agneau de haute qualit\u00e9.","breadcrumb":{"@id":"https:\/\/www.vetorino.com\/boutique\/product\/life-adult-medium-breed-lamb\/#breadcrumb"},"inLanguage":"fr-FR","potentialAction":[{"@type":"ReadAction","target":["https:\/\/www.vetorino.com\/boutique\/product\/life-adult-medium-breed-lamb\/"]}]},{"@type":"ImageObject","inLanguage":"fr-FR","@id":"https:\/\/www.vetorino.com\/boutique\/product\/life-adult-medium-breed-lamb\/#primaryimage","url":"https:\/\/www.vetorino.com\/boutique\/wp-content\/uploads\/2022\/11\/cal-lf-cn-adult-medium-lamb-25kg.jpg","contentUrl":"https:\/\/www.vetorino.com\/boutique\/wp-content\/uploads\/2022\/11\/cal-lf-cn-adult-medium-lamb-25kg.jpg","width":800,"height":800},{"@type":"BreadcrumbList","@id":"https:\/\/www.vetorino.com\/boutique\/product\/life-adult-medium-breed-lamb\/#breadcrumb","itemListElement":[{"@type":"ListItem","position":1,"name":"Accueil","item":"https:\/\/www.vetorino.com\/boutique\/"},{"@type":"ListItem","position":2,"name":"Produits","item":"https:\/\/www.vetorino.com\/boutique\/"},{"@type":"ListItem","position":3,"name":"Chien Life Adult Medium Breed Agneau"}]},{"@type":"WebSite","@id":"https:\/\/www.vetorino.com\/boutique\/#website","url":"https:\/\/www.vetorino.com\/boutique\/","name":"V\u00e9torino","description":"","publisher":{"@id":"https:\/\/www.vetorino.com\/boutique\/#organization"},"potentialAction":[{"@type":"SearchAction","target":{"@type":"EntryPoint","urlTemplate":"https:\/\/www.vetorino.com\/boutique\/?s={search_term_string}"},"query-input":{"@type":"PropertyValueSpecification","valueRequired":true,"valueName":"search_term_string"}}],"inLanguage":"fr-FR"},{"@type":"Organization","@id":"https:\/\/www.vetorino.com\/boutique\/#organization","name":"V\u00e9torino","url":"https:\/\/www.vetorino.com\/boutique\/","logo":{"@type":"ImageObject","inLanguage":"fr-FR","@id":"https:\/\/www.vetorino.com\/boutique\/#\/schema\/logo\/image\/","url":"https:\/\/www.vetorino.com\/boutique\/wp-content\/uploads\/2024\/10\/logo.jpg","contentUrl":"https:\/\/www.vetorino.com\/boutique\/wp-content\/uploads\/2024\/10\/logo.jpg","width":1200,"height":610,"caption":"V\u00e9torino"},"image":{"@id":"https:\/\/www.vetorino.com\/boutique\/#\/schema\/logo\/image\/"},"sameAs":["https:\/\/www.facebook.com\/Vetorino\/","https:\/\/www.instagram.com\/vetorino_off\/","https:\/\/www.linkedin.com\/company\/vtorino\/"]}]},"product_brand":"Calibra","og_availability":"instock","product_availability":"instock","product_condition":"new"},"_links":{"self":[{"href":"https:\/\/www.vetorino.com\/veterinaire\/sceaux-92330\/boutique\/wp-json\/wp\/v2\/product\/503702","targetHints":{"allow":["GET"]}}],"collection":[{"href":"https:\/\/www.vetorino.com\/veterinaire\/sceaux-92330\/boutique\/wp-json\/wp\/v2\/product"}],"about":[{"href":"https:\/\/www.vetorino.com\/veterinaire\/sceaux-92330\/boutique\/wp-json\/wp\/v2\/types\/product"}],"wp:featuredmedia":[{"embeddable":true,"href":"https:\/\/www.vetorino.com\/veterinaire\/sceaux-92330\/boutique\/wp-json\/wp\/v2\/media\/592653"}],"wp:attachment":[{"href":"https:\/\/www.vetorino.com\/veterinaire\/sceaux-92330\/boutique\/wp-json\/wp\/v2\/media?parent=503702"}],"wp:term":[{"taxonomy":"product_cat","embeddable":true,"href":"https:\/\/www.vetorino.com\/veterinaire\/sceaux-92330\/boutique\/wp-json\/wp\/v2\/product_cat?post=503702"},{"taxonomy":"product_tag","embeddable":true,"href":"https:\/\/www.vetorino.com\/veterinaire\/sceaux-92330\/boutique\/wp-json\/wp\/v2\/product_tag?post=503702"}],"curies":[{"name":"wp","href":"https:\/\/api.w.org\/{rel}","templated":true}]}}