{"id":503793,"date":"2022-11-09T17:49:34","date_gmt":"2022-11-09T16:49:34","guid":{"rendered":"https:\/\/www.vetorino.com\/boutique\/product\/vd-dog-diabetesobesity\/"},"modified":"2025-11-19T17:56:21","modified_gmt":"2025-11-19T16:56:21","slug":"vd-dog-diabetesobesity","status":"publish","type":"product","link":"https:\/\/www.vetorino.com\/veterinaire\/sceaux-92330\/boutique\/product\/vd-dog-diabetesobesity\/","title":{"rendered":"Chien VD Diab\u00e8te &amp; Ob\u00e9sit\u00e9"},"content":{"rendered":"<div class=\"type short-description\">\n<p><strong>Aliment complet pour chiens adultes en cas de diab\u00e8te ou de surpoids.<\/strong><\/p>\n<\/div>\n<div class=\"block characteristics\">\n<div class=\"block-content is-paws-list\">\n<ul>\n<li>R\u00e9duit le poids et le sucre<\/li>\n<li>Riche en vitamines et om\u00e9ga-3<\/li>\n<li>Formule \u00e0 base de poulet et dinde<\/li>\n<\/ul>\n<p>Recette \u00e0 base de poulet \/ ma\u00efs \/ dinde \/ orge \u00e0<strong> teneur r\u00e9duite en graisses et en \u00e9nergie.<\/strong><br \/>\nTeneur r\u00e9duite en amidon et en sucre.<br \/>\nTeneur \u00e9lev\u00e9e en vitamines, L-carnitine et acides gras om\u00e9ga-3.<\/p>\n<p><strong>Utilisation pr\u00e9vue :<\/strong> Diab\u00e8te sucr\u00e9, r\u00e9duction de l&#8217;exc\u00e8s de poids corporel<\/p>\n<\/div>\n<\/div>\n<div class=\"value\" data-role=\"content-preview\"><\/div>\n","protected":false},"excerpt":{"rendered":"<div class=\"type short-description\">\n<p><strong>Aliment complet pour chiens adultes en cas de diab\u00e8te ou de surpoids.<\/strong><\/p>\n<\/div>\n<div class=\"block characteristics\">\n<div class=\"block-content is-paws-list\">\n<ul>\n<li>R\u00e9duit le poids et le sucre<\/li>\n<li>Riche en vitamines et om\u00e9ga-3<\/li>\n<li>Formule \u00e0 base de poulet et dinde<\/li>\n<\/ul>\n<p><strong>Utilisation pr\u00e9vue :<\/strong> Diab\u00e8te sucr\u00e9, r\u00e9duction de l&#8217;exc\u00e8s de poids corporel<\/p>\n<\/div>\n<\/div>\n<div class=\"value\" data-role=\"content-preview\"><\/div>\n","protected":false},"featured_media":592807,"template":"","meta":[],"product_cat":[12552,12582,2698],"product_tag":[],"class_list":{"0":"post-503793","1":"product","2":"type-product","3":"status-publish","4":"has-post-thumbnail","6":"product_cat-alimentation-du-chien","7":"product_cat-alimentation-medicalisee-pour-chien","8":"product_cat-chien","9":"pa_marque-calibra","11":"first","12":"instock","13":"taxable","14":"shipping-taxable","15":"purchasable","16":"product-type-simple"},"yoast_head":"<!-- This site is optimized with the Yoast SEO plugin v27.3 - https:\/\/yoast.com\/product\/yoast-seo-wordpress\/ -->\n<title>Chien VD Diab\u00e8te &amp; Ob\u00e9sit\u00e9 Calibra - V\u00e9torino<\/title>\n<meta name=\"description\" content=\"Aliment complet pour chiens adultes en cas de diab\u00e8te ou de surpoids.       R\u00e9duit le poids et le sucre  Riche en vitamines et om\u00e9ga-3  Formule \u00e0 base de poulet et dinde  Utilisation pr\u00e9vue : Diab\u00e8te sucr\u00e9, r\u00e9duction de l&#039;exc\u00e8s de poids corporel\" \/>\n<meta name=\"robots\" content=\"noindex, nofollow\" \/>\n<meta property=\"og:locale\" content=\"fr_FR\" \/>\n<meta property=\"og:type\" content=\"article\" \/>\n<meta property=\"og:title\" content=\"Chien VD Diab\u00e8te &amp; Ob\u00e9sit\u00e9 Calibra - V\u00e9torino\" \/>\n<meta property=\"og:description\" content=\"Aliment complet pour chiens adultes en cas de diab\u00e8te ou de surpoids.       R\u00e9duit le poids et le sucre  Riche en vitamines et om\u00e9ga-3  Formule \u00e0 base de poulet et dinde  Utilisation pr\u00e9vue : Diab\u00e8te sucr\u00e9, r\u00e9duction de l&#039;exc\u00e8s de poids corporel\" \/>\n<meta property=\"og:url\" content=\"https:\/\/www.vetorino.com\/veterinaire\/sceaux-92330\/boutique\/product\/vd-dog-diabetesobesity\/\" \/>\n<meta property=\"og:site_name\" content=\"V\u00e9torino\" \/>\n<meta property=\"article:publisher\" content=\"https:\/\/www.facebook.com\/Vetorino\/\" \/>\n<meta property=\"article:modified_time\" content=\"2025-11-19T16:56:21+00:00\" \/>\n<meta property=\"og:image\" content=\"https:\/\/www.vetorino.com\/boutique\/wp-content\/uploads\/2022\/11\/cal-vd-cn-diabetes-obesity-12kg.jpg\" \/>\n\t<meta property=\"og:image:width\" content=\"800\" \/>\n\t<meta property=\"og:image:height\" content=\"800\" \/>\n\t<meta property=\"og:image:type\" content=\"image\/jpeg\" \/>\n<meta name=\"twitter:card\" content=\"summary_large_image\" \/>\n<meta name=\"twitter:label1\" content=\"Prix\" \/>\n\t<meta name=\"twitter:data1\" content=\"80,44&euro;\" \/>\n\t<meta name=\"twitter:label2\" content=\"Disponibilit\u00e9\" \/>\n\t<meta name=\"twitter:data2\" content=\"En stock\" \/>\n<script type=\"application\/ld+json\" class=\"yoast-schema-graph\">{\"@context\":\"https:\\\/\\\/schema.org\",\"@graph\":[{\"@type\":\"WebPage\",\"@id\":\"https:\\\/\\\/www.vetorino.com\\\/boutique\\\/product\\\/vd-dog-diabetesobesity\\\/\",\"url\":\"https:\\\/\\\/www.vetorino.com\\\/boutique\\\/product\\\/vd-dog-diabetesobesity\\\/\",\"name\":\"Chien VD Diab\u00e8te &amp; Ob\u00e9sit\u00e9 Calibra - V\u00e9torino\",\"isPartOf\":{\"@id\":\"https:\\\/\\\/www.vetorino.com\\\/boutique\\\/#website\"},\"primaryImageOfPage\":{\"@id\":\"https:\\\/\\\/www.vetorino.com\\\/boutique\\\/product\\\/vd-dog-diabetesobesity\\\/#primaryimage\"},\"image\":{\"@id\":\"https:\\\/\\\/www.vetorino.com\\\/boutique\\\/product\\\/vd-dog-diabetesobesity\\\/#primaryimage\"},\"thumbnailUrl\":\"https:\\\/\\\/www.vetorino.com\\\/boutique\\\/wp-content\\\/uploads\\\/2022\\\/11\\\/cal-vd-cn-diabetes-obesity-12kg.jpg\",\"datePublished\":\"2022-11-09T16:49:34+00:00\",\"dateModified\":\"2025-11-19T16:56:21+00:00\",\"description\":\"Aliment complet pour chiens adultes en cas de diab\u00e8te ou de surpoids. R\u00e9duit le poids et le sucre Riche en vitamines et om\u00e9ga-3 Formule \u00e0 base de poulet et dinde Utilisation pr\u00e9vue : Diab\u00e8te sucr\u00e9, r\u00e9duction de l'exc\u00e8s de poids corporel\",\"breadcrumb\":{\"@id\":\"https:\\\/\\\/www.vetorino.com\\\/boutique\\\/product\\\/vd-dog-diabetesobesity\\\/#breadcrumb\"},\"inLanguage\":\"fr-FR\",\"potentialAction\":[{\"@type\":\"ReadAction\",\"target\":[\"https:\\\/\\\/www.vetorino.com\\\/boutique\\\/product\\\/vd-dog-diabetesobesity\\\/\"]}]},{\"@type\":\"ImageObject\",\"inLanguage\":\"fr-FR\",\"@id\":\"https:\\\/\\\/www.vetorino.com\\\/boutique\\\/product\\\/vd-dog-diabetesobesity\\\/#primaryimage\",\"url\":\"https:\\\/\\\/www.vetorino.com\\\/boutique\\\/wp-content\\\/uploads\\\/2022\\\/11\\\/cal-vd-cn-diabetes-obesity-12kg.jpg\",\"contentUrl\":\"https:\\\/\\\/www.vetorino.com\\\/boutique\\\/wp-content\\\/uploads\\\/2022\\\/11\\\/cal-vd-cn-diabetes-obesity-12kg.jpg\",\"width\":800,\"height\":800},{\"@type\":\"BreadcrumbList\",\"@id\":\"https:\\\/\\\/www.vetorino.com\\\/boutique\\\/product\\\/vd-dog-diabetesobesity\\\/#breadcrumb\",\"itemListElement\":[{\"@type\":\"ListItem\",\"position\":1,\"name\":\"Accueil\",\"item\":\"https:\\\/\\\/www.vetorino.com\\\/boutique\\\/\"},{\"@type\":\"ListItem\",\"position\":2,\"name\":\"Produits\",\"item\":\"https:\\\/\\\/www.vetorino.com\\\/boutique\\\/\"},{\"@type\":\"ListItem\",\"position\":3,\"name\":\"Chien VD Diab\u00e8te &amp; Ob\u00e9sit\u00e9\"}]},{\"@type\":\"WebSite\",\"@id\":\"https:\\\/\\\/www.vetorino.com\\\/boutique\\\/#website\",\"url\":\"https:\\\/\\\/www.vetorino.com\\\/boutique\\\/\",\"name\":\"V\u00e9torino\",\"description\":\"\",\"publisher\":{\"@id\":\"https:\\\/\\\/www.vetorino.com\\\/boutique\\\/#organization\"},\"potentialAction\":[{\"@type\":\"SearchAction\",\"target\":{\"@type\":\"EntryPoint\",\"urlTemplate\":\"https:\\\/\\\/www.vetorino.com\\\/boutique\\\/?s={search_term_string}\"},\"query-input\":{\"@type\":\"PropertyValueSpecification\",\"valueRequired\":true,\"valueName\":\"search_term_string\"}}],\"inLanguage\":\"fr-FR\"},{\"@type\":\"Organization\",\"@id\":\"https:\\\/\\\/www.vetorino.com\\\/boutique\\\/#organization\",\"name\":\"V\u00e9torino\",\"url\":\"https:\\\/\\\/www.vetorino.com\\\/boutique\\\/\",\"logo\":{\"@type\":\"ImageObject\",\"inLanguage\":\"fr-FR\",\"@id\":\"https:\\\/\\\/www.vetorino.com\\\/boutique\\\/#\\\/schema\\\/logo\\\/image\\\/\",\"url\":\"https:\\\/\\\/www.vetorino.com\\\/boutique\\\/wp-content\\\/uploads\\\/2024\\\/10\\\/logo.jpg\",\"contentUrl\":\"https:\\\/\\\/www.vetorino.com\\\/boutique\\\/wp-content\\\/uploads\\\/2024\\\/10\\\/logo.jpg\",\"width\":1200,\"height\":610,\"caption\":\"V\u00e9torino\"},\"image\":{\"@id\":\"https:\\\/\\\/www.vetorino.com\\\/boutique\\\/#\\\/schema\\\/logo\\\/image\\\/\"},\"sameAs\":[\"https:\\\/\\\/www.facebook.com\\\/Vetorino\\\/\",\"https:\\\/\\\/www.instagram.com\\\/vetorino_off\\\/\",\"https:\\\/\\\/www.linkedin.com\\\/company\\\/vtorino\\\/\"]}]}<\/script>\n<meta property=\"product:brand\" content=\"Calibra\" \/>\n<meta property=\"product:price:amount\" content=\"80.44\" \/>\n<meta property=\"product:price:currency\" content=\"EUR\" \/>\n<meta property=\"og:availability\" content=\"instock\" \/>\n<meta property=\"product:availability\" content=\"instock\" \/>\n<meta property=\"product:retailer_item_id\" content=\"O-639202\" \/>\n<meta property=\"product:condition\" content=\"new\" \/>\n<!-- \/ Yoast SEO plugin. -->","yoast_head_json":{"title":"Chien VD Diab\u00e8te &amp; Ob\u00e9sit\u00e9 Calibra - V\u00e9torino","description":"Aliment complet pour chiens adultes en cas de diab\u00e8te ou de surpoids.       R\u00e9duit le poids et le sucre  Riche en vitamines et om\u00e9ga-3  Formule \u00e0 base de poulet et dinde  Utilisation pr\u00e9vue : Diab\u00e8te sucr\u00e9, r\u00e9duction de l'exc\u00e8s de poids corporel","robots":{"index":"noindex","follow":"nofollow"},"og_locale":"fr_FR","og_type":"article","og_title":"Chien VD Diab\u00e8te &amp; Ob\u00e9sit\u00e9 Calibra - V\u00e9torino","og_description":"Aliment complet pour chiens adultes en cas de diab\u00e8te ou de surpoids.       R\u00e9duit le poids et le sucre  Riche en vitamines et om\u00e9ga-3  Formule \u00e0 base de poulet et dinde  Utilisation pr\u00e9vue : Diab\u00e8te sucr\u00e9, r\u00e9duction de l'exc\u00e8s de poids corporel","og_url":"https:\/\/www.vetorino.com\/veterinaire\/sceaux-92330\/boutique\/product\/vd-dog-diabetesobesity\/","og_site_name":"V\u00e9torino","article_publisher":"https:\/\/www.facebook.com\/Vetorino\/","article_modified_time":"2025-11-19T16:56:21+00:00","og_image":[{"width":800,"height":800,"url":"https:\/\/www.vetorino.com\/boutique\/wp-content\/uploads\/2022\/11\/cal-vd-cn-diabetes-obesity-12kg.jpg","type":"image\/jpeg"}],"twitter_card":"summary_large_image","twitter_misc":{"Prix":"80,44&euro;","Disponibilit\u00e9":"En stock"},"schema":{"@context":"https:\/\/schema.org","@graph":[{"@type":"WebPage","@id":"https:\/\/www.vetorino.com\/boutique\/product\/vd-dog-diabetesobesity\/","url":"https:\/\/www.vetorino.com\/boutique\/product\/vd-dog-diabetesobesity\/","name":"Chien VD Diab\u00e8te &amp; Ob\u00e9sit\u00e9 Calibra - V\u00e9torino","isPartOf":{"@id":"https:\/\/www.vetorino.com\/boutique\/#website"},"primaryImageOfPage":{"@id":"https:\/\/www.vetorino.com\/boutique\/product\/vd-dog-diabetesobesity\/#primaryimage"},"image":{"@id":"https:\/\/www.vetorino.com\/boutique\/product\/vd-dog-diabetesobesity\/#primaryimage"},"thumbnailUrl":"https:\/\/www.vetorino.com\/boutique\/wp-content\/uploads\/2022\/11\/cal-vd-cn-diabetes-obesity-12kg.jpg","datePublished":"2022-11-09T16:49:34+00:00","dateModified":"2025-11-19T16:56:21+00:00","description":"Aliment complet pour chiens adultes en cas de diab\u00e8te ou de surpoids. R\u00e9duit le poids et le sucre Riche en vitamines et om\u00e9ga-3 Formule \u00e0 base de poulet et dinde Utilisation pr\u00e9vue : Diab\u00e8te sucr\u00e9, r\u00e9duction de l'exc\u00e8s de poids corporel","breadcrumb":{"@id":"https:\/\/www.vetorino.com\/boutique\/product\/vd-dog-diabetesobesity\/#breadcrumb"},"inLanguage":"fr-FR","potentialAction":[{"@type":"ReadAction","target":["https:\/\/www.vetorino.com\/boutique\/product\/vd-dog-diabetesobesity\/"]}]},{"@type":"ImageObject","inLanguage":"fr-FR","@id":"https:\/\/www.vetorino.com\/boutique\/product\/vd-dog-diabetesobesity\/#primaryimage","url":"https:\/\/www.vetorino.com\/boutique\/wp-content\/uploads\/2022\/11\/cal-vd-cn-diabetes-obesity-12kg.jpg","contentUrl":"https:\/\/www.vetorino.com\/boutique\/wp-content\/uploads\/2022\/11\/cal-vd-cn-diabetes-obesity-12kg.jpg","width":800,"height":800},{"@type":"BreadcrumbList","@id":"https:\/\/www.vetorino.com\/boutique\/product\/vd-dog-diabetesobesity\/#breadcrumb","itemListElement":[{"@type":"ListItem","position":1,"name":"Accueil","item":"https:\/\/www.vetorino.com\/boutique\/"},{"@type":"ListItem","position":2,"name":"Produits","item":"https:\/\/www.vetorino.com\/boutique\/"},{"@type":"ListItem","position":3,"name":"Chien VD Diab\u00e8te &amp; Ob\u00e9sit\u00e9"}]},{"@type":"WebSite","@id":"https:\/\/www.vetorino.com\/boutique\/#website","url":"https:\/\/www.vetorino.com\/boutique\/","name":"V\u00e9torino","description":"","publisher":{"@id":"https:\/\/www.vetorino.com\/boutique\/#organization"},"potentialAction":[{"@type":"SearchAction","target":{"@type":"EntryPoint","urlTemplate":"https:\/\/www.vetorino.com\/boutique\/?s={search_term_string}"},"query-input":{"@type":"PropertyValueSpecification","valueRequired":true,"valueName":"search_term_string"}}],"inLanguage":"fr-FR"},{"@type":"Organization","@id":"https:\/\/www.vetorino.com\/boutique\/#organization","name":"V\u00e9torino","url":"https:\/\/www.vetorino.com\/boutique\/","logo":{"@type":"ImageObject","inLanguage":"fr-FR","@id":"https:\/\/www.vetorino.com\/boutique\/#\/schema\/logo\/image\/","url":"https:\/\/www.vetorino.com\/boutique\/wp-content\/uploads\/2024\/10\/logo.jpg","contentUrl":"https:\/\/www.vetorino.com\/boutique\/wp-content\/uploads\/2024\/10\/logo.jpg","width":1200,"height":610,"caption":"V\u00e9torino"},"image":{"@id":"https:\/\/www.vetorino.com\/boutique\/#\/schema\/logo\/image\/"},"sameAs":["https:\/\/www.facebook.com\/Vetorino\/","https:\/\/www.instagram.com\/vetorino_off\/","https:\/\/www.linkedin.com\/company\/vtorino\/"]}]},"product_brand":"Calibra","product_price_amount":"80.44","product_price_currency":"EUR","og_availability":"instock","product_availability":"instock","product_retailer_item_id":"O-639202","product_condition":"new"},"_links":{"self":[{"href":"https:\/\/www.vetorino.com\/veterinaire\/sceaux-92330\/boutique\/wp-json\/wp\/v2\/product\/503793","targetHints":{"allow":["GET"]}}],"collection":[{"href":"https:\/\/www.vetorino.com\/veterinaire\/sceaux-92330\/boutique\/wp-json\/wp\/v2\/product"}],"about":[{"href":"https:\/\/www.vetorino.com\/veterinaire\/sceaux-92330\/boutique\/wp-json\/wp\/v2\/types\/product"}],"wp:featuredmedia":[{"embeddable":true,"href":"https:\/\/www.vetorino.com\/veterinaire\/sceaux-92330\/boutique\/wp-json\/wp\/v2\/media\/592807"}],"wp:attachment":[{"href":"https:\/\/www.vetorino.com\/veterinaire\/sceaux-92330\/boutique\/wp-json\/wp\/v2\/media?parent=503793"}],"wp:term":[{"taxonomy":"product_cat","embeddable":true,"href":"https:\/\/www.vetorino.com\/veterinaire\/sceaux-92330\/boutique\/wp-json\/wp\/v2\/product_cat?post=503793"},{"taxonomy":"product_tag","embeddable":true,"href":"https:\/\/www.vetorino.com\/veterinaire\/sceaux-92330\/boutique\/wp-json\/wp\/v2\/product_tag?post=503793"}],"curies":[{"name":"wp","href":"https:\/\/api.w.org\/{rel}","templated":true}]}}